{"id":15775,"date":"2023-07-15T07:43:40","date_gmt":"2023-07-15T07:43:40","guid":{"rendered":"https:\/\/www.ticketswhales.com\/bahia-de-las-aguilas-beach-day-trip-by-boat-day-pass-snorkeling-lunch\/"},"modified":"2023-07-15T07:43:40","modified_gmt":"2023-07-15T07:43:40","slug":"bahia-de-las-aguilas-beach-day-trip-by-boat-day-pass-snorkeling-lunch","status":"publish","type":"page","link":"https:\/\/www.boattoursamana.com\/ko\/%eb%b0%94%ec%9d%b4%ec%95%84-%eb%8d%b0-%eb%9d%bc%ec%8a%a4-%ec%95%84%ea%b8%b8%eb%9d%bc%ec%8a%a4bahia-de-las-aguilas-%ed%95%b4%eb%b3%80-%eb%b3%b4%ed%8a%b8-%ec%9d%bc%ec%9d%bc-%ec%97%ac%ed%96%89","title":{"rendered":"\ubc14\uc774\uc544 \ub370 \ub77c\uc2a4 \uc544\uae38\ub77c\uc2a4: \ubcf4\ud2b8\ub97c \uc774\uc6a9\ud55c \ud574\ubcc0 \ub2f9\uc77c \uc5ec\ud589 \u2013 \uc77c\uc77c \ud328\uc2a4 \u2013 \uc2a4\ub178\ud074\ub9c1 \ubc0f \uc810\uc2ec \uc2dd\uc0ac"},"content":{"rendered":"<p><span style=\"vertical-align: inherit;\"><span style=\"vertical-align: inherit;\">Bah\u00eda las \u00c1guilas desde Barahona\uc758 boleto de un d\u00eda\ub97c \ube44\uad50\ud558\uc138\uc694. <\/span><span style=\"vertical-align: inherit;\">Conduciendo por el parque nacional Jaragua y rumbo a Cabo Rojo, donde un bote lo espera. <\/span><span style=\"vertical-align: inherit;\">Despu\u00e9s de un viaje de 15 minutos en bote, llegar\u00e1 a la hermosa y aislada Bah\u00eda de las \u00c1guilas, thinkada la playa m\u00e1s hermosa del pa\u00eds. <\/span><span style=\"vertical-align: inherit;\">Playa\uc5d0 \uc788\ub294 \uc11c\ube44\uc2a4\ub97c \ud655\uc778\ud558\uace0 Playa\uc5d0 \uc788\ub294 \uac04\ub2e8\ud55c \uc11c\ube44\uc2a4\ub97c \uc774\uc6a9\ud558\uc138\uc694. <\/span><span style=\"vertical-align: inherit;\">\uae38\uc774 8km\uc758 \uae68\ub057\ud55c \uacbd\uae30\uc7a5\uc744 \ubc29\ud574\ud569\ub2c8\ub2e4.<\/span><\/span><br \/>\nN<br \/>\nN&Nbsp;<br \/>\nN<br \/>\nN<strong><span style=\"vertical-align: inherit;\"><span style=\"vertical-align: inherit;\">\uc120\ud0dd\ud558\uc138\uc694 el d\u00eda para este viaje:<\/span><\/span><\/strong><\/p>\n<p>&nbsp;<\/p>\n<div class=\"vc_row wpb_row vc_row-fluid\" ><div class=\"wpb_column vc_column_container vc_col-sm-12\"><div class=\"vc_column-inner\"><div class=\"wpb_wrapper\"><div class=\"vc_btn3-container vc_btn3-inline\" ><button class=\"vc_general vc_btn3 vc_btn3-size-md vc_btn3-shape-rounded vc_btn3-style-modern vc_btn3-color-green\">\uc9c0\uae08 \uc608\uc57d<\/button><\/div><div class=\"mkdf-section-title-holder\" style=\"text-align: left\">\n\t<div class=\"mkdf-st-inner\">\n\t\t\t\t\t<h5 class=\"mkdf-st-subtitle\" >\n\t\t\t\t\ub370\uc774 \ud328\uc2a4 - \uc2a4\ub178\ud074\ub9c1 \ubc0f \uc810\uc2ec \uc2dd\uc0ac\t\t\t<\/h5>\n\t\t\t\t\t\t\t<h3 class=\"mkdf-st-title\" >\n\t\t\t\t\ubc14\uc774\uc544 \ub370 \ub77c\uc2a4 \uc544\uae38\ub77c\uc2a4: \ubcf4\ud2b8\ub97c \ud0c0\uace0 \ud574\ubcc0 \ub2f9\uc77c \uc5ec\ud589\t\t\t<\/h3>\n\t\t\t\t\t<\/div>\n<\/div><\/div><\/div><\/div><\/div><div class=\"vc_row wpb_row vc_row-fluid\" ><\/div><div class=\"wpb_column vc_column_container vc_col-sm-12\"><div class=\"vc_column-inner\"><div class=\"wpb_wrapper\"><\/div><\/div><\/div>\n\t<div class=\"wpb_text_column wpb_content_element\" >\n\t\t<div class=\"wpb_wrapper\">\n\t\t\t<p>\nN<br \/>\nn \ub098\ub294 \ud14d\uc2a4\ud2b8 \ube14\ub85d\uc774\ub2e4. \uc774 \ud14d\uc2a4\ud2b8\ub97c \ubcc0\uacbd\ud558\ub824\uba74 \ud3b8\uc9d1 \ubc84\ud2bc\uc744 \ud074\ub9ad\ud558\uc138\uc694. Lorem ipsum dolor sit amet, consectetur adipiscing elit. Ut elittellus, luctus nec ullamcorper mattis, pulvinar dapibus leo.<br \/>\nN<br \/>\nN<\/p>\n\n\t\t<\/div>\n\t<\/div>\n<div class=\"vc_row wpb_row vc_row-fluid\" ><div class=\"wpb_column vc_column_container vc_col-sm-12\"><div class=\"vc_column-inner\"><div class=\"wpb_wrapper\"><div class=\"vc_btn3-container vc_btn3-inline\" ><button class=\"vc_general vc_btn3 vc_btn3-size-md vc_btn3-shape-rounded vc_btn3-style-modern vc_btn3-color-green\">\uc9c0\uae08 \uc608\uc57d<\/button><\/div><\/div><\/div><\/div><\/div>","protected":false},"excerpt":{"rendered":"<p>Compre un boleto de un d\u00eda a Bah\u00eda las \u00c1guilas desde Barahona. Conduciendo por el parque nacional Jaragua y rumbo a Cabo Rojo, donde un bote lo espera. Despu\u00e9s de un viaje de 15 minutos en bote, llegar\u00e1 a la hermosa y aislada Bah\u00eda de las \u00c1guilas, considerada la playa m\u00e1s hermosa del pa\u00eds. El almuerzo se servir\u00e1 en la playa y tendr\u00e1 la oportunidad de nadar o simplemente relajarse en la playa. Disfrute de la pr\u00edstina arena blanca de [&hellip;]<\/p>\n","protected":false},"author":2,"featured_media":0,"parent":0,"menu_order":0,"comment_status":"open","ping_status":"closed","template":"","meta":{"footnotes":""},"class_list":["post-15775","page","type-page","status-publish","hentry"],"_links":{"self":[{"href":"https:\/\/www.boattoursamana.com\/ko\/wp-json\/wp\/v2\/pages\/15775","targetHints":{"allow":["GET"]}}],"collection":[{"href":"https:\/\/www.boattoursamana.com\/ko\/wp-json\/wp\/v2\/pages"}],"about":[{"href":"https:\/\/www.boattoursamana.com\/ko\/wp-json\/wp\/v2\/types\/page"}],"author":[{"embeddable":true,"href":"https:\/\/www.boattoursamana.com\/ko\/wp-json\/wp\/v2\/users\/2"}],"replies":[{"embeddable":true,"href":"https:\/\/www.boattoursamana.com\/ko\/wp-json\/wp\/v2\/comments?post=15775"}],"version-history":[{"count":0,"href":"https:\/\/www.boattoursamana.com\/ko\/wp-json\/wp\/v2\/pages\/15775\/revisions"}],"wp:attachment":[{"href":"https:\/\/www.boattoursamana.com\/ko\/wp-json\/wp\/v2\/media?parent=15775"}],"curies":[{"name":"wp","href":"https:\/\/api.w.org\/{rel}","templated":true}]}}