{"id":15795,"date":"2023-07-15T07:43:59","date_gmt":"2023-07-15T07:43:59","guid":{"rendered":"https:\/\/www.ticketswhales.com\/snorkel-cayo-levantado-and-farola-island-snorkeling\/"},"modified":"2023-07-15T07:43:59","modified_gmt":"2023-07-15T07:43:59","slug":"snorkel-cayo-levantado-and-farola-island-snorkeling","status":"publish","type":"page","link":"https:\/\/www.boattoursamana.com\/ko\/%ec%8a%a4%eb%85%b8%ed%81%b4%eb%a7%81-%ec%b9%b4%ec%9a%94-%eb%a0%88%eb%b0%98%ed%83%80%eb%8f%84-%ec%95%a4-%ed%8c%8c%eb%a1%a4%eb%9d%bc-%ec%84%ac-%ec%8a%a4%eb%85%b8%ed%81%b4%eb%a7%81","title":{"rendered":"\uc2a4\ub178\ud074\ub9c1 Cayo Levantado \ubc0f Farola \uc12c \uc2a4\ub178\ud074\ub9c1"},"content":{"rendered":"<p><span style=\"vertical-align: inherit;\"><span style=\"vertical-align: inherit;\">Estaremos recorriendo la isla Cayo Levantado y Cayo Farola, son peque\u00f1as islas especiales en la bah\u00eda de Saman\u00e1 que albergan una vida Marina extraordinaria, \u00a1que incluye tortugas, ballenas jorobadas, langostas y delfines!<\/span><\/span><br \/>\nN<br \/>\nN<span style=\"vertical-align: inherit;\"><span style=\"vertical-align: inherit;\">\ucc38\uace0: \u00a1Este Tour es privado!<\/span><\/span><br \/>\nN<br \/>\nN&Nbsp;<br \/>\nN<br \/>\nN<em><strong><span style=\"vertical-align: inherit;\"><span style=\"vertical-align: inherit;\">\uc5ec\ud589 \uc120\ud0dd:<\/span><\/span><\/strong><\/em><\/p>\n<p>&nbsp;<\/p>\n<div class=\"vc_row wpb_row vc_row-fluid\" ><div class=\"wpb_column vc_column_container vc_col-sm-12\"><div class=\"vc_column-inner\"><div class=\"wpb_wrapper\"><div class=\"vc_empty_space\"   style=\"height: 32px\"><span class=\"vc_empty_space_inner\"><\/span><\/div><div class=\"mkdf-section-title-holder\" style=\"text-align: left\">\n\t<div class=\"mkdf-st-inner\">\n\t\t\t\t\t<h5 class=\"mkdf-st-subtitle\" >\n\t\t\t\t\uc0ac\ub9c8\ub098 \ud56d\uad6c \ucd9c\ubc1c \uac1c\uc778 \ud22c\uc5b4\t\t\t<\/h5>\n\t\t\t\t\t\t\t<h3 class=\"mkdf-st-title\" >\n\t\t\t\t\uc2a4\ub178\ud074\ub9c1 Cayo Levantado \ubc0f Farola \uc12c \uc2a4\ub178\ud074\ub9c1\t\t\t<\/h3>\n\t\t\t\t\t<\/div>\n<\/div><div class=\"vc_empty_space\"   style=\"height: 32px\"><span class=\"vc_empty_space_inner\"><\/span><\/div><\/div><\/div><\/div><\/div><div class=\"vc_row wpb_row vc_row-fluid\" ><div class=\"wpb_column vc_column_container vc_col-sm-12\"><div class=\"vc_column-inner\"><div class=\"wpb_wrapper\">\n\t<div class=\"wpb_text_column wpb_content_element\" >\n\t\t<div class=\"wpb_wrapper\">\n\t\t\t<p>\nN<\/p>\n<div class=\"vc_row wpb_row vc_row-fluid\">\nN<\/p>\n<div class=\"wpb_column vc_column_container vc_col-sm-12\">\nN<\/p>\n<div class=\"vc_column-inner\">\nN<\/p>\n<div class=\"wpb_wrapper\">\nN<\/p>\n<div class=\"wpb_text_column wpb_content_element\">\nN<\/p>\n<div class=\"wpb_wrapper\">\nN<\/p>\n<div class=\"vc_row wpb_row vc_row-fluid\">\nN<\/p>\n<div class=\"wpb_column vc_column_container vc_col-sm-12\">\nN<\/p>\n<div class=\"vc_column-inner\">\nN<\/p>\n<div class=\"wpb_wrapper\">\nN<\/p>\n<div class=\"wpb_text_column wpb_content_element\">\nN<\/p>\n<div class=\"wpb_wrapper\">\nN<\/p>\n<h4><b><i>\uac1c\uc694<\/i><\/b><\/h4>\n<p>nWe will be touring Cayo Levantado island and Farola, are special little Islands in Samana bay that is home to extraordinary marine life &#8211; including turtles, humpback whales, Lobsters, and Dolphins!<br \/>\nN<br \/>\nN<strong>\uba54\ubaa8:<\/strong> \uc774 \ud22c\uc5b4\ub294 \ube44\uacf5\uac1c\uc785\ub2c8\ub2e4. (\ub2f9\uc2e0\uacfc \uac00\uc871 \ub610\ub294 \uce5c\uad6c\uc640 \ud22c\uc5b4 \uac00\uc774\ub4dc\ub9cc).<br \/>\nN<br \/>\nN&Nbsp;<br \/>\nN<\/p>\n<h4><b>\ud3ec\ud568 \ubc0f \uc81c\uc678<\/b><\/h4>\n<p>N&Nbsp;<br \/>\nN<br \/>\nN<b>\ud3ec\ud568\uc0ac\ud56d<\/b><br \/>\nN<br \/>\nN&Nbsp;<br \/>\nN<\/p>\n<ol>\nN \t<\/p>\n<li>\uc5ec\ud589 \uac00\uc774\ub4dc<\/li>\n<p>N \t<\/p>\n<li>\ubcf4\ud2b8 \uc5ec\ud589<\/li>\n<p>N \t<\/p>\n<li>\uad6c\uba85 \uc870\ub07c<\/li>\n<p>N \t<\/p>\n<li>\uc2a4\ub178\ud074\ub9c1 \ud0a4\ud2b8<\/li>\n<p>N \t<\/p>\n<li>\ubaa8\ub4e0 \uc138\uae08, \uc218\uc218\ub8cc \ubc0f \ucde8\uae09 \uc218\uc218\ub8cc<\/li>\n<p>N \t<\/p>\n<li>\uc9c0\ubc29\uc138<\/li>\n<p>N \t<\/p>\n<li>\uc74c\ub8cc (1\uc778\ub2f9 \uc0dd\uc218 1\ubcd1)<\/li>\n<p>N<\/ol>\n<p>N<b>\uc81c\uc678<\/b><br \/>\nN<\/p>\n<ol>\nN \t<\/p>\n<li>\ud301<\/li>\n<p>N \t<\/p>\n<li>\uc810\uc2ec \uc2dd\uc0ac(1\uc778\ub2f9 \ucd94\uac00 \ube44\uc6a9 15 USD).<\/li>\n<p>N \t<\/p>\n<li>\ub78d\uc2a4\ud130\uc640 \ud568\uaed8\ud558\ub294 \uc810\uc2ec \uc2dd\uc0ac(\ucd94\uac00 \ube44\uc6a9: 1\uc778\ub2f9 USD 25)<\/li>\n<p>N \t<\/p>\n<li>\ud658\uc2b9\ucc28<\/li>\n<p>N \t<\/p>\n<li>\uc54c\ucf54\uc62c \uc74c\ub8cc<\/li>\n<p>N<\/ol>\n<p>N&Nbsp;<br \/>\nN<\/p>\n<h4><em><strong>\ucd9c\ubc1c \ubc0f \uadc0\uad6d<\/strong><\/em><\/h4>\n<p>nThis trip starts at 8:03 Am and finishes around 12:15 Pm. But because it will be a private trip you may set the time for starting and to finish.<br \/>\nN<br \/>\n\uc5ec\ud589\uc790\ub294 \uc608\uc57d \uc808\ucc28\uac00 \uc644\ub8cc\ub41c \ud6c4 \ubbf8\ud305 \uc7a5\uc18c\ub97c \uac16\uac8c \ub429\ub2c8\ub2e4. \ud22c\uc5b4\ub294 \ubbf8\ud305 \uc7a5\uc18c\uc5d0\uc11c \uc2dc\uc791\ub418\uace0 \uc885\ub8cc\ub429\ub2c8\ub2e4.<br \/>\nN<br \/>\nN&Nbsp;<br \/>\nN<\/p>\n<h4><b><i>\ubb58 \uae30\ub300 \ud560\uae4c?<\/i><\/b><\/h4>\n<p>\uc9c0\ub290\ub7ec\ubbf8\uc640 \ub9c8\uc2a4\ud06c\ub97c \ucc29\uc6a9\ud558\uace0 \ud45c\uba74\uc5d0\uc11c \ud574\uc591 \uc57c\uc0dd \ub3d9\ubb3c\uc744 \uc990\uae38 \uc218 \uc788\ub294 \uc804\ubb38\uac00 \uac00\uc774\ub4dc\uc640 \ud568\uaed8\ud558\ub294 \uc2a4\ub178\ud074\ub9c1 \uc5ec\ud589; \uc6b0\ub9ac\ub294 \uc5ec\ud589 \uc911 \ub450 \uacf3\uc5d0\uc11c \uc2a4\ub178\ud074\ub9c1\uc744 \ud558\uace0 \ucc28\ub7c9\uc73c\ub85c \uc811\uadfc\ud560 \uc218 \uc5c6\ub294 \uc774 \ub9e4\ud639\uc801\uc778 \ud574\ubcc0\uc744 \uc990\uae30\uba70 \ub099\uc6d0 \uac19\uc740 \uce74\uc694 \ub808\ubc18\ud0c0\ub3c4(Cayo Levantado) \uc12c\uc744 \ubc1c\uacac\ud560 \uac83\uc785\ub2c8\ub2e4(\uc18c\uc694 \uc2dc\uac04 4\uc2dc\uac04).<br \/>\nN<br \/>\nnWe will leave from the meeting point in Samana main Port at 8:30 morning, after 25 minutes of navigation we will arrive at the first snorkeling point called Cayo Farola, we will snorkel 45 minutes and continue to Cayo Levantado beach, where we can swim. , do a little more snorkeling, or just enjoy this amazing beach.<br \/>\nN<br \/>\nnWe will enjoy a sandwich, rum, soft drink, and water and at 12 o&#8217;clock in the day we will go back to Samana port or stay at Cayo levantado. After this, we will return to the starting point. Other things to note all excursions are made by boat.<br \/>\nN<br \/>\nN<strong>\uc2dc\uac04\ud45c:<\/strong><br \/>\nN<br \/>\nn8:30 AM \u2013 12:15 PM<br \/>\nN<br \/>\nN&Nbsp;<br \/>\nN<\/p>\n<h4><em><strong>\ubb34\uc5c7\uc744 \uac00\uc838\uc640\uc57c\ud569\ub2c8\uae4c?<\/strong><\/em><\/h4>\n<p>N<\/p>\n<ul>\nN \t<\/p>\n<li>\uce74\uba54\ub77c<\/li>\n<p>N \t<\/p>\n<li>\uc218\uac74<\/li>\n<p>N \t<\/p>\n<li>\uc790\uc678\uc120 \ucc28\ub2e8<\/li>\n<p>N \t<\/p>\n<li>\ubaa8\uc790<\/li>\n<p>N \t<\/p>\n<li>\ud3b8\uc548\ud55c \ubc14\uc9c0\uc640 \uc2e0\ubc1c<\/li>\n<p>N \t<\/p>\n<li>\ud574\ubcc0 \uc0cc\ub4e4<\/li>\n<p>N \t<\/p>\n<li>\uc218\uc601\ubcf5<\/li>\n<p>N \t<\/p>\n<li>\uae30\ub150\ud488\uc6a9 \ud604\uae08<\/li>\n<p>N<\/ul>\n<p>N&Nbsp;<br \/>\nN<\/p>\n<h4><b><i>\ud638\ud154 \ud53d\uc5c5<\/i><\/b><\/h4>\n<p>n \ubcf8 \ud22c\uc5b4\uc5d0\ub294 \ud638\ud154 \ud53d\uc5c5\uc774 \uc81c\uacf5\ub418\uc9c0 \uc54a\uc2b5\ub2c8\ub2e4.<br \/>\nN<br \/>\nN&Nbsp;<br \/>\nN<br \/>\nN<b>\uba54\ubaa8:<\/b>\u00a0\ud22c\uc5b4\/\uc5ec\ud589 \ucd9c\ubc1c \uc2dc\uac04 24\uc2dc\uac04 \uc774\ub0b4\uc5d0 \uc608\uc57d\ud558\uc2dc\ub294 \uacbd\uc6b0, \ucd94\uac00 \uc694\uae08\uc73c\ub85c \ud638\ud154 \ud53d\uc5c5\uc744 \uc900\ube44\ud574 \ub4dc\ub9b4 \uc218 \uc788\uc2b5\ub2c8\ub2e4. \uad6c\ub9e4\uac00 \uc644\ub8cc\ub418\uba74 \ud53d\uc5c5 \uc900\ube44\ub97c \uc704\ud574 \ud604\uc9c0 \ud22c\uc5b4 \uac00\uc774\ub4dc\uc758 \uc804\uccb4 \uc5f0\ub77d\ucc98 \uc815\ubcf4(\uc804\ud654\ubc88\ud638, \uc774\uba54\uc77c \uc8fc\uc18c \ub4f1)\ub97c \ubcf4\ub0b4\ub4dc\ub9bd\ub2c8\ub2e4.<br \/>\nN<\/p>\n<h4><b><i>\ucd94\uac00\uc815\ubcf4 \ud655\uc778<\/i><\/b><\/h4>\n<p>N<\/p>\n<ol>\nN \t<\/p>\n<li>\ud2f0\ucf13\uc740 \ubcf8 \ud22c\uc5b4 \uacb0\uc81c \ud6c4 \uc601\uc218\uc99d\uc785\ub2c8\ub2e4. \ud734\ub300\ud3f0\uc73c\ub85c \uacb0\uc81c\ub0b4\uc5ed\uc744 \ubcf4\uc5ec\uc8fc\uc2e4 \uc218 \uc788\uc2b5\ub2c8\ub2e4.<\/li>\n<p>N \t<\/p>\n<li>\ubbf8\ud305 \ud3ec\uc778\ud2b8\ub294 \uc608\uc57d \uc808\ucc28 \uc774\ud6c4\uc5d0 \uc81c\uacf5\ub429\ub2c8\ub2e4.<\/li>\n<p>N \t<\/p>\n<li>\uc5b4\ub9b0\uc774\ub294 \ubc18\ub4dc\uc2dc \uc131\uc778\uacfc \ub3d9\ubc18\ud574\uc57c \ud569\ub2c8\ub2e4.<\/li>\n<p>N \t<\/p>\n<li>\ud720\uccb4\uc5b4 \uc774\uc6a9 \uac00\ub2a5<\/li>\n<p>N \t<\/p>\n<li>\uc720\uc544\ub294 \ubb34\ub98e\uc5d0 \uc549\ud600\uc57c \ud569\ub2c8\ub2e4.<\/li>\n<p>N \t<\/p>\n<li>\ub300\ubd80\ubd84\uc758 \uc5ec\ud589\uc790\uac00 \ucc38\uc5ec\ud560 \uc218 \uc788\uc2b5\ub2c8\ub2e4.<\/li>\n<p>N<\/ol>\n<p>N<\/p>\n<h4><b><i>\ucde8\uc18c \uc815\ucc45<\/i><\/b><\/h4>\n<p>\uc804\uc561 \ud658\ubd88\uc744 \ubc1b\uc73c\ub824\uba74 \ucde8\uc18c \uc815\ucc45\uc744 \uc77d\uc5b4\ubcf4\uc138\uc694.\u00a0<a href=\"https:\/\/www.boattoursamana.com\/ko\/%ec%98%a8%eb%9d%bc%ec%9d%b8-%ec%98%88%ec%95%bd\/\" target=\"_blank\" rel=\"noopener\" data-saferedirecturl=\"https:\/\/www.google.com\/url?q=https:\/\/www.boattoursamana.com\/online-booking\/&amp;source=gmail&amp;ust=1672449202351000&amp;usg=AOvVaw1yAeVAPktmaVCqDujgUn90\">\uc5ec\uae30\ub97c \ud074\ub9ad\ud558\uc138\uc694<\/a>. \uc5ec\ud589 \ub2f9\uc77c \uc608\uc57d\uc744 \ucde8\uc18c\ud558\uba74 \uc790\uae08\uc774 \uc190\uc2e4\ub429\ub2c8\ub2e4.<br \/>\nN<br \/>\nN<\/div>\n<p>N\n<\/p><\/div>\n<p>N\n<\/p><\/div>\n<p>N\n<\/p><\/div>\n<p>N\n<\/p><\/div>\n<p>N\n<\/p><\/div>\n<p>N\n<\/p><\/div>\n<p>N\n<\/p><\/div>\n<p>N\n<\/p><\/div>\n<p>N\n<\/p><\/div>\n<p>N\n<\/p><\/div>\n<p>N\n<\/p><\/div>\n<p>N<\/p>\n<div class=\"vc_row wpb_row vc_row-fluid\">\nN<\/p>\n<div class=\"wpb_column vc_column_container vc_col-sm-12\">\nN<\/p>\n<div class=\"vc_column-inner\">\nN<\/p>\n<div class=\"wpb_wrapper\">\nN<\/p>\n<div class=\"wpb_text_column wpb_content_element\">\nN<\/p>\n<div class=\"wpb_wrapper\">\nN<\/p>\n<h4>\ubb38\uc758\ud558\uae30?<\/h4>\n<p>N<\/p>\n<h5><b><i>\uc608\uc57d \ubaa8\ud5d8<\/i><\/b><\/h5>\n<p>N<em><strong>\uc9c0\uc5ed \uc8fc\ubbfc<\/strong>\u00a0\uadf8\ub9ac\uace0\u00a0<strong>\uad6d\ubbfc<\/strong>\u00a0\ud22c\uc5b4 \uac00\uc774\ub4dc \ubc0f \uac8c\uc2a4\ud2b8 \uc11c\ube44\uc2a4<\/em><br \/>\nN<br \/>\nN<span class=\"text-turquoise\">\uc804\uc138:<\/span>\u00a0\ub3d4 \ud22c\uc5b4 &amp; \uc18c\ud48d. \ub300\ud45c.<br \/>\nN<br \/>\nN<img decoding=\"async\" class=\"emoji\" draggable=\"false\" src=\"https:\/\/s.w.org\/images\/core\/emoji\/11.2.0\/svg\/1f4de.svg\" alt=\" \" title=\"\">\u00a0\uc804\ud654 \/ Whatsapp\u00a0\u00a0<a href=\"tel:+1-809-720-6035\">+1-809-720-6035<\/a>.<br \/>\nN<br \/>\nN<img decoding=\"async\" class=\"emoji\" draggable=\"false\" src=\"https:\/\/s.w.org\/images\/core\/emoji\/11.2.0\/svg\/1f4e9.svg\" alt=\" \" title=\"\">\u00a0<a href=\"mailto:info@bookingadventures.com.do\">info@bookingadventures.com.do<\/a><br \/>\nN<br \/>\nN<strong>\uc6b0\ub9ac\ub294 Whatsapp\uc744 \ud1b5\ud55c \uc720\uc5f0\ud55c \uac1c\uc778 \ud22c\uc5b4 \uc124\uc815\uc744 \uc81c\uacf5\ud569\ub2c8\ub2e4:\u00a0<a href=\"tel:+18097206035\">+18097206035.<\/a><\/strong><br \/>\nN<br \/>\nN<\/div>\n<p>N\n<\/p><\/div>\n<p>N\n<\/p><\/div>\n<p>N\n<\/p><\/div>\n<p>N\n<\/p><\/div>\n<p>N\n<\/p><\/div>\n<p>N<\/p>\n\n\t\t<\/div>\n\t<\/div>\n<\/div><\/div><\/div><\/div>","protected":false},"excerpt":{"rendered":"<p>Estaremos recorriendo la isla Cayo Levantado y Cayo Farola, son peque\u00f1as islas especiales en la bah\u00eda de Saman\u00e1 que albergan una vida marina extraordinaria, \u00a1que incluye tortugas, ballenas jorobadas, langostas y delfines! n nNota: \u00a1Este tour es privado! n n&nbsp; n nSeleccione la fecha de la excursi\u00f3n: &nbsp;<\/p>","protected":false},"author":2,"featured_media":0,"parent":0,"menu_order":0,"comment_status":"open","ping_status":"closed","template":"","meta":{"footnotes":""},"class_list":["post-15795","page","type-page","status-publish","hentry"],"_links":{"self":[{"href":"https:\/\/www.boattoursamana.com\/ko\/wp-json\/wp\/v2\/pages\/15795","targetHints":{"allow":["GET"]}}],"collection":[{"href":"https:\/\/www.boattoursamana.com\/ko\/wp-json\/wp\/v2\/pages"}],"about":[{"href":"https:\/\/www.boattoursamana.com\/ko\/wp-json\/wp\/v2\/types\/page"}],"author":[{"embeddable":true,"href":"https:\/\/www.boattoursamana.com\/ko\/wp-json\/wp\/v2\/users\/2"}],"replies":[{"embeddable":true,"href":"https:\/\/www.boattoursamana.com\/ko\/wp-json\/wp\/v2\/comments?post=15795"}],"version-history":[{"count":0,"href":"https:\/\/www.boattoursamana.com\/ko\/wp-json\/wp\/v2\/pages\/15795\/revisions"}],"wp:attachment":[{"href":"https:\/\/www.boattoursamana.com\/ko\/wp-json\/wp\/v2\/media?parent=15795"}],"curies":[{"name":"wp","href":"https:\/\/api.w.org\/{rel}","templated":true}]}}