{"id":15798,"date":"2023-07-15T07:43:59","date_gmt":"2023-07-15T07:43:59","guid":{"rendered":"https:\/\/www.ticketswhales.com\/bahia-de-las-aguilas-beach-day-trip-by-boat-day-pass-pedernales\/"},"modified":"2023-07-15T07:43:59","modified_gmt":"2023-07-15T07:43:59","slug":"bahia-de-las-aguilas-beach-day-trip-by-boat-day-pass-pedernales","status":"publish","type":"page","link":"https:\/\/www.boattoursamana.com\/ko\/%eb%b0%94%ec%9d%b4%ec%95%84-%eb%8d%b0-%eb%9d%bc%ec%8a%a4-%ec%95%84%ea%b8%b8%eb%9d%bc%ec%8a%a4bahia-de-las-aguilas-%ed%95%b4%eb%b3%80-%eb%8b%b9%ec%9d%bc-%ec%97%ac%ed%96%89%eb%b3%b4%ed%8a%b8","title":{"rendered":"\ubc14\uc774\uc544 \ub370 \ub77c\uc2a4 \uc544\uae38\ub77c\uc2a4(Bah\u00eda de las Aguilas): \ubcf4\ud2b8\ub97c \uc774\uc6a9\ud55c \ud574\ubcc0 \ub2f9\uc77c \uc5ec\ud589 \u2013 \uc77c\uc77c \ud328\uc2a4 \u2013 Pedernales"},"content":{"rendered":"<p><span style=\"vertical-align: inherit;\"><span style=\"vertical-align: inherit;\">Compre un boleto de un d\u00eda a Bah\u00eda las \u00c1guilas desde las \u00e1reas de Pedernales. <\/span><span style=\"vertical-align: inherit;\">Disfruta de un d\u00eda de playa y deja fluir el \u00e1nimo, lejos de las zonas tur\u00edsticas y de todo el estr\u00e9s. <\/span><span style=\"vertical-align: inherit;\">Ven y descubre el Parque Nacional Jaragua y Bah\u00eda de las \u00c1guilas. <\/span><span style=\"vertical-align: inherit;\">Conduzca por una hermosa carretera con impresionantes vistas del peque\u00f1o puerto y el pueblo pesquero de Cabo Rojo. <\/span><span style=\"vertical-align: inherit;\">En Las Cuevas, abordar\u00e1 un bote que lo llevar\u00e1 en un viaje de 15 minutos a una de las playas naturales m\u00e1s hermosas del mundo. <\/span><span style=\"vertical-align: inherit;\">Las arenas de la Bah\u00eda de las \u00c1guilas son v\u00edrgenes y la bah\u00eda cubre 8 km. <\/span><span style=\"vertical-align: inherit;\">Experimente un paisaje costero excepcional con aguas cristalinas que brillan en tonos que van del turquesa al azul \u00f3palo que se derrite en el horizonte. <\/span><span style=\"vertical-align: inherit;\">El almuerzo se sirve en la playa, nadar o bucear y explorar este para\u00edso natural virgen.<\/span><\/span><br \/>\nN<br \/>\nN&Nbsp;<br \/>\nN<br \/>\nN<strong><span style=\"vertical-align: inherit;\"><span style=\"vertical-align: inherit;\">\uc120\ud0dd\ud558\uc138\uc694 el d\u00eda para este viaje:<\/span><\/span><\/strong><\/p>\n<p>&nbsp;<\/p>\n<div class=\"vc_row wpb_row vc_row-fluid\" ><div class=\"wpb_column vc_column_container vc_col-sm-12\"><div class=\"vc_column-inner\"><div class=\"wpb_wrapper\"><div class=\"mkdf-section-title-holder\" style=\"text-align: left\">\n\t<div class=\"mkdf-st-inner\">\n\t\t\t\t\t<h5 class=\"mkdf-st-subtitle\" >\n\t\t\t\t\ub370\uc774 \ud328\uc2a4 - \uc2a4\ub178\ud074\ub9c1 \ubc0f \uc810\uc2ec \uc2dd\uc0ac\t\t\t<\/h5>\n\t\t\t\t\t\t\t<h3 class=\"mkdf-st-title\" >\n\t\t\t\t\ubc14\uc774\uc544 \ub370 \ub77c\uc2a4 \uc544\uae38\ub77c\uc2a4: \ubcf4\ud2b8\ub97c \ud0c0\uace0 \ud574\ubcc0 \ub2f9\uc77c \uc5ec\ud589\t\t\t<\/h3>\n\t\t\t\t\t<\/div>\n<\/div><\/div><\/div><\/div><\/div><div class=\"vc_row wpb_row vc_row-fluid\" ><div class=\"wpb_column vc_column_container vc_col-sm-12\"><div class=\"vc_column-inner\"><div class=\"wpb_wrapper\">\n\t<div class=\"wpb_text_column wpb_content_element\" >\n\t\t<div class=\"wpb_wrapper\">\n\t\t\t<p>\nN<\/p>\n<h4><b><i>\uac1c\uc694<\/i><\/b><\/h4>\n<p>\uad00\uad11\uc9c0\uc640 \ubaa8\ub4e0 \uc2a4\ud2b8\ub808\uc2a4\uc5d0\uc11c \uba40\ub9ac \ub5a8\uc5b4\uc9c4 \ud574\ubcc0\uc5d0\uc11c \ud558\ub8e8\ub97c \uc990\uae30\uba70 \uc601\ud63c\uc758 \ud750\ub984\uc744 \ub290\uaef4\ubcf4\uc138\uc694. \uc790\ub77c\uad6c\uc544 \uad6d\ub9bd\uacf5\uc6d0(Jaragua National Park)\uacfc \ubc14\uc774\uc544 \ub370 \ub77c\uc2a4 \uc544\uae38\ub77c\uc2a4(Bahia de las \u00c1guilas)\ub97c \ubc29\ubb38\ud574 \ubcf4\uc138\uc694. \uc791\uc740 \ud56d\uad6c\uc640 \uc5b4\ucd0c \ub9c8\uc744\uc778 \uce74\ubcf4 \ub85c\uc870(Cabo Rojo)\uc758 \uc228\ub9c9\ud788\ub294 \uc804\uacbd\uc744 \uac10\uc0c1\ud558\uba70 \uc544\ub984\ub2e4\uc6b4 \uae38\uc744 \ub530\ub77c \uc6b4\uc804\ud558\uc138\uc694. \ub77c\uc2a4 \ucfe0\uc5d0\ubc14\uc2a4(Las Cuevas)\uc5d0\uc11c\ub294 \ubcf4\ud2b8\ub97c \ud0c0\uace0 \uc138\uacc4\uc5d0\uc11c \uac00\uc7a5 \uc544\ub984\ub2e4\uc6b4 \uc790\uc5f0 \ud574\ubcc0 \uc911 \ud55c \uacf3\uc73c\ub85c 15\ubd84 \uc774\ub3d9\ud569\ub2c8\ub2e4. \ubc14\uc774\uc544 \ub370 \ub77c\uc2a4 \uc544\uae38\ub77c\uc2a4(Bah\u00eda de las Aguilas)\uc758 \ubaa8\ub798\ub294 \uae68\ub057\ud558\uace0 \ub9cc\uc758 \uae38\uc774\ub294 8km\uc785\ub2c8\ub2e4. \uc218\ud3c9\uc120\uc5d0 \ub179\ub294 \uccad\ub85d\uc0c9\uc5d0\uc11c \uc624\ud314\uc0c9\uae4c\uc9c0\uc758 \uc0c9\uc870\ub85c \ube5b\ub098\ub294 \uc218\uc815\ucc98\ub7fc \ub9d1\uc740 \ubb3c\uc774 \uc788\ub294 \ud2b9\ubcc4\ud55c \ud574\uc548 \ud48d\uacbd\uc744 \uacbd\ud5d8\ud574 \ubcf4\uc138\uc694. \uc810\uc2ec \uc2dd\uc0ac\ub294 \ud574\ubcc0\uc5d0\uc11c \uc81c\uacf5\ub418\uba70, \uc218\uc601\uc774\ub098 \uc2a4\ub178\ud074\ub9c1\uc744 \uc990\uae30\uace0 \uc0ac\ub78c\uc758 \uc190\uae38\uc774 \ub2ff\uc9c0 \uc54a\uc740 \uc790\uc5f0 \ucc9c\uad6d\uc744 \ud0d0\ud5d8\ud574 \ubcf4\uc138\uc694.<br \/>\nN<br \/>\nN&Nbsp;<br \/>\nN<\/p>\n<ul>\nN \t<\/p>\n<li>\ud574\ub2f9 \uc9c0\uc5ed\uc758 \uc548\uc804 \uacbd\ud5d8\uc774 \uc788\ub294 \uc9c0\uc5ed \uac00\uc774\ub4dc\uc785\ub2c8\ub2e4.<\/li>\n<p>N \t<\/p>\n<li>\uac1c\uc778 \uad50\ud1b5<\/li>\n<p>N \t<\/p>\n<li>\uc218\uc218\ub8cc \ud3ec\ud568<\/li>\n<p>N \t<\/p>\n<li>\uc810\uc2ec<\/li>\n<p>N \t<\/p>\n<li>\uc2a4\ud398\uc778\uc5b4, \uc601\uc5b4 \ub610\ub294 \ud504\ub791\uc2a4\uc5b4\ub85c \uc81c\uacf5\ub418\ub294 \ud604\uc9c0 \ud22c\uc5b4 \uac00\uc774\ub4dc.<\/li>\n<p>N \t<\/p>\n<li>\ub4f1\uc0b0<\/li>\n<p>N \t<\/p>\n<li>\uc2a4\ub178\ud074\ub9c1<\/li>\n<p>N<\/ul>\n<p>N<\/p>\n<h4><b>\ud3ec\ud568 \ubc0f \uc81c\uc678<\/b><\/h4>\n<p>N&Nbsp;<br \/>\nN<br \/>\nN<b>\ud3ec\ud568\uc0ac\ud56d<\/b><br \/>\nN<\/p>\n<ol>\nN \t<\/p>\n<li>\ud574\ub2f9 \uc9c0\uc5ed\uc758 \uc548\uc804 \uacbd\ud5d8\uc744 \uac16\ucd98 \uc9c0\uc5ed \uac00\uc774\ub4dc\uc785\ub2c8\ub2e4.<\/li>\n<p>N \t<\/p>\n<li>\uc18c\uaddc\ubaa8 \uadf8\ub8f9\uc744 \uc704\ud55c \uac1c\uc778 \uad50\ud1b5<\/li>\n<p>N \t<\/p>\n<li>\ubaa8\ub4e0 \uc138\uae08, \uc218\uc218\ub8cc \ubc0f \ucde8\uae09 \ube44\uc6a9<\/li>\n<p>N \t<\/p>\n<li>\uc9c0\ubc29\uc138<\/li>\n<p>N \t<\/p>\n<li>\uc810\uc2ec<\/li>\n<p>N \t<\/p>\n<li>\ub4f1\uc0b0<\/li>\n<p>N \t<\/p>\n<li>\ucc9c\uc5f0 \uc218\uc601\uc7a5<\/li>\n<p>N \t<\/p>\n<li>\uc2a4\ub178\ud074\ub9c1<\/li>\n<p>N \t<\/p>\n<li>\ubaa8\ub4e0 \ud65c\ub3d9<\/li>\n<p>N<\/ol>\n<p>N<b>\uc81c\uc678<\/b><br \/>\nN<\/p>\n<ol>\nN \t<\/p>\n<li>\ud301<\/li>\n<p>N \t<\/p>\n<li>\ubaa8\ub4e0 \uc74c\ub8cc<\/li>\n<p>N<\/ol>\n<p>N<\/p>\n<h4><em><strong>\ucd9c\ubc1c \ubc0f \uadc0\uad6d<\/strong><\/em><\/h4>\n<p>\uc5ec\ud589\uc790\ub294 \uc608\uc57d \uc808\ucc28\uac00 \uc644\ub8cc\ub41c \ud6c4 \ubbf8\ud305 \uc7a5\uc18c\ub97c \uac16\uac8c \ub429\ub2c8\ub2e4. \ud22c\uc5b4\ub294 \ubbf8\ud305 \uc7a5\uc18c\uc5d0\uc11c \uc2dc\uc791\ub418\uace0 \uc885\ub8cc\ub429\ub2c8\ub2e4.<br \/>\nN<\/p>\n<h2 class=\"styles__heading___mD4_3\" data-radium=\"true\">\ubc14\uc774\uc544 \ub370 \ub77c\uc2a4 \uc544\uae38\ub77c\uc2a4(Bah\u00eda de las Aguilas): \ubcf4\ud2b8\ub97c \uc774\uc6a9\ud55c \ud574\ubcc0 \ub2f9\uc77c \uc5ec\ud589 - \ub370\uc774 \ud328\uc2a4 - \uc2a4\ub178\ud074\ub9c1 \ubc0f \uc810\uc2ec \uc2dd\uc0ac<\/h2>\n<p>N<\/p>\n<h4><em>\ubb58 \uae30\ub300 \ud560\uae4c?<\/em><\/h4>\n<p>nPlaya de las Aguilas was named after the indigenous eagle. The tour is in private transport from Bahia de las Aguilas where it allows you to discover the natural wonders of this aphrodisiac beach in a very different and sustainable way. Spend the day on a nature tour of the southern part of the country where you will get to know the Bahia de las Aguila, one of the most beautiful beaches in the Dominican Republic, where we will arrive by speedboat to this paradisiacal beach, an area fully protected by environmental law. Spend a relaxing time at Bahia de las Aguilas, an uninhabited nature reserve and national park, and enjoy a barbecue-style lunch in the caves.<br \/>\nN<br \/>\nnThe calm sea and light wind will keep you from suffering too much from the sun and heat. Become an explorer for the day and discover an ecological, natural, and totally unspoiled paradise. You can observe more than 130 species of birds, 76 of which live permanently in the bay, 10 are endemic and 47 are migrants.<br \/>\nN<br \/>\nn08.30 \u2013 Departure from Meeting Point<br \/>\nn08.45 \u2013 Departure by boat from the village La Cueva to the Bahia de las Aguilas<br \/>\nn12.30 \u2013 Typical lunch on the beach<br \/>\nn03.00 \u2013 Return to La Cueva<br \/>\nn05.30 \u2013 Arrival at Meeting Point<br \/>\nN<\/p>\n<h4><em><strong>\ubb34\uc5c7\uc744 \uac00\uc838\uc640\uc57c\ud569\ub2c8\uae4c?<\/strong><\/em><\/h4>\n<p>N<\/p>\n<ul>\nN \t<\/p>\n<li>\uce74\uba54\ub77c<\/li>\n<p>N \t<\/p>\n<li>\uad6c\ucda9\uc81c \uc0c8\uc2f9<\/li>\n<p>N \t<\/p>\n<li>\uc120\ud06c\ub9bc<\/li>\n<p>N \t<\/p>\n<li>\ubb3c<\/li>\n<p>N \t<\/p>\n<li>\ubaa8\uc790<\/li>\n<p>N \t<\/p>\n<li>\ud3b8\uc548\ud55c \ubc14\uc9c0<\/li>\n<p>N \t<\/p>\n<li>\uc232\uc18d\uc758 \ub4f1\uc0b0\ud654<\/li>\n<p>N \t<\/p>\n<li>\ubd04 \uc9c0\uc5ed\uc5d0 \uc0cc\ub4e4.<\/li>\n<p>N \t<\/p>\n<li>\uc218\uc601\ubcf5<\/li>\n<p>N<\/ul>\n<p>N&Nbsp;<br \/>\nN<\/p>\n<h4><b><i>\ud638\ud154 \ud53d\uc5c5<\/i><\/b><\/h4>\n<p>nHotel pick-up is offered for this tour with Extra Cost.<br \/>\nN<br \/>\nN<b>\uba54\ubaa8:<\/b> \ud22c\uc5b4\/\uc5ec\ud589 \ucd9c\ubc1c \uc2dc\uac04 24\uc2dc\uac04 \uc774\ub0b4\uc5d0 \uc608\uc57d\ud558\uc2dc\ub294 \uacbd\uc6b0 \ud638\ud154 \ud53d\uc5c5\uc744 \uc900\ube44\ud574\ub4dc\ub9b4 \uc218 \uc788\uc2b5\ub2c8\ub2e4. \uc6b0\ub9ac\ub294 Pedernales \uc9c0\uc5ed\uc5d0\uc11c \ud53d\uc5c5\ud569\ub2c8\ub2e4. \uad6c\ub9e4\uac00 \uc644\ub8cc\ub418\uba74 \ud53d\uc5c5 \uc900\ube44\ub97c \uc704\ud574 \ud604\uc9c0 \ud22c\uc5b4 \uac00\uc774\ub4dc\uc758 \uc804\uccb4 \uc5f0\ub77d\ucc98 \uc815\ubcf4(\uc804\ud654\ubc88\ud638, \uc774\uba54\uc77c \uc8fc\uc18c \ub4f1)\ub97c \ubcf4\ub0b4\ub4dc\ub9bd\ub2c8\ub2e4.<br \/>\nN<\/p>\n<h4><b><i>\ucd94\uac00\uc815\ubcf4 \ud655\uc778<\/i><\/b><\/h4>\n<p>N<\/p>\n<ol>\nN \t<\/p>\n<li>\ud2f0\ucf13\uc740 \ubcf8 \ud22c\uc5b4 \uacb0\uc81c \ud6c4 \uc601\uc218\uc99d\uc785\ub2c8\ub2e4. \ud734\ub300\ud3f0\uc73c\ub85c \uacb0\uc81c\ub0b4\uc5ed\uc744 \ubcf4\uc5ec\uc8fc\uc2e4 \uc218 \uc788\uc2b5\ub2c8\ub2e4.<\/li>\n<p>N \t<\/p>\n<li>\ubbf8\ud305 \ud3ec\uc778\ud2b8\ub294 \uc608\uc57d \uc808\ucc28 \uc774\ud6c4\uc5d0 \uc81c\uacf5\ub429\ub2c8\ub2e4.<\/li>\n<p>N \t<\/p>\n<li>\uc5b4\ub9b0\uc774\ub294 \ubc18\ub4dc\uc2dc \uc131\uc778\uacfc \ub3d9\ubc18\ud574\uc57c \ud569\ub2c8\ub2e4.<\/li>\n<p>N \t<\/p>\n<li>\ud720\uccb4\uc5b4 \uc774\uc6a9 \ubd88\uac00<\/li>\n<p>N \t<\/p>\n<li>\uc720\uc544\ub294 \ubb34\ub98e\uc5d0 \uc549\ud600\uc57c \ud569\ub2c8\ub2e4.<\/li>\n<p>N \t<\/p>\n<li>\ud5c8\ub9ac\uc5d0 \ubb38\uc81c\uac00 \uc788\ub294 \uc5ec\ud589\uc790\uc5d0\uac8c\ub294 \uad8c\uc7a5\ub418\uc9c0 \uc54a\uc2b5\ub2c8\ub2e4.<\/li>\n<p>N \t<\/p>\n<li>\uc784\uc2e0\ud55c \uc5ec\ud589\uc790\uc5d0\uac8c\ub294 \uad8c\uc7a5\ub418\uc9c0 \uc54a\uc2b5\ub2c8\ub2e4.<\/li>\n<p>N \t<\/p>\n<li>\uc2ec\uc7a5 \ubb38\uc81c\ub098 \uae30\ud0c0 \uc2ec\uac01\ud55c \uc9c8\ubcd1\uc774 \uc5c6\uc74c<\/li>\n<p>N \t<\/p>\n<li>\ub300\ubd80\ubd84\uc758 \uc5ec\ud589\uc790\uac00 \ucc38\uc5ec\ud560 \uc218 \uc788\uc2b5\ub2c8\ub2e4.<\/li>\n<p>N<\/ol>\n<p>N<\/p>\n<h4><b><i>\ucde8\uc18c \uc815\ucc45<\/i><\/b><\/h4>\n<p>\uc804\uc561 \ud658\ubd88\uc744 \ubc1b\uc73c\ub824\uba74 \ucde8\uc18c \uc815\ucc45\uc744 \uc77d\uc5b4\ubcf4\uc138\uc694.\u00a0<a href=\"https:\/\/www.boattoursamana.com\/ko\/%ec%98%a8%eb%9d%bc%ec%9d%b8-%ec%98%88%ec%95%bd\/\" target=\"_blank\" rel=\"noopener\" data-saferedirecturl=\"https:\/\/www.google.com\/url?q=https:\/\/www.boattoursamana.com\/online-booking\/&amp;source=gmail&amp;ust=1672449202351000&amp;usg=AOvVaw1yAeVAPktmaVCqDujgUn90\">\uc5ec\uae30\ub97c \ud074\ub9ad\ud558\uc138\uc694<\/a>. \uc5ec\ud589 \ub2f9\uc77c \uc608\uc57d\uc744 \ucde8\uc18c\ud558\uba74 \uc790\uae08\uc774 \uc190\uc2e4\ub429\ub2c8\ub2e4.<\/p>\n\n\t\t<\/div>\n\t<\/div>\n<\/div><\/div><\/div><\/div>","protected":false},"excerpt":{"rendered":"<p>Compre un boleto de un d\u00eda a Bah\u00eda las \u00c1guilas desde las \u00e1reas de Pedernales. Disfruta de un d\u00eda de playa y deja fluir el \u00e1nimo, lejos de las zonas tur\u00edsticas y de todo el estr\u00e9s. Ven y descubre el Parque Nacional Jaragua y Bah\u00eda de las \u00c1guilas. Conduzca por una hermosa carretera con impresionantes vistas del peque\u00f1o puerto y el pueblo pesquero de Cabo Rojo. En Las Cuevas, abordar\u00e1 un bote que lo llevar\u00e1 en un viaje de 15 [&hellip;]<\/p>\n","protected":false},"author":2,"featured_media":0,"parent":0,"menu_order":0,"comment_status":"open","ping_status":"closed","template":"","meta":{"footnotes":""},"class_list":["post-15798","page","type-page","status-publish","hentry"],"_links":{"self":[{"href":"https:\/\/www.boattoursamana.com\/ko\/wp-json\/wp\/v2\/pages\/15798","targetHints":{"allow":["GET"]}}],"collection":[{"href":"https:\/\/www.boattoursamana.com\/ko\/wp-json\/wp\/v2\/pages"}],"about":[{"href":"https:\/\/www.boattoursamana.com\/ko\/wp-json\/wp\/v2\/types\/page"}],"author":[{"embeddable":true,"href":"https:\/\/www.boattoursamana.com\/ko\/wp-json\/wp\/v2\/users\/2"}],"replies":[{"embeddable":true,"href":"https:\/\/www.boattoursamana.com\/ko\/wp-json\/wp\/v2\/comments?post=15798"}],"version-history":[{"count":0,"href":"https:\/\/www.boattoursamana.com\/ko\/wp-json\/wp\/v2\/pages\/15798\/revisions"}],"wp:attachment":[{"href":"https:\/\/www.boattoursamana.com\/ko\/wp-json\/wp\/v2\/media?parent=15798"}],"curies":[{"name":"wp","href":"https:\/\/api.w.org\/{rel}","templated":true}]}}