{"id":15803,"date":"2023-07-15T07:43:59","date_gmt":"2023-07-15T07:43:59","guid":{"rendered":"https:\/\/www.ticketswhales.com\/27-waterfalls-buggies-hiking-and-swimming\/"},"modified":"2023-07-15T07:43:59","modified_gmt":"2023-07-15T07:43:59","slug":"27-waterfalls-buggies-hiking-and-swimming","status":"publish","type":"page","link":"https:\/\/www.boattoursamana.com\/ko\/27-waterfalls-buggies-hiking-and-swimming","title":{"rendered":"27\uac1c \ud3ed\ud3ec \ubc84\uae30(\ud558\uc774\ud0b9 \ubc0f \uc218\uc601)"},"content":{"rendered":"<p><span style=\"vertical-align: inherit;\"><span style=\"vertical-align: inherit;\"><span style=\"vertical-align: inherit;\"><span style=\"vertical-align: inherit;\">Esta excursi\u00f3n desde 27 cascadas de Damajagua en Puerto Plata, Almuerzo y Excursi\u00f3n por las 27 cascadas, caminata y salto al r\u00edo.<\/span><\/span><\/span><\/span><br \/>\nN<br \/>\nN<span style=\"vertical-align: inherit;\"><span style=\"vertical-align: inherit;\"><span style=\"vertical-align: inherit;\"><span style=\"vertical-align: inherit;\">Viaje Ecol\u00f3gico a las 27 cascadas de Puerto Plata. <\/span><\/span><\/span><span style=\"vertical-align: inherit;\"><span style=\"vertical-align: inherit;\"><span style=\"vertical-align: inherit;\">Obtenga sus boletos para una excursi\u00f3n de medio d\u00eda aqu\u00ed en la Cascada 27 de Damajagua. <\/span><\/span><\/span><span style=\"vertical-align: inherit;\"><span style=\"vertical-align: inherit;\"><span style=\"vertical-align: inherit;\">Los boletos de ingreso con almuerzo y excursi\u00f3n incluyen salto y nado en las cascadas m\u00e1s hermosas de la Rep\u00fablica Dominicana. <\/span><\/span><\/span><span style=\"vertical-align: inherit;\"><span style=\"vertical-align: inherit;\"><span style=\"vertical-align: inherit;\">Caminata y nataci\u00f3n\uc740 \ucd5c\uace0\uc758 \uacbd\ud5d8\uc744 \uc704\ud55c \uc7a5\ube44\ub97c \uac16\ucd94\uace0 \uc788\uc2b5\ub2c8\ub2e4!<\/span><\/span><\/span><\/span><br \/>\nN<br \/>\nN&Nbsp;<br \/>\nN<br \/>\nN<strong><span style=\"vertical-align: inherit;\"><span style=\"vertical-align: inherit;\"><span style=\"vertical-align: inherit;\"><span style=\"vertical-align: inherit;\">Seleccione la fecha para el \ud22c\uc5b4:\u00a0<\/span><\/span><\/span><\/span><\/strong><\/p>\n<p>&nbsp;<\/p>\n<div class=\"vc_row wpb_row vc_row-fluid\" ><div class=\"wpb_column vc_column_container vc_col-sm-12\"><div class=\"vc_column-inner\"><div class=\"wpb_wrapper\"><div class=\"mkdf-section-title-holder\" style=\"text-align: left\">\n\t<div class=\"mkdf-st-inner\">\n\t\t\t\t\t<h5 class=\"mkdf-st-subtitle\" >\n\t\t\t\t\uc810\uc2ec \ud3ec\ud568\t\t\t<\/h5>\n\t\t\t\t\t\t\t<h3 class=\"mkdf-st-title\" >\n\t\t\t\t27 \ud3ed\ud3ec \ubc84\uae30 \ud22c\uc5b4 \ud478\uc5d0\ub974\ud1a0 \ud50c\ub77c\ud0c0\t\t\t<\/h3>\n\t\t\t\t\t<\/div>\n<\/div><div class=\"vc_message_box vc_message_box-standard vc_message_box-rounded vc_color-info\" ><div class=\"vc_message_box-icon\"><i class=\"fas fa-info-circle\"><\/i><\/div><p>\uc785\uc7a5\uad8c\ub9cc \uc608\uc57d\ud558\uac70\ub098 \uad50\ud1b5\ube44 \ud3ec\ud568: <a href=\"https:\/\/www.boattoursamana.com\/ko\/?s=27+waterfalls&amp;post_type=product&amp;dgwt_wcas=1\">\uc5ec\uae30\ub97c \ud074\ub9ad\ud558\uc138\uc694.<\/a><\/p>\n<\/div><div class=\"vc_empty_space\"   style=\"height: 32px\"><span class=\"vc_empty_space_inner\"><\/span><\/div><\/div><\/div><\/div><\/div><div class=\"vc_row wpb_row vc_row-fluid\" ><div class=\"wpb_column vc_column_container vc_col-sm-12\"><div class=\"vc_column-inner\"><div class=\"wpb_wrapper\">\n\t<div class=\"wpb_text_column wpb_content_element\" >\n\t\t<div class=\"wpb_wrapper\">\n\t\t\t<p>\nN<\/p>\n<h2 class=\"ui_header h1 attractions-product-info-ProductTitle__title--1qM0o\">27 \ud3ed\ud3ec \ubc84\uae30 \ud22c\uc5b4 \ud478\uc5d0\ub974\ud1a0 \ud50c\ub77c\ud0c0<\/h2>\n<p>N<b><i>\uac1c\uc694 <\/i><\/b><br \/>\nN<br \/>\nnGet your Tickets for Buggies in Puerto Plata with lowest damajagua waterfalls price. Damajagua areas with the best <strong data-key=\"puerto plata waterfall excursion\">\ud478\uc5d0\ub974\ud1a0 \ud50c\ub77c\ud0c0 \ud3ed\ud3ec \uc5ec\ud589.\u00a0<\/strong><br \/>\nN<br \/>\nnThere\u2019s no more thrilling way to explore the wild Dominican countryside than one of these buggies on a tour featured by Locals. Take off-road trails with 27 waterfalls forest areas your backdrop, and swim in a river or at the beach on this half-day, morning adventure.<br \/>\nN<br \/>\n\uc804\ubb38\uac00\uc758 \uad50\uc721\uc744 \ubc1b\uc740 \ud6c4 \ud2b8\ub808\uc77c\uc744 \ub530\ub77c \uc2dc\uace8\ub85c \ubaa8\ud5d8\uc744 \ub5a0\ub0a0 \uc2dc\uac04\uc785\ub2c8\ub2e4. \uc778\uc801\uc774 \ub4dc\ubb38 \uae38\uc5d0\uc11c \uba40\ub9ac \ub5a8\uc5b4\uc9c4 \uba3c\uc9c0\uac00 \ub9ce\uc740 \uc815\uae00 \uc0b0\ucc45\ub85c\ub97c \ub530\ub77c \uc18d\ub3c4\ub97c \ub0b4\uba74\uc11c \uc57c\uc790\uc218 \uc232, \uc18c\ubc15\ud55c \ub18d\uc9c0, \ub9c8\uc744\uc744 \uc9c0\ub098\uac8c \ub429\ub2c8\ub2e4.<br \/>\nN<br \/>\n\ubaa9\uc774 \ub9c8\ub974\uba74 \uc774\ub3d9 \uc911\uc5d0 \uc2e0\uc120\ud55c \ucf54\ucf54\ub11b\uc744 \uad6c\uc785\ud560 \uc218 \uc788\ub294 \uc815\ub958\uc7a5\uc774 \uba87 \uad70\ub370 \uc788\uc2b5\ub2c8\ub2e4. \ub610\ud55c \uc5b4\ub5a4 \uc2dd\uc73c\ub85c\ub4e0 \ub354\ub7ec\uc6cc\uc9c8 \uc218 \uc788\uc73c\ubbc0\ub85c \uc218\uc601\ubcf5\uc744 \uac00\uc838\uc624\uace0 \ud574\ubcc0\uc774\ub098 \uc790\uc5f0 \uac15\uc5d0\uc11c \ub354\uc704\ub97c \uc2dd\ud600 \ubcf4\uc138\uc694. \uba3c\uc9c0\ub97c \ud138\uae30\uc5d0 \uc88b\uc740 \ubc29\ubc95\uc785\ub2c8\ub2e4. \ub610\ud55c \uae30\uc9c0\uc5d0\uc11c \uc5bc\uc74c\ucc98\ub7fc \ucc28\uac00\uc6b4 \ubb34\ub8cc \ub9e5\uc8fc\ub098 \uce75\ud14c\uc77c\uc744 \uc990\uae30\uba70 \uc2a4\ub9b4 \ub118\uce58\ub294 \ud558\ub8e8\ub97c \ub9c8\ubb34\ub9ac\ud560 \uc218 \uc788\uc2b5\ub2c8\ub2e4. \uc6b0\ub9ac\uc5d0\uac8c \uc5f0\ub77d\ud558\uc138\uc694 <strong>\ub2e4\ub9c8\uc790\uacfc \ud3ed\ud3ec\uc640 \uc624\ud504\ub85c\ub4dc \ubc84\uae30 \ucf64\ubcf4<\/strong> .<br \/>\nN<\/p>\n<ul>\nN \t<\/p>\n<li style=\"font-weight: 400;\">\uc218\uc218\ub8cc \ud3ec\ud568<\/li>\n<p>N \t<\/p>\n<li>\uc810\uc2ec<\/li>\n<p>N \t<\/p>\n<li>\uc2a4\ub0b5<\/li>\n<p>N \t<\/p>\n<li style=\"font-weight: 400;\">\uc601\uc5b4 \ud604\uc9c0 \ud22c\uc5b4 \uac00\uc774\ub4dc<\/li>\n<p>N<\/ul>\n<p>N&Nbsp;<br \/>\nN<\/p>\n<h4><b>\ud3ec\ud568 \ubc0f \uc81c\uc678<\/b><\/h4>\n<p>N&Nbsp;<br \/>\nN<br \/>\nN<b>\ud3ec\ud568\uc0ac\ud56d<\/b><br \/>\nN<\/p>\n<ol>\nN \t<\/p>\n<li>\uc810\uc2ec<\/li>\n<p>N \t<\/p>\n<li style=\"font-weight: 400;\"><span style=\"font-weight: 400;\">\ubaa8\ub4e0 \uc138\uae08, \uc218\uc218\ub8cc \ubc0f \ucde8\uae09 \uc218\uc218\ub8cc<\/span><\/li>\n<p>N \t<\/p>\n<li style=\"font-weight: 400;\"><span style=\"font-weight: 400;\">\uc9c0\ubc29\uc138<\/span><\/li>\n<p>N \t<\/p>\n<li style=\"font-weight: 400;\"><span style=\"font-weight: 400;\">\uc74c\ub8cc\uc218<\/span><\/li>\n<p>N \t<\/p>\n<li>\uc2a4\ub0b5<\/li>\n<p>N \t<\/p>\n<li style=\"font-weight: 400;\"><span style=\"font-weight: 400;\">\ubaa8\ub4e0 \ud65c\ub3d9<\/span><\/li>\n<p>N \t<\/p>\n<li style=\"font-weight: 400;\"><span style=\"font-weight: 400;\">\uc9c0\uc5ed \uac00\uc774\ub4dc<\/span><\/li>\n<p>N<\/ol>\n<p>N<b> \uc81c\uc678<\/b><br \/>\nN<\/p>\n<ol>\nN \t<\/p>\n<li style=\"font-weight: 400;\"><span style=\"font-weight: 400;\">\ud301<\/span><\/li>\n<p>N \t<\/p>\n<li>\uad50\ud1b5 (\ubb38\uc758\ud558\uc5ec \uc124\uc815)<\/li>\n<p>N \t<\/p>\n<li style=\"font-weight: 400;\"><span style=\"font-weight: 400;\">\uc54c\ucf54\uc62c \uc74c\ub8cc<\/span><\/li>\n<p>N<\/ol>\n<p>N&Nbsp;<br \/>\nN<br \/>\nN<em><strong>\ucd9c\ubc1c \ubc0f \uadc0\uad6d<\/strong><\/em><br \/>\nN<br \/>\nN<span style=\"font-weight: 400;\">\uc5ec\ud589\uc790\ub294 \uc608\uc57d \uc808\ucc28\uac00 \uc644\ub8cc\ub41c \ud6c4 \ubbf8\ud305 \uc7a5\uc18c\ub97c \uac16\uac8c \ub429\ub2c8\ub2e4. \ud22c\uc5b4\ub294 \ubbf8\ud305 \uc7a5\uc18c\uc5d0\uc11c \uc2dc\uc791\ud558\uace0 \uc885\ub8cc\ub429\ub2c8\ub2e4.<\/span><br \/>\nN<\/p>\n<h4><\/h4>\n<p>N<\/p>\n<h3 class=\"ui_header h1 attractions-product-info-ProductTitle__title--1qM0o\">\ub2e4\ub9c8\uc790\uad6c\uc544 \ud478\uc5d0\ub974\ud1a0 \ud50c\ub77c\ud0c0 27\uac1c \ud3ed\ud3ec \ud22c\uc5b4 \uc5ec\ud589<\/h3>\n<p>N<b><i>\ubb58 \uae30\ub300 \ud560\uae4c?<\/i><\/b><br \/>\nN<\/p>\n<div class=\"apd_content_block\" data-tab=\"TABS_OVERVIEW\"><\/div>\n<p>N<\/p>\n<div data-tab=\"TABS_WHAT_TO_EXPECT\">\nN<\/p>\n<div class=\"ui_card attractions-card-CollapsibleProductDetailsCard__cardContainer--3r2wk attractions-card-CollapsibleProductDetailsCard__cleanslateOverrideDT--2AJh0\">\nN<\/p>\n<div class=\"attractions-card-CollapsibleCard__content--2Ws8q\">\nN<\/p>\n<div class=\"attractions-card-CollapsibleCard__contentWrap--374jk attractions-card-CollapsibleCard__titleUnderline--1uHze\">\nN<\/p>\n<div class=\"attractions-card-CollapsibleProductDetailsCard__cardContent--23ext\">\nN<\/p>\n<div class=\"common-text-ReadMore__readMore--3Iu8c common-text-ReadMore__variantFadeOut--1tInd\">\nN<\/p>\n<div class=\"common-text-ReadMore__content--2X4LR\">\nN<\/p>\n<div class=\"ui_columns is-desktop\">\nN<\/p>\n<div class=\"ui_column\">\nN<br \/>\nnDamajagua Buggy\u2019s<br \/>\nN<br \/>\n\uc5d4\uc9c4\uc744 \uc2dc\ub3d9\ud558\uace0 \uc9c4\ud759\uae38, \uc5f4\ub300 \uc6b0\ub9bc, \uac15\uc744 \ud1b5\uacfc\ud558\ub294 \uc2e0\ub098\ub294 \uae38\uc744 \uc2dc\uc791\ud574 \ubcf4\uc138\uc694. 10~15km \uae38\uc774\ub85c 1\uc2dc\uac04 30\ubd84 \uc815\ub3c4 \uc18c\uc694\ub418\ub294 \ud22c\uc5b4\uc785\ub2c8\ub2e4.<br \/>\nN<br \/>\nnThe first stop will be in the Bajabonico River in Bellaco Community. On the road, you are going to be able to pick up some fruits and even eat locals made Patty.<br \/>\nN<br \/>\n\uc6b0\ub9ac\ub294 \ubc14\ud558\ubcf4\ub2c8\ucf54 \uc544\ub9ac\ubc14(Bajabonico Arriba) \uc9c0\uc5ed\uc0ac\ud68c\uae4c\uc9c0 \ubc84\uae30 \ub8e8\ud2b8\ub97c \uacc4\uc18d\ud560 \uac83\uc785\ub2c8\ub2e4.\u00a0 <strong>\ub2e4\ub9c8\ud558\uad6c\uc544 \ud3ed\ud3ec \uc218\uc628 .<\/strong> \ud314\ub9c8\ub974 \uadf8\ub780\ub370\uc640 \ub85c\uc2a4 \ud3a0\ub9ad\uc2a4. \uc77c\ub2e8 \ud574\ub2f9 \uc9c0\uc5ed\uc0ac\ud68c \ub0b4\uc5d0\uc11c \uc6b4\uc804\uc744 \ud558\uace0 \ub098\uba74 \uc544\uc774\ub4e4, \ub3d9\ubb3c, \ud3c9\ubc94\ud55c \uc0b6\uc744 \uc0b4\uace0 \uc788\ub294 \uc9c0\uc5ed \uc8fc\ubbfc\ub4e4 \ub54c\ubb38\uc5d0 \uc18d\ub3c4\ub97c \uc904\uc5ec\uc57c \ud569\ub2c8\ub2e4.<br \/>\nnWe will descend from the vehicles and have a chance to swimming in the freshwater of the river!<br \/>\n\ub3cc\uc544\uc624\ub294 \uae38\uc5d0\ub294 \uac15\uc744 12\ubc30\ub098 \uac74\ub108\uac08 \uc218 \uc788\ub294 \uc678\ubd80 \ub3c4\ub85c\ub97c \uc774\uc6a9\ud558\uac8c \ub429\ub2c8\ub2e4.<br \/>\nnFinally, we will get back to the meeting point and you can go back to your place and talk to your friends about this unforgettable tour.<br \/>\nN<br \/>\nN<\/div>\n<p>N\n<\/p><\/div>\n<p>N\n<\/p><\/div>\n<p>N\n<\/p><\/div>\n<p>N\n<\/p><\/div>\n<p>N\n<\/p><\/div>\n<p>N\n<\/p><\/div>\n<p>N\n<\/p><\/div>\n<p>N\n<\/p><\/div>\n<p>N<em><strong>\ubb34\uc5c7\uc744 \uac00\uc838\uc640\uc57c\ud569\ub2c8\uae4c?<\/strong><\/em><br \/>\nN<\/p>\n<ul>\nN \t<\/p>\n<li style=\"font-weight: 400;\"><span style=\"font-weight: 400;\">\uce74\uba54\ub77c<\/span><\/li>\n<p>N \t<\/p>\n<li style=\"font-weight: 400;\"><span style=\"font-weight: 400;\">\uad6c\ucda9\uc81c \uc0c8\uc2f9<\/span><\/li>\n<p>N \t<\/p>\n<li style=\"font-weight: 400;\"><span style=\"font-weight: 400;\">\uc120\ud06c\ub9bc<\/span><\/li>\n<p>N \t<\/p>\n<li style=\"font-weight: 400;\"><span style=\"font-weight: 400;\">\ubaa8\uc790<\/span><\/li>\n<p>N \t<\/p>\n<li style=\"font-weight: 400;\"><span style=\"font-weight: 400;\">\ud3b8\uc548\ud55c \ubc14\uc9c0<\/span><\/li>\n<p>N \t<\/p>\n<li style=\"font-weight: 400;\"><span style=\"font-weight: 400;\">\uc232\uc18d\uc758 \ub4f1\uc0b0\ud654<\/span><\/li>\n<p>N \t<\/p>\n<li style=\"font-weight: 400;\"><span style=\"font-weight: 400;\">\ubd04 \uc9c0\uc5ed\uc5d0 \uc0cc\ub4e4.<\/span><\/li>\n<p>N \t<\/p>\n<li style=\"font-weight: 400;\"><span style=\"font-weight: 400;\">\uc218\uc601\ubcf5<\/span><\/li>\n<p>N<\/ul>\n<p>N&Nbsp;<br \/>\nN<\/p>\n<h3><b><i>\ud638\ud154 \ud53d\uc5c5:\u00a0<\/i><\/b><\/h3>\n<p>N<span style=\"font-weight: 400;\"><strong>\ud638\ud154\ud53d\uc5c5\uc740 \uc548\ub428<\/strong> \uc774 \ud22c\uc5b4\uc5d0 \uc81c\uacf5\ub429\ub2c8\ub2e4. Whatsapp\uc73c\ub85c \uc5f0\ub77d\ud558\uc5ec \ud53d\uc5c5\uc744 \uc124\uc815\ud588\uc2b5\ub2c8\ub2e4. \ub2f9\uc2e0\uc774 \uc624\ub294 \uacf3\uc744 \ub300\ube44\ud55c \uc81c\uc548\uc774 \uc788\uc2b5\ub2c8\ub2e4 <strong>\uc570\ubc84 \ucf54\ube0c 27\uac1c \ud3ed\ud3ec.\u00a0<\/strong><\/span><br \/>\nN<br \/>\nN&Nbsp;<br \/>\nN<br \/>\nN<b>\uba54\ubaa8:<\/b><span style=\"font-weight: 400;\"> \ud22c\uc5b4\/\uc5ec\ud589 \ucd9c\ubc1c \uc2dc\uac04 24\uc2dc\uac04 \uc774\ub0b4\uc5d0 \uc608\uc57d\ud558\uc2dc\ub294 \uacbd\uc6b0, \ucd94\uac00 \uc694\uae08\uc73c\ub85c \ud638\ud154 \ud53d\uc5c5\uc744 \uc900\ube44\ud574 \ub4dc\ub9b4 \uc218 \uc788\uc2b5\ub2c8\ub2e4. \uad6c\ub9e4\uac00 \uc644\ub8cc\ub418\uba74 \ud53d\uc5c5 \uc900\ube44\ub97c \uc704\ud574 \ud604\uc9c0 \ud22c\uc5b4 \uac00\uc774\ub4dc\uc758 \uc804\uccb4 \uc5f0\ub77d\ucc98 \uc815\ubcf4(\uc804\ud654\ubc88\ud638, \uc774\uba54\uc77c \uc8fc\uc18c \ub4f1)\ub97c \ubcf4\ub0b4\ub4dc\ub9bd\ub2c8\ub2e4.<\/span><br \/>\nN<br \/>\nN<b><i>\ucd94\uac00\uc815\ubcf4 \ud655\uc778 <\/i><\/b><br \/>\nN<\/p>\n<ol>\nN \t<\/p>\n<li>\ud2f0\ucf13\uc740 \ubcf8 \ud22c\uc5b4 \uacb0\uc81c \ud6c4 \uc601\uc218\uc99d\uc785\ub2c8\ub2e4. \ud734\ub300\ud3f0\uc73c\ub85c \uacb0\uc81c\ub0b4\uc5ed\uc744 \ubcf4\uc5ec\uc8fc\uc2e4 \uc218 \uc788\uc2b5\ub2c8\ub2e4.<\/li>\n<p>N \t<\/p>\n<li style=\"font-weight: 400;\"><span style=\"font-weight: 400;\">\ubbf8\ud305 \ud3ec\uc778\ud2b8\ub294 \uc608\uc57d \uc808\ucc28 \uc774\ud6c4\uc5d0 \uc81c\uacf5\ub429\ub2c8\ub2e4.<\/span><\/li>\n<p>N \t<\/p>\n<li style=\"font-weight: 400;\"><span style=\"font-weight: 400;\">\uc5b4\ub9b0\uc774\ub294 \ubc18\ub4dc\uc2dc \uc131\uc778\uacfc \ub3d9\ubc18\ud574\uc57c \ud569\ub2c8\ub2e4.<\/span><\/li>\n<p>N \t<\/p>\n<li style=\"font-weight: 400;\"><span style=\"font-weight: 400;\"> \ud720\uccb4\uc5b4 \uc774\uc6a9 \ubd88\uac00 <\/span><\/li>\n<p>N \t<\/p>\n<li style=\"font-weight: 400;\"><span style=\"font-weight: 400;\">\uc720\uc544\ub294 \ubb34\ub98e\uc5d0 \uc549\ud600\uc57c \ud569\ub2c8\ub2e4. <\/span><\/li>\n<p>N \t<\/p>\n<li style=\"font-weight: 400;\"><span style=\"font-weight: 400;\">\ud5c8\ub9ac\uc5d0 \ubb38\uc81c\uac00 \uc788\ub294 \uc5ec\ud589\uc790\uc5d0\uac8c\ub294 \uad8c\uc7a5\ub418\uc9c0 \uc54a\uc2b5\ub2c8\ub2e4.<\/span><\/li>\n<p>N \t<\/p>\n<li style=\"font-weight: 400;\"><span style=\"font-weight: 400;\">\uc784\uc2e0\ud55c \uc5ec\ud589\uc790\uc5d0\uac8c\ub294 \uad8c\uc7a5\ub418\uc9c0 \uc54a\uc2b5\ub2c8\ub2e4. <\/span><\/li>\n<p>N \t<\/p>\n<li style=\"font-weight: 400;\"><span style=\"font-weight: 400;\"> \uc2ec\uc7a5 \ubb38\uc81c\ub098 \uae30\ud0c0 \uc2ec\uac01\ud55c \uc9c8\ubcd1\uc774 \uc5c6\uc74c <\/span><\/li>\n<p>N \t<\/p>\n<li style=\"font-weight: 400;\"><span style=\"font-weight: 400;\">\ub300\ubd80\ubd84\uc758 \uc5ec\ud589\uc790\uac00 \ucc38\uc5ec\ud560 \uc218 \uc788\uc2b5\ub2c8\ub2e4.<\/span><\/li>\n<p>N<\/ol>\n<p>N<\/p>\n<h4><b><i>\ucde8\uc18c \uc815\ucc45<\/i><\/b><\/h4>\n<p>\uc804\uc561 \ud658\ubd88\uc744 \ubc1b\uc73c\ub824\uba74 \ucde8\uc18c \uc815\ucc45\uc744 \uc77d\uc5b4\ubcf4\uc138\uc694.\u00a0<a href=\"https:\/\/www.boattoursamana.com\/ko\/%ec%98%a8%eb%9d%bc%ec%9d%b8-%ec%98%88%ec%95%bd\/\" target=\"_blank\" rel=\"noopener\" data-saferedirecturl=\"https:\/\/www.google.com\/url?q=https:\/\/www.boattoursamana.com\/online-booking\/&amp;source=gmail&amp;ust=1672449202351000&amp;usg=AOvVaw1yAeVAPktmaVCqDujgUn90\">\uc5ec\uae30\ub97c \ud074\ub9ad\ud558\uc138\uc694<\/a>. \uc5ec\ud589 \ub2f9\uc77c \uc608\uc57d\uc744 \ucde8\uc18c\ud558\uba74 \uc790\uae08\uc774 \uc190\uc2e4\ub429\ub2c8\ub2e4.<br \/>\nN<br \/>\nN&Nbsp;<br \/>\nN<br \/>\nN<em><strong>\uc0ac\ub78c\ub4e4\uc740 \ub610\ud55c \ub2e4\uc74c\uc744 \uac80\uc0c9\ud569\ub2c8\ub2e4:\u00a0<\/strong><\/em><br \/>\nN<br \/>\nnoverview inclusions exclusions departure<br \/>\nN<br \/>\nninclusions exclusions departure return<br \/>\nN<br \/>\nndamajagua waterfalls deaths<br \/>\nN<br \/>\nn27 waterfalls dominican republic death<br \/>\nN<br \/>\nndamajagua waterfalls price<br \/>\nN<br \/>\nN&Nbsp;<br \/>\nN<br \/>\nN<\/p>\n\n\t\t<\/div>\n\t<\/div>\n<\/div><\/div><\/div><\/div><div class=\"vc_row wpb_row vc_row-fluid\" ><div class=\"wpb_column vc_column_container vc_col-sm-12\"><div class=\"vc_column-inner\"><div class=\"wpb_wrapper\">\n\t<div class=\"wpb_video_widget wpb_content_element vc_clearfix   vc_video-aspect-ratio-169 vc_video-el-width-100 vc_video-align-left\" >\n\t\t<div class=\"wpb_wrapper\">\n\t\t\t<h2 class=\"wpb_heading wpb_video_heading\">\ud478\uc5d0\ub974\ud1a0 \ud50c\ub77c\ud0c0\uc5d0\uc11c \ucd9c\ubc1c\ud558\ub294 \ub2e4\ub9c8\ud558\uacfc \ud3ed\ud3ec 27\uac1c \ud22c\uc5b4:<\/h2>\n\t\t\t<div class=\"wpb_video_wrapper\"><iframe loading=\"lazy\" title=\"\ubaa8\ud5d8\uacfc \uc5ec\ud589 \ub3c4\ubbf8\ub2c8\uce74 \uacf5\ud654\uad6d\uc744 \uc608\uc57d\ud558\uc5ec \ub2e4\ub9c8\ud558\uacfc \ud3ed\ud3ec 27\uacf3\" width=\"1100\" height=\"619\" src=\"https:\/\/www.youtube.com\/embed\/AVNh_we_RQE?start=17&feature=oembed\" frameborder=\"0\" allow=\"accelerometer; autoplay; clipboard-write; encrypted-media; gyroscope; picture-in-picture; web-share\" allowfullscreen><\/iframe><\/div>\n\t\t<\/div>\n\t<\/div>\n<\/div><\/div><\/div><\/div><div class=\"vc_row wpb_row vc_row-fluid\" ><\/div><div class=\"wpb_column vc_column_container vc_col-sm-12\"><div class=\"vc_column-inner\"><div class=\"wpb_wrapper\"><\/div><\/div><\/div><div class=\"vc_empty_space\"   style=\"height: 32px\"><span class=\"vc_empty_space_inner\"><\/span><\/div><div class=\"vc_empty_space\"   style=\"height: 32px\"><span class=\"vc_empty_space_inner\"><\/span><\/div>","protected":false},"excerpt":{"rendered":"<p>Esta excursi\u00f3n desde 27 cascadas de Damajagua en Puerto Plata, Almuerzo y Excursi\u00f3n por las 27 cascadas, caminata y salto al r\u00edo. n nViaje Ecol\u00f3gico a las 27 cascadas de Puerto Plata. Obtenga sus boletos para una excursi\u00f3n de medio d\u00eda aqu\u00ed en la Cascada 27 de Damajagua. Los boletos de ingreso con almuerzo y excursi\u00f3n incluyen salto y nado en las cascadas m\u00e1s hermosas de la Rep\u00fablica Dominicana. Caminata y nataci\u00f3n con equipo de seguridad para tener la mejor [&hellip;]<\/p>\n","protected":false},"author":2,"featured_media":0,"parent":0,"menu_order":0,"comment_status":"open","ping_status":"closed","template":"","meta":{"footnotes":""},"class_list":["post-15803","page","type-page","status-publish","hentry"],"_links":{"self":[{"href":"https:\/\/www.boattoursamana.com\/ko\/wp-json\/wp\/v2\/pages\/15803","targetHints":{"allow":["GET"]}}],"collection":[{"href":"https:\/\/www.boattoursamana.com\/ko\/wp-json\/wp\/v2\/pages"}],"about":[{"href":"https:\/\/www.boattoursamana.com\/ko\/wp-json\/wp\/v2\/types\/page"}],"author":[{"embeddable":true,"href":"https:\/\/www.boattoursamana.com\/ko\/wp-json\/wp\/v2\/users\/2"}],"replies":[{"embeddable":true,"href":"https:\/\/www.boattoursamana.com\/ko\/wp-json\/wp\/v2\/comments?post=15803"}],"version-history":[{"count":0,"href":"https:\/\/www.boattoursamana.com\/ko\/wp-json\/wp\/v2\/pages\/15803\/revisions"}],"wp:attachment":[{"href":"https:\/\/www.boattoursamana.com\/ko\/wp-json\/wp\/v2\/media?parent=15803"}],"curies":[{"name":"wp","href":"https:\/\/api.w.org\/{rel}","templated":true}]}}