{"id":15818,"date":"2023-07-15T07:44:18","date_gmt":"2023-07-15T07:44:18","guid":{"rendered":"https:\/\/www.ticketswhales.com\/las-terrenas-cayo-levantado-bacardi-island-day-trip-tour\/"},"modified":"2023-07-15T07:44:18","modified_gmt":"2023-07-15T07:44:18","slug":"las-terrenas-cayo-levantado-bacardi-island-day-trip-tour","status":"publish","type":"page","link":"https:\/\/www.boattoursamana.com\/ko\/%eb%9d%bc%ec%8a%a4-%ed%85%8c%eb%a0%88%eb%82%98%ec%8a%a4-%ec%b9%b4%ec%9a%94-%eb%a0%88%eb%b0%98%ed%83%80%eb%8f%84-%eb%b0%94%ec%b9%b4%eb%a5%b4%eb%94%94-%ec%84%ac-%eb%8b%b9%ec%9d%bc-%ec%97%ac%ed%96%89","title":{"rendered":"Las Terrenas Cayo levantado (\ubc14\uce74\ub514 \uc12c) \ub2f9\uc77c \uc5ec\ud589 \ud22c\uc5b4"},"content":{"rendered":"<p><span style=\"vertical-align: inherit;\"><span style=\"vertical-align: inherit;\"><span style=\"vertical-align: inherit;\"><span style=\"vertical-align: inherit;\">\u00a1Excursi\u00f3n de un d\u00eda a la playa de la Bacard\u00ed(Cayo Levantado)! <\/span><\/span><\/span><span style=\"vertical-align: inherit;\"><span style=\"vertical-align: inherit;\"><span style=\"vertical-align: inherit;\">Consiga sus entradas y almuerce en la playa. <\/span><\/span><\/span><span style=\"vertical-align: inherit;\"><span style=\"vertical-align: inherit;\"><span style=\"vertical-align: inherit;\">Traslado en barco \ub610\ub294 catamar\u00e1n todos los d\u00edas a la isla de Bacardi. <\/span><\/span><\/span><span style=\"vertical-align: inherit;\"><span style=\"vertical-align: inherit;\"><span style=\"vertical-align: inherit;\">la bah\u00eda de Saman\u00e1\ub97c \ubc29\ubb38\ud558\uace0 \uc81c\uc548\uc744 \ubc1b\uc544\ubcf4\uc138\uc694.<\/span><\/span><\/span><\/span><br \/>\nN<br \/>\nN&Nbsp;<br \/>\nN<br \/>\nN<em><strong><span style=\"vertical-align: inherit;\"><span style=\"vertical-align: inherit;\"><span style=\"vertical-align: inherit;\"><span style=\"vertical-align: inherit;\">\uc140\ub809\uc2dc\uc624\ub124 \ub77c \ud398\ucc28 \ud30c\ub77c \uc5d8 \ud22c\uc5b4\u00a0<\/span><\/span><\/span><\/span><\/strong><\/em><\/p>\n<p>&nbsp;<\/p>\n<div class=\"vc_row wpb_row vc_row-fluid\" ><div class=\"wpb_column vc_column_container vc_col-sm-12\"><div class=\"vc_column-inner\"><div class=\"wpb_wrapper\"><div class=\"mkdf-section-title-holder\" style=\"text-align: left\">\n\t<div class=\"mkdf-st-inner\">\n\t\t\t\t\t<h5 class=\"mkdf-st-subtitle\" >\n\t\t\t\t\uc810\uc2ec \uc2dd\uc0ac, \uad50\ud1b5\uc218\ub2e8, \ud574\ubcc0\uc5d0\uc11c\uc758 \uc218\uc601\t\t\t<\/h5>\n\t\t\t\t\t\t\t<h3 class=\"mkdf-st-title\" >\n\t\t\t\tLas Terrenas Cayo levantado (\ubc14\uce74\ub514 \uc12c) \ub2f9\uc77c \uc5ec\ud589 \ud22c\uc5b4\t\t\t<\/h3>\n\t\t\t\t\t<\/div>\n<\/div><\/div><\/div><\/div><\/div><div class=\"vc_row wpb_row vc_row-fluid\" ><div class=\"wpb_column vc_column_container vc_col-sm-12\"><div class=\"vc_column-inner\"><div class=\"wpb_wrapper\"><div class=\"vc_empty_space\"   style=\"height: 32px\"><span class=\"vc_empty_space_inner\"><\/span><\/div><\/div><\/div><\/div><\/div><div class=\"vc_row wpb_row vc_row-fluid\" ><div class=\"wpb_column vc_column_container vc_col-sm-12\"><div class=\"vc_column-inner\"><div class=\"wpb_wrapper\"><div class=\"vc_btn3-container vc_btn3-inline\" ><button class=\"vc_general vc_btn3 vc_btn3-size-md vc_btn3-shape-rounded vc_btn3-style-modern vc_btn3-color-green\">\uc9c0\uae08 \uc608\uc57d<\/button><\/div>\n\t<div class=\"wpb_text_column wpb_content_element\" >\n\t\t<div class=\"wpb_wrapper\">\n\t\t\t<p>\nN<\/p>\n<h4><b><i>\uac1c\uc694 <\/i><\/b><\/h4>\n<p>nOur <em>\ud558\ub8e8\uac00 \uc9c0\ub098\uac04\ub2e4<\/em>\u00a0\uc2dc\uac04\uc744 \ubcf4\ub0b4\uace0 \uc2f6\uc740 \uc0ac\ub78c\uc744 \uc704\ud55c \uac83\uc785\ub2c8\ub2e4.\u00a0<em>\ub0ae<\/em> Cayo levantado\uc5d0\uc11c las Terrenas Hotels\uc758 \uad50\ud1b5\ud3b8\uc774 \ud3ec\ud568\ub418\uc5b4 \uc788\uc2b5\ub2c8\ub2e4. \ub3c4\ubbf8\ub2c8\uce74 \uacf5\ud654\uad6d\uc5d0\uc11c \uac00\uc7a5 \uc544\ub984\ub2e4\uc6b4 \ud574\ubcc0 \uc911 \ud558\ub098\ub97c \ubc29\ubb38\ud558\uc138\uc694. \uc790\uc720\ub86d\uac8c \uc0b0\ucc45\ud558\uace0, \uc218\uc601\ud558\uace0, \ud734\uc2dd\uc744 \ucde8\ud558\uace0, \ud734\uc2dd\uc744 \ucde8\ud558\uace0, \ubc30\uad6c\ub97c \ud558\uace0, \uc0ac\uc9c4\uc744 \ucc0d\uace0, \uc2a4\ub178\ud074\ub9c1\ud558\uace0, \ud574\ubcc0\uc744 \uc990\uae30\uace0, \uadf8\ub298\uc5d0 \ub204\uc6cc \uc0c1\ucf8c\ud55c \uc74c\ub8cc\ub97c \ub9c8\uc2e4 \uc218 \uc788\uc2b5\ub2c8\ub2e4(\ud53c\ub0d0 \ucf5c\ub77c\ub2e4, \ucf54\ucf54 \ub85c\ucf54, \ucfe0\ubc14 \ub9ac\ube0c\ub808 \ub4f1).<br \/>\nN<\/p>\n<ul>\nN \t<\/p>\n<li style=\"font-weight: 400;\"><span style=\"font-weight: 400;\">\ud574\ubcc0\uc5d0\uc11c\uc758 \uc810\uc2ec \ubdd4\ud398 \ud3ec\ud568<\/span><\/li>\n<p>N \t<\/p>\n<li>\uc131\uc778 1\uc778\ub2f9 \uc54c\ucf54\uc62c \uc720\ubb34\uc5d0 \uad00\uacc4\uc5c6\uc774 \ud53c\ub098 \ucf5c\ub77c\ub2e4 1\uc794.<\/li>\n<p>N \t<\/p>\n<li>\ubcf4\ud2b8 \uc774\ub3d9<\/li>\n<p>N \t<\/p>\n<li style=\"font-weight: 400;\"><span style=\"font-weight: 400;\">\uc120\uc7a5\uc740 \uc9c0\uc2dc\uc640 \uac10\ub3c5\uc744 \uc81c\uacf5\ud569\ub2c8\ub2e4.<\/span><\/li>\n<p>N<\/ul>\n<p>N&Nbsp;<br \/>\nN<\/p>\n<h4><b>\ud3ec\ud568 \ubc0f \uc81c\uc678<\/b><\/h4>\n<p>N&Nbsp;<br \/>\nN<br \/>\nN<b>\ud3ec\ud568\uc0ac\ud56d<\/b><br \/>\nN<\/p>\n<ol>\nN \t<\/p>\n<li>\uc131\uc778 1\uc778\ub2f9 \uc54c\ucf54\uc62c \uc720\ubb34\uc5d0 \uad00\uacc4\uc5c6\uc774 \ud53c\ub098 \ucf5c\ub77c\ub2e4 1\uc794.<\/li>\n<p>N \t<\/p>\n<li style=\"font-weight: 400;\"><span style=\"font-weight: 400;\">\ud574\ubcc0\uc5d0\uc11c\uc758 \uc810\uc2ec \ubdd4\ud398<\/span><\/li>\n<p>N \t<\/p>\n<li style=\"font-weight: 400;\"><span style=\"font-weight: 400;\">\ubaa8\ub4e0 \uc138\uae08, \uc218\uc218\ub8cc \ubc0f \ucde8\uae09 \ube44\uc6a9<\/span><\/li>\n<p>N \t<\/p>\n<li>\uc6b4\uc1a1<\/li>\n<p>N \t<\/p>\n<li style=\"font-weight: 400;\"><span style=\"font-weight: 400;\">\uc9c0\ubc29\uc138<\/span><\/li>\n<p>N \t<\/p>\n<li style=\"font-weight: 400;\"><span style=\"font-weight: 400;\">\uc74c\ub8cc\uc218<\/span><\/li>\n<p>N<\/ol>\n<p>N<b> \uc81c\uc678<\/b><br \/>\nN<\/p>\n<ol>\nN \t<\/p>\n<li style=\"font-weight: 400;\"><span style=\"font-weight: 400;\">\ud301<\/span><\/li>\n<p>N \t<\/p>\n<li style=\"font-weight: 400;\"><span style=\"font-weight: 400;\">\uc54c\ucf54\uc62c \uc74c\ub8cc<\/span><\/li>\n<p>N \t<\/p>\n<li>\uc9c0\uc5ed \uac00\uc774\ub4dc<\/li>\n<p>N<\/ol>\n<p>N&Nbsp;<br \/>\nN<\/p>\n<h4><em><strong>\ucd9c\ubc1c \ubc0f \uadc0\uad6d<\/strong><\/em><\/h4>\n<p>N<span style=\"font-weight: 400;\">\uc5ec\ud589\uc790\ub294 \uc608\uc57d \uc808\ucc28\uac00 \uc644\ub8cc\ub41c \ud6c4 \ubbf8\ud305 \uc7a5\uc18c\ub97c \uac16\uac8c \ub429\ub2c8\ub2e4. \ud22c\uc5b4\ub294 \ubbf8\ud305 \uc7a5\uc18c\uc5d0\uc11c \uc2dc\uc791\ub418\uace0 \uc885\ub8cc\ub429\ub2c8\ub2e4.<\/span><br \/>\nN<br \/>\nN&Nbsp;<br \/>\nN<\/p>\n<h4><b><i>\ubb58 \uae30\ub300 \ud560\uae4c?<\/i><\/b><\/h4>\n<p>N&Nbsp;<br \/>\nN<br \/>\nN<em><strong>\ud2f0\ucf13 \ubc1b\uae30<\/strong><\/em> \uc0ac\ub9c8\ub098\uc758 \ubc14\uce74\ub514 \uc12c(\uce74\uc694 \ub808\ubc18\ud0c0\ub3c4) \uc77c\uc77c \ud328\uc2a4\uc640 \ud568\uaed8 Las Terrenas \ud638\ud154 \ub610\ub294 \uc5d0\uc5b4\ube44\uc564\ube44 \uc219\uc18c\uc5d0\uc11c \ucd9c\ubc1c\ud558\ub294 \uba4b\uc9c4 \uc810\uc2ec \uc2dd\uc0ac\uc640 \ud574\ubcc0 \uc2dc\uac04\uc744 \uc990\uaca8\ubcf4\uc138\uc694.<br \/>\nN<br \/>\nN<span style=\"font-weight: 400;\">&quot;Booking Adventures&quot;\uac00 \uc8fc\ucd5c\ud558\ub294 \ub370\uc774\ud328\uc2a4\ub294 \ud22c\uc5b4 \uac00\uc774\ub4dc\uac00 \uc815\ud55c \ubbf8\ud305 \uc7a5\uc18c\uc5d0\uc11c \uc2dc\uc791\ub429\ub2c8\ub2e4. <\/span>\ud574\ubcc0\uc5d0\uc11c \uc810\uc2ec\uc744 \uba39\uace0 \uc218\uc601\uc744 \ud558\uace0 \uc2f6\uc740 \ub9cc\ud07c \uc624\ub798 \uba38\ubb3c \uc218 \uc788\uc2b5\ub2c8\ub2e4. \ube44\uac74 \ucc44\uc2dd\uc778\uc774\ub77c\uba74 \uc74c\uc2dd\uc744 \uc900\ube44\ud574\ub4dc\ub9b4 \uc218\ub3c4 \uc788\uc2b5\ub2c8\ub2e4.<br \/>\nN<br \/>\nN<strong>\uc2dc\uac04\ud45c:<\/strong><br \/>\nN<br \/>\nn6:45 AM &#8211; 4:30 PM<br \/>\nN<br \/>\nN&Nbsp;<br \/>\nN<\/p>\n<h4><em><strong>\ubb34\uc5c7\uc744 \uac00\uc838\uc640\uc57c\ud569\ub2c8\uae4c?<\/strong><\/em><\/h4>\n<p>N<\/p>\n<ul>\nN \t<\/p>\n<li style=\"font-weight: 400;\"><span style=\"font-weight: 400;\">\uce74\uba54\ub77c<\/span><\/li>\n<p>N \t<\/p>\n<li style=\"font-weight: 400;\"><span style=\"font-weight: 400;\">\uad6c\ucda9\uc81c \uc0c8\uc2f9<\/span><\/li>\n<p>N \t<\/p>\n<li style=\"font-weight: 400;\"><span style=\"font-weight: 400;\">\uc120\ud06c\ub9bc<\/span><\/li>\n<p>N \t<\/p>\n<li style=\"font-weight: 400;\"><span style=\"font-weight: 400;\">\ubaa8\uc790<\/span><\/li>\n<p>N \t<\/p>\n<li style=\"font-weight: 400;\"><span style=\"font-weight: 400;\">\ud3b8\uc548\ud55c \ubc14\uc9c0<\/span><\/li>\n<p>N \t<\/p>\n<li style=\"font-weight: 400;\"><span style=\"font-weight: 400;\">\uc232\uc18d\uc758 \ub4f1\uc0b0\ud654<\/span><\/li>\n<p>N \t<\/p>\n<li style=\"font-weight: 400;\"><span style=\"font-weight: 400;\">\ud574\ubcc0 \uc0cc\ub4e4<\/span><\/li>\n<p>N \t<\/p>\n<li style=\"font-weight: 400;\"><span style=\"font-weight: 400;\">\uc218\uc601\ubcf5<\/span><\/li>\n<p>N \t<\/p>\n<li>\uae30\ub150\ud488\uc6a9 \ud604\uae08<\/li>\n<p>N<\/ul>\n<p>N&Nbsp;<br \/>\nN<\/p>\n<h4><b><i>\ud638\ud154 \ud53d\uc5c5 <\/i><\/b><\/h4>\n<p>N<span style=\"font-weight: 400;\">\uc774 \ud22c\uc5b4\uc5d0\ub294 \ud638\ud154 \ub610\ub294 \uc5d0\uc5b4\ube44\uc564\ube44 \ud53d\uc5c5\uc774 \uc81c\uacf5\ub429\ub2c8\ub2e4. <\/span><br \/>\nN<br \/>\nN&Nbsp;<br \/>\nN<br \/>\nN<b>\uba54\ubaa8:<\/b><span style=\"font-weight: 400;\"> \ud22c\uc5b4\/\uc5ec\ud589 \ucd9c\ubc1c \uc2dc\uac04 24\uc2dc\uac04 \uc774\ub0b4\uc5d0 \uc608\uc57d\ud558\uc2dc\ub294 \uacbd\uc6b0, \ucd94\uac00 \uc694\uae08\uc73c\ub85c \ud638\ud154 \ud53d\uc5c5\uc744 \uc900\ube44\ud574 \ub4dc\ub9b4 \uc218 \uc788\uc2b5\ub2c8\ub2e4. \uad6c\ub9e4\uac00 \uc644\ub8cc\ub418\uba74 \ud53d\uc5c5 \uc900\ube44\ub97c \uc704\ud574 \ud604\uc9c0 \ud22c\uc5b4 \uac00\uc774\ub4dc\uc758 \uc804\uccb4 \uc5f0\ub77d\ucc98 \uc815\ubcf4(\uc804\ud654\ubc88\ud638, \uc774\uba54\uc77c \uc8fc\uc18c \ub4f1)\ub97c \ubcf4\ub0b4\ub4dc\ub9bd\ub2c8\ub2e4.<\/span><br \/>\nN<\/p>\n<h4><b><i>\ucd94\uac00\uc815\ubcf4 \ud655\uc778 <\/i><\/b><\/h4>\n<p>N<\/p>\n<ol>\nN \t<\/p>\n<li>\ud2f0\ucf13\uc740 \ubcf8 \ud22c\uc5b4 \uacb0\uc81c \ud6c4 \uc601\uc218\uc99d\uc785\ub2c8\ub2e4. \ud734\ub300\ud3f0\uc73c\ub85c \uacb0\uc81c\ub0b4\uc5ed\uc744 \ubcf4\uc5ec\uc8fc\uc2e4 \uc218 \uc788\uc2b5\ub2c8\ub2e4.<\/li>\n<p>N \t<\/p>\n<li style=\"font-weight: 400;\"><span style=\"font-weight: 400;\">\ubbf8\ud305 \ud3ec\uc778\ud2b8\ub294 \uc608\uc57d \uc808\ucc28 \uc774\ud6c4\uc5d0 \uc81c\uacf5\ub429\ub2c8\ub2e4.<\/span><\/li>\n<p>N \t<\/p>\n<li style=\"font-weight: 400;\"><span style=\"font-weight: 400;\">\uc5b4\ub9b0\uc774\ub294 \ubc18\ub4dc\uc2dc \uc131\uc778\uacfc \ub3d9\ubc18\ud574\uc57c \ud569\ub2c8\ub2e4.<\/span><\/li>\n<p>N \t<\/p>\n<li style=\"font-weight: 400;\"><span style=\"font-weight: 400;\">\ud720\uccb4\uc5b4 \uc774\uc6a9 \uac00\ub2a5 <\/span><\/li>\n<p>N \t<\/p>\n<li style=\"font-weight: 400;\"><span style=\"font-weight: 400;\">\uc720\uc544\ub294 \ubb34\ub98e\uc5d0 \uc549\ud600\uc57c \ud569\ub2c8\ub2e4. <\/span><\/li>\n<p>N \t<\/p>\n<li style=\"font-weight: 400;\"><span style=\"font-weight: 400;\">\ub300\ubd80\ubd84\uc758 \uc5ec\ud589\uc790\uac00 \ucc38\uc5ec\ud560 \uc218 \uc788\uc2b5\ub2c8\ub2e4.<\/span><\/li>\n<p>N<\/ol>\n<p>N<\/p>\n<h4><b><i>\ucde8\uc18c \uc815\ucc45<\/i><\/b><\/h4>\n<p>\uc804\uc561 \ud658\ubd88\uc744 \ubc1b\uc73c\ub824\uba74 \ucde8\uc18c \uc815\ucc45\uc744 \uc77d\uc5b4\ubcf4\uc138\uc694.\u00a0<a href=\"https:\/\/www.boattoursamana.com\/ko\/%ec%98%a8%eb%9d%bc%ec%9d%b8-%ec%98%88%ec%95%bd\/\" target=\"_blank\" rel=\"noopener\" data-saferedirecturl=\"https:\/\/www.google.com\/url?q=https:\/\/www.boattoursamana.com\/online-booking\/&amp;source=gmail&amp;ust=1672449202351000&amp;usg=AOvVaw1yAeVAPktmaVCqDujgUn90\">\uc5ec\uae30\ub97c \ud074\ub9ad\ud558\uc138\uc694<\/a>. \uc5ec\ud589 \ub2f9\uc77c \uc608\uc57d\uc744 \ucde8\uc18c\ud558\uba74 \uc790\uae08\uc774 \uc190\uc2e4\ub429\ub2c8\ub2e4.<\/p>\n\n\t\t<\/div>\n\t<\/div>\n<\/div><\/div><\/div><\/div><div class=\"vc_row wpb_row vc_row-fluid\" ><\/div><div class=\"wpb_column vc_column_container vc_col-sm-12\"><div class=\"vc_column-inner\"><div class=\"wpb_wrapper\"><\/div><\/div><\/div><div class=\"vc_empty_space\"   style=\"height: 32px\"><span class=\"vc_empty_space_inner\"><\/span><\/div>\n\t<div class=\"wpb_text_column wpb_content_element\" >\n\t\t<div class=\"wpb_wrapper\">\n\t\t\t<p>\nN<br \/>\nn \ub098\ub294 \ud14d\uc2a4\ud2b8 \ube14\ub85d\uc774\ub2e4. \uc774 \ud14d\uc2a4\ud2b8\ub97c \ubcc0\uacbd\ud558\ub824\uba74 \ud3b8\uc9d1 \ubc84\ud2bc\uc744 \ud074\ub9ad\ud558\uc138\uc694. Lorem ipsum dolor sit amet, consectetur adipiscing elit. Ut elittellus, luctus nec ullamcorper mattis, pulvinar dapibus leo.<br \/>\nN<br \/>\nN<\/p>\n\n\t\t<\/div>\n\t<\/div>\n<div class=\"vc_empty_space\"   style=\"height: 32px\"><span class=\"vc_empty_space_inner\"><\/span><\/div><div class=\"vc_row wpb_row vc_row-fluid\" ><\/div><div class=\"wpb_column vc_column_container vc_col-sm-12\"><div class=\"vc_column-inner\"><div class=\"wpb_wrapper\"><\/div><\/div><\/div><div class=\"vc_row wpb_row vc_row-fluid\" ><div class=\"wpb_column vc_column_container vc_col-sm-12\"><div class=\"vc_column-inner\"><div class=\"wpb_wrapper\"><div class=\"vc_btn3-container vc_btn3-inline\" ><button class=\"vc_general vc_btn3 vc_btn3-size-md vc_btn3-shape-rounded vc_btn3-style-modern vc_btn3-color-green\">\uc9c0\uae08 \uc608\uc57d<\/button><\/div><\/div><\/div><\/div><\/div>","protected":false},"excerpt":{"rendered":"<p>\u00a1Excursi\u00f3n de un d\u00eda a la playa de la isla Bacard\u00ed (Cayo Levantado)! Consiga sus entradas y almuerce en la playa. Traslado en barco o catamar\u00e1n todos los d\u00edas a la isla de Bacardi. Visite la bah\u00eda de Saman\u00e1 y reserve hoy esta oferta. n n&nbsp; n nSeleccione la fecha para el tour\u00a0 &nbsp;<\/p>","protected":false},"author":2,"featured_media":0,"parent":0,"menu_order":0,"comment_status":"open","ping_status":"closed","template":"","meta":{"footnotes":""},"class_list":["post-15818","page","type-page","status-publish","hentry"],"_links":{"self":[{"href":"https:\/\/www.boattoursamana.com\/ko\/wp-json\/wp\/v2\/pages\/15818","targetHints":{"allow":["GET"]}}],"collection":[{"href":"https:\/\/www.boattoursamana.com\/ko\/wp-json\/wp\/v2\/pages"}],"about":[{"href":"https:\/\/www.boattoursamana.com\/ko\/wp-json\/wp\/v2\/types\/page"}],"author":[{"embeddable":true,"href":"https:\/\/www.boattoursamana.com\/ko\/wp-json\/wp\/v2\/users\/2"}],"replies":[{"embeddable":true,"href":"https:\/\/www.boattoursamana.com\/ko\/wp-json\/wp\/v2\/comments?post=15818"}],"version-history":[{"count":0,"href":"https:\/\/www.boattoursamana.com\/ko\/wp-json\/wp\/v2\/pages\/15818\/revisions"}],"wp:attachment":[{"href":"https:\/\/www.boattoursamana.com\/ko\/wp-json\/wp\/v2\/media?parent=15818"}],"curies":[{"name":"wp","href":"https:\/\/api.w.org\/{rel}","templated":true}]}}