{"id":15865,"date":"2023-07-15T07:45:08","date_gmt":"2023-07-15T07:45:08","guid":{"rendered":"https:\/\/www.ticketswhales.com\/jarabacoa-buggy-with-baiguate-waterfall-double\/"},"modified":"2023-07-15T07:45:08","modified_gmt":"2023-07-15T07:45:08","slug":"jarabacoa-buggy-with-baiguate-waterfall-double","status":"publish","type":"page","link":"https:\/\/www.boattoursamana.com\/ko\/%eb%b0%94%ec%9d%b4%ea%b5%ac%ec%95%84%ed%85%8c-%ed%8f%ad%ed%8f%ac-%eb%8d%94%eb%b8%94%ec%9d%b4-%ed%8f%ac%ed%95%a8%eb%90%9c-%ec%9e%90%eb%9d%bc%eb%b0%94%ec%bd%94%ec%95%84-%eb%b2%84%ea%b8%b0%ec%b9%b4-2","title":{"rendered":"\ud558\ub77c\ubc14\ucf54\uc544 \ubc84\uae30\uce74 - \ubc14\uc774\uad6c\uc544\ud14c \ud3ed\ud3ec \ub354\ube14"},"content":{"rendered":"<p><span style=\"font-weight: 400;\"><span style=\"vertical-align: inherit;\"><span style=\"vertical-align: inherit;\">\u00danase a nosotros y viaje con unexperto local de Jarabacoa y obtenga la experiencia \u00fanica de Visitar los mejores lugares de la capital del ecoturismo a partir de Jarabacoa, estetour lo llevar\u00e1 a conocer el hermoso paisaje del rancho monta\u00f1oso m\u00e1s grande de la Dominicana. <\/span><span style=\"vertical-align: inherit;\">Mientras\ub294 \ub2e4\uc591\ud55c \ud589\ub3d9\uc744 \uc720\ub3c4\ud558\uace0, Monta\u00f1a\uc758 \uae30\ubd84\uc744 \uc0c1\ud558\uac8c \ud558\uace0, \uc544\ub984\ub2e4\uc6b4 \uc544\ub984\ub2e4\uc6c0\uc744 \ubd88\ucf8c\ud558\uac8c \ub9cc\ub4ed\ub2c8\ub2e4.\u00a0<\/span><\/span><\/span><br \/>\nN<br \/>\nN<strong><span style=\"vertical-align: inherit;\"><span style=\"vertical-align: inherit;\">Seleccione la fecha para el \ud22c\uc5b4:\u00a0<\/span><\/span><\/strong><\/p>\n<p>&nbsp;<\/p>\n<div class=\"vc_row wpb_row vc_row-fluid\" ><div class=\"wpb_column vc_column_container vc_col-sm-12\"><div class=\"vc_column-inner\"><div class=\"wpb_wrapper\"><div class=\"mkdf-section-title-holder\" style=\"text-align: left\">\n\t<div class=\"mkdf-st-inner\">\n\t\t\t\t\t<h5 class=\"mkdf-st-subtitle\" >\n\t\t\t\t\ubc84\uae30 - \ubc84\uae30\t\t\t<\/h5>\n\t\t\t\t\t\t\t<h3 class=\"mkdf-st-title\" >\n\t\t\t\tJimenoa \ubc0f Baiguate \ud3ed\ud3ec\uac00 \uc788\ub294 Jarabacoa\t\t\t<\/h3>\n\t\t\t\t\t<\/div>\n<\/div><\/div><\/div><\/div><\/div><div class=\"vc_row wpb_row vc_row-fluid\" ><div class=\"wpb_column vc_column_container vc_col-sm-12\"><div class=\"vc_column-inner\"><div class=\"wpb_wrapper\">\n\t<div class=\"wpb_text_column wpb_content_element\" >\n\t\t<div class=\"wpb_wrapper\">\n\t\t\t<p>\nN<\/p>\n<h3 class=\"ui_header h1 attractions-product-info-ProductTitle__title--1qM0o\">Baiguate Waterfall Double\uc774 \ud3ec\ud568\ub41c Jarabacoa \ubc84\uae30\uce74<\/h3>\n<p>N<\/p>\n<h4><b><i>\uac1c\uc694 <\/i><\/b><\/h4>\n<p>N<span style=\"font-weight: 400;\">\uc6b0\ub9ac\uc640 \ud568\uaed8 Jarabacoa\uc758 \ud604\uc9c0 \uc804\ubb38\uac00\uc640 \ud568\uaed8 \uc5ec\ud589\ud558\uace0 Jarabacoa\uc5d0\uc11c \uc2dc\uc791\ud558\uc5ec \uc0dd\ud0dc \uad00\uad11\uc758 \uc218\ub3c4\uc5d0\uc11c \ucd5c\uace0\uc758 \uc7a5\uc18c\ub97c \ubc29\ubb38\ud558\ub294 \ub3c5\ud2b9\ud55c \uacbd\ud5d8\uc744 \uc5bb\uc73c\uc2ed\uc2dc\uc624. \uc774 \ud22c\uc5b4\ub294 \ub3c4\ubbf8\ub2c8\uce74 \uacf5\ud654\uad6d\uc5d0\uc11c \uac00\uc7a5 \ud070 \uc0b0 \ubaa9\uc7a5\uc758 \uc544\ub984\ub2e4\uc6b4 \ud48d\uacbd\uc744 \ub458\ub7ec\ubcf4\uac8c \ub420 \uac83\uc785\ub2c8\ub2e4. \ub2e4\uc591\ud55c \uc7a5\uc18c\ub97c \uc6b4\uc804\ud558\uba74\uc11c \uc0b0\uc758 \uacf5\uae30\ub97c \ub290\ub07c\uace0 \uc2dc\uace8\uc758 \uc544\ub984\ub2e4\uc6c0\uc744 \uc990\uae38 \uc218 \uc788\uc2b5\ub2c8\ub2e4.\u00a0<\/span><br \/>\nN<br \/>\nN<span style=\"font-weight: 400;\">\uc774 \ud22c\uc5b4\ub97c \uc704\ud574 \ub2e4\uc591\ud55c \uc7a5\uc18c\ub85c \uc774\ub3d9\ud560 \uc218 \uc788\uc2b5\ub2c8\ub2e4. \uc790\uc804\uac70 \ud0c0\uae30, \uc2b9\ub9c8, \uc0ac\ud30c\ub9ac, 4\ub95c \ub610\ub294 \ubc84\uae30 \uc635\uc158\uc774 \uc81c\uacf5\ub429\ub2c8\ub2e4. \uc9c0\uae08 \uc628\ub77c\uc778\uc73c\ub85c \ud2f0\ucf13\uc744 \uad6c\ub9e4\ud558\uace0 \ub3c4\uc2dc \ucd5c\uace0\uc758 \uc7a5\uc18c\ub97c \uc5ec\ud589\ud558\uba74\uc11c \uc790\ub77c\ubc14\ucf54\uc544\uc640 \ub3c4\ubbf8\ub2c8\uce74 \uacf5\ud654\uad6d \ubb38\ud654\uc5d0 \ub300\ud574 \uc7ac\ubbf8\uc788\uac8c \ubc30\uc6cc\ubcf4\uc138\uc694.<\/span><br \/>\nN<br \/>\nN<span style=\"font-weight: 400;\">Jarabacoa\ub294 \ub0a0\uc528\ub85c \uc778\ud574 \uc601\uc6d0\ud55c \ubd04 \ubc29\ud559\uc758 \ub3c4\uc2dc\uc774\uc790 La Vega \uc9c0\ubc29\uc5d0\uc11c \ub450 \ubc88\uc9f8\ub85c \uc911\uc694\ud55c \uc790\uce58 \ub2e8\uccb4\uc785\ub2c8\ub2e4. \uc5ed\uc0ac\uc5d0 \ub530\ub974\uba74 \uc790\ub77c\ubc14\ucf54\uc544\ub294 &quot;\ubb3c\uc774 \ub9ce\uc740 \uacf3&quot;\uc744 \uc758\ubbf8\ud569\ub2c8\ub2e4. 1858\ub144 9\uc6d4 27\uc77c, \uc790\ub77c\ubc14\ucf54\uc544\ub294 19\uc138\uae30 \ucd08\ubd80\ud130 \uacbd\ub825\uc744 \uc313\uc740 \ud6c4 \uc5bb\uc740 \ubc94\uc8fc\uc778 \uc790\uce58\uccb4\ub85c\uc11c \uc0b6\uc744 \uc2dc\uc791\ud588\uc2b5\ub2c8\ub2e4. \uc6b0\ub9ac\uc640 \ud568\uaed8 \uc5ec\ud589\ud558\uba74\uc11c \ub3c4\ubbf8\ub2c8\uce74 \uacf5\ud654\uad6d \ubd81\ubd80 \uc9c0\uc5ed\uc758 \uc0b0, \uc790\uc5f0, \ubb38\ud654, \uc0ac\ub78c\ub4e4\uc5d0 \ub300\ud574 \ub354 \ub9ce\uc774 \uc54c\uc544\ubcf4\uc138\uc694.\u00a0<\/span><br \/>\nN<\/p>\n<ul>\nN \t<\/p>\n<li style=\"font-weight: 400;\">\uc218\uc218\ub8cc \ud3ec\ud568<\/li>\n<p>N \t<\/p>\n<li>\uc810\uc2ec<\/li>\n<p>N \t<\/p>\n<li>\uc2a4\ub0b5<\/li>\n<p>N \t<\/p>\n<li style=\"font-weight: 400;\">\uc601\uc5b4 \ud604\uc9c0 \ud22c\uc5b4 \uac00\uc774\ub4dc<\/li>\n<p>N<\/ul>\n<p>N<\/p>\n<h4><b>\ud3ec\ud568 \ubc0f \uc81c\uc678<\/b><\/h4>\n<p>N<b>\ud3ec\ud568\uc0ac\ud56d<\/b><br \/>\nN<\/p>\n<ol>\nN \t<\/p>\n<li>\uc810\uc2ec<\/li>\n<p>N \t<\/p>\n<li style=\"font-weight: 400;\"><span style=\"font-weight: 400;\">\ubaa8\ub4e0 \uc138\uae08, \uc218\uc218\ub8cc \ubc0f \ucde8\uae09 \uc218\uc218\ub8cc<\/span><\/li>\n<p>N \t<\/p>\n<li style=\"font-weight: 400;\"><span style=\"font-weight: 400;\">\uc9c0\ubc29\uc138<\/span><\/li>\n<p>N \t<\/p>\n<li style=\"font-weight: 400;\"><span style=\"font-weight: 400;\">\uc74c\ub8cc\uc218<\/span><\/li>\n<p>N \t<\/p>\n<li>\uc2a4\ub0b5<\/li>\n<p>N \t<\/p>\n<li style=\"font-weight: 400;\"><span style=\"font-weight: 400;\">\ubaa8\ub4e0 \ud65c\ub3d9<\/span><\/li>\n<p>N \t<\/p>\n<li style=\"font-weight: 400;\"><span style=\"font-weight: 400;\">\uc9c0\uc5ed \uac00\uc774\ub4dc<\/span><\/li>\n<p>N<\/ol>\n<p>N<b> \uc81c\uc678<\/b><br \/>\nN<\/p>\n<ol>\nN \t<\/p>\n<li style=\"font-weight: 400;\"><span style=\"font-weight: 400;\">\ud301<\/span><\/li>\n<p>N \t<\/p>\n<li>\uad50\ud1b5 (\ubb38\uc758\ud558\uc5ec \uc124\uc815)<\/li>\n<p>N \t<\/p>\n<li style=\"font-weight: 400;\"><span style=\"font-weight: 400;\">\uc54c\ucf54\uc62c \uc74c\ub8cc<\/span><\/li>\n<p>N<\/ol>\n<p>N<\/p>\n<h4><em><strong>\ucd9c\ubc1c \ubc0f \uadc0\uad6d<\/strong><\/em><\/h4>\n<p>N<span style=\"font-weight: 400;\">\uc5ec\ud589\uc790\ub294 \uc608\uc57d \uc808\ucc28\uac00 \uc644\ub8cc\ub41c \ud6c4 \ubbf8\ud305 \uc7a5\uc18c\ub97c \uac16\uac8c \ub429\ub2c8\ub2e4. \ud22c\uc5b4\ub294 \ubbf8\ud305 \uc7a5\uc18c\uc5d0\uc11c \uc2dc\uc791\ud558\uace0 \uc885\ub8cc\ub429\ub2c8\ub2e4.<\/span><br \/>\nN<\/p>\n<h3 class=\"ui_header h1 attractions-product-info-ProductTitle__title--1qM0o\">Baiguate Waterfall Double\uc774 \ud3ec\ud568\ub41c Jarabacoa \ubc84\uae30\uce74<\/h3>\n<p>N<\/p>\n<h4><b><i>\ubb58 \uae30\ub300 \ud560\uae4c?<\/i><\/b><\/h4>\n<p>N<span style=\"font-weight: 400;\">Jarabacoa City\uc5d0\uc11c Buggy\ub97c \ud0c0\uace0 Baiguate \ud3ed\ud3ec \ud2f0\ucf13\uc744 \ubc1b\uc73c\uc138\uc694.\u00a0<\/span><br \/>\nN<br \/>\nN<span style=\"font-weight: 400;\">\ubc84\uae30\uc5d0 \uad00\ud574 \uc774\uc57c\uae30\ud560 \ub54c, \uc6b0\ub9ac\ub294 \uc548\uc804\uc131\uacfc \ucde8\uae09 \uc6a9\uc774\uc131\uc744 \uc81c\uacf5\ud558\ub294 \ub3d9\uc2dc\uc5d0 \uc0ac\uc6a9\uc790\uac00 \uc6b4\uc804\ud558\ub294 \ub3d9\uc548 \uc790\uc2e0\uc744 \ub458\ub7ec\uc2fc \uc9c0\ud615 \ubc0f \uc790\uc5f0\uacfc \ub354 \uc798 \uc811\ucd09\ud560 \uc218 \uc788\ub3c4\ub85d \ud558\ub294 \uc804\uc9c0\ud615 \ucc28\ub7c9\uc5d0 \ub300\ud574 \uc774\uc57c\uae30\ud569\ub2c8\ub2e4. \uc232\uae38\uacfc \uc624\ud504\ub85c\ub4dc\ub97c \uc990\uae38 \uc218 \uc788\ub3c4\ub85d \uc124\uacc4\ub41c \ud3b8\uc548\ud558\uace0 \uc548\uc804\ud55c \uc7a5\uce58\ub85c \ubc14\ub78c, \ud0dc\uc591, \ube44\ub97c \ub290\ub07c\uace0 \uc606\uc5d0\uc11c \ud48d\uacbd\uc744 \uac10\uc0c1\ud558\uc138\uc694.<\/span><br \/>\nN<br \/>\nN<span style=\"font-weight: 400;\">\uc774 \uc5ec\ud589\uc740 \uc5b4\ub5a4 \uc7a5\uc18c\ub85c \ud5a5\ud558\uae30 \uc804\uc5d0 \uc5ec\ud589\uc0ac \uc9c1\uc6d0\uc774\ub098 \ud22c\uc5b4 \uac00\uc774\ub4dc\uc5d0\uac8c \ud655\uc778\ud574\uc57c \ud558\ub294 \ubbf8\ud305 \uc7a5\uc18c\uc5d0\uc11c \uc2dc\uc791\ub429\ub2c8\ub2e4. \uac00\uc774\ub4dc\ub97c \ub9cc\ub098\uba74 \ud22c\uc5b4\uc640 \ud558\ub8e8\uc5d0 \uad00\ub828\ub41c \ubaa8\ub4e0 \uac83\uc5d0 \ub300\ud574 \uc124\uba85\uc744 \ub4e3\uac8c \ub429\ub2c8\ub2e4.<\/span><br \/>\nN<br \/>\nN<span style=\"font-weight: 400;\">\ubaa8\ub450\uac00 \uc900\ube44\ub418\uba74 \uc6b0\ub9ac\ub294 \uc790\ub77c\ubc14\ucf54\uc544 \ud0c0\uc6b4\uc758 \uc77c\ubd80 \uc2dc\uace8 \uc9c0\uc5ed\uc73c\ub85c \uc5ec\ud589\uc744 \uc2dc\uc791\ud560 \uac83\uc785\ub2c8\ub2e4. \ubc84\uae30\ub97c \uc6b4\uc804\ud558\ub294 \ub3d9\uc548 \uad6d\uac00 \uc911\ubd81\ubd80\uc5d0\uc11c \uc2dc\uace8\uc758 \uc6b8\ud241\ubd88\ud241\ud55c \ub3c4\ub85c\uc640 \uc0b0 \uacf5\uae30\ub97c \ud0c0\uace0 \uc774 \ubaa8\ud5d8\uc744 \ud1b5\ud574 \uc544\ub984\ub2e4\uc6c0\uacfc \uc790\uc5f0\uc744 \ubcf4\uc5ec\uc904 \uac83\uc785\ub2c8\ub2e4.<\/span><br \/>\nN<br \/>\nN<span style=\"font-weight: 400;\">\uc774\ubc88 \uc5ec\ud589 \ub3d9\uc548 \ubc29\ubb38\ud560 \uc7a5\uc18c\ub85c\ub294 Jimenoa \uac15\uacfc Yaque Del Norte \uac15\uc774 \ub9cc\ub098\ub294 La Confluencia, Cieneguita \ubc0f Monte Arriba\uac00 \uc788\uc2b5\ub2c8\ub2e4.\u00a0<\/span><br \/>\nN<br \/>\nN<span style=\"font-weight: 400;\">\uc57d 30km\ub97c \ub2ec\ub9b0 \ud6c4 Baiguate \ud3ed\ud3ec\ub85c \ud5a5\ud558\uc5ec 10\ubd84 \ub3d9\uc548 \ud558\uc774\ud0b9\uc744 \ud558\uace0 \ucc9c\uc5f0 \uc218\uc601\uc7a5\uc5d0\uc11c \uc218\uc601\uc744 \ud569\ub2c8\ub2e4.\u00a0<\/span><br \/>\nN<br \/>\nN<span style=\"font-weight: 400;\">\uc774 \uc5ec\ud589 \uae30\uac04 \ub3d9\uc548 \uc57d 1\uc2dc\uac04 \ub3d9\uc548 \uc218\uc601\uc744 \ud558\uace0 \ub9e4\uc77c \uc790\ub77c\ubc14\ucf54\uc544 \ub18d\uc7a5\uc5d0\uc11c \uc218\ud655\ud55c \uc2e0\uc120\ud55c \uacfc\uc77c\uc744 \ub9db\ubcf4\uba70 \ud734\uc2dd\uc744 \ucde8\ud560 \uc218 \uc788\uc2b5\ub2c8\ub2e4. Baiguate\uc5d0\ub294 82\ud53c\ud2b8 \ub192\uc774\uc758 \ud3ed\ud3ec\uac00 \uc788\uc73c\uba70 \ub9c8\uc744\ub85c \ub3cc\uc544\uac00\uae30 \uc804\uc5d0 \uc7a0\uc2dc \ud734\uc2dd\uc744 \ucde8\ud558\uae30\uc5d0 \uc644\ubcbd\ud55c \uc7a5\uc18c\uc785\ub2c8\ub2e4.\u00a0\u00a0<\/span><br \/>\nN<br \/>\nN<span style=\"font-weight: 400;\">\uc774 \uc5ec\ud589 \uae30\uac04 \ub3d9\uc548 \uc57d 1\uc2dc\uac04 \ub3d9\uc548 \uc218\uc601\uc744 \ud558\uace0 \ub9e4\uc77c \uc790\ub77c\ubc14\ucf54\uc544 \ub18d\uc7a5\uc5d0\uc11c \uc218\ud655\ud55c \uc2e0\uc120\ud55c \uacfc\uc77c\uc744 \ub9db\ubcf4\uba70 \ud734\uc2dd\uc744 \ucde8\ud560 \uc218 \uc788\uc2b5\ub2c8\ub2e4. Baiguate\uc5d0\ub294 82\ud53c\ud2b8 \ub192\uc774\uc758 \ud3ed\ud3ec\uac00 \uc788\uc73c\uba70 \ub9c8\uc744\ub85c \ub3cc\uc544\uac00\uae30 \uc804\uc5d0 \uc7a0\uc2dc \ud734\uc2dd\uc744 \ucde8\ud558\uae30\uc5d0 \uc644\ubcbd\ud55c \uc7a5\uc18c\uc785\ub2c8\ub2e4.\u00a0\u00a0<\/span><br \/>\nN<br \/>\nN<span style=\"font-weight: 400;\">\ub098\uc911\uc5d0 Baiguate \ud3ed\ud3ec \ud6c4\uc5d0 \uc6b0\ub9ac\ub294 Ivon&#039;s\ub85c \uac00\uc11c \ud604\uc9c0 \uc804\ubb38\uac00\uac00 \uc9c1\uc811 \ub9cc\ub4e0 \ucd5c\uace0\uc758 \ud604\uc9c0 \uc544\uc774\uc2a4\ud06c\ub9bc\uc744 \ub9db\ubcf4\uace0 \uc5ec\ud589 \ub9c8\uc9c0\ub9c9 \ubd80\ubd84\uc744 \uc704\ud574 Duarte Central Park\uae4c\uc9c0 \uac78\uc5b4\uac08 \uac83\uc785\ub2c8\ub2e4. Jarabacoa\ub97c \uac10\ub3c5\ud558\uc138\uc694. \uc774 \uc5ec\ud589\uc740 \uc2dc\uc791\ub41c \uacf3\uacfc \uac19\uc740 \uc7a5\uc18c\uc5d0\uc11c \ub05d\ub0a9\ub2c8\ub2e4.<\/span><br \/>\nN<br \/>\nN<span style=\"font-weight: 400;\">\ucc38\uace0: \uc774 \ud22c\uc5b4\ub294 \uacf5\uc2dd \uc0dd\ud0dc\ud559\uc790 \ud22c\uc5b4 \uac00\uc774\ub4dc\uc640 \ud568\uaed8 \uc9c4\ud589\ub429\ub2c8\ub2e4. \uacf5\uc6d0\uc5d0\ub294 \uc804\ubb38\uac00\uac00 \ub9ce\uc9c0 \uc54a\uc73c\ubbc0\ub85c \uc2dc\uac04\uc744 \ub450\uace0 \uc608\uc57d\ud558\uc2dc\uae30 \ubc14\ub78d\ub2c8\ub2e4.<\/span><br \/>\nN<\/p>\n<h4><em><strong>\ubb34\uc5c7\uc744 \uac00\uc838\uc640\uc57c\ud569\ub2c8\uae4c?<\/strong><\/em><\/h4>\n<p>N<\/p>\n<ul>\nN \t<\/p>\n<li style=\"font-weight: 400;\"><span style=\"font-weight: 400;\">\uce74\uba54\ub77c<\/span><\/li>\n<p>N \t<\/p>\n<li style=\"font-weight: 400;\"><span style=\"font-weight: 400;\">\uad6c\ucda9\uc81c \uc0c8\uc2f9<\/span><\/li>\n<p>N \t<\/p>\n<li style=\"font-weight: 400;\"><span style=\"font-weight: 400;\">\uc120\ud06c\ub9bc<\/span><\/li>\n<p>N \t<\/p>\n<li style=\"font-weight: 400;\"><span style=\"font-weight: 400;\">\ubaa8\uc790<\/span><\/li>\n<p>N \t<\/p>\n<li style=\"font-weight: 400;\"><span style=\"font-weight: 400;\">\ud3b8\uc548\ud55c \ubc14\uc9c0<\/span><\/li>\n<p>N \t<\/p>\n<li style=\"font-weight: 400;\"><span style=\"font-weight: 400;\">\uc232\uc18d\uc758 \ub4f1\uc0b0\ud654<\/span><\/li>\n<p>N \t<\/p>\n<li style=\"font-weight: 400;\"><span style=\"font-weight: 400;\">\ubd04 \uc9c0\uc5ed\uc5d0 \uc0cc\ub4e4.<\/span><\/li>\n<p>N \t<\/p>\n<li style=\"font-weight: 400;\"><span style=\"font-weight: 400;\">\uc218\uc601\ubcf5<\/span><\/li>\n<p>N<\/ul>\n<p>N<\/p>\n<h4><b><i>\ud638\ud154 \ud53d\uc5c5 <\/i><\/b><\/h4>\n<p>N<span style=\"font-weight: 400;\">\ubcf8 \ud22c\uc5b4\uc5d0\ub294 \ud638\ud154 \ud53d\uc5c5\uc774 \uc81c\uacf5\ub418\uc9c0 \uc54a\uc2b5\ub2c8\ub2e4. Whatsapp\uc73c\ub85c \uc5f0\ub77d\ud558\uc5ec \ud53d\uc5c5\uc744 \uc124\uc815\ud588\uc2b5\ub2c8\ub2e4.<\/span><br \/>\nN<br \/>\nN<b>\uba54\ubaa8:<\/b><span style=\"font-weight: 400;\"> \ud22c\uc5b4\/\uc5ec\ud589 \ucd9c\ubc1c \uc2dc\uac04 24\uc2dc\uac04 \uc774\ub0b4\uc5d0 \uc608\uc57d\ud558\uc2dc\ub294 \uacbd\uc6b0, \ucd94\uac00 \uc694\uae08\uc73c\ub85c \ud638\ud154 \ud53d\uc5c5\uc744 \uc900\ube44\ud574 \ub4dc\ub9b4 \uc218 \uc788\uc2b5\ub2c8\ub2e4. \uad6c\ub9e4\uac00 \uc644\ub8cc\ub418\uba74 \ud53d\uc5c5 \uc900\ube44\ub97c \uc704\ud574 \ud604\uc9c0 \ud22c\uc5b4 \uac00\uc774\ub4dc\uc758 \uc804\uccb4 \uc5f0\ub77d\ucc98 \uc815\ubcf4(\uc804\ud654\ubc88\ud638, \uc774\uba54\uc77c \uc8fc\uc18c \ub4f1)\ub97c \ubcf4\ub0b4\ub4dc\ub9bd\ub2c8\ub2e4.<\/span><br \/>\nN<\/p>\n<h4><b><i>\ucd94\uac00\uc815\ubcf4 \ud655\uc778 <\/i><\/b><\/h4>\n<p>N<\/p>\n<ol>\nN \t<\/p>\n<li>\ud2f0\ucf13\uc740 \ubcf8 \ud22c\uc5b4 \uacb0\uc81c \ud6c4 \uc601\uc218\uc99d\uc785\ub2c8\ub2e4. \ud734\ub300\ud3f0\uc73c\ub85c \uacb0\uc81c\ub0b4\uc5ed\uc744 \ubcf4\uc5ec\uc8fc\uc2e4 \uc218 \uc788\uc2b5\ub2c8\ub2e4.<\/li>\n<p>N \t<\/p>\n<li style=\"font-weight: 400;\"><span style=\"font-weight: 400;\">\ubbf8\ud305 \ud3ec\uc778\ud2b8\ub294 \uc608\uc57d \uc808\ucc28 \uc774\ud6c4\uc5d0 \uc81c\uacf5\ub429\ub2c8\ub2e4.<\/span><\/li>\n<p>N \t<\/p>\n<li style=\"font-weight: 400;\"><span style=\"font-weight: 400;\">\uc5b4\ub9b0\uc774\ub294 \ubc18\ub4dc\uc2dc \uc131\uc778\uacfc \ub3d9\ubc18\ud574\uc57c \ud569\ub2c8\ub2e4.<\/span><\/li>\n<p>N \t<\/p>\n<li style=\"font-weight: 400;\"><span style=\"font-weight: 400;\"> \ud720\uccb4\uc5b4 \uc774\uc6a9 \ubd88\uac00 <\/span><\/li>\n<p>N \t<\/p>\n<li style=\"font-weight: 400;\"><span style=\"font-weight: 400;\">\uc720\uc544\ub294 \ubb34\ub98e\uc5d0 \uc549\ud600\uc57c \ud569\ub2c8\ub2e4. <\/span><\/li>\n<p>N \t<\/p>\n<li style=\"font-weight: 400;\"><span style=\"font-weight: 400;\">\ud5c8\ub9ac\uc5d0 \ubb38\uc81c\uac00 \uc788\ub294 \uc5ec\ud589\uc790\uc5d0\uac8c\ub294 \uad8c\uc7a5\ub418\uc9c0 \uc54a\uc2b5\ub2c8\ub2e4.<\/span><\/li>\n<p>N \t<\/p>\n<li style=\"font-weight: 400;\"><span style=\"font-weight: 400;\">\uc784\uc2e0\ud55c \uc5ec\ud589\uc790\uc5d0\uac8c\ub294 \uad8c\uc7a5\ub418\uc9c0 \uc54a\uc2b5\ub2c8\ub2e4. <\/span><\/li>\n<p>N \t<\/p>\n<li style=\"font-weight: 400;\"><span style=\"font-weight: 400;\"> \uc2ec\uc7a5 \ubb38\uc81c\ub098 \uae30\ud0c0 \uc2ec\uac01\ud55c \uc9c8\ubcd1\uc774 \uc5c6\uc74c <\/span><\/li>\n<p>N \t<\/p>\n<li style=\"font-weight: 400;\"><span style=\"font-weight: 400;\">\ub300\ubd80\ubd84\uc758 \uc5ec\ud589\uc790\uac00 \ucc38\uc5ec\ud560 \uc218 \uc788\uc2b5\ub2c8\ub2e4.<\/span><\/li>\n<p>N<\/ol>\n<p>N<\/p>\n<h4><b><i>\ucde8\uc18c \uc815\ucc45<\/i><\/b><\/h4>\n<p>\uc804\uc561 \ud658\ubd88\uc744 \ubc1b\uc73c\ub824\uba74 \ucde8\uc18c \uc815\ucc45\uc744 \uc77d\uc5b4\ubcf4\uc138\uc694.\u00a0<a href=\"https:\/\/www.boattoursamana.com\/ko\/%ec%98%a8%eb%9d%bc%ec%9d%b8-%ec%98%88%ec%95%bd\/\" target=\"_blank\" rel=\"noopener\" data-saferedirecturl=\"https:\/\/www.google.com\/url?q=https:\/\/www.boattoursamana.com\/online-booking\/&amp;source=gmail&amp;ust=1672449202351000&amp;usg=AOvVaw1yAeVAPktmaVCqDujgUn90\">\uc5ec\uae30\ub97c \ud074\ub9ad\ud558\uc138\uc694<\/a>. \uc5ec\ud589 \ub2f9\uc77c \uc608\uc57d\uc744 \ucde8\uc18c\ud558\uba74 \uc790\uae08\uc774 \uc190\uc2e4\ub429\ub2c8\ub2e4.<\/p>\n\n\t\t<\/div>\n\t<\/div>\n<\/div><\/div><\/div><\/div><div class=\"vc_row wpb_row vc_row-fluid\" ><div class=\"wpb_column vc_column_container vc_col-sm-12\"><div class=\"vc_column-inner\"><div class=\"wpb_wrapper\">\n\t<div class=\"wpb_video_widget wpb_content_element vc_clearfix   vc_video-aspect-ratio-169 vc_video-el-width-100 vc_video-align-left\" >\n\t\t<div class=\"wpb_wrapper\">\n\t\t\t<h2 class=\"wpb_heading wpb_video_heading\">\uc790\ub77c\ubc14\ucf54\uc544 \uc2dc\ud2f0 \ube44\ub514\uc624:<\/h2>\n\t\t\t<div class=\"wpb_video_wrapper\"><iframe loading=\"lazy\" title=\"\uc790\ub77c\ubc14\ucf54\uc544 | \ud478\ub85c \ud22c\ub9ac\uc2a4\ubaa8 \ub370 \ubaac\ud0c0\ub0d0\" width=\"1100\" height=\"619\" src=\"https:\/\/www.youtube.com\/embed\/FRHfK4RS39A?feature=oembed\" frameborder=\"0\" allow=\"accelerometer; autoplay; clipboard-write; encrypted-media; gyroscope; picture-in-picture; web-share\" allowfullscreen><\/iframe><\/div>\n\t\t<\/div>\n\t<\/div>\n<\/div><\/div><\/div><\/div><div class=\"vc_row wpb_row vc_row-fluid\" ><\/div><div class=\"wpb_column vc_column_container vc_col-sm-12\"><div class=\"vc_column-inner\"><div class=\"wpb_wrapper\"><\/div><\/div><\/div><div class=\"vc_empty_space\"   style=\"height: 32px\"><span class=\"vc_empty_space_inner\"><\/span><\/div>\n\t<div class=\"wpb_text_column wpb_content_element\" >\n\t\t<div class=\"wpb_wrapper\">\n\t\t\t<p>\nN<br \/>\nn \ub098\ub294 \ud14d\uc2a4\ud2b8 \ube14\ub85d\uc774\ub2e4. \uc774 \ud14d\uc2a4\ud2b8\ub97c \ubcc0\uacbd\ud558\ub824\uba74 \ud3b8\uc9d1 \ubc84\ud2bc\uc744 \ud074\ub9ad\ud558\uc138\uc694. Lorem ipsum dolor sit amet, consectetur adipiscing elit. Ut elittellus, luctus nec ullamcorper mattis, pulvinar dapibus leo.<br \/>\nN<br \/>\nN<\/p>\n\n\t\t<\/div>\n\t<\/div>\n<div class=\"vc_empty_space\"   style=\"height: 32px\"><span class=\"vc_empty_space_inner\"><\/span><\/div>","protected":false},"excerpt":{"rendered":"<p>\u00danase a nosotros y viaje con unexperto local de Jarabacoa y obtenga la experiencia \u00fanica de Visitar los mejores lugares de la capital del ecoturismo a partir de Jarabacoa, estetour lo llevar\u00e1 a conocer el hermoso paisaje del rancho monta\u00f1oso m\u00e1s grande de la Dominicana. Mientras\ub294 \ub2e4\uc591\ud55c \ud589\ub3d9\uc744 \uc720\ub3c4\ud558\uace0, Monta\u00f1a\uc758 \uae30\ubd84\uc744 \uc0c1\ud558\uac8c \ud558\uace0, \uc544\ub984\ub2e4\uc6b4 \uc544\ub984\ub2e4\uc6c0\uc744 \ubd88\ucf8c\ud558\uac8c \ub9cc\ub4ed\ub2c8\ub2e4. n Seleccione la fecha para el \ud22c\uc5b4:\u00a0 &nbsp;<\/p>","protected":false},"author":2,"featured_media":0,"parent":0,"menu_order":0,"comment_status":"open","ping_status":"closed","template":"","meta":{"footnotes":""},"class_list":["post-15865","page","type-page","status-publish","hentry"],"_links":{"self":[{"href":"https:\/\/www.boattoursamana.com\/ko\/wp-json\/wp\/v2\/pages\/15865","targetHints":{"allow":["GET"]}}],"collection":[{"href":"https:\/\/www.boattoursamana.com\/ko\/wp-json\/wp\/v2\/pages"}],"about":[{"href":"https:\/\/www.boattoursamana.com\/ko\/wp-json\/wp\/v2\/types\/page"}],"author":[{"embeddable":true,"href":"https:\/\/www.boattoursamana.com\/ko\/wp-json\/wp\/v2\/users\/2"}],"replies":[{"embeddable":true,"href":"https:\/\/www.boattoursamana.com\/ko\/wp-json\/wp\/v2\/comments?post=15865"}],"version-history":[{"count":0,"href":"https:\/\/www.boattoursamana.com\/ko\/wp-json\/wp\/v2\/pages\/15865\/revisions"}],"wp:attachment":[{"href":"https:\/\/www.boattoursamana.com\/ko\/wp-json\/wp\/v2\/media?parent=15865"}],"curies":[{"name":"wp","href":"https:\/\/api.w.org\/{rel}","templated":true}]}}