{"id":16647,"date":"2023-11-06T09:02:24","date_gmt":"2023-11-06T09:02:24","guid":{"rendered":"https:\/\/www.ticketswhales.com\/?post_type=product&#038;p=16647"},"modified":"2023-11-06T09:11:44","modified_gmt":"2023-11-06T09:11:44","slug":"los-haitises-cueva-el-naranjo-y-laguna-cristal-from-sabana-de-la-mar","status":"publish","type":"product","link":"https:\/\/www.boattoursamana.com\/ko\/%ea%b4%80%ea%b4%91\/%eb%a1%9c%ec%8a%a4-%ed%95%98%ec%9d%b4%ed%8b%b0%ec%8a%a4-%ec%bf%a0%ec%97%90%eb%b0%94-%ec%97%98-%eb%82%98%eb%9e%80%ec%a1%b0-%ec%9d%b4-%eb%9d%bc%ea%b5%ac%eb%82%98-%ed%81%ac%eb%a6%ac%ec%8a%a4%ed%83%88","title":{"rendered":"Los Haitises: Sabana de la mar\uc758 Cueva el Naranjo y Laguna Cristal"},"content":{"rendered":"<div class=\"vc_row wpb_row vc_row-fluid\" ><div class=\"wpb_column vc_column_container vc_col-sm-12\"><div class=\"vc_column-inner\"><div class=\"wpb_wrapper\">\n\t<div class=\"wpb_text_column wpb_content_element\" >\n\t\t<div class=\"wpb_wrapper\">\n\t\t\t<h2><span style=\"font-weight: 400;\">\ub85c\uc2a4 \ud558\uc774\ud2f0\uc138\uc2a4: Cueva el Naranjo y Laguna Cristal<\/span><\/h2>\n<p>\uc0ac\ubc14\ub098 \ub370 \ub77c \ub9c8\ub974<\/p>\n<p>&nbsp;<\/p>\n<p><b>\uac1c\uc694<\/b><span style=\"font-weight: 400;\">\u00a0<\/span><\/p>\n<p>&nbsp;<\/p>\n<p><span style=\"font-weight: 400;\">Los Haitises \uad6d\ub9bd\uacf5\uc6d0\uc740 \ud788\uc2a4\ud30c\ub2c8\uc62c\ub77c\uc5d0\uc11c 25%\uc758 \ub2f4\uc218\uac00 \ubc1c\uacac\ub418\ub294 \ub3c4\ubbf8\ub2c8\uce74 \uacf5\ud654\uad6d\uc758 \ucc9c\uc5f0 \ubcf4\ubb3c\uc785\ub2c8\ub2e4. \uc774 \uacbd\ud5d8\uc744 \ud558\ub294 \ub3d9\uc548 \uc6b0\ub9ac\ub294 \uc774 \ub180\ub77c\uc6b4 \uacf5\uc6d0\uc758 \uac00\uc7a5 \uc911\uc694\ud55c \uc7a5\uc18c \uc911 \uc77c\ubd80\ub97c \ub458\ub7ec\ubcfc \uac83\uc785\ub2c8\ub2e4. Ojo de Cielo Cave, Laguna Cristal, Barracote River \ubc0f Samana Bay\ub97c \ud0d0\ud5d8\ud560 \uc218 \uc788\ub294 \ud2f0\ucf13\uc744 \uad6c\ub9e4\ud558\uc138\uc694.\u00a0<\/span><\/p>\n<p>&nbsp;<\/p>\n<p><span style=\"font-weight: 400;\">\uc218\ub85c\ud559\uc801 \uad00\uc810\uc5d0\uc11c<\/span><span style=\"font-weight: 400;\">, Los Haitises\uc640 \uadf8 \uc601\ud5a5 \uc9c0\uc5ed\uc740 Yuna \uac15 \ud558\ub958 \uc720\uc5ed\uacfc Miches \ubc0f Sabana de la Mar \uc9c0\uc5ed\uc758 \ub450 \uc9c0\uc5ed\uc73c\ub85c \uad6c\uc131\ub429\ub2c8\ub2e4. Yuna\ub294 Yuna \uc790\uccb4\uc640 Barracote\uc758 \ub450 \uc785\uad6c\ub97c \ud1b5\ud574 \ubc30\uc218\ub429\ub2c8\ub2e4. \ub610\ud55c \uc774 \uc9c0\uc5ed\uc5d0\ub294 Payabo, Los Cocos \ubc0f Naranjo \uac15\uacfc Cabirma, Estero, Prieto \ubc0f \uae30\ud0c0 \uc218\ub85c\uac00 \uc788\uc2b5\ub2c8\ub2e4.<\/span><\/p>\n<p>&nbsp;<\/p>\n<p><span style=\"font-weight: 400;\">Los Haitises \ud48d\uacbd \uc18c\uac1c,<\/span><span style=\"font-weight: 400;\"> \ub3d9\uad74 \uc678\uc5d0\ub3c4 \ub9e4\uc6b0 \uc778\uc0c1\uc801\uc778 \uacbd\uad00 \uc694\uc18c\uc778 Ca\u00f1o Hondo, Punta Arena, Ca\u00f1o Salado, Bah\u00eda de San Lorenzo \ubc0f Cayo de los P\u00e1jaros\uac00 \uc788\uc2b5\ub2c8\ub2e4. Boca del Infierno\uc640 El Naranjo Arriba \uc0ac\uc774\uc5d0 \uc704\uce58\ud55c \ud6c4\uc790\ub294 \uc9d1\uac8c\ubc8c\ub808\uc640 \ud3a0\ub9ac\ucee8\uc774 \uac70\uc758 \uc601\uad6c\uc801\uc73c\ub85c \uc874\uc7ac\ud558\ub294 \uac83\uc73c\ub85c \uc27d\uac8c \uc54c\uc544\ubcfc \uc218 \uc788\uc2b5\ub2c8\ub2e4.<\/span><\/p>\n<p>&nbsp;<\/p>\n<p><span style=\"font-weight: 400;\">\uc0b0\uccb4\uc2a4\uc2dc\ud2f0 \uc18c\uac1c,<\/span><span style=\"font-weight: 400;\"> \uc774\uc804\uc5d0\ub294 Las Ca\u00f1itas\ub77c\ub294 \uc791\uc740 \ub9c8\uc744\uc774\uc5c8\uc9c0\ub9cc 1888\ub144\uc5d0 \ub3c4\ubbf8\ub2c8\uce74 \uacf5\ud654\uad6d\uc758 \ucc3d\uc2dc\uc790 \uc911 \ud55c \uba85\uc778 Francisco del Rosario S\u00e1nchez\uc758 \uc774\ub984\uc744 \ub534 \uc790\uce58\ub2e8\uccb4\ub85c \uc2b9\uaca9\ub418\uc5c8\uc2b5\ub2c8\ub2e4. 1865\ub144 \ucca0\ub3c4\uac00 \uac74\uc124\ub41c \uc774\ud6c4 \uc911\uc694\uc131\uacfc \uc778\uad6c\uac00 \uc99d\uac00\ud588\uc2b5\ub2c8\ub2e4. \uc774 \ub178\uc120\uc740 Cibao\uc758 \uc911\uc559 \uc9c0\uc5ed\uae4c\uc9c0 \ud655\uc7a5\ub418\uc5b4 \uc774 \uc791\uc740 \uce74\ub9ac\ube0c\ud574 \uc9c0\uc5ed \uc0ac\ud68c\ub97c 19\uc138\uae30 \ub9d0\ubd80\ud130 20\uc138\uae30 \ucd08\uae4c\uc9c0 \uc774 \ub098\ub77c\uc758 \uac00\uc7a5 \uc911\uc694\ud55c \ud56d\uad6c\ub85c \ub9cc\ub4e4\uc5c8\uc2b5\ub2c8\ub2e4. \ub2e4\uc74c \uc138\uae30. .<\/span><\/p>\n<p>&nbsp;<\/p>\n<p><span style=\"font-weight: 400;\">\ub77c\uad6c\ub098 \ud06c\ub9ac\uc2a4\ud0c8 \uc18c\uac1c,<\/span><span style=\"font-weight: 400;\"> \ub77c\uad6c\ub098 \ud06c\ub9ac\uc2a4\ud0c8(Laguna Cristal)\uc740 \ubaac\ud14c \ud50c\ub77c\ud0c0(Monte Plata) \uc9c0\ubc29 \ubd81\ucabd\uc5d0 \uc788\ub294 \ub85c\uc2a4 \ud558\uc774\ud2f0\uc138\uc2a4 \uad6d\ub9bd\uacf5\uc6d0(Los Haitises National Park) \uc785\uad6c\uc5d0 \uc788\ub294 \uc544\ub984\ub2e4\uc6b4 \ub2f4\uc218 \uacf5\uae09\uc6d0\uc73c\ub85c, \uc790\uc5f0\uc758 \ub9e4\ub825\uacfc \uadf8\uac83\uc774 \uc6b0\ub9ac\uc5d0\uac8c \uc8fc\ub294 \ud3c9\ud654\ub85c \uc778\ud574 \ub3c5\ud2b9\ud55c \uc544\ub984\ub2e4\uc6c0\uc744 \uc9c0\ub2c8\uace0 \uc788\uc2b5\ub2c8\ub2e4. \uc11d\ud638\ub294 \uc778\uadfc \uacf5\uc6d0\uc5d0\uc11c \ud758\ub7ec\ub098\uc624\ub294 \uc9c0\ud558\uc218\ub85c \ubb3c\uc744 \uacf5\uae09\ubc1b\uc2b5\ub2c8\ub2e4. \ubc30\uac00 \ub2e4\ub2d0 \uc218 \uc788\ub294 \uc791\uc740 \uac15\uc774 \uc11d\ud638\uc5d0\uc11c \uc218\ubc31 \ubbf8\ud130 \ub3d9\uc548 \ud758\ub7ec \ubc14\ub77c\ucf54\ud14c \uac15\uc73c\ub85c \ud758\ub7ec \ub4e4\uc5b4\uac00 \uc0b0 \ub85c\ub80c\uc870 \ub9cc\uc73c\ub85c \ud758\ub7ec \ub4e4\uc5b4\uac11\ub2c8\ub2e4. \uae4a\uc774\uac00 \uc57d 200\ubbf8\ud130, \uc9c1\uacbd\uc774 70\ubbf8\ud130 \uc815\ub3c4 \ub420 \uac83\uc785\ub2c8\ub2e4.\u00a0<\/span><\/p>\n<p>&nbsp;<\/p>\n<p><span style=\"font-weight: 400;\">\uc5d8 \ub098\ub780\uc870 \ub3d9\uad74<\/span><span style=\"font-weight: 400;\">, \uae38\uc774 120m\uc5d0\ub3c4 \ubd88\uad6c\ud558\uace0 \ud56d\ud574\uac00 \uac00\ub2a5\ud55c \uc5d8\ub098\ub780\ud638\uac15\uc740 \ub3d9\uad74\uc5d0\uc11c \ubc1c\uc6d0\ud558\uc5ec \ub85c\uc2a4\ud558\uc774\ud2f0\uc138\uc2a4 \uad6d\ub9bd\uacf5\uc6d0\uc758 \uc790\uc5f0\uc758 \ubcf4\uc11d\uc774\ub77c \ud560 \uc218 \uc788\uc73c\uba70, \uc774 \uc9c0\uc5ed\uc5d0\uc11c \uac00\uc7a5 \uc9e7\uc740 \uac15\uc744 \uac10\uc0c1\ud560 \uc218 \uc788\uc5b4 \uc54c\uc544 \ubcfc \ub9cc\ud55c \uba85\uc18c\uc774\ub2e4 \uc12c, \ubcf4\ud2b8\ub97c \ud0c0\uace0 \ubb3c\uc774 \ub098\uc624\ub294 \ub3d9\uad74 \ub05d\uae4c\uc9c0 \uac08 \uc218 \uc788\uc2b5\ub2c8\ub2e4. \ub3d9\uad74\uc740 \ubc15\uc950\uc640 \uce7c\uc0c8\uc758 \uc800\uc218\uc9c0\uc774\uba70, \uadf8 \ubb3c\uc5d0\ub294 \uad6c\uc544\ube44\ub098\uc2a4, \ub2e4\uc790\uc624\uc2a4, \uce74\ub974\ud53c\uc544\uc2a4, \uc0c8\uc6b0, \uac8c\uc640 \uac19\uc740 \ub2e4\ub978 \uac15\uacfc \ud558\ucc9c\uc5d0\uc11c\ub294 \uacfc\uac70\uc758 \uc77c\uc774\ub358 \ud1a0\uc885 \uc5b4\uc885\uc774 \uc11c\uc2dd\ud558\uace0 \uc788\uc2b5\ub2c8\ub2e4.<\/span><\/p>\n<p>&nbsp;<\/p>\n<p><b>\ud3ec\ud568\uc0ac\ud56d<\/b><\/p>\n<p><span style=\"font-weight: 400;\">\ubaa8\ub4e0 \uc138\uae08, \uc218\uc218\ub8cc \ubc0f \ucde8\uae09 \ube44\uc6a9<\/span><\/p>\n<p><span style=\"font-weight: 400;\">\uc9c0\ubc29\uc138<\/span><\/p>\n<p><span style=\"font-weight: 400;\">\uacf5\ubb34\uc6d0 \uc0dd\ud0dc\ud559\uc790 \ud22c\uc5b4 \uac00\uc774\ub4dc \uc601\uc5b4\/\uc2a4\ud398\uc778\uc5b4<\/span><\/p>\n<p><span style=\"font-weight: 400;\">\ud604\uc9c0 \uad50\ud1b5 (\ud638\ud154 \ud53d\uc5c5)<\/span><\/p>\n<p><span style=\"font-weight: 400;\">\uc2a4\ud53c\ub4dc\ubcf4\ud2b8<\/span><\/p>\n<p><span style=\"font-weight: 400;\">\ud604\uc9c0 \uc810\uc2ec<\/span><\/p>\n<p><span style=\"font-weight: 400;\">\ub77c\uad6c\ub098 \ud06c\ub9ac\uc2a4\ud0c8\u00a0\u00a0<\/span><\/p>\n<p><span style=\"font-weight: 400;\">\ucfe0\uc5d0\ubc14 \ub378 \ub098\ub780\ud638\u00a0<\/span><\/p>\n<p>&nbsp;<\/p>\n<p><b>\uc81c\uc678<\/b><\/p>\n<p>&nbsp;<\/p>\n<p><span style=\"font-weight: 400;\">\ud301<\/span><\/p>\n<p><span style=\"font-weight: 400;\">\uc74c\ub8cc<\/span><\/p>\n<p><span style=\"font-weight: 400;\">\u00a0<\/span><\/p>\n<p>&nbsp;<\/p>\n<p><b>\ucd9c\ubc1c \ubc0f \uadc0\uad6d<\/b><\/p>\n<p><span style=\"font-weight: 400;\">&quot;Booking Adventures&quot;\uac00 \uc8fc\ucd5c\ud558\ub294 \ud22c\uc5b4\ub294 \ud22c\uc5b4 \uac00\uc774\ub4dc\uac00 \uc815\ud55c \ubbf8\ud305 \uc7a5\uc18c\uc5d0\uc11c \uc2dc\uc791\ub429\ub2c8\ub2e4. \uc5ec\ud589\uc790\ub294 \uc608\uc57d \uc808\ucc28\uac00 \uc644\ub8cc\ub41c \ud6c4 \ubbf8\ud305 \uc7a5\uc18c\ub97c \uac16\uac8c \ub429\ub2c8\ub2e4. \ud22c\uc5b4\ub294 \ubbf8\ud305 \uc7a5\uc18c\uc5d0\uc11c \uc2dc\uc791\ud558\uace0 \uc885\ub8cc\ub429\ub2c8\ub2e4.<\/span><\/p>\n<p>&nbsp;<\/p>\n<p><b>\ubb58 \uae30\ub300 \ud560\uae4c?<\/b><\/p>\n<p><span style=\"font-weight: 400;\">Los Haitises \uac80\uc0c9: Los Haitises: Cueva el Naranjo y Laguna Cristal \ud2f0\ucf13\uc744 \uad6c\ub9e4\ud558\uc138\uc694. \uc774 \uacbd\ud5d8\uc744 \ud1b5\ud574 \uc12c\uc758 \uc0dd\ubb3c \ub2e4\uc591\uc131\uc744 \ub300\ubd80\ubd84 \ubcfc \uc218 \uc788\ub294 \uae30\ud68c\ub97c \uc5bb\uc744 \uc218 \uc788\uc2b5\ub2c8\ub2e4.\u00a0<\/span><\/p>\n<p>&nbsp;<\/p>\n<p><span style=\"font-weight: 400;\">\uc774 \ud65c\ub3d9\uc740 \ub2e4\uc74c \uc9c0\uc5ed \uc911 \ud55c \uacf3\uc758 \uc219\uc18c\uc5d0\uc11c \ud53d\uc5c5\ubd80\ud130 \uc2dc\uc791\ub429\ub2c8\ub2e4.<\/span><\/p>\n<ul>\n<li style=\"font-weight: 400;\" aria-level=\"1\"><span style=\"font-weight: 400;\">\ub77c\uc2a4 \ud14c\ub808\ub098\uc2a4\u00a0<\/span><\/li>\n<li style=\"font-weight: 400;\" aria-level=\"1\"><span style=\"font-weight: 400;\">\uc0b0\uccb4\uc2a4\u00a0<\/span><\/li>\n<li style=\"font-weight: 400;\" aria-level=\"1\"><span style=\"font-weight: 400;\">\ub77c\uc2a4 \uac08\ub808\ub77c\uc2a4<\/span><\/li>\n<li style=\"font-weight: 400;\" aria-level=\"1\"><span style=\"font-weight: 400;\">\uc0b0\ud0c0\ubc14\ubc14\ub77c \ub370 \uc0ac\ub9c8\ub098\u00a0<\/span><\/li>\n<\/ul>\n<h3><b>\uc77c\uc815<\/b><b>\u00a0<\/b><\/h3>\n<p><b>\uc0b0\uccb4\uc2a4 \uc0ac\ub9c8\ub098(Sanchez Samana), \ub77c\uad6c\ub098 \ud06c\ub9ac\uc2a4\ud0c8(Laguna Cristal)\uacfc \uc5d8 \ub098\ub780\uc870 \uac15 \ubc0f \ub3d9\uad74\uc5d0\uc11c \uc218\uc601\ud558\uae30\u00a0<\/b><\/p>\n<p>&nbsp;<\/p>\n<p><span style=\"font-weight: 400;\">\ud638\ud154 \ud53d\uc5c5: \uc624\uc804 7\uc2dc\ubd80\ud130 \uc2dc\uc791\ub429\ub2c8\ub2e4(\uc704\uce58\uc5d0 \ub530\ub77c \ub2e4\ub984). \uc608\uc57d \uc591\uc2dd\uc5d0\ub294 \ub2e4\uc591\ud55c \uc635\uc158 \uc2dc\uac04\uc774 \uc788\uc2b5\ub2c8\ub2e4. \ud22c\uc5b4\ub294 8\uc2dc\uac04\uc785\ub2c8\ub2e4.\u00a0<\/span><\/p>\n<p>&nbsp;<\/p>\n<p><span style=\"font-weight: 400;\">\uc774\ub978 \uc544\uce68\uc5d0 \ud638\ud154\uc5d0\uc11c \ud53d\uc5c5\ud558\uc5ec \uc0b0\uccb4\uc2a4 \uc0ac\ub9c8\ub098(Sanchez Samana)\uc5d0 \uc788\ub294 \ubbf8\ud305 \uc7a5\uc18c\ub85c \ubaa8\uc154\ub2e4 \ub4dc\ub9bd\ub2c8\ub2e4. \uadf8\uacf3\uc5d0\uc11c \ud604\uc9c0 \ud22c\uc5b4 \uac00\uc774\ub4dc\ub97c \ub9cc\ub098 \ub0a8\uc740 \ud558\ub8e8 \uc77c\uc815\uc744 \uc0b4\ud3b4\ubcf4\uc138\uc694.\u00a0<\/span><\/p>\n<p>&nbsp;<\/p>\n<p><span style=\"font-weight: 400;\">\uc900\ube44\uac00 \ub418\uba74 \uc6b0\ub9ac\ub294 \ucf8c\uc18d\uc815\uc744 \ud0c0\uace0 \uc624\ub298\uc758 \uccab \ubc88\uc9f8 \uc815\ub958\uc7a5\uc778 El Naranjo\ub85c \ud5a5\ud560 \uac83\uc785\ub2c8\ub2e4. \uadf8\uacf3\uc5d0\uc11c \uc6b0\ub9ac\ub294 \ubcf4\ud2b8\ub97c \ud0c0\uace0 \ub3d9\uad74\ub85c \ub4e4\uc5b4\uac00 \uc12c\uc5d0\uc11c \uac00\uc7a5 \uc9e7\uc740 \uac15\uc758 \ub2f4\uc218\uc5d0\uc11c \uc218\uc601\ud560 \uac83\uc785\ub2c8\ub2e4.\u00a0<\/span><\/p>\n<p>&nbsp;<\/p>\n<p><span style=\"font-weight: 400;\">\ub450 \ubc88\uc9f8 \ubcf4\ud2b8 \ud0d1\uc2b9\uc740 Barracote \uac15\uc744 \ud1b5\uacfc\ud558\uc5ec Laguna Cristal\uc5d0 \ub3c4\ucc29\ud558\ub294 \uac83\uc785\ub2c8\ub2e4. \uc6b0\ub9ac\ub294 \ub098\ub77c \ubd81\ub3d9\ucabd\uc5d0\uc11c \uac00\uc7a5 \ud070 \uac15 \uc911 \ud558\ub098\ub97c \ud56d\ud574\ud574\uc57c \ud560 \uac83\uc785\ub2c8\ub2e4. Cristal Area\uc5d0\uc11c \uc6b0\ub9ac\ub294 \ubb3c\uc5d0 \ub6f0\uc5b4\ub4e4\uae30 \uc804\uc5d0 \uc810\uc2ec \uc2dd\uc0ac\ub97c \uc704\ud574 \ud734\uc2dd\uc744 \ucde8\ud560 \uac83\uc785\ub2c8\ub2e4.<\/span><\/p>\n<p>&nbsp;<\/p>\n<p><span style=\"font-weight: 400;\">\ud604\uc9c0 \uc810\uc2ec\uc744 \uba39\uc740 \ud6c4 Cristal Lagoon\uc5d0\uc11c \ub0ae\uc7a0\uc744 \uc790\uace0 \uc218\uc601\uc744 \ud55c \ud6c4 Sanchez Samana\ub85c \ub3cc\uc544\uac11\ub2c8\ub2e4.\u00a0<\/span><\/p>\n<p>&nbsp;<\/p>\n<p><span style=\"font-weight: 400;\">\ud638\ud154 \ud558\ucc28: \uc5ec\ud589\uc744 \uc2dc\uc791\ud55c \uc2dc\uac04\uc5d0 \ub530\ub77c \uc624\ud6c4 4\uc2dc \uc774\ud6c4. \ud22c\uc5b4\ub294 \ucd1d 8\uc2dc\uac04\uc785\ub2c8\ub2e4.\u00a0<\/span><\/p>\n<p>&nbsp;<\/p>\n<p><span style=\"font-weight: 400;\">\uc5ec\ud589 \uc77c\uc815 \ubc0f \ud65c\ub3d9\uc740 \uc608\uc0c1\uce58 \ubabb\ud55c \uc0c1\ud669\uc774\ub098 \uc0ac\uac74\uc73c\ub85c \uc778\ud574 \uc608\uace0 \uc5c6\uc774 \ubcc0\uacbd\ub420 \uc218 \uc788\uc2b5\ub2c8\ub2e4. \uc790\uc138\ud55c \ub0b4\uc6a9\uc740 \uc804\uccb4 \uc774\uc6a9 \uc57d\uad00\uc744 \ucc38\uc870\ud558\uc138\uc694.<\/span><\/p>\n\n\t\t<\/div>\n\t<\/div>\n<\/div><\/div><\/div><\/div>","protected":false},"excerpt":{"rendered":"<p>\ud604\uc9c0 \uc804\ubb38 \ud22c\uc5b4 \uac00\uc774\ub4dc\uc640 \ud568\uaed8 \ub85c\uc2a4\ud558\uc774\ud2f0\uc138\uc2a4 \uad6d\ub9bd\uacf5\uc6d0\uc758 \ub3d9\uad74\uacfc \ud06c\ub9ac\uc2a4\ud0c8 \ub77c\uad70\uc774 \uc788\ub294 \uc5d8 \ub098\ub780\uc870 \uac15\uc744 \ubc29\ubb38\ud569\ub2c8\ub2e4. Sabana de la mar\uc5d0\ub294 \uc810\uc2ec \uc2dd\uc0ac\uc640 \uad50\ud1b5\ube44\uac00 \ud3ec\ud568\ub418\uc5b4 \uc788\uc2b5\ub2c8\ub2e4.<\/p>","protected":false},"featured_media":16644,"template":"","meta":[],"product_cat":[1096],"product_tag":[1097],"class_list":["post-16647","product","type-product","status-publish","has-post-thumbnail","hentry","product_cat-haitises","product_tag-haitises"],"_links":{"self":[{"href":"https:\/\/www.boattoursamana.com\/ko\/wp-json\/wp\/v2\/product\/16647","targetHints":{"allow":["GET"]}}],"collection":[{"href":"https:\/\/www.boattoursamana.com\/ko\/wp-json\/wp\/v2\/product"}],"about":[{"href":"https:\/\/www.boattoursamana.com\/ko\/wp-json\/wp\/v2\/types\/product"}],"wp:featuredmedia":[{"embeddable":true,"href":"https:\/\/www.boattoursamana.com\/ko\/wp-json\/wp\/v2\/media\/16644"}],"wp:attachment":[{"href":"https:\/\/www.boattoursamana.com\/ko\/wp-json\/wp\/v2\/media?parent=16647"}],"wp:term":[{"taxonomy":"product_cat","embeddable":true,"href":"https:\/\/www.boattoursamana.com\/ko\/wp-json\/wp\/v2\/product_cat?post=16647"},{"taxonomy":"product_tag","embeddable":true,"href":"https:\/\/www.boattoursamana.com\/ko\/wp-json\/wp\/v2\/product_tag?post=16647"}],"curies":[{"name":"wp","href":"https:\/\/api.w.org\/{rel}","templated":true}]}}