{"id":9686,"date":"2019-10-25T17:17:13","date_gmt":"2019-10-25T17:17:13","guid":{"rendered":"https:\/\/www.ticketswhales.com\/?post_type=product&#038;p=9686"},"modified":"2023-10-25T07:18:51","modified_gmt":"2023-10-25T07:18:51","slug":"ermitano-beach-playa-ermitano-boat-tour-and-playa-onda-half-day-trip-samana-dominican-republic","status":"publish","type":"product","link":"https:\/\/www.boattoursamana.com\/ko\/%ea%b4%80%ea%b4%91\/%ec%97%90%eb%a5%b4%eb%af%b8%ed%83%80%eb%85%b8-%ed%95%b4%eb%b3%80-%ed%94%8c%eb%9d%bc%ec%95%bc-%ec%97%90%eb%a5%b4%eb%af%b8%ed%83%80%eb%85%b8-%eb%b3%b4%ed%8a%b8-%ed%88%ac%ec%96%b4-%eb%b0%8f-%ed%94%8c","title":{"rendered":"(Ermitano \ud574\ubcc0) Playa Ermita\u00f1o \ubcf4\ud2b8 \ud22c\uc5b4 \ubc0f Playa Onda, \ubc18\ub098\uc808 \uc5ec\ud589, Saman\u00e1 \u2013 \ub3c4\ubbf8\ub2c8\uce74 \uacf5\ud654\uad6d."},"content":{"rendered":"<div class=\"vc_row wpb_row vc_row-fluid\" ><div class=\"wpb_column vc_column_container vc_col-sm-12\"><div class=\"vc_column-inner\"><div class=\"wpb_wrapper\"><div class=\"vc_btn3-container vc_btn3-inline\" ><a class=\"vc_general vc_btn3 vc_btn3-size-md vc_btn3-shape-rounded vc_btn3-style-modern vc_btn3-color-green\" href=\"https:\/\/bookingadventures.tours\/booking.php?tour_id=7e99c2fca5922e90ee3d1d2969786362\" title=\"\" rel=\"noopener\">\uc9c0\uae08 \uc608\uc57d<\/a><\/div><div class=\"mkdf-section-title-holder\" style=\"text-align: left\">\n\t<div class=\"mkdf-st-inner\">\n\t\t\t\t\t<h5 class=\"mkdf-st-subtitle\" >\n\t\t\t\t\uc810\uc2ec \uc2dd\uc0ac, \ubcf4\ud2b8 \ud0d1\uc2b9 \ubc0f \ud638\ud154\uc5d0\uc11c\uc758 \uac1c\uc778 \uad50\ud1b5.\t\t\t<\/h5>\n\t\t\t\t\t\t\t<h3 class=\"mkdf-st-title\" >\n\t\t\t\t(Ermitano \ud574\ubcc0) Playa Ermita\u00f1o \ubcf4\ud2b8 \ud22c\uc5b4 \ubc0f Playa Onda, \ubc18\ub098\uc808 \uc5ec\ud589, Saman\u00e1 - \ub3c4\ubbf8\ub2c8\uce74 \uacf5\ud654\uad6d.\t\t\t<\/h3>\n\t\t\t\t\t<\/div>\n<\/div>\n\t<div class=\"wpb_text_column wpb_content_element\" >\n\t\t<div class=\"wpb_wrapper\">\n\t\t\t<h2 class=\"styles__heading___mD4_3\" data-radium=\"true\">(Ermitano \ud574\ubcc0) Playa Ermita\u00f1o \ubcf4\ud2b8 \ud22c\uc5b4 \ubc0f Playa Onda \uac1c\uc778 \uc5ec\ud589.<\/h2>\n<h4><b><i>\uac1c\uc694 <\/i><\/b><\/h4>\n<p>\uc5ec\ud589\uc740 \ud638\ud154\uc774\ub098 \uc0ac\ub9c8\ub098(Samana) \uc9c0\uc5ed \ub610\ub294 \ub77c\uc2a4 \uac08\ub808\ub77c\uc2a4(Las Galeras) \uacf5\ud56d\uc5d0\uc11c \uc2dc\uc791\ub429\ub2c8\ub2e4. \uc0ac\ub9c8\ub098(Saman\u00e1) \uadfc\ucc98\uc758 \uc544\ub984\ub2f5\uace0 \ub3c5\ud2b9\ud55c \ud574\ubcc0\uc778 \ud50c\ub77c\uc57c \uc5d8 \ubc1c\ub808(Playa El Valle)\uc5d0\uc11c \uacbd\ud5d8\uc744 \uc2dc\uc791\ud574\ubcf4\uc138\uc694. \uccad\ub85d\uc0c9 \ud478\ub978 \ubc14\ub2e4\uac00 \uc788\ub294 \uc544\uc9c1 \ud0d0\ud5d8\ub418\uc9c0 \uc54a\uc740 \uace0\ub9bd\ub41c \ud574\ubcc0\uc778 \ud50c\ub77c\uc57c \uc5d0\ub974\ubbf8\ud0c0\ub1e8(Playa Ermita\u00f1o)\uae4c\uc9c0 \ubcf4\ud2b8\ub85c 25\ubd84 \ub3d9\uc548 \uc774\ub3d9\ud558\uc138\uc694. \uc2e0\uc120\ud55c \ucf54\ucf54\ub11b \uc6cc\ud130\ub97c \ub9db\ubcf4\uc138\uc694. \uadfc\ucc98\uc758 \ube44\ubc00 \ub3d9\uad74\uc744 \ud0d0\ud5d8\ud558\uba74\uc11c \ub3c4\ubbf8\ub2c8\uce74 \uacf5\ud654\uad6d\uc758 \uc190\uae38\uc774 \ub2ff\uc9c0 \uc54a\uc740 \uc9c4\uc815\ud55c \uc544\ub984\ub2e4\uc6c0\uc744 \ubc1c\uacac\ud558\uace0 \uc790\uc5f0\uc5d0 \ud479 \ube60\uc838\ubcf4\uc138\uc694. \uc6d0\ud558\ub294 \ub9cc\ud07c Playa Ermita\u00f1o\uc5d0 \uba38\ubb34\ub974\uace0 \ubcf4\ud2b8\ub85c \ub2e8 15\ubd84 \uac70\ub9ac\uc5d0 \uc788\ub294 \ub610 \ub2e4\ub978 \uc544\ub984\ub2e4\uc6b4 \uc57c\uc0dd \ud574\ubcc0\uc778 Playa Onda\ub97c \ubc29\ubb38\ud558\uc138\uc694. Playa El Valle\ub85c \ub3cc\uc544\uc628 \ud6c4 Saman\u00e1\ub85c \uc774\ub3d9\ud558\uc5ec \ud604\uc9c0 \uc8fc\ud0dd\uc744 \ub458\ub7ec\ubcf4\uace0 \ub3c4\ubbf8\ub2c8\uce74\uc758 \uc2e4\uc81c \uc0dd\ud65c\uc5d0 \ub300\ud574 \uc54c\uc544\ubcf4\uc138\uc694.<\/p>\n<p>&nbsp;<\/p>\n<ul>\n<li>\ud574\ub2f9 \uc9c0\uc5ed\uc758 \uc548\uc804 \uacbd\ud5d8\uc774 \uc788\ub294 \uc9c0\uc5ed \uac00\uc774\ub4dc\uc785\ub2c8\ub2e4.<\/li>\n<li>\uac1c\uc778 \uad50\ud1b5<\/li>\n<li>\uc218\uc218\ub8cc \ud3ec\ud568<\/li>\n<li>\ud574\ubcc0\uc5d0\uc11c \uc810\uc2ec \uc2dd\uc0ac<\/li>\n<li>\uc2a4\ud398\uc778\uc5b4, \uc601\uc5b4 \ub610\ub294 \ud504\ub791\uc2a4\uc5b4\ub85c \uc81c\uacf5\ub418\ub294 \ud604\uc9c0 \ud22c\uc5b4 \uac00\uc774\ub4dc.<\/li>\n<li>\ub4f1\uc0b0<\/li>\n<\/ul>\n<h4><b>\ud3ec\ud568 \ubc0f \uc81c\uc678<\/b><\/h4>\n<p>&nbsp;<\/p>\n<p><b>\ud3ec\ud568\uc0ac\ud56d<\/b><\/p>\n<ol>\n<li><span style=\"font-weight: 400;\">\ud574\ub2f9 \uc9c0\uc5ed\uc758 \uc548\uc804 \uacbd\ud5d8\uc744 \uac16\ucd98 \uc9c0\uc5ed \uac00\uc774\ub4dc\uc785\ub2c8\ub2e4.<\/span><\/li>\n<li>\uc18c\uaddc\ubaa8 \uadf8\ub8f9\uc744 \uc704\ud55c \uac1c\uc778 \uad50\ud1b5<\/li>\n<li style=\"font-weight: 400;\">\uc5d8 \ub9b0\ucf58 \ud574\ubcc0<\/li>\n<li>\ub3c4\ubbf8\ub2c8\uce78 \ud558\uc6b0\uc2a4 \ub79c\uce58<\/li>\n<li>\uce74\ub178 \ud504\ub9ac\uc6b0 \uac15<\/li>\n<li style=\"font-weight: 400;\"><span style=\"font-weight: 400;\">\ubaa8\ub4e0 \uc138\uae08, \uc218\uc218\ub8cc \ubc0f \ucde8\uae09 \ube44\uc6a9<\/span><\/li>\n<li style=\"font-weight: 400;\"><span style=\"font-weight: 400;\">\uc9c0\ubc29\uc138<\/span><\/li>\n<li>\ud574\ubcc0\uc5d0\uc11c \uc810\uc2ec \uc2dd\uc0ac<\/li>\n<li>\ub4f1\uc0b0<\/li>\n<li style=\"font-weight: 400;\"><span style=\"font-weight: 400;\">\ubaa8\ub4e0 \ud65c\ub3d9<\/span><\/li>\n<\/ol>\n<p><b> \uc81c\uc678<\/b><\/p>\n<ol>\n<li style=\"font-weight: 400;\"><span style=\"font-weight: 400;\">\ud301<\/span><\/li>\n<li>\ubaa8\ub4e0 \uc74c\ub8cc<\/li>\n<\/ol>\n<h4><em><strong>\ucd9c\ubc1c \ubc0f \uadc0\uad6d<\/strong><\/em><\/h4>\n<p><span style=\"font-weight: 400;\">\uc5ec\ud589\uc790\ub294 \uc608\uc57d \uc808\ucc28\uac00 \uc644\ub8cc\ub41c \ud6c4 \ubbf8\ud305 \uc7a5\uc18c\ub97c \uac16\uac8c \ub429\ub2c8\ub2e4. \ud22c\uc5b4\ub294 \ubbf8\ud305 \uc7a5\uc18c\uc5d0\uc11c \uc2dc\uc791\ub418\uace0 \uc885\ub8cc\ub429\ub2c8\ub2e4.<\/span><\/p>\n<h2 class=\"styles__heading___mD4_3\" data-radium=\"true\">(Ermitano \ud574\ubcc0) Playa Ermita\u00f1o \ubcf4\ud2b8 \ud22c\uc5b4 \ubc0f Playa Onda \uac1c\uc778 \uc5ec\ud589.<\/h2>\n<h4><em>\ubb58 \uae30\ub300 \ud560\uae4c?<\/em><\/h4>\n<p>\uc0ac\ub9c8\ub098 \ud638\ud154 \uc9c0\uc5ed\uc744 \ucd9c\ubc1c\ud574 \ub3c4\ubbf8\ub2c8\uce74 \uac70\ub9ac\ub97c \uac00\ub85c\uc9c8\ub7ec \uc6b4\uc804\ud55c \ud6c4 \ud604\uc9c0\uc778\uc758 \uc0dd\ud65c \ubc29\uc2dd\uc744 \ubcf4\uace0 \ubc30\uc6b0\uac8c \ub429\ub2c8\ub2e4. \uc774 \ud574\ubcc0\uc740 \uc0ac\ub9c8\ub098 \ubc18\ub3c4\uc758 \ud50c\ub77c\uc57c \ud63c\ub2e4(Playa Honda)\uc640 \ud50c\ub77c\uc57c \uc5d8 \ubc1c\ub808(Playa El Valle) \uc0ac\uc774\uc5d0 \uc704\uce58\ud574 \uc788\uc2b5\ub2c8\ub2e4. \uae38\uc774\ub294 400m\uc774\uace0 \uc554\ucd08\ub85c \ub458\ub7ec\uc2f8\uc5ec \uc788\uc2b5\ub2c8\ub2e4. \uc774 \ud574\ubcc0\uc5d0 \uc811\uadfc\ud560 \uc218 \uc788\ub294 \uc720\uc77c\ud55c \ubc29\ubc95\uc740 \ud558\uc774\ud0b9, \uc6b8\ucc3d\ud55c \uc815\uae00 \uac19\uc740 \uc0b0\ucc45\ub85c \ub610\ub294 \ubcf4\ud2b8\ub97c \uc774\uc6a9\ud558\ub294 \uac83\uc785\ub2c8\ub2e4.<\/p>\n<p><span style=\"vertical-align: inherit;\"><span style=\"vertical-align: inherit;\">La historia de su nombre es tan \ub9e4\ud639\uc801\uc778 e interesante\u2026 Juan El Ermita\u00f1o aparentemente era un pirata franc\u00e9s que, arrepentido, desembarc\u00f3 un d\u00eda en esta playa de Saman\u00e1. <\/span><span style=\"vertical-align: inherit;\">1780\ub144\uc758 \uc5ed\uc0ac\uc640 \uacfc\uac70\uc758 \uc5ed\uc0ac\ub97c \uc774\uc57c\uae30\ud569\ub2c8\ub2e4. 1780\ub144\uc5d0 \ub9dd\uba85 \uae30\uac04\uc774 22\ub144\uc774 \ub418\uc5c8\uc744 \ub54c \uc8fc\uc0ac\uc704\ub97c \ub358\uc9c0\uba70, \uc8fd\uc74c\uc5d0 \ub300\ud55c \ubc18\ub300\uc5d0 \ub300\ud574 \uc774\uc57c\uae30\ud588\uc2b5\ub2c8\ub2e4. <\/span><span style=\"vertical-align: inherit;\">Pero los espa\u00f1oles, asombrados por su austeridad y constancia, le concedieron el perd\u00f3n, think\u00e1ndolo casi un santo. <\/span><span style=\"vertical-align: inherit;\">Pero como toda historia de piratas que se precie, Juan El Ermita\u00f1o Guardaba un gran secreto: Guardaba un precioso bot\u00edn de su \u00e9poca de pirata que se escond\u00eda en esta playa.<\/span><\/span><\/p>\n<p>\uadf8\uacf3\uc5d0 \ub3c4\ucc29\ud558\uba74 \uc5fd\uc11c\uc5d0 \ub098\uc62c \ubc95\ud55c \ud48d\uacbd\uc774 \ub208\uc55e\uc5d0 \ud3bc\uccd0\uc9d1\ub2c8\ub2e4. \ubb34\uc131\ud55c \uc5f4\ub300 \uc2dd\ubb3c\uacfc \uc218\uc815\ucc98\ub7fc \ub9d1\uc740 \ubc14\ub2f7\ubb3c\uc758 \uc544\ub984\ub2e4\uc6c0\uc73c\ub85c \uac00\ub4dd\ud55c \uc774 \ub9c8\ubc95\uc758 \uc7a5\uc18c\uc5d0\uc11c \ub2f9\uc2e0\uc740 \uc138\uacc4\uc5d0\uc11c \uc720\uc77c\ud558\ub2e4\ub294 \uc778\uc0c1\uc744 \ubc1b\uac8c \ub420 \uac83\uc785\ub2c8\ub2e4. \uc774 \ud574\ubcc0\uc740 \ub180\ub77c\uc6b4 \uacbd\ud5d8\uc744 \ud604\uc2e4\ub85c \ub9cc\ub4e4\uc5b4\uc90d\ub2c8\ub2e4.<\/p>\n<p>\ud130\ud0a4\uc640 \uc2a4\uc6e8\ub374 \ubc84\uc804\uc758 Survivor TV \uc2dc\ub9ac\uc988\uac00 \uc774 \ud574\ubcc0\uc5d0\uc11c \ucd2c\uc601\ub418\uc5c8\uc2b5\ub2c8\ub2e4.<\/p>\n<p>&quot;Booking Adventures&quot;\uac00 \uc8fc\ucd5c\ud558\ub294 \uc774 \ud22c\uc5b4\ub294 \ud22c\uc5b4 \uac00\uc774\ub4dc\uac00 \uc815\ud55c \ubbf8\ud305 \uc7a5\uc18c\uc5d0\uc11c \uc2dc\uc791\ub429\ub2c8\ub2e4. Booking Adventures\uc5d0 \uc624\uc154\uc11c \ud574\ubcc0\uc5d0\uc11c \uc810\uc2ec\uc744 \uba39\uace0 \ub3c4\ubbf8\ub2c8\uce74 \uacf5\ud654\uad6d \uc0ac\ub9c8\ub098\uc5d0\uc11c \uac00\uc7a5 \ub180\ub77c\uc6b4 \ud574\ubcc0 \uc911 \ud558\ub098\ub97c \uc990\uaca8\ubcf4\uc138\uc694.<\/p>\n<h4><em><strong>\ubb34\uc5c7\uc744 \uac00\uc838\uc640\uc57c\ud569\ub2c8\uae4c?<\/strong><\/em><\/h4>\n<ul>\n<li style=\"font-weight: 400;\"><span style=\"font-weight: 400;\">\uce74\uba54\ub77c<\/span><\/li>\n<li style=\"font-weight: 400;\"><span style=\"font-weight: 400;\">\uad6c\ucda9\uc81c \uc0c8\uc2f9<\/span><\/li>\n<li style=\"font-weight: 400;\"><span style=\"font-weight: 400;\">\uc120\ud06c\ub9bc<\/span><\/li>\n<li>\ubb3c<\/li>\n<li style=\"font-weight: 400;\"><span style=\"font-weight: 400;\">\ubaa8\uc790<\/span><\/li>\n<li style=\"font-weight: 400;\"><span style=\"font-weight: 400;\">\ud3b8\uc548\ud55c \ubc14\uc9c0<\/span><\/li>\n<li style=\"font-weight: 400;\"><span style=\"font-weight: 400;\">\uc232\uc18d\uc758 \ub4f1\uc0b0\ud654<\/span><\/li>\n<li style=\"font-weight: 400;\"><span style=\"font-weight: 400;\">\ubd04 \uc9c0\uc5ed\uc5d0 \uc0cc\ub4e4.<\/span><\/li>\n<li style=\"font-weight: 400;\"><span style=\"font-weight: 400;\">\uc218\uc601\ubcf5<\/span><\/li>\n<\/ul>\n<p>&nbsp;<\/p>\n<h4><b><i>\ud638\ud154 \ud53d\uc5c5 <\/i><\/b><\/h4>\n<p><span style=\"font-weight: 400;\">\uc774 \ud22c\uc5b4\uc5d0\ub294 \ud638\ud154 \ud53d\uc5c5\uc774 \uc81c\uacf5\ub429\ub2c8\ub2e4. <\/span><\/p>\n<p>&nbsp;<\/p>\n<p><b>\uba54\ubaa8:<\/b><span style=\"font-weight: 400;\"> \ud22c\uc5b4\/\uc5ec\ud589 \ucd9c\ubc1c \uc2dc\uac04 24\uc2dc\uac04 \uc774\ub0b4\uc5d0 \uc608\uc57d\ud558\uc2dc\uba74 \ud638\ud154 \ud53d\uc5c5\uc744 \uc900\ube44\ud574 \ub4dc\ub9b4 \uc218 \uc788\uc2b5\ub2c8\ub2e4. \uc800\ud76c\ub294 \uc0ac\ub9c8\ub098 \uc9c0\uc5ed\uc5d0\uc11c \ud53d\uc5c5\ub9cc \ud569\ub2c8\ub2e4. \uad6c\ub9e4\uac00 \uc644\ub8cc\ub418\uba74 \ud53d\uc5c5 \uc900\ube44\ub97c \uc704\ud574 \ud604\uc9c0 \ud22c\uc5b4 \uac00\uc774\ub4dc\uc758 \uc804\uccb4 \uc5f0\ub77d\ucc98 \uc815\ubcf4(\uc804\ud654\ubc88\ud638, \uc774\uba54\uc77c \uc8fc\uc18c \ub4f1)\ub97c \ubcf4\ub0b4\ub4dc\ub9bd\ub2c8\ub2e4.<\/span><\/p>\n<h4><b><i>\ucd94\uac00\uc815\ubcf4 \ud655\uc778 <\/i><\/b><\/h4>\n<ol>\n<li>\ud2f0\ucf13\uc740 \ubcf8 \ud22c\uc5b4 \uacb0\uc81c \ud6c4 \uc601\uc218\uc99d\uc785\ub2c8\ub2e4. \ud734\ub300\ud3f0\uc73c\ub85c \uacb0\uc81c\ub0b4\uc5ed\uc744 \ubcf4\uc5ec\uc8fc\uc2e4 \uc218 \uc788\uc2b5\ub2c8\ub2e4.<\/li>\n<li style=\"font-weight: 400;\"><span style=\"font-weight: 400;\">\ubbf8\ud305 \ud3ec\uc778\ud2b8\ub294 \uc608\uc57d \uc808\ucc28 \uc774\ud6c4\uc5d0 \uc81c\uacf5\ub429\ub2c8\ub2e4.<\/span><\/li>\n<li style=\"font-weight: 400;\"><span style=\"font-weight: 400;\">\uc5b4\ub9b0\uc774\ub294 \ubc18\ub4dc\uc2dc \uc131\uc778\uacfc \ub3d9\ubc18\ud574\uc57c \ud569\ub2c8\ub2e4.<\/span><\/li>\n<li style=\"font-weight: 400;\"><span style=\"font-weight: 400;\"> \ud720\uccb4\uc5b4 \uc774\uc6a9 \ubd88\uac00 <\/span><\/li>\n<li style=\"font-weight: 400;\"><span style=\"font-weight: 400;\">\uc720\uc544\ub294 \ubb34\ub98e\uc5d0 \uc549\ud600\uc57c \ud569\ub2c8\ub2e4. <\/span><\/li>\n<li style=\"font-weight: 400;\"><span style=\"font-weight: 400;\">\ud5c8\ub9ac\uc5d0 \ubb38\uc81c\uac00 \uc788\ub294 \uc5ec\ud589\uc790\uc5d0\uac8c\ub294 \uad8c\uc7a5\ub418\uc9c0 \uc54a\uc2b5\ub2c8\ub2e4.<\/span><\/li>\n<li style=\"font-weight: 400;\"><span style=\"font-weight: 400;\">\uc784\uc2e0\ud55c \uc5ec\ud589\uc790\uc5d0\uac8c\ub294 \uad8c\uc7a5\ub418\uc9c0 \uc54a\uc2b5\ub2c8\ub2e4. <\/span><\/li>\n<li style=\"font-weight: 400;\"><span style=\"font-weight: 400;\"> \uc2ec\uc7a5 \ubb38\uc81c\ub098 \uae30\ud0c0 \uc2ec\uac01\ud55c \uc9c8\ubcd1\uc774 \uc5c6\uc74c <\/span><\/li>\n<li style=\"font-weight: 400;\"><span style=\"font-weight: 400;\">\ub300\ubd80\ubd84\uc758 \uc5ec\ud589\uc790\uac00 \ucc38\uc5ec\ud560 \uc218 \uc788\uc2b5\ub2c8\ub2e4.<\/span><\/li>\n<\/ol>\n<h4><b><i>\ucde8\uc18c \uc815\ucc45<\/i><\/b><\/h4>\n<p>\uc804\uc561 \ud658\ubd88\uc744 \ubc1b\uc73c\ub824\uba74 \ucde8\uc18c \uc815\ucc45\uc744 \uc77d\uc5b4\ubcf4\uc138\uc694.\u00a0<a href=\"https:\/\/www.boattoursamana.com\/ko\/%ec%98%a8%eb%9d%bc%ec%9d%b8-%ec%98%88%ec%95%bd\/\" target=\"_blank\" rel=\"noopener\" data-saferedirecturl=\"https:\/\/www.google.com\/url?q=https:\/\/www.boattoursamana.com\/online-booking\/&amp;source=gmail&amp;ust=1672532492004000&amp;usg=AOvVaw3ylqI1cdbIPTimEqEWneyd\">\uc5ec\uae30\ub97c \ud074\ub9ad\ud558\uc138\uc694<\/a>. \uc5ec\ud589 \ub2f9\uc77c \uc608\uc57d\uc744 \ucde8\uc18c\ud558\uba74 \uc790\uae08\uc774 \uc190\uc2e4\ub429\ub2c8\ub2e4.<\/p>\n\n\t\t<\/div>\n\t<\/div>\n<\/div><\/div><\/div><\/div><div class=\"vc_row wpb_row vc_row-fluid\" ><div class=\"wpb_column vc_column_container vc_col-sm-12\"><div class=\"vc_column-inner\"><div class=\"wpb_wrapper\">\n\t<div class=\"wpb_video_widget wpb_content_element vc_clearfix   vc_video-aspect-ratio-169 vc_video-el-width-100 vc_video-align-left\" >\n\t\t<div class=\"wpb_wrapper\">\n\t\t\t<h2 class=\"wpb_heading wpb_video_heading\">\ube44\ub514\uc624\ub97c\ubcf4\ub2e4:<\/h2>\n\t\t\t<div class=\"wpb_video_wrapper\"><iframe loading=\"lazy\" title=\"Playa Ermita\u00f1o - \uc0ac\ub9c8\ub098, \ub3c4\ubbf8\ub2c8\uce74 \uacf5\ud654\uad6d\" src=\"https:\/\/player.vimeo.com\/video\/263076708?dnt=1&amp;app_id=122963\" width=\"1100\" height=\"619\" frameborder=\"0\" allow=\"autoplay; fullscreen\" allowfullscreen><\/iframe><\/div>\n\t\t<\/div>\n\t<\/div>\n<\/div><\/div><\/div><\/div><div class=\"vc_row wpb_row vc_row-fluid\" ><div class=\"wpb_column vc_column_container vc_col-sm-12\"><div class=\"vc_column-inner\"><div class=\"wpb_wrapper\"><div class=\"vc_empty_space\"   style=\"height: 32px\"><span class=\"vc_empty_space_inner\"><\/span><\/div>\n\t<div class=\"wpb_text_column wpb_content_element\" >\n\t\t<div class=\"wpb_wrapper\">\n\t\t\t<h4>\ubb38\uc758\ud558\uae30?<\/h4>\n<h5>\uc608\uc57d \ubaa8\ud5d8<\/h5>\n<p><em><strong>\uc9c0\uc5ed \uc8fc\ubbfc<\/strong>\u00a0\uadf8\ub9ac\uace0\u00a0<strong>\uad6d\ubbfc<\/strong>\u00a0\ud22c\uc5b4 \uac00\uc774\ub4dc \ubc0f \uac8c\uc2a4\ud2b8 \uc11c\ube44\uc2a4<\/em><\/p>\n<p><span class=\"text-turquoise\">\uc804\uc138:<\/span>\u00a0\ub3d4 \ud22c\uc5b4 &amp; \uc18c\ud48d. \ub300\ud45c.<\/p>\n<p><img decoding=\"async\" class=\"emoji\" draggable=\"false\" src=\"https:\/\/s.w.org\/images\/core\/emoji\/11.2.0\/svg\/1f4de.svg\" alt=\"\ud83d\udcde\" title=\"\">\u00a0\uc804\ud654 \/ Whatsapp\u00a0\u00a0<a href=\"tel:+1-809-720-6035\">+1-809-720-6035<\/a>.<\/p>\n<p><img decoding=\"async\" class=\"emoji\" draggable=\"false\" src=\"https:\/\/s.w.org\/images\/core\/emoji\/11.2.0\/svg\/1f4e9.svg\" alt=\"\ud83d\udce9\" title=\"\">\u00a0<a href=\"mailto:info@bookingadventures.com.do\">info@bookingadventures.com.do<\/a><\/p>\n<p><strong>\uc6b0\ub9ac\ub294 Whatsapp\uc744 \ud1b5\ud55c \uc720\uc5f0\ud55c \uac1c\uc778 \ud22c\uc5b4 \uc124\uc815\uc744 \uc81c\uacf5\ud569\ub2c8\ub2e4:\u00a0<a href=\"tel:+18097206035\">+18097206035.<\/a><\/strong><\/p>\n\n\t\t<\/div>\n\t<\/div>\n<div class=\"vc_empty_space\"   style=\"height: 32px\"><span class=\"vc_empty_space_inner\"><\/span><\/div><\/div><\/div><\/div><\/div><div class=\"vc_row wpb_row vc_row-fluid\" ><div class=\"wpb_column vc_column_container vc_col-sm-12\"><div class=\"vc_column-inner\"><div class=\"wpb_wrapper\"><div class=\"vc_btn3-container vc_btn3-inline\" ><a class=\"vc_general vc_btn3 vc_btn3-size-md vc_btn3-shape-rounded vc_btn3-style-modern vc_btn3-color-green\" href=\"https:\/\/bookingadventures.tours\/booking.php?tour_id=7e99c2fca5922e90ee3d1d2969786362\" title=\"\" rel=\"noopener\">\uc9c0\uae08 \uc608\uc57d<\/a><\/div><\/div><\/div><\/div><\/div>","protected":false},"excerpt":{"rendered":"<pre id=\"tw-target-text\" class=\"tw-data-text tw-text-large tw-ta\" dir=\"ltr\" data-placeholder=\"Translation\" data-ved=\"2ahUKEwiCmvnO05CCAxVehP0HHTI_C5cQ3ewLegQIChAQ\"><span class=\"Y2IQFc\" lang=\"en\">\uc0ac\ub9c8\ub098(Saman\u00e1) \uadfc\ucc98\uc758 \uc544\ub984\ub2f5\uace0 \ub3c5\ud2b9\ud55c \ud574\ubcc0\uc778 \ud50c\ub77c\uc57c \uc5d8 \ubc1c\ub808(Playa El Valle)\uc5d0\uc11c \uacbd\ud5d8\uc744 \uc2dc\uc791\ud574\ubcf4\uc138\uc694. \uccad\ub85d\uc0c9 \ud478\ub978 \ubc14\ub2e4\uac00 \uc788\ub294 \uc544\uc9c1 \ud0d0\ud5d8\ub418\uc9c0 \uc54a\uc740 \ud55c\uc801\ud55c \ud574\ubcc0\uc778 \ud50c\ub77c\uc57c \uc5d0\ub974\ubbf8\ud0c0\ub1e8(Playa Ermita\u00f1o)\uae4c\uc9c0 \ubcf4\ud2b8\ub97c \ud0c0\uace0 25\ubd84 \ub3d9\uc548 \uc774\ub3d9\ud558\uc138\uc694. \uc2e0\uc120\ud55c \ucf54\ucf54\ub11b \uc6cc\ud130\ub97c \uc990\uaca8\ubcf4\uc138\uc694. \ub3c4\ubbf8\ub2c8\uce74 \uacf5\ud654\uad6d\uc758 \uc190\uae38\uc774 \ub2ff\uc9c0 \uc54a\uc740 \uc9c4\uc815\ud55c \uc544\ub984\ub2e4\uc6c0\uc744 \ubc1c\uacac\ud558\uace0 \uadfc\ucc98\uc758 \ube44\ubc00 \ub3d9\uad74\uc744 \ud0d0\ud5d8\ud558\uba74\uc11c \uc790\uc5f0\uc5d0 \ud479 \ube60\uc838\ubcf4\uc138\uc694. \uc6d0\ud558\ub294 \ub9cc\ud07c Playa Ermita\u00f1o\uc5d0 \uba38\ubb34\ub974\uace0 \ubcf4\ud2b8\ub85c \ub2e8 15\ubd84 \uac70\ub9ac\uc5d0 \uc788\ub294 \ub610 \ub2e4\ub978 \uc544\ub984\ub2e4\uc6b4 \uc57c\uc0dd \ud574\ubcc0\uc778 Playa Onda\ub97c \ubc29\ubb38\ud558\uc138\uc694. \ud50c\ub77c\uc57c \uc5d8 \ubc1c\ub808(Playa El Valle)\ub85c \ub3cc\uc544\uc628 \ud6c4 \uc0ac\ub9c8\ub098(Saman\u00e1)\ub85c \uc774\ub3d9\ud558\uc138\uc694. \ud604\uc9c0 \uc8fc\ud0dd\uc744 \uad6c\uacbd\ud558\uace0 \uc2e4\uc81c \ub3c4\ubbf8\ub2c8\uce74 \uc0dd\ud65c\uc5d0 \ub300\ud574 \ubc30\uc6b0\uac8c \ub429\ub2c8\ub2e4. \uc774\uac83\uc740 \ub3c4\ubbf8\ub2c8\uce74 \uacf5\ud654\uad6d\uc758 \uc2e4\uc81c \uc0ac\ub9c8\ub098\ub97c \ubc18\ub098\uc808 \ub3d9\uc548 \uacbd\ud5d8\ud558\ub294 \uac83\uc785\ub2c8\ub2e4.<\/span><\/pre>\n<p>&nbsp;<\/p>\n<p><i><b>\uc608\uc57d \uac00\ub2a5 \uc5ec\ubd80\ub97c \ud655\uc778\ud558\ub824\uba74 \uc9c0\uae08 \uc608\uc57d\uc744 \ud074\ub9ad\ud558\uc138\uc694.\u00a0<\/b><\/i><\/p>","protected":false},"featured_media":9698,"template":"","meta":[],"product_cat":[160,655,456,170,255],"product_tag":[510,516,520,515,519,522,521,517,523,511,518,512,514,513,327,375,200,187],"class_list":["post-9686","product","type-product","status-publish","has-post-thumbnail","hentry","product_cat-lunch","product_cat-1-samana","product_cat-day-trips","product_cat-local-tour-guides","product_cat-tours-excursions-samana-bay-dominican-republic","product_tag-ermitano-beach-playa-ermitano-boat-tour-and-playa-onda-private-trip","product_tag-ermitano-beach","product_tag-ermitano-excursion","product_tag-ermitano-samana","product_tag-ermitano-tour","product_tag-las-terrenas-excursions","product_tag-las-terrenas-tours","product_tag-onda-beach","product_tag-playa-ermitano-and-playa-onda-private-boat-tour","product_tag-playa-ermitano-tour","product_tag-playa-honda-samana","product_tag-playa-onda","product_tag-playa-onda-location","product_tag-playa-onda-samana-maps","product_tag-private-tours-samana","product_tag-samana-dominican-republic","product_tag-samana-excursions","product_tag-samana-tours"],"_links":{"self":[{"href":"https:\/\/www.boattoursamana.com\/ko\/wp-json\/wp\/v2\/product\/9686","targetHints":{"allow":["GET"]}}],"collection":[{"href":"https:\/\/www.boattoursamana.com\/ko\/wp-json\/wp\/v2\/product"}],"about":[{"href":"https:\/\/www.boattoursamana.com\/ko\/wp-json\/wp\/v2\/types\/product"}],"wp:featuredmedia":[{"embeddable":true,"href":"https:\/\/www.boattoursamana.com\/ko\/wp-json\/wp\/v2\/media\/9698"}],"wp:attachment":[{"href":"https:\/\/www.boattoursamana.com\/ko\/wp-json\/wp\/v2\/media?parent=9686"}],"wp:term":[{"taxonomy":"product_cat","embeddable":true,"href":"https:\/\/www.boattoursamana.com\/ko\/wp-json\/wp\/v2\/product_cat?post=9686"},{"taxonomy":"product_tag","embeddable":true,"href":"https:\/\/www.boattoursamana.com\/ko\/wp-json\/wp\/v2\/product_tag?post=9686"}],"curies":[{"name":"wp","href":"https:\/\/api.w.org\/{rel}","templated":true}]}}