{"id":15734,"date":"2023-07-15T07:42:45","date_gmt":"2023-07-15T07:42:45","guid":{"rendered":"https:\/\/www.ticketswhales.com\/2-hours-kayak-los-haitises\/"},"modified":"2023-07-15T07:42:45","modified_gmt":"2023-07-15T07:42:45","slug":"2-hours-kayak-los-haitises","status":"publish","type":"page","link":"https:\/\/www.boattoursamana.com\/lt\/2-valandos-baidares-los-haitises","title":{"rendered":"2 valand\u0173 baidar\u0117s Los Haitises"},"content":{"rendered":"<p>Ekskursija \u012f Los Haitises nacionalin\u012f park\u0105, pradedant nuo Sabana de la Mar arba Ca\u00f1o Hondo vie\u0161bu\u010di\u0173. Plaukimas baidar\u0117mis mangrov\u0117mis Los Haitises nacionaliniame parke su vietiniu gidu. Apsilankymas mangroviuose Ca\u00f1o Hondo up\u0117je ir San Lorenzo \u012flankos ap\u017evalga Los Haitises nacionaliniame parke, Sabana de la Mar Ca\u00f1o Hondo rajone. Jei jus domina taip pat aplankyti urvai, pra\u0161ome u\u017esisakyti 4 valand\u0173 baidares <a href=\"https:\/\/www.boattoursamana.com\/lt\/tours-excursions\/plaukimas-baidaremis-2\/plaukimas-baidaremis-los-haitise-su-kelioniu-vadovu-is-kano-hondo-4-valandos\/\">kelion\u0117 \u010dia.<\/a><br \/>\nn<\/p>\n<ul>\nn \t<\/p>\n<li style=\"font-weight: 400;\"><span style=\"font-weight: 400;\">Vadove pateikiami nurodymai ir prie\u017ei\u016bra<\/span><\/li>\n<p>n \t<\/p>\n<li>Galima \u012fsigyti dvivietes baidares ir irkles dviem \u017emon\u0117ms ir paprastas tik vienam asmeniui.<\/li>\n<p>n<\/ul>\n<p>n&nbsp;<br \/>\nn<br \/>\nnNustatykite \u0161i\u0105 kelion\u0119 su p\u0117s\u010di\u0173j\u0173 taku ir su\u017einokite apie Los Haitises nacionalinio parko istorij\u0105 su vietiniais gyventojais.<br \/>\nn<br \/>\nn&nbsp;<br \/>\nn<br \/>\nn<strong>Pra\u0161ome pasirinkti Ekskursijos dat\u0105\u00a0<\/strong><\/p>\n<p>&nbsp;<\/p>\n<div class=\"vc_row wpb_row vc_row-fluid\" ><div class=\"wpb_column vc_column_container vc_col-sm-12\"><div class=\"vc_column-inner\"><div class=\"wpb_wrapper\"><div class=\"vc_btn3-container vc_btn3-inline\" ><a class=\"vc_general vc_btn3 vc_btn3-size-md vc_btn3-shape-rounded vc_btn3-style-modern vc_btn3-color-green\" href=\"https:\/\/bookingadventures.tours\/booking.php?tour_id=76244158e4bf48f84872b711d82fa754\" title=\"\" rel=\"noopener\">U\u017dSAKYTI DABAR<\/a><\/div><div class=\"mkdf-section-title-holder\" style=\"text-align: left\">\n\t<div class=\"mkdf-st-inner\">\n\t\t\t\t\t<h5 class=\"mkdf-st-subtitle\" >\n\t\t\t\tBaidariai ir vietos gidas\t\t\t<\/h5>\n\t\t\t\t\t\t\t<h3 class=\"mkdf-st-title\" >\n\t\t\t\tPlaukimas baidar\u0117mis Los Haitises nacionaliniame parke su gidu i\u0161 Ca\u00f1o Hondo 2 val\t\t\t<\/h3>\n\t\t\t\t\t<\/div>\n<\/div><\/div><\/div><\/div><\/div><div class=\"vc_row wpb_row vc_row-fluid\" ><div class=\"wpb_column vc_column_container vc_col-sm-12\"><div class=\"vc_column-inner\"><div class=\"wpb_wrapper\"><div class=\"vc_empty_space\"   style=\"height: 32px\"><span class=\"vc_empty_space_inner\"><\/span><\/div><\/div><\/div><\/div><\/div><div class=\"vc_row wpb_row vc_row-fluid\" ><div class=\"wpb_column vc_column_container vc_col-sm-12\"><div class=\"vc_column-inner\"><div class=\"wpb_wrapper\">\n\t<div class=\"wpb_text_column wpb_content_element\" >\n\t\t<div class=\"wpb_wrapper\">\n\t\t\t<p>\nn<\/p>\n<h4><b><i>Ap\u017evalga <\/i><\/b><\/h4>\n<p>nKayaking Mangroves Los Haitises nacionaliniame parke su vietiniu gidu 2 valandos. Apsilankymas mangroviuose Cano Hondo up\u0117je ir San Lorenzo \u012flankos ap\u017evalga Los Haitises nacionaliniame parke, Sabana de la mar Cano Hondo rajone. Jei jums patiks ilgiau: <a href=\"https:\/\/www.boattoursamana.com\/lt\/tours-excursions\/plaukimas-baidaremis-2\/plaukimas-baidaremis-los-haitise-su-kelioniu-vadovu-is-kano-hondo-4-valandos\/\"><strong>4 valandos baidar\u0117mis Los Haitises mieste.<\/strong><\/a><br \/>\nn<\/p>\n<ul>\nn \t<\/p>\n<li style=\"font-weight: 400;\"><span style=\"font-weight: 400;\">Vadove pateikiami nurodymai ir prie\u017ei\u016bra<\/span><\/li>\n<p>n \t<\/p>\n<li>Galima \u012fsigyti dvivietes baidares ir irkles dviem \u017emon\u0117ms ir paprastas tik vienam asmeniui.<\/li>\n<p>n<\/ul>\n<p>n&nbsp;<br \/>\nn<\/p>\n<h4><b>\u012etraukimai ir i\u0161imtys<\/b><\/h4>\n<p>n&nbsp;<br \/>\nn<br \/>\nn<b>Inkliuzai<\/b><br \/>\nn<br \/>\nn&nbsp;<br \/>\nn<\/p>\n<ol>\nn \t<\/p>\n<li style=\"font-weight: 400;\">Kelion\u0117 baidar\u0117mis<\/li>\n<p>n \t<\/p>\n<li style=\"font-weight: 400;\"><span style=\"font-weight: 400;\">Visi mokes\u010diai, rinkliavos ir tvarkymo mokes\u010diai<\/span><\/li>\n<p>n \t<\/p>\n<li style=\"font-weight: 400;\"><span style=\"font-weight: 400;\">Vietiniai mokes\u010diai<\/span><\/li>\n<p>n \t<\/p>\n<li style=\"font-weight: 400;\"><span style=\"font-weight: 400;\">Vietinis gidas<\/span><\/li>\n<p>n<\/ol>\n<p>n<b> I\u0161imtys<\/b><br \/>\nn<\/p>\n<ol>\nn \t<\/p>\n<li style=\"font-weight: 400;\"><span style=\"font-weight: 400;\">Arbatpinigiai<\/span><\/li>\n<p>n \t<\/p>\n<li style=\"font-weight: 400;\"><span style=\"font-weight: 400;\">Perdavimas<\/span><\/li>\n<p>n \t<\/p>\n<li>Piet\u016bs ne\u012fskai\u010diuoti<\/li>\n<p>n \t<\/p>\n<li>Urvai ne\u012ftraukti<\/li>\n<p>n \t<\/p>\n<li style=\"font-weight: 400;\"><span style=\"font-weight: 400;\">Alkoholiniai g\u0117rimai<\/span><\/li>\n<p>n<\/ol>\n<p>n&nbsp;<br \/>\nn<\/p>\n<h4><em><strong>I\u0161vykimas ir gr\u012f\u017eimas<\/strong><\/em><\/h4>\n<p>n<span style=\"font-weight: 400;\">Keliautojas gaus susitikimo viet\u0105 po rezervacijos proceso. Ekskursijos prasideda ir baigiasi m\u016bs\u0173 susitikimo vietose.<\/span><br \/>\nn<br \/>\nn&nbsp;<br \/>\nn<\/p>\n<h4><b><i>Ko tik\u0117tis?<\/i><\/b><\/h4>\n<p>n&nbsp;<br \/>\nn<br \/>\nn<em><strong>Gaukite bilietus<\/strong><\/em> u\u017e 2 valand\u0173 apsilankym\u0105 baidar\u0117mis Ca\u00f1o Hondo up\u0117s mi\u0161ku (mangroves) su vietiniais kelioni\u0173 vadovais.<br \/>\nn<br \/>\nKai gausime vis\u0105 j\u016bs\u0173 saugumui reikaling\u0105 \u012frang\u0105 (gelb\u0117jimosi liemenes ir kt.), prasid\u0117s plaukimas baidar\u0117mis i\u0161 Ca\u00f1o Hondo uosto up\u0117s.<br \/>\nn<br \/>\nn<span style=\"font-weight: 400;\">Ekskursija, kuri\u0105 organizuoja \u201eBooking Adventures\u201c, prasideda susitikimo ta\u0161ke, kuriame yra kelion\u0117s vadovas. <\/span>Plaukimas baidar\u0117mis ir mangrovi\u0173 pelk\u0117s, pro senovinius pirat\u0173 urvus ir saugomus mi\u0161kus \u0161iame vaizdingame rezervate, pradedant nuo Cano Hondo Hotels rajono arba nuo Sabana de la Mar,<br \/>\nn<\/p>\n<div class=\"body-description secondary\">\nn<br \/>\nAteikite su Booking Adventures ir prad\u0117kite ap\u017ei\u016br\u0117ti pauk\u0161\u010di\u0173 pilnas mangroves, ve\u0161lios augmenijos kalvas ir urvus <em><strong>Los Haitises nacionalinis parkas<\/strong><\/em>. I\u0161vykimas baidar\u0117mis i\u0161 Cano Hondo up\u0117s, Sabana de la Mar. Per mangroves ir \u017eem\u0119 atviroje San Lorenzo \u012flankoje, i\u0161 kurios galite fotografuoti at\u0161iaur\u0173 mi\u0161ko kra\u0161tovaizd\u012f. Pa\u017ei\u016br\u0117kite \u012f vanden\u012f, kad pasteb\u0117tum\u0117te <em><strong>Lamantinai<\/strong><\/em>, v\u0117\u017eiagyviai ir <em><strong>delfinai.<\/strong><\/em><br \/>\nn<br \/>\nnJei \u0161i kelion\u0117 jums patiks ilgiau, turime antr\u0105 variant\u0105: <a href=\"https:\/\/www.boattoursamana.com\/lt\/tours-excursions\/plaukimas-baidaremis-2\/plaukimas-baidaremis-los-haitise-su-kelioniu-vadovu-is-kano-hondo-4-valandos\/\"><em><strong>Plaukimas baidar\u0117mis Los Haitises mieste 4 valandos<\/strong><\/em><\/a><br \/>\nn<br \/>\nEkskursijos fini\u0161as prasideda Los Haitises nacionaliniame parke. Rekomenduojame \u0161i\u0105 kelion\u0119 6:00 val., jei jums patiks <em><strong>Lamantinai<\/strong><\/em>, v\u0117\u017eiagyviai ir <em><strong>delfinai.<\/strong><\/em><br \/>\nn<br \/>\nn<\/div>\n<p>n<em><strong>6:00 RYTO<\/strong><\/em> yra anksti, tod\u0117l Los Haitises nacionaliniame parke vis dar n\u0117ra val\u010di\u0173.<br \/>\nn<\/p>\n<h4><em><strong>K\u0105 tur\u0117tum atsine\u0161ti?<\/strong><\/em><\/h4>\n<p>n<\/p>\n<ul>\nn \t<\/p>\n<li style=\"font-weight: 400;\"><span style=\"font-weight: 400;\">Fotoaparatas<\/span><\/li>\n<p>n \t<\/p>\n<li style=\"font-weight: 400;\"><span style=\"font-weight: 400;\">Atbaidantys pumpurai<\/span><\/li>\n<p>n \t<\/p>\n<li style=\"font-weight: 400;\"><span style=\"font-weight: 400;\">kremas nuo saul\u0117s<\/span><\/li>\n<p>n \t<\/p>\n<li style=\"font-weight: 400;\"><span style=\"font-weight: 400;\">Skryb\u0117l\u0117<\/span><\/li>\n<p>n \t<\/p>\n<li style=\"font-weight: 400;\"><span style=\"font-weight: 400;\">Patogios kelnes<\/span><\/li>\n<p>n \t<\/p>\n<li style=\"font-weight: 400;\"><span style=\"font-weight: 400;\">Sandalai\u00a0<\/span><\/li>\n<p>n \t<\/p>\n<li style=\"font-weight: 400;\"><span style=\"font-weight: 400;\">Plaukimo apranga<\/span><\/li>\n<p>n<\/ul>\n<p>n&nbsp;<br \/>\nn<\/p>\n<h4><b><i>Vie\u0161bu\u010dio pa\u0117mimas <\/i><\/b><\/h4>\n<p>n<span style=\"font-weight: 400;\">\u0160ios kelion\u0117s metu perve\u017eimas \u012f vie\u0161but\u012f nesi\u016blomas. <\/span><br \/>\nn<br \/>\nn&nbsp;<br \/>\nn<br \/>\nn<b>Pastaba:<\/b><span style=\"font-weight: 400;\"> Jei rezervuojate per 24 valandas nuo kelion\u0117s\/ekskursijos i\u0161vykimo laiko, mes galime susitarti d\u0117l pa\u0117mimo i\u0161 vie\u0161bu\u010dio su papildomais mokes\u010diais. Kai pirkimas bus baigtas, mes atsi\u0173sime jums vis\u0105 kontaktin\u0119 informacij\u0105 (telefono numer\u012f, el. pa\u0161to adres\u0105 ir kt.), skirt\u0105 m\u016bs\u0173 vietiniam kelioni\u0173 vadovui, kad gal\u0117tume susitarti d\u0117l pa\u0117mimo.<\/span><br \/>\nn<\/p>\n<h4><b><i>Papildomos informacijos patvirtinimas <\/i><\/b><\/h4>\n<p>n<\/p>\n<ol>\nn \t<\/p>\n<li>Bilietai yra kvitas apmok\u0117jus \u0161i\u0105 kelion\u0119. Mok\u0117jim\u0105 galite parodyti savo telefone.<\/li>\n<p>n \t<\/p>\n<li style=\"font-weight: 400;\"><span style=\"font-weight: 400;\">Susitikimo vieta bus gauta po rezervacijos proceso.<\/span><\/li>\n<p>n \t<\/p>\n<li style=\"font-weight: 400;\"><span style=\"font-weight: 400;\">Vaikus turi lyd\u0117ti suaug\u0119s asmuo.<\/span><\/li>\n<p>n \t<\/p>\n<li style=\"font-weight: 400;\"><span style=\"font-weight: 400;\"> Nepritaikoma ne\u012fgaliojo ve\u017eim\u0117liu <\/span><\/li>\n<p>n \t<\/p>\n<li style=\"font-weight: 400;\"><span style=\"font-weight: 400;\">K\u016bdikiai turi s\u0117d\u0117ti ant keli\u0173 <\/span><\/li>\n<p>n \t<\/p>\n<li style=\"font-weight: 400;\"><span style=\"font-weight: 400;\">Nerekomenduojama keliautojams, turintiems nugaros problem\u0173<\/span><\/li>\n<p>n \t<\/p>\n<li style=\"font-weight: 400;\"><span style=\"font-weight: 400;\">Nerekomenduojama besilaukian\u010dioms keliautojoms <\/span><\/li>\n<p>n \t<\/p>\n<li style=\"font-weight: 400;\"><span style=\"font-weight: 400;\"> Joki\u0173 \u0161irdies problem\u0173 ar kit\u0173 rimt\u0173 sveikatos sutrikim\u0173 <\/span><\/li>\n<p>n \t<\/p>\n<li style=\"font-weight: 400;\"><span style=\"font-weight: 400;\">Dalyvauti gali dauguma keliautoj\u0173<\/span><\/li>\n<p>n<\/ol>\n<p>n<\/p>\n<h4><b><i>At\u0161aukimo politika<\/i><\/b><\/h4>\n<p>Nor\u0117dami susigr\u0105\u017einti visas l\u0117\u0161as, perskaitykite at\u0161aukimo politik\u0105\u00a0<a href=\"https:\/\/www.boattoursamana.com\/lt\/uzsakymas-internetu\/\" target=\"_blank\" rel=\"noopener\" data-saferedirecturl=\"https:\/\/www.google.com\/url?q=https:\/\/www.boattoursamana.com\/online-booking\/&amp;source=gmail&amp;ust=1672532492004000&amp;usg=AOvVaw3ylqI1cdbIPTimEqEWneyd\">Paspauskite \u010dia<\/a>. L\u0117\u0161os bus prarastos, jei rezervacija bus at\u0161aukta t\u0105 pa\u010di\u0105 kelion\u0117s dien\u0105.<\/p>\n\n\t\t<\/div>\n\t<\/div>\n<div class=\"vc_btn3-container vc_btn3-inline\" ><a class=\"vc_general vc_btn3 vc_btn3-size-md vc_btn3-shape-rounded vc_btn3-style-modern vc_btn3-color-green\" href=\"https:\/\/bookingadventures.tours\/booking.php?tour_id=76244158e4bf48f84872b711d82fa754\" title=\"\" rel=\"noopener\">U\u017dSAKYTI DABAR<\/a><\/div><\/div><\/div><\/div><\/div><div class=\"vc_row wpb_row vc_row-fluid\" ><div class=\"wpb_column vc_column_container vc_col-sm-12\"><div class=\"vc_column-inner\"><div class=\"wpb_wrapper\"><div class=\"vc_empty_space\"   style=\"height: 32px\"><span class=\"vc_empty_space_inner\"><\/span><\/div>\n\t<div class=\"wpb_text_column wpb_content_element\" >\n\t\t<div class=\"wpb_wrapper\">\n\t\t\t<p>\nn<\/p>\n<h4>Susisiekite su mumis?<\/h4>\n<p>n<\/p>\n<h5><em><strong>Nuotyki\u0173 u\u017esakymas<\/strong><\/em><\/h5>\n<p>n<em><strong>Vietiniai<\/strong> ir <strong>Tautie\u010diai<\/strong> Gidai ir sve\u010di\u0173 paslaugos<\/em><br \/>\nn<br \/>\nn<span class=\"text-turquoise\">Rezervacijos:<\/span> Ekskursijos ir ekskursijos Dom. Rep.<br \/>\nn<br \/>\nn<img decoding=\"async\" class=\"emoji\" draggable=\"false\" src=\"https:\/\/s.w.org\/images\/core\/emoji\/11.2.0\/svg\/1f4de.svg\" alt=\" \" title=\"\"> Tel \/ Whatsapp\u00a0 <a href=\"tel:+1-809-720-6035\">+1-809-720-6035<\/a>.<br \/>\nn<br \/>\nn<img decoding=\"async\" class=\"emoji\" draggable=\"false\" src=\"https:\/\/s.w.org\/images\/core\/emoji\/11.2.0\/svg\/1f4e9.svg\" alt=\" \" title=\"\"> <a href=\"mailto:info@bookingadventures.com.do\">info@bookingadventures.com.do<\/a><br \/>\nn<br \/>\nn<strong>Mes lanks\u010diai nustatome priva\u010dias \u201eWhatsapp\u201c keliones: <a href=\"tel:+18097206035\">+18097206035.<\/a><\/strong><\/p>\n\n\t\t<\/div>\n\t<\/div>\n<div class=\"vc_empty_space\"   style=\"height: 32px\"><span class=\"vc_empty_space_inner\"><\/span><\/div><\/div><\/div><\/div><\/div><div class=\"vc_row wpb_row vc_row-fluid\" ><div class=\"wpb_column vc_column_container vc_col-sm-12\"><div class=\"vc_column-inner\"><div class=\"wpb_wrapper\"><div class=\"vc_btn3-container vc_btn3-inline\" ><a class=\"vc_general vc_btn3 vc_btn3-size-md vc_btn3-shape-rounded vc_btn3-style-modern vc_btn3-color-green\" href=\"https:\/\/bookingadventures.tours\/booking.php?tour_id=76244158e4bf48f84872b711d82fa754\" title=\"\" rel=\"noopener\">U\u017dSAKYTI DABAR<\/a><\/div><\/div><\/div><\/div><\/div><div class=\"vc_row wpb_row vc_row-fluid\" ><div class=\"wpb_column vc_column_container vc_col-sm-12\"><div class=\"vc_column-inner\"><div class=\"wpb_wrapper\"><\/div><\/div><\/div><\/div>","protected":false},"excerpt":{"rendered":"<p>Excursion to Los Haitises National Park starting from Sabana de la Mar or Ca\u00f1o Hondo Hotels. Kayaking Mangroves in Los Haitises National Park with a local tour guide. Visiting Mangroves in Ca\u00f1o Hondo River plus an Overview of the San Lorenzo Bay in Los Haitises National park, Sabana de la Mar Ca\u00f1o Hondo area. If you are interested in visit also the caves please book 4 Hours Kayaking trip here. n n The guide provides instruction and Supervision n Kayaks [&hellip;]<\/p>\n","protected":false},"author":2,"featured_media":0,"parent":0,"menu_order":0,"comment_status":"open","ping_status":"closed","template":"","meta":{"footnotes":""},"class_list":["post-15734","page","type-page","status-publish","hentry"],"_links":{"self":[{"href":"https:\/\/www.boattoursamana.com\/lt\/wp-json\/wp\/v2\/pages\/15734","targetHints":{"allow":["GET"]}}],"collection":[{"href":"https:\/\/www.boattoursamana.com\/lt\/wp-json\/wp\/v2\/pages"}],"about":[{"href":"https:\/\/www.boattoursamana.com\/lt\/wp-json\/wp\/v2\/types\/page"}],"author":[{"embeddable":true,"href":"https:\/\/www.boattoursamana.com\/lt\/wp-json\/wp\/v2\/users\/2"}],"replies":[{"embeddable":true,"href":"https:\/\/www.boattoursamana.com\/lt\/wp-json\/wp\/v2\/comments?post=15734"}],"version-history":[{"count":0,"href":"https:\/\/www.boattoursamana.com\/lt\/wp-json\/wp\/v2\/pages\/15734\/revisions"}],"wp:attachment":[{"href":"https:\/\/www.boattoursamana.com\/lt\/wp-json\/wp\/v2\/media?parent=15734"}],"curies":[{"name":"wp","href":"https:\/\/api.w.org\/{rel}","templated":true}]}}