{"id":15755,"date":"2023-07-15T07:43:13","date_gmt":"2023-07-15T07:43:13","guid":{"rendered":"https:\/\/www.ticketswhales.com\/samana-cayo-levantado-bacardi-island-and-whale-watching-from-miches-in-catamaran\/"},"modified":"2023-07-15T07:43:13","modified_gmt":"2023-07-15T07:43:13","slug":"samana-cayo-levantado-bacardi-island-and-whale-watching-from-miches-in-catamaran","status":"publish","type":"page","link":"https:\/\/www.boattoursamana.com\/lt\/samana-cayo-levantado-bacardi-sala-ir-banginiu-stebejimas-is-miches-in-catamaran","title":{"rendered":"Saman\u00e1 Cayo Levantado (Bacardi sala) ir bangini\u0173 steb\u0117jimas i\u0161 Miches katamarane"},"content":{"rendered":"<p><span style=\"vertical-align: inherit;\"><span style=\"vertical-align: inherit;\">Bangini\u0173 Miches turai ir ekskursijos. <\/span><span style=\"vertical-align: inherit;\">Reserve sus boletos para el avistamiento de ballenas en la Bah\u00eda de Saman\u00e1, Comenzando desde Miches y visitando Cayo Levantado, tambi\u00e9n conocida como Isla Bacard\u00ed para una aventura con pase de un d\u00eda.<\/span><\/span><br \/>\nn<br \/>\nn&nbsp;<br \/>\nn<br \/>\nn<em><strong><span style=\"vertical-align: inherit;\"><span style=\"vertical-align: inherit;\">Pasirinkite ekskursij\u0105:<\/span><\/span><\/strong><\/em><\/p>\n<p>&nbsp;<\/p>\n<div class=\"vc_row wpb_row vc_row-fluid\" ><div class=\"wpb_column vc_column_container vc_col-sm-12\"><div class=\"vc_column-inner\"><div class=\"wpb_wrapper\">\n\t<div class=\"wpb_text_column wpb_content_element\" >\n\t\t<div class=\"wpb_wrapper\">\n\t\t\t<p><span style=\"vertical-align: inherit;\"><span style=\"vertical-align: inherit;\"><\/p>\n\n\t\t<\/div>\n\t<\/div>\n<\/div><\/div><\/div><\/div><div class=\"vc_row wpb_row vc_row-fluid\" ><\/div><div class=\"wpb_column vc_column_container vc_col-sm-12\"><div class=\"vc_column-inner\"><div class=\"wpb_wrapper\"><\/div><\/div><\/div><div class=\"vc_row wpb_row vc_row-fluid\" ><\/div><div class=\"wpb_column vc_column_container vc_col-sm-12\"><div class=\"vc_column-inner\"><div class=\"wpb_wrapper\"><div class=\"vc_btn3-container vc_btn3-inline\" ><button class=\"vc_general vc_btn3 vc_btn3-size-md vc_btn3-shape-rounded vc_btn3-style-modern vc_btn3-color-green\">U\u017dSAKYTI DABAR<\/button><\/div><\/div><\/div><\/div><div class=\"mkdf-section-title-holder\" style=\"text-align: left\">\n\t<div class=\"mkdf-st-inner\">\n\t\t\t\t\t\t\t<h3 class=\"mkdf-st-title\" >\n\t\t\t\tCayo Levantado + Avistamiento de ballenas de Miches en Catamar\u00e1n\t\t\t<\/h3>\n\t\t\t\t\t<\/div>\n<\/div><div class=\"vc_empty_space\"   style=\"height: 32px\"><span class=\"vc_empty_space_inner\"><\/span><\/div>\n\t<div class=\"wpb_text_column wpb_content_element\" >\n\t\t<div class=\"wpb_wrapper\">\n\t\t\t<p>\u00a0<\/span><\/span><br \/>\nn<\/p>\n<div class=\"vc_empty_space\"><\/div>\n<p>n<\/p>\n<div class=\"wpb_text_column wpb_content_element\">\nn<\/p>\n<div class=\"wpb_wrapper\">\nn<\/p>\n<div class=\"vc_row wpb_row vc_row-fluid\">\nn<\/p>\n<div class=\"wpb_column vc_column_container vc_col-sm-12\">\nn<\/p>\n<div class=\"vc_column-inner\">\nn<\/p>\n<div class=\"wpb_wrapper\">\nn<\/p>\n<div class=\"wpb_text_column wpb_content_element\">\nn<\/p>\n<div class=\"wpb_wrapper\">\nn<\/p>\n<div class=\"vc_row wpb_row vc_row-fluid\">\nn<\/p>\n<div class=\"wpb_column vc_column_container vc_col-sm-12\">\nn<\/p>\n<div class=\"vc_column-inner\">\nn<\/p>\n<div class=\"wpb_wrapper\">\nn<\/p>\n<div class=\"wpb_text_column wpb_content_element\">\nn<\/p>\n<div class=\"wpb_wrapper\">\nn<\/p>\n<h4><a id=\"overview\" class=\"aal_anchor\" href=\"https:\/\/www.boattoursamana.com\/lt\/turas\/samana-cayo-levantado-bacardi-sala-ir-banginiu-stebejimas-is-miches-in-catamaran\/#overview\" aria-hidden=\"true\"><\/a><b><i>Ap\u017evalga<\/i><\/b><\/h4>\n<p>nWhale watching in Saman\u00e1 bay starting from Miches port in Catamaran.\u00a0 This Trip starts at 9:00 Am and Finishes at 5:00 Pm. Meeting before in Our port at Miches. After aborting our Catamaran or Boat to visit the Whales in their own habitat.<br \/>\nn<br \/>\nnFrom 9:00 Am until 12:00-noon Whale watching observatory and After this Whale trip we will visit Bacardi Island \/ Cayo Levantado. In Bacardi Island, Lunch Buffet from typical Dominican Style will be provided. When lunch is finished you are allowed to swim until 4:30 pm. Tour will be finished at 5:00 pm at the same port where it will start.<br \/>\nn<br \/>\nnNote: This tour is Not Private.<strong>\u00a0D\u0117l priva\u010dios ekskursijos susisiekite su mumis.<\/strong><br \/>\nn<\/p>\n<ul>\nn \t<\/p>\n<li>Bangini\u0173 steb\u0117jimo kelion\u0117<\/li>\n<p>n \t<\/p>\n<li>\u012e\u0117jimo \u012f observatorij\u0105 mokes\u010diai<\/li>\n<p>n \t<\/p>\n<li>\u012e kain\u0105 \u012fskai\u010diuoti savitarnos piet\u016bs papl\u016bdimyje<\/li>\n<p>n \t<\/p>\n<li>Perve\u017eimas laivu<\/li>\n<p>n \t<\/p>\n<li>Kapitonas instruktuoja ir pri\u017ei\u016bri<\/li>\n<p>n \t<\/p>\n<li>Kelion\u0117s gidas<\/li>\n<p>n<\/ul>\n<p>n&nbsp;<br \/>\nn<\/p>\n<h4><a id=\"inclusions-exclusions\" class=\"aal_anchor\" href=\"https:\/\/www.boattoursamana.com\/lt\/turas\/samana-cayo-levantado-bacardi-sala-ir-banginiu-stebejimas-is-miches-in-catamaran\/#inclusions-exclusions\" aria-hidden=\"true\"><\/a><b>\u012etraukimai ir i\u0161imtys<\/b><\/h4>\n<p>n&nbsp;<br \/>\nn<br \/>\nn<b>Inkliuzai<\/b><br \/>\nn<br \/>\nn&nbsp;<br \/>\nn<\/p>\n<ol>\nn \t<\/p>\n<li>Savitarnos piet\u016bs papl\u016bdimyje<\/li>\n<p>n \t<\/p>\n<li>Bangini\u0173 steb\u0117jimas<\/li>\n<p>n \t<\/p>\n<li>Kelion\u0117s gidas<\/li>\n<p>n \t<\/p>\n<li>Kelion\u0117 katamaranu arba laivu<\/li>\n<p>n \t<\/p>\n<li>Visi mokes\u010diai, rinkliavos ir tvarkymo mokes\u010diai<\/li>\n<p>n \t<\/p>\n<li>Vietiniai mokes\u010diai<\/li>\n<p>n \t<\/p>\n<li>G\u0117rimai<\/li>\n<p>n \t<\/p>\n<li>Alkoholiniai g\u0117rimai<\/li>\n<p>n<\/ol>\n<p>n<b>I\u0161imtys<\/b><br \/>\nn<\/p>\n<ol>\nn \t<\/p>\n<li>Arbatpinigiai<\/li>\n<p>n \t<\/p>\n<li>Perve\u017eimo automobilis<\/li>\n<p>n<\/ol>\n<p>n&nbsp;<br \/>\nn<\/p>\n<h4><a id=\"departure-return\" class=\"aal_anchor\" href=\"https:\/\/www.boattoursamana.com\/lt\/turas\/samana-cayo-levantado-bacardi-sala-ir-banginiu-stebejimas-is-miches-in-catamaran\/#departure-return\" aria-hidden=\"true\"><\/a><em><strong>I\u0161vykimas ir gr\u012f\u017eimas<\/strong><\/em><\/h4>\n<p>Keliautojas gaus susitikimo viet\u0105 po rezervacijos proceso. Ekskursijos prasideda ir baigiasi m\u016bs\u0173 susitikimo vietose.<br \/>\nn<br \/>\nn&nbsp;<br \/>\nn<\/p>\n<h4><a id=\"what-to-expect\" class=\"aal_anchor\" href=\"https:\/\/www.boattoursamana.com\/lt\/turas\/samana-cayo-levantado-bacardi-sala-ir-banginiu-stebejimas-is-miches-in-catamaran\/#what-to-expect\" aria-hidden=\"true\"><\/a><b><i>Ko tik\u0117tis?<\/i><\/b><\/h4>\n<p>n&nbsp;<br \/>\nn<br \/>\nn<em><strong>Gaukite bilietus<\/strong><\/em>\u00a0Dienos bangini\u0173 steb\u0117jimo ekskursija Samanos \u012flankoje, pradedant nuo Miches in Catamaran su vietiniais g\u0117rimais ir nuostabiais pietumis bei papl\u016bdimiu.<br \/>\nn<br \/>\nnThe Daypass for whale watching, organized by \u201cBooking Adventures\u201d starts at the meeting point set with the Tour Guide. Lunch at the beach and you can stay as long as you want swimming around. If you are Vegan we also can set some food for you.<br \/>\nn<br \/>\nn<strong>Tvarkara\u0161tis:<\/strong><br \/>\nn<br \/>\nn8:45 AM \u2013 5:00 PM<br \/>\nn<br \/>\nn&nbsp;<br \/>\nn<\/p>\n<h4><a id=\"what-you-should-bring\" class=\"aal_anchor\" href=\"https:\/\/www.boattoursamana.com\/lt\/turas\/samana-cayo-levantado-bacardi-sala-ir-banginiu-stebejimas-is-miches-in-catamaran\/#what-you-should-bring\" aria-hidden=\"true\"><\/a><em><strong>K\u0105 tur\u0117tum atsine\u0161ti?<\/strong><\/em><\/h4>\n<p>n<\/p>\n<ul>\nn \t<\/p>\n<li>Fotoaparatas<\/li>\n<p>n \t<\/p>\n<li>Atbaidantys pumpurai<\/li>\n<p>n \t<\/p>\n<li>Kremas nuo saul\u0117s<\/li>\n<p>n \t<\/p>\n<li>Skryb\u0117l\u0117<\/li>\n<p>n \t<\/p>\n<li>Patogios kelnes<\/li>\n<p>n \t<\/p>\n<li>Sandalai \u012f papl\u016bdim\u012f<\/li>\n<p>n \t<\/p>\n<li>Plaukimo apranga<\/li>\n<p>n \t<\/p>\n<li>Pinigai suvenyrams<\/li>\n<p>n<\/ul>\n<p>n&nbsp;<br \/>\nn<\/p>\n<h4><a id=\"hotel-pickup\" class=\"aal_anchor\" href=\"https:\/\/www.boattoursamana.com\/lt\/turas\/samana-cayo-levantado-bacardi-sala-ir-banginiu-stebejimas-is-miches-in-catamaran\/#hotel-pickup\" aria-hidden=\"true\"><\/a><b><i>Vie\u0161bu\u010dio pa\u0117mimas<\/i><\/b><\/h4>\n<p>n\u0160ios kelion\u0117s metu pa\u0117mimas vie\u0161butyje nesi\u016blomas.<br \/>\nn<br \/>\nn&nbsp;<br \/>\nn<br \/>\nn<b>Pastaba:<\/b>\u00a0Jei rezervuojate per 24 valandas nuo kelion\u0117s\/ekskursijos i\u0161vykimo laiko, mes galime susitarti d\u0117l pa\u0117mimo i\u0161 vie\u0161bu\u010dio su papildomais mokes\u010diais. Kai pirkimas bus baigtas, mes atsi\u0173sime jums vis\u0105 kontaktin\u0119 informacij\u0105 (telefono numer\u012f, el. pa\u0161to adres\u0105 ir kt.), skirt\u0105 m\u016bs\u0173 vietiniam kelioni\u0173 vadovui, kad gal\u0117tume susitarti d\u0117l pa\u0117mimo.<br \/>\nn<\/p>\n<h4><a id=\"additional-info-confirmation\" class=\"aal_anchor\" href=\"https:\/\/www.boattoursamana.com\/lt\/turas\/samana-cayo-levantado-bacardi-sala-ir-banginiu-stebejimas-is-miches-in-catamaran\/#additional-info-confirmation\" aria-hidden=\"true\"><\/a><b><i>Papildomos informacijos patvirtinimas<\/i><\/b><\/h4>\n<p>n<\/p>\n<ol>\nn \t<\/p>\n<li>Bilietai yra kvitas apmok\u0117jus \u0161i\u0105 kelion\u0119. Mok\u0117jim\u0105 galite parodyti savo telefone.<\/li>\n<p>n \t<\/p>\n<li>Susitikimo vieta bus gauta po rezervacijos proceso.<\/li>\n<p>n \t<\/p>\n<li>Vaikus turi lyd\u0117ti suaug\u0119s asmuo.<\/li>\n<p>n \t<\/p>\n<li>pritaikyta ne\u012fgali\u0173j\u0173 ve\u017eim\u0117liui<\/li>\n<p>n \t<\/p>\n<li>K\u016bdikiai turi s\u0117d\u0117ti ant keli\u0173<\/li>\n<p>n \t<\/p>\n<li>Dalyvauti gali dauguma keliautoj\u0173<\/li>\n<p>n<\/ol>\n<p>n<\/p>\n<h4><a id=\"cancellation-policy\" class=\"aal_anchor\" href=\"https:\/\/www.boattoursamana.com\/lt\/turas\/samana-cayo-levantado-bacardi-sala-ir-banginiu-stebejimas-is-miches-in-catamaran\/#cancellation-policy\" aria-hidden=\"true\"><\/a><b><i>At\u0161aukimo politika<\/i><\/b><\/h4>\n<p>nNor\u0117dami susigr\u0105\u017einti visas l\u0117\u0161as, at\u0161aukite bent 24 valandas iki patirties prad\u017eios datos.<br \/>\nn<br \/>\nn\n<\/div>\n<p>n\n<\/p><\/div>\n<p>n\n<\/p><\/div>\n<p>n\n<\/p><\/div>\n<p>n\n<\/p><\/div>\n<p>n\n<\/p><\/div>\n<p>n\n<\/p><\/div>\n<p>n\n<\/p><\/div>\n<p>n\n<\/p><\/div>\n<p>n\n<\/p><\/div>\n<p>n\n<\/p><\/div>\n<p>n\n<\/p><\/div>\n<p>n<\/p>\n<div class=\"vc_row wpb_row vc_row-fluid\">\nn<\/p>\n<div class=\"wpb_column vc_column_container vc_col-sm-12\">\nn<\/p>\n<div class=\"vc_column-inner\">\nn<\/p>\n<div class=\"wpb_wrapper\">\nn<\/p>\n<div class=\"vc_empty_space\"><\/div>\n<p>n<\/p>\n<div class=\"wpb_text_column wpb_content_element\">\nn<\/p>\n<div class=\"wpb_wrapper\">\nn<\/p>\n<h4><a id=\"contact-us\" class=\"aal_anchor\" href=\"https:\/\/www.boattoursamana.com\/lt\/turas\/samana-cayo-levantado-bacardi-sala-ir-banginiu-stebejimas-is-miches-in-catamaran\/#contact-us\" aria-hidden=\"true\"><\/a>Susisiekite su mumis?<\/h4>\n<p>n<\/p>\n<h5><\/h5>\n<p>n<em><strong>Vietiniai<\/strong>\u00a0ir\u00a0<strong>Tautie\u010diai<\/strong>\u00a0Gidai ir sve\u010di\u0173 paslaugos<\/em><br \/>\nn<br \/>\nn<span class=\"text-turquoise\">Rezervacijos:<\/span>\u00a0Ekskursijos ir ekskursijos Dom. Rep.<br \/>\nn<br \/>\nn<img decoding=\"async\" class=\"emoji\" title=\"Saman\u00e1 Cayo Levantado (Bacardi sala) ir bangini\u0173 steb\u0117jimas i\u0161 Miches katamarane\" draggable=\"false\" src=\"https:\/\/s.w.org\/images\/core\/emoji\/11.2.0\/svg\/1f4de.svg\" alt=\" \" \/> Tel \/ Whatsapp <strong><a href=\"tel:+1 (829) 318-9463\">+1 (829) 318-9463.<\/a><\/strong><br \/>\nn<br \/>\nn<img decoding=\"async\" class=\"emoji\" title=\"Saman\u00e1 Cayo Levantado (Bacardi sala) ir bangini\u0173 steb\u0117jimas i\u0161 Miches katamarane\" draggable=\"false\" src=\"https:\/\/s.w.org\/images\/core\/emoji\/11.2.0\/svg\/1f4e9.svg\" alt=\" \" \/>\u00a0<a href=\"mailto:reservabatour@gmail.com\">reservabatour@gmail.com<\/a><br \/>\nn<br \/>\nn<strong>Mes lanks\u010diai nustatome priva\u010dias \u201eWhatsapp\u201c keliones:\u00a0<a href=\"tel:+1 (829) 318-9463\">+1 (829) 318-9463.<\/a><\/strong><br \/>\nn<br \/>\nn<\/div>\n<p>n\n<\/p><\/div>\n<p>n\n<\/p><\/div>\n<p>n\n<\/p><\/div>\n<p>n\n<\/p><\/div>\n<p>n\n<\/p><\/div>\n<p>n\n<\/p><\/div>\n<p>n\n<\/p><\/div>\n<p>n<\/p>\n\n\t\t<\/div>\n\t<\/div>\n<div class=\"vc_row wpb_row vc_row-fluid\" ><div class=\"wpb_column vc_column_container vc_col-sm-12\"><div class=\"vc_column-inner\"><div class=\"wpb_wrapper\"><div class=\"vc_btn3-container vc_btn3-inline\" ><button class=\"vc_general vc_btn3 vc_btn3-size-md vc_btn3-shape-rounded vc_btn3-style-modern vc_btn3-color-green\">U\u017dSAKYTI DABAR<\/button><\/div><\/div><\/div><\/div><\/div>","protected":false},"excerpt":{"rendered":"<p>Whale Miches Tours &amp; Excursiones. Reserve sus boletos para el avistamiento de ballenas en la Bah\u00eda de Saman\u00e1, comenzando desde Miches y visitando Cayo Levantado, tambi\u00e9n conocida como Isla Bacard\u00ed para una aventura con pase de un d\u00eda. n n&nbsp; n nSeleccione la fecha de la excursi\u00f3n: &nbsp;<\/p>","protected":false},"author":2,"featured_media":0,"parent":0,"menu_order":0,"comment_status":"open","ping_status":"closed","template":"","meta":{"footnotes":""},"class_list":["post-15755","page","type-page","status-publish","hentry"],"_links":{"self":[{"href":"https:\/\/www.boattoursamana.com\/lt\/wp-json\/wp\/v2\/pages\/15755","targetHints":{"allow":["GET"]}}],"collection":[{"href":"https:\/\/www.boattoursamana.com\/lt\/wp-json\/wp\/v2\/pages"}],"about":[{"href":"https:\/\/www.boattoursamana.com\/lt\/wp-json\/wp\/v2\/types\/page"}],"author":[{"embeddable":true,"href":"https:\/\/www.boattoursamana.com\/lt\/wp-json\/wp\/v2\/users\/2"}],"replies":[{"embeddable":true,"href":"https:\/\/www.boattoursamana.com\/lt\/wp-json\/wp\/v2\/comments?post=15755"}],"version-history":[{"count":0,"href":"https:\/\/www.boattoursamana.com\/lt\/wp-json\/wp\/v2\/pages\/15755\/revisions"}],"wp:attachment":[{"href":"https:\/\/www.boattoursamana.com\/lt\/wp-json\/wp\/v2\/media?parent=15755"}],"curies":[{"name":"wp","href":"https:\/\/api.w.org\/{rel}","templated":true}]}}