{"id":15756,"date":"2023-07-15T07:43:13","date_gmt":"2023-07-15T07:43:13","guid":{"rendered":"https:\/\/www.ticketswhales.com\/private-tour-samana-whale-watching-cayo-levantado-bacardi-island-from-samana-port\/"},"modified":"2023-07-15T07:43:13","modified_gmt":"2023-07-15T07:43:13","slug":"private-tour-samana-whale-watching-cayo-levantado-bacardi-island-from-samana-port","status":"publish","type":"page","link":"https:\/\/www.boattoursamana.com\/lt\/private-tour-samana-whale-watching-cayo-levantado-bacardi-island-from-samana-port","title":{"rendered":"Privati Samanos bangini\u0173 steb\u0117jimo ekskursija + Cayo Levantado (Bacardi sala) i\u0161 Samanos uosto"},"content":{"rendered":"<p>Privati bangini\u0173 steb\u0117jimo kelion\u0117 Samanos \u012flankoje, Dominikos Respublikoje, su vietiniais gidais. Nedvejodami nustatykite savo atvykimo laik\u0105 arba ekskursijos pabaig\u0105. Pietus ir laik\u0105 nustatote patys. U\u017esisakykite \u0161i\u0105 ekskursij\u0105 \u012f Samanos \u012flank\u0105, kad gal\u0117tum\u0117te m\u0117gautis bangini\u0173 steb\u0117jimo kelion\u0117mis.<br \/>\nn<br \/>\nnNote: This tour is a Private Tour with a Minimum Payment. To join a group for whale watching with the same price in Catamaran please\u00a0 <a href=\"https:\/\/www.boattoursamana.com\/lt\/tours-excursions\/tours-and-excursions\/samana-banginiu-stebejimas-cayo-levantado\/\">PASPAUSKITE \u010cIA.<\/a><br \/>\nn<br \/>\nn&nbsp;<br \/>\nn<br \/>\nn<em><strong>Pra\u0161ome pasirinkti ekskursijos dat\u0105:<\/strong><\/em><\/p>\n<p>&nbsp;<\/p>\n<div class=\"vc_row wpb_row vc_row-fluid\" ><div class=\"wpb_column vc_column_container vc_col-sm-12\"><div class=\"vc_column-inner\"><div class=\"wpb_wrapper\"><div class=\"vc_empty_space\"   style=\"height: 32px\"><span class=\"vc_empty_space_inner\"><\/span><\/div><div class=\"mkdf-section-title-holder\" style=\"text-align: left\">\n\t<div class=\"mkdf-st-inner\">\n\t\t\t\t\t<h5 class=\"mkdf-st-subtitle\" >\n\t\t\t\tI\u0161 Samanos uosto privatus turas laivu\t\t\t<\/h5>\n\t\t\t\t\t\t\t<h3 class=\"mkdf-st-title\" >\n\t\t\t\tSamana Cayo Levantado + bangini\u0173 steb\u0117jimas\t\t\t<\/h3>\n\t\t\t\t\t<\/div>\n<\/div><div class=\"vc_message_box vc_message_box-standard vc_message_box-rounded vc_color-info\" ><div class=\"vc_message_box-icon\"><i class=\"fas fa-info-circle\"><\/i><\/div><p>Tai privati kelion\u0117 ma\u017eiausiai 4 \u017emon\u0117ms. Nor\u0117dami u\u017esisakyti t\u0105 pa\u010di\u0105 kelion\u0119 katamaran\u0173 grup\u0117se <a href=\"https:\/\/www.boattoursamana.com\/lt\/tours-excursions\/tours-and-excursions\/samana-banginiu-stebejimas-cayo-levantado\/\">Paspauskite \u010dia.<\/a><br \/>\nn<br \/>\nnIf you are less than 4 People\u00a0 and will like Private Contact us.<\/p>\n<\/div><div class=\"vc_empty_space\"   style=\"height: 32px\"><span class=\"vc_empty_space_inner\"><\/span><\/div><\/div><\/div><\/div><\/div><div class=\"vc_row wpb_row vc_row-fluid\" ><div class=\"wpb_column vc_column_container vc_col-sm-12\"><div class=\"vc_column-inner\"><div class=\"wpb_wrapper\"><div class=\"vc_btn3-container vc_btn3-inline\" ><a class=\"vc_general vc_btn3 vc_btn3-size-md vc_btn3-shape-rounded vc_btn3-style-modern vc_btn3-color-green\" href=\"https:\/\/bookingadventures.tours\/booking.php?tour_id=ccd2fafcfb0614232b46b749871336cb\" title=\"U\u017dSAKYTI DABAR\" rel=\"noopener\">U\u017dSAKYTI DABAR<\/a><\/div>\n\t<div class=\"wpb_text_column wpb_content_element\" >\n\t\t<div class=\"wpb_wrapper\">\n\t\t\t<p>\nn<\/p>\n<div class=\"vc_row wpb_row vc_row-fluid\">\nn<\/p>\n<div class=\"wpb_column vc_column_container vc_col-sm-12\">\nn<\/p>\n<div class=\"vc_column-inner\">\nn<\/p>\n<div class=\"wpb_wrapper\">\nn<\/p>\n<div class=\"wpb_text_column wpb_content_element\">\nn<\/p>\n<div class=\"wpb_wrapper\">\nn<\/p>\n<div class=\"vc_row wpb_row vc_row-fluid\">\nn<\/p>\n<div class=\"wpb_column vc_column_container vc_col-sm-12\">\nn<\/p>\n<div class=\"vc_column-inner\">\nn<\/p>\n<div class=\"wpb_wrapper\">\nn<\/p>\n<div class=\"wpb_text_column wpb_content_element\">\nn<\/p>\n<div class=\"wpb_wrapper\">\nn<\/p>\n<h4><b><i>Ap\u017evalga<img decoding=\"async\" class=\"emoji\" draggable=\"false\" src=\"https:\/\/s.w.org\/images\/core\/emoji\/12.0.0-1\/svg\/1f433.svg\" alt=\" \" title=\"\"><\/i><\/b><\/h4>\n<p>n<strong>Venkite dideli\u0173 turist\u0173 grupi\u0173<\/strong>\u00a0ir steb\u0117kite banginius Samanos \u012flankoje, pradedant nuo Samanos uosto priva\u010dia valtimi. \u0160i kelion\u0117 prasideda 9:00 ir baigiasi 17:00. Ta\u010diau kadangi tai bus privati kelion\u0117, galite nustatyti prad\u017eios ir pabaigos laik\u0105. Prie\u0161 tai susitiksime m\u016bs\u0173 biure, \u0161alia Karali\u0161kojo restorano. Nutrauk\u0119 m\u016bs\u0173 laiv\u0105, aplankysime banginius j\u0173 buvein\u0117je. M\u016bs\u0173 kapitonai yra apmokyti, kad \u012fsitikint\u0173, jog matote banginius.<br \/>\nn<br \/>\nnFrom 9:00 Am until 12:00-noon Whale watching observatory and After this Whale trip we will visit Bacardi Island \/ Cayo Levantado. In Bacardi Island, Lunch Buffet from typical Dominican Style will be provided (Rice, Beans, Fish, Salads\u2026). When lunch is finished you are allowed to swim until 4:30 pm. Tour will be finished at 5:00 pm at the same port from where it will start.<br \/>\nn<br \/>\nn<strong>Pastaba:<\/strong>\u00a0\u0160i kelion\u0117 yra privati. (Tik j\u016bs ir \u0161eima arba draugai laive su kapitonu ir kelioni\u0173 vadovu).<br \/>\nn<\/p>\n<ul>\nn \t<\/p>\n<li>Bangini\u0173 steb\u0117jimo kelion\u0117<\/li>\n<p>n \t<\/p>\n<li>\u012e\u0117jimo \u012f observatorij\u0105 mokes\u010diai<\/li>\n<p>n \t<\/p>\n<li>\u012e kain\u0105 \u012fskai\u010diuoti savitarnos piet\u016bs papl\u016bdimyje<\/li>\n<p>n \t<\/p>\n<li>Perve\u017eimas laivu<\/li>\n<p>n \t<\/p>\n<li>Kapitonas instruktuoja ir pri\u017ei\u016bri<\/li>\n<p>n \t<\/p>\n<li>Kelion\u0117s gidas<\/li>\n<p>n<\/ul>\n<p>n&nbsp;<br \/>\nn<\/p>\n<h4><b>\u012etraukimai ir i\u0161imtys<\/b><\/h4>\n<p>n&nbsp;<br \/>\nn<br \/>\nn<b>Inkliuzai<\/b><br \/>\nn<br \/>\nn&nbsp;<br \/>\nn<\/p>\n<ol>\nn \t<\/p>\n<li>Savitarnos piet\u016bs papl\u016bdimyje<\/li>\n<p>n \t<\/p>\n<li>Kelion\u0117s gidas<\/li>\n<p>n \t<\/p>\n<li>Kelion\u0117 katamaranu arba laivu<\/li>\n<p>n \t<\/p>\n<li>Visi mokes\u010diai, rinkliavos ir tvarkymo mokes\u010diai<\/li>\n<p>n \t<\/p>\n<li>Vietiniai mokes\u010diai<\/li>\n<p>n \t<\/p>\n<li>G\u0117rimai<\/li>\n<p>n<\/ol>\n<p>n<b>I\u0161imtys<\/b><br \/>\nn<\/p>\n<ol>\nn \t<\/p>\n<li>Arbatpinigiai<\/li>\n<p>n \t<\/p>\n<li>Perve\u017eimo automobilis<\/li>\n<p>n \t<\/p>\n<li>Alkoholiniai g\u0117rimai<\/li>\n<p>n<\/ol>\n<p>n&nbsp;<br \/>\nn<\/p>\n<h4><em><strong>I\u0161vykimas ir gr\u012f\u017eimas<\/strong><\/em><\/h4>\n<p>Keliautojas gaus susitikimo viet\u0105 po rezervacijos proceso. Ekskursijos prasideda ir baigiasi m\u016bs\u0173 susitikimo vietose.<br \/>\nn<br \/>\nn&nbsp;<br \/>\nn<\/p>\n<h4><b><i>Ko tik\u0117tis?<\/i><\/b><\/h4>\n<p>n&nbsp;<br \/>\nn<br \/>\nn<em><strong>Gaukite bilietus<\/strong><\/em>\u00a0dienai Privati bangini\u0173 steb\u0117jimo ekskursija Samanos \u012flankoje, taip pat nuostab\u016bs piet\u016bs ir laikas papl\u016bdimyje Bacardi saloje.<br \/>\nn<br \/>\nnThe Daypass for whale watching, organized by \u201cBooking Adventures\u201d starts at the meeting point set with the Tour Guide. Lunch at the beach and you can stay as long as you want swimming around. If you are Vegan we also can set some food for you.<br \/>\nn<br \/>\nn<strong>Tvarkara\u0161tis:<\/strong><br \/>\nn<br \/>\nn8:45 AM \u2013 5:00 PM<br \/>\nn<br \/>\nn&nbsp;<br \/>\nn<\/p>\n<h4><em><strong>K\u0105 tur\u0117tum atsine\u0161ti?<\/strong><\/em><\/h4>\n<p>n<\/p>\n<ul>\nn \t<\/p>\n<li>Fotoaparatas<\/li>\n<p>n \t<\/p>\n<li>Atbaidantys pumpurai<\/li>\n<p>n \t<\/p>\n<li>kremas nuo saul\u0117s<\/li>\n<p>n \t<\/p>\n<li>Skryb\u0117l\u0117<\/li>\n<p>n \t<\/p>\n<li>Patogios kelnes<\/li>\n<p>n \t<\/p>\n<li>Sandalai \u012f papl\u016bdim\u012f<\/li>\n<p>n \t<\/p>\n<li>Plaukimo apranga<\/li>\n<p>n \t<\/p>\n<li>Pinigai suvenyrams<\/li>\n<p>n<\/ul>\n<p>n&nbsp;<br \/>\nn<\/p>\n<h4><b><i>Vie\u0161bu\u010dio pa\u0117mimas<\/i><\/b><\/h4>\n<p>n\u0160ios kelion\u0117s metu pa\u0117mimas vie\u0161butyje nesi\u016blomas.<br \/>\nn<br \/>\nn&nbsp;<br \/>\nn<br \/>\nn<b>Pastaba:<\/b>\u00a0Jei rezervuojate per 24 valandas nuo kelion\u0117s\/ekskursijos i\u0161vykimo laiko, mes galime susitarti d\u0117l pa\u0117mimo i\u0161 vie\u0161bu\u010dio su papildomais mokes\u010diais. Kai pirkimas bus baigtas, mes atsi\u0173sime jums vis\u0105 kontaktin\u0119 informacij\u0105 (telefono numer\u012f, el. pa\u0161to adres\u0105 ir kt.), skirt\u0105 m\u016bs\u0173 vietiniam kelioni\u0173 vadovui, kad gal\u0117tume susitarti d\u0117l pa\u0117mimo.<br \/>\nn<\/p>\n<h4><b><i>Papildomos informacijos patvirtinimas<\/i><\/b><\/h4>\n<p>n<\/p>\n<ol>\nn \t<\/p>\n<li>Bilietai yra kvitas apmok\u0117jus \u0161i\u0105 kelion\u0119. Mok\u0117jim\u0105 galite parodyti savo telefone.<\/li>\n<p>n \t<\/p>\n<li>Susitikimo vieta bus gauta po rezervacijos proceso.<\/li>\n<p>n \t<\/p>\n<li>Vaikus turi lyd\u0117ti suaug\u0119s asmuo.<\/li>\n<p>n \t<\/p>\n<li>pritaikyta ne\u012fgali\u0173j\u0173 ve\u017eim\u0117liui<\/li>\n<p>n \t<\/p>\n<li>K\u016bdikiai turi s\u0117d\u0117ti ant keli\u0173<\/li>\n<p>n \t<\/p>\n<li>Dalyvauti gali dauguma keliautoj\u0173<\/li>\n<p>n<\/ol>\n<p>n<\/p>\n<h4><b><i>At\u0161aukimo politika<\/i><\/b><\/h4>\n<p>n<span style=\"font-weight: 400;\">Nor\u0117dami susigr\u0105\u017einti visas l\u0117\u0161as, perskaitykite at\u0161aukimo politik\u0105\u00a0<a href=\"https:\/\/www.boattoursamana.com\/lt\/uzsakymas-internetu\/\" target=\"_blank\" rel=\"noopener\" data-saferedirecturl=\"https:\/\/www.google.com\/url?q=https:\/\/www.boattoursamana.com\/online-booking\/&amp;source=gmail&amp;ust=1672449202351000&amp;usg=AOvVaw1yAeVAPktmaVCqDujgUn90\">Paspauskite \u010dia<\/a>. L\u0117\u0161os bus prarastos, jei rezervacija bus at\u0161aukta t\u0105 pa\u010di\u0105 kelion\u0117s dien\u0105.<\/span><br \/>\nn<br \/>\nn<\/div>\n<p>n\n<\/p><\/div>\n<p>n\n<\/p><\/div>\n<p>n\n<\/p><\/div>\n<p>n\n<\/p><\/div>\n<p>n\n<\/p><\/div>\n<p>n\n<\/p><\/div>\n<p>n\n<\/p><\/div>\n<p>n\n<\/p><\/div>\n<p>n\n<\/p><\/div>\n<p>n\n<\/p><\/div>\n<p>n\n<\/p><\/div>\n<p>n<\/p>\n<div class=\"vc_row wpb_row vc_row-fluid\">\nn<\/p>\n<div class=\"wpb_column vc_column_container vc_col-sm-12\">\nn<\/p>\n<div class=\"vc_column-inner\">\nn<\/p>\n<div class=\"wpb_wrapper\">\nn<\/p>\n<div class=\"vc_empty_space\"><\/div>\n<p>n<\/p>\n<div class=\"wpb_text_column wpb_content_element\">\nn<\/p>\n<div class=\"wpb_wrapper\">\nn<\/p>\n<h4>Susisiekite su mumis?<\/h4>\n<p>n<\/p>\n<h5><b><i>TOUR BANDINIAI SAMANA<\/i><\/b><\/h5>\n<p>n<em><strong>Vietiniai<\/strong>\u00a0ir\u00a0<strong>Tautie\u010diai<\/strong>\u00a0Gidai ir sve\u010di\u0173 paslaugos<\/em><br \/>\nn<br \/>\nn<span class=\"text-turquoise\">Rezervacijos:<\/span>\u00a0Ekskursijos ir ekskursijos Dom. Rep.<br \/>\nn<br \/>\nn<img decoding=\"async\" class=\"emoji\" draggable=\"false\" src=\"https:\/\/s.w.org\/images\/core\/emoji\/11.2.0\/svg\/1f4de.svg\" alt=\" \" title=\"\">\u00a0Tel \/ Whatsapp\u00a0\u00a0<a href=\"tel:+1-809-720-6035\">+1-809-720-6035<\/a>.<br \/>\nn<br \/>\nn<img decoding=\"async\" class=\"emoji\" draggable=\"false\" src=\"https:\/\/s.w.org\/images\/core\/emoji\/11.2.0\/svg\/1f4e9.svg\" alt=\" \" title=\"\">\u00a0<a href=\"mailto:info@bookingadventures.com.do\">info@bookingadventures.com.do<\/a><br \/>\nn<br \/>\nn<strong>Mes lanks\u010diai nustatome priva\u010dias \u201eWhatsapp\u201c keliones:\u00a0<a href=\"tel:+18097206035\">+18097206035.<\/a><\/strong><br \/>\nn<br \/>\nn<\/div>\n<p>n\n<\/p><\/div>\n<p>n\n<\/p><\/div>\n<p>n\n<\/p><\/div>\n<p>n\n<\/p><\/div>\n<p>n\n<\/p><\/div>\n<p>n<\/p>\n\n\t\t<\/div>\n\t<\/div>\n<div class=\"vc_btn3-container vc_btn3-inline\" ><a class=\"vc_general vc_btn3 vc_btn3-size-md vc_btn3-shape-rounded vc_btn3-style-modern vc_btn3-color-green\" href=\"https:\/\/bookingadventures.tours\/booking.php?tour_id=ccd2fafcfb0614232b46b749871336cb\" title=\"U\u017dSAKYTI DABAR\" rel=\"noopener\">U\u017dSAKYTI DABAR<\/a><\/div><\/div><\/div><\/div><\/div>","protected":false},"excerpt":{"rendered":"<p>Private whale watching trip in Samana bay, the Dominican Republic with Locals tours Guides. Feel free to set your time to arrived or to finish the Excursion. Lunch and timing are set by your self. Book Now this excursion in Samana bay for a Good whale watching trip experience. n nNote: This tour is a Private Tour with a Minimum Payment. To join a group for whale watching with the same price in Catamaran please\u00a0 CLICK HERE. n n&nbsp; n [&hellip;]<\/p>\n","protected":false},"author":2,"featured_media":0,"parent":0,"menu_order":0,"comment_status":"open","ping_status":"closed","template":"","meta":{"footnotes":""},"class_list":["post-15756","page","type-page","status-publish","hentry"],"_links":{"self":[{"href":"https:\/\/www.boattoursamana.com\/lt\/wp-json\/wp\/v2\/pages\/15756","targetHints":{"allow":["GET"]}}],"collection":[{"href":"https:\/\/www.boattoursamana.com\/lt\/wp-json\/wp\/v2\/pages"}],"about":[{"href":"https:\/\/www.boattoursamana.com\/lt\/wp-json\/wp\/v2\/types\/page"}],"author":[{"embeddable":true,"href":"https:\/\/www.boattoursamana.com\/lt\/wp-json\/wp\/v2\/users\/2"}],"replies":[{"embeddable":true,"href":"https:\/\/www.boattoursamana.com\/lt\/wp-json\/wp\/v2\/comments?post=15756"}],"version-history":[{"count":0,"href":"https:\/\/www.boattoursamana.com\/lt\/wp-json\/wp\/v2\/pages\/15756\/revisions"}],"wp:attachment":[{"href":"https:\/\/www.boattoursamana.com\/lt\/wp-json\/wp\/v2\/media?parent=15756"}],"curies":[{"name":"wp","href":"https:\/\/api.w.org\/{rel}","templated":true}]}}