{"id":15758,"date":"2023-07-15T07:43:13","date_gmt":"2023-07-15T07:43:13","guid":{"rendered":"https:\/\/www.ticketswhales.com\/los-haitises-tour-from-santo-domingo-samana-or-sabana-de-la-mar-full-day-trip\/"},"modified":"2023-07-15T07:43:13","modified_gmt":"2023-07-15T07:43:13","slug":"los-haitises-tour-from-santo-domingo-samana-or-sabana-de-la-mar-full-day-trip","status":"publish","type":"page","link":"https:\/\/www.boattoursamana.com\/lt\/los-haitises-turas-is-santo-domingo-samana-arba-sabana-de-la-mar-visos-dienos-kelione","title":{"rendered":"Los Haitises turas i\u0161 Santo Domingo, Samanos arba Sabana de la Mar. Visos dienos kelion\u0117."},"content":{"rendered":"<p>\u0160i ekskursija i\u0161 Santo Domingo \u012f Los Haitises nacionalin\u012f park\u0105 apima pietus ir transport\u0105, skirt\u0105 apsilankyti pagrindiniuose urvuose, 2 skirting\u0173 mangrovi\u0173 ekosistem\u0173 tyrin\u0117jim\u0105 ir, \u017einoma, \u017evejybini\u0173 pauk\u0161\u010di\u0173 steb\u0117jim\u0105.<br \/>\nn<br \/>\nnTrip to Los Haitises National Park with a naturalist Tour guide. Visiting the Cays in Los Haitises National Park, Mangroves, Vegetation, Birding, Caves, Pictographs and the historical areas of Sabana de la Mar in Los Haitises National Park.<br \/>\nn<br \/>\nn&nbsp;<br \/>\nn<br \/>\nn<strong>Pra\u0161ome pasirinkti kelion\u0117s dat\u0105:\u00a0<\/strong><\/p>\n<p>&nbsp;<\/p>\n<div class=\"vc_row wpb_row vc_row-fluid\" ><div class=\"wpb_column vc_column_container vc_col-sm-12\"><div class=\"vc_column-inner\"><div class=\"wpb_wrapper\"><div class=\"mkdf-section-title-holder\" style=\"text-align: left\">\n\t<div class=\"mkdf-st-inner\">\n\t\t\t\t\t<h5 class=\"mkdf-st-subtitle\" >\n\t\t\t\tTransportas ir piet\u016bs \u012fskai\u010diuoti\t\t\t<\/h5>\n\t\t\t\t\t\t\t<h3 class=\"mkdf-st-title\" >\n\t\t\t\tEkskursija \u012f Los Haitises nacionalin\u012f park\u0105 i\u0161 Santo Domingo. visos dienos kelion\u0117.\t\t\t<\/h3>\n\t\t\t\t\t<\/div>\n<\/div><\/div><\/div><\/div><\/div><div class=\"vc_row wpb_row vc_row-fluid\" ><div class=\"wpb_column vc_column_container vc_col-sm-12\"><div class=\"vc_column-inner\"><div class=\"wpb_wrapper\"><div class=\"vc_btn3-container vc_btn3-inline\" ><button class=\"vc_general vc_btn3 vc_btn3-size-md vc_btn3-shape-rounded vc_btn3-style-modern vc_btn3-color-green\">U\u017dSAKYTI DABAR<\/button><\/div>\n\t<div class=\"wpb_text_column wpb_content_element\" >\n\t\t<div class=\"wpb_wrapper\">\n\t\t\t<p>\nn<\/p>\n<h3><\/h3>\n<p>n<\/p>\n<h4><b><i>Ap\u017evalga <\/i><\/b><\/h4>\n<p>nLos Haitises National Park Tour from Santo Domingo. Full Day Trip. Starting from your hotel at Santo Domingo, Boca Chica or Juan Dolio. We will drive to Samana bay where the Boat or Catamaran\u00a0 will be taken us To Los Haitises National Park. Visiting Mangroves, Caves, Pictographs and all the most beuty of Los Haitises national park with a local tour guide.<br \/>\nn<br \/>\nnAfter this experience, you will get Back to Santo Domingo\u00a0 where we pick you up.<br \/>\nn<\/p>\n<ul>\nn \t<\/p>\n<li style=\"font-weight: 400;\">Mokes\u010diai \u012fskai\u010diuoti<\/li>\n<p>n \t<\/p>\n<li>Piet\u016bs<\/li>\n<p>n \t<\/p>\n<li>U\u017ekand\u017eiai<\/li>\n<p>n \t<\/p>\n<li style=\"font-weight: 400;\">Vietinis kelioni\u0173 vadovas angl\u0173 arba pranc\u016bz\u0173 kalba<\/li>\n<p>n \t<\/p>\n<li>Transportas<\/li>\n<p>n \t<\/p>\n<li>Kelion\u0117 laivu<\/li>\n<p>n<\/ul>\n<p>n&nbsp;<br \/>\nn<\/p>\n<h4><b>\u012etraukimai ir i\u0161imtys<\/b><\/h4>\n<p>n&nbsp;<br \/>\nn<br \/>\nn<b>Inkliuzai<\/b><br \/>\nn<\/p>\n<ol>\nn \t<\/p>\n<li style=\"font-weight: 400;\">Los Haitises turas + urvai ir piktogramos<\/li>\n<p>n \t<\/p>\n<li>Piet\u016bs<\/li>\n<p>n \t<\/p>\n<li style=\"font-weight: 400;\"><span style=\"font-weight: 400;\">Visi mokes\u010diai, rinkliavos ir tvarkymo mokes\u010diai<\/span><\/li>\n<p>n \t<\/p>\n<li style=\"font-weight: 400;\"><span style=\"font-weight: 400;\">Vietiniai mokes\u010diai<\/span><\/li>\n<p>n \t<\/p>\n<li style=\"font-weight: 400;\"><span style=\"font-weight: 400;\">G\u0117rimai<\/span><\/li>\n<p>n \t<\/p>\n<li>U\u017ekand\u017eiai<\/li>\n<p>n \t<\/p>\n<li style=\"font-weight: 400;\"><span style=\"font-weight: 400;\">Visa veikla<\/span><\/li>\n<p>n \t<\/p>\n<li style=\"font-weight: 400;\"><span style=\"font-weight: 400;\">Vietinis gidas<\/span><\/li>\n<p>n<\/ol>\n<p>n<b> I\u0161imtys<\/b><br \/>\nn<\/p>\n<ol>\nn \t<\/p>\n<li style=\"font-weight: 400;\"><span style=\"font-weight: 400;\">Arbatpinigiai<\/span><\/li>\n<p>n \t<\/p>\n<li style=\"font-weight: 400;\"><span style=\"font-weight: 400;\">Alkoholiniai g\u0117rimai<\/span><\/li>\n<p>n<\/ol>\n<p>n<\/p>\n<h4><strong>Privatus <em>Ekskursija ir ekskursija <\/em>Kainos i\u0161 Santo Domingo:<\/strong><\/h4>\n<p>n<strong><em>*Vaikams iki 10 met\u0173 kelion\u0117 nemokama. (ma\u017eiausiai 2 suaugusieji)<br \/>\nn<\/em><\/strong><br \/>\nn<\/p>\n<ul>\nn \t<\/p>\n<li><strong><em>Privati kelion\u0117 ir ekskursija 2 \u017emon\u0117ms: $210 USD asmeniui<\/em><\/strong><strong><em><br \/>\nn<\/em><\/strong><\/li>\n<p>n \t<\/p>\n<li><strong><em>Privati kelion\u0117 ir ekskursija 3 \u017emon\u0117ms: $160 USD asmeniui<\/em><\/strong><\/li>\n<p>n \t<\/p>\n<li><strong><em>Privati kelion\u0117 ir ekskursija 4 \u017emon\u0117ms: $130 USD asmeniui<\/em><\/strong><\/li>\n<p>n \t<\/p>\n<li><strong><em>5 \u017emoni\u0173 privati kelion\u0117 ir ekskursija: $105 USD asmeniui<\/em><\/strong><\/li>\n<p>n \t<\/p>\n<li><strong><em>6 \u017emoni\u0173 privati kelion\u0117 ir ekskursija: $100 USD asmeniui<\/em><\/strong><\/li>\n<p>n \t<\/p>\n<li><strong><em>7 \u017emoni\u0173 privati kelion\u0117 ir ekskursija: $90 USD asmeniui<\/em><\/strong><\/li>\n<p>n \t<\/p>\n<li><strong><em>8 \u017emoni\u0173 privati kelion\u0117 ir ekskursija: USD $80 asmeniui<\/em><\/strong><\/li>\n<p>n \t<\/p>\n<li><strong><em>9 ir daugiau \u017emoni\u0173 Ekskursija ir ekskursija: <a href=\"https:\/\/www.boattoursamana.com\/lt\/susisiekite-su-mumis\/\">Susisiekite su mumis<\/a><\/em><\/strong><\/li>\n<p>n<\/ul>\n<p>n<strong><em>*Ekskursija prasideda j\u016bs\u0173 nustatytu laiku\u00a0\u00a0<\/em><\/strong><br \/>\nn<\/p>\n<h4><em><strong>I\u0161vykimas ir gr\u012f\u017eimas<\/strong><\/em><\/h4>\n<p>n<span style=\"font-weight: 400;\">Keliautojas gaus susitikimo viet\u0105 po rezervacijos proceso. Ekskursijos prasideda ir baigiasi m\u016bs\u0173 susitikimo vietose.<\/span><br \/>\nn<\/p>\n<h4><\/h4>\n<p>n<\/p>\n<h4><\/h4>\n<p>n<\/p>\n<h3>Los Haitises nacionalinis parkas i\u0161 Santo Domingo<\/h3>\n<p>n<\/p>\n<h4><b><i>Ko tik\u0117tis?<\/i><\/b><\/h4>\n<p>n<em><strong>Gaukite bilietus<\/strong><\/em> u\u017e apsilankym\u0105 Los Haitises nacionaliniame parke i\u0161 Santo Domingo. Visos dienos kelion\u0117. Pradedant nuo Santo Domingo patogiu perve\u017eimu \u012f Samanos \u012flank\u0105. perve\u017eimas \u012f uost\u0105 laivu ar katamaranu su vietiniu gidu aplankome Los Haitises, Sabana de la Mar pus\u0119 ir aplankome vien\u0105 gra\u017eiausi\u0173 Dominikos Respublikos nacionalini\u0173 park\u0173. <strong>Los<em>\u00a0Haitises nacionalinis parkas<\/em>.<\/strong><br \/>\nn<br \/>\nnEkskursija, kuri\u0105 organizuoja \u201eBooking Adventures\u201c, prasideda susitikimo vietoje, kuri\u0105 nustato kelioni\u0173 vadovas. Ateikite su Booking Adventures ir prad\u0117kite ap\u017ei\u016br\u0117ti pauk\u0161\u010di\u0173 pilnas mangroves, ve\u0161lios augmenijos kalvas ir urvus <em><strong>Los Haitises nacionalinis parkas<\/strong><\/em>. Apsilankymas saloje su pauk\u0161\u010diais. Lizd\u0173 sezono metu ant lizd\u0173 galime pamatyti net pelekano jauniklius. Susipa\u017einkite su Uolin\u0117mis salomis ir aplankykite urvus su vietini\u0173 \u017emoni\u0173 piktogramomis ir petrografais.<br \/>\nn<br \/>\nnPer mangroves ir \u017eem\u0119 atviroje San Lorenzo \u012flankoje, Sabana de la Mar, i\u0161 kur galite fotografuoti at\u0161iaur\u0173 mi\u0161ko kra\u0161tovaizd\u012f. Pa\u017ei\u016br\u0117kite \u012f vanden\u012f, kad pasteb\u0117tum\u0117te <em><strong>Lamantinai<\/strong><\/em>, v\u0117\u017eiagyviai ir <em><strong>delfinai.<\/strong><\/em><br \/>\nn<\/p>\n<div class=\"body-description secondary\">\nn<br \/>\nNacionalinio parko pavadinimas kil\u0119s nuo pirm\u0173j\u0173 jo gyventoj\u0173 Taino ind\u0117n\u0173. J\u0173 kalba \u201ehaitis\u201c rei\u0161kia auk\u0161tumos arba kalvos, nuoroda \u012f pakrant\u0117s sta\u010dius geologinius darinius su kalkakmeniais. Pasivaik\u0161\u010diokite giliau \u012f park\u0105 ir ap\u017ei\u016br\u0117kite urvus, tokius kaip <em><strong>Cueva de la Arena, <\/strong><\/em>ir <strong><em>Cueva de la L\u00ednea.<\/em><\/strong><br \/>\nn<br \/>\nnThese Caves in the reserve were used as shelter by the Taino Indians and, later, by hiding pirates. Look for drawings by Indians that decorate some of the walls. After visiting Los Haitises National Park we will go back to Samana or Sabana de la mar to have lunch.<br \/>\nn<br \/>\nnWe will have a typical lunch,\u00a0 If you are vegan no worries we also have food for you!<br \/>\nn<br \/>\nnAfter Lunch, we get back to Santo Domingo!!<br \/>\nn<br \/>\nn<\/div>\n<p>nJei \u0161i kelion\u0117 jums patiks ilgesn\u0117 arba trumpesn\u0117, turime \u0161ias parinktis:<br \/>\nn<\/p>\n<ol>\nn \t<\/p>\n<li><a href=\"https:\/\/www.boattoursamana.com\/lt\/turas\/the-haitises-national-park-tour-from-samana-port\/\">Tiesiog Los Haitises i\u0161 Samanos uosto.<\/a><\/li>\n<p>n \t<\/p>\n<li><a href=\"https:\/\/www.boattoursamana.com\/lt\/turas\/los-haitises-nacionalinio-parko-pietus-cano-hondo-is-samanos-uosto\/\">Los Haitises + Ca\u00f1o Hondo i\u0161 Samanos uosto.<\/a><\/li>\n<p>n<\/ol>\n<p>n&nbsp;<br \/>\nn<\/p>\n<h4><em><strong>K\u0105 tur\u0117tum atsine\u0161ti?<\/strong><\/em><\/h4>\n<p>n<\/p>\n<ul>\nn \t<\/p>\n<li style=\"font-weight: 400;\"><span style=\"font-weight: 400;\">Fotoaparatas<\/span><\/li>\n<p>n \t<\/p>\n<li style=\"font-weight: 400;\"><span style=\"font-weight: 400;\">Atbaidantys pumpurai<\/span><\/li>\n<p>n \t<\/p>\n<li style=\"font-weight: 400;\"><span style=\"font-weight: 400;\">Kremas nuo saul\u0117s<\/span><\/li>\n<p>n \t<\/p>\n<li style=\"font-weight: 400;\"><span style=\"font-weight: 400;\">Skryb\u0117l\u0117<\/span><\/li>\n<p>n \t<\/p>\n<li style=\"font-weight: 400;\"><span style=\"font-weight: 400;\">Patogios kelnes<\/span><\/li>\n<p>n \t<\/p>\n<li style=\"font-weight: 400;\"><span style=\"font-weight: 400;\">\u017dygio batai mi\u0161kui<\/span><\/li>\n<p>n \t<\/p>\n<li style=\"font-weight: 400;\"><span style=\"font-weight: 400;\">Sandalai pavasario zonoms.<\/span><\/li>\n<p>n \t<\/p>\n<li style=\"font-weight: 400;\"><span style=\"font-weight: 400;\">Plaukimo apranga<\/span><\/li>\n<p>n<\/ul>\n<p>n&nbsp;<br \/>\nn<\/p>\n<h4><b><i>Vie\u0161bu\u010dio pa\u0117mimas <\/i><\/b><\/h4>\n<p>n<span style=\"font-weight: 400;\">\u0160ios kelion\u0117s metu perve\u017eimas \u012f vie\u0161but\u012f nesi\u016blomas. <\/span><br \/>\nn<br \/>\nn&nbsp;<br \/>\nn<br \/>\nn<b>Pastaba:<\/b><span style=\"font-weight: 400;\"> Jei rezervuojate per 24 valandas nuo kelion\u0117s\/ekskursijos i\u0161vykimo laiko, mes galime susitarti d\u0117l pa\u0117mimo i\u0161 vie\u0161bu\u010dio su papildomais mokes\u010diais. Kai pirkimas bus baigtas, mes atsi\u0173sime jums vis\u0105 kontaktin\u0119 informacij\u0105 (telefono numer\u012f, el. pa\u0161to adres\u0105 ir kt.), skirt\u0105 m\u016bs\u0173 vietiniam kelioni\u0173 vadovui, kad gal\u0117tume susitarti d\u0117l pa\u0117mimo.<\/span><br \/>\nn<\/p>\n<h4><b><i>Papildomos informacijos patvirtinimas <\/i><\/b><\/h4>\n<p>n<\/p>\n<ol>\nn \t<\/p>\n<li>Bilietai yra kvitas apmok\u0117jus \u0161i\u0105 kelion\u0119. Mok\u0117jim\u0105 galite parodyti savo telefone.<\/li>\n<p>n \t<\/p>\n<li style=\"font-weight: 400;\"><span style=\"font-weight: 400;\">Susitikimo vieta bus gauta po rezervacijos proceso.<\/span><\/li>\n<p>n \t<\/p>\n<li style=\"font-weight: 400;\"><span style=\"font-weight: 400;\">Vaikus turi lyd\u0117ti suaug\u0119s asmuo.<\/span><\/li>\n<p>n \t<\/p>\n<li style=\"font-weight: 400;\"><span style=\"font-weight: 400;\"> Nepritaikoma ne\u012fgaliojo ve\u017eim\u0117liu <\/span><\/li>\n<p>n \t<\/p>\n<li style=\"font-weight: 400;\"><span style=\"font-weight: 400;\">K\u016bdikiai turi s\u0117d\u0117ti ant keli\u0173 <\/span><\/li>\n<p>n \t<\/p>\n<li style=\"font-weight: 400;\"><span style=\"font-weight: 400;\">Nerekomenduojama keliautojams, turintiems nugaros problem\u0173<\/span><\/li>\n<p>n \t<\/p>\n<li style=\"font-weight: 400;\"><span style=\"font-weight: 400;\">Nerekomenduojama besilaukian\u010dioms keliautojoms <\/span><\/li>\n<p>n \t<\/p>\n<li style=\"font-weight: 400;\"><span style=\"font-weight: 400;\"> Joki\u0173 \u0161irdies problem\u0173 ar kit\u0173 rimt\u0173 sveikatos sutrikim\u0173 <\/span><\/li>\n<p>n \t<\/p>\n<li style=\"font-weight: 400;\"><span style=\"font-weight: 400;\">Dalyvauti gali dauguma keliautoj\u0173<\/span><\/li>\n<p>n<\/ol>\n<p>n<\/p>\n<h4><b><i>At\u0161aukimo politika<\/i><\/b><\/h4>\n<p>Nor\u0117dami susigr\u0105\u017einti visas l\u0117\u0161as, perskaitykite at\u0161aukimo politik\u0105\u00a0<a href=\"https:\/\/www.boattoursamana.com\/lt\/uzsakymas-internetu\/\" target=\"_blank\" rel=\"noopener\" data-saferedirecturl=\"https:\/\/www.google.com\/url?q=https:\/\/www.boattoursamana.com\/online-booking\/&amp;source=gmail&amp;ust=1672449202351000&amp;usg=AOvVaw1yAeVAPktmaVCqDujgUn90\">Paspauskite \u010dia<\/a>. L\u0117\u0161os bus prarastos, jei rezervacija bus at\u0161aukta t\u0105 pa\u010di\u0105 kelion\u0117s dien\u0105.<\/p>\n\n\t\t<\/div>\n\t<\/div>\n<div class=\"vc_btn3-container vc_btn3-inline\" ><button class=\"vc_general vc_btn3 vc_btn3-size-md vc_btn3-shape-rounded vc_btn3-style-modern vc_btn3-color-green\">U\u017dSAKYTI DABAR<\/button><\/div><\/div><\/div><\/div><\/div><div class=\"vc_row wpb_row vc_row-fluid\" ><div class=\"wpb_column vc_column_container vc_col-sm-12\"><div class=\"vc_column-inner\"><div class=\"wpb_wrapper\">\n\t<div class=\"wpb_video_widget wpb_content_element vc_clearfix   vc_video-aspect-ratio-169 vc_video-el-width-100 vc_video-align-left\" >\n\t\t<div class=\"wpb_wrapper\">\n\t\t\t\n\t\t\t<div class=\"wpb_video_wrapper\"><iframe loading=\"lazy\" title=\"Los Haitises nacionalinis parkas, ekskursijos ir ekskursijos i\u0161 Samanos arba Sabana de la Mar. U\u017esisakykite \u010dia:\" src=\"https:\/\/player.vimeo.com\/video\/346508015?dnt=1&amp;app_id=122963\" width=\"1100\" height=\"619\" frameborder=\"0\" allow=\"autoplay; fullscreen; picture-in-picture\" allowfullscreen><\/iframe><\/div>\n\t\t<\/div>\n\t<\/div>\n<\/div><\/div><\/div><\/div><div class=\"vc_row wpb_row vc_row-fluid\" ><div class=\"wpb_column vc_column_container vc_col-sm-12\"><div class=\"vc_column-inner\"><div class=\"wpb_wrapper\"><div class=\"vc_empty_space\"   style=\"height: 32px\"><span class=\"vc_empty_space_inner\"><\/span><\/div>\n\t<div class=\"wpb_text_column wpb_content_element\" >\n\t\t<div class=\"wpb_wrapper\">\n\t\t\t<p>\nn<\/p>\n<h4>Susisiekite su mumis?<\/h4>\n<p>n<\/p>\n<h5>Nuotyki\u0173 u\u017esakymas<\/h5>\n<p>n<em><strong>Vietiniai<\/strong>\u00a0ir\u00a0<strong>Tautie\u010diai<\/strong>\u00a0Gidai ir sve\u010di\u0173 paslaugos<\/em><br \/>\nn<br \/>\nn<span class=\"text-turquoise\">Rezervacijos:<\/span>\u00a0Ekskursijos ir ekskursijos Dom. Rep.<br \/>\nn<br \/>\nn<img decoding=\"async\" class=\"emoji\" draggable=\"false\" src=\"https:\/\/s.w.org\/images\/core\/emoji\/11.2.0\/svg\/1f4de.svg\" alt=\" \" title=\"\">\u00a0Tel \/ Whatsapp\u00a0\u00a0<a href=\"tel:+1-809-720-6035\">+1-809-720-6035<\/a>.<br \/>\nn<br \/>\nn<img decoding=\"async\" class=\"emoji\" draggable=\"false\" src=\"https:\/\/s.w.org\/images\/core\/emoji\/11.2.0\/svg\/1f4e9.svg\" alt=\" \" title=\"\">\u00a0<a href=\"mailto:info@bookingadventures.com.do\">info@bookingadventures.com.do<\/a><br \/>\nn<br \/>\nn<strong>Mes lanks\u010diai nustatome priva\u010dias \u201eWhatsapp\u201c keliones:\u00a0<a href=\"tel:+18097206035\">+18097206035.<\/a><\/strong><\/p>\n\n\t\t<\/div>\n\t<\/div>\n<div class=\"vc_empty_space\"   style=\"height: 32px\"><span class=\"vc_empty_space_inner\"><\/span><\/div><\/div><\/div><\/div><\/div><div class=\"vc_row wpb_row vc_row-fluid\" ><div class=\"wpb_column vc_column_container vc_col-sm-12\"><div class=\"vc_column-inner\"><div class=\"wpb_wrapper\"><div class=\"vc_btn3-container vc_btn3-inline\" ><button class=\"vc_general vc_btn3 vc_btn3-size-md vc_btn3-shape-rounded vc_btn3-style-modern vc_btn3-color-green\">U\u017dSAKYTI DABAR<\/button><\/div><\/div><\/div><\/div><\/div>","protected":false},"excerpt":{"rendered":"<p>This excursion from Santo Domingo to Los Haitises National Park includes Lunch and Transportation for a visit to the main caves, an exploration of 2 different mangroves ecosystems and of course fishing bird watching. n nTrip to Los Haitises National Park with a naturalist Tour guide. Visiting the Cays in Los Haitises National Park, Mangroves, Vegetation, Birding, Caves, Pictographs and the historical areas of Sabana de la Mar in Los Haitises National Park. n n&nbsp; n nPlease Select the date [&hellip;]<\/p>\n","protected":false},"author":2,"featured_media":0,"parent":0,"menu_order":0,"comment_status":"open","ping_status":"closed","template":"","meta":{"footnotes":""},"class_list":["post-15758","page","type-page","status-publish","hentry"],"_links":{"self":[{"href":"https:\/\/www.boattoursamana.com\/lt\/wp-json\/wp\/v2\/pages\/15758","targetHints":{"allow":["GET"]}}],"collection":[{"href":"https:\/\/www.boattoursamana.com\/lt\/wp-json\/wp\/v2\/pages"}],"about":[{"href":"https:\/\/www.boattoursamana.com\/lt\/wp-json\/wp\/v2\/types\/page"}],"author":[{"embeddable":true,"href":"https:\/\/www.boattoursamana.com\/lt\/wp-json\/wp\/v2\/users\/2"}],"replies":[{"embeddable":true,"href":"https:\/\/www.boattoursamana.com\/lt\/wp-json\/wp\/v2\/comments?post=15758"}],"version-history":[{"count":0,"href":"https:\/\/www.boattoursamana.com\/lt\/wp-json\/wp\/v2\/pages\/15758\/revisions"}],"wp:attachment":[{"href":"https:\/\/www.boattoursamana.com\/lt\/wp-json\/wp\/v2\/media?parent=15758"}],"curies":[{"name":"wp","href":"https:\/\/api.w.org\/{rel}","templated":true}]}}