{"id":15759,"date":"2023-07-15T07:43:13","date_gmt":"2023-07-15T07:43:13","guid":{"rendered":"https:\/\/www.ticketswhales.com\/el-fronton-hiking-and-swimming\/"},"modified":"2023-07-15T07:43:13","modified_gmt":"2023-07-15T07:43:13","slug":"el-fronton-hiking-and-swimming","status":"publish","type":"page","link":"https:\/\/www.boattoursamana.com\/lt\/el-frontono-zygiai-ir-plaukimas","title":{"rendered":"El Fronton (\u017eygiai ir plaukimas)"},"content":{"rendered":"<p>Kelion\u0117 prasideda m\u016bs\u0173 susitikimo vietoje Las Galeras mieste, Samanoje. \u012esp\u016bdingiausias \u017eygis Samanoje. Apsilankymas velnio burnoje ispan\u0173 kalba Boca Del Diablo, Triuk\u0161mas, leid\u017eiantis po uolomis sklidinas vandens. Aplank\u0119 marmolito urvus ir Boca del Diablo t\u0119siame \u017eyg\u012f po kokos\u0173 mi\u0161k\u0105 ir nuostabius vaizdus \u012f vandenyn\u0105 iki vieno nuostabiausi\u0173 Dominikos Respublikos papl\u016bdimi\u0173. Frontono papl\u016bdimys.<br \/>\nn<br \/>\nn&nbsp;<br \/>\nn<br \/>\nn<strong>Pra\u0161ome pasirinkti kelion\u0117s dat\u0105:\u00a0<\/strong><\/p>\n<p>&nbsp;<\/p>\n<div class=\"vc_row wpb_row vc_row-fluid\" ><div class=\"wpb_column vc_column_container vc_col-sm-12\"><div class=\"vc_column-inner\"><div class=\"wpb_wrapper\"><\/div><\/div><\/div><\/div><div class=\"vc_row wpb_row vc_row-fluid\" ><div class=\"wpb_column vc_column_container vc_col-sm-12\"><div class=\"vc_column-inner\"><div class=\"wpb_wrapper\"><div class=\"vc_btn3-container vc_btn3-inline\" ><button class=\"vc_general vc_btn3 vc_btn3-size-md vc_btn3-shape-rounded vc_btn3-style-modern vc_btn3-color-green\">U\u017dSAKYTI DABAR<\/button><\/div><div class=\"mkdf-section-title-holder\" style=\"text-align: left\">\n\t<div class=\"mkdf-st-inner\">\n\t\t\t\t\t<h5 class=\"mkdf-st-subtitle\" >\n\t\t\t\t\u017dygiai\t\t\t<\/h5>\n\t\t\t\t\t\t\t<h3 class=\"mkdf-st-title\" >\n\t\t\t\tBoca del Diablo \u201eVelnio burna\u201c, \u012f Frontono papl\u016bdim\u012f, Samanos dienos i\u0161vyk\u0105.\t\t\t<\/h3>\n\t\t\t\t\t<\/div>\n<\/div>\n\t<div class=\"wpb_text_column wpb_content_element\" >\n\t\t<div class=\"wpb_wrapper\">\n\t\t\t<p>\nn<\/p>\n<h3>\u017dygiai Boca del Diablo \u201eVelnio burna\u201c, \u012f Fronton papl\u016bdim\u012f, Samanos dienos i\u0161vyka.<\/h3>\n<p>n<\/p>\n<h4><b><i>Ap\u017evalga <\/i><\/b><\/h4>\n<p>Kelion\u0117 prasideda m\u016bs\u0173 susitikimo vietoje Las Galeras mieste, Samanoje. Labiausiai tik\u0117tinas \u017eygis Samanoje. Apsilankymas velnio burnoje ispan\u0173 Boca Del Diablo, triuk\u0161mas, sukeliantis vandens spaudim\u0105, po uolomis. Aplank\u0119 marmolito urvus ir Boca del Diablo t\u0119siame \u017eyg\u012f po kokos\u0173 mi\u0161k\u0105 ir nuostabius vaizdus \u012f vandenyn\u0105 iki vieno nuostabiausi\u0173 papl\u016bdimi\u0173 Dominikos Respublikoje. Frontono papl\u016bdimys.<br \/>\nn<br \/>\nnPo \u0161ios patirties gr\u012f\u0161ite \u012f m\u016bs\u0173 susitikimo viet\u0105 Las Galeras bendruomen\u0117je.<br \/>\nn<\/p>\n<ul>\nn \t<\/p>\n<li style=\"font-weight: 400;\">Mokes\u010diai \u012fskai\u010diuoti<\/li>\n<p>n \t<\/p>\n<li>U\u017ekand\u017eiai<\/li>\n<p>n \t<\/p>\n<li style=\"font-weight: 400;\">Vietinis kelioni\u0173 vadovas angl\u0173 arba pranc\u016bz\u0173 kalba<\/li>\n<p>n \t<\/p>\n<li>\u017dygiai<\/li>\n<p>n<\/ul>\n<p>n&nbsp;<br \/>\nn<\/p>\n<h4><b>\u012etraukimai ir i\u0161imtys<\/b><\/h4>\n<p>n&nbsp;<br \/>\nn<br \/>\nn<b>Inkliuzai<\/b><br \/>\nn<\/p>\n<ol>\nn \t<\/p>\n<li style=\"font-weight: 400;\">Boca del Diablo<\/li>\n<p>n \t<\/p>\n<li>Marmolito urvai<\/li>\n<p>n \t<\/p>\n<li>Frontono papl\u016bdimys<\/li>\n<p>n \t<\/p>\n<li style=\"font-weight: 400;\"><span style=\"font-weight: 400;\">Visi mokes\u010diai, rinkliavos ir tvarkymo mokes\u010diai<\/span><\/li>\n<p>n \t<\/p>\n<li style=\"font-weight: 400;\"><span style=\"font-weight: 400;\">Vietiniai mokes\u010diai<\/span><\/li>\n<p>n \t<\/p>\n<li>U\u017ekand\u017eiai<\/li>\n<p>n \t<\/p>\n<li>\u017dygiai<\/li>\n<p>n \t<\/p>\n<li style=\"font-weight: 400;\"><span style=\"font-weight: 400;\">Visa veikla<\/span><\/li>\n<p>n \t<\/p>\n<li style=\"font-weight: 400;\"><span style=\"font-weight: 400;\">Vietinis gidas<\/span><\/li>\n<p>n<\/ol>\n<p>n<b> I\u0161imtys<\/b><br \/>\nn<\/p>\n<ol>\nn \t<\/p>\n<li style=\"font-weight: 400;\"><span style=\"font-weight: 400;\">Arbatpinigiai<\/span><\/li>\n<p>n \t<\/p>\n<li>Transportas<\/li>\n<p>n \t<\/p>\n<li>Piet\u016bs<\/li>\n<p>n \t<\/p>\n<li style=\"font-weight: 400;\"><span style=\"font-weight: 400;\">Alkoholiniai g\u0117rimai<\/span><\/li>\n<p>n<\/ol>\n<p>n&nbsp;<br \/>\nn<\/p>\n<h4><em><strong>I\u0161vykimas ir gr\u012f\u017eimas<\/strong><\/em><\/h4>\n<p>n<span style=\"font-weight: 400;\">Keliautojas gaus susitikimo viet\u0105 po rezervacijos proceso. Ekskursijos prasideda ir baigiasi m\u016bs\u0173 susitikimo vietose.<\/span><br \/>\nn<br \/>\nn&nbsp;<br \/>\nn<\/p>\n<h3><\/h3>\n<p>n<\/p>\n<h4><b><i>Ko tik\u0117tis?<\/i><\/b><\/h4>\n<p>n<em><strong>Gaukite bilietus<\/strong><\/em> u\u017e apsilankym\u0105 Boca del Diablo ir Fronton papl\u016bdimyje Samanoje. Dienos kelion\u0117. Pradedant nuo Las Galeras, po\u017eeminiai kokos\u0173 med\u017eiai, vaizdai, kalnai, pauk\u0161\u010diai ir vienas gra\u017eiausi\u0173 papl\u016bdimi\u0173 Dominikos Respublikoje.<br \/>\nn<br \/>\nnEkskursija, kuri\u0105 organizuoja \u201eBooking Adventures\u201c, prasideda susitikimo vietoje, kuri\u0105 nustato kelioni\u0173 vadovas. Ateikite su Booking Adventures ir prad\u0117kite Boca del Diablo urv\u0105 su ventiliacijos anga, kurioje bangos\u00a0<img decoding=\"async\" class=\"emoji\" draggable=\"false\" src=\"http:\/\/twemoji.maxcdn.com\/16x16\/1f30a.png\" alt=\" \" title=\"\">\u00a0sudu\u017eo ir j\u016bros vanduo sprogsta\u00a0<img decoding=\"async\" class=\"emoji\" draggable=\"false\" src=\"http:\/\/twemoji.maxcdn.com\/16x16\/1f4a8.png\" alt=\" \" title=\"\">\u00a0<img decoding=\"async\" class=\"emoji\" draggable=\"false\" src=\"http:\/\/twemoji.maxcdn.com\/16x16\/1f4a6.png\" alt=\" \" title=\"\">\u00a0i\u0161 ventiliacijos angos. Didel\u0117s bangos sudaryt\u0173 ilgalaik\u012f s\u016braus vandens la\u0161eli\u0173 debes\u012f, kuris gana toli nup\u016bst\u0173 \u012f sausum\u0105. Kai buvome ten, bang\u0173 b\u016bsena buvo laukin\u0117 ir sulauk\u0117me nema\u017eo pasirodymo.<br \/>\nn<\/p>\n<div class=\"body-description secondary\">\nn<br \/>\nPo \u0161ios patirties \u017eygiuojame 1 30 min iki Fronton papl\u016bdimio, kuris yra vienas gra\u017eiausi\u0173 papl\u016bdimi\u0173, jo t\u016bkstan\u010diai spalv\u0173 atspalvi\u0173 nuspalvina skirtingus kra\u0161tovaizd\u017eius... ir \u010dia, frontone, n\u0117ra i\u0161imtis. J\u016bs turite visk\u0105 aplinkui. . Kaip a\u0161 nejau\u010diau ramyb\u0117s... tylos i\u0161 ten, kur buvau... stebuklingas peiza\u017eas i\u0161 j\u016bros... i\u0161 senovini\u0173 kaln\u0173... saul\u0117, pabu\u010diuota m\u016bs\u0173 am\u017einos saul\u0117s ir tai nesibaigiantis horizontas... dangus vir\u0161 m\u016bs\u0173. ir vis d\u0117lto dar yra k\u0105 paragauti... \u0161tai k\u0105 mes ten jau\u010diame.<br \/>\nn<br \/>\nnGalime u\u017esisakyti pietus ir kelion\u0119 laivu u\u017e papildom\u0105 mokest\u012f. Po maudyni\u0173 Fronton papl\u016bdimyje gr\u012f\u017etame \u012f susitikimo viet\u0105.<br \/>\nn<br \/>\nn&nbsp;<br \/>\nn<br \/>\nn&nbsp;<br \/>\nn<br \/>\nn<\/div>\n<p>n<\/p>\n<h4><em><strong>K\u0105 tur\u0117tum atsine\u0161ti?<\/strong><\/em><\/h4>\n<p>n<\/p>\n<ul>\nn \t<\/p>\n<li style=\"font-weight: 400;\"><span style=\"font-weight: 400;\">Fotoaparatas<\/span><\/li>\n<p>n \t<\/p>\n<li style=\"font-weight: 400;\"><span style=\"font-weight: 400;\">Atbaidantys pumpurai<\/span><\/li>\n<p>n \t<\/p>\n<li style=\"font-weight: 400;\"><span style=\"font-weight: 400;\">Kremas nuo saul\u0117s<\/span><\/li>\n<p>n \t<\/p>\n<li>Vanduo<\/li>\n<p>n \t<\/p>\n<li style=\"font-weight: 400;\"><span style=\"font-weight: 400;\">Skryb\u0117l\u0117<\/span><\/li>\n<p>n \t<\/p>\n<li style=\"font-weight: 400;\"><span style=\"font-weight: 400;\">Patogios kelnes<\/span><\/li>\n<p>n \t<\/p>\n<li style=\"font-weight: 400;\"><span style=\"font-weight: 400;\">\u017dygio batai mi\u0161kui<\/span><\/li>\n<p>n \t<\/p>\n<li style=\"font-weight: 400;\"><span style=\"font-weight: 400;\">Sandalai pavasario zonoms.<\/span><\/li>\n<p>n \t<\/p>\n<li style=\"font-weight: 400;\"><span style=\"font-weight: 400;\">Plaukimo apranga<\/span><\/li>\n<p>n<\/ul>\n<p>n&nbsp;<br \/>\nn<\/p>\n<h4><b><i>Vie\u0161bu\u010dio pa\u0117mimas <\/i><\/b><\/h4>\n<p>n<span style=\"font-weight: 400;\">\u0160ios kelion\u0117s metu perve\u017eimas \u012f vie\u0161but\u012f nesi\u016blomas. <\/span><br \/>\nn<br \/>\nn&nbsp;<br \/>\nn<br \/>\nn<b>Pastaba:<\/b><span style=\"font-weight: 400;\"> Jei rezervuojate per 24 valandas nuo kelion\u0117s\/ekskursijos i\u0161vykimo laiko, mes galime susitarti d\u0117l pa\u0117mimo i\u0161 vie\u0161bu\u010dio su papildomais mokes\u010diais. Kai pirkimas bus baigtas, mes atsi\u0173sime jums vis\u0105 kontaktin\u0119 informacij\u0105 (telefono numer\u012f, el. pa\u0161to adres\u0105 ir kt.), skirt\u0105 m\u016bs\u0173 vietiniam kelioni\u0173 vadovui, kad gal\u0117tume susitarti d\u0117l pa\u0117mimo.<\/span><br \/>\nn<\/p>\n<h4><b><i>Papildomos informacijos patvirtinimas <\/i><\/b><\/h4>\n<p>n<\/p>\n<ol>\nn \t<\/p>\n<li>Bilietai yra kvitas apmok\u0117jus \u0161i\u0105 kelion\u0119. Mok\u0117jim\u0105 galite parodyti savo telefone.<\/li>\n<p>n \t<\/p>\n<li style=\"font-weight: 400;\"><span style=\"font-weight: 400;\">Susitikimo vieta bus gauta po rezervacijos proceso.<\/span><\/li>\n<p>n \t<\/p>\n<li style=\"font-weight: 400;\"><span style=\"font-weight: 400;\">Vaikus turi lyd\u0117ti suaug\u0119s asmuo.<\/span><\/li>\n<p>n \t<\/p>\n<li style=\"font-weight: 400;\"><span style=\"font-weight: 400;\"> Nepritaikoma ne\u012fgaliojo ve\u017eim\u0117liu <\/span><\/li>\n<p>n \t<\/p>\n<li style=\"font-weight: 400;\"><span style=\"font-weight: 400;\">K\u016bdikiai turi s\u0117d\u0117ti ant keli\u0173 <\/span><\/li>\n<p>n \t<\/p>\n<li style=\"font-weight: 400;\"><span style=\"font-weight: 400;\">Nerekomenduojama keliautojams, turintiems nugaros problem\u0173<\/span><\/li>\n<p>n \t<\/p>\n<li style=\"font-weight: 400;\"><span style=\"font-weight: 400;\">Nerekomenduojama besilaukian\u010dioms keliautojoms <\/span><\/li>\n<p>n \t<\/p>\n<li style=\"font-weight: 400;\"><span style=\"font-weight: 400;\"> Joki\u0173 \u0161irdies problem\u0173 ar kit\u0173 rimt\u0173 sveikatos sutrikim\u0173 <\/span><\/li>\n<p>n \t<\/p>\n<li style=\"font-weight: 400;\"><span style=\"font-weight: 400;\">Dalyvauti gali dauguma keliautoj\u0173<\/span><\/li>\n<p>n<\/ol>\n<p>n<\/p>\n<h4><b><i>At\u0161aukimo politika<\/i><\/b><\/h4>\n<p>Nor\u0117dami susigr\u0105\u017einti visas l\u0117\u0161as, perskaitykite at\u0161aukimo politik\u0105\u00a0<a href=\"https:\/\/www.boattoursamana.com\/lt\/uzsakymas-internetu\/\" target=\"_blank\" rel=\"noopener\" data-saferedirecturl=\"https:\/\/www.google.com\/url?q=https:\/\/www.boattoursamana.com\/online-booking\/&amp;source=gmail&amp;ust=1672449202351000&amp;usg=AOvVaw1yAeVAPktmaVCqDujgUn90\">Paspauskite \u010dia<\/a>. L\u0117\u0161os bus prarastos, jei rezervacija bus at\u0161aukta t\u0105 pa\u010di\u0105 kelion\u0117s dien\u0105.<\/p>\n\n\t\t<\/div>\n\t<\/div>\n<div class=\"vc_btn3-container vc_btn3-inline\" ><button class=\"vc_general vc_btn3 vc_btn3-size-md vc_btn3-shape-rounded vc_btn3-style-modern vc_btn3-color-green\">U\u017dSAKYTI DABAR<\/button><\/div><\/div><\/div><\/div><\/div><div class=\"vc_row wpb_row vc_row-fluid\" ><div class=\"wpb_column vc_column_container vc_col-sm-12\"><div class=\"vc_column-inner\"><div class=\"wpb_wrapper\">\n\t<div class=\"wpb_video_widget wpb_content_element vc_clearfix   vc_video-aspect-ratio-169 vc_video-el-width-100 vc_video-align-left\" >\n\t\t<div class=\"wpb_wrapper\">\n\t\t\t<h2 class=\"wpb_heading wpb_video_heading\">Boca del Diablo ir Frontono papl\u016bdimys<\/h2>\n\t\t\t<div class=\"wpb_video_wrapper\"><iframe loading=\"lazy\" title=\"Samanos pusiasalis, Dominikos Respublika (DJI Phantom 4 4K)\" width=\"1100\" height=\"619\" src=\"https:\/\/www.youtube.com\/embed\/DYDXVm8Q_iM?feature=oembed\" frameborder=\"0\" allow=\"accelerometer; autoplay; clipboard-write; encrypted-media; gyroscope; picture-in-picture; web-share\" allowfullscreen><\/iframe><\/div>\n\t\t<\/div>\n\t<\/div>\n<\/div><\/div><\/div><\/div><div class=\"vc_row wpb_row vc_row-fluid\" ><div class=\"wpb_column vc_column_container vc_col-sm-12\"><div class=\"vc_column-inner\"><div class=\"wpb_wrapper\"><div class=\"vc_empty_space\"   style=\"height: 32px\"><span class=\"vc_empty_space_inner\"><\/span><\/div>\n\t<div class=\"wpb_text_column wpb_content_element\" >\n\t\t<div class=\"wpb_wrapper\">\n\t\t\t<p>\nn<\/p>\n<h4>Susisiekite su mumis?<\/h4>\n<p>n<\/p>\n<h5>Nuotyki\u0173 u\u017esakymas<\/h5>\n<p>n<em><strong>Vietiniai<\/strong>\u00a0ir\u00a0<strong>Tautie\u010diai<\/strong>\u00a0Gidai ir sve\u010di\u0173 paslaugos<\/em><br \/>\nn<br \/>\nn<span class=\"text-turquoise\">Rezervacijos:<\/span>\u00a0Ekskursijos ir ekskursijos Dom. Rep.<br \/>\nn<br \/>\nn<img decoding=\"async\" class=\"emoji\" draggable=\"false\" src=\"https:\/\/s.w.org\/images\/core\/emoji\/11.2.0\/svg\/1f4de.svg\" alt=\" \" title=\"\">\u00a0Tel \/ Whatsapp\u00a0\u00a0<a href=\"tel:+1-809-720-6035\">+1-809-720-6035<\/a>.<br \/>\nn<br \/>\nn<img decoding=\"async\" class=\"emoji\" draggable=\"false\" src=\"https:\/\/s.w.org\/images\/core\/emoji\/11.2.0\/svg\/1f4e9.svg\" alt=\" \" title=\"\">\u00a0<a href=\"mailto:info@bookingadventures.com.do\">info@bookingadventures.com.do<\/a><br \/>\nn<br \/>\nn<strong>Mes lanks\u010diai nustatome priva\u010dias \u201eWhatsapp\u201c keliones:\u00a0<a href=\"tel:+18097206035\">+18097206035.<\/a><\/strong><\/p>\n\n\t\t<\/div>\n\t<\/div>\n<div class=\"vc_empty_space\"   style=\"height: 32px\"><span class=\"vc_empty_space_inner\"><\/span><\/div><\/div><\/div><\/div><\/div><div class=\"vc_row wpb_row vc_row-fluid\" ><div class=\"wpb_column vc_column_container vc_col-sm-12\"><div class=\"vc_column-inner\"><div class=\"wpb_wrapper\"><div class=\"vc_btn3-container vc_btn3-inline\" ><button class=\"vc_general vc_btn3 vc_btn3-size-md vc_btn3-shape-rounded vc_btn3-style-modern vc_btn3-color-green\">U\u017dSAKYTI DABAR<\/button><\/div><\/div><\/div><\/div><\/div>","protected":false},"excerpt":{"rendered":"<p>The trip starts at our meeting point in Las Galeras, Samana. The most spectacular hiking in Samana. Visiting the Mouth of the devil in Spanish Boca Del Diablo, Noise that makes the glifs with a precion of water under the rocks. After visiting the marmolite caves and Boca del Diablo we continue our hiking trough the coconut forest and beautiful views to the ocean until one of the most amazing beaches in Dominican Republic. Fronton Beach. n n&nbsp; n nPlease [&hellip;]<\/p>\n","protected":false},"author":2,"featured_media":0,"parent":0,"menu_order":0,"comment_status":"open","ping_status":"closed","template":"","meta":{"footnotes":""},"class_list":["post-15759","page","type-page","status-publish","hentry"],"_links":{"self":[{"href":"https:\/\/www.boattoursamana.com\/lt\/wp-json\/wp\/v2\/pages\/15759","targetHints":{"allow":["GET"]}}],"collection":[{"href":"https:\/\/www.boattoursamana.com\/lt\/wp-json\/wp\/v2\/pages"}],"about":[{"href":"https:\/\/www.boattoursamana.com\/lt\/wp-json\/wp\/v2\/types\/page"}],"author":[{"embeddable":true,"href":"https:\/\/www.boattoursamana.com\/lt\/wp-json\/wp\/v2\/users\/2"}],"replies":[{"embeddable":true,"href":"https:\/\/www.boattoursamana.com\/lt\/wp-json\/wp\/v2\/comments?post=15759"}],"version-history":[{"count":0,"href":"https:\/\/www.boattoursamana.com\/lt\/wp-json\/wp\/v2\/pages\/15759\/revisions"}],"wp:attachment":[{"href":"https:\/\/www.boattoursamana.com\/lt\/wp-json\/wp\/v2\/media?parent=15759"}],"curies":[{"name":"wp","href":"https:\/\/api.w.org\/{rel}","templated":true}]}}