{"id":15778,"date":"2023-07-15T07:43:40","date_gmt":"2023-07-15T07:43:40","guid":{"rendered":"https:\/\/www.ticketswhales.com\/punta-cana-samana-whale-watching-cayo-levantado-bacardi-island-limon-waterfalls\/"},"modified":"2023-07-15T07:43:40","modified_gmt":"2023-07-15T07:43:40","slug":"punta-cana-samana-whale-watching-cayo-levantado-bacardi-island-limon-waterfalls","status":"publish","type":"page","link":"https:\/\/www.boattoursamana.com\/lt\/punta-cana-samana-banginis-stebi-cayo-levantado-bacardi-sala-limon-kriokliai","title":{"rendered":"Punta Kana: Samanos bangini\u0173 steb\u0117jimas + Cayo Levantado (Bacardi sala) + Limono kriokliai"},"content":{"rendered":"<p>I\u0161 Punta Cana vie\u0161bu\u010di\u0173 m\u0117gausim\u0117s nuostabiais Ryt\u0173 kaln\u0173 grandin\u0117s kra\u0161tovaizd\u017eiais, kai va\u017eiuosime \u012f \u0161iaur\u0119 nuo Punta Kanos, prie\u0161 atvykdami \u012f nedidel\u012f \u017evej\u0173 kaimel\u012f Miches pietin\u0117je Samanos \u012flankos pakrant\u0117je. Ten gal\u0117site m\u0117gautis greitais pusry\u010diais prie\u0161 \u012flipdami \u012f Saman\u0105. Keliausime giliai \u012f \u012flank\u0105 ir steb\u0117sime banginius. Pirmiausia pasieksime Cayo Levantado, dar vadinam\u0105 Bacardi sala, nes ji labai pana\u0161i \u012f Bacardi Rum papl\u016bdimius, kurie kadaise buvo naudojami garsiajai reklamai. Cayo Levantado yra ne kas kita, kaip atogr\u0105\u017e\u0173 oaz\u0117 \u2013 ma\u017ea sala viduryje vandenyno su turkio spalvos vandeniu ir baltu sm\u0117liu. Po to Safari Samanos bendruomen\u0117je prie kriokli\u0173. Krioklyje El Limon ruo\u0161iasi jodin\u0117ti ar \u017eygiuoti p\u0117s\u010diomis. Tai unikalus pilnas nuotykis.<br \/>\nn<br \/>\nn<span style=\"vertical-align: inherit;\"><span style=\"vertical-align: inherit;\">Este tour ha incluido la parada en la <\/span><\/span><strong><span style=\"vertical-align: inherit;\"><span style=\"vertical-align: inherit;\">Cascada de Lim\u00f3n<\/span><\/span><\/strong><span style=\"vertical-align: inherit;\"><span style=\"vertical-align: inherit;\"> . <\/span><span style=\"vertical-align: inherit;\">Para rezervar el mismo viaje y no ir a las cascadas por favor <\/span><\/span><a href=\"https:\/\/www.boattoursamana.com\/lt\/Tours-Excursions\/tours-excursions-samana-bay-dominican-republic\/whale-watching-2020-in-punta-cana-to-samana-bay-cayo-levantado-bacardi-island-from-hotels\/\"><span style=\"vertical-align: inherit;\"><span style=\"vertical-align: inherit;\">HAGA CLIC AQU\u00cd.<\/span><\/span><\/a><br \/>\nn<br \/>\nn&nbsp;<br \/>\nn<br \/>\nn<em><strong><span style=\"vertical-align: inherit;\"><span style=\"vertical-align: inherit;\">Pasirinkite ekskursij\u0105:<\/span><\/span><\/strong><\/em><\/p>\n<p>&nbsp;<\/p>\n<div class=\"wpb_column vc_column_container vc_col-sm-12\"><div class=\"vc_column-inner\"><div class=\"wpb_wrapper\"><div class=\"vc_btn3-container vc_btn3-inline\" ><button class=\"vc_general vc_btn3 vc_btn3-size-md vc_btn3-shape-rounded vc_btn3-style-modern vc_btn3-color-green\">U\u017dSAKYTI DABAR<\/button><\/div>\n\t<div class=\"wpb_text_column wpb_content_element\" >\n\t\t<div class=\"wpb_wrapper\">\n\t\t\t<p>\nn<\/p>\n<div class=\"vc_row wpb_row vc_row-fluid\">\nn<\/p>\n<div class=\"wpb_column vc_column_container vc_col-sm-12\">\nn<\/p>\n<div class=\"vc_column-inner\">\nn<\/p>\n<div class=\"wpb_wrapper\">\nn<\/p>\n<div class=\"mkdf-section-title-holder\">\nn<\/p>\n<div class=\"mkdf-st-inner\">\nn<\/p>\n<h5 class=\"mkdf-st-subtitle\">Cayo Levantado (Bacardi sala) + Limon kriokliai i\u0161 Punta Cana vie\u0161bu\u010di\u0173.<\/h5>\n<p>n<\/p>\n<h3 class=\"mkdf-st-title\">Bangini\u0173 steb\u0117jimas 2023 m. Punta Kanoje iki Samanos \u012flankos<\/h3>\n<p>n\n<\/p><\/div>\n<p>n\n<\/p><\/div>\n<p>n\n<\/p><\/div>\n<p>n\n<\/p><\/div>\n<p>n\n<\/p><\/div>\n<p>n\n<\/p><\/div>\n<p>n<\/p>\n<div class=\"vc_row wpb_row vc_row-fluid\"><\/div>\n<p>n<\/p>\n<div class=\"wpb_column vc_column_container vc_col-sm-12\">\nn<\/p>\n<div class=\"vc_column-inner\">\nn<\/p>\n<div class=\"wpb_wrapper\"><\/div>\n<p>n\n<\/p><\/div>\n<p>n\n<\/p><\/div>\n<p>n<\/p>\n<div class=\"wpb_text_column wpb_content_element\">\nn<\/p>\n<div class=\"wpb_wrapper\"><\/div>\n<p>n\n<\/p><\/div>\n<p>n<\/p>\n<div class=\"vc_row wpb_row vc_row-fluid\">\nn<\/p>\n<div class=\"wpb_column vc_column_container vc_col-sm-12\">\nn<\/p>\n<div class=\"vc_column-inner\">\nn<\/p>\n<div class=\"wpb_wrapper\">\nn<\/p>\n<div class=\"wpb_text_column wpb_content_element\">\nn<\/p>\n<div class=\"wpb_wrapper\">\nn<\/p>\n<div class=\"vc_row wpb_row vc_row-fluid\">\nn<\/p>\n<div class=\"wpb_column vc_column_container vc_col-sm-12\">\nn<\/p>\n<div class=\"vc_column-inner\">\nn<\/p>\n<div class=\"wpb_wrapper\">\nn<\/p>\n<div class=\"wpb_text_column wpb_content_element\">\nn<\/p>\n<div class=\"wpb_wrapper\">\nn<\/p>\n<h4><b><i>Ap\u017evalga <\/i><\/b><\/h4>\n<p>Banginis Punta Cana, bangini\u0173 steb\u0117jimas Samanos \u012flankoje ir apsilankymas Cayo Levantado plius Safari iki El Limon kriokli\u0173 \u0161ios visos dienos ekskursijos i\u0161 Punta Kanos vie\u0161bu\u010di\u0173 metu. Keliaukite \u012f Samanos \u012flank\u0105 patogiu autobusu su oro kondicionieriumi, tada pers\u0117skite \u012f katamaran\u0105 Miches mieste. I\u0161plaukite \u012f atvirus vandenis ir ie\u0161kokite kuprot\u0173j\u0173 bangini\u0173, kurie lankosi veistis ir laikosi ver\u0161eli\u0173, ank\u0161\u010di\u0173. Su\u017einokite apie \u0161i\u0173 j\u016br\u0173 \u017einduoli\u0173 elges\u012f ir biologij\u0105 i\u0161 savo eksperto gamtininko vadovo. Toliau va\u017eiuokite \u012f Cayo Levantado \/ Bacardi sal\u0105, pietaukite papl\u016bdimyje ir panirkite \u012f \u017eydr\u0105 vanden\u012f po \u0161ios Safari kelion\u0117s \u012f El Limon krioklius su jodin\u0117jimu kokos\u0173 mi\u0161ke prie\u0161 gr\u012f\u017edami \u012f Punta Kan\u0105.<br \/>\nn<br \/>\nn&nbsp;<br \/>\nn<br \/>\nn<strong>Pastaba:<\/strong>\u00a0\u0160i kelion\u0117 n\u0117ra privati. \u012e \u0161i\u0105 kelion\u0119 buvo \u012ftrauktas sustojimas\u00a0<strong>Limono krioklys<\/strong>. Pra\u0161au u\u017esisakyti t\u0105 pa\u010di\u0105 kelion\u0119 ir neva\u017eiuoti prie kriokli\u0173\u00a0<a href=\"https:\/\/www.boattoursamana.com\/lt\/Tours-Excursions\/tours-excursions-samana-bay-dominican-republic\/whale-watching-2020-in-punta-cana-to-samana-bay-cayo-levantado-bacardi-island-from-hotels\/\" data-mil=\"9912\">PASPAUSKITE \u010cIA.<\/a><br \/>\nn<\/p>\n<ul>\nn \t<\/p>\n<li>Bangini\u0173 steb\u0117jimo kelion\u0117<\/li>\n<p>n \t<\/p>\n<li>Bacardi sala \/ Cayo Levantado<\/li>\n<p>n \t<\/p>\n<li>\u012e\u0117jimo \u012f observatorij\u0105 mokes\u010diai<\/li>\n<p>n \t<\/p>\n<li>Samana Safari<\/li>\n<p>n \t<\/p>\n<li>Jodin\u0117jimas \u017eirgais El Limon kriokliais<\/li>\n<p>n \t<\/p>\n<li>\u012e kain\u0105 \u012fskai\u010diuoti savitarnos piet\u016bs papl\u016bdimyje<\/li>\n<p>n \t<\/p>\n<li>Perve\u017eimas laivu<\/li>\n<p>n \t<\/p>\n<li>Kapitonas instruktuoja ir pri\u017ei\u016bri<\/li>\n<p>n \t<\/p>\n<li>Kelion\u0117s gidas<\/li>\n<p>n<\/ul>\n<p>n&nbsp;<br \/>\nn<\/p>\n<h4><b>\u012etraukimai ir i\u0161imtys<\/b><\/h4>\n<p>n&nbsp;<br \/>\nn<br \/>\nn<b>Inkliuzai<\/b><br \/>\nn<br \/>\nn&nbsp;<br \/>\nn<\/p>\n<ol>\nn \t<\/p>\n<li>Savitarnos piet\u016bs papl\u016bdimyje<\/li>\n<p>n \t<\/p>\n<li>Perve\u017eimas i\u0161 vie\u0161bu\u010di\u0173<\/li>\n<p>n \t<\/p>\n<li>Kelion\u0117s gidas<\/li>\n<p>n \t<\/p>\n<li>Kelion\u0117 katamaranu arba laivu<\/li>\n<p>n \t<\/p>\n<li>Visi mokes\u010diai, rinkliavos ir tvarkymo mokes\u010diai<\/li>\n<p>n \t<\/p>\n<li>Vietiniai mokes\u010diai<\/li>\n<p>n \t<\/p>\n<li>G\u0117rimai<\/li>\n<p>n<\/ol>\n<p>n<b>I\u0161imtys<\/b><br \/>\nn<\/p>\n<ol>\nn \t<\/p>\n<li>Arbatpinigiai<\/li>\n<p>n<\/ol>\n<p>n&nbsp;<br \/>\nn<\/p>\n<h4><em><strong>I\u0161vykimas ir gr\u012f\u017eimas<\/strong><\/em><\/h4>\n<p>\u0160ios ekskursijos metu si\u016blomas pa\u0117mimas i\u0161 vie\u0161bu\u010dio. Pastabose tiesiog para\u0161ykite vie\u0161bu\u010dio pavadinim\u0105, kad pasiimtum\u0117te. Atsiimame visuose Punta Kanos vie\u0161bu\u010diuose.<br \/>\nn<br \/>\nn&nbsp;<br \/>\nn<\/p>\n<h3>Samanos bangini\u0173 steb\u0117jimas + Cayo Levantado (Bacardi sala) + Limono kriokliai i\u0161 Punta Cana vie\u0161bu\u010di\u0173.<\/h3>\n<p>n<\/p>\n<h4><b><i>Ko tik\u0117tis?<\/i><\/b><\/h4>\n<p>I\u0161 arti susipa\u017einkite su \u0161velniais Dominikos Respublikos j\u016bros mil\u017einais per \u0161i\u0105 12 valand\u0173 trukm\u0117s kuprot\u0173j\u0173 bangini\u0173 steb\u0117jimo ekskursij\u0105 Samana \u012flankoje. Praleiskite nepamir\u0161tam\u0105 dien\u0105 steb\u0117dami t\u016bkstan\u010dius bangini\u0173, kurie kasmet pl\u016bsta \u012f sal\u0105 poruotis, maitintis ir \u017eaisti \u0161iltuose atogr\u0105\u017e\u0173 vandenyse. Steb\u0117dami \u0161ias gra\u017eias b\u016btybes gal\u0117site m\u0117gautis unikaliomis \u012f\u017evalgomis i\u0161 savo eksperto bangini\u0173 steb\u0117jimo vadovo. U\u017ebaikite dien\u0105 \u012ftraukdami pietus ir laik\u0105 papl\u016bdimyje gra\u017eioje Cayo Levantado saloje. \u012e kain\u0105 \u012fskai\u010diuotas ir vie\u0161bu\u010dio transportas pirmyn ir atgal.<br \/>\nn<br \/>\nnNuo 9:00 iki 12:00 val. Bangini\u0173 steb\u0117jimo observatorija ir Po \u0161ios bangini\u0173 kelion\u0117s aplankysime Bacardi sal\u0105 \/ Cayo Levantado. Bacardi saloje bus patiekiami savitarnos piet\u016bs i\u0161 tipi\u0161ko Dominikos stiliaus (ry\u017eiai, pupel\u0117s, \u017euvis, salotos ir kt.). Pasibaigus pietums jums leid\u017eiama maudytis ir ruo\u0161tis eiti prie El Limon kriokli\u0173 iki 16:30. Ekskursija bus baigta 17:00 tame pa\u010diame uoste, i\u0161 kurio m\u016bs\u0173 katamaranas pajud\u0117s ir autobusu gr\u012f\u0161 \u012f Punta Cana Hotels.<br \/>\nn<br \/>\nn<strong>Tvarkara\u0161tis:<\/strong><br \/>\nn<br \/>\n6:00 \u2013 7:00 Klient\u0173 pa\u0117mimas i\u0161 skirting\u0173 vie\u0161bu\u010di\u0173<br \/>\n07:00 I\u0161vykimas \u012f Las Canitas Sabana de la mar<br \/>\nn08:15 Atvykimas \u012f privat\u0173 dok\u0105<br \/>\n08:15 \u2013 8:40 Pusry\u010di\u0173 laikas (sumu\u0161tiniai, bandel\u0117s, arbata, kava, sultys)<br \/>\nn8:45 \u012elaipinimas prad\u0117ti kelion\u0119 \u012f kuprot\u0173j\u0173 bangini\u0173 prieglaud\u0105 Samanoje<br \/>\n11:00 Ie\u0161kokite bangini\u0173 45 minutes. Tai laikas, kurio laikosi vyriausyb\u0117s taisykl\u0117s.<br \/>\nn11:45 Va\u017eiuokite \u012f Cayo Levantado Samanos \u012flankoje<br \/>\n12:30 Atvykimas \u012f Cayo Levantado<br \/>\nn13:00 Piet\u0173 laikas (piet\u016bs \u0161vedi\u0161kas stalas, tipi\u0161kas Dominikos)*<br \/>\n13:45 \u2013 15:30 Laisvas laikas Cayo Levantado<br \/>\n15:00 \u2013 15:45 V\u0117l laive kryptis atgal \u012f Miches<br \/>\n17:00 Atvykimas \u012f Miches ir i\u0161vykimas \u012f Punta Cana vie\u0161bu\u010dius<br \/>\n19:30 \u2013 20:00 Atvykimas \u012f Punta Kanos vie\u0161bu\u010dius<br \/>\nn<br \/>\nn<strong>*Piet\u0173 meniu (\u012fprastas Dominikos)<br \/>\nn<\/strong>Ry\u017eiai, ant groteli\u0173 kepta vi\u0161tiena arba ant groteli\u0173 kepta \u017euvis, salotos, dar\u017eov\u0117s, \u0161vie\u017ei vaisiai.<br \/>\nn<br \/>\nn<strong>*Klientai, kurie po bangini\u0173 steb\u0117jimo pasirinks stotel\u0119 prie El Limon krioklio, pereis prie krioklio skelbimo, tur\u0117s ma\u017eiau laiko praleisti Cayo Levantado.<\/strong><br \/>\nn<br \/>\nn\u0160i kelion\u0117 apima sustojim\u0105\u00a0<strong>Limono krioklys<\/strong>. Pra\u0161au u\u017esisakyti t\u0105 pa\u010di\u0105 kelion\u0119 ir neva\u017eiuoti prie kriokli\u0173\u00a0<a href=\"https:\/\/www.boattoursamana.com\/lt\/Tours-Excursions\/tours-excursions-samana-bay-dominican-republic\/whale-watching-2020-in-punta-cana-to-samana-bay-cayo-levantado-bacardi-island-from-hotels\/\" data-mil=\"9912\">PASPAUSKITE \u010cIA.<\/a><br \/>\nn<br \/>\nn&nbsp;<br \/>\nn<\/p>\n<h4><em><strong>K\u0105 tur\u0117tum atsine\u0161ti?<\/strong><\/em><\/h4>\n<p>n<\/p>\n<ul>\nn \t<\/p>\n<li>Fotoaparatas<\/li>\n<p>n \t<\/p>\n<li>Atbaidantys pumpurai<\/li>\n<p>n \t<\/p>\n<li>kremas nuo saul\u0117s<\/li>\n<p>n \t<\/p>\n<li>Skryb\u0117l\u0117<\/li>\n<p>n \t<\/p>\n<li>Patogios kelnes<\/li>\n<p>n \t<\/p>\n<li>Sandalai \u012f papl\u016bdim\u012f<\/li>\n<p>n \t<\/p>\n<li>Plaukimo apranga<\/li>\n<p>n \t<\/p>\n<li>Pinigai suvenyrams ir arbatpinigiams<\/li>\n<p>n<\/ul>\n<p>n&nbsp;<br \/>\nn<\/p>\n<h4><b><i>Vie\u0161bu\u010dio pa\u0117mimas<\/i><\/b><\/h4>\n<p>\u0160ios ekskursijos metu si\u016blomas pa\u0117mimas i\u0161 vie\u0161bu\u010dio. Pastabose tiesiog para\u0161ykite vie\u0161bu\u010dio pavadinim\u0105, kad pasiimtum\u0117te. Atsiimame visuose Punta Kanos vie\u0161bu\u010diuose.<br \/>\nn<br \/>\nn&nbsp;<br \/>\nn<br \/>\nn<b>Pastaba:<\/b>\u00a0Jei rezervuojate per 24 valandas nuo kelion\u0117s\/ekskursijos i\u0161vykimo laiko, mes galime susitarti d\u0117l pa\u0117mimo i\u0161 vie\u0161bu\u010dio su papildomais mokes\u010diais. Kai pirkimas bus baigtas, mes atsi\u0173sime jums vis\u0105 kontaktin\u0119 informacij\u0105 (telefono numer\u012f, el. pa\u0161to adres\u0105 ir kt.), skirt\u0105 m\u016bs\u0173 vietiniam kelioni\u0173 vadovui, kad gal\u0117tume susitarti d\u0117l pa\u0117mimo.<br \/>\nn<\/p>\n<h4><b><i>Papildomos informacijos patvirtinimas<\/i><\/b><\/h4>\n<p>n<\/p>\n<ol>\nn \t<\/p>\n<li>Bilietai yra kvitas apmok\u0117jus \u0161i\u0105 kelion\u0119. Mok\u0117jim\u0105 galite parodyti savo telefone.<\/li>\n<p>n \t<\/p>\n<li>Susitikimo vieta bus gauta po rezervacijos proceso.<\/li>\n<p>n \t<\/p>\n<li>Vaikus turi lyd\u0117ti suaug\u0119s asmuo.<\/li>\n<p>n \t<\/p>\n<li>pritaikyta ne\u012fgali\u0173j\u0173 ve\u017eim\u0117liui<\/li>\n<p>n \t<\/p>\n<li>K\u016bdikiai turi s\u0117d\u0117ti ant keli\u0173<\/li>\n<p>n \t<\/p>\n<li>Dalyvauti gali dauguma keliautoj\u0173<\/li>\n<p>n<\/ol>\n<p>n<\/p>\n<h4><b><i>At\u0161aukimo politika<\/i><\/b><\/h4>\n<p>nNor\u0117dami susigr\u0105\u017einti visas l\u0117\u0161as, at\u0161aukite bent 7 dienas iki patirties prad\u017eios datos.<a href=\"https:\/\/www.boattoursamana.com\/lt\/uzsakymas-internetu\/\"> Paspauskite \u010dia<\/a> nor\u0117dami pamatyti politik\u0105.<br \/>\nn<br \/>\nn<\/div>\n<p>n\n<\/p><\/div>\n<p>n\n<\/p><\/div>\n<p>n\n<\/p><\/div>\n<p>n\n<\/p><\/div>\n<p>n\n<\/p><\/div>\n<p>n\n<\/p><\/div>\n<p>n\n<\/p><\/div>\n<p>n\n<\/p><\/div>\n<p>n\n<\/p><\/div>\n<p>n\n<\/p><\/div>\n<p>n\n<\/p><\/div>\n<p>n<\/p>\n<div class=\"vc_row wpb_row vc_row-fluid\">\nn<\/p>\n<div class=\"wpb_column vc_column_container vc_col-sm-12\">\nn<\/p>\n<div class=\"vc_column-inner\">\nn<\/p>\n<div class=\"wpb_wrapper\">\nn<\/p>\n<div class=\"vc_empty_space\"><\/div>\n<p>n<\/p>\n<div class=\"wpb_text_column wpb_content_element\">\nn<\/p>\n<div class=\"wpb_wrapper\">\nn<\/p>\n<h4>Susisiekite su mumis?<\/h4>\n<p>n<\/p>\n<h5><b><i>TOUR BANDINIAI SAMANA<\/i><\/b><\/h5>\n<p>n<em><strong>Vietiniai<\/strong>\u00a0ir\u00a0<strong>Tautie\u010diai<\/strong>\u00a0Gidai ir sve\u010di\u0173 paslaugos<\/em><br \/>\nn<br \/>\nn<span class=\"text-turquoise\">Rezervai:<\/span>\u00a0\u00a0Tours y Excursiones en Dom. Ats.<br \/>\nn<br \/>\nn Tel \/ Whatsapp\u00a0\u00a0\u00a0<a href=\"tel:+1-809-720-6035\">+ 1-809-720-6035<\/a>\u00a0.<br \/>\nn<br \/>\nn \u00a0<a href=\"mailto:info@bookingadventures.com.do\">info@bookingadventures.com.do<\/a><br \/>\nn<br \/>\nn<strong>\u201eSomos\u201c turi privat\u0173 \u201eWhatsapp\u201c lanks\u010dios konfig\u016bracijos turin\u012f:\u00a0\u00a0<a href=\"tel:+18097206035\">+18097206035.<\/a><\/strong><br \/>\nn<br \/>\nn<\/div>\n<p>n\n<\/p><\/div>\n<p>n\n<\/p><\/div>\n<p>n\n<\/p><\/div>\n<p>n\n<\/p><\/div>\n<p>n\n<\/p><\/div>\n<p>n<\/p>\n\n\t\t<\/div>\n\t<\/div>\n<\/div><\/div><\/div><div class=\"vc_row wpb_row vc_row-fluid\" ><div class=\"wpb_column vc_column_container vc_col-sm-12\"><div class=\"vc_column-inner\"><div class=\"wpb_wrapper\"><div class=\"vc_btn3-container vc_btn3-inline\" ><button class=\"vc_general vc_btn3 vc_btn3-size-md vc_btn3-shape-rounded vc_btn3-style-modern vc_btn3-color-green\">U\u017dSAKYTI DABAR<\/button><\/div><\/div><\/div><\/div><\/div>","protected":false},"excerpt":{"rendered":"<p>From the Punta Cana hotels, we&#8217;ll enjoy the beautiful landscapes of the Oriental Mountain Range as we drive north of Punta Cana before arriving in the small fishing village of Miches at the southern shores of Samana Bay. There you will enjoy a quick breakfast prior to boarding the boat to Samana. We&#8217;ll cruise deep into the bay to whale watch. We will first reach Cayo Levantado, also known as Bacardi Island because of its close resemblance to the beaches [&hellip;]<\/p>\n","protected":false},"author":2,"featured_media":0,"parent":0,"menu_order":0,"comment_status":"open","ping_status":"closed","template":"","meta":{"footnotes":""},"class_list":["post-15778","page","type-page","status-publish","hentry"],"_links":{"self":[{"href":"https:\/\/www.boattoursamana.com\/lt\/wp-json\/wp\/v2\/pages\/15778","targetHints":{"allow":["GET"]}}],"collection":[{"href":"https:\/\/www.boattoursamana.com\/lt\/wp-json\/wp\/v2\/pages"}],"about":[{"href":"https:\/\/www.boattoursamana.com\/lt\/wp-json\/wp\/v2\/types\/page"}],"author":[{"embeddable":true,"href":"https:\/\/www.boattoursamana.com\/lt\/wp-json\/wp\/v2\/users\/2"}],"replies":[{"embeddable":true,"href":"https:\/\/www.boattoursamana.com\/lt\/wp-json\/wp\/v2\/comments?post=15778"}],"version-history":[{"count":0,"href":"https:\/\/www.boattoursamana.com\/lt\/wp-json\/wp\/v2\/pages\/15778\/revisions"}],"wp:attachment":[{"href":"https:\/\/www.boattoursamana.com\/lt\/wp-json\/wp\/v2\/media?parent=15778"}],"curies":[{"name":"wp","href":"https:\/\/api.w.org\/{rel}","templated":true}]}}