{"id":15782,"date":"2023-07-15T07:43:40","date_gmt":"2023-07-15T07:43:40","guid":{"rendered":"https:\/\/www.ticketswhales.com\/27-waterfalls-of-damajagua-tour-from-cabarete-sosua-and-puerto-plata-hotels-pick-up\/"},"modified":"2023-07-15T07:43:40","modified_gmt":"2023-07-15T07:43:40","slug":"27-waterfalls-of-damajagua-tour-from-cabarete-sosua-and-puerto-plata-hotels-pick-up","status":"publish","type":"page","link":"https:\/\/www.boattoursamana.com\/lt\/ekskursija-po-27-damajagua-krioklius-is-cabarete-sosua-ir-puerto-plata-viesbuciu","title":{"rendered":"27 Damajagua kriokli\u0173 turas i\u0161 Cabarete, Sosua ir Puerto Plata. Vie\u0161bu\u010diai Pa\u0117mimas."},"content":{"rendered":"<p>I\u0161 vie\u0161bu\u010di\u0173 Cabarete, Sosua arba Puerto Plata. \u0160i ekskursija i\u0161 27 Damajagua kriokli\u0173 Puerto Platoje, piet\u016bs ir ekskursija prie 27 kriokli\u0173, \u017eygiai p\u0117s\u010diomis ir \u0161okin\u0117jimas \u012f up\u0119.<br \/>\nn<br \/>\nEkologin\u0117 kelion\u0117 \u012f 27 Puerto Plata krioklius. \u012esigykite bilietus \u012f pus\u0117s dienos ekskursij\u0105 27 krioklyje i\u0161 Damajagua. \u012e\u0117jimo bilietai su pietumis ir ekskursija apima \u0161okin\u0117jim\u0105 ir maudynes gra\u017eiausiuose Dominikos Respublikos kriokliuose. \u017dygiai ir plaukimas su saugos \u012franga, kad patirtum\u0117te geriausi\u0105 vis\u0173 laik\u0173 patirt\u012f!!<br \/>\nn<br \/>\nn<em><strong>Pra\u0161ome pasirinkti kelion\u0117s dat\u0105:\u00a0<\/strong><\/em><\/p>\n<p>&nbsp;<\/p>\n<div class=\"vc_row wpb_row vc_row-fluid\" ><div class=\"wpb_column vc_column_container vc_col-sm-12\"><div class=\"vc_column-inner\"><div class=\"wpb_wrapper\"><div class=\"mkdf-section-title-holder\" style=\"text-align: left\">\n\t<div class=\"mkdf-st-inner\">\n\t\t\t\t\t<h5 class=\"mkdf-st-subtitle\" >\n\t\t\t\tTransportas ir piet\u016bs \u012fskai\u010diuoti\t\t\t<\/h5>\n\t\t\t\t\t\t\t<h3 class=\"mkdf-st-title\" >\n\t\t\t\t27 Damajagua kriokli\u0173 turas i\u0161 Cabarete, Sosua ir Puerto Plata.\t\t\t<\/h3>\n\t\t\t\t\t<\/div>\n<\/div><\/div><\/div><\/div><\/div><div class=\"vc_row wpb_row vc_row-fluid\" ><div class=\"wpb_column vc_column_container vc_col-sm-12\"><div class=\"vc_column-inner\"><div class=\"wpb_wrapper\"><div class=\"vc_btn3-container vc_btn3-inline\" ><a class=\"vc_general vc_btn3 vc_btn3-size-md vc_btn3-shape-rounded vc_btn3-style-modern vc_btn3-color-green\" href=\"https:\/\/bookingadventures.tours\/booking.php?tour_id=36f9705bcc61386d84e226d0c35f8a49\" title=\"\" rel=\"noopener\">U\u017dSAKYTI DABAR<\/a><\/div>\n\t<div class=\"wpb_text_column wpb_content_element\" >\n\t\t<div class=\"wpb_wrapper\">\n\t\t\t<p>\nn<\/p>\n<h3 class=\"ui_header h1 attractions-product-info-ProductTitle__title--1qM0o\"><\/h3>\n<p>n<\/p>\n<h4><b><i>Ap\u017evalga <\/i><\/b><\/h4>\n<p>n\u012esigykite bilietus \u012f pus\u0117s dienos ekskursij\u0105 po 27 kriokl\u012f i\u0161 Damajagua. \u012e\u0117jimo bilietai su pietumis ir ekskursija apima \u0161okin\u0117jim\u0105 ir maudynes gra\u017eiausiuose Dominikos Respublikos kriokliuose. \u017dygiai ir plaukimas su saugos \u012franga, kad patirtum\u0117te geriausi\u0105 vis\u0173 laik\u0173 patirt\u012f!!<br \/>\nn<br \/>\nnPatyr\u0119 \u0161i\u0105 patirt\u012f, gr\u012f\u0161ite \u012f viet\u0105, kur susitiksite su kelioni\u0173 vadovu.<br \/>\nn<\/p>\n<ul>\nn \t<\/p>\n<li style=\"font-weight: 400;\">Mokes\u010diai \u012fskai\u010diuoti<\/li>\n<p>n \t<\/p>\n<li>Piet\u016bs<\/li>\n<p>n \t<\/p>\n<li>U\u017ekand\u017eiai<\/li>\n<p>n \t<\/p>\n<li style=\"font-weight: 400;\">Vietinis kelioni\u0173 vadovas angl\u0173 kalba<\/li>\n<p>n<\/ul>\n<p>n&nbsp;<br \/>\nn<\/p>\n<h4><b>\u012etraukimai ir i\u0161imtys<\/b><\/h4>\n<p>n&nbsp;<br \/>\nn<br \/>\nn<b>Inkliuzai<\/b><br \/>\nn<\/p>\n<ol>\nn \t<\/p>\n<li>\u00a0 27 Damajagua kriokliai (\u0161iuo metu yra tik 12 ir 7 kaskados kelion\u0117s)<\/li>\n<p>n \t<\/p>\n<li>\u00a0 \u0160vedi\u0161kas stalas, \u012fskaitant g\u0117rimus ir atogr\u0105\u017e\u0173 g\u0117rimus<\/li>\n<p>n \t<\/p>\n<li>\u00a0 Visi mokes\u010diai, rinkliavos ir tvarkymo mokes\u010diai<\/li>\n<p>n \t<\/p>\n<li>\u00a0 Vietiniai mokes\u010diai<\/li>\n<p>n \t<\/p>\n<li>\u00a0 Visa veikla<\/li>\n<p>n \t<\/p>\n<li>\u00a0 Vietinis gidas<\/li>\n<p>n \t<\/p>\n<li>\u00a0 Apsilankymas cigar\u0173 gamykloje<\/li>\n<p>n<\/ol>\n<p>n<b> I\u0161imtys<\/b><br \/>\nn<\/p>\n<ol>\nn \t<\/p>\n<li style=\"font-weight: 400;\"><span style=\"font-weight: 400;\">Arbatpinigiai<\/span><\/li>\n<p>n<\/ol>\n<p>n<\/p>\n<h4><em><strong>I\u0161vykimas ir gr\u012f\u017eimas<\/strong><\/em><\/h4>\n<p>n<span style=\"font-weight: 400;\">Priklausomai nuo j\u016bs\u0173 buvimo vietos, turime sudaryt\u0105 tvarkara\u0161t\u012f, kaip jus pasiimti ir i\u0161laipinti. I\u0161sami\u0105 informacij\u0105 \u017ei\u016br\u0117kite \u017eemiau esan\u010dioje vie\u0161bu\u010dio pa\u0117mimo skiltyje. <\/span><br \/>\nn<br \/>\nnTai programa, kuri\u0105 nustat\u0117me pagal j\u016bs\u0173 vietas. Prane\u0161kite mums apie savo konkret\u0173 vie\u0161but\u012f ir mes susisieksime su jumis ir pasakysime, kur su jumis susitiksime.<br \/>\nn<br \/>\nn&nbsp;<br \/>\nn<\/p>\n<table style=\"height: 246px;\" width=\"237\">\nn<\/p>\n<tbody>\nn<\/p>\n<tr>\nn<\/p>\n<td><b>Vieta<\/b><\/td>\n<p>n<\/p>\n<td><b>Laikas<\/b><\/td>\n<p>n<\/tr>\n<p>n<\/p>\n<tr>\nn<\/p>\n<td><b>Kabaretas<\/b><\/td>\n<p>n<\/p>\n<td><b>7:45 val<\/b><\/td>\n<p>n<\/tr>\n<p>n<\/p>\n<tr>\nn<\/p>\n<td><b>Sosua<\/b><\/td>\n<p>n<\/p>\n<td><b>8:10 val<\/b><\/td>\n<p>n<\/tr>\n<p>n<\/p>\n<tr>\nn<\/p>\n<td><b>Playa Dorada<\/b><\/td>\n<p>n<\/p>\n<td><b>8:50 val<\/b><\/td>\n<p>n<\/tr>\n<p>n<\/p>\n<tr>\nn<\/p>\n<td><b>Kosta Dorada<\/b><\/td>\n<p>n<\/p>\n<td><b>9:00 ryto<\/b><\/td>\n<p>n<\/tr>\n<p>n<\/p>\n<tr>\nn<\/p>\n<td><b>Cofresi (gyvenimo b\u016bdas)<\/b><\/td>\n<p>n<\/p>\n<td><b>9:20 val<\/b><\/td>\n<p>n<\/tr>\n<p>n<\/p>\n<tr>\nn<\/p>\n<td><b>Senatorius<\/b><\/td>\n<p>n<\/p>\n<td><b>9:30 val<\/b><\/td>\n<p>n<\/tr>\n<p>n<\/tbody>\n<p>n<\/table>\n<p>n<\/p>\n<h4><\/h4>\n<p>n<\/p>\n<h3 class=\"ui_header h1 attractions-product-info-ProductTitle__title--1qM0o\">27 Damajagua kriokli\u0173 turas i\u0161 Puerto Plata.<\/h3>\n<p>n<\/p>\n<h4><b><i>Ko tik\u0117tis?<\/i><\/b><\/h4>\n<p>n<\/p>\n<div class=\"apd_content_block\" data-tab=\"TABS_OVERVIEW\">\nn<\/p>\n<div class=\"ui_card section attractions-product-details-Overview__sectionMargin--uHktd attractions-product-details-Overview__cleanslateOverrideDT--39Ov7\">\nn<br \/>\n\u0160ioje visos dienos kelion\u0117je i\u0161 Puerto Platos atraskite nuo\u0161alius Damajagua krioklius, esan\u010dius Dominikos Respublikos \u0161iaurinio koridoriaus kalvose. Su vietiniu gidu ap\u017ei\u016br\u0117kite dvide\u0161imt septynis nesugadintus krioklius, besileid\u017eian\u010dius per kalkakmen\u012f. Gaukite trump\u0105 saugos instrukta\u017e\u0105, tada \u0161okin\u0117kite, plaukiokite ir \u010diuo\u017ekite nat\u016braliomis vandens \u010diuo\u017eyklomis.<br \/>\nn<br \/>\nPiet\u016bs, g\u0117rimai \u012fskai\u010diuoti. Vidutinis 40 minu\u010di\u0173 \u017eygis \u012f kaln\u0105 nuostabiu d\u017eiungli\u0173 kra\u0161tovaizd\u017eiu nukeliauja iki 12-ojo krioklio arba, jei esate puikios fizin\u0117s formos, pasirinkite \u017eyg\u012f iki pat 27 kriokli\u0173 vir\u0161\u016bn\u0117s (apie 70 minu\u010di\u0173) ir visa tai patirkite. .<br \/>\nn<br \/>\nBet kuriuo atveju j\u016bs\u0173 linksmyb\u0117s prasideda, kai gr\u012f\u017etame \u017eemyn upe, o j\u016bs \u0161okin\u0117jate, \u010diuo\u017eiate ir plaukiate per daugyb\u0119 \u012fsp\u016bding\u0173 kriokli\u0173, kanjon\u0173 ir \u017eydr\u0173 basein\u0173, i\u0161kylan\u010di\u0173 su kvaila \u0161ypsena veide ir ne\u012ftik\u0117tinais prisiminimais, kuriuos reikia branginti! Ekskursijos apima \u0161uolius iki 25 p\u0117d\u0173 (8 metr\u0173), bet nesijaudinkite, jei jums nepatogu \u0161okin\u0117ti, yra alternatyvus b\u016bdas \u017eemyn.<br \/>\nn<br \/>\nPo 15 minu\u010di\u0173 p\u0117s\u010diomis atgal \u012f bazin\u0119 stovykl\u0105 ir persireng\u0119 sausais drabu\u017eiais m\u0117gaukit\u0117s gard\u017eiais ir \u012fvairiais Dominikos savitarnos pietumis, \u012f kuriuos \u012feina, pavyzd\u017eiui, ant groteli\u0173 kepta vi\u0161tiena ir kiauliena, tro\u0161kiniai, ry\u017eiai, makaronai ir salotos.<br \/>\nn<br \/>\nnVietiniai romo g\u0117rimai, gazuoti g\u0117rimai ir vanduo taip pat \u012fskai\u010diuoti (alaus yra, bet ne\u012fskai\u010diuotas). Pavalg\u0119 atsisveikinsite su vietiniais gidais, ta\u010diau prisiminimai apie \u0161i\u0105 patirt\u012f i\u0161liks visam gyvenimui. Ir tai dar ne viskas, tada nueisite \u012f cigar\u0173 gamykl\u0105, kur pamatysite, kaip jie juos paruo\u0161ia, ir taip pat gal\u0117site \u012fsigyti, jei jus domina. Atminkite, kad Dominikos Respublika yra viena i\u0161 geriausi\u0173 \u0161ali\u0173, gaminan\u010di\u0173 cigarus, tod\u0117l tai j\u016bs\u0173 galimyb\u0117 mokytis i\u0161 geriausi\u0173 vis\u0173 laik\u0173 mokytoj\u0173.<br \/>\nn<br \/>\nn<\/div>\n<p>n\n<\/p><\/div>\n<p>n<\/p>\n<h4><em><strong>K\u0105 tur\u0117tum atsine\u0161ti?<\/strong><\/em><\/h4>\n<p>n<\/p>\n<ul>\nn \t<\/p>\n<li style=\"font-weight: 400;\"><span style=\"font-weight: 400;\">Fotoaparatas<\/span><\/li>\n<p>n \t<\/p>\n<li style=\"font-weight: 400;\"><span style=\"font-weight: 400;\">Atbaidantys pumpurai<\/span><\/li>\n<p>n \t<\/p>\n<li style=\"font-weight: 400;\"><span style=\"font-weight: 400;\">Kremas nuo saul\u0117s<\/span><\/li>\n<p>n \t<\/p>\n<li style=\"font-weight: 400;\"><span style=\"font-weight: 400;\">Skryb\u0117l\u0117<\/span><\/li>\n<p>n \t<\/p>\n<li style=\"font-weight: 400;\"><span style=\"font-weight: 400;\">Patogios kelnes<\/span><\/li>\n<p>n \t<\/p>\n<li style=\"font-weight: 400;\"><span style=\"font-weight: 400;\">\u017dygio batai mi\u0161kui<\/span><\/li>\n<p>n \t<\/p>\n<li style=\"font-weight: 400;\"><span style=\"font-weight: 400;\">Sandalai pavasario zonoms.<\/span><\/li>\n<p>n \t<\/p>\n<li style=\"font-weight: 400;\"><span style=\"font-weight: 400;\">Plaukimo apranga<\/span><\/li>\n<p>n<\/ul>\n<p>n&nbsp;<br \/>\nn<\/p>\n<h4><b><i>Vie\u0161bu\u010dio pa\u0117mimas <\/i><\/b><\/h4>\n<p>n<span style=\"font-weight: 400;\">\u0160ios ekskursijos metu si\u016blomas pa\u0117mimas i\u0161 vie\u0161bu\u010dio. Mes nustat\u0117me, kad atsi\u0117mimas susisiekt\u0173 su mumis per Whatsapp.<\/span><br \/>\nn<br \/>\nn&nbsp;<br \/>\nn<br \/>\nn<b>Pastaba:<\/b><span style=\"font-weight: 400;\"> Jei rezervuojate per 24 valandas nuo kelion\u0117s\/ekskursijos i\u0161vykimo laiko, mes galime susitarti d\u0117l pa\u0117mimo i\u0161 vie\u0161bu\u010dio su papildomais mokes\u010diais. Kai pirkimas bus baigtas, mes atsi\u0173sime jums vis\u0105 kontaktin\u0119 informacij\u0105 (telefono numer\u012f, el. pa\u0161to adres\u0105 ir kt.), skirt\u0105 m\u016bs\u0173 vietiniam kelioni\u0173 vadovui, kad gal\u0117tume susitarti d\u0117l pa\u0117mimo.<\/span><br \/>\nn<\/p>\n<h4><b><i>Papildomos informacijos patvirtinimas <\/i><\/b><\/h4>\n<p>n<\/p>\n<ol>\nn \t<\/p>\n<li>Bilietai yra kvitas apmok\u0117jus \u0161i\u0105 kelion\u0119. Mok\u0117jim\u0105 galite parodyti savo telefone.<\/li>\n<p>n \t<\/p>\n<li style=\"font-weight: 400;\"><span style=\"font-weight: 400;\">Susitikimo vieta bus gauta po rezervacijos proceso.<\/span><\/li>\n<p>n \t<\/p>\n<li style=\"font-weight: 400;\"><span style=\"font-weight: 400;\">Vaikus turi lyd\u0117ti suaug\u0119s asmuo.<\/span><\/li>\n<p>n \t<\/p>\n<li style=\"font-weight: 400;\"><span style=\"font-weight: 400;\"> Nepritaikoma ne\u012fgaliojo ve\u017eim\u0117liu <\/span><\/li>\n<p>n \t<\/p>\n<li style=\"font-weight: 400;\"><span style=\"font-weight: 400;\">K\u016bdikiai turi s\u0117d\u0117ti ant keli\u0173 <\/span><\/li>\n<p>n \t<\/p>\n<li style=\"font-weight: 400;\"><span style=\"font-weight: 400;\">Nerekomenduojama keliautojams, turintiems nugaros problem\u0173<\/span><\/li>\n<p>n \t<\/p>\n<li style=\"font-weight: 400;\"><span style=\"font-weight: 400;\">Nerekomenduojama besilaukian\u010dioms keliautojoms <\/span><\/li>\n<p>n \t<\/p>\n<li style=\"font-weight: 400;\"><span style=\"font-weight: 400;\"> Joki\u0173 \u0161irdies problem\u0173 ar kit\u0173 rimt\u0173 sveikatos sutrikim\u0173 <\/span><\/li>\n<p>n \t<\/p>\n<li style=\"font-weight: 400;\"><span style=\"font-weight: 400;\">Dalyvauti gali dauguma keliautoj\u0173<\/span><\/li>\n<p>n<\/ol>\n<p>n<\/p>\n<h4><b><i>At\u0161aukimo politika<\/i><\/b><\/h4>\n<p>Nor\u0117dami susigr\u0105\u017einti visas l\u0117\u0161as, perskaitykite at\u0161aukimo politik\u0105\u00a0<a href=\"https:\/\/www.boattoursamana.com\/lt\/uzsakymas-internetu\/\" target=\"_blank\" rel=\"noopener\" data-saferedirecturl=\"https:\/\/www.google.com\/url?q=https:\/\/www.boattoursamana.com\/online-booking\/&amp;source=gmail&amp;ust=1672449202351000&amp;usg=AOvVaw1yAeVAPktmaVCqDujgUn90\">Paspauskite \u010dia<\/a>. L\u0117\u0161os bus prarastos, jei rezervacija bus at\u0161aukta t\u0105 pa\u010di\u0105 kelion\u0117s dien\u0105.<\/p>\n\n\t\t<\/div>\n\t<\/div>\n<\/div><\/div><\/div><\/div><div class=\"vc_row wpb_row vc_row-fluid\" ><div class=\"wpb_column vc_column_container vc_col-sm-12\"><div class=\"vc_column-inner\"><div class=\"wpb_wrapper\"><div class=\"vc_btn3-container vc_btn3-inline\" ><a class=\"vc_general vc_btn3 vc_btn3-size-md vc_btn3-shape-rounded vc_btn3-style-modern vc_btn3-color-green\" href=\"https:\/\/bookingadventures.tours\/booking.php?tour_id=36f9705bcc61386d84e226d0c35f8a49\" title=\"\" rel=\"noopener\">U\u017dSAKYTI DABAR<\/a><\/div>\n\t<div class=\"wpb_video_widget wpb_content_element vc_clearfix   vc_video-aspect-ratio-169 vc_video-el-width-100 vc_video-align-left\" >\n\t\t<div class=\"wpb_wrapper\">\n\t\t\t<h2 class=\"wpb_heading wpb_video_heading\">Ekskursija po 27 Damajagua krioklius i\u0161 Puerto Platos:<\/h2>\n\t\t\t<div class=\"wpb_video_wrapper\"><iframe loading=\"lazy\" title=\"27 Damajagua kriokliai pagal u\u017esakym\u0105 Adventures &amp; Travel Dominikos Respublika\" width=\"1100\" height=\"619\" src=\"https:\/\/www.youtube.com\/embed\/AVNh_we_RQE?start=17&feature=oembed\" frameborder=\"0\" allow=\"accelerometer; autoplay; clipboard-write; encrypted-media; gyroscope; picture-in-picture; web-share\" allowfullscreen><\/iframe><\/div>\n\t\t<\/div>\n\t<\/div>\n<\/div><\/div><\/div><\/div><div class=\"vc_row wpb_row vc_row-fluid\" ><div class=\"wpb_column vc_column_container vc_col-sm-12\"><div class=\"vc_column-inner\"><div class=\"wpb_wrapper\"><div class=\"vc_empty_space\"   style=\"height: 32px\"><span class=\"vc_empty_space_inner\"><\/span><\/div>\n\t<div class=\"wpb_text_column wpb_content_element\" >\n\t\t<div class=\"wpb_wrapper\">\n\t\t\t<p>\nn<\/p>\n<h4>Susisiekite su mumis?<\/h4>\n<p>n<\/p>\n<h5><em><strong>Nuotyki\u0173 u\u017esakymas<\/strong><\/em><\/h5>\n<p>n<em><strong>Vietiniai<\/strong>\u00a0ir\u00a0<strong>Tautie\u010diai<\/strong>\u00a0Gidai ir sve\u010di\u0173 paslaugos<\/em><br \/>\nn<br \/>\nn<span class=\"text-turquoise\">Rezervacijos:<\/span>\u00a0Ekskursijos ir ekskursijos Dom. Rep.<br \/>\nn<br \/>\nn<img decoding=\"async\" class=\"emoji\" draggable=\"false\" src=\"https:\/\/s.w.org\/images\/core\/emoji\/11.2.0\/svg\/1f4de.svg\" alt=\" \" title=\"\">\u00a0Tel \/ Whatsapp\u00a0\u00a0<a href=\"tel:+1-809-720-6035\">+1-809-720-6035<\/a>.<br \/>\nn<br \/>\nn<img decoding=\"async\" class=\"emoji\" draggable=\"false\" src=\"https:\/\/s.w.org\/images\/core\/emoji\/11.2.0\/svg\/1f4e9.svg\" alt=\" \" title=\"\">\u00a0<a href=\"mailto:info@bookingadventures.com.do\">info@bookingadventures.com.do<\/a><br \/>\nn<br \/>\nn<strong>Mes lanks\u010diai nustatome priva\u010dias \u201eWhatsapp\u201c keliones:\u00a0<a href=\"tel:+18097206035\">+18097206035.<\/a><\/strong><\/p>\n\n\t\t<\/div>\n\t<\/div>\n<div class=\"vc_empty_space\"   style=\"height: 32px\"><span class=\"vc_empty_space_inner\"><\/span><\/div><\/div><\/div><\/div><\/div><div class=\"vc_row wpb_row vc_row-fluid\" ><div class=\"wpb_column vc_column_container vc_col-sm-12\"><div class=\"vc_column-inner\"><div class=\"wpb_wrapper\"><div class=\"vc_btn3-container vc_btn3-inline\" ><a class=\"vc_general vc_btn3 vc_btn3-size-md vc_btn3-shape-rounded vc_btn3-style-modern vc_btn3-color-green\" href=\"https:\/\/bookingadventures.tours\/booking.php?tour_id=36f9705bcc61386d84e226d0c35f8a49\" title=\"\" rel=\"noopener\">U\u017dSAKYTI DABAR<\/a><\/div><\/div><\/div><\/div><\/div>","protected":false},"excerpt":{"rendered":"<p>From Hotels in Cabarete, Sosua or Puerto Plata. This excursion from 27 waterfalls of Damajagua in Puerto Plata,\u00a0 Lunch and Excursion by the 27 waterfalls, hiking and jumping into the river. n nEcological Trip to the 27 waterfalls of Puerto Plata. Get your Tickets for a half day excursion here in the 27 Waterfall from Damajagua. Entrance tickets with Lunch and Excursion Include to Jump and swimming in the most beautiful waterfalls of the Dominican Republic. Hiking and Swimming with [&hellip;]<\/p>\n","protected":false},"author":2,"featured_media":0,"parent":0,"menu_order":0,"comment_status":"open","ping_status":"closed","template":"","meta":{"footnotes":""},"class_list":["post-15782","page","type-page","status-publish","hentry"],"_links":{"self":[{"href":"https:\/\/www.boattoursamana.com\/lt\/wp-json\/wp\/v2\/pages\/15782","targetHints":{"allow":["GET"]}}],"collection":[{"href":"https:\/\/www.boattoursamana.com\/lt\/wp-json\/wp\/v2\/pages"}],"about":[{"href":"https:\/\/www.boattoursamana.com\/lt\/wp-json\/wp\/v2\/types\/page"}],"author":[{"embeddable":true,"href":"https:\/\/www.boattoursamana.com\/lt\/wp-json\/wp\/v2\/users\/2"}],"replies":[{"embeddable":true,"href":"https:\/\/www.boattoursamana.com\/lt\/wp-json\/wp\/v2\/comments?post=15782"}],"version-history":[{"count":0,"href":"https:\/\/www.boattoursamana.com\/lt\/wp-json\/wp\/v2\/pages\/15782\/revisions"}],"wp:attachment":[{"href":"https:\/\/www.boattoursamana.com\/lt\/wp-json\/wp\/v2\/media?parent=15782"}],"curies":[{"name":"wp","href":"https:\/\/api.w.org\/{rel}","templated":true}]}}