{"id":15803,"date":"2023-07-15T07:43:59","date_gmt":"2023-07-15T07:43:59","guid":{"rendered":"https:\/\/www.ticketswhales.com\/27-waterfalls-buggies-hiking-and-swimming\/"},"modified":"2023-07-15T07:43:59","modified_gmt":"2023-07-15T07:43:59","slug":"27-waterfalls-buggies-hiking-and-swimming","status":"publish","type":"page","link":"https:\/\/www.boattoursamana.com\/lt\/27-kriokliai-zygiai-ir-plaukimas-vezimeliais","title":{"rendered":"27 kriokliai \u201eBugies\u201c (\u017eygiai ir plaukimas)"},"content":{"rendered":"<p><span style=\"vertical-align: inherit;\"><span style=\"vertical-align: inherit;\"><span style=\"vertical-align: inherit;\"><span style=\"vertical-align: inherit;\">Esta excursi\u00f3n desde 27 cascadas de Damajagua en Puerto Plata, Almuerzo y Excursi\u00f3n por las 27 cascadas, caminata y salto al r\u00edo.<\/span><\/span><\/span><\/span><br \/>\nn<br \/>\nn<span style=\"vertical-align: inherit;\"><span style=\"vertical-align: inherit;\"><span style=\"vertical-align: inherit;\"><span style=\"vertical-align: inherit;\">Viaje Ecol\u00f3gico a las 27 cascadas de Puerto Plata. <\/span><\/span><\/span><span style=\"vertical-align: inherit;\"><span style=\"vertical-align: inherit;\"><span style=\"vertical-align: inherit;\">Gaukite sus boletos para una excursi\u00f3n de medio d\u00eda aqu\u00ed en la Cascada 27 de Damajagua. <\/span><\/span><\/span><span style=\"vertical-align: inherit;\"><span style=\"vertical-align: inherit;\"><span style=\"vertical-align: inherit;\">Los boletos de ingreso con almuerzo y excursi\u00f3n incluyen salto y nado en las cascadas m\u00e1s hermosas de la Rep\u00fablica Dominicana. <\/span><\/span><\/span><span style=\"vertical-align: inherit;\"><span style=\"vertical-align: inherit;\"><span style=\"vertical-align: inherit;\">Caminata y nataci\u00f3n con equipo de seguridad para tener la mejor experiencia!<\/span><\/span><\/span><\/span><br \/>\nn<br \/>\nn&nbsp;<br \/>\nn<br \/>\nn<strong><span style=\"vertical-align: inherit;\"><span style=\"vertical-align: inherit;\"><span style=\"vertical-align: inherit;\"><span style=\"vertical-align: inherit;\">Pasirinkite ekskursij\u0105:\u00a0<\/span><\/span><\/span><\/span><\/strong><\/p>\n<p>&nbsp;<\/p>\n<div class=\"vc_row wpb_row vc_row-fluid\" ><div class=\"wpb_column vc_column_container vc_col-sm-12\"><div class=\"vc_column-inner\"><div class=\"wpb_wrapper\"><div class=\"mkdf-section-title-holder\" style=\"text-align: left\">\n\t<div class=\"mkdf-st-inner\">\n\t\t\t\t\t<h5 class=\"mkdf-st-subtitle\" >\n\t\t\t\tPiet\u016bs \u012fskai\u010diuoti\t\t\t<\/h5>\n\t\t\t\t\t\t\t<h3 class=\"mkdf-st-title\" >\n\t\t\t\t27 kriokli\u0173 turas su ve\u017eim\u0117liais Puerto Plata\t\t\t<\/h3>\n\t\t\t\t\t<\/div>\n<\/div><div class=\"vc_message_box vc_message_box-standard vc_message_box-rounded vc_color-info\" ><div class=\"vc_message_box-icon\"><i class=\"fas fa-info-circle\"><\/i><\/div><p>U\u017esisakykite tik \u012f\u0117jimo bilietus arba su transportu: <a href=\"https:\/\/www.boattoursamana.com\/lt\/?s=27+waterfalls&amp;post_type=product&amp;dgwt_wcas=1\">Paspauskite \u010dia.<\/a><\/p>\n<\/div><div class=\"vc_empty_space\"   style=\"height: 32px\"><span class=\"vc_empty_space_inner\"><\/span><\/div><\/div><\/div><\/div><\/div><div class=\"vc_row wpb_row vc_row-fluid\" ><div class=\"wpb_column vc_column_container vc_col-sm-12\"><div class=\"vc_column-inner\"><div class=\"wpb_wrapper\">\n\t<div class=\"wpb_text_column wpb_content_element\" >\n\t\t<div class=\"wpb_wrapper\">\n\t\t\t<p>\nn<\/p>\n<h2 class=\"ui_header h1 attractions-product-info-ProductTitle__title--1qM0o\">27 kriokli\u0173 turas su ve\u017eim\u0117liais Puerto Plata<\/h2>\n<p>n<b><i>Ap\u017evalga <\/i><\/b><br \/>\nn<br \/>\nn\u012esigykite bilietus \u012f ve\u017eim\u0117lius Puerto Platoje u\u017e ma\u017eiausi\u0105 damajagua kriokli\u0173 kain\u0105. Damajagua vietov\u0117s su geriausiais <strong data-key=\"puerto plata waterfall excursion\">Ekskursija po Puerto Plata kriokl\u012f.\u00a0<\/strong><br \/>\nn<br \/>\nnN\u0117ra \u012fdomesnio b\u016bdo tyrin\u0117ti laukin\u0119 Dominikos kaimo vietov\u0119 nei vienas i\u0161 \u0161i\u0173 ve\u017eim\u0117li\u0173 vietini\u0173 gyventoj\u0173 organizuojamoje kelion\u0117je. Leiskit\u0117s bekel\u0117s takais su 27 kriokli\u0173 mi\u0161ko zonomis ir plaukiokite up\u0117je arba papl\u016bdimyje \u0161\u012f pusdien\u012f trunkant\u012f rytin\u012f nuotyk\u012f.<br \/>\nn<br \/>\nPo ekspert\u0173 nurodym\u0173 laikas leistis \u012f takus ir leistis \u012f kaim\u0105. Prava\u017eiuosite palmi\u0173 giraites, kaimi\u0161k\u0105 dirbam\u0105 \u017eem\u0119 ir kaimus, greitai leisdamiesi dulk\u0117tais d\u017eiungli\u0173 takais \u2013 gerokai nutolusiame kelyje.<br \/>\nn<br \/>\nJei jau\u010diat\u0117s i\u0161tro\u0161k\u0119s, bus kelios stotel\u0117s, kuriose gal\u0117site paimti \u0161vie\u017ei\u0173 kokos\u0173. Be to, vienaip ar kitaip susitepsite, tod\u0117l atsine\u0161kite maudymosi kostium\u0117lius ir atsiv\u0117sinkite papl\u016bdimyje ar nat\u016bralioje up\u0117je \u2013 puikus b\u016bdas nusivalyti dulkes. Jaudinan\u010di\u0105 dien\u0105 taip pat gal\u0117site m\u0117gautis nemokamu lediniu alumi ar kokteiliu. Susisiekite su mumis d\u0117l m\u016bs\u0173 <strong>damajagua kriokliai ir visureigi\u0173 bagi\u0173 derinys<\/strong> .<br \/>\nn<\/p>\n<ul>\nn \t<\/p>\n<li style=\"font-weight: 400;\">Mokes\u010diai \u012fskai\u010diuoti<\/li>\n<p>n \t<\/p>\n<li>Piet\u016bs<\/li>\n<p>n \t<\/p>\n<li>U\u017ekand\u017eiai<\/li>\n<p>n \t<\/p>\n<li style=\"font-weight: 400;\">Vietinis kelioni\u0173 vadovas angl\u0173 kalba<\/li>\n<p>n<\/ul>\n<p>n&nbsp;<br \/>\nn<\/p>\n<h4><b>\u012etraukimai ir i\u0161imtys<\/b><\/h4>\n<p>n&nbsp;<br \/>\nn<br \/>\nn<b>Inkliuzai<\/b><br \/>\nn<\/p>\n<ol>\nn \t<\/p>\n<li>Piet\u016bs<\/li>\n<p>n \t<\/p>\n<li style=\"font-weight: 400;\"><span style=\"font-weight: 400;\">Visi mokes\u010diai, rinkliavos ir tvarkymo mokes\u010diai<\/span><\/li>\n<p>n \t<\/p>\n<li style=\"font-weight: 400;\"><span style=\"font-weight: 400;\">Vietiniai mokes\u010diai<\/span><\/li>\n<p>n \t<\/p>\n<li style=\"font-weight: 400;\"><span style=\"font-weight: 400;\">G\u0117rimai<\/span><\/li>\n<p>n \t<\/p>\n<li>U\u017ekand\u017eiai<\/li>\n<p>n \t<\/p>\n<li style=\"font-weight: 400;\"><span style=\"font-weight: 400;\">Visa veikla<\/span><\/li>\n<p>n \t<\/p>\n<li style=\"font-weight: 400;\"><span style=\"font-weight: 400;\">Vietinis gidas<\/span><\/li>\n<p>n<\/ol>\n<p>n<b> I\u0161imtys<\/b><br \/>\nn<\/p>\n<ol>\nn \t<\/p>\n<li style=\"font-weight: 400;\"><span style=\"font-weight: 400;\">Arbatpinigiai<\/span><\/li>\n<p>n \t<\/p>\n<li>transportavimas (nustatykite susisiekus su mumis)<\/li>\n<p>n \t<\/p>\n<li style=\"font-weight: 400;\"><span style=\"font-weight: 400;\">Alkoholiniai g\u0117rimai<\/span><\/li>\n<p>n<\/ol>\n<p>n&nbsp;<br \/>\nn<br \/>\nn<em><strong>I\u0161vykimas ir gr\u012f\u017eimas<\/strong><\/em><br \/>\nn<br \/>\nn<span style=\"font-weight: 400;\">Keliautojas gaus susitikimo viet\u0105 po rezervacijos proceso. Ekskursijos prasideda ir baigiasi m\u016bs\u0173 susitikimo vietose.<\/span><br \/>\nn<\/p>\n<h4><\/h4>\n<p>n<\/p>\n<h3 class=\"ui_header h1 attractions-product-info-ProductTitle__title--1qM0o\">27 damajagua puerto plata kriokliai, ekskursijos<\/h3>\n<p>n<b><i>Ko tik\u0117tis?<\/i><\/b><br \/>\nn<\/p>\n<div class=\"apd_content_block\" data-tab=\"TABS_OVERVIEW\"><\/div>\n<p>n<\/p>\n<div data-tab=\"TABS_WHAT_TO_EXPECT\">\nn<\/p>\n<div class=\"ui_card attractions-card-CollapsibleProductDetailsCard__cardContainer--3r2wk attractions-card-CollapsibleProductDetailsCard__cleanslateOverrideDT--2AJh0\">\nn<\/p>\n<div class=\"attractions-card-CollapsibleCard__content--2Ws8q\">\nn<\/p>\n<div class=\"attractions-card-CollapsibleCard__contentWrap--374jk attractions-card-CollapsibleCard__titleUnderline--1uHze\">\nn<\/p>\n<div class=\"attractions-card-CollapsibleProductDetailsCard__cardContent--23ext\">\nn<\/p>\n<div class=\"common-text-ReadMore__readMore--3Iu8c common-text-ReadMore__variantFadeOut--1tInd\">\nn<\/p>\n<div class=\"common-text-ReadMore__content--2X4LR\">\nn<\/p>\n<div class=\"ui_columns is-desktop\">\nn<\/p>\n<div class=\"ui_column\">\nn<br \/>\nnDamajagua Buggy&#039;s<br \/>\nn<br \/>\nU\u017eveskime savo variklius ir prad\u0117kime jaudinant\u012f mar\u0161rut\u0105 purvinais takais, atogr\u0105\u017e\u0173 mi\u0161kais, up\u0117mis ir up\u0117mis. Tai pusantros valandos kelion\u0117 nuo 10 iki 15 kilometr\u0173.<br \/>\nn<br \/>\nPirmasis sustojimas bus Bajabonico up\u0117je Bellaco bendruomen\u0117je. Kelyje gal\u0117site pasiimti vaisi\u0173 ir net valgyti vietini\u0173 pagamint\u0105 Patty.<br \/>\nn<br \/>\nMes t\u0119sime bagi\u0173 mar\u0161rut\u0105 \u012f Bajabonico Arriba bendruomenes, kur gal\u0117sime i\u0161bandyti\u00a0 <strong>damajagua kriokliai vandens temperat\u016bra .<\/strong> Palmar Grande ir Los Feliksas. Kai va\u017eiuojame tose bendruomen\u0117se, turime sul\u0117tinti greit\u012f, nes vaikai, gyv\u016bnai ir vietiniai \u017emon\u0117s gyvena \u012fprast\u0105 gyvenim\u0105.<br \/>\nNusileid\u017eiame nuo transporto priemoni\u0173 ir tur\u0117sime galimyb\u0119 i\u0161simaudyti g\u0117lame up\u0117s vandenyje!<br \/>\nGr\u012f\u017edami va\u017eiuosime i\u0161oriniu keliu, kuris po vien\u0105 up\u0119 gal\u0117s kirsti net 12 kart\u0173.<br \/>\nnPagaliau gr\u012f\u0161ime \u012f susitikimo viet\u0105, o j\u016bs gal\u0117site gr\u012f\u017eti \u012f savo viet\u0105 ir pasikalb\u0117ti su draugais apie \u0161i\u0105 nepamir\u0161tam\u0105 kelion\u0119.<br \/>\nn<br \/>\nn<\/div>\n<p>n\n<\/p><\/div>\n<p>n\n<\/p><\/div>\n<p>n\n<\/p><\/div>\n<p>n\n<\/p><\/div>\n<p>n\n<\/p><\/div>\n<p>n\n<\/p><\/div>\n<p>n\n<\/p><\/div>\n<p>n\n<\/p><\/div>\n<p>n<em><strong>K\u0105 tur\u0117tum atsine\u0161ti?<\/strong><\/em><br \/>\nn<\/p>\n<ul>\nn \t<\/p>\n<li style=\"font-weight: 400;\"><span style=\"font-weight: 400;\">Fotoaparatas<\/span><\/li>\n<p>n \t<\/p>\n<li style=\"font-weight: 400;\"><span style=\"font-weight: 400;\">Atbaidantys pumpurai<\/span><\/li>\n<p>n \t<\/p>\n<li style=\"font-weight: 400;\"><span style=\"font-weight: 400;\">Kremas nuo saul\u0117s<\/span><\/li>\n<p>n \t<\/p>\n<li style=\"font-weight: 400;\"><span style=\"font-weight: 400;\">Skryb\u0117l\u0117<\/span><\/li>\n<p>n \t<\/p>\n<li style=\"font-weight: 400;\"><span style=\"font-weight: 400;\">Patogios kelnes<\/span><\/li>\n<p>n \t<\/p>\n<li style=\"font-weight: 400;\"><span style=\"font-weight: 400;\">\u017dygio batai mi\u0161kui<\/span><\/li>\n<p>n \t<\/p>\n<li style=\"font-weight: 400;\"><span style=\"font-weight: 400;\">Sandalai pavasario zonoms.<\/span><\/li>\n<p>n \t<\/p>\n<li style=\"font-weight: 400;\"><span style=\"font-weight: 400;\">Plaukimo apranga<\/span><\/li>\n<p>n<\/ul>\n<p>n&nbsp;<br \/>\nn<\/p>\n<h3><b><i>Vie\u0161bu\u010dio atsi\u0117mimas:\u00a0<\/i><\/b><\/h3>\n<p>n<span style=\"font-weight: 400;\"><strong>Atsi\u0117mimas vie\u0161butyje n\u0117ra<\/strong> pasi\u016blyta \u0161iai kelionei. Pa\u0117mim\u0105 nustatome susisiek\u0119 su mumis per Whatsapp. Turime pasi\u016blym\u0173, jei atvyktum\u0117te i\u0161 <strong>gintarin\u0117 \u012flanka 27 kriokliai.\u00a0<\/strong><\/span><br \/>\nn<br \/>\nn&nbsp;<br \/>\nn<br \/>\nn<b>Pastaba:<\/b><span style=\"font-weight: 400;\"> Jei rezervuojate per 24 valandas nuo kelion\u0117s\/ekskursijos i\u0161vykimo laiko, mes galime susitarti d\u0117l pa\u0117mimo i\u0161 vie\u0161bu\u010dio su papildomais mokes\u010diais. Kai pirkimas bus baigtas, mes atsi\u0173sime jums vis\u0105 kontaktin\u0119 informacij\u0105 (telefono numer\u012f, el. pa\u0161to adres\u0105 ir kt.), skirt\u0105 m\u016bs\u0173 vietiniam kelioni\u0173 vadovui, kad gal\u0117tume susitarti d\u0117l pa\u0117mimo.<\/span><br \/>\nn<br \/>\nn<b><i>Papildomos informacijos patvirtinimas <\/i><\/b><br \/>\nn<\/p>\n<ol>\nn \t<\/p>\n<li>Bilietai yra kvitas apmok\u0117jus \u0161i\u0105 kelion\u0119. Mok\u0117jim\u0105 galite parodyti savo telefone.<\/li>\n<p>n \t<\/p>\n<li style=\"font-weight: 400;\"><span style=\"font-weight: 400;\">Susitikimo vieta bus gauta po rezervacijos proceso.<\/span><\/li>\n<p>n \t<\/p>\n<li style=\"font-weight: 400;\"><span style=\"font-weight: 400;\">Vaikus turi lyd\u0117ti suaug\u0119s asmuo.<\/span><\/li>\n<p>n \t<\/p>\n<li style=\"font-weight: 400;\"><span style=\"font-weight: 400;\"> Nepritaikoma ne\u012fgaliojo ve\u017eim\u0117liu <\/span><\/li>\n<p>n \t<\/p>\n<li style=\"font-weight: 400;\"><span style=\"font-weight: 400;\">K\u016bdikiai turi s\u0117d\u0117ti ant keli\u0173 <\/span><\/li>\n<p>n \t<\/p>\n<li style=\"font-weight: 400;\"><span style=\"font-weight: 400;\">Nerekomenduojama keliautojams, turintiems nugaros problem\u0173<\/span><\/li>\n<p>n \t<\/p>\n<li style=\"font-weight: 400;\"><span style=\"font-weight: 400;\">Nerekomenduojama besilaukian\u010dioms keliautojoms <\/span><\/li>\n<p>n \t<\/p>\n<li style=\"font-weight: 400;\"><span style=\"font-weight: 400;\"> Joki\u0173 \u0161irdies problem\u0173 ar kit\u0173 rimt\u0173 sveikatos sutrikim\u0173 <\/span><\/li>\n<p>n \t<\/p>\n<li style=\"font-weight: 400;\"><span style=\"font-weight: 400;\">Dalyvauti gali dauguma keliautoj\u0173<\/span><\/li>\n<p>n<\/ol>\n<p>n<\/p>\n<h4><b><i>At\u0161aukimo politika<\/i><\/b><\/h4>\n<p>Nor\u0117dami susigr\u0105\u017einti visas l\u0117\u0161as, perskaitykite at\u0161aukimo politik\u0105\u00a0<a href=\"https:\/\/www.boattoursamana.com\/lt\/uzsakymas-internetu\/\" target=\"_blank\" rel=\"noopener\" data-saferedirecturl=\"https:\/\/www.google.com\/url?q=https:\/\/www.boattoursamana.com\/online-booking\/&amp;source=gmail&amp;ust=1672449202351000&amp;usg=AOvVaw1yAeVAPktmaVCqDujgUn90\">Paspauskite \u010dia<\/a>. L\u0117\u0161os bus prarastos, jei rezervacija bus at\u0161aukta t\u0105 pa\u010di\u0105 kelion\u0117s dien\u0105.<br \/>\nn<br \/>\nn&nbsp;<br \/>\nn<br \/>\nn<em><strong>\u017dmon\u0117s taip pat ie\u0161ko:\u00a0<\/strong><\/em><br \/>\nn<br \/>\nap\u017evalga inclusions exclusions i\u0161vykimas<br \/>\nn<br \/>\nninclusions exclusives departure return<br \/>\nn<br \/>\nndamajagua kriokli\u0173 mir\u010di\u0173<br \/>\nn<br \/>\nn27 kriokliai Dominikos Respublikos mirtis<br \/>\nn<br \/>\nndamajagua kriokli\u0173 kaina<br \/>\nn<br \/>\nn&nbsp;<br \/>\nn<br \/>\nn<\/p>\n\n\t\t<\/div>\n\t<\/div>\n<\/div><\/div><\/div><\/div><div class=\"vc_row wpb_row vc_row-fluid\" ><div class=\"wpb_column vc_column_container vc_col-sm-12\"><div class=\"vc_column-inner\"><div class=\"wpb_wrapper\">\n\t<div class=\"wpb_video_widget wpb_content_element vc_clearfix   vc_video-aspect-ratio-169 vc_video-el-width-100 vc_video-align-left\" >\n\t\t<div class=\"wpb_wrapper\">\n\t\t\t<h2 class=\"wpb_heading wpb_video_heading\">Ekskursija po 27 Damajagua krioklius i\u0161 Puerto Platos:<\/h2>\n\t\t\t<div class=\"wpb_video_wrapper\"><iframe loading=\"lazy\" title=\"27 Damajagua kriokliai pagal u\u017esakym\u0105 Adventures &amp; Travel Dominikos Respublika\" width=\"1100\" height=\"619\" src=\"https:\/\/www.youtube.com\/embed\/AVNh_we_RQE?start=17&feature=oembed\" frameborder=\"0\" allow=\"accelerometer; autoplay; clipboard-write; encrypted-media; gyroscope; picture-in-picture; web-share\" allowfullscreen><\/iframe><\/div>\n\t\t<\/div>\n\t<\/div>\n<\/div><\/div><\/div><\/div><div class=\"vc_row wpb_row vc_row-fluid\" ><\/div><div class=\"wpb_column vc_column_container vc_col-sm-12\"><div class=\"vc_column-inner\"><div class=\"wpb_wrapper\"><\/div><\/div><\/div><div class=\"vc_empty_space\"   style=\"height: 32px\"><span class=\"vc_empty_space_inner\"><\/span><\/div><div class=\"vc_empty_space\"   style=\"height: 32px\"><span class=\"vc_empty_space_inner\"><\/span><\/div>","protected":false},"excerpt":{"rendered":"<p>Esta excursi\u00f3n desde 27 cascadas de Damajagua en Puerto Plata, Almuerzo y Excursi\u00f3n por las 27 cascadas, caminata y salto al r\u00edo. n nViaje Ecol\u00f3gico a las 27 cascadas de Puerto Plata. Obtenga sus boletos para una excursi\u00f3n de medio d\u00eda aqu\u00ed en la Cascada 27 de Damajagua. Los boletos de ingreso con almuerzo y excursi\u00f3n incluyen salto y nado en las cascadas m\u00e1s hermosas de la Rep\u00fablica Dominicana. Caminata y nataci\u00f3n con equipo de seguridad para tener la mejor [&hellip;]<\/p>\n","protected":false},"author":2,"featured_media":0,"parent":0,"menu_order":0,"comment_status":"open","ping_status":"closed","template":"","meta":{"footnotes":""},"class_list":["post-15803","page","type-page","status-publish","hentry"],"_links":{"self":[{"href":"https:\/\/www.boattoursamana.com\/lt\/wp-json\/wp\/v2\/pages\/15803","targetHints":{"allow":["GET"]}}],"collection":[{"href":"https:\/\/www.boattoursamana.com\/lt\/wp-json\/wp\/v2\/pages"}],"about":[{"href":"https:\/\/www.boattoursamana.com\/lt\/wp-json\/wp\/v2\/types\/page"}],"author":[{"embeddable":true,"href":"https:\/\/www.boattoursamana.com\/lt\/wp-json\/wp\/v2\/users\/2"}],"replies":[{"embeddable":true,"href":"https:\/\/www.boattoursamana.com\/lt\/wp-json\/wp\/v2\/comments?post=15803"}],"version-history":[{"count":0,"href":"https:\/\/www.boattoursamana.com\/lt\/wp-json\/wp\/v2\/pages\/15803\/revisions"}],"wp:attachment":[{"href":"https:\/\/www.boattoursamana.com\/lt\/wp-json\/wp\/v2\/media?parent=15803"}],"curies":[{"name":"wp","href":"https:\/\/api.w.org\/{rel}","templated":true}]}}