{"id":15807,"date":"2023-07-15T07:43:59","date_gmt":"2023-07-15T07:43:59","guid":{"rendered":"https:\/\/www.ticketswhales.com\/saona-island-rentals-rent-a-private-boat\/"},"modified":"2023-07-15T07:43:59","modified_gmt":"2023-07-15T07:43:59","slug":"saona-island-rentals-rent-a-private-boat","status":"publish","type":"page","link":"https:\/\/www.boattoursamana.com\/lt\/saona-salos-nuoma-nuomoja-privacia-valti","title":{"rendered":"Saona salos nuoma \u2013 i\u0161sinuomokite priva\u010di\u0105 valt\u012f"},"content":{"rendered":"<p>&nbsp;<\/p>\n<div class=\"vc_row wpb_row vc_row-fluid\" > <div class=\"wpb_column vc_column_container vc_col-sm-12\"><div class=\"vc_column-inner\"><div class=\"wpb_wrapper\"> \n\t<div class=\"wpb_text_column wpb_content_element\" >\n\t\t<div class=\"wpb_wrapper\">\n\t\t\t\n\t\t<\/div>\n\t<\/div>\n <\/div><\/div><\/div> <\/div> <div class=\"wpb_column vc_column_container vc_col-sm-12\"><div class=\"vc_column-inner\"><div class=\"wpb_wrapper\"> <div class=\"vc_btn3-container vc_btn3-inline\" ><button class=\"vc_general vc_btn3 vc_btn3-size-md vc_btn3-shape-rounded vc_btn3-style-modern vc_btn3-color-green\">U\u017dSAKYTI DABAR<\/button><\/div> <\/div><\/div><\/div> <div class=\"vc_tta-container\" data-vc-action=\"collapse\"><div class=\"vc_general vc_tta vc_tta-tabs vc_tta-color-grey vc_tta-style-classic vc_tta-shape-rounded vc_tta-spacing-1 vc_tta-tabs-position-top vc_tta-controls-align-left\"><div class=\"vc_tta-tabs-container\"><ul class=\"vc_tta-tabs-list\"><\/ul><\/div><div class=\"vc_tta-panels-container\"><div class=\"vc_tta-panels\"> <\/div><\/div><\/div><\/div> <div class=\"vc_tta-panel vc_active\" id=\"1616582286467-74629ea8-fd69\" data-vc-content=\".vc_tta-panel-body\"><div class=\"vc_tta-panel-heading\"><h4 class=\"vc_tta-panel-title\"><a href=\"#1616582286467-74629ea8-fd69\" data-vc-accordion data-vc-container=\".vc_tta-container\"><span class=\"vc_tta-title-text\">Apra\u0161ymas<\/span><\/a><\/h4><\/div><div class=\"vc_tta-panel-body\"> \n\t<div class=\"wpb_text_column wpb_content_element\" >\n\t\t<div class=\"wpb_wrapper\">\n\t\t\t<p>\nn<\/p>\n<div class=\"custom-left\">\nn<\/p>\n<div class=\"row\">\nn<\/p>\n<div class=\"col-md-12 cust-clas\">\nn<\/p>\n<div class=\"product-header alignleft\">\nn<br \/>\nnSAONA ISLAND &#8211; BOAT &#8211; RENTAL<br \/>\nn<br \/>\nnFULL DAY PRIVATE CHARTER TO SAONA ISLAND<br \/>\nn<br \/>\nnFLEXIBLE DURATION &#8211; MONDAY TO SUNDAY<br \/>\nn<br \/>\nn<\/div>\n<p>n\n<\/p><\/div>\n<p>n\n<\/p><\/div>\n<p>n\n<\/p><\/div>\n<p>n<\/p>\n<div class=\"custom-left para-p\">\nn<\/p>\n<div class=\"info_content_label\">\nn<br \/>\nn&nbsp;<br \/>\nn<br \/>\nn&nbsp;<br \/>\nn<br \/>\nn&nbsp;<br \/>\nn<br \/>\nn&nbsp;<br \/>\nn<br \/>\nnRent this fabulous boat throughout the day for up to 16 people to visit Saona Island.<br \/>\nn<br \/>\nn<strong>INCLUDED<\/strong><br \/>\nn<\/p>\n<ul>\nn \t<\/p>\n<li>Crew (Captain and Assistant Captain)<\/li>\n<p>n \t<\/p>\n<li>Kuro<\/li>\n<p>n \t<\/p>\n<li>Ledo au\u0161intuvas su ledu<\/li>\n<p>n<\/ul>\n<p>nFood is available for an additional fee:<br \/>\nn<br \/>\nn<strong>Details of the traditional buffet lunch, $15 USD p\/p:<\/strong><br \/>\nn<br \/>\nn-Green salad, Russian salad<br \/>\nn<br \/>\nn-Knight<br \/>\nn<br \/>\nn-Moro de Guandule (Dominican-style rice) with coconut<br \/>\nn<br \/>\nn-Pasta in tomato sauce-Cassava casseroles<br \/>\nn<br \/>\n-\u017duvis ir kepta vi\u0161tiena (dorado) + pasirinktinai kokos\u0173 pieno pada\u017eas<br \/>\nn<br \/>\nn-Fresh fruit-1 non-alcoholic drink (soft drink or water)<br \/>\nn-Cafeteria<br \/>\nn<br \/>\nn<strong>Additional lobster service + coconut fudge $19 USD (additional).<\/strong><br \/>\nn<br \/>\nn<\/div>\n<p>n<strong><label>Ne\u012ftrauktos:<\/label><\/strong> G\u0117rimai ir maistas NE\u012eSKAI\u010cIUOTI, juos galima u\u017esisakyti u\u017e papildom\u0105 mokest\u012f.<br \/>\nn<br \/>\nn&nbsp;<br \/>\nn<br \/>\nn<\/div>\n<p>nIf you need more information or have any questions, do not hesitate to contact us by Whatsapp: +1-809-720-6035 or live chat. We offer the best price online!<br \/>\nn<br \/>\nn&nbsp;<br \/>\nn<\/p>\n<h4><b><i>At\u0161aukimo politika<\/i><\/b><\/h4>\n<p>Nor\u0117dami susigr\u0105\u017einti visas l\u0117\u0161as, perskaitykite at\u0161aukimo politik\u0105 <a href=\"https:\/\/www.boattoursamana.com\/lt\/uzsakymas-internetu\/\" target=\"_blank\" rel=\"noopener\" data-saferedirecturl=\"https:\/\/www.google.com\/url?q=https:\/\/www.boattoursamana.com\/online-booking\/&amp;source=gmail&amp;ust=1672449202351000&amp;usg=AOvVaw1yAeVAPktmaVCqDujgUn90\">Paspauskite \u010dia<\/a>. Funds will be forfeited if the booking is cancelled on the same day of travel. <\/p>\n\n\t\t<\/div>\n\t<\/div>\n <\/div><\/div> <div class=\"vc_tta-panel\" id=\"1616580432722-00be9baf-46e3\" data-vc-content=\".vc_tta-panel-body\"><div class=\"vc_tta-panel-heading\"><h4 class=\"vc_tta-panel-title\"><a href=\"#1616580432722-00be9baf-46e3\" data-vc-accordion data-vc-container=\".vc_tta-container\"><span class=\"vc_tta-title-text\">Kainos<\/span><\/a><\/h4><\/div><div class=\"vc_tta-panel-body\"> <\/div><\/div> <div class=\"mkdf-section-title-holder\" style=\"text-align: center\">\n\t<div class=\"mkdf-st-inner\">\n\t\t\t\t\t\t\t<h3 class=\"mkdf-st-title\" >\n\t\t\t\tPRICES\t\t\t<\/h3>\n\t\t\t\t\t<\/div>\n<\/div> <div class=\"vc_empty_space\"   style=\"height: 32px\"><span class=\"vc_empty_space_inner\"><\/span><\/div> <div class=\"vc_row wpb_row vc_row-fluid\" > <div class=\"wpb_column vc_column_container vc_col-sm-12\"><div class=\"vc_column-inner\"><div class=\"wpb_wrapper\"> <div class=\"vc_btn3-container vc_btn3-inline\" ><button class=\"vc_general vc_btn3 vc_btn3-size-md vc_btn3-shape-rounded vc_btn3-style-modern vc_btn3-color-green\">U\u017dSAKYTI DABAR<\/button><\/div> <\/div><\/div><\/div> <\/div>","protected":false},"excerpt":{"rendered":"<p>&nbsp;<\/p>","protected":false},"author":2,"featured_media":0,"parent":0,"menu_order":0,"comment_status":"open","ping_status":"closed","template":"","meta":{"footnotes":""},"class_list":["post-15807","page","type-page","status-publish","hentry"],"_links":{"self":[{"href":"https:\/\/www.boattoursamana.com\/lt\/wp-json\/wp\/v2\/pages\/15807","targetHints":{"allow":["GET"]}}],"collection":[{"href":"https:\/\/www.boattoursamana.com\/lt\/wp-json\/wp\/v2\/pages"}],"about":[{"href":"https:\/\/www.boattoursamana.com\/lt\/wp-json\/wp\/v2\/types\/page"}],"author":[{"embeddable":true,"href":"https:\/\/www.boattoursamana.com\/lt\/wp-json\/wp\/v2\/users\/2"}],"replies":[{"embeddable":true,"href":"https:\/\/www.boattoursamana.com\/lt\/wp-json\/wp\/v2\/comments?post=15807"}],"version-history":[{"count":0,"href":"https:\/\/www.boattoursamana.com\/lt\/wp-json\/wp\/v2\/pages\/15807\/revisions"}],"wp:attachment":[{"href":"https:\/\/www.boattoursamana.com\/lt\/wp-json\/wp\/v2\/media?parent=15807"}],"curies":[{"name":"wp","href":"https:\/\/api.w.org\/{rel}","templated":true}]}}