{"id":15816,"date":"2023-07-15T07:44:18","date_gmt":"2023-07-15T07:44:18","guid":{"rendered":"https:\/\/www.ticketswhales.com\/27-waterfalls-from-punta-cana-private-or-small-group-trip\/"},"modified":"2023-07-15T07:44:18","modified_gmt":"2023-07-15T07:44:18","slug":"27-waterfalls-from-punta-cana-private-or-small-group-trip","status":"publish","type":"page","link":"https:\/\/www.boattoursamana.com\/lt\/27-kriokliai-is-punta-kanos-privati-arba-maza-grupine-kelione","title":{"rendered":"27 kriokliai i\u0161 Punta Kanos \u2013 privati arba nedidel\u0117 grupin\u0117 kelion\u0117"},"content":{"rendered":"<p><span style=\"vertical-align: inherit;\"><span style=\"vertical-align: inherit;\">Esta excursi\u00f3n desde Punta Cana a 27 cascadas de Damajagua en Puerto Plata, Almuerzo y Excursi\u00f3n por las 27 cascadas, caminata y salto al r\u00edo.<\/span><\/span><br \/>\nn<br \/>\nn<span style=\"vertical-align: inherit;\"><span style=\"vertical-align: inherit;\">Viaje Ecol\u00f3gico a las 27 cascadas de Puerto Plata. <\/span><span style=\"vertical-align: inherit;\">Obtenga sus boletos para una excursi\u00f3n de d\u00eda completo desde el \u00e1rea de Punta Cana a la Cascada 27 desde Damajagua. <\/span><span style=\"vertical-align: inherit;\">Boletos de ingreso con almuerzo y excursi\u00f3n Incluyen saltos y nado en las cascadas m\u00e1s hermosas de Rep\u00fablica Dominicana. <\/span><span style=\"vertical-align: inherit;\">Caminata y nataci\u00f3n con equipo de seguridad para tener la mejor experiencia!<\/span><\/span><br \/>\nn<br \/>\nn&nbsp;<br \/>\nn<br \/>\nn<strong><span style=\"vertical-align: inherit;\"><span style=\"vertical-align: inherit;\">Pasirinkite ekskursij\u0105:\u00a0<\/span><\/span><\/strong><\/p>\n<p>&nbsp;<\/p>\n<div class=\"vc_row wpb_row vc_row-fluid\" ><div class=\"wpb_column vc_column_container vc_col-sm-12\"><div class=\"vc_column-inner\"><div class=\"wpb_wrapper\"><div class=\"vc_btn3-container vc_btn3-inline\" ><button class=\"vc_general vc_btn3 vc_btn3-size-md vc_btn3-shape-rounded vc_btn3-style-modern vc_btn3-color-green\">U\u017dSAKYTI DABAR<\/button><\/div>\n\t<div class=\"wpb_text_column wpb_content_element\" >\n\t\t<div class=\"wpb_wrapper\">\n\t\t\t<p>27 kriokliai i\u0161 Punta Kanos \u2013 priva\u010dios arba ma\u017eos grup\u0117s kelion\u0117s piet\u016bs ir transportas \u012fskai\u010diuoti<\/p>\n\n\t\t<\/div>\n\t<\/div>\n<\/div><\/div><\/div><\/div><div class=\"vc_row wpb_row vc_row-fluid\" ><div class=\"wpb_column vc_column_container vc_col-sm-12\"><div class=\"vc_column-inner\"><div class=\"wpb_wrapper\">\n\t<div class=\"wpb_text_column wpb_content_element\" >\n\t\t<div class=\"wpb_wrapper\">\n\t\t\t<p>\nn<\/p>\n<h3 class=\"ui_header h1 attractions-product-info-ProductTitle__title--1qM0o\">27 kriokliai i\u0161 Punta Kanos \u2013 privati arba nedidel\u0117 grupin\u0117 kelion\u0117<\/h3>\n<p>n<\/p>\n<h4><b><i>Ap\u017evalga <\/i><\/b><\/h4>\n<p>nGet your Tickets for a Full Day excursion starting from Punta Cana to the 27 Waterfall from Damajagua. Entrance tickets with Lunch and Excursion Include jumping and swimming in the most beautiful waterfalls of the Dominican Republic. Hiking and Swimming with safety equipment to have the best experience ever!!<br \/>\nn<br \/>\nnAfter this experience, you will get back to Punta Cana in the Location where you meet with the Tour Guide or Hotel.<br \/>\nn<\/p>\n<ul>\nn \t<\/p>\n<li style=\"font-weight: 400;\">Mokes\u010diai \u012fskai\u010diuoti<\/li>\n<p>n \t<\/p>\n<li>Piet\u016bs<\/li>\n<p>n \t<\/p>\n<li>U\u017ekand\u017eiai<\/li>\n<p>n \t<\/p>\n<li style=\"font-weight: 400;\">Vietinis kelioni\u0173 vadovas angl\u0173 kalba<\/li>\n<p>n<\/ul>\n<p>n&nbsp;<br \/>\nn<\/p>\n<h4><b>\u012etraukimai ir i\u0161imtys<\/b><\/h4>\n<p>n&nbsp;<br \/>\nn<br \/>\nn<b>Inkliuzai<\/b><br \/>\nn<\/p>\n<ol>\nn \t<\/p>\n<li style=\"font-weight: 400;\">27 Damajagua kriokliai<\/li>\n<p>n \t<\/p>\n<li>Piet\u016bs<\/li>\n<p>n \t<\/p>\n<li style=\"font-weight: 400;\"><span style=\"font-weight: 400;\">Visi mokes\u010diai, rinkliavos ir tvarkymo mokes\u010diai<\/span><\/li>\n<p>n \t<\/p>\n<li style=\"font-weight: 400;\"><span style=\"font-weight: 400;\">Vietiniai mokes\u010diai<\/span><\/li>\n<p>n \t<\/p>\n<li style=\"font-weight: 400;\"><span style=\"font-weight: 400;\">G\u0117rimai<\/span><\/li>\n<p>n \t<\/p>\n<li>U\u017ekand\u017eiai<\/li>\n<p>n \t<\/p>\n<li style=\"font-weight: 400;\"><span style=\"font-weight: 400;\">Visa veikla<\/span><\/li>\n<p>n \t<\/p>\n<li style=\"font-weight: 400;\"><span style=\"font-weight: 400;\">Vietinis gidas<\/span><\/li>\n<p>n \t<\/p>\n<li>Transportas<\/li>\n<p>n<\/ol>\n<p>n<b> I\u0161imtys<\/b><br \/>\nn<\/p>\n<ol>\nn \t<\/p>\n<li style=\"font-weight: 400;\"><span style=\"font-weight: 400;\">Arbatpinigiai<\/span><\/li>\n<p>n \t<\/p>\n<li style=\"font-weight: 400;\"><span style=\"font-weight: 400;\">Alkoholiniai g\u0117rimai<\/span><\/li>\n<p>n<\/ol>\n<p>n&nbsp;<br \/>\nn<\/p>\n<h4><em><strong>I\u0161vykimas ir gr\u012f\u017eimas<\/strong><\/em><\/h4>\n<p>n<span style=\"font-weight: 400;\">Keliautojas bus paimtas Punta Cana arba Bavaro vie\u0161bu\u010diuose. Ekskursijos prasideda ir baigiasi j\u016bs\u0173 susitikimo vietose.<\/span><br \/>\nn<\/p>\n<h4><\/h4>\n<p>n<\/p>\n<h3 class=\"ui_header h1 attractions-product-info-ProductTitle__title--1qM0o\">27 Damajagua kriokli\u0173 kelion\u0117 i\u0161 Punta Kanos.<\/h3>\n<p>n<\/p>\n<h4><b><i>Ko tik\u0117tis?<\/i><\/b><\/h4>\n<p>n<\/p>\n<div class=\"apd_content_block\" data-tab=\"TABS_OVERVIEW\">\nn<\/p>\n<div class=\"ui_card section attractions-product-details-Overview__sectionMargin--uHktd attractions-product-details-Overview__cleanslateOverrideDT--39Ov7\"><strong>Pastaba:<\/strong> Kelion\u0117 \u012f vien\u0105 pus\u0119 i\u0161 Punta Kanos \u012f Puerto Plat\u0105 trunka apie 5 valandas. I\u0161 Punta Kanos pradedame apie 5:00 val. Gr\u012f\u017eti \u012f Punta Kan\u0105 apie 21:00 val.<\/div>\n<p>n\n<\/p><\/div>\n<p>n<\/p>\n<div data-tab=\"TABS_WHAT_TO_EXPECT\">\nn<\/p>\n<div class=\"ui_card attractions-card-CollapsibleProductDetailsCard__cardContainer--3r2wk attractions-card-CollapsibleProductDetailsCard__cleanslateOverrideDT--2AJh0\">\nn<\/p>\n<div class=\"attractions-card-CollapsibleCard__header--IDA3r\">\nn<\/p>\n<div class=\"attractions-card-CollapsibleCard__headerSection--3gTKb\"><\/div>\n<p>n\n<\/p><\/div>\n<p>n<\/p>\n<div class=\"attractions-card-CollapsibleCard__content--2Ws8q\">\nn<\/p>\n<div class=\"attractions-card-CollapsibleCard__contentWrap--374jk attractions-card-CollapsibleCard__titleUnderline--1uHze\">\nn<\/p>\n<div>\u0160ioje visos dienos kelion\u0117je i\u0161 Puerto Platos atraskite nuo\u0161alius Damajagua krioklius, esan\u010dius Dominikos Respublikos \u0161iaurinio koridoriaus kalvose. Su vietiniu gidu ap\u017ei\u016br\u0117kite dvide\u0161imt septynis nesugadintus krioklius, besileid\u017eian\u010dius per kalkakmen\u012f. Gaukite trump\u0105 saugos instrukta\u017e\u0105, tada \u0161okin\u0117kite, plaukiokite ir \u010diuo\u017ekite nat\u016braliomis vandens \u010diuo\u017eyklomis.<\/div>\n<p>n<\/p>\n<div><\/div>\n<p>n<\/p>\n<div>Piet\u016bs, g\u0117rimai \u012fskai\u010diuoti. Vidutinis 40 minu\u010di\u0173 \u017eygis \u012f kaln\u0105 nuostabiu d\u017eiungli\u0173 kra\u0161tovaizd\u017eiu nukeliauja iki 12-ojo krioklio arba, jei esate puikios fizin\u0117s formos, pasirinkite \u017eyg\u012f iki pat 27 kriokli\u0173 vir\u0161\u016bn\u0117s (apie 70 minu\u010di\u0173) ir visa tai patirkite. .<\/div>\n<p>n<\/p>\n<div class=\"attractions-card-CollapsibleProductDetailsCard__cardContent--23ext\">\nn<\/p>\n<div class=\"common-text-ReadMore__readMore--3Iu8c common-text-ReadMore__variantFadeOut--1tInd\">\nn<\/p>\n<div class=\"common-text-ReadMore__content--2X4LR\">\nn<\/p>\n<div class=\"ui_columns is-desktop\">\nn<\/p>\n<div><\/div>\n<p>n<\/p>\n<div class=\"ui_column\">Bet kuriuo atveju j\u016bs\u0173 linksmyb\u0117s prasideda, kai gr\u012f\u017etame \u017eemyn upe, o j\u016bs \u0161okate, \u010diuo\u017eiate ir plaukiate per daugyb\u0119 \u012fsp\u016bding\u0173 kriokli\u0173, kanjon\u0173 ir \u017eydr\u0173 basein\u0173, i\u0161kylan\u010di\u0173 su kvaila \u0161ypsena veide ir ne\u012ftik\u0117tinais prisiminimais, kuriuos reikia branginti! Ekskursijos apima \u0161uolius iki 25 p\u0117d\u0173 (8 metr\u0173), bet nesijaudinkite, didieji turi kit\u0105 keli\u0105 \u017eemyn, jei nenorite \u0161okin\u0117ti.<\/div>\n<p>n<\/p>\n<div><\/div>\n<p>n<\/p>\n<div class=\"ui_column\">Po 15 minu\u010di\u0173 p\u0117s\u010diomis atgal \u012f bazin\u0119 stovykl\u0105 ir persireng\u0119 sausais drabu\u017eiais m\u0117gaukit\u0117s gard\u017eiais ir \u012fvairiais Dominikos savitarnos pietumis, \u012f kuriuos \u012feina, pavyzd\u017eiui, ant groteli\u0173 kepta vi\u0161tiena ir kiauliena, tro\u0161kiniai, ry\u017eiai, makaronai ir salotos.<\/div>\n<p>n<\/p>\n<div><\/div>\n<p>n<\/p>\n<div class=\"ui_column\">\u012e kain\u0105 \u012fskai\u010diuoti vietiniai romo g\u0117rimai, gazuoti g\u0117rimai ir vanduo (alaus yra, bet ne\u012ftraukta). Pavalg\u0119 atsisveikinkite su vietiniais gidais ir vis\u0105 likus\u012f gyvenim\u0105 prisiminsite geriausius \u012fsp\u016bd\u017eius bei nuotraukas ar vaizdo \u012fra\u0161us.<\/div>\n<p>n<\/p>\n<div class=\"ui_column\">Po to va\u017eiuojame atgal \u012f Punta Kan\u0105.<\/div>\n<p>n\n<\/p><\/div>\n<p>n\n<\/p><\/div>\n<p>n\n<\/p><\/div>\n<p>n\n<\/p><\/div>\n<p>n\n<\/p><\/div>\n<p>n\n<\/p><\/div>\n<p>n\n<\/p><\/div>\n<p>n\n<\/p><\/div>\n<p>n<\/p>\n<h4><em><strong>K\u0105 tur\u0117tum atsine\u0161ti?<\/strong><\/em><\/h4>\n<p>n<\/p>\n<ul>\nn \t<\/p>\n<li style=\"font-weight: 400;\"><span style=\"font-weight: 400;\">Fotoaparatas<\/span><\/li>\n<p>n \t<\/p>\n<li style=\"font-weight: 400;\"><span style=\"font-weight: 400;\">Atbaidantys pumpurai<\/span><\/li>\n<p>n \t<\/p>\n<li style=\"font-weight: 400;\"><span style=\"font-weight: 400;\">Kremas nuo saul\u0117s<\/span><\/li>\n<p>n \t<\/p>\n<li style=\"font-weight: 400;\"><span style=\"font-weight: 400;\">Skryb\u0117l\u0117<\/span><\/li>\n<p>n \t<\/p>\n<li style=\"font-weight: 400;\"><span style=\"font-weight: 400;\">Patogios kelnes<\/span><\/li>\n<p>n \t<\/p>\n<li style=\"font-weight: 400;\"><span style=\"font-weight: 400;\">\u017dygio batai mi\u0161kui<\/span><\/li>\n<p>n \t<\/p>\n<li style=\"font-weight: 400;\"><span style=\"font-weight: 400;\">Sandalai pavasario zonoms.<\/span><\/li>\n<p>n \t<\/p>\n<li style=\"font-weight: 400;\"><span style=\"font-weight: 400;\">Plaukimo apranga<\/span><\/li>\n<p>n<\/ul>\n<p>n&nbsp;<br \/>\nn<\/p>\n<h4><b><i>Vie\u0161bu\u010dio pa\u0117mimas <\/i><\/b><\/h4>\n<p>n<span style=\"font-weight: 400;\">\u0160ios ekskursijos metu si\u016blomas pa\u0117mimas i\u0161 vie\u0161bu\u010dio. Mes nustat\u0117me, kad atsi\u0117mimas susisiekt\u0173 su mumis per Whatsapp.<\/span><br \/>\nn<br \/>\nn&nbsp;<br \/>\nn<br \/>\nn<b>Pastaba:<\/b><span style=\"font-weight: 400;\"> Jei rezervuojate per 24 valandas nuo kelion\u0117s\/ekskursijos i\u0161vykimo laiko, mes galime susitarti d\u0117l pa\u0117mimo i\u0161 vie\u0161bu\u010dio su papildomais mokes\u010diais. Kai pirkimas bus baigtas, mes atsi\u0173sime jums vis\u0105 kontaktin\u0119 informacij\u0105 (telefono numer\u012f, el. pa\u0161to adres\u0105 ir kt.), skirt\u0105 m\u016bs\u0173 vietiniam kelioni\u0173 vadovui, kad gal\u0117tume susitarti d\u0117l pa\u0117mimo.<\/span><br \/>\nn<\/p>\n<h4><b><i>Papildomos informacijos patvirtinimas <\/i><\/b><\/h4>\n<p>n<\/p>\n<ol>\nn \t<\/p>\n<li>Bilietai yra kvitas apmok\u0117jus \u0161i\u0105 kelion\u0119. Mok\u0117jim\u0105 galite parodyti savo telefone.<\/li>\n<p>n \t<\/p>\n<li style=\"font-weight: 400;\"><span style=\"font-weight: 400;\">Susitikimo vieta bus gauta po rezervacijos proceso.<\/span><\/li>\n<p>n \t<\/p>\n<li style=\"font-weight: 400;\"><span style=\"font-weight: 400;\">Vaikus turi lyd\u0117ti suaug\u0119s asmuo.<\/span><\/li>\n<p>n \t<\/p>\n<li style=\"font-weight: 400;\"><span style=\"font-weight: 400;\"> Nepritaikoma ne\u012fgaliojo ve\u017eim\u0117liu <\/span><\/li>\n<p>n \t<\/p>\n<li style=\"font-weight: 400;\"><span style=\"font-weight: 400;\">K\u016bdikiai turi s\u0117d\u0117ti ant keli\u0173 <\/span><\/li>\n<p>n \t<\/p>\n<li style=\"font-weight: 400;\"><span style=\"font-weight: 400;\">Nerekomenduojama keliautojams, turintiems nugaros problem\u0173<\/span><\/li>\n<p>n \t<\/p>\n<li style=\"font-weight: 400;\"><span style=\"font-weight: 400;\">Nerekomenduojama besilaukian\u010dioms keliautojoms <\/span><\/li>\n<p>n \t<\/p>\n<li style=\"font-weight: 400;\"><span style=\"font-weight: 400;\"> Joki\u0173 \u0161irdies problem\u0173 ar kit\u0173 rimt\u0173 sveikatos sutrikim\u0173 <\/span><\/li>\n<p>n \t<\/p>\n<li style=\"font-weight: 400;\"><span style=\"font-weight: 400;\">Dalyvauti gali dauguma keliautoj\u0173<\/span><\/li>\n<p>n<\/ol>\n<p>n<\/p>\n<h4><b><i>At\u0161aukimo politika<\/i><\/b><\/h4>\n<p>Nor\u0117dami susigr\u0105\u017einti visas l\u0117\u0161as, perskaitykite at\u0161aukimo politik\u0105\u00a0<a href=\"https:\/\/www.boattoursamana.com\/lt\/uzsakymas-internetu\/\" target=\"_blank\" rel=\"noopener\" data-saferedirecturl=\"https:\/\/www.google.com\/url?q=https:\/\/www.boattoursamana.com\/online-booking\/&amp;source=gmail&amp;ust=1672449202351000&amp;usg=AOvVaw1yAeVAPktmaVCqDujgUn90\">Paspauskite \u010dia<\/a>. L\u0117\u0161os bus prarastos, jei rezervacija bus at\u0161aukta t\u0105 pa\u010di\u0105 kelion\u0117s dien\u0105.<\/p>\n\n\t\t<\/div>\n\t<\/div>\n<div class=\"vc_btn3-container vc_btn3-inline\" ><button class=\"vc_general vc_btn3 vc_btn3-size-md vc_btn3-shape-rounded vc_btn3-style-modern vc_btn3-color-green\">U\u017dSAKYTI DABAR<\/button><\/div><\/div><\/div><\/div><\/div><div class=\"vc_row wpb_row vc_row-fluid\" ><div class=\"wpb_column vc_column_container vc_col-sm-12\"><div class=\"vc_column-inner\"><div class=\"wpb_wrapper\">\n\t<div class=\"wpb_video_widget wpb_content_element vc_clearfix   vc_video-aspect-ratio-169 vc_video-el-width-100 vc_video-align-left\" >\n\t\t<div class=\"wpb_wrapper\">\n\t\t\t<h2 class=\"wpb_heading wpb_video_heading\">Ekskursija po 27 Damajagua krioklius i\u0161 Puerto Platos:<\/h2>\n\t\t\t<div class=\"wpb_video_wrapper\"><iframe loading=\"lazy\" title=\"27 Damajagua kriokliai pagal u\u017esakym\u0105 Adventures &amp; Travel Dominikos Respublika\" width=\"1100\" height=\"619\" src=\"https:\/\/www.youtube.com\/embed\/AVNh_we_RQE?start=17&feature=oembed\" frameborder=\"0\" allow=\"accelerometer; autoplay; clipboard-write; encrypted-media; gyroscope; picture-in-picture; web-share\" allowfullscreen><\/iframe><\/div>\n\t\t<\/div>\n\t<\/div>\n<\/div><\/div><\/div><\/div><div class=\"vc_row wpb_row vc_row-fluid\" ><\/div><div class=\"wpb_column vc_column_container vc_col-sm-12\"><div class=\"vc_column-inner\"><div class=\"wpb_wrapper\"><\/div><\/div><\/div><div class=\"vc_empty_space\"   style=\"height: 32px\"><span class=\"vc_empty_space_inner\"><\/span><\/div><div class=\"vc_empty_space\"   style=\"height: 32px\"><span class=\"vc_empty_space_inner\"><\/span><\/div><div class=\"vc_row wpb_row vc_row-fluid\" ><div class=\"wpb_column vc_column_container vc_col-sm-12\"><div class=\"vc_column-inner\"><div class=\"wpb_wrapper\"><div class=\"vc_btn3-container vc_btn3-inline\" ><button class=\"vc_general vc_btn3 vc_btn3-size-md vc_btn3-shape-rounded vc_btn3-style-modern vc_btn3-color-green\">U\u017dSAKYTI DABAR<\/button><\/div><\/div><\/div><\/div><\/div>","protected":false},"excerpt":{"rendered":"<p>Esta excursi\u00f3n desde Punta Cana a 27 cascadas de Damajagua en Puerto Plata, Almuerzo y Excursi\u00f3n por las 27 cascadas, caminata y salto al r\u00edo. n nViaje Ecol\u00f3gico a las 27 cascadas de Puerto Plata. Obtenga sus boletos para una excursi\u00f3n de d\u00eda completo desde el \u00e1rea de Punta Cana a la Cascada 27 desde Damajagua. Boletos de ingreso con almuerzo y excursi\u00f3n Incluyen saltos y nado en las cascadas m\u00e1s hermosas de Rep\u00fablica Dominicana. Caminata y nataci\u00f3n con equipo [&hellip;]<\/p>\n","protected":false},"author":2,"featured_media":0,"parent":0,"menu_order":0,"comment_status":"open","ping_status":"closed","template":"","meta":{"footnotes":""},"class_list":["post-15816","page","type-page","status-publish","hentry"],"_links":{"self":[{"href":"https:\/\/www.boattoursamana.com\/lt\/wp-json\/wp\/v2\/pages\/15816","targetHints":{"allow":["GET"]}}],"collection":[{"href":"https:\/\/www.boattoursamana.com\/lt\/wp-json\/wp\/v2\/pages"}],"about":[{"href":"https:\/\/www.boattoursamana.com\/lt\/wp-json\/wp\/v2\/types\/page"}],"author":[{"embeddable":true,"href":"https:\/\/www.boattoursamana.com\/lt\/wp-json\/wp\/v2\/users\/2"}],"replies":[{"embeddable":true,"href":"https:\/\/www.boattoursamana.com\/lt\/wp-json\/wp\/v2\/comments?post=15816"}],"version-history":[{"count":0,"href":"https:\/\/www.boattoursamana.com\/lt\/wp-json\/wp\/v2\/pages\/15816\/revisions"}],"wp:attachment":[{"href":"https:\/\/www.boattoursamana.com\/lt\/wp-json\/wp\/v2\/media?parent=15816"}],"curies":[{"name":"wp","href":"https:\/\/api.w.org\/{rel}","templated":true}]}}