{"id":15862,"date":"2023-07-15T07:45:08","date_gmt":"2023-07-15T07:45:08","guid":{"rendered":"https:\/\/www.ticketswhales.com\/zipline-punta-cana-ziplining-in-the-jungle\/"},"modified":"2023-07-15T07:45:08","modified_gmt":"2023-07-15T07:45:08","slug":"zipline-punta-cana-ziplining-in-the-jungle","status":"publish","type":"page","link":"https:\/\/www.boattoursamana.com\/lt\/zipline-punta-cana-ziplining-dziunglese","title":{"rendered":"Zipline Punta Cana \u2013 Ziplining in the Jungle"},"content":{"rendered":"<p>Nor\u0117dami patirti did\u017eiausi\u0173 nuotyki\u0173 Punta Kanoje, i\u0161bandykite m\u016bs\u0173 12 eilu\u010di\u0173 u\u017etrauktuko kurs\u0105! M\u016bs\u0173 kaln\u0173 trasa taip pat turi 18 platform\u0173 ir yra dviej\u0173 ilgiausi\u0173 linij\u0173 Dominikos Respublikoje ir Karib\u0173 j\u016broje namai. Su laipiojimo \u012franga esate saugiai pritvirtinti prie dvigubos linijos kabeli\u0173, kuri\u0173 ilgiausias yra 800 metr\u0173!<br \/>\nn<br \/>\nn<em><strong>Pra\u0161ome pasirinkti Ekskursijos dat\u0105\u00a0<\/strong><\/em><\/p>\n<p>&nbsp;<\/p>\n<div class=\"vc_row wpb_row vc_row-fluid\" ><div class=\"wpb_column vc_column_container vc_col-sm-12\"><div class=\"vc_column-inner\"><div class=\"wpb_wrapper\"><div class=\"mkdf-section-title-holder\" style=\"text-align: left\">\n\t<div class=\"mkdf-st-inner\">\n\t\t\t\t\t<h5 class=\"mkdf-st-subtitle\" >\n\t\t\t\tI\u0161 Punta Cana Hotels\t\t\t<\/h5>\n\t\t\t\t\t\t\t<h3 class=\"mkdf-st-title\" >\n\t\t\t\tZipline Punta Cana \u2013 \u201eZiplining in the Jungle\u201c.\t\t\t<\/h3>\n\t\t\t\t\t\t\t<p class=\"mkdf-st-text\" >\n\t\t\t\tPastaba: \u0161i kelion\u0117 prasideda 7:00 val. Priklausomai nuo pasi\u0117mimo vie\u0161bu\u010di\u0173 vietos, laikas gali keistis. Papildomi mokes\u010diai u\u017e atsi\u0117mim\u0105 vietov\u0117se, kurios n\u0117ra nurodytos m\u016bs\u0173 apra\u0161yme.\t\t\t<\/p>\n\t\t\t<\/div>\n<\/div><\/div><\/div><\/div><\/div><div class=\"vc_row wpb_row vc_row-fluid\" ><div class=\"wpb_column vc_column_container vc_col-sm-12\"><div class=\"vc_column-inner\"><div class=\"wpb_wrapper\"><div class=\"vc_empty_space\"   style=\"height: 32px\"><span class=\"vc_empty_space_inner\"><\/span><\/div><\/div><\/div><\/div><\/div><div class=\"vc_row wpb_row vc_row-fluid\" ><div class=\"wpb_column vc_column_container vc_col-sm-12\"><div class=\"vc_column-inner\"><div class=\"wpb_wrapper\"><div class=\"vc_btn3-container vc_btn3-inline\" ><button class=\"vc_general vc_btn3 vc_btn3-size-md vc_btn3-shape-rounded vc_btn3-style-modern vc_btn3-color-green\">U\u017dSAKYTI DABAR<\/button><\/div>\n\t<div class=\"wpb_text_column wpb_content_element\" >\n\t\t<div class=\"wpb_wrapper\">\n\t\t\t<p>\nn<\/p>\n<h4><b><i>Ap\u017evalga <\/i><\/b><\/h4>\n<p>n<\/p>\n<div>\nn<br \/>\nnSkriskite per atogr\u0105\u017e\u0173 mi\u0161ko baldakim\u0105 ilgiausiomis Karib\u0173 j\u016broje u\u017etrauktukais. Pereikite nuo platformos iki platformos mi\u0161ke per 12 kabeli\u0173, pastatyt\u0173 vienas \u0161alia kito, kad gal\u0117tum\u0117te u\u017esegti su partneriu.<br \/>\nn<br \/>\nnEksperti\u0161ki nuotyki\u0173 vadovai surengia saugos instrukta\u017e\u0105 ir atlieka vis\u0105 saugos patikrinim\u0105 prie\u0161 skryd\u012f. Pakeliui atogr\u0105\u017e\u0173 mi\u0161ke ap\u017ei\u016br\u0117kite vietin\u0119 flor\u0105 ir faun\u0105.<br \/>\nn<\/p>\n<ul>\nn \t<\/p>\n<li>Vaizdai i\u0161 oro i\u0161 kai kuri\u0173 Karib\u0173 j\u016bros ilgiausi\u0173 u\u017etrauktuk\u0173<\/li>\n<p>n \t<\/p>\n<li>Pamatykite vietin\u0119 flor\u0105 ir faun\u0105 atogr\u0105\u017e\u0173 mi\u0161kuose<\/li>\n<p>n \t<\/p>\n<li>Profesional\u016bs vadovai pateikia saugos instrukta\u017eus ir \u012frang\u0105<\/li>\n<p>n \t<\/p>\n<li>\u012e kain\u0105 \u012fskai\u010diuotas pa\u0117mimas ir i\u0161laipinimas i\u0161 vie\u0161bu\u010dio<\/li>\n<p>n<\/ul>\n<p>n\n<\/p><\/div>\n<p>n&nbsp;<br \/>\nn<\/p>\n<h4><b>\u012etraukimai ir i\u0161imtys<\/b><\/h4>\n<p>n&nbsp;<br \/>\nn<br \/>\nn<b>Inkliuzai<\/b><br \/>\nn<br \/>\nn&nbsp;<br \/>\nn<\/p>\n<ol>\nn \t<\/p>\n<li>ZIPLINE turas<\/li>\n<p>n \t<\/p>\n<li>Autobuso pa\u0117mimas i\u0161 j\u016bs\u0173 vie\u0161bu\u010dio<\/li>\n<p>n \t<\/p>\n<li style=\"font-weight: 400;\"><span style=\"font-weight: 400;\">Visi mokes\u010diai, rinkliavos ir tvarkymo mokes\u010diai<\/span><\/li>\n<p>n \t<\/p>\n<li style=\"font-weight: 400;\"><span style=\"font-weight: 400;\">Vietiniai mokes\u010diai<\/span><\/li>\n<p>n \t<\/p>\n<li style=\"font-weight: 400;\"><span style=\"font-weight: 400;\">G\u0117rimai<\/span><\/li>\n<p>n<\/ol>\n<p>n<b> I\u0161imtys<\/b><br \/>\nn<\/p>\n<ol>\nn \t<\/p>\n<li style=\"font-weight: 400;\"><span style=\"font-weight: 400;\">Arbatpinigiai<\/span><\/li>\n<p>n \t<\/p>\n<li>\nn<\/p>\n<div class=\"py-1 inclusions-exclusions-item d-flex\">\nn<\/p>\n<div class=\"d-inline-block inclusions-exclusions-text\">alkoholiniai g\u0117rimai (galima \u012fsigyti)<\/div>\n<p>n\n<\/p><\/div>\n<\/li>\n<p>n \t<\/p>\n<li>Piet\u016bs<\/li>\n<p>n<\/ol>\n<p>n&nbsp;<br \/>\nn<\/p>\n<h4><em><strong>I\u0161vykimas ir gr\u012f\u017eimas<\/strong><\/em><\/h4>\n<p>n<span style=\"font-weight: 400;\">Keliautojas gaus susitikimo viet\u0105 po rezervacijos proceso. Ekskursijos prasideda ir baigiasi m\u016bs\u0173 susitikimo vietose.<\/span><br \/>\nn<br \/>\nn&nbsp;<br \/>\nn<\/p>\n<h4><b><i>Ko tik\u0117tis?<\/i><\/b><\/h4>\n<p>nApsilankykite pirmajame \u201eZip Line\u201c ture Dominikos Respublikoje, kur\u012f suk\u016br\u0117 vienas labiausiai patyrusi\u0173 \u201eZip Lines\u201c grandini\u0173 k\u016br\u0117j\u0173 Kosta Rikoje ir sertifikavo ACCT (Association for Challenge Courses Technology). Pasigro\u017e\u0117kite nuostabiais kra\u0161tovaizd\u017eiais ir \u012fdomia kult\u016bra per 45 minutes iki m\u016bs\u0173 objekt\u0173.<br \/>\nn<br \/>\nnTen m\u016bs\u0173 profesional\u016bs baldakimo vadovai pasakys, k\u0105 reikia \u017einoti apie veikl\u0105 ir \u012frang\u0105. Po saugos instrukta\u017eo ir m\u016bs\u0173 mokyklos linijos esate pasiruo\u0161\u0119 pirmajai platformai. Saugiai pritvirtintas su laipiojimo \u012franga prie dvigubos linijos tros\u0173, tereikia \u0161okin\u0117ti ir m\u0117gautis va\u017eiavimu.<br \/>\nn<br \/>\nnEkskursija susideda i\u0161 12 linij\u0173, i\u0161d\u0117styt\u0173 tarp 18 platform\u0173. Kursui u\u017ebaigti prireiks nuo vienos valandos iki vienos valandos ir 30 minu\u010di\u0173, ta\u010diau nesijaudinkite, pirmieji laidai n\u0117ra labai ilgi ar greiti, kad sustiprintum\u0117te pasitik\u0117jim\u0105 savimi.<br \/>\nn<br \/>\nnPriva\u017eiav\u0119 prie 6 kabelio, galite pasiekti 55 km per valand\u0105 greit\u012f. Kabelis numeris 9 yra m\u016bs\u0173 auk\u0161\u010diausias, o kabelis 11 yra vienintelis \u0161alia esantis kabelis \u0161alyje, turintis 800 metr\u0173. Pabaigoje patiekiame \u0161vie\u017ei\u0173 vaisi\u0173.<br \/>\nn<br \/>\nn<strong>Tvarkara\u0161tis:<\/strong><br \/>\nn<br \/>\n7:00 \u2013 14:00\u2026 Laikas keistis priklausomai nuo to, ar Punta Kanoje esate.<br \/>\nn<br \/>\nn&nbsp;<br \/>\nn<\/p>\n<h4><em><strong>K\u0105 tur\u0117tum atsine\u0161ti?<\/strong><\/em><\/h4>\n<p>n<\/p>\n<ul>\nn \t<\/p>\n<li style=\"font-weight: 400;\"><span style=\"font-weight: 400;\">Fotoaparatas<\/span><\/li>\n<p>n \t<\/p>\n<li style=\"font-weight: 400;\"><span style=\"font-weight: 400;\">Atbaidantys pumpurai<\/span><\/li>\n<p>n \t<\/p>\n<li style=\"font-weight: 400;\"><span style=\"font-weight: 400;\">kremas nuo saul\u0117s<\/span><\/li>\n<p>n \t<\/p>\n<li style=\"font-weight: 400;\"><span style=\"font-weight: 400;\">Skryb\u0117l\u0117<\/span><\/li>\n<p>n \t<\/p>\n<li style=\"font-weight: 400;\"><span style=\"font-weight: 400;\">Patogios kelnes<\/span><\/li>\n<p>n \t<\/p>\n<li style=\"font-weight: 400;\"><span style=\"font-weight: 400;\">\u017dygio batai mi\u0161kui<\/span><\/li>\n<p>n \t<\/p>\n<li style=\"font-weight: 400;\"><span style=\"font-weight: 400;\">Sandalai \u012f papl\u016bdim\u012f<\/span><\/li>\n<p>n \t<\/p>\n<li style=\"font-weight: 400;\"><span style=\"font-weight: 400;\">Plaukimo apranga<\/span><\/li>\n<p>n \t<\/p>\n<li>Pinigai suvenyrams<\/li>\n<p>n<\/ul>\n<p>n&nbsp;<br \/>\nn<\/p>\n<h4><b><i>Vie\u0161bu\u010dio pa\u0117mimas <\/i><\/b><\/h4>\n<p>n<span style=\"font-weight: 400;\">Si\u016blomas keliautojo pasi\u0117mimas!<\/span><br \/>\nn<br \/>\nn<span style=\"font-weight: 400;\">Mes paimame i\u0161 vis\u0173 Punta Kanos vie\u0161bu\u010di\u0173. Pa\u0117mimo vieta yra vie\u0161bu\u010dio foj\u0117<br \/>\nnJei apsistojate \u0161iame rajone esan\u010diame bute, mes jus pasiimsime bute arba prie \u012f\u0117jimo \u012f artimiausi\u0105 kurort\u0105. Mes nustat\u0117me Pasiimti susisiek\u0119 su mumis per WhatsApp.<\/span><br \/>\nn<br \/>\nn<b>Pastaba:<\/b><span style=\"font-weight: 400;\"> Jei rezervuojate per 24 valandas nuo kelion\u0117s\/ekskursijos i\u0161vykimo laiko, mes galime susitarti d\u0117l pa\u0117mimo i\u0161 vie\u0161bu\u010dio su papildomais mokes\u010diais. Kai pirkimas bus baigtas, mes atsi\u0173sime jums vis\u0105 kontaktin\u0119 informacij\u0105 (telefono numer\u012f, el. pa\u0161to adres\u0105 ir kt.), skirt\u0105 m\u016bs\u0173 vietiniam kelioni\u0173 vadovui, kad gal\u0117tume susitarti d\u0117l pa\u0117mimo.<\/span><br \/>\nn<\/p>\n<h4><b><i>Papildomos informacijos patvirtinimas <\/i><\/b><\/h4>\n<p>n<\/p>\n<ol>\nn \t<\/p>\n<li>Bilietai yra kvitas apmok\u0117jus \u0161i\u0105 kelion\u0119. Mok\u0117jim\u0105 galite parodyti savo telefone.<\/li>\n<p>n \t<\/p>\n<li style=\"font-weight: 400;\"><span style=\"font-weight: 400;\">Susitikimo vieta bus gauta po rezervacijos proceso.<\/span><\/li>\n<p>n \t<\/p>\n<li style=\"font-weight: 400;\"><span style=\"font-weight: 400;\">pritaikyta ne\u012fgali\u0173j\u0173 ve\u017eim\u0117liui <\/span><\/li>\n<p>n \t<\/p>\n<li style=\"font-weight: 400;\"><span style=\"font-weight: 400;\">K\u016bdikiai turi s\u0117d\u0117ti ant keli\u0173 <\/span><\/li>\n<p>n \t<\/p>\n<li style=\"font-weight: 400;\"><span style=\"font-weight: 400;\">Dalyvauti gali dauguma keliautoj\u0173<\/span><\/li>\n<p>n \t<\/p>\n<li><strong>N\u0117\u0161\u010dia moteris<\/strong>\u00a0negali dalyvauti \u0161ioje veikloje.<\/li>\n<p>n<\/ol>\n<p>n<\/p>\n<h4><b><i>At\u0161aukimo politika<\/i><\/b><\/h4>\n<p>Nor\u0117dami susigr\u0105\u017einti visas l\u0117\u0161as, perskaitykite at\u0161aukimo politik\u0105\u00a0<a href=\"https:\/\/www.boattoursamana.com\/lt\/uzsakymas-internetu\/\" target=\"_blank\" rel=\"noopener\" data-saferedirecturl=\"https:\/\/www.google.com\/url?q=https:\/\/www.boattoursamana.com\/online-booking\/&amp;source=gmail&amp;ust=1672449202351000&amp;usg=AOvVaw1yAeVAPktmaVCqDujgUn90\">Paspauskite \u010dia<\/a>. L\u0117\u0161os bus prarastos, jei rezervacija bus at\u0161aukta t\u0105 pa\u010di\u0105 kelion\u0117s dien\u0105.<\/p>\n\n\t\t<\/div>\n\t<\/div>\n<div class=\"vc_btn3-container vc_btn3-inline\" ><button class=\"vc_general vc_btn3 vc_btn3-size-md vc_btn3-shape-rounded vc_btn3-style-modern vc_btn3-color-green\">U\u017dSAKYTI DABAR<\/button><\/div><\/div><\/div><\/div><\/div><div class=\"vc_row wpb_row vc_row-fluid\" ><div class=\"wpb_column vc_column_container vc_col-sm-12\"><div class=\"vc_column-inner\"><div class=\"wpb_wrapper\">\n\t<div class=\"wpb_text_column wpb_content_element\" >\n\t\t<div class=\"wpb_wrapper\">\n\t\t\t<p>\nn<\/p>\n<h4>Susisiekite su mumis?<\/h4>\n<p>n<\/p>\n<h5><em><strong>Nuotyki\u0173 u\u017esakymas<\/strong><\/em><\/h5>\n<p>n<em><strong>Vietiniai<\/strong> ir <strong>Tautie\u010diai<\/strong> Gidai ir sve\u010di\u0173 paslaugos<\/em><br \/>\nn<br \/>\nn<span class=\"text-turquoise\">Rezervacijos:<\/span> Ekskursijos ir ekskursijos Dom. Rep.<\/p>\n\n\t\t<\/div>\n\t<\/div>\n<\/div><\/div><\/div><\/div><div class=\"vc_row wpb_row vc_row-fluid\" ><div class=\"wpb_column vc_column_container vc_col-sm-12\"><div class=\"vc_column-inner\"><div class=\"wpb_wrapper\"><div class=\"vc_empty_space\"   style=\"height: 32px\"><span class=\"vc_empty_space_inner\"><\/span><\/div>\n\t<div class=\"wpb_text_column wpb_content_element\" >\n\t\t<div class=\"wpb_wrapper\">\n\t\t\t<p>\nn<\/p>\n<h4>Susisiekite su mumis?<\/h4>\n<p>n<\/p>\n<h5>Nuotyki\u0173 u\u017esakymas<\/h5>\n<p>n<em><strong>Vietiniai<\/strong>\u00a0ir\u00a0<strong>Tautie\u010diai<\/strong>\u00a0Gidai ir sve\u010di\u0173 paslaugos<\/em><br \/>\nn<br \/>\nn<span class=\"text-turquoise\">Rezervacijos:<\/span>\u00a0Ekskursijos ir ekskursijos Dom. Rep.<br \/>\nn<br \/>\nn<img decoding=\"async\" class=\"emoji\" draggable=\"false\" src=\"https:\/\/s.w.org\/images\/core\/emoji\/11.2.0\/svg\/1f4de.svg\" alt=\" \" title=\"\">\u00a0Tel \/ Whatsapp\u00a0\u00a0<a href=\"tel:+1-809-720-6035\">+1-809-720-6035<\/a>.<br \/>\nn<br \/>\nn<img decoding=\"async\" class=\"emoji\" draggable=\"false\" src=\"https:\/\/s.w.org\/images\/core\/emoji\/11.2.0\/svg\/1f4e9.svg\" alt=\" \" title=\"\">\u00a0<a href=\"mailto:info@bookingadventures.com.do\">info@bookingadventures.com.do<\/a><br \/>\nn<br \/>\nn<strong>Mes lanks\u010diai nustatome priva\u010dias \u201eWhatsapp\u201c keliones:\u00a0<a href=\"tel:+18097206035\">+18097206035.<\/a><\/strong><\/p>\n\n\t\t<\/div>\n\t<\/div>\n<div class=\"vc_empty_space\"   style=\"height: 32px\"><span class=\"vc_empty_space_inner\"><\/span><\/div><\/div><\/div><\/div><\/div><div class=\"vc_row wpb_row vc_row-fluid\" ><div class=\"wpb_column vc_column_container vc_col-sm-12\"><div class=\"vc_column-inner\"><div class=\"wpb_wrapper\"><div class=\"vc_btn3-container vc_btn3-inline\" ><button class=\"vc_general vc_btn3 vc_btn3-size-md vc_btn3-shape-rounded vc_btn3-style-modern vc_btn3-color-green\">U\u017dSAKYTI DABAR<\/button><\/div><\/div><\/div><\/div><\/div>","protected":false},"excerpt":{"rendered":"<p>For the ultimate adventure in Punta Cana, try our 12-line zip line course! Our mountain course also has 18 platforms and is home to the two longest lines in the Dominican Republic and in the Caribbean. You\u2019re safely attached with climbing gear to the double line cables with the longest one being 800 meters long! n nPlease Select date for The Tour\u00a0 &nbsp;<\/p>","protected":false},"author":2,"featured_media":0,"parent":0,"menu_order":0,"comment_status":"open","ping_status":"closed","template":"","meta":{"footnotes":""},"class_list":["post-15862","page","type-page","status-publish","hentry"],"_links":{"self":[{"href":"https:\/\/www.boattoursamana.com\/lt\/wp-json\/wp\/v2\/pages\/15862","targetHints":{"allow":["GET"]}}],"collection":[{"href":"https:\/\/www.boattoursamana.com\/lt\/wp-json\/wp\/v2\/pages"}],"about":[{"href":"https:\/\/www.boattoursamana.com\/lt\/wp-json\/wp\/v2\/types\/page"}],"author":[{"embeddable":true,"href":"https:\/\/www.boattoursamana.com\/lt\/wp-json\/wp\/v2\/users\/2"}],"replies":[{"embeddable":true,"href":"https:\/\/www.boattoursamana.com\/lt\/wp-json\/wp\/v2\/comments?post=15862"}],"version-history":[{"count":0,"href":"https:\/\/www.boattoursamana.com\/lt\/wp-json\/wp\/v2\/pages\/15862\/revisions"}],"wp:attachment":[{"href":"https:\/\/www.boattoursamana.com\/lt\/wp-json\/wp\/v2\/media?parent=15862"}],"curies":[{"name":"wp","href":"https:\/\/api.w.org\/{rel}","templated":true}]}}