{"id":15863,"date":"2023-07-15T07:45:08","date_gmt":"2023-07-15T07:45:08","guid":{"rendered":"https:\/\/www.ticketswhales.com\/las-terrenas-atv-samana-adventures-atv-tours-excursions-in-coffee-trail-cultural-tour\/"},"modified":"2023-07-15T07:45:08","modified_gmt":"2023-07-15T07:45:08","slug":"las-terrenas-atv-samana-adventures-atv-tours-excursions-in-coffee-trail-cultural-tour","status":"publish","type":"page","link":"https:\/\/www.boattoursamana.com\/lt\/las-terrenas-atv-samana-nuotykiai-atv-turai-ekskursijos-kavos-takas-kulturinis-turas","title":{"rendered":"Las Terrenas: ATV Saman\u00e1 Adventures \u2013 ATV turai ir ekskursijos Coffee Trail kult\u016briniame ture"},"content":{"rendered":"<div class=\"ui_columns is-desktop\">\nn<\/p>\n<div class=\"ui_column\">\nn<br \/>\nn\u0160i ATV patirtis prasideda El LImon bendruomen\u0117je. Per pirm\u0105j\u0105 dienos dal\u012f atrasite \u201e<b>\u201eRuta del Caf\u00e9\u201c.<\/b>\u201c ant keturra\u010dio ir jo gra\u017eios bei i\u0161saugotos gamtos. Pirma stotel\u0117 bus adresu\u00a0<b>Parada del kavin\u0117\u00a0<\/b>kur Olivo ir jo \u0161eima parodys jums naudojamus amatinink\u0173 metodus\u00a0<strong>kava ir kakava<\/strong>. A\u00a0<b>degustacija<\/b>\u00a0planuojama, bet tik patiems godiausiems !!!<br \/>\nn<br \/>\nnKelyje taip pat sustosite prie\u00a0<b>cigar\u0173 gamykla<\/b>\u00a0o pietums a\u00a0<b>Dominikon\u0173 valgis<\/b> tipi\u0161koje Ran\u010doje. Pavalg\u0119 t\u0119site keli\u0105 \u012f nuostab\u0173 papl\u016bdim\u012f\u00a0<strong>Kvailys<\/strong>\u00a0su<b>\u00a0\u017eol\u0117 iki kra\u0161to<\/b><b>\u00a0, jo kri\u0161tolo ir nepaliest\u0173 vanden\u0173\u00a0<\/b>kur jums patiks\u00a0<b>plaukti <\/b>\u017dygiai ir plaukimas su saugos \u012franga, kad patirtum\u0117te geriausi\u0105 vis\u0173 laik\u0173 patirt\u012f!!<br \/>\nn<br \/>\nn<\/div>\n<p>n<\/p><\/div>\n<p>n&nbsp;<br \/>\nn<br \/>\nn<strong>Pra\u0161ome pasirinkti kelion\u0117s dat\u0105:\u00a0<\/strong><\/p>\n<p>&nbsp;<\/p>\n<div class=\"vc_row wpb_row vc_row-fluid\" ><div class=\"wpb_column vc_column_container vc_col-sm-12\"><div class=\"vc_column-inner\"><div class=\"wpb_wrapper\"><div class=\"mkdf-section-title-holder\" style=\"text-align: left\">\n\t<div class=\"mkdf-st-inner\">\n\t\t\t\t\t<h5 class=\"mkdf-st-subtitle\" >\n\t\t\t\t\u012e kain\u0105 \u012fskai\u010diuoti piet\u016bs papl\u016bdimyje\t\t\t<\/h5>\n\t\t\t\t\t\t\t<h3 class=\"mkdf-st-title\" >\n\t\t\t\tATV Samana Adventures \u2013 ekskursijos keturra\u010diais ir ekskursijos Coffee Trail Cultural Tour\t\t\t<\/h3>\n\t\t\t\t\t<\/div>\n<\/div><\/div><\/div><\/div><\/div><div class=\"vc_row wpb_row vc_row-fluid\" ><div class=\"wpb_column vc_column_container vc_col-sm-12\"><div class=\"vc_column-inner\"><div class=\"wpb_wrapper\"><div class=\"vc_btn3-container vc_btn3-inline\" ><button class=\"vc_general vc_btn3 vc_btn3-size-md vc_btn3-shape-rounded vc_btn3-style-modern vc_btn3-color-green\">U\u017dSAKYTI DABAR<\/button><\/div>\n\t<div class=\"wpb_text_column wpb_content_element\" >\n\t\t<div class=\"wpb_wrapper\">\n\t\t\t<p>\nn<\/p>\n<h3 class=\"ui_header h1 attractions-product-info-ProductTitle__title--1qM0o\">ATV Samana Adventures \u2013 ATV ekskursijos ir ekskursijos Coffee Trail Cultural Tour.<\/h3>\n<p>n<\/p>\n<h4><b><i>Ap\u017evalga <\/i><\/b><\/h4>\n<p>n\u012esigykite bilietus \u012f pus\u0117s dienos ekskursij\u0105 \u012f Saman\u0105 per ATV Tours.<br \/>\nn<br \/>\nn\u00a0<strong>ATV kavos tako kult\u016brin\u0117 kelion\u0117<\/strong> yra puikus adrenalino, gamtos ir kult\u016bros derinys. Va\u017eiuokite palei kavin\u0119 Ruta del Caf\u00e9, smagiai m\u0117gaukit\u0117s purvinais keliais va\u017eiuodami keturra\u010diu, atrasdami Samanos kaim\u0105 ir Dominikos kult\u016br\u0105 bei gyvenimo b\u016bd\u0105.<br \/>\nn<br \/>\nEkskursija nuves jus kaimo keliais, apsodintais kakavos ir kavos laukais, atsiverian\u010diais \u012fsp\u016bdingais Samanos \u012flankos vaizdais ir vietiniais \u016bkiais. Sustosime klasikiniame kaln\u0173 \u016bkyje, praleisdami laik\u0105 su \u016bkinink\u0173 \u0161eima. Gal\u0117site paragauti kai kuri\u0173 j\u0173 gaminam\u0173 produkt\u0173 ir apsilankyti j\u0173 \u016bkyje, su\u017einoti apie ekologin\u012f \u016bkininkavim\u0105 ir augalus.<br \/>\nn<br \/>\nn&nbsp;<br \/>\nn<\/p>\n<h4><b>\u012etraukimai ir i\u0161imtys<\/b><\/h4>\n<p>n&nbsp;<br \/>\nn<br \/>\nn<b>Inkliuzai<\/b><br \/>\nn<\/p>\n<ol>\nn \t<\/p>\n<li style=\"font-weight: 400;\">ATV 2 \u017emon\u0117s viename.<\/li>\n<p>n \t<\/p>\n<li>Piet\u016bs kaimo pus\u0117je<\/li>\n<p>n \t<\/p>\n<li style=\"font-weight: 400;\"><span style=\"font-weight: 400;\">Visi mokes\u010diai, rinkliavos ir tvarkymo mokes\u010diai<\/span><\/li>\n<p>n \t<\/p>\n<li style=\"font-weight: 400;\"><span style=\"font-weight: 400;\">Vietiniai mokes\u010diai<\/span><\/li>\n<p>n \t<\/p>\n<li style=\"font-weight: 400;\"><span style=\"font-weight: 400;\">G\u0117rimai<\/span><\/li>\n<p>n \t<\/p>\n<li>U\u017ekand\u017eiai<\/li>\n<p>n \t<\/p>\n<li>Limono kriokli\u0173 lankymas<\/li>\n<p>n \t<\/p>\n<li style=\"font-weight: 400;\"><span style=\"font-weight: 400;\">Visa veikla<\/span><\/li>\n<p>n \t<\/p>\n<li style=\"font-weight: 400;\"><span style=\"font-weight: 400;\">Vietinis gidas<\/span><\/li>\n<p>n<\/ol>\n<p>n<b> I\u0161imtys<\/b><br \/>\nn<\/p>\n<ol>\nn \t<\/p>\n<li style=\"font-weight: 400;\"><span style=\"font-weight: 400;\">Arbatpinigiai<\/span><\/li>\n<p>n \t<\/p>\n<li>perve\u017eimas i\u0161 vie\u0161bu\u010di\u0173 (Nustatoma susisiekus su mumis).<\/li>\n<p>n \t<\/p>\n<li style=\"font-weight: 400;\"><span style=\"font-weight: 400;\">Alkoholiniai g\u0117rimai<\/span><\/li>\n<p>n<\/ol>\n<p>n&nbsp;<br \/>\nn<\/p>\n<h4><em><strong>I\u0161vykimas ir gr\u012f\u017eimas<\/strong><\/em><\/h4>\n<p>n<span style=\"font-weight: 400;\">Keliautojas gaus susitikimo viet\u0105 po rezervacijos proceso. Ekskursijos prasideda ir baigiasi m\u016bs\u0173 susitikimo vietose.<\/span><br \/>\nn<\/p>\n<h4><\/h4>\n<p>n<\/p>\n<h3 class=\"ui_header h1 attractions-product-info-ProductTitle__title--1qM0o\">A<\/h3>\n<p>n<\/p>\n<h4><b><i>Ko tik\u0117tis?<\/i><\/b><\/h4>\n<p>n<\/p>\n<div data-tab=\"TABS_WHAT_TO_EXPECT\">\nn<\/p>\n<div class=\"ui_card attractions-card-CollapsibleProductDetailsCard__cardContainer--3r2wk attractions-card-CollapsibleProductDetailsCard__cleanslateOverrideDT--2AJh0\">\nn<\/p>\n<div class=\"attractions-card-CollapsibleCard__header--IDA3r\">\nn<\/p>\n<div class=\"attractions-card-CollapsibleCard__headerSection--3gTKb\"><\/div>\n<p>n\n<\/p><\/div>\n<p>n<\/p>\n<div class=\"attractions-card-CollapsibleCard__content--2Ws8q\">\nn<\/p>\n<div class=\"attractions-card-CollapsibleCard__contentWrap--374jk attractions-card-CollapsibleCard__titleUnderline--1uHze\">\nn<\/p>\n<div class=\"attractions-card-CollapsibleProductDetailsCard__cardContent--23ext\">\nn<\/p>\n<div class=\"common-text-ReadMore__readMore--3Iu8c common-text-ReadMore__variantFadeOut--1tInd\">\nn<\/p>\n<div class=\"common-text-ReadMore__content--2X4LR\">\nn<\/p>\n<div class=\"ui_columns is-desktop\">\nn<\/p>\n<div class=\"ui_column\">\nn<br \/>\nKaip prad\u0117ti savo ATV. Pamatysite skirtum\u0105 tarp Las Terrenas, judrios papl\u016bdimio paskirties vietos, ir kaimo vietov\u0117s su \u0161variu oru ir l\u0117tu gyvenimo b\u016bdu. Jei norite, \u016bkininkai parodys, kaip i\u0161 med\u017eio gaminama kava ar kakava. prie tavo stalo. Tada galite gurk\u0161noti puodel\u012f kavos ar kar\u0161tos kakavos. Nesijaudinkite, jei nekalbate ispani\u0161kai, m\u016bs\u0173 vietinis kelioni\u0173 vadovas visk\u0105 i\u0161vers u\u017e jus. Kita stotel\u0117 \u2013 nedidelis Samanos \u012flankos papl\u016bdimys, kuriame gal\u0117site i\u0161simaudyti ir trumpam atsiv\u0117sinti. Pakeliui praeisime per daugyb\u0119 lauk\u0173, \u016bki\u0173 ir ap\u017evalgos ta\u0161k\u0173.<br \/>\nn<br \/>\nnTen galime surengti \u0161vie\u017ei\u0173 j\u016bros g\u0117rybi\u0173 ar \u017euvies ir vietini\u0173 dar\u017eovi\u0173 bei vaisi\u0173 i\u0161kyl\u0105.<br \/>\nn<br \/>\nn<\/div>\n<p>n\n<\/p><\/div>\n<p>n<\/p>\n<div class=\"ui_columns is-desktop\">\nn<\/p>\n<div class=\"ui_column\">\nn<br \/>\nDid\u017eioji kelion\u0117s dalis \u2013 purvinais keliais, ten labai smagu va\u017eiuoti keturra\u010diu, auk\u0161tyn ir \u017eemyn, per nelygumus ir duobes. Jei 100% jums n\u0117ra patogu vairuoti keturrat\u012f arba greitis jums netinka, nesijaudinkite, galite va\u017eiuoti l\u0117tai (daugiau laiko m\u0117gautis vaizdu!) arba va\u017eiuoti su kuo nors, dauguma keturra\u010di\u0173 gali s\u0117d\u0117ti du \u017emon\u0117s. Vairuoti keturrat\u012f yra gana paprasta ir net jei tai j\u016bs\u0173 pirmas kartas, tur\u0117tum\u0117te gana greitai tai suprasti.<br \/>\nn<br \/>\nnPaprastai kelion\u0117 trunka pus\u0119 dienos, ta\u010diau galime suplanuoti ir visos dienos tur\u0105, gilindami \u012f Samanos kalnus ir ve\u0161lias d\u017eiungles, pakeliui ap\u017ei\u016br\u0117dami atokesnius papl\u016bdimius ir kaimus. Gr\u012f\u017edami galime sustoti ties\u00a0<strong>El Limon krioklys<\/strong>, tik 30 minu\u010di\u0173 kelio p\u0117s\u010diomis nuo pagrindinio kelio.<br \/>\nn<br \/>\nn<\/div>\n<p>n\n<\/p><\/div>\n<p>n\n<\/p><\/div>\n<p>n\n<\/p><\/div>\n<p>n\n<\/p><\/div>\n<p>n\n<\/p><\/div>\n<p>n\n<\/p><\/div>\n<p>n\n<\/p><\/div>\n<p>n\n<\/p><\/div>\n<p>n<\/p>\n<h4><em><strong>K\u0105 tur\u0117tum atsine\u0161ti?<\/strong><\/em><\/h4>\n<p>n<\/p>\n<ul>\nn \t<\/p>\n<li style=\"font-weight: 400;\"><span style=\"font-weight: 400;\">Fotoaparatas<\/span><\/li>\n<p>n \t<\/p>\n<li style=\"font-weight: 400;\"><span style=\"font-weight: 400;\">Atbaidantys pumpurai<\/span><\/li>\n<p>n \t<\/p>\n<li style=\"font-weight: 400;\"><span style=\"font-weight: 400;\">Kremas nuo saul\u0117s<\/span><\/li>\n<p>n \t<\/p>\n<li style=\"font-weight: 400;\"><span style=\"font-weight: 400;\">Skryb\u0117l\u0117<\/span><\/li>\n<p>n \t<\/p>\n<li style=\"font-weight: 400;\"><span style=\"font-weight: 400;\">Patogios kelnes<\/span><\/li>\n<p>n \t<\/p>\n<li style=\"font-weight: 400;\"><span style=\"font-weight: 400;\">\u017dygio batai mi\u0161kui<\/span><\/li>\n<p>n \t<\/p>\n<li style=\"font-weight: 400;\"><span style=\"font-weight: 400;\">Sandalai pavasario zonoms.<\/span><\/li>\n<p>n \t<\/p>\n<li style=\"font-weight: 400;\"><span style=\"font-weight: 400;\">Plaukimo apranga<\/span><\/li>\n<p>n<\/ul>\n<p>n&nbsp;<br \/>\nn<\/p>\n<h4><b><i>Vie\u0161bu\u010dio pa\u0117mimas <\/i><\/b><\/h4>\n<p>n<span style=\"font-weight: 400;\">\u0160ios kelion\u0117s metu perve\u017eimas \u012f vie\u0161but\u012f nesi\u016blomas. Mes nustat\u0117me, kad atsi\u0117mimas susisiekt\u0173 su mumis per Whatsapp.<\/span><br \/>\nn<br \/>\nn&nbsp;<br \/>\nn<br \/>\nn<b>Pastaba:<\/b><span style=\"font-weight: 400;\"> Jei rezervuojate per 24 valandas nuo kelion\u0117s\/ekskursijos i\u0161vykimo laiko, mes galime susitarti d\u0117l pa\u0117mimo i\u0161 vie\u0161bu\u010dio su papildomais mokes\u010diais. Kai pirkimas bus baigtas, mes atsi\u0173sime jums vis\u0105 kontaktin\u0119 informacij\u0105 (telefono numer\u012f, el. pa\u0161to adres\u0105 ir kt.), skirt\u0105 m\u016bs\u0173 vietiniam kelioni\u0173 vadovui, kad gal\u0117tume susitarti d\u0117l pa\u0117mimo.<\/span><br \/>\nn<\/p>\n<h4><b><i>Papildomos informacijos patvirtinimas <\/i><\/b><\/h4>\n<p>n<\/p>\n<ol>\nn \t<\/p>\n<li>Bilietai yra kvitas apmok\u0117jus \u0161i\u0105 kelion\u0119. Mok\u0117jim\u0105 galite parodyti savo telefone.<\/li>\n<p>n \t<\/p>\n<li style=\"font-weight: 400;\"><span style=\"font-weight: 400;\">Susitikimo vieta bus gauta po rezervacijos proceso.<\/span><\/li>\n<p>n \t<\/p>\n<li style=\"font-weight: 400;\"><span style=\"font-weight: 400;\">Vaikus turi lyd\u0117ti suaug\u0119s asmuo.<\/span><\/li>\n<p>n \t<\/p>\n<li style=\"font-weight: 400;\"><span style=\"font-weight: 400;\"> Nepritaikoma ne\u012fgaliojo ve\u017eim\u0117liu <\/span><\/li>\n<p>n \t<\/p>\n<li style=\"font-weight: 400;\"><span style=\"font-weight: 400;\">K\u016bdikiai turi s\u0117d\u0117ti ant keli\u0173 <\/span><\/li>\n<p>n \t<\/p>\n<li style=\"font-weight: 400;\"><span style=\"font-weight: 400;\">Nerekomenduojama keliautojams, turintiems nugaros problem\u0173<\/span><\/li>\n<p>n \t<\/p>\n<li style=\"font-weight: 400;\"><span style=\"font-weight: 400;\">Nerekomenduojama besilaukian\u010dioms keliautojoms <\/span><\/li>\n<p>n \t<\/p>\n<li style=\"font-weight: 400;\"><span style=\"font-weight: 400;\"> Joki\u0173 \u0161irdies problem\u0173 ar kit\u0173 rimt\u0173 sveikatos sutrikim\u0173 <\/span><\/li>\n<p>n \t<\/p>\n<li style=\"font-weight: 400;\"><span style=\"font-weight: 400;\">Dalyvauti gali dauguma keliautoj\u0173<\/span><\/li>\n<p>n<\/ol>\n<p>n<\/p>\n<h4><b><i>At\u0161aukimo politika<\/i><\/b><\/h4>\n<p>Nor\u0117dami susigr\u0105\u017einti visas l\u0117\u0161as, perskaitykite at\u0161aukimo politik\u0105\u00a0<a href=\"https:\/\/www.boattoursamana.com\/lt\/uzsakymas-internetu\/\" target=\"_blank\" rel=\"noopener\" data-saferedirecturl=\"https:\/\/www.google.com\/url?q=https:\/\/www.boattoursamana.com\/online-booking\/&amp;source=gmail&amp;ust=1672449202351000&amp;usg=AOvVaw1yAeVAPktmaVCqDujgUn90\">Paspauskite \u010dia<\/a>. L\u0117\u0161os bus prarastos, jei rezervacija bus at\u0161aukta t\u0105 pa\u010di\u0105 kelion\u0117s dien\u0105.<\/p>\n\n\t\t<\/div>\n\t<\/div>\n<div class=\"vc_btn3-container vc_btn3-inline\" ><button class=\"vc_general vc_btn3 vc_btn3-size-md vc_btn3-shape-rounded vc_btn3-style-modern vc_btn3-color-green\">U\u017dSAKYTI DABAR<\/button><\/div><\/div><\/div><\/div><\/div><div class=\"vc_row wpb_row vc_row-fluid\" ><div class=\"wpb_column vc_column_container vc_col-sm-12\"><div class=\"vc_column-inner\"><div class=\"wpb_wrapper\">\n\t<div class=\"wpb_video_widget wpb_content_element vc_clearfix   vc_video-aspect-ratio-169 vc_video-el-width-100 vc_video-align-left\" >\n\t\t<div class=\"wpb_wrapper\">\n\t\t\t<h2 class=\"wpb_heading wpb_video_heading\">Samana su rezervavimo nuotykiais:<\/h2>\n\t\t\t<div class=\"wpb_video_wrapper\"><iframe loading=\"lazy\" title=\"Dominikos kelion\u0117s tikslas Samana Zipline, ATV ekskursijos\" width=\"1100\" height=\"619\" src=\"https:\/\/www.youtube.com\/embed\/8Ybh1xtnr2M?feature=oembed\" frameborder=\"0\" allow=\"accelerometer; autoplay; clipboard-write; encrypted-media; gyroscope; picture-in-picture; web-share\" allowfullscreen><\/iframe><\/div>\n\t\t<\/div>\n\t<\/div>\n<\/div><\/div><\/div><\/div><div class=\"vc_row wpb_row vc_row-fluid\" ><div class=\"wpb_column vc_column_container vc_col-sm-12\"><div class=\"vc_column-inner\"><div class=\"wpb_wrapper\"><div class=\"vc_empty_space\"   style=\"height: 32px\"><span class=\"vc_empty_space_inner\"><\/span><\/div>\n\t<div class=\"wpb_text_column wpb_content_element\" >\n\t\t<div class=\"wpb_wrapper\">\n\t\t\t<p>\nn<\/p>\n<h4>Susisiekite su mumis?<\/h4>\n<p>n<\/p>\n<h5><em><strong>Nuotyki\u0173 u\u017esakymas<\/strong><\/em><\/h5>\n<p>n<em><strong>Vietiniai<\/strong>\u00a0ir\u00a0<strong>Tautie\u010diai<\/strong>\u00a0Gidai ir sve\u010di\u0173 paslaugos<\/em><br \/>\nn<br \/>\nn<span class=\"text-turquoise\">Rezervacijos:<\/span>\u00a0Ekskursijos ir ekskursijos Dom. Rep.<br \/>\nn<br \/>\nn<img decoding=\"async\" class=\"emoji\" draggable=\"false\" src=\"https:\/\/s.w.org\/images\/core\/emoji\/11.2.0\/svg\/1f4de.svg\" alt=\" \" title=\"\">\u00a0Tel \/ Whatsapp\u00a0\u00a0<a href=\"tel:+1-809-720-6035\">+1-809-720-6035<\/a>.<br \/>\nn<br \/>\nn<img decoding=\"async\" class=\"emoji\" draggable=\"false\" src=\"https:\/\/s.w.org\/images\/core\/emoji\/11.2.0\/svg\/1f4e9.svg\" alt=\" \" title=\"\">\u00a0<a href=\"mailto:info@bookingadventures.com.do\">info@bookingadventures.com.do<\/a><br \/>\nn<br \/>\nn<strong>Mes lanks\u010diai nustatome priva\u010dias \u201eWhatsapp\u201c keliones:\u00a0<a href=\"tel:+18097206035\">+18097206035.<\/a><\/strong><\/p>\n\n\t\t<\/div>\n\t<\/div>\n<div class=\"vc_empty_space\"   style=\"height: 32px\"><span class=\"vc_empty_space_inner\"><\/span><\/div><\/div><\/div><\/div><\/div><div class=\"vc_row wpb_row vc_row-fluid\" ><div class=\"wpb_column vc_column_container vc_col-sm-12\"><div class=\"vc_column-inner\"><div class=\"wpb_wrapper\"><div class=\"vc_btn3-container vc_btn3-inline\" ><button class=\"vc_general vc_btn3 vc_btn3-size-md vc_btn3-shape-rounded vc_btn3-style-modern vc_btn3-color-green\">U\u017dSAKYTI DABAR<\/button><\/div><\/div><\/div><\/div><\/div>","protected":false},"excerpt":{"rendered":"<p>n n nThis experience in Atv starts in El LImon comunity.During the first part of the day, you will discover the \u201cRuta del Caf\u00e9\u201d on quad and its beautiful and preserved nature. The first stop will be at\u00a0 the\u00a0Parada del caf\u00e9\u00a0where Olivo and his family will show you the artisanal methods they use for\u00a0coffee and cocoa. A\u00a0tasting\u00a0is planned, but only for the greediest !!! n nOn the way, you will also stop at the\u00a0cigars factory\u00a0and for lunch a\u00a0Dominican meal in [&hellip;]<\/p>\n","protected":false},"author":2,"featured_media":0,"parent":0,"menu_order":0,"comment_status":"open","ping_status":"closed","template":"","meta":{"footnotes":""},"class_list":["post-15863","page","type-page","status-publish","hentry"],"_links":{"self":[{"href":"https:\/\/www.boattoursamana.com\/lt\/wp-json\/wp\/v2\/pages\/15863","targetHints":{"allow":["GET"]}}],"collection":[{"href":"https:\/\/www.boattoursamana.com\/lt\/wp-json\/wp\/v2\/pages"}],"about":[{"href":"https:\/\/www.boattoursamana.com\/lt\/wp-json\/wp\/v2\/types\/page"}],"author":[{"embeddable":true,"href":"https:\/\/www.boattoursamana.com\/lt\/wp-json\/wp\/v2\/users\/2"}],"replies":[{"embeddable":true,"href":"https:\/\/www.boattoursamana.com\/lt\/wp-json\/wp\/v2\/comments?post=15863"}],"version-history":[{"count":0,"href":"https:\/\/www.boattoursamana.com\/lt\/wp-json\/wp\/v2\/pages\/15863\/revisions"}],"wp:attachment":[{"href":"https:\/\/www.boattoursamana.com\/lt\/wp-json\/wp\/v2\/media?parent=15863"}],"curies":[{"name":"wp","href":"https:\/\/api.w.org\/{rel}","templated":true}]}}