{"id":11388,"date":"2020-07-10T16:02:03","date_gmt":"2020-07-10T16:02:03","guid":{"rendered":"https:\/\/www.ticketswhales.com\/?post_type=product&#038;p=11388"},"modified":"2023-11-10T16:05:35","modified_gmt":"2023-11-10T16:05:35","slug":"private-tour-to-los-haitises-national-park-from-samana-port-bacardi-island-cayo-levantado","status":"publish","type":"product","link":"https:\/\/www.boattoursamana.com\/lt\/turas\/privati-kelione-i-los-haitises-nacionalini-parka-is-samanos-uosto-bacardi-salos-cayo-levantado","title":{"rendered":"Privati kelion\u0117 \u012f Los Haitises nacionalin\u012f park\u0105 i\u0161 Samanos uosto + Bacardi salos (Cayo Levantado)"},"content":{"rendered":"<div class=\"vc_row wpb_row vc_row-fluid\" ><div class=\"wpb_column vc_column_container vc_col-sm-12\"><div class=\"vc_column-inner\"><div class=\"wpb_wrapper\"><div class=\"mkdf-section-title-holder\" style=\"text-align: left\">\n\t<div class=\"mkdf-st-inner\">\n\t\t\t\t\t<h5 class=\"mkdf-st-subtitle\" >\n\t\t\t\tEkologin\u0117s kelion\u0117s su vietiniais\t\t\t<\/h5>\n\t\t\t\t\t\t\t<h3 class=\"mkdf-st-title\" >\n\t\t\t\tEkskursija laivu Los Haitises nacionaliniame parke + Cayo Levantado sala\t\t\t<\/h3>\n\t\t\t\t\t<\/div>\n<\/div><\/div><\/div><\/div><\/div><div class=\"vc_row wpb_row vc_row-fluid\" ><div class=\"wpb_column vc_column_container vc_col-sm-12\"><div class=\"vc_column-inner\"><div class=\"wpb_wrapper\"><div class=\"vc_btn3-container vc_btn3-inline\" ><a class=\"vc_general vc_btn3 vc_btn3-size-md vc_btn3-shape-rounded vc_btn3-style-modern vc_btn3-color-green\" href=\"https:\/\/bookingadventures.tours\/booking.php?tour_id=b14bbd649a93d7d6554fcd137ba2571c\" title=\"\" rel=\"noopener\">U\u017dSAKYTI DABAR<\/a><\/div>\n\t<div class=\"wpb_text_column wpb_content_element\" >\n\t\t<div class=\"wpb_wrapper\">\n\t\t\t<h4><\/h4>\n<h2>Ekskursija \u012f Los Haitises nacionalin\u012f park\u0105 i\u0161 Samanos uosto + Bacardi salos (Cayo Levantado)<\/h2>\n<h4><b><i>Ap\u017evalga <\/i><\/b><\/h4>\n<p>Los Haitises nacionalinis parkas prasideda nuo Samanos uosto ir piet\u016bs Bacardi saloje. Atvykite su mumis ir aplankykite gra\u017eiausi\u0105 Dominikos Respublikos nacionalin\u012f park\u0105, aplankykite mangroves, urvus ir San Lorenzo \u012flank\u0105 bei kirskite nuostabi\u0105 Samanos \u012flank\u0105. Tada gr\u012f\u017ekite \u012f Samanos rajon\u0105 ir aplankykite Bacardi sal\u0105, papietaukite papl\u016bdimyje ir maudykit\u0117s viename gra\u017eiausi\u0173 Samanos \u012flankos papl\u016bdimi\u0173.<\/p>\n<p>Po \u0161ios patirties gr\u012f\u0161ite \u012f Samanos uost\u0105.<\/p>\n<ul>\n<li style=\"font-weight: 400;\">Mokes\u010diai \u012fskai\u010diuoti<\/li>\n<li>\u012e kain\u0105 \u012fskai\u010diuoti piet\u016bs Bacardi saloje<\/li>\n<li style=\"font-weight: 400;\"><span style=\"font-weight: 400;\">Vadove pateikiami nurodymai ir prie\u017ei\u016bra<\/span><\/li>\n<\/ul>\n<p>&nbsp;<\/p>\n<h4><b>\u012etraukimai ir i\u0161imtys<\/b><\/h4>\n<p><b>Inkliuzai<\/b><\/p>\n<ol>\n<li style=\"font-weight: 400;\">Los Haitises turas + urvai ir piktogramos<\/li>\n<li>Piet\u016bs Cayo Levantado (Bacardi sala), jei jums patiks pana\u0161i kelion\u0117: Los Haitises + Ca\u00f1o Hondo<\/li>\n<li style=\"font-weight: 400;\"><span style=\"font-weight: 400;\">Visi mokes\u010diai, rinkliavos ir tvarkymo mokes\u010diai<\/span><\/li>\n<li style=\"font-weight: 400;\"><span style=\"font-weight: 400;\">Vietiniai mokes\u010diai<\/span><\/li>\n<li style=\"font-weight: 400;\"><span style=\"font-weight: 400;\">G\u0117rimai<\/span><\/li>\n<li style=\"font-weight: 400;\"><span style=\"font-weight: 400;\">Visa veikla<\/span><\/li>\n<li style=\"font-weight: 400;\"><span style=\"font-weight: 400;\">Vietinis gidas<\/span><\/li>\n<\/ol>\n<p><b> I\u0161imtys<\/b><\/p>\n<ol>\n<li style=\"font-weight: 400;\"><span style=\"font-weight: 400;\">Arbatpinigiai<\/span><\/li>\n<li style=\"font-weight: 400;\"><span style=\"font-weight: 400;\">Perdavimas<\/span><\/li>\n<li style=\"font-weight: 400;\"><span style=\"font-weight: 400;\">Alkoholiniai g\u0117rimai<\/span><\/li>\n<\/ol>\n<p>&nbsp;<\/p>\n<h4><em><strong>I\u0161vykimas ir gr\u012f\u017eimas<\/strong><\/em><\/h4>\n<p><span style=\"font-weight: 400;\">Keliautojas gaus susitikimo viet\u0105 po rezervacijos proceso. Ekskursijos prasideda ir baigiasi m\u016bs\u0173 susitikimo vietose.<\/span><\/p>\n<p>&nbsp;<\/p>\n<h2>Ekskursija \u012f Los Haitises nacionalin\u012f park\u0105 i\u0161 Samanos Port mas Bacardi salos (Cayo Levantado)<\/h2>\n<h4><b><i>Ko tik\u0117tis?<\/i><\/b><\/h4>\n<p><b><i>V<\/i><\/b>esantis<strong> Los Haitises nacionalinis parkas<\/strong> su nuostabiais pietumis val<strong> Cayo Levantado sala<\/strong> ir plaukimas papl\u016bdimyje. Pradedama <strong>i\u0161 Samanos uosto<\/strong> laivu ar katamaranu su vietiniu gidu praplaukiame Samanos \u012flank\u0105 \u012f Sabana de la Mar pus\u0119, kad aplankytume vien\u0105 gra\u017eiausi\u0173 Dominikos Respublikos nacionalini\u0173 park\u0173. <em><strong>Haitises nacionalinis parkas<\/strong><\/em>.<\/p>\n<p>Ekskursija, kuri\u0105 organizuoja \u201eBooking Adventures\u201c, prasideda susitikimo ta\u0161ke, kuriame yra kelion\u0117s vadovas. Ateikite su Booking Adventures ir prad\u0117kite ap\u017ei\u016br\u0117ti pauk\u0161\u010di\u0173 pilnas mangroves, ve\u0161lios augmenijos kalvas ir urvus <em><strong>Los Haitises nacionalinis parkas<\/strong><\/em>. Apsilankymas saloje su pauk\u0161\u010diais. Lizd\u0173 sezono metu ant lizd\u0173 galime pamatyti net pelekano jauniklius. Susipa\u017einkite su Uolin\u0117mis salomis ir aplankykite urvus su vietini\u0173 \u017emoni\u0173 piktogramomis ir petrografais.<\/p>\n<p>Per mangroves ir \u017eem\u0119 atviroje San Lorenzo \u012flankoje, i\u0161 kurios galite fotografuoti at\u0161iaur\u0173 mi\u0161ko kra\u0161tovaizd\u012f. Pa\u017ei\u016br\u0117kite \u012f vanden\u012f, kad pasteb\u0117tum\u0117te <em><strong>Lamantinai<\/strong><\/em>, v\u0117\u017eiagyviai ir <em><strong>delfinai.<\/strong><\/em><\/p>\n<h2><strong>Urvai Los Haitises nacionaliniame parke<\/strong><\/h2>\n<div class=\"body-description secondary\">\n<p>Nacionalinio parko pavadinimas kil\u0119s nuo pirm\u0173j\u0173 jo gyventoj\u0173 Taino ind\u0117n\u0173. J\u0173 kalba \u201ehaitis\u201c rei\u0161kia auk\u0161tumos arba kalvos, nuoroda \u012f pakrant\u0117s sta\u010dius geologinius darinius su kalkakmeniais. Pasivaik\u0161\u010diokite giliau \u012f park\u0105 ir ap\u017ei\u016br\u0117kite urvus, tokius kaip <em><strong>Cueva de la Arena<\/strong><\/em> ir <strong><em>Cueva de la L\u00ednea.<\/em><\/strong><\/p>\n<p>Draustinyje esan\u010dius urvus kaip prieglobst\u012f naudojo taino ind\u0117nai, o v\u0117liau \u2013 piratai. Ie\u0161kokite ind\u0117n\u0173 pie\u0161ini\u0173, kurie puo\u0161ia kai kurias sienas. Aplank\u0119 Los Haitises nacionalin\u012f park\u0105 gr\u012f\u0161ime \u012f Samanos uost\u0105, praplaukdami Samanos \u012flank\u0105 30 min. ir aplankydami Bacardi sal\u0105. Saloje papietausime tipi\u0161kai. Jei esate veganas, nesijaudinkite, mes taip pat turime jums maisto!<\/p>\n<p>I\u0161plauk\u0119 vis\u0105 popiet\u0119 ir pails\u0117j\u0119 papl\u016bdimyje, m\u016bs\u0173 kelioni\u0173 vadovas paskirs laik\u0105 gr\u012f\u017eti \u012f Samanos uost\u0105.<\/p>\n<\/div>\n<p>Jei jums patiks \u0161i kelion\u0117 ilgesn\u0117 ar trumpesn\u0117, turime \u0161ias parinktis:<\/p>\n<ol>\n<li>Tiesiog Los Haitises i\u0161 Samanos uosto.<\/li>\n<li>Los Haitises + Ca\u00f1o Hondo i\u0161 Samanos uosto.<\/li>\n<\/ol>\n<p>&nbsp;<\/p>\n<h4><em><strong>K\u0105 tur\u0117tum atsine\u0161ti?<\/strong><\/em><\/h4>\n<ul>\n<li style=\"font-weight: 400;\"><span style=\"font-weight: 400;\">Fotoaparatas<\/span><\/li>\n<li style=\"font-weight: 400;\"><span style=\"font-weight: 400;\">Atbaidantys pumpurai<\/span><\/li>\n<li style=\"font-weight: 400;\"><span style=\"font-weight: 400;\">Kremas nuo saul\u0117s<\/span><\/li>\n<li style=\"font-weight: 400;\"><span style=\"font-weight: 400;\">Skryb\u0117l\u0117<\/span><\/li>\n<li style=\"font-weight: 400;\"><span style=\"font-weight: 400;\">Patogios kelnes<\/span><\/li>\n<li style=\"font-weight: 400;\"><span style=\"font-weight: 400;\">\u017dygio batai mi\u0161kui<\/span><\/li>\n<li style=\"font-weight: 400;\"><span style=\"font-weight: 400;\">Sandalai pavasario zonoms.<\/span><\/li>\n<li style=\"font-weight: 400;\"><span style=\"font-weight: 400;\">Plaukimo apranga<\/span><\/li>\n<\/ul>\n<p>&nbsp;<\/p>\n<h4><b><i>Vie\u0161bu\u010dio pa\u0117mimas <\/i><\/b><\/h4>\n<p><span style=\"font-weight: 400;\">\u0160ios kelion\u0117s metu perve\u017eimas \u012f vie\u0161but\u012f nesi\u016blomas. <\/span><\/p>\n<p>&nbsp;<\/p>\n<p><b>Pastaba:<\/b><span style=\"font-weight: 400;\"> Jei rezervuojate per 24 valandas nuo kelion\u0117s\/ekskursijos i\u0161vykimo laiko, mes galime susitarti d\u0117l pa\u0117mimo i\u0161 vie\u0161bu\u010dio su papildomais mokes\u010diais. Kai pirkimas bus baigtas, mes atsi\u0173sime jums vis\u0105 kontaktin\u0119 informacij\u0105 (telefono numer\u012f, el. pa\u0161to adres\u0105 ir kt.), skirt\u0105 m\u016bs\u0173 vietiniam kelioni\u0173 vadovui, kad gal\u0117tume susitarti d\u0117l pa\u0117mimo.<\/span><\/p>\n<h4><b><i>Papildomos informacijos patvirtinimas <\/i><\/b><\/h4>\n<ol>\n<li>Bilietai yra kvitas apmok\u0117jus \u0161i\u0105 kelion\u0119. Mok\u0117jim\u0105 galite parodyti savo telefone.<\/li>\n<li style=\"font-weight: 400;\"><span style=\"font-weight: 400;\">Susitikimo vieta bus gauta po rezervacijos proceso.<\/span><\/li>\n<li style=\"font-weight: 400;\"><span style=\"font-weight: 400;\">Vaikus turi lyd\u0117ti suaug\u0119s asmuo.<\/span><\/li>\n<li style=\"font-weight: 400;\"><span style=\"font-weight: 400;\"> Nepritaikoma ne\u012fgaliojo ve\u017eim\u0117liu <\/span><\/li>\n<li style=\"font-weight: 400;\"><span style=\"font-weight: 400;\">K\u016bdikiai turi s\u0117d\u0117ti ant keli\u0173 <\/span><\/li>\n<li style=\"font-weight: 400;\"><span style=\"font-weight: 400;\">Nerekomenduojama keliautojams, turintiems nugaros problem\u0173<\/span><\/li>\n<li style=\"font-weight: 400;\"><span style=\"font-weight: 400;\">Nerekomenduojama besilaukian\u010dioms keliautojoms <\/span><\/li>\n<li style=\"font-weight: 400;\"><span style=\"font-weight: 400;\"> Joki\u0173 \u0161irdies problem\u0173 ar kit\u0173 rimt\u0173 sveikatos sutrikim\u0173 <\/span><\/li>\n<li style=\"font-weight: 400;\"><span style=\"font-weight: 400;\">Dalyvauti gali dauguma keliautoj\u0173<\/span><\/li>\n<\/ol>\n<h4><b><i>At\u0161aukimo politika<\/i><\/b><\/h4>\n<p>Nor\u0117dami susigr\u0105\u017einti visas l\u0117\u0161as, perskaitykite at\u0161aukimo politik\u0105\u00a0<a href=\"https:\/\/www.boattoursamana.com\/lt\/uzsakymas-internetu\/\" target=\"_blank\" rel=\"noopener\" data-saferedirecturl=\"https:\/\/www.google.com\/url?q=https:\/\/www.boattoursamana.com\/online-booking\/&amp;source=gmail&amp;ust=1672449202351000&amp;usg=AOvVaw1yAeVAPktmaVCqDujgUn90\">Paspauskite \u010dia<\/a>. L\u0117\u0161os bus prarastos, jei rezervacija bus at\u0161aukta t\u0105 pa\u010di\u0105 kelion\u0117s dien\u0105.<\/p>\n\n\t\t<\/div>\n\t<\/div>\n<div class=\"vc_btn3-container vc_btn3-inline\" ><a class=\"vc_general vc_btn3 vc_btn3-size-md vc_btn3-shape-rounded vc_btn3-style-modern vc_btn3-color-green\" href=\"https:\/\/bookingadventures.tours\/booking.php?tour_id=b14bbd649a93d7d6554fcd137ba2571c\" title=\"\" rel=\"noopener\">U\u017dSAKYTI DABAR<\/a><\/div>\n\t<div class=\"wpb_video_widget wpb_content_element vc_clearfix   vc_video-aspect-ratio-169 vc_video-el-width-100 vc_video-align-left\" >\n\t\t<div class=\"wpb_wrapper\">\n\t\t\t<h2 class=\"wpb_heading wpb_video_heading\">Los Haitises nacionalinis parkas<\/h2>\n\t\t\t<div class=\"wpb_video_wrapper\"><iframe loading=\"lazy\" title=\"Los Haitises nacionalinio parko ekskursijos ir ekskursijos\" width=\"1100\" height=\"619\" src=\"https:\/\/www.youtube.com\/embed\/vMI4Ou81cd4?feature=oembed\" frameborder=\"0\" allow=\"accelerometer; autoplay; encrypted-media; gyroscope; picture-in-picture\" allowfullscreen><\/iframe><\/div>\n\t\t<\/div>\n\t<\/div>\n<\/div><\/div><\/div><\/div><div class=\"wpb_column vc_column_container vc_col-sm-12\"><div class=\"vc_column-inner\"><div class=\"wpb_wrapper\"><\/div><\/div><\/div><div class=\"vc_empty_space\"   style=\"height: 32px\"><span class=\"vc_empty_space_inner\"><\/span><\/div><div class=\"vc_row wpb_row vc_row-fluid\" ><\/div><div class=\"wpb_column vc_column_container vc_col-sm-12\"><div class=\"vc_column-inner\"><div class=\"wpb_wrapper\"><\/div><\/div><\/div><div class=\"mkdf-section-title-holder\" style=\"text-align: left\">\n\t<div class=\"mkdf-st-inner\">\n\t\t\t\t\t\t\t<h3 class=\"mkdf-st-title\" >\n\t\t\t\tLos Haitises ir Cayo Levantado\t\t\t<\/h3>\n\t\t\t\t\t<\/div>\n<\/div><div class=\"vc_empty_space\"   style=\"height: 32px\"><span class=\"vc_empty_space_inner\"><\/span><\/div><div class=\"wpb_column vc_column_container vc_col-sm-12\"><div class=\"vc_column-inner\"><div class=\"wpb_wrapper\"><div class=\"vc_btn3-container vc_btn3-inline\" ><a class=\"vc_general vc_btn3 vc_btn3-size-md vc_btn3-shape-rounded vc_btn3-style-modern vc_btn3-color-green\" href=\"https:\/\/bookingadventures.tours\/booking.php?tour_id=b14bbd649a93d7d6554fcd137ba2571c\" title=\"\" rel=\"noopener\">U\u017dSAKYTI DABAR<\/a><\/div><\/div><\/div><\/div>","protected":false},"excerpt":{"rendered":"<p>Ekskursijos \u012f Los Haitises ir Cayo Levantado, ekologin\u0117 kelion\u0117 \u012f Los Haitises nacionalin\u012f park\u0105 su vietiniu turist\u0173 gidu. Lankymasis Los Haitises nacionalinio parko raktuose, mangrov\u0117se, augmenijoje, pauk\u0161\u010di\u0173 steb\u0117jimas, urvai, piktogramos ir istorin\u0117s Sabana de la Mar vietov\u0117s Los Haitises nacionaliniame parke. Po Los Haitises papietavome Bacardi salos papl\u016bdimyje. U\u017esisakykite kelion\u0119 \u012f Los Haitises nacionalin\u012f park\u0105 i\u0161 Puerto Samanos ir Bacardi salos (Cayo Levantado).<\/p>\n<p>&nbsp;<\/p>\n<p><strong>Pasirinkite ekskursijos dat\u0105:<\/strong><\/p>","protected":false},"featured_media":8202,"template":"","meta":[],"product_cat":[254,655,928,255],"product_tag":[184,579,236,172,268,223,311,174,615,612,171,613,580,581,647,209,440,611,441,578,574,610,614,608,175,186,200,187,616],"class_list":["post-11388","product","type-product","status-publish","has-post-thumbnail","hentry","product_cat-tours-excursions-los-haitises-national-park","product_cat-1-samana","product_cat-boat-trip-los-haitises","product_cat-tours-excursions-samana-bay-dominican-republic","product_tag-bacardi-island","product_tag-bacardi-island-tours","product_tag-birdwatching","product_tag-boat-tour","product_tag-caves-los-haitises","product_tag-cayo-levantado","product_tag-cayo-levantado-tour","product_tag-eco-tours","product_tag-excursiones-a-los-haitises-y-cayo-levantado","product_tag-haitises-park-and-cayo-levantado-island","product_tag-los-haitises","product_tag-los-haitises-excursiones","product_tag-los-haitises-excursions","product_tag-los-haitises-mapa","product_tag-los-haitises-mas-cayo-levantado","product_tag-los-haitises-national-park","product_tag-los-haitises-national-park-map","product_tag-los-haitises-national-park-mas-cayo-levantado","product_tag-los-haitises-national-park-tour-from-las-terrenas","product_tag-los-haitises-national-park-tour-from-samana-port-bacardi-island-cayo-levantado","product_tag-los-haitises-national-park-tour-from-santo-domingo","product_tag-los-haitises-park-tour-cayo-levantado-island","product_tag-los-haitises-samana","product_tag-los-haitises-y-cayo-levantado","product_tag-sabana-de-la-mar","product_tag-samana","product_tag-samana-excursions","product_tag-samana-tours","product_tag-tour-los-haitises-national-park-cayo-levantado"],"_links":{"self":[{"href":"https:\/\/www.boattoursamana.com\/lt\/wp-json\/wp\/v2\/product\/11388","targetHints":{"allow":["GET"]}}],"collection":[{"href":"https:\/\/www.boattoursamana.com\/lt\/wp-json\/wp\/v2\/product"}],"about":[{"href":"https:\/\/www.boattoursamana.com\/lt\/wp-json\/wp\/v2\/types\/product"}],"wp:featuredmedia":[{"embeddable":true,"href":"https:\/\/www.boattoursamana.com\/lt\/wp-json\/wp\/v2\/media\/8202"}],"wp:attachment":[{"href":"https:\/\/www.boattoursamana.com\/lt\/wp-json\/wp\/v2\/media?parent=11388"}],"wp:term":[{"taxonomy":"product_cat","embeddable":true,"href":"https:\/\/www.boattoursamana.com\/lt\/wp-json\/wp\/v2\/product_cat?post=11388"},{"taxonomy":"product_tag","embeddable":true,"href":"https:\/\/www.boattoursamana.com\/lt\/wp-json\/wp\/v2\/product_tag?post=11388"}],"curies":[{"name":"wp","href":"https:\/\/api.w.org\/{rel}","templated":true}]}}