{"id":11458,"date":"2014-08-03T18:52:12","date_gmt":"2014-08-03T18:52:12","guid":{"rendered":"https:\/\/www.ticketswhales.com\/?post_type=product&#038;p=11458"},"modified":"2023-03-28T22:35:23","modified_gmt":"2023-03-28T22:35:23","slug":"punta-cana-buggy-tour-pick-up-from-punta-cana-hotels","status":"publish","type":"product","link":"https:\/\/www.boattoursamana.com\/lt\/turas\/punta-cana-bagy-turas-pasiimti-is-punta-cana-viesbuciu","title":{"rendered":"Turas \u201ePunta Cana Buggy\u201c \u2013 pasi\u0117mimas i\u0161 Punta Kanos vie\u0161bu\u010di\u0173"},"content":{"rendered":"<div class=\"vc_row wpb_row vc_row-fluid\" ><div class=\"wpb_column vc_column_container vc_col-sm-12\"><div class=\"vc_column-inner\"><div class=\"wpb_wrapper\"><div class=\"mkdf-section-title-holder\" style=\"text-align: left\">\n\t<div class=\"mkdf-st-inner\">\n\t\t\t\t\t<h5 class=\"mkdf-st-subtitle\" >\n\t\t\t\tI\u0161 Punta Cana Hotels\t\t\t<\/h5>\n\t\t\t\t\t\t\t<h3 class=\"mkdf-st-title\" >\n\t\t\t\tPunta Cana ve\u017eim\u0117liai \u2013 ve\u017eim\u0117liai\t\t\t<\/h3>\n\t\t\t\t\t\t\t<p class=\"mkdf-st-text\" >\n\t\t\t\tPastaba: \u0161i kelion\u0117 prasideda 7:00 val. Priklausomai nuo pasi\u0117mimo vie\u0161bu\u010di\u0173 vietos, laikas gali keistis. Papildomi mokes\u010diai u\u017e atsi\u0117mim\u0105 vietov\u0117se, kurios n\u0117ra nurodytos m\u016bs\u0173 apra\u0161yme.\t\t\t<\/p>\n\t\t\t<\/div>\n<\/div><\/div><\/div><\/div><\/div><div class=\"vc_row wpb_row vc_row-fluid\" ><div class=\"wpb_column vc_column_container vc_col-sm-12\"><div class=\"vc_column-inner\"><div class=\"wpb_wrapper\"><div class=\"vc_empty_space\"   style=\"height: 32px\"><span class=\"vc_empty_space_inner\"><\/span><\/div><div class=\"vc_btn3-container vc_btn3-inline\" ><button class=\"vc_general vc_btn3 vc_btn3-size-md vc_btn3-shape-rounded vc_btn3-style-modern vc_btn3-color-green\">U\u017dSAKYTI DABAR<\/button><\/div><\/div><\/div><\/div><\/div><div class=\"vc_row wpb_row vc_row-fluid\" ><div class=\"wpb_column vc_column_container vc_col-sm-12\"><div class=\"vc_column-inner\"><div class=\"wpb_wrapper\">\n\t<div class=\"wpb_text_column wpb_content_element\" >\n\t\t<div class=\"wpb_wrapper\">\n\t\t\t<h4><b><i>Ap\u017evalga <\/i><\/b><\/h4>\n<div>\n<p>Keliaukite po Punta Kanos rojaus peiza\u017eus su savo ve\u017eim\u0117liu! Tu padarysi <strong>atraskite Makao kaim\u0105 ir jo idili\u0161kus papl\u016bdimius<\/strong>, taip pat pasinerti \u012f vietin\u0119 cenote.<\/p>\n<\/div>\n<ul class=\"vcs-highlights\">\n<li>Pasirinkimas i\u0161 keli\u0173 i\u0161vykim\u0173 dienos metu<\/li>\n<li>M\u0117gaukit\u0117s nuostabiais vaizdais<\/li>\n<li>Draugi\u0161kas \u0161eimai<\/li>\n<li>Pa\u0117mimas i\u0161 centre esan\u010dios susitikimo vietos<\/li>\n<li>Romanti\u0161ka patirtis, puikiai tinka poroms<\/li>\n<\/ul>\n<p>&nbsp;<\/p>\n<h4><b>\u012etraukimai ir i\u0161imtys<\/b><\/h4>\n<p>&nbsp;<\/p>\n<p><b>Inkliuzai<\/b><\/p>\n<p>&nbsp;<\/p>\n<ol>\n<li>Turas su ve\u017eim\u0117liais<\/li>\n<li>Autobuso pa\u0117mimas i\u0161 j\u016bs\u0173 vie\u0161bu\u010dio<\/li>\n<li style=\"font-weight: 400;\"><span style=\"font-weight: 400;\">Visi mokes\u010diai, rinkliavos ir tvarkymo mokes\u010diai<\/span><\/li>\n<li style=\"font-weight: 400;\"><span style=\"font-weight: 400;\">Vietiniai mokes\u010diai<\/span><\/li>\n<li style=\"font-weight: 400;\"><span style=\"font-weight: 400;\">G\u0117rimai<\/span><\/li>\n<\/ol>\n<p><b> I\u0161imtys<\/b><\/p>\n<ol>\n<li style=\"font-weight: 400;\"><span style=\"font-weight: 400;\">Arbatpinigiai<\/span><\/li>\n<li>Piet\u016bs<\/li>\n<\/ol>\n<p>&nbsp;<\/p>\n<h4><em><strong>I\u0161vykimas ir gr\u012f\u017eimas<\/strong><\/em><\/h4>\n<p><span style=\"font-weight: 400;\">Keliautojas gaus susitikimo viet\u0105 po rezervacijos proceso. Ekskursijos prasideda ir baigiasi m\u016bs\u0173 susitikimo vietose.<\/span><\/p>\n<p>&nbsp;<\/p>\n<h4><b><i>Ko tik\u0117tis?<\/i><\/b><\/h4>\n<p>Pa\u0117m\u0119 jus i\u0161 vie\u0161bu\u010dio, nuvyksime \u012f Punta Cana vid\u0173. Apsuptas <strong>kavos ir kakavos plantacijos<\/strong>, tavo\u00a0<strong>vietiniai gidai<\/strong>\u00a0paai\u0161kins kelion\u0119 ir visk\u0105, k\u0105 reikia \u017einoti norint vairuoti savo bag\u012f.<\/p>\n<p>Tada pasusime u\u017evedimo raktel\u012f ir prad\u0117sime jaudintis, u\u017esukite u\u017etrauktuk\u0105\u00a0<strong>kalvos, per kavos plantacijas ir palei purvo takus bei upi\u0173 vagas<\/strong>.<\/p>\n<p>M\u016bs\u0173 pirmoji stotel\u0117 bus Makao papl\u016bdimyje. Toli nuo dideli\u0173 vie\u0161bu\u010di\u0173 ir turistini\u0173 vietovi\u0173, tai\u00a0<strong>gamtos rojus<\/strong>\u00a0kri\u0161tolo skaidrumo vanduo yra puiki vieta panardyti, tod\u0117l \u010dia tur\u0117site laisvo laiko\u00a0<strong>maudytis nuostabioje Karib\u0173 j\u016broje<\/strong>.<\/p>\n<p>Tada lipsime atgal \u012f savo bag\u012f, pakeliui link vadinam\u0173j\u0173 \u201evietini\u0173 \u0161altini\u0173\u201c ir atrasime vien\u0105 idili\u0161kiausi\u0173<strong>\u00a0cenotes<\/strong>\u00a0Punta Kanoje. \u010cia tur\u0117site laisv\u0105 pusvaland\u012f ap\u017ei\u016br\u0117ti \u0161\u012f po\u017eemin\u012f basein\u0105, plaukiodami jo turkio spalvos vandenyse.<\/p>\n<p>Galiausiai paliksime ve\u017eim\u0117lius ir palyd\u0117sime jus \u012f j\u016bs\u0173 nakvyn\u0119, taip u\u017ebaigdami nepamir\u0161tam\u0105 dien\u0105.<\/p>\n<p><strong>Tvarkara\u0161tis:<\/strong><\/p>\n<p>7:00 \u2013 19:00\u2026 Laikas kei\u010diasi priklausomai nuo to, ar Punta Kanoje esate.<\/p>\n<h4>Solo ar Dalijimasis?<\/h4>\n<p>Rezervuodami galite pasirinkti, ar nor\u0117tum\u0117te vairuoti bag\u012f sau, ar dalytis transporto priemone su vienu ar trimis kitais. Kaina nurodyta vienam asmeniui.<\/p>\n<p>&nbsp;<\/p>\n<h4><em><strong>K\u0105 tur\u0117tum atsine\u0161ti?<\/strong><\/em><\/h4>\n<ul>\n<li style=\"font-weight: 400;\"><span style=\"font-weight: 400;\">Fotoaparatas<\/span><\/li>\n<li style=\"font-weight: 400;\"><span style=\"font-weight: 400;\">Atbaidantys pumpurai<\/span><\/li>\n<li style=\"font-weight: 400;\"><span style=\"font-weight: 400;\">kremas nuo saul\u0117s<\/span><\/li>\n<li style=\"font-weight: 400;\"><span style=\"font-weight: 400;\">Skryb\u0117l\u0117<\/span><\/li>\n<li style=\"font-weight: 400;\"><span style=\"font-weight: 400;\">Patogios kelnes<\/span><\/li>\n<li style=\"font-weight: 400;\"><span style=\"font-weight: 400;\">\u017dygio batai mi\u0161kui<\/span><\/li>\n<li style=\"font-weight: 400;\"><span style=\"font-weight: 400;\">Sandalai \u012f papl\u016bdim\u012f<\/span><\/li>\n<li style=\"font-weight: 400;\"><span style=\"font-weight: 400;\">Plaukimo apranga<\/span><\/li>\n<li>Pinigai suvenyrams<\/li>\n<\/ul>\n<p>&nbsp;<\/p>\n<h4><b><i>Vie\u0161bu\u010dio pa\u0117mimas <\/i><\/b><\/h4>\n<p><span style=\"font-weight: 400;\">Si\u016blomas keliautojo pasi\u0117mimas!<\/span><\/p>\n<p><span style=\"font-weight: 400;\">Mes paimame i\u0161 vis\u0173 Punta Kanos vie\u0161bu\u010di\u0173. Pa\u0117mimo vieta yra vie\u0161bu\u010dio foj\u0117<br \/>\nJei apsistojate \u0161iame rajone esan\u010diame bute, mes jus pasiimsime bute arba prie \u012f\u0117jimo \u012f artimiausi\u0105 kurort\u0105. Mes nustat\u0117me Pasiimti susisiek\u0119 su mumis per Whatsapp.<\/span><\/p>\n<p><b>Pastaba:<\/b><span style=\"font-weight: 400;\"> Jei rezervuojate per 24 valandas nuo kelion\u0117s\/ekskursijos i\u0161vykimo laiko, mes galime susitarti d\u0117l pa\u0117mimo i\u0161 vie\u0161bu\u010dio su papildomais mokes\u010diais. Kai pirkimas bus baigtas, mes atsi\u0173sime jums vis\u0105 kontaktin\u0119 informacij\u0105 (telefono numer\u012f, el. pa\u0161to adres\u0105 ir kt.), skirt\u0105 m\u016bs\u0173 vietiniam kelioni\u0173 vadovui, kad gal\u0117tume susitarti d\u0117l pa\u0117mimo.<\/span><\/p>\n<h4><b><i>Papildomos informacijos patvirtinimas <\/i><\/b><\/h4>\n<ol>\n<li>Bilietai yra kvitas apmok\u0117jus \u0161i\u0105 kelion\u0119. Mok\u0117jim\u0105 galite parodyti savo telefone.<\/li>\n<li style=\"font-weight: 400;\"><span style=\"font-weight: 400;\">Susitikimo vieta bus gauta po rezervacijos proceso.<\/span><\/li>\n<li style=\"font-weight: 400;\"><strong>Vaikai nuo 5 iki 11 met\u0173<\/strong>\u00a0gali dalyvauti tik va\u017eiav\u0119 2 ar 4 asmen\u0173 bagiju, lydimi suaugusiojo, nes negali vairuoti ve\u017eim\u0173.<\/li>\n<li style=\"font-weight: 400;\"><span style=\"font-weight: 400;\">pritaikyta ne\u012fgali\u0173j\u0173 ve\u017eim\u0117liui <\/span><\/li>\n<li style=\"font-weight: 400;\"><span style=\"font-weight: 400;\">K\u016bdikiai turi s\u0117d\u0117ti ant keli\u0173 <\/span><\/li>\n<li style=\"font-weight: 400;\"><span style=\"font-weight: 400;\">Dalyvauti gali dauguma keliautoj\u0173<\/span><\/li>\n<li><strong>N\u0117\u0161\u010dia moteris<\/strong>\u00a0negali dalyvauti \u0161ioje veikloje.<\/li>\n<\/ol>\n<h4><b><i>At\u0161aukimo politika<\/i><\/b><\/h4>\n<p><span style=\"font-weight: 400;\">Nor\u0117dami susigr\u0105\u017einti visas l\u0117\u0161as, perskaitykite at\u0161aukimo politik\u0105\u00a0<a href=\"https:\/\/www.boattoursamana.com\/lt\/uzsakymas-internetu\/\" target=\"_blank\" rel=\"noopener\" data-saferedirecturl=\"https:\/\/www.google.com\/url?q=https:\/\/www.boattoursamana.com\/online-booking\/&amp;source=gmail&amp;ust=1672449202351000&amp;usg=AOvVaw1yAeVAPktmaVCqDujgUn90\">Paspauskite \u010dia<\/a>. L\u0117\u0161os bus prarastos, jei rezervacija bus at\u0161aukta t\u0105 pa\u010di\u0105 kelion\u0117s dien\u0105.<\/span><\/p>\n\n\t\t<\/div>\n\t<\/div>\n<\/div><\/div><\/div><\/div><div class=\"vc_row wpb_row vc_row-fluid\" ><div class=\"wpb_column vc_column_container vc_col-sm-12\"><div class=\"vc_column-inner\"><div class=\"wpb_wrapper\">\n\t<div class=\"wpb_text_column wpb_content_element\" >\n\t\t<div class=\"wpb_wrapper\">\n\t\t\t<h4>Susisiekite su mumis?<\/h4>\n<h5><em><strong>Nuotyki\u0173 u\u017esakymas<\/strong><\/em><\/h5>\n<p><em><strong>Vietiniai<\/strong> ir <strong>Tautie\u010diai<\/strong> Gidai ir sve\u010di\u0173 paslaugos<\/em><\/p>\n<p><span class=\"text-turquoise\">Rezervacijos:<\/span> Ekskursijos ir ekskursijos Dom. Rep.<\/p>\n\n\t\t<\/div>\n\t<\/div>\n<\/div><\/div><\/div><\/div><div class=\"vc_row wpb_row vc_row-fluid\" ><div class=\"wpb_column vc_column_container vc_col-sm-12\"><div class=\"vc_column-inner\"><div class=\"wpb_wrapper\"><div class=\"vc_empty_space\"   style=\"height: 32px\"><span class=\"vc_empty_space_inner\"><\/span><\/div>\n\t<div class=\"wpb_text_column wpb_content_element\" >\n\t\t<div class=\"wpb_wrapper\">\n\t\t\t<h4>Susisiekite su mumis?<\/h4>\n<h5>Nuotyki\u0173 u\u017esakymas<\/h5>\n<p><em><strong>Vietiniai<\/strong>\u00a0ir\u00a0<strong>Tautie\u010diai<\/strong>\u00a0Gidai ir sve\u010di\u0173 paslaugos<\/em><\/p>\n<p><span class=\"text-turquoise\">Rezervacijos:<\/span>\u00a0Ekskursijos ir ekskursijos Dom. Rep.<\/p>\n<p><img decoding=\"async\" class=\"emoji\" draggable=\"false\" src=\"https:\/\/s.w.org\/images\/core\/emoji\/11.2.0\/svg\/1f4de.svg\" alt=\"\ud83d\udcde\" title=\"\">\u00a0Tel \/ Whatsapp\u00a0\u00a0<a href=\"tel:+1-809-720-6035\">+1-809-720-6035<\/a>.<\/p>\n<p><img decoding=\"async\" class=\"emoji\" draggable=\"false\" src=\"https:\/\/s.w.org\/images\/core\/emoji\/11.2.0\/svg\/1f4e9.svg\" alt=\"\ud83d\udce9\" title=\"\">\u00a0<a href=\"mailto:info@bookingadventures.com.do\">info@bookingadventures.com.do<\/a><\/p>\n<p><strong>Mes lanks\u010diai nustatome priva\u010dias \u201eWhatsapp\u201c keliones:\u00a0<a href=\"tel:+18097206035\">+18097206035.<\/a><\/strong><\/p>\n\n\t\t<\/div>\n\t<\/div>\n<div class=\"vc_empty_space\"   style=\"height: 32px\"><span class=\"vc_empty_space_inner\"><\/span><\/div><\/div><\/div><\/div><\/div><div class=\"vc_row wpb_row vc_row-fluid\" ><div class=\"wpb_column vc_column_container vc_col-sm-12\"><div class=\"vc_column-inner\"><div class=\"wpb_wrapper\"><div class=\"vc_btn3-container vc_btn3-inline\" ><button class=\"vc_general vc_btn3 vc_btn3-size-md vc_btn3-shape-rounded vc_btn3-style-modern vc_btn3-color-green\">U\u017dSAKYTI DABAR<\/button><\/div><\/div><\/div><\/div><\/div>","protected":false},"excerpt":{"rendered":"<p>Pa\u0117m\u0119 jus i\u0161 vie\u0161bu\u010dio, nuvyksime \u012f Punta Cana vid\u0173. Apsuptas\u00a0<strong>kavos ir kakavos plantacijos<\/strong>, tavo\u00a0<strong>vietiniai gidai<\/strong>\u00a0paai\u0161kins kelion\u0119 ir visk\u0105, k\u0105 reikia \u017einoti norint vairuoti savo bag\u012f.<\/p>\n<p>Tada pasusime u\u017evedimo raktel\u012f ir prad\u0117sime jaudintis, u\u017esukite u\u017etrauktuk\u0105\u00a0<strong>kalvos, per kavos plantacijas ir palei purvo takus bei upi\u0173 vagas<\/strong>.<\/p>\n<p>&nbsp;<\/p>\n<p><em><strong>Pra\u0161ome pasirinkti Ekskursijos dat\u0105\u00a0<\/strong><\/em><\/p>","protected":false},"featured_media":11468,"template":"","meta":[],"product_cat":[253,948,808,972,969,349,294],"product_tag":[810,811,222,809,471,313],"class_list":["post-11458","product","type-product","status-publish","has-post-thumbnail","hentry","product_cat-tours-and-excursions","product_cat-1-punta-cana","product_cat-punta-cana-buggy-tour","product_cat-punta-cana-group-tours","product_cat-punta-cana-buggies","product_cat-tours-and-excursion-punta-cana","product_cat-tours-excursions-punta-cana-dominican-republic","product_tag-buggies","product_tag-buggies-punta-cana","product_tag-punta-cana","product_tag-punta-cana-buggy-tour-pick-up-from-punta-cana-hotels","product_tag-punta-cana-catamaran-party-with-snorkeling-and-parasailing","product_tag-punta-cana-tours"],"_links":{"self":[{"href":"https:\/\/www.boattoursamana.com\/lt\/wp-json\/wp\/v2\/product\/11458","targetHints":{"allow":["GET"]}}],"collection":[{"href":"https:\/\/www.boattoursamana.com\/lt\/wp-json\/wp\/v2\/product"}],"about":[{"href":"https:\/\/www.boattoursamana.com\/lt\/wp-json\/wp\/v2\/types\/product"}],"wp:featuredmedia":[{"embeddable":true,"href":"https:\/\/www.boattoursamana.com\/lt\/wp-json\/wp\/v2\/media\/11468"}],"wp:attachment":[{"href":"https:\/\/www.boattoursamana.com\/lt\/wp-json\/wp\/v2\/media?parent=11458"}],"wp:term":[{"taxonomy":"product_cat","embeddable":true,"href":"https:\/\/www.boattoursamana.com\/lt\/wp-json\/wp\/v2\/product_cat?post=11458"},{"taxonomy":"product_tag","embeddable":true,"href":"https:\/\/www.boattoursamana.com\/lt\/wp-json\/wp\/v2\/product_tag?post=11458"}],"curies":[{"name":"wp","href":"https:\/\/api.w.org\/{rel}","templated":true}]}}