{"id":11528,"date":"2020-09-08T10:03:32","date_gmt":"2020-09-08T10:03:32","guid":{"rendered":"https:\/\/www.ticketswhales.com\/Tours-Excursions\/uncategorized\/import-placeholder-for-302189\/"},"modified":"2023-11-10T13:16:47","modified_gmt":"2023-11-10T13:16:47","slug":"saona-island-private-tour-from-cap-cana-hotels-cap-cana-lobby","status":"publish","type":"product","link":"https:\/\/www.boattoursamana.com\/lt\/turas\/saonos-salos-privati-ekskursija-is-cap-cana-viesbuciu-cap-cana-foje","title":{"rendered":"Privati ekskursija i\u0161 Saonos salos i\u0161 \u201eCap Cana Hotels\u201c \u2013 \u201eCap Cana\u201c foj\u0117"},"content":{"rendered":"<div class=\"vc_row wpb_row vc_row-fluid\" ><div class=\"wpb_column vc_column_container vc_col-sm-12\"><div class=\"vc_column-inner\"><div class=\"wpb_wrapper\"><div class=\"vc_btn3-container vc_btn3-inline\" ><a class=\"vc_general vc_btn3 vc_btn3-size-md vc_btn3-shape-rounded vc_btn3-style-modern vc_btn3-color-green\" href=\"https:\/\/bookingadventures.tours\/booking.php?tour_id=1c85fe9604e2cc8d0dc000a6eba6a86a\" title=\"\" rel=\"noopener\">U\u017dSAKYTI DABAR<\/a><\/div>\n\t<div class=\"wpb_text_column wpb_content_element\" >\n\t\t<div class=\"wpb_wrapper\">\n\t\t\t<h2><b><i>Privati kelion\u0117 Saonos saloje\u00a0<\/i><\/b><\/h2>\n<h4><b><i>Ap\u017evalga<\/i><\/b><\/h4>\n<div>I\u0161plaukimas valtimis yra i\u0161 pagrindin\u0117s prieplaukos <strong>Bayahibe<\/strong> 9.00 val., o gr\u012f\u017eti 17 val. Jeigu\u00a0<b>(pridedate privat\u0173 perve\u017eim\u0105 i\u0161 kit\u0173 i\u0161vykim\u0173 prie \u0161ios kelion\u0117s laikas gali keistis)<\/b> <span style=\"font-size: 16px;\">\u0160i kelion\u0117 nuves jus \u012f geriausius papl\u016bdimius <strong>Saonos sala<\/strong> (Isla Saona), pradedant nuo Bayahibe miesto, j\u016bs\u0173 piet\u016bs yra saloje ir sustosite prie nat\u016brali\u0173 basein\u0173.<strong> Kotubanamos nacionalinis parkas<\/strong>. M\u0117gaukit\u0117s nuostabia pietrytine Dominikos Respublikos pakrante, kur plaukdami laivu plauksite pakrante steb\u0117dami skirtingus \u0161ios unikalios vietos papl\u016bdimius, kra\u0161tovaizd\u017eius, mangrovi\u0173 ir kalkakmenio darinius.\u00a0<\/span><\/div>\n<div>\n<p><span style=\"font-weight: 400;\">Atvykimas \u012f sal\u0105 trunka apie 45 minutes, o kelion\u0117s metu tur\u0117site galimyb\u0119 pamatyti <strong>Mano Chuanas<\/strong>, kuri yra vienintel\u0117 saloje \u012fsik\u016brusi bendruomen\u0117, toje pa\u010dioje vietoje turite galimyb\u0119 papietauti, jei nepateksite \u012f Mano Juan, aplankysite \u012fvairius apylink\u0117s papl\u016bdimius, o piet\u016bs bus papl\u016bdimyje, saloje taip pat tur\u0117site galimyb\u0119 nardyti su vamzdeliu.<\/span><\/p>\n<p><span style=\"font-weight: 400;\">Kai baigsite kelion\u0119 \u012fvairiose salos vietose, gr\u012f\u0161ite \u012f viet\u0105, kur susitiksite su kelioni\u0173 vadovu.<\/span><\/p>\n<ul>\n<li style=\"font-weight: 400;\"><span style=\"font-weight: 400;\">\u012e kain\u0105 \u012fskai\u010diuoti savitarnos piet\u016bs papl\u016bdimyje.<\/span><\/li>\n<li style=\"font-weight: 400;\"><span style=\"font-weight: 400;\">Nat\u016bralus baseinas<\/span><\/li>\n<li style=\"font-weight: 400;\"><span style=\"font-weight: 400;\">Perve\u017eimas laivu arba katamaranu<\/span><\/li>\n<li style=\"font-weight: 400;\"><span style=\"font-weight: 400;\">Kapitonas instruktuoja ir pri\u017ei\u016bri<\/span><\/li>\n<\/ul>\n<\/div>\n<p>&nbsp;<\/p>\n<h2><b>\u012etraukimai ir i\u0161imtys<\/b><\/h2>\n<p><b>Inkliuzai<\/b><\/p>\n<ol>\n<li>Kelion\u0117 kateriu arba katamaranu (viskas priklauso nuo grup\u0117s dyd\u017eio)<\/li>\n<li style=\"font-weight: 400;\"><span style=\"font-weight: 400;\">Savitarnos piet\u016bs papl\u016bdimyje<\/span><\/li>\n<li>Nat\u016bralus baseinas<\/li>\n<li style=\"font-weight: 400;\"><span style=\"font-weight: 400;\">Visi mokes\u010diai, rinkliavos ir tvarkymo mokes\u010diai<\/span><\/li>\n<li style=\"font-weight: 400;\"><span style=\"font-weight: 400;\">Vietiniai mokes\u010diai<\/span><\/li>\n<li style=\"font-weight: 400;\"><span style=\"font-weight: 400;\">G\u0117rimai<\/span><\/li>\n<\/ol>\n<p><b> I\u0161imtys<\/b><\/p>\n<ol>\n<li style=\"font-weight: 400;\"><span style=\"font-weight: 400;\">Arbatpinigiai<\/span><\/li>\n<li>Vietos gidas<\/li>\n<\/ol>\n<p>&nbsp;<\/p>\n<h4><em><strong>I\u0161vykimas ir gr\u012f\u017eimas<\/strong><\/em><\/h4>\n<p><span style=\"font-weight: 400;\">Mes turime tvarkara\u0161t\u012f, sudaryt\u0105 taip, kad gal\u0117tume jus pasiimti ir i\u0161laipinti, atsi\u017evelgiant \u012f j\u016bs\u0173 buvimo viet\u0105. <\/span><span style=\"font-weight: 400;\">Keliautojas gaus susitikimo viet\u0105 po rezervacijos proceso. Ekskursijos prasideda ir baigiasi m\u016bs\u0173 susitikimo vietose.<\/span><\/p>\n<p>&nbsp;<\/p>\n<h4><b><i>Ko tik\u0117tis?<\/i><\/b><\/h4>\n<p>&nbsp;<\/p>\n<p><em><strong>Gaukite bilietus<\/strong><\/em> fora day pass Saona saloje (Isla Saona) Bayahibe, taip pat nuostab\u016bs piet\u016bs ir laikas papl\u016bdimyje.<\/p>\n<p><span style=\"font-weight: 400;\">Dienos kelion\u0117, kuri\u0105 organizuoja \u201eBooking Adventures\u201c, prasideda susitikimo vietoje, kuri\u0105 nustato kelioni\u0173 vadovas. <\/span>Piet\u016bs papl\u016bdimyje ir galite likti tol, kol norite maudytis. Jei esate veganas, taip pat galime pasi\u016blyti jums maisto.<\/p>\n<p>\u0160i kelion\u0117 laivu prasideda Bayahibe, ta\u010diau mes si\u016blome privat\u0173 perve\u017eim\u0105 u\u017e papildom\u0105 mokest\u012f, priklausomai nuo to, kur yra grup\u0117.<\/p>\n<p><strong>Tvarkara\u0161tis:<\/strong><\/p>\n<p>7:45 \u2013 18:00 val<\/p>\n<p>&nbsp;<\/p>\n<h4><em><strong>K\u0105 tur\u0117tum atsine\u0161ti?<\/strong><\/em><\/h4>\n<ul>\n<li style=\"font-weight: 400;\"><span style=\"font-weight: 400;\">Fotoaparatas<\/span><\/li>\n<li style=\"font-weight: 400;\"><span style=\"font-weight: 400;\">Atbaidantys pumpurai<\/span><\/li>\n<li style=\"font-weight: 400;\"><span style=\"font-weight: 400;\">kremas nuo saul\u0117s<\/span><\/li>\n<li style=\"font-weight: 400;\"><span style=\"font-weight: 400;\">Skryb\u0117l\u0117<\/span><\/li>\n<li style=\"font-weight: 400;\"><span style=\"font-weight: 400;\">Patogios kelnes<\/span><\/li>\n<li style=\"font-weight: 400;\"><span style=\"font-weight: 400;\">\u017dygio batai mi\u0161kui<\/span><\/li>\n<li style=\"font-weight: 400;\"><span style=\"font-weight: 400;\">Sandalai \u012f papl\u016bdim\u012f<\/span><\/li>\n<li style=\"font-weight: 400;\"><span style=\"font-weight: 400;\">Plaukimo apranga<\/span><\/li>\n<li>Pinigai suvenyrams<\/li>\n<\/ul>\n<p>&nbsp;<\/p>\n<h2><b><i>Vie\u0161bu\u010dio pasi\u0117mimas dienos kelionei \u012f Saonos sal\u0105<\/i><\/b><\/h2>\n<p><span style=\"font-weight: 400;\">Tai programa, kuri\u0105 nustat\u0117me pagal j\u016bs\u0173 vietas. Prane\u0161kite mums apie savo konkret\u0173 vie\u0161but\u012f ir mes susisieksime su jumis ir pasakysime, kur su jumis susitiksime. \u0160ioms perk\u0117limo parinktims taikomas papildomas mokestis. \u0160ios kelion\u0117s prad\u017eia Bayahibe.<\/span><\/p>\n<table style=\"height: 487px;\" width=\"420\">\n<tbody>\n<tr>\n<td><b>Vieta<\/b><\/td>\n<td><b>Laikas<\/b><\/td>\n<\/tr>\n<tr>\n<td><b>Punta Kana<\/b><\/td>\n<td><b>7:45 val<\/b><\/td>\n<\/tr>\n<tr>\n<td><b>B\u00e1varo<\/b><\/td>\n<td><b>7:30 val<\/b><\/td>\n<\/tr>\n<tr>\n<td><b>Uvero Altosas<\/b><\/td>\n<td><b>7:00 ryto<\/b><\/td>\n<\/tr>\n<tr>\n<td><b>Club Med<\/b><\/td>\n<td><b>7:00 ryto<\/b><\/td>\n<\/tr>\n<tr>\n<td><b>Boca Chica<\/b><\/td>\n<td><b>7:00 ryto<\/b><\/td>\n<\/tr>\n<tr>\n<td><b>Santo Domingas<\/b><\/td>\n<td><b>6:40 val<\/b><\/td>\n<\/tr>\n<tr>\n<td><b>Juanas Doli\u00f3<\/b><\/td>\n<td><b>7:00 ryto<\/b><\/td>\n<\/tr>\n<\/tbody>\n<\/table>\n<p>&nbsp;<\/p>\n<p><b>Pastaba:<\/b><span style=\"font-weight: 400;\"> Jei rezervuojate per 24 valandas nuo kelion\u0117s\/ekskursijos i\u0161vykimo laiko, mes galime susitarti d\u0117l pa\u0117mimo i\u0161 vie\u0161bu\u010dio su papildomais mokes\u010diais. Kai pirkimas bus baigtas, mes atsi\u0173sime jums vis\u0105 kontaktin\u0119 informacij\u0105 (telefono numer\u012f, el. pa\u0161to adres\u0105 ir kt.), skirt\u0105 m\u016bs\u0173 vietiniam kelioni\u0173 vadovui, kad gal\u0117tume susitarti d\u0117l pa\u0117mimo.<\/span><\/p>\n<h4><b><i>Papildomos informacijos patvirtinimas <\/i><\/b><\/h4>\n<ol>\n<li>Bilietai yra kvitas apmok\u0117jus \u0161i\u0105 kelion\u0119. Mok\u0117jim\u0105 galite parodyti savo telefone.<\/li>\n<li style=\"font-weight: 400;\"><span style=\"font-weight: 400;\">Susitikimo vieta bus gauta po rezervacijos proceso.<\/span><\/li>\n<li style=\"font-weight: 400;\"><span style=\"font-weight: 400;\">Vaikus turi lyd\u0117ti suaug\u0119s asmuo.<\/span><\/li>\n<li style=\"font-weight: 400;\"><span style=\"font-weight: 400;\">pritaikyta ne\u012fgali\u0173j\u0173 ve\u017eim\u0117liui <\/span><\/li>\n<li style=\"font-weight: 400;\"><span style=\"font-weight: 400;\">K\u016bdikiai turi s\u0117d\u0117ti ant keli\u0173 <\/span><\/li>\n<li style=\"font-weight: 400;\"><span style=\"font-weight: 400;\">Dalyvauti gali dauguma keliautoj\u0173<\/span><\/li>\n<\/ol>\n<h4><b><i>At\u0161aukimo politika<\/i><\/b><\/h4>\n<p>Nor\u0117dami susigr\u0105\u017einti visas l\u0117\u0161as, perskaitykite at\u0161aukimo politik\u0105\u00a0<a href=\"https:\/\/www.boattoursamana.com\/lt\/uzsakymas-internetu\/\" target=\"_blank\" rel=\"noopener\" data-saferedirecturl=\"https:\/\/www.google.com\/url?q=https:\/\/www.boattoursamana.com\/online-booking\/&amp;source=gmail&amp;ust=1672449202351000&amp;usg=AOvVaw1yAeVAPktmaVCqDujgUn90\">Paspauskite \u010dia<\/a>. L\u0117\u0161os bus prarastos, jei rezervacija bus at\u0161aukta t\u0105 pa\u010di\u0105 kelion\u0117s dien\u0105.<\/p>\n<p>PASTABA: Jei nor\u0117tum\u0117te surengti \u0161i\u0105 ekskursij\u0105 ir nor\u0117tum\u0117te su\u017einoti daugiau informacijos, galite<a href=\"mailto:info@bookingadventures.com.do\">\u00a0susisiekite su mumis el<\/a>l<strong>\u00a0<\/strong>arba per m\u016bs\u0173 tiesiogin\u012f paslaug\u0173 pokalb\u012f Whatsapp \u0161iuo numeriu:\u00a0<strong>+1 809-720-6035<\/strong>. Atvyksime i\u0161 karto ir galime pateikti pasi\u016blym\u0105, derindami kain\u0105 priklausomai nuo \u017emoni\u0173 skai\u010diaus.<\/p>\n<p>n (Norint suorganizuoti priva\u010di\u0105 ekskursij\u0105, mums reikia ma\u017eiausiai 4 \u017emoni\u0173. Ma\u017eiau \u017emoni\u0173 galime suorganizuoti pusiau priva\u010di\u0105 ekskursij\u0105, kurioje daugiausiai 15 \u017emoni\u0173).<\/p>\n<div id=\"gtx-trans\" style=\"position: absolute; left: -1px; top: 1055.03px;\">\n<div class=\"gtx-trans-icon\"><\/div>\n<\/div>\n\n\t\t<\/div>\n\t<\/div>\n<\/div><\/div><\/div><\/div><div class=\"vc_row wpb_row vc_row-fluid\" ><div class=\"wpb_column vc_column_container vc_col-sm-12\"><div class=\"vc_column-inner\"><div class=\"wpb_wrapper\"><div class=\"vc_btn3-container vc_btn3-inline\" ><a class=\"vc_general vc_btn3 vc_btn3-size-md vc_btn3-shape-rounded vc_btn3-style-modern vc_btn3-color-green\" href=\"https:\/\/bookingadventures.tours\/booking.php?tour_id=1c85fe9604e2cc8d0dc000a6eba6a86a\" title=\"\" rel=\"noopener\">U\u017dSAKYTI DABAR<\/a><\/div><\/div><\/div><\/div><\/div><div class=\"vc_row wpb_row vc_row-fluid\" ><div class=\"wpb_column vc_column_container vc_col-sm-12\"><div class=\"vc_column-inner\"><div class=\"wpb_wrapper\"><div class=\"vc_empty_space\"   style=\"height: 32px\"><span class=\"vc_empty_space_inner\"><\/span><\/div>\n\t<div class=\"wpb_video_widget wpb_content_element vc_clearfix   vc_video-aspect-ratio-169 vc_video-el-width-100 vc_video-align-left\" >\n\t\t<div class=\"wpb_wrapper\">\n\t\t\t<h2 class=\"wpb_heading wpb_video_heading\">Saonos salos kelioni\u0173 ir ekskursij\u0173 vaizdo \u012fra\u0161as:<\/h2>\n\t\t\t<div class=\"wpb_video_wrapper\"><iframe loading=\"lazy\" title=\"Saola sala Visa diena \u201eBooking Adventures\u201c, kelion\u0117s Dominikos Respublika\" width=\"1100\" height=\"619\" src=\"https:\/\/www.youtube.com\/embed\/sas91N4zMHo?feature=oembed\" frameborder=\"0\" allow=\"accelerometer; autoplay; encrypted-media; gyroscope; picture-in-picture\" allowfullscreen><\/iframe><\/div>\n\t\t<\/div>\n\t<\/div>\n<div class=\"vc_empty_space\"   style=\"height: 32px\"><span class=\"vc_empty_space_inner\"><\/span><\/div><div class=\"vc_btn3-container vc_btn3-inline\" ><a class=\"vc_general vc_btn3 vc_btn3-size-md vc_btn3-shape-rounded vc_btn3-style-modern vc_btn3-color-green\" href=\"https:\/\/bookingadventures.tours\/booking.php?tour_id=1c85fe9604e2cc8d0dc000a6eba6a86a\" title=\"\" rel=\"noopener\">U\u017dSAKYTI DABAR<\/a><\/div><\/div><\/div><\/div><\/div><div class=\"vc_row wpb_row vc_row-fluid\" ><\/div><div class=\"wpb_column vc_column_container vc_col-sm-12\"><div class=\"vc_column-inner\"><div class=\"wpb_wrapper\"><\/div><\/div><\/div><div class=\"vc_empty_space\"   style=\"height: 32px\"><span class=\"vc_empty_space_inner\"><\/span><\/div><div class=\"vc_empty_space\"   style=\"height: 32px\"><span class=\"vc_empty_space_inner\"><\/span><\/div>","protected":false},"excerpt":{"rendered":"<p>Dienos bilietas \u012f Saonos sal\u0105 i\u0161 Bayahibe uosto. \u012e kain\u0105 \u012fskai\u010diuoti piet\u016bs ir nat\u016bral\u016bs baseinai. Jei reikia, perve\u017eimas i\u0161 bet kurios Dominikos Respublikos dalies. Tiesiog susisiekite su mumis ir patirkime geriausi\u0105 Isla Saona patirt\u012f.<\/p>\n<p>&nbsp;<\/p>\n<p><strong>Pasirinkite kelion\u0117s dat\u0105:<\/strong><\/p>","protected":false},"featured_media":13414,"template":"","meta":[],"product_cat":[948,971,965,821,829,828],"product_tag":[400,244,830,242,395,272,823,690,241,243,315,398,824,825,314],"class_list":["post-11528","product","type-product","status-publish","has-post-thumbnail","hentry","product_cat-1-punta-cana","product_cat-punta-cana-private-tours","product_cat-punta-cana-saona-island","product_cat-saona-island-offers","product_cat-saona-island-private-tour-from-cap-cana-hotels-cap-cana-lobby","product_cat-saona-island-private-tour-from-la-romana-hotels-la-romana-lobby","product_tag-all-inclusive-trip-to-saona-island-by-speedboat-catamaran","product_tag-bayahibe","product_tag-cap-cana","product_tag-catamaran","product_tag-how-to-get-to-saona-island","product_tag-isla-saona","product_tag-private-day-trip-saona","product_tag-private-tours","product_tag-saona","product_tag-saona-island","product_tag-saona-island-excursion","product_tag-saona-island-hotels","product_tag-saona-island-private","product_tag-saona-island-private-tour-from-punta-cana-hotels-punta-cana-lobby","product_tag-saona-island-tour"],"_links":{"self":[{"href":"https:\/\/www.boattoursamana.com\/lt\/wp-json\/wp\/v2\/product\/11528","targetHints":{"allow":["GET"]}}],"collection":[{"href":"https:\/\/www.boattoursamana.com\/lt\/wp-json\/wp\/v2\/product"}],"about":[{"href":"https:\/\/www.boattoursamana.com\/lt\/wp-json\/wp\/v2\/types\/product"}],"wp:featuredmedia":[{"embeddable":true,"href":"https:\/\/www.boattoursamana.com\/lt\/wp-json\/wp\/v2\/media\/13414"}],"wp:attachment":[{"href":"https:\/\/www.boattoursamana.com\/lt\/wp-json\/wp\/v2\/media?parent=11528"}],"wp:term":[{"taxonomy":"product_cat","embeddable":true,"href":"https:\/\/www.boattoursamana.com\/lt\/wp-json\/wp\/v2\/product_cat?post=11528"},{"taxonomy":"product_tag","embeddable":true,"href":"https:\/\/www.boattoursamana.com\/lt\/wp-json\/wp\/v2\/product_tag?post=11528"}],"curies":[{"name":"wp","href":"https:\/\/api.w.org\/{rel}","templated":true}]}}