{"id":12004,"date":"2021-01-16T16:21:26","date_gmt":"2021-01-16T16:21:26","guid":{"rendered":"https:\/\/www.ticketswhales.com\/Tours-Excursions\/uncategorized\/import-placeholder-for-8658\/"},"modified":"2023-11-07T21:11:43","modified_gmt":"2023-11-07T21:11:43","slug":"excursion-whale-watching-cayo-levantado-from-cap-cana-private-tour","status":"publish","type":"product","link":"https:\/\/www.boattoursamana.com\/lt\/turas\/ekskursijos-banginiu-stebejimas-cayo-levantado-is-cap-cana-privatus-turas","title":{"rendered":"Punta Cana \/ Cap Cana: Ekskursin\u0117 bangini\u0173 steb\u0117jimas + Cayo Levantado (privati ekskursija)"},"content":{"rendered":"<div class=\"wpb_column vc_column_container vc_col-sm-12\"><div class=\"vc_column-inner\"><div class=\"wpb_wrapper\"><div class=\"vc_btn3-container vc_btn3-inline\" ><a class=\"vc_general vc_btn3 vc_btn3-size-md vc_btn3-shape-rounded vc_btn3-style-modern vc_btn3-color-green\" href=\"https:\/\/bookingadventures.tours\/booking.php?tour_id=6ed21424a849c63fc6398949d1f80266\" title=\"\" rel=\"noopener\">U\u017dSAKYTI DABAR<\/a><\/div><\/div><\/div><\/div><div class=\"vc_row wpb_row vc_row-fluid\" ><div class=\"wpb_column vc_column_container vc_col-sm-12\"><div class=\"vc_column-inner\"><div class=\"wpb_wrapper\">\n\t<div class=\"wpb_text_column wpb_content_element\" >\n\t\t<div class=\"wpb_wrapper\">\n\t\t\t<div class=\"vc_row wpb_row vc_row-fluid\">\n<div class=\"wpb_column vc_column_container vc_col-sm-12\">\n<div class=\"vc_column-inner\">\n<div class=\"wpb_wrapper\">\n<div class=\"wpb_text_column wpb_content_element\">\n<div class=\"wpb_wrapper\">\n<h3>Ekskursija bangini\u0173 steb\u0117jimas + Cayo Levantado i\u0161 Punta Cana \/ Cap Cana (privati ekskursija)<\/h3>\n<p>Bangini\u0173 steb\u0117jimas Samanos \u012flankoje, pradedant nuo Punta Cana\/Cap Cana vie\u0161bu\u010di\u0173 priva\u010diame transporte. \u0160i kelion\u0117 prasideda nuo 6:00 iki 8:00 ryto ir baigiasi apie 19:00. Nutrauk\u0119 m\u016bs\u0173 laiv\u0105, aplankysime banginius j\u0173 buvein\u0117je. Po \u0161ios bangini\u0173 kelion\u0117s aplankysime Bacardi sal\u0105 \/ Cayo Levantado (pasirinktinai). Bacardi saloje bus patiekiami savitarnos piet\u016bs i\u0161 tipi\u0161ko Dominikon\u0173 stiliaus. Pasibaigus pietums galima maudytis iki 16:00 val. Ekskursija bus baigta tame pa\u010diame uoste, i\u0161 kurio prasid\u0117s 17:00 val. Po to parve\u0161ime jus atgal \u012f vie\u0161but\u012f.<\/p>\n<p>Pastaba: tai privati kelion\u0117, kurios minimalus mok\u0117jimas yra 540 USD. Jei esate ma\u017eiau nei 4 \u017emon\u0117s, susisiekite su mumis ir atsi\u0173sime nuorod\u0105, kur galite u\u017esisakyti \u0161i\u0105 kelion\u0119.\u00a0<strong><em>Jei norite prisijungti prie bangini\u0173 steb\u0117jimo grup\u0117s ir pasiimti savo vie\u0161butyje<\/em>\u00a0<\/strong><a href=\"https:\/\/www.boattoursamana.com\/lt\/Tours-Excursions\/tours-excursions-samana-bay-dominican-republic\/whale-watching-2020-in-punta-cana-to-samana-bay-cayo-levantado-bacardi-island-from-hotels\/\" data-mil=\"12004\">PASPAUSKITE \u010cIA.<\/a><\/p>\n<ul>\n<li>Privati bangini\u0173 steb\u0117jimo kelion\u0117<\/li>\n<li>\u012e\u0117jimo \u012f observatorij\u0105 mokes\u010diai<\/li>\n<li>\u012e kain\u0105 \u012fskai\u010diuoti savitarnos piet\u016bs papl\u016bdimyje<\/li>\n<li>Privatus perve\u017eimas i\u0161 vie\u0161bu\u010di\u0173<\/li>\n<li>Perve\u017eimas priva\u010diu laivu<\/li>\n<li>Kapitonas instruktuoja ir pri\u017ei\u016bri<\/li>\n<li>Kelion\u0117s gidas<\/li>\n<\/ul>\n<p>&nbsp;<\/p>\n<h4><b>\u012etraukimai ir i\u0161imtys<\/b><\/h4>\n<p>&nbsp;<\/p>\n<p><b>Inkliuzai<\/b><\/p>\n<ol>\n<li>Savitarnos piet\u016bs papl\u016bdimyje<\/li>\n<li>Kelion\u0117s gidas<\/li>\n<li>Perve\u017eimo automobilis<\/li>\n<li>Kelion\u0117 laivu<\/li>\n<li>Visi mokes\u010diai, rinkliavos ir tvarkymo mokes\u010diai<\/li>\n<li>Vietiniai mokes\u010diai<\/li>\n<li>G\u0117rimai<\/li>\n<\/ol>\n<p><b>I\u0161imtys<\/b><\/p>\n<ol>\n<li>Arbatpinigiai<\/li>\n<li>Alkoholiniai g\u0117rimai<\/li>\n<\/ol>\n<p>&nbsp;<\/p>\n<h4><em><strong>I\u0161vykimas ir gr\u012f\u017eimas<\/strong><\/em><\/h4>\n<p>Keliautojas gaus susitikimo viet\u0105 po rezervacijos proceso. Ekskursijos prasideda ir baigiasi susitikimo vietoje.<\/p>\n<p>&nbsp;<\/p>\n<h4><b><i>Ko tik\u0117tis?<\/i><\/b><\/h4>\n<p>&nbsp;<\/p>\n<p><em><strong>Gaukite bilietus<\/strong><\/em>\u00a0Vienai dienai Privatus bangini\u0173 steb\u0117jimas nuo Cap Cana iki Samanos \u012flankos, taip pat nuostab\u016bs piet\u016bs ir laikas papl\u016bdimyje.<\/p>\n<p>\u201eBooking Adventures\u201c organizuojamas \u201eDaypass\u201c bangini\u0173 steb\u0117jimui prasideda susitikimo vietoje, kuri\u0105 nustato kelioni\u0173 vadovas. Piet\u016bs papl\u016bdimyje ir galite likti tol, kol norite maudytis. Jei esate veganas, taip pat galime pasi\u016blyti jums maisto.<\/p>\n<p><strong>Tvarkara\u0161tis:<\/strong><\/p>\n<p>Lankstus<\/p>\n<p>&nbsp;<\/p>\n<h4><em><strong>K\u0105 tur\u0117tum atsine\u0161ti?<\/strong><\/em><\/h4>\n<ul>\n<li>Fotoaparatas<\/li>\n<li>Atbaidantys pumpurai<\/li>\n<li>Kremas nuo saul\u0117s<\/li>\n<li>Skryb\u0117l\u0117<\/li>\n<li>Patogios kelnes<\/li>\n<li>Sandalai \u012f papl\u016bdim\u012f<\/li>\n<li>Plaukimo apranga<\/li>\n<li>Pinigai suvenyrams<\/li>\n<\/ul>\n<p>&nbsp;<\/p>\n<h4><b><i>Vie\u0161bu\u010dio pa\u0117mimas<\/i><\/b><\/h4>\n<p>\u012e \u0161i\u0105 kelion\u0119 \u012fskai\u010diuotas pa\u0117mimas i\u0161 vie\u0161bu\u010dio. Paimame bet kuriame vie\u0161butyje Punta Cana \/ Cap Cana rajone.<\/p>\n<p>&nbsp;<\/p>\n<p><b>Pastaba:<\/b>\u00a0Jei rezervuojate per 24 valandas nuo kelion\u0117s\/ekskursijos i\u0161vykimo laiko, mes galime susitarti d\u0117l pa\u0117mimo i\u0161 vie\u0161bu\u010dio su papildomais mokes\u010diais. Kai pirkimas bus baigtas, mes atsi\u0173sime jums vis\u0105 kontaktin\u0119 informacij\u0105 (telefono numer\u012f, el. pa\u0161to adres\u0105 ir kt.), skirt\u0105 m\u016bs\u0173 vietiniam kelioni\u0173 vadovui, kad gal\u0117tume susitarti d\u0117l pa\u0117mimo.<\/p>\n<h4><b><i>Papildomos informacijos patvirtinimas<\/i><\/b><\/h4>\n<ol>\n<li>Bilietai yra kvitas apmok\u0117jus \u0161i\u0105 kelion\u0119. Mok\u0117jim\u0105 galite parodyti savo telefone.<\/li>\n<li>Susitikimo vieta bus gauta po rezervacijos proceso.<\/li>\n<li>Vaikus turi lyd\u0117ti suaug\u0119s asmuo.<\/li>\n<li>pritaikyta ne\u012fgali\u0173j\u0173 ve\u017eim\u0117liui<\/li>\n<li>K\u016bdikiai turi s\u0117d\u0117ti ant keli\u0173<\/li>\n<li>Dalyvauti gali dauguma keliautoj\u0173<\/li>\n<\/ol>\n<h4><b><i>At\u0161aukimo politika<\/i><\/b><\/h4>\n<p>Nor\u0117dami susigr\u0105\u017einti visas l\u0117\u0161as, at\u0161aukite bent 24 valandas iki patirties prad\u017eios datos.<\/p>\n<\/div>\n<\/div>\n<\/div>\n<\/div>\n<\/div>\n<\/div>\n<div class=\"vc_row wpb_row vc_row-fluid\">\n<div class=\"wpb_column vc_column_container vc_col-sm-12\">\n<div class=\"vc_column-inner\">\n<div class=\"wpb_wrapper\">\n<div class=\"wpb_text_column wpb_content_element\">\n<div class=\"wpb_wrapper\">\n<h4>Susisiekite su mumis?<\/h4>\n<h5><b><i>TOUR BANDINIAI SAMANA<\/i><\/b><\/h5>\n<p><em><strong>Vietiniai<\/strong>\u00a0ir\u00a0<strong>Tautie\u010diai<\/strong>\u00a0Gidai ir sve\u010di\u0173 paslaugos<\/em><\/p>\n<p><span class=\"text-turquoise\">Rezervai:<\/span>\u00a0\u00a0Tours y Excursiones en Dom. Ats.<\/p>\n<p><img decoding=\"async\" class=\"emoji\" draggable=\"false\" src=\"https:\/\/s.w.org\/images\/core\/emoji\/11.2.0\/svg\/1f4de.svg\" alt=\"\ud83d\udcde\" title=\"\">\u00a0Tel \/ Whatsapp\u00a0\u00a0\u00a0<a href=\"tel:+1-809-720-6035\">+ 1-809-720-6035<\/a>\u00a0.<\/p>\n<p data-wp-editing=\"1\"><a href=\"mailto:Reservabatour@gmail.com\"><img decoding=\"async\" class=\"emoji\" draggable=\"false\" src=\"https:\/\/s.w.org\/images\/core\/emoji\/11.2.0\/svg\/1f4e9.svg\" alt=\"\ud83d\udce9\" title=\"\"> Reservabatour@gmail.com<\/a><\/p>\n<p>&nbsp;<\/p>\n<\/div>\n<\/div>\n<\/div>\n<\/div>\n<\/div>\n<\/div>\n\n\t\t<\/div>\n\t<\/div>\n<div class=\"vc_btn3-container vc_btn3-inline\" ><a class=\"vc_general vc_btn3 vc_btn3-size-md vc_btn3-shape-rounded vc_btn3-style-modern vc_btn3-color-green\" href=\"https:\/\/bookingadventures.tours\/booking.php?tour_id=6ed21424a849c63fc6398949d1f80266\" title=\"\" rel=\"noopener\">U\u017dSAKYTI DABAR<\/a><\/div><\/div><\/div><\/div><\/div>","protected":false},"excerpt":{"rendered":"<p>U\u017esisakykite kelion\u0119 ir steb\u0117kite banginius, pradedant nuo Cap Cana priva\u010dioje kelion\u0117je su profesionaliais aplinkosauginink\u0173 gidais. Jei norite susisiekti su mumis d\u0117l patarimo, atsi\u0173skite el. lai\u0161k\u0105, Whatsapp arba skambinkite. Bilietus pra\u0161ome u\u017esisakyti i\u0161 anksto. Bangini\u0173 sezono metu yra daug u\u017esakym\u0173, tod\u0117l norime, kad j\u016bs\u0173 bilietai b\u016bt\u0173 saug\u016bs.<\/p>\n<p>Pastaba: tai privati kelion\u0117 su minimaliu mok\u0117jimu 4 . Jei esate ma\u017eiau nei 4 \u017emon\u0117s, susisiekite su mumis ir atsi\u0173sime nuorod\u0105, kur gal\u0117site u\u017esisakyti \u0161i\u0105 kelion\u0119. Nor\u0117dami prisijungti prie bangini\u0173 steb\u0117jimo grup\u0117s su pa\u0117mimu i\u0161 vie\u0161bu\u010dio, SPAUSKITE \u010cIA.<\/p>\n<p><strong>Atkreipkite d\u0117mes\u012f: k\u016bdikiai (0\u201323 m\u0117n.) nemokamai, vaikai (2\u201310 met\u0173)<\/strong><\/p>\n<p><em><strong>Pasirinkite kelion\u0117s dat\u0105:<\/strong><\/em><\/p>","protected":false},"featured_media":13304,"template":"","meta":[],"product_cat":[948,655,854,855,971,968,856,662,942,664],"product_tag":[296,682,683,186,667,342,668,524,669,276,274,525,670],"class_list":["post-12004","product","type-product","status-publish","has-post-thumbnail","hentry","product_cat-1-punta-cana","product_cat-1-samana","product_cat-cap-cana-whale-watching","product_cat-outdoor-activities","product_cat-punta-cana-private-tours","product_cat-punta-cana-whale-watching","product_cat-water-activities","product_cat-whale-watching","product_cat-whale-watching-private-tours","product_cat-whale-watching-punta-cana","product_tag-day-trip-punta-cana","product_tag-private-punta-cana","product_tag-punta-cana-whale-watching","product_tag-samana","product_tag-samana-tour","product_tag-samana-whale-watching","product_tag-whale","product_tag-whale-punta-cana","product_tag-whale-sabana-de-la-mar","product_tag-whale-samana","product_tag-whale-watching-dominican-republic","product_tag-whale-watching-punta-cana","product_tag-whales-trips"],"_links":{"self":[{"href":"https:\/\/www.boattoursamana.com\/lt\/wp-json\/wp\/v2\/product\/12004","targetHints":{"allow":["GET"]}}],"collection":[{"href":"https:\/\/www.boattoursamana.com\/lt\/wp-json\/wp\/v2\/product"}],"about":[{"href":"https:\/\/www.boattoursamana.com\/lt\/wp-json\/wp\/v2\/types\/product"}],"wp:featuredmedia":[{"embeddable":true,"href":"https:\/\/www.boattoursamana.com\/lt\/wp-json\/wp\/v2\/media\/13304"}],"wp:attachment":[{"href":"https:\/\/www.boattoursamana.com\/lt\/wp-json\/wp\/v2\/media?parent=12004"}],"wp:term":[{"taxonomy":"product_cat","embeddable":true,"href":"https:\/\/www.boattoursamana.com\/lt\/wp-json\/wp\/v2\/product_cat?post=12004"},{"taxonomy":"product_tag","embeddable":true,"href":"https:\/\/www.boattoursamana.com\/lt\/wp-json\/wp\/v2\/product_tag?post=12004"}],"curies":[{"name":"wp","href":"https:\/\/api.w.org\/{rel}","templated":true}]}}