{"id":12429,"date":"2021-03-22T09:20:50","date_gmt":"2021-03-22T09:20:50","guid":{"rendered":"https:\/\/www.ticketswhales.com\/?post_type=product&#038;p=12429"},"modified":"2023-11-07T20:41:22","modified_gmt":"2023-11-07T20:41:22","slug":"los-haitises-mountain-bike-private-boat-trip","status":"publish","type":"product","link":"https:\/\/www.boattoursamana.com\/lt\/turas\/los-haitises-privacia-kelione-kalnu-dviraciais","title":{"rendered":"Los Haitises kaln\u0173 dvira\u010diais + asmenin\u0117 kelion\u0117 laivu"},"content":{"rendered":"<div class=\"wpb_column vc_column_container vc_col-sm-12\"><div class=\"vc_column-inner\"><div class=\"wpb_wrapper\"><\/div><\/div><\/div><div class=\"wpb_column vc_column_container vc_col-sm-12\"><div class=\"vc_column-inner\"><div class=\"wpb_wrapper\"><\/div><\/div><\/div><div class=\"wpb_column vc_column_container vc_col-sm-12\"><div class=\"vc_column-inner\"><div class=\"wpb_wrapper\"><\/div><\/div><\/div><div class=\"wpb_column vc_column_container vc_col-sm-12\"><div class=\"vc_column-inner\"><div class=\"wpb_wrapper\"><\/div><\/div><\/div><div class=\"vc_row wpb_row vc_row-fluid\" ><div class=\"wpb_column vc_column_container vc_col-sm-12\"><div class=\"vc_column-inner\"><div class=\"wpb_wrapper\">\n\t<div class=\"wpb_text_column wpb_content_element\" >\n\t\t<div class=\"wpb_wrapper\">\n\t\t\t<div class=\"vc_row wpb_row vc_row-fluid\">\n<div class=\"wpb_column vc_column_container vc_col-sm-12\">\n<div class=\"vc_column-inner\">\n<div class=\"wpb_wrapper\">\n<div class=\"mkdf-section-title-holder\">\n<div class=\"mkdf-st-inner\">\n<h5 class=\"mkdf-st-subtitle\">Dviratis, mangrov\u0117s, kelion\u0117 laivu, urvai ir kt.<\/h5>\n<h3 class=\"mkdf-st-title\">Los Haitises kaln\u0173 dvira\u010diais + asmenin\u0117 kelion\u0117 laivu<\/h3>\n<\/div>\n<\/div>\n<\/div>\n<\/div>\n<\/div>\n<\/div>\n<div class=\"vc_row wpb_row vc_row-fluid\">\n<div class=\"wpb_column vc_column_container vc_col-sm-12\">\n<div class=\"vc_column-inner\">\n<div class=\"wpb_wrapper\">\n<div class=\"vc_empty_space\"><\/div>\n<\/div>\n<\/div>\n<\/div>\n<\/div>\n<div class=\"vc_row wpb_row vc_row-fluid\">\n<div class=\"wpb_column vc_column_container vc_col-sm-12\">\n<div class=\"vc_column-inner\">\n<div class=\"wpb_wrapper\">\n<div class=\"wpb_text_column wpb_content_element\">\n<div class=\"wpb_wrapper\">\n<h5><strong>Ap\u017evalga<\/strong><\/h5>\n<p>Keliaukite su vietiniu ekspertu ir pasim\u0117gaukite nepakartojama va\u017eiavimo dvira\u010diu patirtimi, pradedant nuo Sabana de la Mar. \u0160i kelion\u0117 nuves jus ap\u017ei\u016br\u0117ti nuostab\u0173 Dominikos Respublikos kra\u0161tovaizd\u012f. Va\u017eiuodami dvira\u010diu gal\u0117site pasisveikinti! \u016bkininkams, va\u017eiuojantiems \u017eirgais ar motociklais \u012f savo nuosavyb\u0119, o kelion\u0117s metu gal\u0117site susipa\u017einti su nuotykiais ir susipa\u017einti su vietine Sabana de la Mar kult\u016bra. Keletas fakt\u0173 apie Los Haitises: yra vienas did\u017eiausi\u0173 kalkakmenio darini\u0173 pasaulyje, vieta, kur saugomos endemin\u0117s r\u016b\u0161ys. Vieta, kurioje yra did\u017eioji salos biologin\u0117 \u012fvairov\u0117, yra vienas did\u017eiausi\u0173 Kvisk\u0117jos mangrovi\u0173 mi\u0161k\u0173 ir urvas su daugiausiai Karib\u0173 j\u016bros piktogram\u0173.<\/p>\n<p>&nbsp;<\/p>\n<p><strong>\u012etraukimai ir i\u0161imtys<\/strong><\/p>\n<p>&nbsp;<\/p>\n<p><strong>Inkliuzai<\/strong><\/p>\n<p>Va\u017eiavimas dvira\u010diu<\/p>\n<p>Ekskursija laivu<\/p>\n<p>U\u017ekand\u017eiai<\/p>\n<p>1 vandens butelis<\/p>\n<p>Pirmosios pagalbos rinkinys<\/p>\n<p>Visi mokes\u010diai, rinkliavos ir tvarkymo mokes\u010diai<\/p>\n<p>Vietiniai mokes\u010diai<\/p>\n<p>Pareig\u016bnai Ekologai gidai angl\u0173\/ispan\u0173 kalbomis<\/p>\n<p>&nbsp;<\/p>\n<p><strong>I\u0161imtys<\/strong><\/p>\n<p>Arbatpinigiai<\/p>\n<p>Perdavimas<\/p>\n<p>G\u0117rimas<\/p>\n<p>&nbsp;<\/p>\n<p>&nbsp;<\/p>\n<p>I\u0161vykimas ir gr\u012f\u017eimas<\/p>\n<p>&nbsp;<\/p>\n<p>Ekskursija, kuri\u0105 organizuoja \u201eBooking Adventures\u201c, prasideda susitikimo ta\u0161ke, kuriame yra kelion\u0117s vadovas arba personalo narys. Keliautojas gaus susitikimo viet\u0105 po rezervacijos proceso. Ekskursijos prasideda ir baigiasi m\u016bs\u0173 susitikimo vietose.<\/p>\n<p>&nbsp;<\/p>\n<p>Ko tik\u0117tis?<\/p>\n<p>Gaukite biliet\u0105 \u012f va\u017eiavim\u0105 dvira\u010diu ir valtimis i\u0161 Sabana de la Mar<\/p>\n<p>&nbsp;<\/p>\n<p>\u0160i ekskursija prasideda nuo susitikimo vietos, kuri\u0105 prie\u0161 vykdami \u012f bet kuri\u0105 viet\u0105 turite patvirtinti m\u016bs\u0173 kelioni\u0173 agentams arba savo kelioni\u0173 vadovui. Kai susitiksite su savo gidu, tur\u0117site ap\u017evalg\u0105 apie kelion\u0119 ir visk\u0105, kas susij\u0119 su j\u016bs\u0173 diena.<\/p>\n<p>&nbsp;<\/p>\n<p>Kai visi bus pasiruo\u0161\u0119, keliausime \u012f Los Haitises nacionalinio parko uost\u0105, kur prad\u0117site plaukioti Cano Hondo upe, kuri baigiasi San Lorenzo \u012flankoje. Tai nedidel\u0117, tik 10 km2 \u012flanka, kurioje dvi valandas i\u0161plauksite patys. skirtingos Los Haitises ekosistemos.<\/p>\n<p>&nbsp;<\/p>\n<p>Per \u0161i\u0105 kelion\u0117s dal\u012f nar\u0161ysite po mangrovi\u0173 mi\u0161k\u0105, kuris yra antras pagal dyd\u012f saloje ir u\u017eima daugiau nei 90 km2, o atvyk\u0119 \u012f San Lorenzo \u012flank\u0105 pamatysite Samanos pusiasal\u012f ir \u012flank\u0105.<\/p>\n<p>&nbsp;<\/p>\n<p>Plaukiant baidar\u0117mis yra galimyb\u0117 pamatyti kai kuriuos delfinus, tokius pauk\u0161\u010dius kaip m\u0117lynasis garnys, pilkasis garnys, varnos, rudasis pelikanas, karali\u0161kasis \u017euv\u0117dra, didingas fregatas ir unikal\u016bs Los Haitises nacionalinio parko vaizdai. Po 4 valand\u0173 su puse valandos veiklos Los Haitises nacionaliniame parke ir Sabana de la Mar, \u0161i ekskursija baigiasi toje pa\u010dioje vietoje, kur ir prasid\u0117jo.<\/p>\n<p>&nbsp;<\/p>\n<p>Pastaba: \u0161ios ekskursijos vyksta su oficiali\u0173 ekolog\u0173 kelioni\u0173 vadovais. Pra\u0161ome rezervuoti laiku, nes parke n\u0117ra per daug specialist\u0173.<\/p>\n<p>&nbsp;<\/p>\n<p>&nbsp;<\/p>\n<p>K\u0105 tur\u0117tum atsine\u0161ti?<\/p>\n<ul>\n<li aria-level=\"1\">Fotoaparatas<\/li>\n<li aria-level=\"1\">Atbaidantys pumpurai<\/li>\n<li aria-level=\"1\">kremas nuo saul\u0117s<\/li>\n<li aria-level=\"1\">Skryb\u0117l\u0117<\/li>\n<li aria-level=\"1\">Patogios kelnes<\/li>\n<li aria-level=\"1\">B\u0117gimo bateliai<\/li>\n<li aria-level=\"1\">Basut\u0117s plaukimui baidar\u0117mis<\/li>\n<li aria-level=\"1\">Plaukimo apranga<\/li>\n<li aria-level=\"1\">Rank\u0161luos\u010diai<\/li>\n<\/ul>\n<p>&nbsp;<\/p>\n<h4><b><i>Vie\u0161bu\u010dio pa\u0117mimas<\/i><\/b><\/h4>\n<p>\u0160ios kelion\u0117s metu perve\u017eimas \u012f vie\u0161but\u012f nesi\u016blomas.<\/p>\n<p>&nbsp;<\/p>\n<p><b>Pastaba:<\/b>\u00a0Jei rezervuojate per 24 valandas nuo kelion\u0117s\/ekskursijos i\u0161vykimo laiko, mes galime susitarti d\u0117l pa\u0117mimo i\u0161 vie\u0161bu\u010dio su papildomais mokes\u010diais. Kai pirkimas bus baigtas, mes atsi\u0173sime jums vis\u0105 kontaktin\u0119 informacij\u0105 (telefono numer\u012f, el. pa\u0161to adres\u0105 ir kt.), skirt\u0105 m\u016bs\u0173 vietiniam kelioni\u0173 vadovui, kad gal\u0117tume susitarti d\u0117l pa\u0117mimo.<\/p>\n<h4><b><i>Papildomos informacijos patvirtinimas<\/i><\/b><\/h4>\n<ol>\n<li>Bilietai yra kvitas apmok\u0117jus \u0161i\u0105 kelion\u0119. Mok\u0117jim\u0105 galite parodyti savo telefone.<\/li>\n<li>Susitikimo vieta bus gauta po rezervacijos proceso.<\/li>\n<li>Vaikus turi lyd\u0117ti suaug\u0119s asmuo.<\/li>\n<li>Nepritaikoma ne\u012fgaliojo ve\u017eim\u0117liu<\/li>\n<li>K\u016bdikiai turi s\u0117d\u0117ti ant keli\u0173<\/li>\n<li>Nerekomenduojama keliautojams, turintiems nugaros problem\u0173<\/li>\n<li>Nerekomenduojama besilaukian\u010dioms keliautojoms<\/li>\n<li>Joki\u0173 \u0161irdies problem\u0173 ar kit\u0173 rimt\u0173 sveikatos sutrikim\u0173<\/li>\n<li>Dalyvauti gali dauguma keliautoj\u0173<\/li>\n<\/ol>\n<h4><b><i>At\u0161aukimo politika<\/i><\/b><\/h4>\n<p>Nor\u0117dami susigr\u0105\u017einti visas l\u0117\u0161as, at\u0161aukite bent 24 valandas iki patirties prad\u017eios datos.<\/p>\n<\/div>\n<\/div>\n<\/div>\n<\/div>\n<\/div>\n<\/div>\n<div class=\"vc_row wpb_row vc_row-fluid\">\n<div class=\"wpb_column vc_column_container vc_col-sm-12\">\n<div class=\"vc_column-inner\">\n<div class=\"wpb_wrapper\">\n<div class=\"vc_empty_space\"><\/div>\n<div class=\"wpb_text_column wpb_content_element\">\n<div class=\"wpb_wrapper\">\n<h4>Susisiekite su mumis?<\/h4>\n<h5>Nuotyki\u0173 u\u017esakymas<\/h5>\n<p><em><strong>Vietiniai<\/strong>\u00a0ir\u00a0<strong>Tautie\u010diai<\/strong>\u00a0Gidai ir sve\u010di\u0173 paslaugos<\/em><\/p>\n<p><span class=\"text-turquoise\">Rezervacijos:<\/span>\u00a0Ekskursijos ir ekskursijos Dom. Rep.<\/p>\n<p>\ud83d\udcde Tel \/ Whatsapp\u00a0\u00a0<a href=\"tel:+1-809-720-6035\">+1-809-720-6035<\/a>.<\/p>\n<p>\ud83d\udce9\u00a0<a href=\"mailto:info@bookingadventures.com.do\">info@bookingadventures.com.do<\/a><\/p>\n<p><strong>Mes lanks\u010diai nustatome priva\u010dias \u201eWhatsapp\u201c keliones:\u00a0<a href=\"tel:+18097206035\">+18097206035.<\/a><\/strong><\/p>\n<\/div>\n<\/div>\n<\/div>\n<\/div>\n<\/div>\n<\/div>\n\n\t\t<\/div>\n\t<\/div>\n<\/div><\/div><\/div><\/div>","protected":false},"excerpt":{"rendered":"<p>Keliaukite su vietiniu ekspertu ir pasim\u0117gaukite nepakartojama va\u017ein\u0117jimo dvira\u010diu patirtimi, pradedant nuo Sabana de la Mar. \u0160i kelion\u0117 nuves jus pamatyti nuostab\u0173 Dominikos Respublikos kra\u0161tovaizd\u012f. Va\u017eiuodami dvira\u010diu gal\u0117site pasisveikinti! \u016bkininkai, va\u017eiuojantys \u017eirgais ar motociklais \u012f savo nuosavyb\u0119, o kelion\u0117s metu gal\u0117site susipa\u017einti su Sabana de la Mar nuotykiais ir vietine kult\u016bra. Unikali kaln\u0173 dvira\u010di\u0173 patirtis!<\/p>\n<p>&nbsp;<\/p>\n<p><strong>Pra\u0161ome pasirinkti kelion\u0117s dat\u0105:<\/strong><\/p>","protected":false},"featured_media":12738,"template":"","meta":[],"product_cat":[870,946,928,838,930,254,255],"product_tag":[176,211,192,171,209,426,327,175,199,200],"class_list":["post-12429","product","type-product","status-publish","has-post-thumbnail","hentry","product_cat-private-boat-trip-los-haitises","product_cat-1-sabana-de-la-mar","product_cat-boat-trip-los-haitises","product_cat-mangroves-projects","product_cat-mountain-bike-los-haitises","product_cat-tours-excursions-los-haitises-national-park","product_cat-tours-excursions-samana-bay-dominican-republic","product_tag-cano-hondo","product_tag-cano-hondo-hotel","product_tag-day-tour-cano-hondo","product_tag-los-haitises","product_tag-los-haitises-national-park","product_tag-los-haitises-tours","product_tag-private-tours-samana","product_tag-sabana-de-la-mar","product_tag-samana-bay","product_tag-samana-excursions"],"_links":{"self":[{"href":"https:\/\/www.boattoursamana.com\/lt\/wp-json\/wp\/v2\/product\/12429","targetHints":{"allow":["GET"]}}],"collection":[{"href":"https:\/\/www.boattoursamana.com\/lt\/wp-json\/wp\/v2\/product"}],"about":[{"href":"https:\/\/www.boattoursamana.com\/lt\/wp-json\/wp\/v2\/types\/product"}],"wp:featuredmedia":[{"embeddable":true,"href":"https:\/\/www.boattoursamana.com\/lt\/wp-json\/wp\/v2\/media\/12738"}],"wp:attachment":[{"href":"https:\/\/www.boattoursamana.com\/lt\/wp-json\/wp\/v2\/media?parent=12429"}],"wp:term":[{"taxonomy":"product_cat","embeddable":true,"href":"https:\/\/www.boattoursamana.com\/lt\/wp-json\/wp\/v2\/product_cat?post=12429"},{"taxonomy":"product_tag","embeddable":true,"href":"https:\/\/www.boattoursamana.com\/lt\/wp-json\/wp\/v2\/product_tag?post=12429"}],"curies":[{"name":"wp","href":"https:\/\/api.w.org\/{rel}","templated":true}]}}