{"id":12436,"date":"2021-03-24T09:58:12","date_gmt":"2021-03-24T09:58:12","guid":{"rendered":"https:\/\/www.ticketswhales.com\/?post_type=product&#038;p=12436"},"modified":"2023-11-07T20:30:52","modified_gmt":"2023-11-07T20:30:52","slug":"saona-island-rentals-rent-a-private-boat","status":"publish","type":"product","link":"https:\/\/www.boattoursamana.com\/lt\/turas\/saona-salos-nuoma-nuomoja-privacia-valti","title":{"rendered":"Saona salos nuoma \u2013 i\u0161sinuomokite priva\u010di\u0105 valt\u012f"},"content":{"rendered":"<div class=\"vc_row wpb_row vc_row-fluid\" > <div class=\"wpb_column vc_column_container vc_col-sm-12\"><div class=\"vc_column-inner\"><div class=\"wpb_wrapper\"> \n\t<div class=\"wpb_text_column wpb_content_element\" >\n\t\t<div class=\"wpb_wrapper\">\n\t\t\t\n\t\t<\/div>\n\t<\/div>\n <\/div><\/div><\/div> <\/div> <div class=\"wpb_column vc_column_container vc_col-sm-12\"><div class=\"vc_column-inner\"><div class=\"wpb_wrapper\"> <div class=\"vc_btn3-container vc_btn3-inline\" ><button class=\"vc_general vc_btn3 vc_btn3-size-md vc_btn3-shape-rounded vc_btn3-style-modern vc_btn3-color-green\">U\u017dSAKYTI DABAR<\/button><\/div> <\/div><\/div><\/div> <div class=\"vc_tta-container\" data-vc-action=\"collapse\"><div class=\"vc_general vc_tta vc_tta-tabs vc_tta-color-grey vc_tta-style-classic vc_tta-shape-rounded vc_tta-spacing-1 vc_tta-tabs-position-top vc_tta-controls-align-left\"><div class=\"vc_tta-tabs-container\"><ul class=\"vc_tta-tabs-list\"><\/ul><\/div><div class=\"vc_tta-panels-container\"><div class=\"vc_tta-panels\"> <\/div><\/div><\/div><\/div> <div class=\"vc_tta-panel vc_active\" id=\"1616582286467-74629ea8-fd69\" data-vc-content=\".vc_tta-panel-body\"><div class=\"vc_tta-panel-heading\"><h4 class=\"vc_tta-panel-title\"><a href=\"#1616582286467-74629ea8-fd69\" data-vc-accordion data-vc-container=\".vc_tta-container\"><span class=\"vc_tta-title-text\">Apra\u0161ymas<\/span><\/a><\/h4><\/div><div class=\"vc_tta-panel-body\"> \n\t<div class=\"wpb_text_column wpb_content_element\" >\n\t\t<div class=\"wpb_wrapper\">\n\t\t\t<div class=\"custom-left\">\n<div class=\"row\">\n<div class=\"col-md-12 cust-clas\">\n<div class=\"product-header alignleft\">\n<p>SAONOS SALA \u2013 VALTIS \u2013 NUOMA<\/p>\n<p>VISOS DIENOS PRIVATIN\u0116 CHARTIJA SAONOS SALAI<\/p>\n<p>LANKSTU TRUKM\u0116 \u2013 NUO PIRMADIENIO IKI SEKMADIENIO<\/p>\n<\/div>\n<\/div>\n<\/div>\n<\/div>\n<div class=\"custom-left para-p\">\n<div class=\"info_content_label\">\n<p>&nbsp;<\/p>\n<p>&nbsp;<\/p>\n<p>&nbsp;<\/p>\n<p>&nbsp;<\/p>\n<p>Rent this fabulous boat throughout the day for up to 16 people to visit Saona Island.<\/p>\n<p><strong>INCLUDED<\/strong><\/p>\n<ul>\n<li>Crew (Captain and Assistant Captain)<\/li>\n<li>Kuro<\/li>\n<li>Ledo au\u0161intuvas su ledu<\/li>\n<\/ul>\n<p>Food is available for an additional fee:<\/p>\n<p><strong>Details of the traditional buffet lunch, $15 USD p\/p:<\/strong><\/p>\n<p>-Green salad, Russian salad<\/p>\n<p>-Knight<\/p>\n<p>-Moro de Guandule (Dominican-style rice) with coconut<\/p>\n<p>-Pasta in tomato sauce-Cassava casseroles<\/p>\n<p>-\u017duvis ir kepta vi\u0161tiena (dorado) + pasirinktinai kokos\u0173 pieno pada\u017eas<\/p>\n<p>-Fresh fruit-1 non-alcoholic drink (soft drink or water)<br \/>\n-Cafeteria<\/p>\n<p><strong>Additional lobster service + coconut fudge $19 USD (additional).<\/strong><\/p>\n<\/div>\n<p><strong><label>Ne\u012ftrauktos:<\/label><\/strong> G\u0117rimai ir maistas NE\u012eSKAI\u010cIUOTI, juos galima u\u017esisakyti u\u017e papildom\u0105 mokest\u012f.<\/p>\n<p>&nbsp;<\/p>\n<\/div>\n<p>If you need more information or have any questions, do not hesitate to contact us by Whatsapp: +1-809-720-6035 or live chat. We offer the best price online!<\/p>\n<p>&nbsp;<\/p>\n<h4><b><i>At\u0161aukimo politika<\/i><\/b><\/h4>\n<p>Nor\u0117dami susigr\u0105\u017einti visas l\u0117\u0161as, perskaitykite at\u0161aukimo politik\u0105 <a href=\"https:\/\/www.boattoursamana.com\/lt\/uzsakymas-internetu\/\" target=\"_blank\" rel=\"noopener\" data-saferedirecturl=\"https:\/\/www.google.com\/url?q=https:\/\/www.boattoursamana.com\/online-booking\/&amp;source=gmail&amp;ust=1672449202351000&amp;usg=AOvVaw1yAeVAPktmaVCqDujgUn90\">Paspauskite \u010dia<\/a>. Funds will be forfeited if the booking is cancelled on the same day of travel. <\/p>\n\n\t\t<\/div>\n\t<\/div>\n <\/div><\/div> <div class=\"vc_tta-panel\" id=\"1616580432722-00be9baf-46e3\" data-vc-content=\".vc_tta-panel-body\"><div class=\"vc_tta-panel-heading\"><h4 class=\"vc_tta-panel-title\"><a href=\"#1616580432722-00be9baf-46e3\" data-vc-accordion data-vc-container=\".vc_tta-container\"><span class=\"vc_tta-title-text\">Kainos<\/span><\/a><\/h4><\/div><div class=\"vc_tta-panel-body\"> <\/div><\/div> <div class=\"mkdf-section-title-holder\" style=\"text-align: center\">\n\t<div class=\"mkdf-st-inner\">\n\t\t\t\t\t\t\t<h3 class=\"mkdf-st-title\" >\n\t\t\t\tPRICES\t\t\t<\/h3>\n\t\t\t\t\t<\/div>\n<\/div> <div class=\"vc_empty_space\"   style=\"height: 32px\"><span class=\"vc_empty_space_inner\"><\/span><\/div> <div class=\"vc_row wpb_row vc_row-fluid\" > <div class=\"wpb_column vc_column_container vc_col-sm-12\"><div class=\"vc_column-inner\"><div class=\"wpb_wrapper\"> <div class=\"vc_btn3-container vc_btn3-inline\" ><button class=\"vc_general vc_btn3 vc_btn3-size-md vc_btn3-shape-rounded vc_btn3-style-modern vc_btn3-color-green\">U\u017dSAKYTI DABAR<\/button><\/div> <\/div><\/div><\/div> <\/div>","protected":false},"excerpt":{"rendered":"<p>Saona Island Boat Rentals &#8211; Rent a Private Boat, Yacht, Sailboat, Catamaran and Explore Saona Island. Saona Top Boat Tours &amp; Catamaran Excursions from Bayahibe Port in Dominican Republic &#8230; At the beginning it was a Boat Rental Company for local tourism.<\/p>\n<p><strong>Book your Private Boat:\u00a0<\/strong><\/p>","protected":false},"featured_media":11544,"template":"","meta":[],"product_cat":[871],"product_tag":[874,875,872,876,873],"class_list":["post-12436","product","type-product","status-publish","has-post-thumbnail","hentry","product_cat-rent-private-boat-saona-island","product_tag-saona-island-boat-rent","product_tag-saona-island-boat-rentals","product_tag-saona-island-boat-renting","product_tag-saona-island-private-boat","product_tag-saona-island-rentals"],"_links":{"self":[{"href":"https:\/\/www.boattoursamana.com\/lt\/wp-json\/wp\/v2\/product\/12436","targetHints":{"allow":["GET"]}}],"collection":[{"href":"https:\/\/www.boattoursamana.com\/lt\/wp-json\/wp\/v2\/product"}],"about":[{"href":"https:\/\/www.boattoursamana.com\/lt\/wp-json\/wp\/v2\/types\/product"}],"wp:featuredmedia":[{"embeddable":true,"href":"https:\/\/www.boattoursamana.com\/lt\/wp-json\/wp\/v2\/media\/11544"}],"wp:attachment":[{"href":"https:\/\/www.boattoursamana.com\/lt\/wp-json\/wp\/v2\/media?parent=12436"}],"wp:term":[{"taxonomy":"product_cat","embeddable":true,"href":"https:\/\/www.boattoursamana.com\/lt\/wp-json\/wp\/v2\/product_cat?post=12436"},{"taxonomy":"product_tag","embeddable":true,"href":"https:\/\/www.boattoursamana.com\/lt\/wp-json\/wp\/v2\/product_tag?post=12436"}],"curies":[{"name":"wp","href":"https:\/\/api.w.org\/{rel}","templated":true}]}}