{"id":12453,"date":"2021-03-27T19:17:04","date_gmt":"2021-03-27T19:17:04","guid":{"rendered":"https:\/\/www.ticketswhales.com\/?post_type=product&#038;p=12453"},"modified":"2023-11-07T20:26:43","modified_gmt":"2023-11-07T20:26:43","slug":"los-haitises-tainos-canoe-mountain-bike-tour","status":"publish","type":"product","link":"https:\/\/www.boattoursamana.com\/lt\/turas\/los-haitises-tainos-kanojos-kalnu-dviraciu-turas","title":{"rendered":"Kaln\u0173 dvira\u010diai + Taino kanoja Los Haitises"},"content":{"rendered":"<div class=\"vc_row wpb_row vc_row-fluid\" ><div class=\"wpb_column vc_column_container vc_col-sm-12\"><div class=\"vc_column-inner\"><div class=\"wpb_wrapper\"><div class=\"vc_btn3-container vc_btn3-inline\" ><button class=\"vc_general vc_btn3 vc_btn3-size-md vc_btn3-shape-rounded vc_btn3-style-modern vc_btn3-color-green\">U\u017dSAKYTI DABAR<\/button><\/div>\n\t<div class=\"wpb_text_column wpb_content_element\" >\n\t\t<div class=\"wpb_wrapper\">\n\t\t\t<p><span style=\"vertical-align: inherit;\"><span style=\"vertical-align: inherit;\"><\/p>\n\n\t\t<\/div>\n\t<\/div>\n\n\t<div class=\"wpb_text_column wpb_content_element\" >\n\t\t<div class=\"wpb_wrapper\">\n\t\t\t<p><\/span><\/span><\/p>\n<h2>Kaln\u0173 dvira\u010diai + Taino kanoja Los Haitises<\/h2>\n<p>&nbsp;<\/p>\n<p>Keliaukite su vietiniu ekspertu ir pasim\u0117gaukite nepakartojama va\u017eiavimo dvira\u010diu patirtimi, pradedant nuo Sabana de la Mar. \u0160i kelion\u0117 nuves jus ap\u017ei\u016br\u0117ti nuostab\u0173 Dominikos Respublikos kra\u0161tovaizd\u012f. Va\u017eiuodami dvira\u010diu gal\u0117site pasisveikinti! \u016bkininkams, va\u017eiuojantiems \u017eirgais ar motociklais \u012f savo nuosavyb\u0119, o kelion\u0117s metu gal\u0117site susipa\u017einti su nuotykiais ir susipa\u017einti su vietine Sabana de la Mar kult\u016bra. Keletas fakt\u0173 apie Los Haitises: yra vienas did\u017eiausi\u0173 kalkakmenio darini\u0173 pasaulyje, vieta, kur saugomos endemin\u0117s r\u016b\u0161ys. Vieta, kurioje yra did\u017eioji salos biologin\u0117 \u012fvairov\u0117, yra vienas did\u017eiausi\u0173 Kvisk\u0117jos mangrovi\u0173 mi\u0161k\u0173 ir urvas su daugiausiai Karib\u0173 j\u016bros piktogram\u0173.<\/p>\n<p>Domina kasdienis Ta\u00ednos gyvenimas? Vykdydami \u201eTaino Adventure\u201c veikl\u0105 b\u016bsite nukeliav\u0119 atgal, kad patirtum\u0117te Dominikos Respublikos vietini\u0173 taut\u0173 pasaul\u012f.<\/p>\n<p>Kanojos, be abejo, buvo svarbiausia Ta\u00ednos gyvenimo dalis. Su juo jie \u017evejodavo, keliaudavo \u012f ma\u017eesnes salas, bendraudavo su kitomis gentimis, lankydavosi pas \u0161amanus ritualams, gydymams, prana\u0161audavo. \u201eBooking Adventures\u201c norime pasinerti \u012f Ta\u00ednos pasaul\u012f.<\/p>\n<p>&nbsp;<\/p>\n<h4><a id=\"inclusions-exclusions\" class=\"aal_anchor\" href=\"https:\/\/bookingadventures.com.do\/dominicantour\/mountain-bikes-tainos-canoe-los-haitises\/#inclusions-exclusions\" aria-hidden=\"true\" rel=\"noopener\"><\/a><b>\u012etraukimai ir i\u0161imtys<\/b><\/h4>\n<p><b>Inkliuzai<\/b><\/p>\n<ol>\n<li>Kelion\u0117 baidar\u0117mis<\/li>\n<li>kaln\u0173 dvira\u010diai<\/li>\n<li>Nemokami mar\u0161kin\u0117liai su Taino piktograma<\/li>\n<li>Casabe duonos skonis<\/li>\n<li>Ekskursijos po urvus<\/li>\n<li>Visi mokes\u010diai, rinkliavos ir tvarkymo mokes\u010diai<\/li>\n<li>Vietiniai mokes\u010diai<\/li>\n<li>Vietinis gidas<\/li>\n<\/ol>\n<p><b>I\u0161imtys<\/b><\/p>\n<ol>\n<li>Arbatpinigiai<\/li>\n<li>Perdavimas<\/li>\n<li>Piet\u016bs ne\u012fskai\u010diuoti<\/li>\n<li>Alkoholiniai g\u0117rimai<\/li>\n<\/ol>\n<p>&nbsp;<\/p>\n<h4><a id=\"departure-return\" class=\"aal_anchor\" href=\"https:\/\/bookingadventures.com.do\/dominicantour\/mountain-bikes-tainos-canoe-los-haitises\/#departure-return\" aria-hidden=\"true\" rel=\"noopener\"><\/a><em><strong>I\u0161vykimas ir gr\u012f\u017eimas<\/strong><\/em><\/h4>\n<p>Keliautojas gaus susitikimo viet\u0105 po rezervacijos proceso. Ekskursijos prasideda ir baigiasi m\u016bs\u0173 susitikimo vietose.<\/p>\n<h4><a id=\"what-to-expect\" class=\"aal_anchor\" href=\"https:\/\/bookingadventures.com.do\/dominicantour\/mountain-bikes-tainos-canoe-los-haitises\/#what-to-expect\" aria-hidden=\"true\" rel=\"noopener\"><\/a><b><i>Ko tik\u0117tis?<\/i><\/b><\/h4>\n<p>Vykdydami \u0161i\u0105 veikl\u0105 plauksite rankomis sukurtomis baidar\u0117mis, kaip tai dar\u0117 Ta\u00ednos. I\u0161girsite daug gars\u0173, \u017eymin\u010di\u0173 j\u0173 ry\u0161\u012f su gamta: gervi\u0173 \u0161auksm\u0105, krab\u0173 panirim\u0105 \u012f vanden\u012f ir \u0161veln\u0173 bang\u0173 dau\u017eym\u0105 \u012f nat\u016bralias uolienas. Mangrovi\u0173 \u0161akn\u0173 arkos primins katedras, o Ta\u00ednos (nors ir netur\u0117jo ba\u017eny\u010di\u0173) buvo giliai dvasingi. I\u0161vyk\u0119 su m\u016bs\u0173 gidu gal\u0117site m\u0117gautis gausia mangrovi\u0173 pauk\u0161\u010di\u0173, ropli\u0173 ir \u017euv\u0173 \u012fvairove. Apakino nuo ryto \u0161viesoje mirksin\u010di\u0173 bang\u0173, tolumoje esan\u010di\u0173 Samanos kaln\u0173 ir si\u016bbuojan\u010di\u0173 palmi\u0173 smaragdo \u017ealios spalvos.<\/p>\n<p>Tada gal\u0117site aplankyti kai kuriuos urvus, kurie buvo ypa\u010d svarb\u016bs Ta\u00ednos. Jie keliaudavo i\u0161 urvo \u012f urv\u0105, lankydavo i\u0161min\u010dius, gaudavo prieglobst\u012f nuo uragan\u0173 ir susitikdavo su kitomis gentimis. Kai b\u016bsite urvuose, gal\u0117site \u012fvertinti tyl\u0105 ir \u0161vent\u0105 erdv\u0117s aur\u0105. Pamatysite kai kuriuos uol\u0173 rai\u017einius, vadinamus petroglifais, vaizduojan\u010dius j\u0173 dievybes ir dvasias. Galiausiai gal\u0117site paragauti t\u0173 pa\u010di\u0173 atogr\u0105\u017e\u0173 vaisi\u0173, kuriuos Ta\u00ednos surinko prie\u0161 gr\u012f\u017edamas \u012f susitikimo viet\u0105.<\/p>\n<p>\u0160ioje kelion\u0117je m\u016bs\u0173 ekspertai apra\u0161ys daugyb\u0119 kanojos naudojimo b\u016bd\u0173, kaip Tainai gyveno iki Kolumbo laik\u0173 ir kaip mangrovi\u0173 mi\u0161kas yra b\u016btinas aplinkos sveikatai.<\/p>\n<p>&nbsp;<\/p>\n<h4><a id=\"what-you-should-bring\" class=\"aal_anchor\" href=\"https:\/\/bookingadventures.com.do\/dominicantour\/mountain-bikes-tainos-canoe-los-haitises\/#what-you-should-bring\" aria-hidden=\"true\" rel=\"noopener\"><\/a><em><strong>K\u0105 tur\u0117tum atsine\u0161ti?<\/strong><\/em><\/h4>\n<ul>\n<li>Fotoaparatas<\/li>\n<li>Atbaidantys pumpurai<\/li>\n<li>kremas nuo saul\u0117s<\/li>\n<li>Skryb\u0117l\u0117<\/li>\n<li>Patogios kelnes<\/li>\n<li>Sandalai ar batai purvinoms vietoms.<\/li>\n<li>Plaukimo apranga<\/li>\n<\/ul>\n<p>&nbsp;<\/p>\n<h4><a id=\"hotel-pickup\" class=\"aal_anchor\" href=\"https:\/\/bookingadventures.com.do\/dominicantour\/mountain-bikes-tainos-canoe-los-haitises\/#hotel-pickup\" aria-hidden=\"true\" rel=\"noopener\"><\/a><b><i>Vie\u0161bu\u010dio pa\u0117mimas<\/i><\/b><\/h4>\n<p>\u0160ios kelion\u0117s metu perve\u017eimas \u012f vie\u0161but\u012f nesi\u016blomas.<\/p>\n<p><b>Pastaba:<\/b>\u00a0Jei rezervuojate per 24 valandas nuo kelion\u0117s\/ekskursijos i\u0161vykimo laiko, mes galime susitarti d\u0117l pa\u0117mimo i\u0161 vie\u0161bu\u010dio su papildomais mokes\u010diais. Kai pirkimas bus baigtas, mes atsi\u0173sime jums vis\u0105 kontaktin\u0119 informacij\u0105 (telefono numer\u012f, el. pa\u0161to adres\u0105 ir kt.), skirt\u0105 m\u016bs\u0173 vietiniam kelioni\u0173 vadovui, kad gal\u0117tume susitarti d\u0117l pa\u0117mimo.<\/p>\n<h4><a id=\"additional-info-confirmation\" class=\"aal_anchor\" href=\"https:\/\/bookingadventures.com.do\/dominicantour\/mountain-bikes-tainos-canoe-los-haitises\/#additional-info-confirmation\" aria-hidden=\"true\" rel=\"noopener\"><\/a><b><i>Papildomos informacijos patvirtinimas<\/i><\/b><\/h4>\n<ol>\n<li>Bilietai yra kvitas apmok\u0117jus \u0161i\u0105 kelion\u0119. Mok\u0117jim\u0105 galite parodyti savo telefone.<\/li>\n<li>Susitikimo vieta bus gauta po rezervacijos proceso.<\/li>\n<li>Vaikus turi lyd\u0117ti suaug\u0119s asmuo.<\/li>\n<li>Nepritaikoma ne\u012fgaliojo ve\u017eim\u0117liu<\/li>\n<li>K\u016bdikiai turi s\u0117d\u0117ti ant keli\u0173<\/li>\n<li>Nerekomenduojama keliautojams, turintiems nugaros problem\u0173<\/li>\n<li>Nerekomenduojama besilaukian\u010dioms keliautojoms<\/li>\n<li>Joki\u0173 \u0161irdies problem\u0173 ar kit\u0173 rimt\u0173 sveikatos sutrikim\u0173<\/li>\n<li>Dalyvauti gali dauguma keliautoj\u0173<\/li>\n<\/ol>\n\n\t\t<\/div>\n\t<\/div>\n<\/div><\/div><\/div><\/div><div class=\"wpb_column vc_column_container vc_col-sm-12\"><div class=\"vc_column-inner\"><div class=\"wpb_wrapper\"><\/div><\/div><\/div><div class=\"wpb_column vc_column_container vc_col-sm-12\"><div class=\"vc_column-inner\"><div class=\"wpb_wrapper\"><\/div><\/div><\/div><div class=\"wpb_column vc_column_container vc_col-sm-12\"><div class=\"vc_column-inner\"><div class=\"wpb_wrapper\"><\/div><\/div><\/div><div class=\"wpb_column vc_column_container vc_col-sm-12\"><div class=\"vc_column-inner\"><div class=\"wpb_wrapper\"><\/div><\/div><\/div><div class=\"wpb_column vc_column_container vc_col-sm-12\"><div class=\"vc_column-inner\"><div class=\"wpb_wrapper\"><\/div><\/div><\/div>","protected":false},"excerpt":{"rendered":"<p><span style=\"font-weight: 400;\"><span style=\"vertical-align: inherit;\"><span style=\"vertical-align: inherit;\">\u0160ioje veikloje, kaip ir tainie\u010diai, leisit\u0117s rank\u0173 darbo baidar\u0117mis. I\u0161girsite daug gars\u0173, kurie pa\u017eym\u0117jo j\u0173 ry\u0161\u012f su gamta: gervi\u0173 \u0161auksm\u0105, krab\u0173 panirim\u0105 \u012f vanden\u012f ir \u0161veln\u0173 bang\u0173 dau\u017eym\u0105 \u012f nat\u016bralias uolienas. Mangrovi\u0173 \u0161akn\u0173 arkos primins katedras, o i\u0161 tikr\u0173j\u0173 tainai (nors ir netur\u0117jo ba\u017eny\u010di\u0173) buvo giliai dvasingi. <\/span><\/span><\/span><\/p>\n<p><span style=\"font-weight: 400;\"><span style=\"vertical-align: inherit;\"><span style=\"vertical-align: inherit;\"> I\u0161vyk\u0119 su m\u016bs\u0173 gidu, mangrov\u0117se gal\u0117site m\u0117gautis gausia pauk\u0161\u010di\u0173, ropli\u0173 ir \u017euv\u0173 \u012fvairove. Apakinti ryto \u0161viesoje mirgan\u010di\u0173 bang\u0173, tolumoje esan\u010di\u0173 Samanos kaln\u0173 ir si\u016bbuojan\u010di\u0173 palmi\u0173 smaragdo \u017ealumo.\u00a0<\/span><\/span><\/span><\/p>\n<p><strong>Pasirinkite ekskursijos dat\u0105:<\/strong><\/p>","protected":false},"featured_media":12221,"template":"","meta":[],"product_cat":[838,946,867,930,926,254,255],"product_tag":[176,211,868,869,192,319,208,206,207,171,877,209,426,837,327,175,199,200],"class_list":["post-12453","product","type-product","status-publish","has-post-thumbnail","hentry","product_cat-mangroves-projects","product_cat-1-sabana-de-la-mar","product_cat-los-haitises","product_cat-mountain-bike-los-haitises","product_cat-tainos-canoes","product_cat-tours-excursions-los-haitises-national-park","product_cat-tours-excursions-samana-bay-dominican-republic","product_tag-cano-hondo","product_tag-cano-hondo-hotel","product_tag-canoes","product_tag-canoes-dominican-republic","product_tag-day-tour-cano-hondo","product_tag-kayak-dominican-republic","product_tag-kayaking-dominican-republic","product_tag-kayaking-los-haitises","product_tag-kayaks","product_tag-los-haitises","product_tag-los-haitises-mountain-bike","product_tag-los-haitises-national-park","product_tag-los-haitises-tours","product_tag-mangroves-reforestation-in-los-haitises-with-locals","product_tag-private-tours-samana","product_tag-sabana-de-la-mar","product_tag-samana-bay","product_tag-samana-excursions"],"_links":{"self":[{"href":"https:\/\/www.boattoursamana.com\/lt\/wp-json\/wp\/v2\/product\/12453","targetHints":{"allow":["GET"]}}],"collection":[{"href":"https:\/\/www.boattoursamana.com\/lt\/wp-json\/wp\/v2\/product"}],"about":[{"href":"https:\/\/www.boattoursamana.com\/lt\/wp-json\/wp\/v2\/types\/product"}],"wp:featuredmedia":[{"embeddable":true,"href":"https:\/\/www.boattoursamana.com\/lt\/wp-json\/wp\/v2\/media\/12221"}],"wp:attachment":[{"href":"https:\/\/www.boattoursamana.com\/lt\/wp-json\/wp\/v2\/media?parent=12453"}],"wp:term":[{"taxonomy":"product_cat","embeddable":true,"href":"https:\/\/www.boattoursamana.com\/lt\/wp-json\/wp\/v2\/product_cat?post=12453"},{"taxonomy":"product_tag","embeddable":true,"href":"https:\/\/www.boattoursamana.com\/lt\/wp-json\/wp\/v2\/product_tag?post=12453"}],"curies":[{"name":"wp","href":"https:\/\/api.w.org\/{rel}","templated":true}]}}