{"id":12626,"date":"2021-07-23T06:20:17","date_gmt":"2021-07-23T06:20:17","guid":{"rendered":"https:\/\/www.ticketswhales.com\/?post_type=product&#038;p=12626"},"modified":"2023-11-06T14:32:03","modified_gmt":"2023-11-06T14:32:03","slug":"hike-kayak-los-haitises-national-park-from-juan-dolio","status":"publish","type":"product","link":"https:\/\/www.boattoursamana.com\/lt\/turas\/zygis-baidaremis-los-haitises-national-park-from-juan-dolio","title":{"rendered":"\u017dygis + baidar\u0117s Los Haitises nacionalinis parkas i\u0161 Juan Dolio"},"content":{"rendered":"<div class=\"vc_row wpb_row vc_row-fluid\" ><div class=\"wpb_column vc_column_container vc_col-sm-12\"><div class=\"vc_column-inner\"><div class=\"wpb_wrapper\"><div class=\"vc_btn3-container vc_btn3-inline\" ><button class=\"vc_general vc_btn3 vc_btn3-size-md vc_btn3-shape-rounded vc_btn3-style-modern vc_btn3-color-green\">U\u017dSAKYTI DABAR<\/button><\/div>\n\t<div class=\"wpb_text_column wpb_content_element\" >\n\t\t<div class=\"wpb_wrapper\">\n\t\t\t<h4><b><i>Ap\u017evalga <\/i><\/b><\/h4>\n<p>\u0160is p\u0117s\u010di\u0173j\u0173 takas + baidari\u0173 turas prasideda nuo Juan Dolio su perve\u017eimu i\u0161 vie\u0161bu\u010di\u0173. Po to atvykstame \u012f park\u0105, kuriame apie 2 valandas \u017eygiuosime dr\u0117gnuoju mi\u0161ku Los Haitises nacionaliniame parke. Su\u017einosite apie \u0161ios vietov\u0117s vaistinius augalus, pamatysite pla\u010dialapi\u0173 mi\u0161k\u0173 pirminio ir antrinio Los Haitises nacionalinio parko kalnus ir tuo pa\u010diu pasieksite Jivales up\u0117s \u0161altin\u012f, i\u0161 kurio plaukia nat\u016bral\u016bs Eco-lodge Ca\u00f1o Hondo baseinai. Tada paimame J\u016bs\u0173 saugumui reikaling\u0105 \u012frang\u0105 (gelb\u0117jimosi liemenes ir kt.), baidares ir plaukim\u0105 per mangrovi\u0173 pelkes. Pamatysite kelet\u0105 pauk\u0161\u010di\u0173 pripildyt\u0173 mangrovi\u0173, ve\u0161lios augmenijos kalvos. Per mangroves ir \u017eem\u0119 atviroje San Lorenzo \u012flankoje, i\u0161 kurios galite fotografuoti at\u0161iaur\u0173 mi\u0161ko kra\u0161tovaizd\u012f.<\/p>\n<p>Po \u0161ios patirties gr\u012f\u0161ite \u012f Cano Hondo arba Sabana de la mar \u012f Juan Dolio rajonus.<\/p>\n<ul>\n<li style=\"font-weight: 400;\">Mokes\u010diai \u012fskai\u010diuoti<\/li>\n<li>Los Haitises nacionalinio parko \u017eygis p\u0117s\u010diomis<\/li>\n<li style=\"font-weight: 400;\"><span style=\"font-weight: 400;\">Vadove pateikiami nurodymai ir prie\u017ei\u016bra<\/span><\/li>\n<\/ul>\n<p>&nbsp;<\/p>\n<h4><b>\u012etraukimai ir i\u0161imtys<\/b><\/h4>\n<p>&nbsp;<\/p>\n<p><b>Inkliuzai<\/b><\/p>\n<p>&nbsp;<\/p>\n<ol>\n<li style=\"font-weight: 400;\">Los Haitises nacionalinis parkas<\/li>\n<li>\u017dygis + baidar\u0117s<\/li>\n<li style=\"font-weight: 400;\"><span style=\"font-weight: 400;\">Visi mokes\u010diai, rinkliavos ir tvarkymo mokes\u010diai<\/span><\/li>\n<li style=\"font-weight: 400;\"><span style=\"font-weight: 400;\">Vietiniai mokes\u010diai<\/span><\/li>\n<li style=\"font-weight: 400;\"><span style=\"font-weight: 400;\">G\u0117rimai<\/span><\/li>\n<li style=\"font-weight: 400;\"><span style=\"font-weight: 400;\">Visa veikla<\/span><\/li>\n<li style=\"font-weight: 400;\"><span style=\"font-weight: 400;\">Vietinis gidas<\/span><\/li>\n<li><span style=\"font-weight: 400;\">Perdavimas<\/span><\/li>\n<li>Piet\u016bs su vietiniais<\/li>\n<\/ol>\n<p><b> I\u0161imtys<\/b><\/p>\n<ol>\n<li style=\"font-weight: 400;\"><span style=\"font-weight: 400;\">Arbatpinigiai<\/span><\/li>\n<li style=\"font-weight: 400;\"><span style=\"font-weight: 400;\">Alkoholiniai g\u0117rimai<\/span><\/li>\n<\/ol>\n<p>&nbsp;<\/p>\n<h4><em><strong>I\u0161vykimas ir gr\u012f\u017eimas<\/strong><\/em><\/h4>\n<p><span style=\"font-weight: 400;\">Keliautojas gaus susitikimo viet\u0105 po rezervacijos proceso. Ekskursijos prasideda ir baigiasi m\u016bs\u0173 susitikimo vietose.<\/span><\/p>\n<p>&nbsp;<\/p>\n<h2>\u017dygis + baidar\u0117s Los Haitises nacionalinis parkas i\u0161 Juan Dolio<\/h2>\n<h4><b><i>Ko tik\u0117tis?<\/i><\/b><\/h4>\n<p>Nacionalinio parko pavadinimas kil\u0119s nuo pirm\u0173j\u0173 jo gyventoj\u0173 Taino ind\u0117n\u0173. J\u0173 kalba \u201ehaitis\u201c rei\u0161kia auk\u0161tumos arba kalvos, nuoroda \u012f pakrant\u0117s sta\u010dius geologinius darinius su kalkakmeniais. Plaukimas baidar\u0117mis trunka 2 valandas.<\/p>\n<p>Mokymasis apie istorij\u0105 ir gamt\u0105 su vietiniais gidais, kurie u\u017eauga kaip aplinkosaugininkai ir savanoriai \u0161ioje projekto teritorijoje. Ekskursija, kuri\u0105 organizuoja \u201eBooking Adventures\u201c, prasideda susitikimo ta\u0161ke, kuriame dalyvauja kelioni\u0173 vadovas.<\/p>\n<p>Po pradinio pasivaik\u0161\u010diojimo per laukus ir dirbamus plotus prad\u0117site vaik\u0161\u010dioti po kokos\u0173 ir kakav\u0173 mi\u0161k\u0105. Kiekvien\u0105 minut\u0119 pasinerkite \u012f pagrindin\u012f ir unikal\u0173 saugom\u0105 Los Haitises nacionalinio parko mi\u0161ko plot\u0105. U\u017esukite \u012f rezervavimo nuotykius ir prad\u0117kite tikrinti kai kurias endemik\u0173 pauk\u0161\u010di\u0173, \u017einduoli\u0173 ir augal\u0173 r\u016b\u0161is, ve\u0161lios augmenijos kalvas ir urvus <em><strong>Los Haitises nacionalinis parkas<\/strong><\/em>.<\/p>\n<div class=\"body-description secondary\">\n<p>Nacionalinio parko pavadinimas kil\u0119s nuo pirm\u0173j\u0173 jo gyventoj\u0173 Taino ind\u0117n\u0173. J\u0173 kalba \u201ehaitis\u201c rei\u0161kia auk\u0161tumos arba kalvos, nuoroda \u012f pakrant\u0117s sta\u010dius geologinius darinius su kalkakmeniais. Pasivaik\u0161\u010diokite giliau \u012f park\u0105 ir ap\u017ei\u016br\u0117kite urvus, tokius kaip <em><strong>Cueva de la Arena<\/strong><\/em> ir <strong><em>Cueva de la L\u00ednea. Ekskursij\u0105 laivu galite suderinti su \u017eygiu p\u0117s\u010diomis. Tiesiog susisiekite su mumis.<\/em><\/strong><\/p>\n<p>Draustinyje esan\u010dius urvus kaip prieglobst\u012f naudojo taino ind\u0117nai, o v\u0117liau \u2013 piratai. Ie\u0161kokite ind\u0117n\u0173 pie\u0161ini\u0173, kurie puo\u0161ia kai kurias sienas. Atogr\u0105\u017e\u0173 mi\u0161ke yra daugiau nei 700 \u0161imt\u0173 augal\u0173 r\u016b\u0161i\u0173, stengiam\u0117s lankytojus supa\u017eindinti su visais mums pa\u017e\u012fstamais vaistiniais augalais \u0161iame p\u0117s\u010di\u0173j\u0173 take.<\/p>\n<p>Atvykite mokytis, \u017eygiuoti ir m\u0117gautis tikra Los Haitises nacionalinio parko gamta.<\/p>\n<\/div>\n<p>&nbsp;<\/p>\n<h4><em><strong>K\u0105 tur\u0117tum atsine\u0161ti?<\/strong><\/em><\/h4>\n<ul>\n<li style=\"font-weight: 400;\"><span style=\"font-weight: 400;\">Fotoaparatas<\/span><\/li>\n<li style=\"font-weight: 400;\"><span style=\"font-weight: 400;\">Atbaidantys pumpurai<\/span><\/li>\n<li style=\"font-weight: 400;\"><span style=\"font-weight: 400;\">Kremas nuo saul\u0117s<\/span><\/li>\n<li style=\"font-weight: 400;\"><span style=\"font-weight: 400;\">Skryb\u0117l\u0117<\/span><\/li>\n<li style=\"font-weight: 400;\"><span style=\"font-weight: 400;\">Patogios kelnes<\/span><\/li>\n<li style=\"font-weight: 400;\"><span style=\"font-weight: 400;\">\u017dygio batai mi\u0161kui<\/span><\/li>\n<li style=\"font-weight: 400;\"><span style=\"font-weight: 400;\">Sandalai pavasario zonoms.<\/span><\/li>\n<li style=\"font-weight: 400;\"><span style=\"font-weight: 400;\">Plaukimo apranga<\/span><\/li>\n<\/ul>\n<p>&nbsp;<\/p>\n<h4><b><i>Vie\u0161bu\u010dio pa\u0117mimas <\/i><\/b><\/h4>\n<p><span style=\"font-weight: 400;\">\u0160ios ekskursijos metu si\u016blomas pa\u0117mimas i\u0161 vie\u0161bu\u010dio.\u00a0<\/span><\/p>\n<p><b>Pastaba:<\/b><span style=\"font-weight: 400;\"> Jei rezervuojate per 24 valandas nuo kelion\u0117s\/ekskursijos i\u0161vykimo laiko, mes galime susitarti d\u0117l pa\u0117mimo i\u0161 vie\u0161bu\u010dio su papildomais mokes\u010diais. Kai pirkimas bus baigtas, mes atsi\u0173sime jums vis\u0105 kontaktin\u0119 informacij\u0105 (telefono numer\u012f, el. pa\u0161to adres\u0105 ir kt.), skirt\u0105 m\u016bs\u0173 vietiniam kelioni\u0173 vadovui, kad gal\u0117tume susitarti d\u0117l pa\u0117mimo.<\/span><\/p>\n<h4><b><i>Papildomos informacijos patvirtinimas <\/i><\/b><\/h4>\n<ol>\n<li>Bilietai yra kvitas apmok\u0117jus \u0161i\u0105 kelion\u0119. Mok\u0117jim\u0105 galite parodyti savo telefone.<\/li>\n<li style=\"font-weight: 400;\"><span style=\"font-weight: 400;\">Susitikimo vieta bus gauta po rezervacijos proceso.<\/span><\/li>\n<li style=\"font-weight: 400;\"><span style=\"font-weight: 400;\">Vaikus turi lyd\u0117ti suaug\u0119s asmuo.<\/span><\/li>\n<li style=\"font-weight: 400;\"><span style=\"font-weight: 400;\"> Nepritaikoma ne\u012fgaliojo ve\u017eim\u0117liu <\/span><\/li>\n<li style=\"font-weight: 400;\"><span style=\"font-weight: 400;\">K\u016bdikiai turi s\u0117d\u0117ti ant keli\u0173 <\/span><\/li>\n<li style=\"font-weight: 400;\"><span style=\"font-weight: 400;\">Nerekomenduojama keliautojams, turintiems nugaros problem\u0173<\/span><\/li>\n<li style=\"font-weight: 400;\"><span style=\"font-weight: 400;\">Nerekomenduojama besilaukian\u010dioms keliautojoms <\/span><\/li>\n<li style=\"font-weight: 400;\"><span style=\"font-weight: 400;\"> Joki\u0173 \u0161irdies problem\u0173 ar kit\u0173 rimt\u0173 sveikatos sutrikim\u0173 <\/span><\/li>\n<li style=\"font-weight: 400;\"><span style=\"font-weight: 400;\">Dalyvauti gali dauguma keliautoj\u0173<\/span><\/li>\n<\/ol>\n<h4><b><i>At\u0161aukimo politika<\/i><\/b><\/h4>\n<p>Nor\u0117dami susigr\u0105\u017einti visas l\u0117\u0161as, perskaitykite at\u0161aukimo politik\u0105\u00a0<a href=\"https:\/\/www.boattoursamana.com\/lt\/uzsakymas-internetu\/\" target=\"_blank\" rel=\"noopener\" data-saferedirecturl=\"https:\/\/www.google.com\/url?q=https:\/\/www.boattoursamana.com\/online-booking\/&amp;source=gmail&amp;ust=1672449202351000&amp;usg=AOvVaw1yAeVAPktmaVCqDujgUn90\">Paspauskite \u010dia<\/a>. L\u0117\u0161os bus prarastos, jei rezervacija bus at\u0161aukta t\u0105 pa\u010di\u0105 kelion\u0117s dien\u0105.<\/p>\n\n\t\t<\/div>\n\t<\/div>\n<\/div><\/div><\/div><\/div><div class=\"vc_row wpb_row vc_row-fluid\" ><div class=\"wpb_column vc_column_container vc_col-sm-12\"><div class=\"vc_column-inner\"><div class=\"wpb_wrapper\"><div class=\"vc_btn3-container vc_btn3-inline\" ><button class=\"vc_general vc_btn3 vc_btn3-size-md vc_btn3-shape-rounded vc_btn3-style-modern vc_btn3-color-green\">U\u017dSAKYTI DABAR<\/button><\/div>\n\t<div class=\"wpb_video_widget wpb_content_element vc_clearfix   vc_video-aspect-ratio-169 vc_video-el-width-100 vc_video-align-left\" >\n\t\t<div class=\"wpb_wrapper\">\n\t\t\t<h2 class=\"wpb_heading wpb_video_heading\">Haitises baidar\u0117s<\/h2>\n\t\t\t<div class=\"wpb_video_wrapper\"><iframe loading=\"lazy\" title=\"Baidari\u0173 ir speleo \u017eygis Los Haitises nacionaliniame parke, Dominikos Respublikoje\" width=\"1100\" height=\"619\" src=\"https:\/\/www.youtube.com\/embed\/ucU1uwB57wQ?feature=oembed\" frameborder=\"0\" allow=\"accelerometer; autoplay; clipboard-write; encrypted-media; gyroscope; picture-in-picture; web-share\" allowfullscreen><\/iframe><\/div>\n\t\t<\/div>\n\t<\/div>\n<\/div><\/div><\/div><\/div><div class=\"vc_row wpb_row vc_row-fluid\" ><\/div><div class=\"wpb_column vc_column_container vc_col-sm-12\"><div class=\"vc_column-inner\"><div class=\"wpb_wrapper\"><\/div><\/div><\/div><div class=\"vc_empty_space\"   style=\"height: 32px\"><span class=\"vc_empty_space_inner\"><\/span><\/div><div class=\"vc_empty_space\"   style=\"height: 32px\"><span class=\"vc_empty_space_inner\"><\/span><\/div><div class=\"vc_row wpb_row vc_row-fluid\" ><div class=\"wpb_column vc_column_container vc_col-sm-12\"><div class=\"vc_column-inner\"><div class=\"wpb_wrapper\"><\/div><\/div><\/div><\/div>","protected":false},"excerpt":{"rendered":"<p>Nuva\u017eiavus i\u0161 Juan dolio \u012f Sabana de la mar. 2 valand\u0173 \u017eygis ir plaukimas baidar\u0117mis mangrov\u0117mis Los Haitises nacionaliniame parke su vietiniu gidu i\u0161 Sabana de la Mar. Atogr\u0105\u017e\u0173 mi\u0161k\u0173, kokos\u0173, kavos ir kakavos vietovi\u0173 lankymas. Su\u017einokite apie originali\u0105 Los Haitises nacionalinio parko istorij\u0105.<\/p>\n<p>&nbsp;<\/p>\n<p><em><strong>Pasirinkite \u017eygio dat\u0105:<\/strong><\/em><\/p>","protected":false},"featured_media":8672,"template":"","meta":[],"product_cat":[456,946,178,927,934,254,255],"product_tag":[422,268,174,173,577,576,571,570,569,317,316,206,899,209,575,441,574,572,499,175,498,200,187,573],"class_list":["post-12626","product","type-product","status-publish","has-post-thumbnail","hentry","product_cat-day-trips","product_cat-1-sabana-de-la-mar","product_cat-hiking","product_cat-hiking-los-haitises","product_cat-kayaking-los-haitises","product_cat-tours-excursions-los-haitises-national-park","product_cat-tours-excursions-samana-bay-dominican-republic","product_tag-cano-hondo-sabana-de-la-mar","product_tag-caves-los-haitises","product_tag-eco-tours","product_tag-excursion","product_tag-hike-kayak","product_tag-hike-kayak-los-haitises-national-park","product_tag-hiking-los-haitises","product_tag-hiking-sabana-de-la-mar","product_tag-hiking-samana","product_tag-kayak-tour","product_tag-kayaking","product_tag-kayaking-los-haitises","product_tag-los-haitises-juan-dolio","product_tag-los-haitises-national-park","product_tag-los-haitises-national-park-entrance-fee","product_tag-los-haitises-national-park-tour-from-las-terrenas","product_tag-los-haitises-national-park-tour-from-santo-domingo","product_tag-los-haitises-national-park-weather","product_tag-los-haitises-sabana-de-la-mar","product_tag-sabana-de-la-mar","product_tag-sabana-de-la-mar-tour","product_tag-samana-excursions","product_tag-samana-tours","product_tag-secrets-of-los-haitises"],"_links":{"self":[{"href":"https:\/\/www.boattoursamana.com\/lt\/wp-json\/wp\/v2\/product\/12626","targetHints":{"allow":["GET"]}}],"collection":[{"href":"https:\/\/www.boattoursamana.com\/lt\/wp-json\/wp\/v2\/product"}],"about":[{"href":"https:\/\/www.boattoursamana.com\/lt\/wp-json\/wp\/v2\/types\/product"}],"wp:featuredmedia":[{"embeddable":true,"href":"https:\/\/www.boattoursamana.com\/lt\/wp-json\/wp\/v2\/media\/8672"}],"wp:attachment":[{"href":"https:\/\/www.boattoursamana.com\/lt\/wp-json\/wp\/v2\/media?parent=12626"}],"wp:term":[{"taxonomy":"product_cat","embeddable":true,"href":"https:\/\/www.boattoursamana.com\/lt\/wp-json\/wp\/v2\/product_cat?post=12626"},{"taxonomy":"product_tag","embeddable":true,"href":"https:\/\/www.boattoursamana.com\/lt\/wp-json\/wp\/v2\/product_tag?post=12626"}],"curies":[{"name":"wp","href":"https:\/\/api.w.org\/{rel}","templated":true}]}}