{"id":12911,"date":"2021-09-01T21:33:32","date_gmt":"2021-09-01T21:33:32","guid":{"rendered":"https:\/\/www.ticketswhales.com\/?post_type=product&#038;p=12911"},"modified":"2023-11-06T10:30:33","modified_gmt":"2023-11-06T10:30:33","slug":"samana-whales-tour-with-bacardi-island-and-limon-waterfall","status":"publish","type":"product","link":"https:\/\/www.boattoursamana.com\/lt\/turas\/samanos-banginiu-turas-su-bacardi-sala-ir-limono-kriokliu","title":{"rendered":"Samanos bangini\u0173 turas su Bacardi sala ir Limono kriokliu"},"content":{"rendered":"<div class=\"wpb_column vc_column_container vc_col-sm-12\"><div class=\"vc_column-inner\"><div class=\"wpb_wrapper\"><\/div><\/div><\/div><div class=\"vc_row wpb_row vc_row-fluid\" ><div class=\"wpb_column vc_column_container vc_col-sm-12\"><div class=\"vc_column-inner\"><div class=\"wpb_wrapper\">\n\t<div class=\"wpb_text_column wpb_content_element\" >\n\t\t<div class=\"wpb_wrapper\">\n\t\t\t<div class=\"vc_row wpb_row vc_row-fluid\">\n<div class=\"wpb_column vc_column_container vc_col-sm-12\">\n<div class=\"vc_column-inner\">\n<div class=\"wpb_wrapper\">\n<div class=\"wpb_text_column wpb_content_element\">\n<div class=\"wpb_wrapper\">\n<div class=\"vc_row wpb_row vc_row-fluid\">\n<div class=\"wpb_column vc_column_container vc_col-sm-12\">\n<div class=\"vc_column-inner\">\n<div class=\"wpb_wrapper\">\n<div class=\"wpb_text_column wpb_content_element\">\n<div class=\"wpb_wrapper\">\n<h2>Cayo Levantado plius Safari \u012f El Limon krioklius<\/h2>\n<h4><b><i>AP\u017dVALGA \ud83d\udc33<\/i><\/b><\/h4>\n<p>Banginis Punta Cana, bangini\u0173 steb\u0117jimas Samanos \u012flankoje ir apsilankymas Cayo Levantado plius Safari iki El Limon kriokli\u0173 \u0161ios visos dienos ekskursijos i\u0161 Punta Kanos vie\u0161bu\u010di\u0173 metu. Keliaukite \u012f Samanos \u012flank\u0105 patogiu autobusu su oro kondicionieriumi, tada pers\u0117skite \u012f katamaran\u0105 Miches mieste. I\u0161plaukite \u012f atvirus vandenis ir ie\u0161kokite kuprot\u0173j\u0173 bangini\u0173, kurie lankosi veistis ir laikosi ver\u0161eli\u0173, ank\u0161\u010di\u0173. Su\u017einokite apie \u0161i\u0173 j\u016br\u0173 \u017einduoli\u0173 elges\u012f ir biologij\u0105 i\u0161 savo eksperto gamtininko vadovo. Toliau va\u017eiuokite \u012f Cayo Levantado \/ Bacardi sal\u0105, pietaukite papl\u016bdimyje ir panirkite \u012f \u017eydr\u0105 vanden\u012f po \u0161ios Safari kelion\u0117s \u012f El Limon krioklius su jodin\u0117jimu kokos\u0173 mi\u0161ke prie\u0161 gr\u012f\u017edami \u012f Punta Kan\u0105.<\/p>\n<p>&nbsp;<\/p>\n<p><strong>Pastaba:<\/strong>\u00a0\u0160i kelion\u0117 n\u0117ra privati. \u012e \u0161i\u0105 kelion\u0119 buvo \u012ftrauktas sustojimas\u00a0<strong>Limono krioklys<\/strong>. Pra\u0161au u\u017esisakyti t\u0105 pa\u010di\u0105 kelion\u0119 ir neva\u017eiuoti prie kriokli\u0173\u00a0<a href=\"https:\/\/www.boattoursamana.com\/lt\/Tours-Excursions\/tours-excursions-samana-bay-dominican-republic\/whale-watching-2020-in-punta-cana-to-samana-bay-cayo-levantado-bacardi-island-from-hotels\/\">PASPAUSKITE \u010cIA.<\/a><\/p>\n<ul>\n<li>Bangini\u0173 steb\u0117jimo kelion\u0117<\/li>\n<li>Bacardi sala \/ Cayo Levantado<\/li>\n<li>\u012e\u0117jimo \u012f observatorij\u0105 mokes\u010diai<\/li>\n<li>Samana Safari<\/li>\n<li>Jodin\u0117jimas \u017eirgais El Limon kriokliais<\/li>\n<li>\u012e kain\u0105 \u012fskai\u010diuoti savitarnos piet\u016bs papl\u016bdimyje<\/li>\n<li>Perve\u017eimas laivu<\/li>\n<li>Kapitonas instruktuoja ir pri\u017ei\u016bri<\/li>\n<li>Kelion\u0117s gidas<\/li>\n<\/ul>\n<p>&nbsp;<\/p>\n<h4><b>\u012etraukimai ir i\u0161imtys<\/b><\/h4>\n<p>&nbsp;<\/p>\n<p><b>Inkliuzai<\/b><\/p>\n<p>&nbsp;<\/p>\n<ol>\n<li>Savitarnos piet\u016bs papl\u016bdimyje<\/li>\n<li>Perve\u017eimas i\u0161 vie\u0161bu\u010di\u0173<\/li>\n<li>Kelion\u0117s gidas<\/li>\n<li>Kelion\u0117 katamaranu arba laivu<\/li>\n<li>Visi mokes\u010diai, rinkliavos ir tvarkymo mokes\u010diai<\/li>\n<li>Vietiniai mokes\u010diai<\/li>\n<li>G\u0117rimai<\/li>\n<\/ol>\n<p><b>I\u0161imtys<\/b><\/p>\n<ol>\n<li>Arbatpinigiai<\/li>\n<\/ol>\n<p>&nbsp;<\/p>\n<h4><em><strong>I\u0161vykimas ir gr\u012f\u017eimas<\/strong><\/em><\/h4>\n<p>\u0160ios ekskursijos metu si\u016blomas pa\u0117mimas i\u0161 vie\u0161bu\u010dio. Pastabose tiesiog para\u0161ykite vie\u0161bu\u010dio pavadinim\u0105, kad pasiimtum\u0117te. Atsiimame visuose Punta Kanos vie\u0161bu\u010diuose.<\/p>\n<p>&nbsp;<\/p>\n<h3>Samanos bangini\u0173 steb\u0117jimas + Cayo Levantado (Bacardi sala) + Limono kriokliai i\u0161 Punta Cana vie\u0161bu\u010di\u0173.<\/h3>\n<h4><b><i>Ko tik\u0117tis?<\/i><\/b><\/h4>\n<p>I\u0161 arti susipa\u017einkite su \u0161velniais Dominikos Respublikos j\u016bros mil\u017einais per \u0161i\u0105 12 valand\u0173 trukm\u0117s kuprot\u0173j\u0173 bangini\u0173 steb\u0117jimo ekskursij\u0105 Samana \u012flankoje. Praleiskite nepamir\u0161tam\u0105 dien\u0105 steb\u0117dami t\u016bkstan\u010dius bangini\u0173, kurie kasmet pl\u016bsta \u012f sal\u0105 poruotis, maitintis ir \u017eaisti \u0161iltuose atogr\u0105\u017e\u0173 vandenyse. Steb\u0117dami \u0161ias gra\u017eias b\u016btybes gal\u0117site m\u0117gautis unikaliomis \u012f\u017evalgomis i\u0161 savo eksperto bangini\u0173 steb\u0117jimo vadovo. U\u017ebaikite dien\u0105 \u012ftraukdami pietus ir laik\u0105 papl\u016bdimyje gra\u017eioje Cayo Levantado saloje. \u012e kain\u0105 \u012fskai\u010diuotas ir vie\u0161bu\u010dio transportas pirmyn ir atgal.<\/p>\n<p>Nuo 9:00 iki 12:00 val. Bangini\u0173 steb\u0117jimo observatorija ir Po \u0161ios bangini\u0173 kelion\u0117s aplankysime Bacardi sal\u0105 \/ Cayo Levantado. Bacardi saloje bus patiekiami savitarnos piet\u016bs i\u0161 tipi\u0161ko Dominikos stiliaus (ry\u017eiai, pupel\u0117s, \u017euvis, salotos ir kt.). Pasibaigus pietums jums leid\u017eiama maudytis ir ruo\u0161tis eiti prie El Limon kriokli\u0173 iki 16:30. Ekskursija bus baigta 17:00 tame pa\u010diame uoste, i\u0161 kurio m\u016bs\u0173 katamaranas pajud\u0117s ir autobusu gr\u012f\u0161 \u012f Punta Cana Hotels.<\/p>\n<p><strong>Tvarkara\u0161tis:<\/strong><\/p>\n<p>6:00 \u2013 7:00 Klient\u0173 pa\u0117mimas i\u0161 skirting\u0173 vie\u0161bu\u010di\u0173<br \/>\n07:00 I\u0161vykimas \u012f Las Canitas Sabana de la mar<br \/>\n08:15 Atvykimas \u012f privat\u0173 prieplauk\u0105<br \/>\n08:15 \u2013 8:40 Pusry\u010di\u0173 laikas (sumu\u0161tiniai, bandel\u0117s, arbata, kava, sultys)<br \/>\n8:45 \u012elaipinimas prad\u0117ti kelion\u0119 \u012f kuprot\u0173j\u0173 bangini\u0173 prieglaud\u0105 Samanoje<br \/>\n11:00 Ie\u0161kokite bangini\u0173 45 minutes. Tai laikas, kurio laikosi vyriausyb\u0117s taisykl\u0117s.<br \/>\n11:45 Va\u017eiuokite \u012f Cayo Levantado Samanos \u012flankoje<br \/>\n12:30 Atvykimas \u012f Cayo Levantado<br \/>\n13:00 Piet\u016bs (piet\u016bs \u0161vedi\u0161kas stalas, tipi\u0161kas Dominikos)*<br \/>\n13:45 \u2013 15:30 Laisvas laikas Cayo Levantado<br \/>\n15:00 \u2013 15:45 V\u0117l laive kryptis atgal \u012f Miches<br \/>\n17:00 Atvykimas \u012f Miches ir i\u0161vykimas \u012f Punta Cana vie\u0161bu\u010dius<br \/>\n19:30 \u2013 20:00 Atvykimas \u012f Punta Kanos vie\u0161bu\u010dius<\/p>\n<p><strong>*Piet\u0173 meniu (\u012fprastas Dominikos)<br \/>\n<\/strong>Ry\u017eiai, ant groteli\u0173 kepta vi\u0161tiena arba ant groteli\u0173 kepta \u017euvis, salotos, dar\u017eov\u0117s, \u0161vie\u017ei vaisiai.<\/p>\n<p><strong>*Klientai, kurie po bangini\u0173 steb\u0117jimo pasirinks stotel\u0119 prie El Limon krioklio, pereis prie krioklio skelbimo, tur\u0117s ma\u017eiau laiko praleisti Cayo Levantado.<\/strong><\/p>\n<p>\u012e \u0161i\u0105 kelion\u0119 buvo \u012ftrauktas sustojimas\u00a0<strong>Limono krioklys<\/strong>. Pra\u0161au u\u017esisakyti t\u0105 pa\u010di\u0105 kelion\u0119 ir neva\u017eiuoti prie kriokli\u0173\u00a0<a href=\"https:\/\/www.boattoursamana.com\/lt\/Tours-Excursions\/tours-excursions-samana-bay-dominican-republic\/whale-watching-2020-in-punta-cana-to-samana-bay-cayo-levantado-bacardi-island-from-hotels\/\">PASPAUSKITE \u010cIA.<\/a><\/p>\n<p>&nbsp;<\/p>\n<h4><em><strong>K\u0105 tur\u0117tum atsine\u0161ti?<\/strong><\/em><\/h4>\n<ul>\n<li>Fotoaparatas<\/li>\n<li>Atbaidantys pumpurai<\/li>\n<li>kremas nuo saul\u0117s<\/li>\n<li>Skryb\u0117l\u0117<\/li>\n<li>Patogios kelnes<\/li>\n<li>Sandalai \u012f papl\u016bdim\u012f<\/li>\n<li>Plaukimo apranga<\/li>\n<li>Pinigai suvenyrams ir arbatpinigiams<\/li>\n<\/ul>\n<p>&nbsp;<\/p>\n<h4><b><i>Vie\u0161bu\u010dio pa\u0117mimas<\/i><\/b><\/h4>\n<p>\u0160ios ekskursijos metu si\u016blomas pa\u0117mimas i\u0161 vie\u0161bu\u010dio. Pastabose tiesiog para\u0161ykite vie\u0161bu\u010dio pavadinim\u0105, kad pasiimtum\u0117te. Atsiimame visuose Punta Kanos vie\u0161bu\u010diuose.<\/p>\n<p>&nbsp;<\/p>\n<p><b>Pastaba:<\/b>\u00a0Jei rezervuojate per 24 valandas nuo kelion\u0117s\/ekskursijos i\u0161vykimo laiko, mes galime susitarti d\u0117l pa\u0117mimo i\u0161 vie\u0161bu\u010dio su papildomais mokes\u010diais. Kai pirkimas bus baigtas, mes atsi\u0173sime jums vis\u0105 kontaktin\u0119 informacij\u0105 (telefono numer\u012f, el. pa\u0161to adres\u0105 ir kt.), skirt\u0105 m\u016bs\u0173 vietiniam kelioni\u0173 vadovui, kad gal\u0117tume susitarti d\u0117l pa\u0117mimo.<\/p>\n<h4><b><i>Papildomos informacijos patvirtinimas<\/i><\/b><\/h4>\n<ol>\n<li>Bilietai yra kvitas apmok\u0117jus \u0161i\u0105 kelion\u0119. Mok\u0117jim\u0105 galite parodyti savo telefone.<\/li>\n<li>Susitikimo vieta bus gauta po rezervacijos proceso.<\/li>\n<li>Vaikus turi lyd\u0117ti suaug\u0119s asmuo.<\/li>\n<li>pritaikyta ne\u012fgali\u0173j\u0173 ve\u017eim\u0117liui<\/li>\n<li>K\u016bdikiai turi s\u0117d\u0117ti ant keli\u0173<\/li>\n<li>Dalyvauti gali dauguma keliautoj\u0173<\/li>\n<\/ol>\n<h4><b><i>At\u0161aukimo politika<\/i><\/b><\/h4>\n<p>Nor\u0117dami susigr\u0105\u017einti visas l\u0117\u0161as, perskaitykite at\u0161aukimo politik\u0105\u00a0<a href=\"https:\/\/www.boattoursamana.com\/lt\/uzsakymas-internetu\/\" target=\"_blank\" rel=\"noopener\" data-saferedirecturl=\"https:\/\/www.google.com\/url?q=https:\/\/www.boattoursamana.com\/online-booking\/&amp;source=gmail&amp;ust=1672449202351000&amp;usg=AOvVaw1yAeVAPktmaVCqDujgUn90\">Paspauskite \u010dia<\/a>. L\u0117\u0161os bus prarastos, jei rezervacija bus at\u0161aukta t\u0105 pa\u010di\u0105 kelion\u0117s dien\u0105.<\/p>\n<\/div>\n<\/div>\n<\/div>\n<\/div>\n<\/div>\n<\/div>\n<\/div>\n<\/div>\n<\/div>\n<\/div>\n<\/div>\n<\/div>\n<div class=\"vc_row wpb_row vc_row-fluid\">\n<div class=\"wpb_column vc_column_container vc_col-sm-12\">\n<div class=\"vc_column-inner\">\n<div class=\"wpb_wrapper\">\n<div class=\"vc_empty_space\"><\/div>\n<div class=\"wpb_text_column wpb_content_element\">\n<div class=\"wpb_wrapper\">\n<h4>Susisiekite su mumis?<\/h4>\n<h5><b><i>TOUR BANDINIAI SAMANA<\/i><\/b><\/h5>\n<p><em><strong>Vietiniai<\/strong>\u00a0ir\u00a0<strong>Tautie\u010diai<\/strong>\u00a0Gidai ir sve\u010di\u0173 paslaugos<\/em><\/p>\n<p><span class=\"text-turquoise\">Rezervacijos:<\/span>\u00a0Ekskursijos ir ekskursijos Dom. Rep.<\/p>\n<p>\ud83d\udcde Tel \/ Whatsapp\u00a0\u00a0<a href=\"tel:+1-809-720-6035\">+1-809-720-6035<\/a>.<\/p>\n<p>\ud83d\udce9\u00a0<a href=\"mailto:info@bookingadventures.com.do\">info@bookingadventures.com.do<\/a><\/p>\n<p><strong>Mes lanks\u010diai nustatome priva\u010dias \u201eWhatsapp\u201c keliones:\u00a0<a href=\"tel:+18097206035\">+18097206035.<\/a><\/strong><\/p>\n<\/div>\n<\/div>\n<\/div>\n<\/div>\n<\/div>\n<\/div>\n\n\t\t<\/div>\n\t<\/div>\n<\/div><\/div><\/div><\/div>","protected":false},"excerpt":{"rendered":"<p><span style=\"vertical-align: inherit;\"><span style=\"vertical-align: inherit;\">I\u0161 Punta Kanos vie\u0161bu\u010di\u0173 m\u0117gausim\u0117s nuostabiais Ryt\u0173 Kordiljer\u0173 kra\u0161tovaizd\u017eiais, kai va\u017eiuosime \u012f \u0161iaur\u0119 nuo Punta Kanos, prie\u0161 atvykdami \u012f nedidel\u012f \u017evej\u0173 kaimel\u012f Miches pietin\u0117je Samanos \u012flankos pakrant\u0117je. \u010cia galite m\u0117gautis greitais pusry\u010diais prie\u0161 \u012flipdami \u012f Saman\u0105. I\u0161plauksime \u012f \u012flankos gilum\u0105 steb\u0117ti bangini\u0173. Pirmiausia atvyksime \u012f Cayo Levantado, dar vadinam\u0105 Bacardi sala d\u0117l savo didelio pana\u0161umo \u012f papl\u016bdimius, kurie kadaise buvo naudojami garsiajai reklamai. Cayo Levantado yra ne kas kita, kaip atogr\u0105\u017e\u0173 oaz\u0117, ma\u017ea sala viduryje vandenyno su turkio spalvos vandeniu ir baltu sm\u0117liu. Po to safaris Samanos bendruomen\u0117je prie kriokli\u0173. Prie kriokli\u0173 Limonas ruo\u0161iasi jodin\u0117jimui ar \u017eygiams p\u0117s\u010diomis. Tai visi\u0161kas unikalus nuotykis.<\/span><\/span><\/p>\n<p><em><strong>Pasirinkite kelion\u0117s dat\u0105:<\/strong><\/em><\/p>","protected":false},"featured_media":12052,"template":"","meta":[],"product_cat":[159,948,655,960,956,664],"product_tag":[631,184,328,480,296,380,428,649,327,222,527,313,199,526,458,342,650,524,276,529,528,274,525],"class_list":["post-12911","product","type-product","status-publish","has-post-thumbnail","hentry","product_cat-fees-entrace","product_cat-1-punta-cana","product_cat-1-samana","product_cat-el-limon-hiking","product_cat-el-limon-samana","product_cat-whale-watching-punta-cana","product_tag-631","product_tag-bacardi-island","product_tag-cayo-levantado-day-pass","product_tag-cheap-punta-cana-excursions","product_tag-day-trip-punta-cana","product_tag-el-limon-waterfall-and-bacardi-island-tour-from-punta-cana","product_tag-half-day-whale-watching-miches","product_tag-limon-from-punta-cana","product_tag-private-tours-samana","product_tag-punta-cana","product_tag-punta-cana-activities","product_tag-punta-cana-tours","product_tag-samana-bay","product_tag-samana-day-trip","product_tag-samana-day-trip-from-punta-cana","product_tag-samana-whale-watching","product_tag-waterfalls-punta-cana","product_tag-whale-punta-cana","product_tag-whale-samana","product_tag-whale-watching-2020","product_tag-whale-watching-2020-in-punta-cana-to-samana-bay-cayo-levantado-bacardi-island-from-hotels","product_tag-whale-watching-dominican-republic","product_tag-whale-watching-punta-cana"],"_links":{"self":[{"href":"https:\/\/www.boattoursamana.com\/lt\/wp-json\/wp\/v2\/product\/12911","targetHints":{"allow":["GET"]}}],"collection":[{"href":"https:\/\/www.boattoursamana.com\/lt\/wp-json\/wp\/v2\/product"}],"about":[{"href":"https:\/\/www.boattoursamana.com\/lt\/wp-json\/wp\/v2\/types\/product"}],"wp:featuredmedia":[{"embeddable":true,"href":"https:\/\/www.boattoursamana.com\/lt\/wp-json\/wp\/v2\/media\/12052"}],"wp:attachment":[{"href":"https:\/\/www.boattoursamana.com\/lt\/wp-json\/wp\/v2\/media?parent=12911"}],"wp:term":[{"taxonomy":"product_cat","embeddable":true,"href":"https:\/\/www.boattoursamana.com\/lt\/wp-json\/wp\/v2\/product_cat?post=12911"},{"taxonomy":"product_tag","embeddable":true,"href":"https:\/\/www.boattoursamana.com\/lt\/wp-json\/wp\/v2\/product_tag?post=12911"}],"curies":[{"name":"wp","href":"https:\/\/api.w.org\/{rel}","templated":true}]}}