{"id":13398,"date":"2021-11-23T10:25:21","date_gmt":"2021-11-23T10:25:21","guid":{"rendered":"https:\/\/www.ticketswhales.com\/?post_type=product&#038;p=13398"},"modified":"2023-02-26T03:44:21","modified_gmt":"2023-02-26T03:44:21","slug":"private-speed-boat-lancha-samana-bay","status":"publish","type":"product","link":"https:\/\/www.boattoursamana.com\/lt\/turas\/privatus-greitasis-kateris-lancha-samana-ilanka","title":{"rendered":"Privatus greitasis kateris (Lancha) Samanos \u012flanka"},"content":{"rendered":"<div class=\"vc_row wpb_row vc_row-fluid\" ><div class=\"wpb_column vc_column_container vc_col-sm-12\"><div class=\"vc_column-inner\"><div class=\"wpb_wrapper\"><div class=\"vc_btn3-container vc_btn3-inline\" ><button class=\"vc_general vc_btn3 vc_btn3-size-md vc_btn3-shape-rounded vc_btn3-style-modern vc_btn3-color-green\">U\u017dSAKYTI DABAR<\/button><\/div>\n\t<div class=\"wpb_text_column wpb_content_element\" >\n\t\t<div class=\"wpb_wrapper\">\n\t\t\t<div class=\"custom-left\">\n<div class=\"row\">\n<div class=\"col-md-12 cust-clas\">\n<div class=\"product-header alignleft\">\n<p>VALTIS SAMANA \u2013 NUOMA<\/p>\n<p>PRIVATUS VISOS DIENOS CHARTER SAMANA BAY<\/p>\n<p>8 VALAND\u0172 KELION\u0116 \u2013 NUO PIRMADIENIO IKI SEKMADIENIO<\/p>\n<\/div>\n<\/div>\n<\/div>\n<\/div>\n<div class=\"custom-left para-p\">\n<div class=\"info_content_label\">\n<p><label>Informacija:<\/label><\/p>\n<p>I\u0161sinuomokite \u0161\u012f nuostab\u0173 greitaeig\u012f kater\u012f visai dienai iki 5 \u017emoni\u0173 <a href=\"https:\/\/www.boattoursamana.com\/lt\/paskirties-vietas\/los-haitises-national-park-tickets-tours\/\" target=\"_blank\" rel=\"noopener\" data-saferedirecturl=\"https:\/\/www.google.com\/url?q=https:\/\/www.boattoursamana.com\/destinations\/los-haitises-national-park-tickets-tours\/&amp;source=gmail&amp;ust=1637749313206000&amp;usg=AOvVaw2iM1LFDbYv-Gthna0qZt2n\">Haitises<\/a> ir Cayo Levantado. Taip pat bangini\u0173 steb\u0117jimo sezono metu valtimi galite pamatyti banginius Samanos \u012flankoje.<\/p>\n<p>Apima \u012fgul\u0105, degalus ir ledo au\u0161intuv\u0105.<\/p>\n<p>Galimi maisto produktai u\u017e papildom\u0105 kain\u0105:<\/p>\n<p><strong>I\u0161sami informacija apie tradicinius savitarnos pietus, $15 USD pp:<\/strong><\/p>\n<p>-\u017dalios salotos<br \/>\n- Duona<br \/>\n-Moro de Guandule (dominikon\u0173 stiliaus ry\u017eiai) su kokosu<br \/>\n\u2013 Makaronai pomidor\u0173 pada\u017ee<br \/>\n-Jukos tro\u0161kiniai<br \/>\n-\u017duvis ir kepta vi\u0161tiena (dorado) + pasirinktinai kokos\u0173 pieno pada\u017eas<br \/>\n-\u0160vie\u017eias vaisius<br \/>\n- 1 nealkoholinis g\u0117rimas (soda arba vanduo)<br \/>\n-Kava<\/p>\n<p><strong>Papildoma omar\u0173 paslauga + kokosiniai saldainiai $19 USD (papildomai).<\/strong><\/p>\n<\/div>\n<p><label>Apima:<\/label>\u00a0\u012eskai\u010diuotos kitos paslaugos (\u012fskai\u010diuota ekipa\u017eas, kuras ir au\u0161intuvas su ledu)<\/p>\n<p><label>Ne\u012ftrauktos:<\/label>\u00a0G\u0117rimai ar maistas NE\u012eSKAI\u010cIUOTA<\/p>\n<p><label>\u012etraukti kur\u0105:<\/label>\u00a0Taip<\/p>\n<\/div>\n<p>Susisiekite su mumis per Whatsapp: +1-809-720-6035. Geriausia kaina internetu\u2026<\/p>\n<p>&nbsp;<\/p>\n<h4><b><i>At\u0161aukimo politika<\/i><\/b><\/h4>\n<p>Nor\u0117dami susigr\u0105\u017einti visas l\u0117\u0161as, perskaitykite at\u0161aukimo politik\u0105\u00a0<a href=\"https:\/\/www.boattoursamana.com\/lt\/uzsakymas-internetu\/\" target=\"_blank\" rel=\"noopener\" data-saferedirecturl=\"https:\/\/www.google.com\/url?q=https:\/\/www.boattoursamana.com\/online-booking\/&amp;source=gmail&amp;ust=1672449202351000&amp;usg=AOvVaw1yAeVAPktmaVCqDujgUn90\">Paspauskite \u010dia<\/a>. L\u0117\u0161os bus prarastos, jei rezervacija bus at\u0161aukta t\u0105 pa\u010di\u0105 kelion\u0117s dien\u0105.<\/p>\n\n\t\t<\/div>\n\t<\/div>\n<\/div><\/div><\/div><\/div><div class=\"vc_row wpb_row vc_row-fluid\" ><div class=\"wpb_column vc_column_container vc_col-sm-12\"><div class=\"vc_column-inner\"><div class=\"wpb_wrapper\"><div class=\"vc_btn3-container vc_btn3-inline\" ><button class=\"vc_general vc_btn3 vc_btn3-size-md vc_btn3-shape-rounded vc_btn3-style-modern vc_btn3-color-green\">U\u017dSAKYTI DABAR<\/button><\/div><\/div><\/div><\/div><\/div>","protected":false},"excerpt":{"rendered":"<p>Privatus greitaeigis kateris (Lancha) Samana Bay I\u0161nuomokite \u0161\u012f nuostab\u0173 greitaeig\u012f kater\u012f visai dienai, kad apsilankytum\u0117te iki 5 \u017emoni\u0173. <a href=\"https:\/\/www.boattoursamana.com\/lt\/paskirties-vietas\/los-haitises-national-park-tickets-tours\/\" target=\"_blank\" rel=\"noopener\" data-saferedirecturl=\"https:\/\/www.google.com\/url?q=https:\/\/www.boattoursamana.com\/destinations\/los-haitises-national-park-tickets-tours\/&amp;source=gmail&amp;ust=1637749313206000&amp;usg=AOvVaw2iM1LFDbYv-Gthna0qZt2n\">Haitises<\/a> ir Cayo Levantado. Taip pat bangini\u0173 steb\u0117jimo sezono metu valtimi galite pamatyti banginius Samanos \u012flankoje.<\/p>","protected":false},"featured_media":12415,"template":"","meta":[],"product_cat":[1054,841,1000],"product_tag":[842,843,844,845],"class_list":["post-13398","product","type-product","status-publish","has-post-thumbnail","hentry","product_cat-private-speed-boat-lancha-samana-bay","product_cat-rent-catamaran-or-boat-samana","product_cat-ultimo2022","product_tag-catamaran-for-renting-samana","product_tag-samana-boat-rentals","product_tag-samana-catamaran","product_tag-samana-rentals"],"_links":{"self":[{"href":"https:\/\/www.boattoursamana.com\/lt\/wp-json\/wp\/v2\/product\/13398","targetHints":{"allow":["GET"]}}],"collection":[{"href":"https:\/\/www.boattoursamana.com\/lt\/wp-json\/wp\/v2\/product"}],"about":[{"href":"https:\/\/www.boattoursamana.com\/lt\/wp-json\/wp\/v2\/types\/product"}],"wp:featuredmedia":[{"embeddable":true,"href":"https:\/\/www.boattoursamana.com\/lt\/wp-json\/wp\/v2\/media\/12415"}],"wp:attachment":[{"href":"https:\/\/www.boattoursamana.com\/lt\/wp-json\/wp\/v2\/media?parent=13398"}],"wp:term":[{"taxonomy":"product_cat","embeddable":true,"href":"https:\/\/www.boattoursamana.com\/lt\/wp-json\/wp\/v2\/product_cat?post=13398"},{"taxonomy":"product_tag","embeddable":true,"href":"https:\/\/www.boattoursamana.com\/lt\/wp-json\/wp\/v2\/product_tag?post=13398"}],"curies":[{"name":"wp","href":"https:\/\/api.w.org\/{rel}","templated":true}]}}