{"id":13984,"date":"2022-03-17T14:52:59","date_gmt":"2022-03-17T14:52:59","guid":{"rendered":"https:\/\/www.ticketswhales.com\/?post_type=product&#038;p=13984"},"modified":"2023-10-19T15:18:55","modified_gmt":"2023-10-19T15:18:55","slug":"jarabacoa-buggy-with-baiguate-waterfall-double","status":"publish","type":"product","link":"https:\/\/www.boattoursamana.com\/lt\/turas\/jarabacoa-bagis-su-baiguate-kriokliu-dvigubu-2","title":{"rendered":"Jarabacoa ve\u017eim\u0117lis su dvigule Baiguate kriokliu"},"content":{"rendered":"<div class=\"vc_row wpb_row vc_row-fluid\" ><div class=\"wpb_column vc_column_container vc_col-sm-12\"><div class=\"vc_column-inner\"><div class=\"wpb_wrapper\"><div class=\"mkdf-section-title-holder\" style=\"text-align: left\">\n\t<div class=\"mkdf-st-inner\">\n\t\t\t\t\t<h5 class=\"mkdf-st-subtitle\" >\n\t\t\t\tVe\u017eim\u0117lis \u2013 ve\u017eim\u0117liai\t\t\t<\/h5>\n\t\t\t\t\t\t\t<h3 class=\"mkdf-st-title\" >\n\t\t\t\tJarabacoa su Jimenoa ir Baiguate kriokliais\t\t\t<\/h3>\n\t\t\t\t\t<\/div>\n<\/div><\/div><\/div><\/div><\/div><div class=\"vc_row wpb_row vc_row-fluid\" ><div class=\"wpb_column vc_column_container vc_col-sm-12\"><div class=\"vc_column-inner\"><div class=\"wpb_wrapper\"><div class=\"vc_btn3-container vc_btn3-inline\" ><a class=\"vc_general vc_btn3 vc_btn3-size-md vc_btn3-shape-rounded vc_btn3-style-modern vc_btn3-color-green\" href=\"https:\/\/bookingadventures.tours\/booking.php?tour_id=e29316590922029738666cca35b0d5d9\" title=\"\" rel=\"noopener\">U\u017dSAKYTI DABAR<\/a><\/div>\n\t<div class=\"wpb_text_column wpb_content_element\" >\n\t\t<div class=\"wpb_wrapper\">\n\t\t\t<h3 class=\"ui_header h1 attractions-product-info-ProductTitle__title--1qM0o\">Jarabacoa ve\u017eim\u0117lis su dvigule Baiguate kriokliu<\/h3>\n<h4><b><i>Ap\u017evalga <\/i><\/b><\/h4>\n<p><span style=\"font-weight: 400;\">Prisijunkite prie m\u016bs\u0173 ir keliaukite su vietiniu ekspertu i\u0161 Jarabacoa ir patirkite unikali\u0105 patirt\u012f aplankydami geriausias ekoturizmo sostin\u0117s vietas, pradedant nuo Jarabacoa. \u0160i kelion\u0117 nuves jus ap\u017ei\u016br\u0117ti nuostab\u0173 did\u017eiausios Dominikos Respublikos kaln\u0173 ran\u010dos kra\u0161tovaizd\u012f. Va\u017eiuodami po \u012fvairias vietoves pajusite kaln\u0173 or\u0105 ir m\u0117gaukit\u0117s kaimo gro\u017eiu.\u00a0<\/span><\/p>\n<p><span style=\"font-weight: 400;\">Galime patekti \u012f skirtingas \u0161ios kelion\u0117s vietas. Tur\u0117site parinktis: va\u017eiavimas dvira\u010diu, jodin\u0117jimas \u017eirgais, safaris, keturi ratai arba ve\u017eim\u0117lis. \u012esigykite biliet\u0105 internetu dabar ir smagiai su\u017einokite apie Jarabacoa ir Dominikos Respublikos kult\u016br\u0105 keliaudami \u012f geriausias miesto vietas.<\/span><\/p>\n<p><span style=\"font-weight: 400;\">Jarabacoa yra am\u017eino pavasario atostog\u0173 miestas d\u0117l oro s\u0105lyg\u0173 ir antra pagal svarb\u0105 La Vega provincijos savivaldyb\u0117. Remiantis istorija, Jarabacoa rei\u0161kia \u201edaug vandens vieta\u201c. 1858 m. rugs\u0117jo 27 d. Jarabacoa prad\u0117jo savo gyvenim\u0105 kaip savivaldyb\u0117, kategorija, \u012fgyta po karjeros, prasid\u0117jusios XIX a. prad\u017eioje. Keliaukite su mumis ir su\u017einokite daugiau apie Dominikos Respublikos \u0161iaurinio regiono kalnus, gamt\u0105, kult\u016br\u0105 ir \u017emones.\u00a0<\/span><\/p>\n<ul>\n<li style=\"font-weight: 400;\">Mokes\u010diai \u012fskai\u010diuoti<\/li>\n<li>Piet\u016bs<\/li>\n<li>U\u017ekand\u017eiai<\/li>\n<li style=\"font-weight: 400;\">Vietinis kelioni\u0173 vadovas angl\u0173 kalba<\/li>\n<\/ul>\n<h4><b>\u012etraukimai ir i\u0161imtys<\/b><\/h4>\n<p><b>Inkliuzai<\/b><\/p>\n<ol>\n<li>Piet\u016bs<\/li>\n<li style=\"font-weight: 400;\"><span style=\"font-weight: 400;\">Visi mokes\u010diai, rinkliavos ir tvarkymo mokes\u010diai<\/span><\/li>\n<li style=\"font-weight: 400;\"><span style=\"font-weight: 400;\">Vietiniai mokes\u010diai<\/span><\/li>\n<li style=\"font-weight: 400;\"><span style=\"font-weight: 400;\">G\u0117rimai<\/span><\/li>\n<li>U\u017ekand\u017eiai<\/li>\n<li style=\"font-weight: 400;\"><span style=\"font-weight: 400;\">Visa veikla<\/span><\/li>\n<li style=\"font-weight: 400;\"><span style=\"font-weight: 400;\">Vietinis gidas<\/span><\/li>\n<\/ol>\n<p><b> I\u0161imtys<\/b><\/p>\n<ol>\n<li style=\"font-weight: 400;\"><span style=\"font-weight: 400;\">Arbatpinigiai<\/span><\/li>\n<li>transportavimas (nustatykite susisiekus su mumis)<\/li>\n<li style=\"font-weight: 400;\"><span style=\"font-weight: 400;\">Alkoholiniai g\u0117rimai<\/span><\/li>\n<\/ol>\n<h4><em><strong>I\u0161vykimas ir gr\u012f\u017eimas<\/strong><\/em><\/h4>\n<p><span style=\"font-weight: 400;\">Keliautojas gaus susitikimo viet\u0105 po rezervacijos proceso. Ekskursijos prasideda ir baigiasi m\u016bs\u0173 susitikimo vietose.<\/span><\/p>\n<h3 class=\"ui_header h1 attractions-product-info-ProductTitle__title--1qM0o\">Jarabacoa ve\u017eim\u0117lis su dvigule Baiguate kriokliu<\/h3>\n<h4><b><i>Ko tik\u0117tis?<\/i><\/b><\/h4>\n<p><span style=\"font-weight: 400;\">Gaukite biliet\u0105 \u012f Baiguate krioklius i\u0161 Jarabacoa City by Buggy.\u00a0<\/span><\/p>\n<p><span style=\"font-weight: 400;\">Kai kalbame apie bagius, mes kalbame apie visureig\u012f, kuris u\u017etikrina saugum\u0105 ir lengv\u0105 valdym\u0105, tuo pa\u010diu leid\u017eia vartotojui geriau susisiekti su reljefu ir gamta, kuri j\u012f supa vairuojant. Pajuskite v\u0117j\u0105, saul\u0119, liet\u0173, pamatykite kra\u0161tovaizd\u012f \u0161alia j\u016bs\u0173 patogiame ir saugiame \u012frenginyje, skirtame m\u0117gautis mi\u0161ko takeliu ir bekele.<\/span><\/p>\n<p><span style=\"font-weight: 400;\">\u0160i ekskursija prasideda nuo susitikimo vietos, kuri\u0105 prie\u0161 vykdami \u012f bet kuri\u0105 viet\u0105 turite patvirtinti m\u016bs\u0173 kelioni\u0173 agentams arba savo kelioni\u0173 vadovui. Kai susitiksite su savo gidu, tur\u0117site ap\u017evalg\u0105 apie kelion\u0119 ir visk\u0105, kas susij\u0119 su j\u016bs\u0173 diena.<\/span><\/p>\n<p><span style=\"font-weight: 400;\">Kai visi bus pasiruo\u0161\u0119, prad\u0117sime kelion\u0119 \u012f kai kurias Jarabacoa miestelio kaimo vietoves, o va\u017eiuodami savo bagiju duob\u0117ti keliai ir kaln\u0173 oras kaime i\u0161 centrin\u0117s \u0161alies \u0161iaur\u0117s parodys gro\u017e\u012f ir gamt\u0105 per \u0161\u012f nuotyk\u012f.<\/span><\/p>\n<p><span style=\"font-weight: 400;\">Kai kurios vietos, kurias aplankysite \u0161ios kelion\u0117s metu, yra La Confluencia, kur susilieja Jimenoa ir Yaque Del Norte up\u0117, Cieneguita ir Monte Arriba.\u00a0<\/span><\/p>\n<p><span style=\"font-weight: 400;\">Nuva\u017eiav\u0119 apie 30 kilometr\u0173, vyksime \u012f Baiguate kriokl\u012f 10 minu\u010di\u0173 \u017eygiui ir plaukiojimui nat\u016braliuose baseinuose.\u00a0<\/span><\/p>\n<p><span style=\"font-weight: 400;\">\u0160ios kelion\u0117s dalies metu gal\u0117site paplaukioti apie 1 valand\u0105 ir padaryti pertrauk\u0105, kad kasdien paragauti \u0161vie\u017ei\u0173 vaisi\u0173, nuskint\u0173 i\u0161 Jarabacoa \u016bkininko \u017eem\u0117s. Baiguate yra 82 p\u0117d\u0173 auk\u0161\u010dio ir yra puiki vieta atsipalaiduoti prie\u0161 gr\u012f\u017etant \u012f miest\u0105.\u00a0\u00a0<\/span><\/p>\n<p><span style=\"font-weight: 400;\">\u0160ios kelion\u0117s dalies metu gal\u0117site paplaukioti apie 1 valand\u0105 ir padaryti pertrauk\u0105, kad kasdien paragauti \u0161vie\u017ei\u0173 vaisi\u0173, nuskint\u0173 i\u0161 Jarabacoa \u016bkininko \u017eem\u0117s. Baiguate yra 82 p\u0117d\u0173 auk\u0161\u010dio ir yra puiki vieta atsipalaiduoti prie\u0161 gr\u012f\u017etant \u012f miest\u0105.\u00a0\u00a0<\/span><\/p>\n<p><span style=\"font-weight: 400;\">V\u0117liau po Baiguate krioklio vyksime \u012f Ivon&#039;s paragauti geriausio vietinio skonio, vietinio eksperto pagamint\u0173 namini\u0173 led\u0173, o paskutin\u0119 kelion\u0117s dal\u012f nueisime \u012f Duarte centrin\u012f park\u0105. Tai 6 valand\u0173 turas, suteikiantis galimyb\u0119 pri\u017ei\u016br\u0117ti Jarabacoa, \u0161i ekskursija baigiasi toje pa\u010dioje vietoje, kur ir prasid\u0117jo.<\/span><\/p>\n<p><span style=\"font-weight: 400;\">Pastaba: \u0161ios ekskursijos vyksta su oficiali\u0173 ekolog\u0173 kelioni\u0173 vadovais. Pra\u0161ome rezervuoti laiku, nes parke n\u0117ra per daug specialist\u0173.<\/span><\/p>\n<h4><em><strong>K\u0105 tur\u0117tum atsine\u0161ti?<\/strong><\/em><\/h4>\n<ul>\n<li style=\"font-weight: 400;\"><span style=\"font-weight: 400;\">Fotoaparatas<\/span><\/li>\n<li style=\"font-weight: 400;\"><span style=\"font-weight: 400;\">Atbaidantys pumpurai<\/span><\/li>\n<li style=\"font-weight: 400;\"><span style=\"font-weight: 400;\">Kremas nuo saul\u0117s<\/span><\/li>\n<li style=\"font-weight: 400;\"><span style=\"font-weight: 400;\">Skryb\u0117l\u0117<\/span><\/li>\n<li style=\"font-weight: 400;\"><span style=\"font-weight: 400;\">Patogios kelnes<\/span><\/li>\n<li style=\"font-weight: 400;\"><span style=\"font-weight: 400;\">\u017dygio batai mi\u0161kui<\/span><\/li>\n<li style=\"font-weight: 400;\"><span style=\"font-weight: 400;\">Sandalai pavasario zonoms.<\/span><\/li>\n<li style=\"font-weight: 400;\"><span style=\"font-weight: 400;\">Plaukimo apranga<\/span><\/li>\n<\/ul>\n<h4><b><i>Vie\u0161bu\u010dio pa\u0117mimas <\/i><\/b><\/h4>\n<p><span style=\"font-weight: 400;\">\u0160ios kelion\u0117s metu perve\u017eimas \u012f vie\u0161but\u012f nesi\u016blomas. Pa\u0117mim\u0105 nustatome susisiek\u0119 su mumis per Whatsapp.<\/span><\/p>\n<p><b>Pastaba:<\/b><span style=\"font-weight: 400;\"> Jei rezervuojate per 24 valandas nuo kelion\u0117s\/ekskursijos i\u0161vykimo laiko, mes galime susitarti d\u0117l pa\u0117mimo i\u0161 vie\u0161bu\u010dio su papildomais mokes\u010diais. Kai pirkimas bus baigtas, mes atsi\u0173sime jums vis\u0105 kontaktin\u0119 informacij\u0105 (telefono numer\u012f, el. pa\u0161to adres\u0105 ir kt.), skirt\u0105 m\u016bs\u0173 vietiniam kelioni\u0173 vadovui, kad gal\u0117tume susitarti d\u0117l pa\u0117mimo.<\/span><\/p>\n<h4><b><i>Papildomos informacijos patvirtinimas <\/i><\/b><\/h4>\n<ol>\n<li>Bilietai yra kvitas apmok\u0117jus \u0161i\u0105 kelion\u0119. Mok\u0117jim\u0105 galite parodyti savo telefone.<\/li>\n<li style=\"font-weight: 400;\"><span style=\"font-weight: 400;\">Susitikimo vieta bus gauta po rezervacijos proceso.<\/span><\/li>\n<li style=\"font-weight: 400;\"><span style=\"font-weight: 400;\">Vaikus turi lyd\u0117ti suaug\u0119s asmuo.<\/span><\/li>\n<li style=\"font-weight: 400;\"><span style=\"font-weight: 400;\"> Nepritaikoma ne\u012fgaliojo ve\u017eim\u0117liu <\/span><\/li>\n<li style=\"font-weight: 400;\"><span style=\"font-weight: 400;\">K\u016bdikiai turi s\u0117d\u0117ti ant keli\u0173 <\/span><\/li>\n<li style=\"font-weight: 400;\"><span style=\"font-weight: 400;\">Nerekomenduojama keliautojams, turintiems nugaros problem\u0173<\/span><\/li>\n<li style=\"font-weight: 400;\"><span style=\"font-weight: 400;\">Nerekomenduojama besilaukian\u010dioms keliautojoms <\/span><\/li>\n<li style=\"font-weight: 400;\"><span style=\"font-weight: 400;\"> Joki\u0173 \u0161irdies problem\u0173 ar kit\u0173 rimt\u0173 sveikatos sutrikim\u0173 <\/span><\/li>\n<li style=\"font-weight: 400;\"><span style=\"font-weight: 400;\">Dalyvauti gali dauguma keliautoj\u0173<\/span><\/li>\n<\/ol>\n<h4><b><i>At\u0161aukimo politika<\/i><\/b><\/h4>\n<p>Nor\u0117dami susigr\u0105\u017einti visas l\u0117\u0161as, perskaitykite at\u0161aukimo politik\u0105\u00a0<a href=\"https:\/\/www.boattoursamana.com\/lt\/uzsakymas-internetu\/\" target=\"_blank\" rel=\"noopener\" data-saferedirecturl=\"https:\/\/www.google.com\/url?q=https:\/\/www.boattoursamana.com\/online-booking\/&amp;source=gmail&amp;ust=1672449202351000&amp;usg=AOvVaw1yAeVAPktmaVCqDujgUn90\">Paspauskite \u010dia<\/a>. L\u0117\u0161os bus prarastos, jei rezervacija bus at\u0161aukta t\u0105 pa\u010di\u0105 kelion\u0117s dien\u0105.<\/p>\n\n\t\t<\/div>\n\t<\/div>\n<div class=\"vc_btn3-container vc_btn3-inline\" ><a class=\"vc_general vc_btn3 vc_btn3-size-md vc_btn3-shape-rounded vc_btn3-style-modern vc_btn3-color-green\" href=\"https:\/\/bookingadventures.tours\/booking.php?tour_id=e29316590922029738666cca35b0d5d9\" title=\"\" rel=\"noopener\">U\u017dSAKYTI DABAR<\/a><\/div><\/div><\/div><\/div><\/div><div class=\"vc_row wpb_row vc_row-fluid\" ><div class=\"wpb_column vc_column_container vc_col-sm-12\"><div class=\"vc_column-inner\"><div class=\"wpb_wrapper\">\n\t<div class=\"wpb_video_widget wpb_content_element vc_clearfix   vc_video-aspect-ratio-169 vc_video-el-width-100 vc_video-align-left\" >\n\t\t<div class=\"wpb_wrapper\">\n\t\t\t<h2 class=\"wpb_heading wpb_video_heading\">Jarabacoa City vaizdo \u012fra\u0161as:<\/h2>\n\t\t\t<div class=\"wpb_video_wrapper\"><iframe loading=\"lazy\" title=\"Jarabacoa, Turismo entre rios y monta\u00f1a\" width=\"1100\" height=\"619\" src=\"https:\/\/www.youtube.com\/embed\/FRHfK4RS39A?feature=oembed\" frameborder=\"0\" allow=\"accelerometer; autoplay; clipboard-write; encrypted-media; gyroscope; picture-in-picture\" allowfullscreen><\/iframe><\/div>\n\t\t<\/div>\n\t<\/div>\n<\/div><\/div><\/div><\/div><div class=\"vc_row wpb_row vc_row-fluid\" ><\/div><div class=\"wpb_column vc_column_container vc_col-sm-12\"><div class=\"vc_column-inner\"><div class=\"wpb_wrapper\"><\/div><\/div><\/div><div class=\"vc_empty_space\"   style=\"height: 32px\"><span class=\"vc_empty_space_inner\"><\/span><\/div><div class=\"vc_row wpb_row vc_row-fluid\" ><div class=\"wpb_column vc_column_container vc_col-sm-12\"><div class=\"vc_column-inner\"><div class=\"wpb_wrapper\"><div class=\"vc_btn3-container vc_btn3-inline\" ><a class=\"vc_general vc_btn3 vc_btn3-size-md vc_btn3-shape-rounded vc_btn3-style-modern vc_btn3-color-green\" href=\"https:\/\/bookingadventures.tours\/booking.php?tour_id=e29316590922029738666cca35b0d5d9\" title=\"\" rel=\"noopener\">U\u017dSAKYTI DABAR<\/a><\/div><\/div><\/div><\/div><\/div>","protected":false},"excerpt":{"rendered":"<p>Join us and travel with a local expert from Jarabacoa and get the unique experience of visiting the best places in the capital of ecotourism starting from Jarabacoa, this tour will take you to know the beautiful landscape of the largest mountain ranch in the Dominican Republic. As you drive through the different locations, you will feel the mountain air and enjoy the beauty of the countryside.<\/p>\n<p><strong>Pasirinkite ekskursijos dat\u0105:<\/strong><\/p>","protected":false},"featured_media":12529,"template":"","meta":[],"product_cat":[946,159,889,253],"product_tag":[895,892,891,890,896,894,893],"class_list":["post-13984","product","type-product","status-publish","has-post-thumbnail","hentry","product_cat-1-sabana-de-la-mar","product_cat-fees-entrace","product_cat-jarabacoa-buggy","product_cat-tours-and-excursions","product_tag-baiguate-waterfall","product_tag-jarabacoa-buggies","product_tag-jarabacoa-buggy","product_tag-jarabacoa-tour","product_tag-jimenoa-waterfall","product_tag-salto-baiguate","product_tag-salto-jimenoa"],"_links":{"self":[{"href":"https:\/\/www.boattoursamana.com\/lt\/wp-json\/wp\/v2\/product\/13984","targetHints":{"allow":["GET"]}}],"collection":[{"href":"https:\/\/www.boattoursamana.com\/lt\/wp-json\/wp\/v2\/product"}],"about":[{"href":"https:\/\/www.boattoursamana.com\/lt\/wp-json\/wp\/v2\/types\/product"}],"wp:featuredmedia":[{"embeddable":true,"href":"https:\/\/www.boattoursamana.com\/lt\/wp-json\/wp\/v2\/media\/12529"}],"wp:attachment":[{"href":"https:\/\/www.boattoursamana.com\/lt\/wp-json\/wp\/v2\/media?parent=13984"}],"wp:term":[{"taxonomy":"product_cat","embeddable":true,"href":"https:\/\/www.boattoursamana.com\/lt\/wp-json\/wp\/v2\/product_cat?post=13984"},{"taxonomy":"product_tag","embeddable":true,"href":"https:\/\/www.boattoursamana.com\/lt\/wp-json\/wp\/v2\/product_tag?post=13984"}],"curies":[{"name":"wp","href":"https:\/\/api.w.org\/{rel}","templated":true}]}}