{"id":14048,"date":"2022-05-20T10:42:09","date_gmt":"2022-05-20T10:42:09","guid":{"rendered":"https:\/\/www.ticketswhales.com\/?post_type=product&#038;p=14048"},"modified":"2023-10-19T14:13:36","modified_gmt":"2023-10-19T14:13:36","slug":"punta-cana-helicopter-tour-to-salto-de-la-jalda-waterfall-60-minute-experience","status":"publish","type":"product","link":"https:\/\/www.boattoursamana.com\/lt\/turas\/ekskursija-sraigtasparniu-punta-cana-iki-salto-de-la-jalda-krioklio-60-minuciu","title":{"rendered":"Ekskursija sraigtasparniu Punta Cana iki Salto de la Jalda krioklio 60 minu\u010di\u0173"},"content":{"rendered":"<div class=\"vc_row wpb_row vc_row-fluid\" ><div class=\"wpb_column vc_column_container vc_col-sm-12\"><div class=\"vc_column-inner\"><div class=\"wpb_wrapper\"><div class=\"mkdf-section-title-holder\" style=\"text-align: left\">\n\t<div class=\"mkdf-st-inner\">\n\t\t\t\t\t<h5 class=\"mkdf-st-subtitle\" >\n\t\t\t\tSalto la Jalda\t\t\t<\/h5>\n\t\t\t\t\t\t\t<h3 class=\"mkdf-st-title\" >\n\t\t\t\tEkskursija sraigtasparniu Punta Cana iki Salto de la Jalda krioklio 60 minu\u010di\u0173\t\t\t<\/h3>\n\t\t\t\t\t\t\t<p class=\"mkdf-st-text\" >\n\t\t\t\t60 minu\u010di\u0173 kelion\u0117 mal\u016bnsparniu\t\t\t<\/p>\n\t\t\t<\/div>\n<\/div><div class=\"vc_btn3-container vc_btn3-inline\" ><a class=\"vc_general vc_btn3 vc_btn3-size-md vc_btn3-shape-rounded vc_btn3-style-modern vc_btn3-color-green\" href=\"https:\/\/bookingadventures.tours\/booking.php?tour_id=cf0c7b2af9d3e7d3c0d0b8017c605e6c\" title=\"\" rel=\"noopener\">U\u017dSAKYTI DABAR<\/a><\/div><\/div><\/div><\/div><\/div><div class=\"vc_row wpb_row vc_row-fluid\" ><div class=\"wpb_column vc_column_container vc_col-sm-12\"><div class=\"vc_column-inner\"><div class=\"wpb_wrapper\">\n\t<div class=\"wpb_text_column wpb_content_element\" >\n\t\t<div class=\"wpb_wrapper\">\n\t\t\t<h4><b><i>Ap\u017evalga <\/i><\/b><\/h4>\n<p>Tai privati kelion\u0117 \u012f\u00a0<strong>Salto de la Jalda kriokliai <\/strong>Giliai Kordiljeros Ryt\u0173 kaln\u0173 grandin\u0117je ir ve\u0161laus atogr\u0105\u017e\u0173 mi\u0161ko apsuptyje yra auk\u0161\u010diausias Karib\u0173 j\u016bros krioklys Salto La Jalda. Skriskite nesugadintais Punta Kanos papl\u016bdimiais, pro ramius kaimelius \u012f \u0161iaurinius Sierros \u0161laitus ir atraskite \u0161io ne\u012ftik\u0117tino gro\u017eio, esan\u010dio giliai ve\u0161liame atogr\u0105\u017e\u0173 mi\u0161ke, magij\u0105 ir paslapt\u012f. Patirkite 60 minu\u010di\u0173 skryd\u012f sraigtasparniu pirmyn ir atgal vir\u0161 krioklio ir Playa Esmeralda sustojant vien\u0105 valand\u0105 i\u0161kylai. Pamatykite, kaip sraun\u016bs vandenys liejasi per uolas, o tada m\u0117gaukit\u0117s gamtos ramybe ir ramybe vie\u0161\u0117dami nuostabiausiame Esmeraldos papl\u016bdimyje.<\/p>\n<p>&nbsp;<\/p>\n<ul>\n<li class=\"activity-highlights__list-item\" data-v-86039ad0=\"\">Atraskite auk\u0161\u010diausio Karib\u0173 j\u016bros krioklio Salto La Jada magij\u0105<\/li>\n<li class=\"activity-highlights__list-item\" data-v-86039ad0=\"\">Vie\u0161nag\u0117s Esmeralda papl\u016bdimyje metu tyrin\u0117kite gamt\u0105<\/li>\n<li class=\"activity-highlights__list-item\" data-v-86039ad0=\"\">Skriskite vir\u0161 nuostabi\u0173 papl\u016bdimi\u0173 ir pro ramius kaimelius \u012f \u0161iaurinius Siera \u0161laitus<\/li>\n<li class=\"activity-highlights__list-item\" data-v-86039ad0=\"\">Pa\u017ei\u016br\u0117kite, kaip sraun\u016bs vandenys liejasi per uolas<\/li>\n<\/ul>\n<h4><b>\u012etraukimai ir i\u0161imtys<\/b><\/h4>\n<p>&nbsp;<\/p>\n<p><b>Inkliuzai<\/b><\/p>\n<ol>\n<li class=\"activity-inclusions__item activity-inclusions__item--inclusion\" data-v-0d17907c=\"\"><span class=\"activity-inclusions__test activity-inclusions__test--include\" data-v-0d17907c=\"\">Ant\u017eeminis transportas \u012f\/i\u0161 vie\u0161bu\u010dio<\/span><\/li>\n<li class=\"activity-inclusions__item activity-inclusions__item--inclusion\" data-v-0d17907c=\"\"><span class=\"activity-inclusions__test activity-inclusions__test--include\" data-v-0d17907c=\"\">Greitas VIP \u012fsiregistravimas atvykus<\/span><\/li>\n<li class=\"activity-inclusions__item activity-inclusions__item--inclusion\" data-v-0d17907c=\"\"><span class=\"activity-inclusions__test activity-inclusions__test--include\" data-v-0d17907c=\"\">60 minu\u010di\u0173 skrydis sraigtasparniu pirmyn ir atgal<\/span><\/li>\n<li class=\"activity-inclusions__item activity-inclusions__item--inclusion\" data-v-0d17907c=\"\"><span class=\"activity-inclusions__test activity-inclusions__test--include\" data-v-0d17907c=\"\">I\u0161 viso 1 valanda vie\u0161nag\u0117 nuostabiausiame nepaliestame papl\u016bdimyje<\/span><\/li>\n<li class=\"activity-inclusions__item activity-inclusions__item--inclusion\" data-v-0d17907c=\"\"><span class=\"activity-inclusions__test activity-inclusions__test--include\" data-v-0d17907c=\"\">Metro i\u0161kylos piet\u016bs papl\u016bdimyje su gaiviaisiais g\u0117rimais ir vandeniu<\/span><\/li>\n<li style=\"font-weight: 400;\"><span style=\"font-weight: 400;\">Visi mokes\u010diai, rinkliavos ir tvarkymo mokes\u010diai<\/span><\/li>\n<li style=\"font-weight: 400;\"><span style=\"font-weight: 400;\">Vietiniai mokes\u010diai<\/span><\/li>\n<li style=\"font-weight: 400;\"><span style=\"font-weight: 400;\">Visa veikla<\/span><\/li>\n<li style=\"font-weight: 400;\"><span style=\"font-weight: 400;\">Vietinis gidas<\/span><\/li>\n<\/ol>\n<p><b> I\u0161imtys<\/b><\/p>\n<ol>\n<li style=\"font-weight: 400;\"><span style=\"font-weight: 400;\">Arbatpinigiai<\/span><\/li>\n<li style=\"font-weight: 400;\"><span style=\"font-weight: 400;\">Perdavimas<\/span><\/li>\n<li>Piet\u016bs<\/li>\n<li style=\"font-weight: 400;\"><span style=\"font-weight: 400;\">Alkoholiniai g\u0117rimai<\/span><\/li>\n<\/ol>\n<p>&nbsp;<\/p>\n<h4><em><strong>I\u0161vykimas ir gr\u012f\u017eimas<\/strong><\/em><\/h4>\n<p><span style=\"font-weight: 400;\">Keliautojas gaus susitikimo viet\u0105 po rezervacijos proceso. Ekskursijos prasideda ir baigiasi m\u016bs\u0173 susitikimo vietose.<\/span><\/p>\n<p>&nbsp;<\/p>\n<h2>Punta Cana mal\u016bnsparnis<\/h2>\n<h4><b><i>Ko tik\u0117tis?<\/i><\/b><\/h4>\n<p><em><strong>Gaukite bilietus<\/strong><\/em> u\u017e apsilankym\u0105 Auk\u0161\u010diausiuose Karib\u0173 kriokliuose.\u00a0 <strong>El Salto la Jalda<\/strong> sraigtasparniu i\u0161 Punta Kanos.<\/p>\n<p>Atraskite kaip pauk\u0161tis Salto La Jalda \u2013 auk\u0161\u010diausias Karib\u0173 krioklys, esantis giliai Kordiljeros Ryt\u0173 kaln\u0173 grandin\u0117je ir apsuptas ve\u0161laus atogr\u0105\u017e\u0173 mi\u0161ko. Patirtis, kurios niekada nepamir\u0161ite.<\/p>\n<p>Yra tik vienas b\u016bdas \u012fvertinti did\u017eiulius sl\u0117nius ir dramati\u0161k\u0105 auk\u0161\u010diausio Dominikos Respublikos krioklio kra\u0161tovaizd\u012f \u2013 tai i\u0161 oro. Leiskite kvap\u0105 gniau\u017eiamam skryd\u017eiui sraigtasparniu vir\u0161 Salto Jalda nacionalinio parko ir pasim\u0117gaukite nepamir\u0161tamomis atostogomis.<\/p>\n<p>Nuotykis prasideda, kai esate nuve\u017etas i\u0161 vie\u0161bu\u010dio \u012f mal\u016bnsparni\u0173 uost\u0105. Lipkite \u012f skeltuv\u0105 ir pasiruo\u0161kite kilimui. Netrukus pakilsite vir\u0161 atoki\u0173 \u016bki\u0173, kaim\u0173 ir ve\u0161li\u0173 \u017eali\u0173 atogr\u0105\u017e\u0173 mi\u0161k\u0173 link \u0161iaurini\u0173 Kordiljeros Ryt\u0173 kaln\u0173 grandin\u0117s \u0161lait\u0173. \u0160luodamas per uolas, j\u016bs\u0173 patyr\u0119s pilotas ar\u010diau nei bet kada gal\u0117s gro\u017e\u0117tis 272 p\u0117d\u0173 Salto Jalda auk\u0161\u010diu.<\/p>\n<p>Tada, nusileid\u0119 per d\u017eiungli\u0173 baldakim\u0105, pasieksite nuo\u0161al\u0173 Playa Esmerelda papl\u016bdim\u012f. \u010cia i\u0161tieskite rank\u0161luost\u012f ir pasim\u0117gaukite saule ant balto sm\u0117lio. Ir j\u016bs turite laiko pasinerti \u012f Karib\u0173 j\u016br\u0105, kol skrydis atgal atvers daugiau trib\u016bn\u0173 vaizd\u0173.<\/p>\n<p>&nbsp;<\/p>\n<h4><em><strong>K\u0105 tur\u0117tum atsine\u0161ti?<\/strong><\/em><\/h4>\n<ul>\n<li style=\"font-weight: 400;\"><span style=\"font-weight: 400;\">Fotoaparatas<\/span><\/li>\n<li style=\"font-weight: 400;\"><span style=\"font-weight: 400;\">Atbaidantys pumpurai<\/span><\/li>\n<li style=\"font-weight: 400;\"><span style=\"font-weight: 400;\">kremas nuo saul\u0117s<\/span><\/li>\n<li style=\"font-weight: 400;\"><span style=\"font-weight: 400;\">Skryb\u0117l\u0117<\/span><\/li>\n<li style=\"font-weight: 400;\"><span style=\"font-weight: 400;\">Patogios kelnes<\/span><\/li>\n<li style=\"font-weight: 400;\"><span style=\"font-weight: 400;\">\u017dygio batai mi\u0161kui<\/span><\/li>\n<li style=\"font-weight: 400;\"><span style=\"font-weight: 400;\">Plaukimo apranga<\/span><\/li>\n<li>Papildomas vandens butelis<\/li>\n<li>Piet\u016bs ar u\u017ekand\u017eiai<\/li>\n<\/ul>\n<p>&nbsp;<\/p>\n<h4><b><i>Vie\u0161bu\u010dio pa\u0117mimas <\/i><\/b><\/h4>\n<p><span style=\"font-weight: 400;\">\u0160ios ekskursijos metu si\u016blomas pa\u0117mimas i\u0161 vie\u0161bu\u010dio. <\/span><\/p>\n<p>&nbsp;<\/p>\n<p><b>Pastaba:<\/b><span style=\"font-weight: 400;\"> Jei rezervuojate per 24 valandas nuo kelion\u0117s\/ekskursijos i\u0161vykimo laiko, mes galime susitarti d\u0117l pa\u0117mimo i\u0161 vie\u0161bu\u010dio su papildomais mokes\u010diais. Kai pirkimas bus baigtas, mes atsi\u0173sime jums vis\u0105 kontaktin\u0119 informacij\u0105 (telefono numer\u012f, el. pa\u0161to adres\u0105 ir kt.), skirt\u0105 m\u016bs\u0173 vietiniam kelioni\u0173 vadovui, kad gal\u0117tume susitarti d\u0117l pa\u0117mimo.<\/span><\/p>\n<h4><b><i>Papildomos informacijos patvirtinimas <\/i><\/b><\/h4>\n<ol>\n<li>Bilietai yra kvitas apmok\u0117jus \u0161i\u0105 kelion\u0119. Mok\u0117jim\u0105 galite parodyti savo telefone.<\/li>\n<li style=\"font-weight: 400;\"><span style=\"font-weight: 400;\">Susitikimo vieta bus gauta po rezervacijos proceso.<\/span><\/li>\n<li style=\"font-weight: 400;\"><span style=\"font-weight: 400;\">Vaikus turi lyd\u0117ti suaug\u0119s asmuo, ma\u017eiausias vaik\u0173 am\u017eius yra 7 metai.<\/span><\/li>\n<li class=\"activity-important-information__item\" data-v-772d15b6=\"\" data-v-45a03bbc=\"\">\u0160i kelion\u0117 nerekomenduojama \u017emon\u0117ms su jud\u0117jimo negalia, nebent jie turi bent 2 \u017emones, kurie gali jiems pad\u0117ti<\/li>\n<li class=\"activity-important-information__item\" data-v-772d15b6=\"\" data-v-45a03bbc=\"\">Visi skryd\u017eiai priklauso nuo u\u017eimtumo ir oro s\u0105lyg\u0173<\/li>\n<li class=\"activity-important-information__item\" data-v-772d15b6=\"\" data-v-45a03bbc=\"\">Veiklos teik\u0117jas pasilieka teis\u0119 \u012f kelion\u0119 \u012ftraukti daugiau keleivi\u0173<\/li>\n<li style=\"font-weight: 400;\"><span style=\"font-weight: 400;\"> Nepritaikoma ne\u012fgaliojo ve\u017eim\u0117liu <\/span><\/li>\n<li style=\"font-weight: 400;\"><span style=\"font-weight: 400;\">\u012e \u0161i\u0105 kelion\u0119 ne\u012fleid\u017eiami k\u016bdikiai<\/span><\/li>\n<li style=\"font-weight: 400;\"><span style=\"font-weight: 400;\">Nerekomenduojama keliautojams, turintiems nugaros problem\u0173<\/span><\/li>\n<li style=\"font-weight: 400;\"><span style=\"font-weight: 400;\">Nerekomenduojama besilaukian\u010dioms keliautojoms <\/span><\/li>\n<li style=\"font-weight: 400;\"><span style=\"font-weight: 400;\"> Joki\u0173 \u0161irdies problem\u0173 ar kit\u0173 rimt\u0173 sveikatos sutrikim\u0173 <\/span><\/li>\n<li style=\"font-weight: 400;\"><span style=\"font-weight: 400;\">Dalyvauti gali dauguma keliautoj\u0173<\/span><\/li>\n<\/ol>\n<h4><b><i>At\u0161aukimo politika<\/i><\/b><\/h4>\n<p>Nor\u0117dami susigr\u0105\u017einti visas l\u0117\u0161as, perskaitykite at\u0161aukimo politik\u0105\u00a0<a href=\"https:\/\/www.boattoursamana.com\/lt\/uzsakymas-internetu\/\" target=\"_blank\" rel=\"noopener\" data-saferedirecturl=\"https:\/\/www.google.com\/url?q=https:\/\/www.boattoursamana.com\/online-booking\/&amp;source=gmail&amp;ust=1672449202351000&amp;usg=AOvVaw1yAeVAPktmaVCqDujgUn90\">Paspauskite \u010dia<\/a>. L\u0117\u0161os bus prarastos, jei rezervacija bus at\u0161aukta t\u0105 pa\u010di\u0105 kelion\u0117s dien\u0105.<\/p>\n\n\t\t<\/div>\n\t<\/div>\n<div class=\"vc_btn3-container vc_btn3-inline\" ><a class=\"vc_general vc_btn3 vc_btn3-size-md vc_btn3-shape-rounded vc_btn3-style-modern vc_btn3-color-green\" href=\"https:\/\/bookingadventures.tours\/booking.php?tour_id=cf0c7b2af9d3e7d3c0d0b8017c605e6c\" title=\"\" rel=\"noopener\">U\u017dSAKYTI DABAR<\/a><\/div><\/div><\/div><\/div><\/div><div class=\"vc_row wpb_row vc_row-fluid\" ><div class=\"wpb_column vc_column_container vc_col-sm-12\"><div class=\"vc_column-inner\"><div class=\"wpb_wrapper\">\n\t<div class=\"wpb_text_column wpb_content_element\" >\n\t\t<div class=\"wpb_wrapper\">\n\t\t\t<h4>Susisiekite su mumis?<\/h4>\n<h5><em><strong>Nuotyki\u0173 u\u017esakymas<\/strong><\/em><\/h5>\n<p><em><strong>Vietiniai<\/strong> ir <strong>Tautie\u010diai<\/strong> Gidai ir sve\u010di\u0173 paslaugos<\/em><\/p>\n<p><span class=\"text-turquoise\">Rezervacijos:<\/span> Ekskursijos ir ekskursijos Dom. Rep.<\/p>\n<p><img decoding=\"async\" class=\"emoji\" draggable=\"false\" src=\"https:\/\/s.w.org\/images\/core\/emoji\/11.2.0\/svg\/1f4de.svg\" alt=\"\ud83d\udcde\" title=\"\"> Tel \/ Whatsapp\u00a0 <a href=\"tel:+1-809-720-6035\">+1-809-720-6035<\/a>.<\/p>\n<p><img decoding=\"async\" class=\"emoji\" draggable=\"false\" src=\"https:\/\/s.w.org\/images\/core\/emoji\/11.2.0\/svg\/1f4e9.svg\" alt=\"\ud83d\udce9\" title=\"\"> <a href=\"mailto:info@bookingadventures.com.do\">info@bookingadventures.com.do<\/a><\/p>\n<p><strong>Mes lanks\u010diai nustatome priva\u010dias \u201eWhatsapp\u201c keliones: <a href=\"tel:+18097206035\">+18097206035.<\/a><\/strong><\/p>\n\n\t\t<\/div>\n\t<\/div>\n<\/div><\/div><\/div><\/div><div class=\"vc_row wpb_row vc_row-fluid\" ><div class=\"wpb_column vc_column_container vc_col-sm-12\"><div class=\"vc_column-inner\"><div class=\"wpb_wrapper\"><div class=\"vc_btn3-container vc_btn3-inline\" ><a class=\"vc_general vc_btn3 vc_btn3-size-md vc_btn3-shape-rounded vc_btn3-style-modern vc_btn3-color-green\" href=\"https:\/\/bookingadventures.tours\/booking.php?tour_id=cf0c7b2af9d3e7d3c0d0b8017c605e6c\" title=\"\" rel=\"noopener\">U\u017dSAKYTI DABAR<\/a><\/div><\/div><\/div><\/div><\/div>","protected":false},"excerpt":{"rendered":"<p>M\u0117gaukit\u0117s nepakartojama patirtimi skrisdami sraigtasparniu vir\u0161 auk\u0161\u010diausio Karib\u0173 j\u016bros Salto La Jada krioklio. Pamatykite nesugadintus Punta Kanos papl\u016bdimius ir atraskite \u0161io ne\u012ftik\u0117tino gro\u017eio, esan\u010dio giliai ve\u0161laus atogr\u0105\u017e\u0173 mi\u0161ko apsuptyje, magij\u0105.<\/p>\n<p>&nbsp;<\/p>\n<p><strong>Pra\u0161ome pasirinkti ekskursijos dat\u0105:<\/strong><\/p>","protected":false},"featured_media":14053,"template":"","meta":[],"product_cat":[948,170,1044,191,252],"product_tag":[226,635,636,180,637,638,224,225,639,640,227,641,228,175,642,643,644,645],"class_list":["post-14048","product","type-product","status-publish","has-post-thumbnail","hentry","product_cat-1-punta-cana","product_cat-local-tour-guides","product_cat-punta-cana-helicopter","product_cat-swimming-natural-springs","product_cat-waterfalls","product_tag-higthest-waterfall-in-the-caribean","product_tag-hike-la-jalda","product_tag-hike-to-miches-la-jalda-waterfall-waterfalls","product_tag-hiking","product_tag-la-jalda-excursions","product_tag-la-jalda-horses","product_tag-la-jalda-national-park","product_tag-la-jalda-waterfall","product_tag-leaping","product_tag-leaping-jalda","product_tag-magua","product_tag-magua-la-jalda","product_tag-miches","product_tag-sabana-de-la-mar","product_tag-salto-de-la-jalda","product_tag-salto-la-jalda-sabana-de-la-mar","product_tag-salto-la-jalda-tours","product_tag-waterfalls"],"_links":{"self":[{"href":"https:\/\/www.boattoursamana.com\/lt\/wp-json\/wp\/v2\/product\/14048","targetHints":{"allow":["GET"]}}],"collection":[{"href":"https:\/\/www.boattoursamana.com\/lt\/wp-json\/wp\/v2\/product"}],"about":[{"href":"https:\/\/www.boattoursamana.com\/lt\/wp-json\/wp\/v2\/types\/product"}],"wp:featuredmedia":[{"embeddable":true,"href":"https:\/\/www.boattoursamana.com\/lt\/wp-json\/wp\/v2\/media\/14053"}],"wp:attachment":[{"href":"https:\/\/www.boattoursamana.com\/lt\/wp-json\/wp\/v2\/media?parent=14048"}],"wp:term":[{"taxonomy":"product_cat","embeddable":true,"href":"https:\/\/www.boattoursamana.com\/lt\/wp-json\/wp\/v2\/product_cat?post=14048"},{"taxonomy":"product_tag","embeddable":true,"href":"https:\/\/www.boattoursamana.com\/lt\/wp-json\/wp\/v2\/product_tag?post=14048"}],"curies":[{"name":"wp","href":"https:\/\/api.w.org\/{rel}","templated":true}]}}