{"id":14124,"date":"2022-07-23T07:20:41","date_gmt":"2022-07-23T07:20:41","guid":{"rendered":"https:\/\/www.ticketswhales.com\/?post_type=product&#038;p=14124"},"modified":"2023-02-25T14:47:42","modified_gmt":"2023-02-25T14:47:42","slug":"private-catamaran-samana-bay-tour-marina","status":"publish","type":"product","link":"https:\/\/www.boattoursamana.com\/lt\/turas\/privatus-katamaranas-samana-ilankos-turo-prieplauka","title":{"rendered":"Privatus katamaranas Samanos \u012flanka \u2013 Tour Marina"},"content":{"rendered":"<div class=\"vc_row wpb_row vc_row-fluid\" ><div class=\"wpb_column vc_column_container vc_col-sm-12\"><div class=\"vc_column-inner\"><div class=\"wpb_wrapper\"><div class=\"vc_btn3-container vc_btn3-inline\" ><button class=\"vc_general vc_btn3 vc_btn3-size-md vc_btn3-shape-rounded vc_btn3-style-modern vc_btn3-color-green\">U\u017dSAKYTI DABAR<\/button><\/div><div class=\"vc_tta-container\" data-vc-action=\"collapse\"><div class=\"vc_general vc_tta vc_tta-tabs vc_tta-color-sandy-brown vc_tta-style-modern vc_tta-shape-square vc_tta-spacing-1 vc_tta-tabs-position-top vc_tta-controls-align-left\"><div class=\"vc_tta-tabs-container\"><ul class=\"vc_tta-tabs-list\"><li class=\"vc_tta-tab vc_active\" data-vc-tab><a href=\"#1658558043421-55144174-f505\" data-vc-tabs data-vc-container=\".vc_tta\"><span class=\"vc_tta-title-text\">Apie valt\u012f<\/span><\/a><\/li><li class=\"vc_tta-tab\" data-vc-tab><a href=\"#1658558043429-9adef37c-3c9f\" data-vc-tabs data-vc-container=\".vc_tta\"><span class=\"vc_tta-title-text\">Val\u010di\u0173 \u012franga<\/span><\/a><\/li><li class=\"vc_tta-tab\" data-vc-tab><a href=\"#1658558311759-f1fb6ddd-50cd\" data-vc-tabs data-vc-container=\".vc_tta\"><span class=\"vc_tta-title-text\">Daugiau<\/span><\/a><\/li><\/ul><\/div><div class=\"vc_tta-panels-container\"><div class=\"vc_tta-panels\"><div class=\"vc_tta-panel vc_active\" id=\"1658558043421-55144174-f505\" data-vc-content=\".vc_tta-panel-body\"><div class=\"vc_tta-panel-heading\"><h4 class=\"vc_tta-panel-title\"><a href=\"#1658558043421-55144174-f505\" data-vc-accordion data-vc-container=\".vc_tta-container\"><span class=\"vc_tta-title-text\">Apie valt\u012f<\/span><\/a><\/h4><\/div><div class=\"vc_tta-panel-body\">\n\t<div class=\"wpb_text_column wpb_content_element\" >\n\t\t<div class=\"wpb_wrapper\">\n\t\t\t<h6>Pavadinimas: Tour Marina<\/h6>\n<h6>Modelis:<\/h6>\n<h6>Metai:<\/h6>\n<h6>Ilgis:<\/h6>\n<h6>Variklio numeris: 2<\/h6>\n<h6>Galia: 600 AG<\/h6>\n\n\t\t<\/div>\n\t<\/div>\n<\/div><\/div><div class=\"vc_tta-panel\" id=\"1658558043429-9adef37c-3c9f\" data-vc-content=\".vc_tta-panel-body\"><div class=\"vc_tta-panel-heading\"><h4 class=\"vc_tta-panel-title\"><a href=\"#1658558043429-9adef37c-3c9f\" data-vc-accordion data-vc-container=\".vc_tta-container\"><span class=\"vc_tta-title-text\">Val\u010di\u0173 \u012franga<\/span><\/a><\/h4><\/div><div class=\"vc_tta-panel-body\">\n\t<div class=\"wpb_text_column wpb_content_element\" >\n\t\t<div class=\"wpb_wrapper\">\n\t\t\t<h6>VHS radijas<\/h6>\n<h6>Tualetas<\/h6>\n<h6>Ledo au\u0161intuvas<\/h6>\n<h6>Gelb\u0117jimosi liemen\u0117s<\/h6>\n<h6>Muzikin\u0117 \u012franga<\/h6>\n\n\t\t<\/div>\n\t<\/div>\n<\/div><\/div><div class=\"vc_tta-panel\" id=\"1658558311759-f1fb6ddd-50cd\" data-vc-content=\".vc_tta-panel-body\"><div class=\"vc_tta-panel-heading\"><h4 class=\"vc_tta-panel-title\"><a href=\"#1658558311759-f1fb6ddd-50cd\" data-vc-accordion data-vc-container=\".vc_tta-container\"><span class=\"vc_tta-title-text\">Daugiau<\/span><\/a><\/h4><\/div><div class=\"vc_tta-panel-body\">\n\t<div class=\"wpb_text_column wpb_content_element\" >\n\t\t<div class=\"wpb_wrapper\">\n\t\t\t<div class=\"info_content_label\">\n<h4>\u012eskaitant:<\/h4>\n<h6>\u012egula laive<\/h6>\n<h6>Kuro<\/h6>\n<h4>Kita informacija:<\/h4>\n<h6>Laivas kursuoja nuo 6 iki 16.30 val.<\/h6>\n<p><strong>U\u017e papildom\u0105 mokest\u012f si\u016blomi g\u0117rimai ir maistas:<\/strong><\/p>\n<p>I\u0161sami informacija apie tradicinius savitarnos pietus Cayo Levantado saloje, $15 USD\/pp.<\/p>\n<p>-\u017dalios salotos<br \/>\n- Duona<br \/>\n-Moro de Guandule (dominikon\u0173 stiliaus ry\u017eiai) su kokosu<br \/>\n\u2013 Makaronai pomidor\u0173 pada\u017ee<br \/>\n-Jukos tro\u0161kiniai<br \/>\n-\u017duvis ir kepta vi\u0161tiena (dorado) + pasirinktinai kokos\u0173 pieno pada\u017eas<br \/>\n-\u0160vie\u017eias vaisius<br \/>\n- 1 nealkoholinis g\u0117rimas (soda arba vanduo)<br \/>\n-Kava<\/p>\n<p><strong>Papildoma omar\u0173 paslauga + kokosiniai saldainiai $19 USD (papildomai).<\/strong><\/p>\n<\/div>\n<p>G\u0117rimai ir maistas taip pat gali b\u016bti tiekiami laive u\u017e papildom\u0105 mokest\u012f.<\/p>\n\n\t\t<\/div>\n\t<\/div>\n<\/div><\/div><\/div><\/div><\/div><\/div>\n\t<div class=\"wpb_text_column wpb_content_element\" >\n\t\t<div class=\"wpb_wrapper\">\n\t\t\t<h4><b><i>At\u0161aukimo politika<\/i><\/b><\/h4>\n<p>Nor\u0117dami susigr\u0105\u017einti visas l\u0117\u0161as, perskaitykite at\u0161aukimo politik\u0105\u00a0<a href=\"https:\/\/www.boattoursamana.com\/lt\/uzsakymas-internetu\/\" target=\"_blank\" rel=\"noopener\" data-saferedirecturl=\"https:\/\/www.google.com\/url?q=https:\/\/www.boattoursamana.com\/online-booking\/&amp;source=gmail&amp;ust=1672449202351000&amp;usg=AOvVaw1yAeVAPktmaVCqDujgUn90\">Paspauskite \u010dia<\/a>. L\u0117\u0161os bus prarastos, jei rezervacija bus at\u0161aukta t\u0105 pa\u010di\u0105 kelion\u0117s dien\u0105.<\/p>\n<p>&nbsp;<\/p>\n<p><strong>Susisiekite su mumis per Whatsapp: +1-809-720-6035 arba tiesioginiame pokalbyje.<\/strong><\/p>\n<p><strong>Geriausias internetinis pasirinkimas Samanoje!<\/strong><\/p>\n\n\t\t<\/div>\n\t<\/div>\n<\/div><\/div><\/div><\/div><div class=\"vc_row wpb_row vc_row-fluid\" ><div class=\"wpb_column vc_column_container vc_col-sm-12\"><div class=\"vc_column-inner\"><div class=\"wpb_wrapper\"><div class=\"vc_empty_space\"   style=\"height: 32px\"><span class=\"vc_empty_space_inner\"><\/span><\/div><\/div><\/div><\/div><\/div><div class=\"vc_row wpb_row vc_row-fluid\" ><div class=\"wpb_column vc_column_container vc_col-sm-12\"><div class=\"vc_column-inner\"><div class=\"wpb_wrapper\">\n\t<div class=\"wpb_video_widget wpb_content_element vc_clearfix   vc_video-aspect-ratio-169 vc_video-el-width-100 vc_video-align-left\" >\n\t\t<div class=\"wpb_wrapper\">\n\t\t\t<h2 class=\"wpb_heading wpb_video_heading\">Katamarano nuoma Samanoje, Dominikos Respublikoje \u2013 trumpas vaizdo \u012fra\u0161as<\/h2>\n\t\t\t<div class=\"wpb_video_wrapper\"><iframe loading=\"lazy\" title=\"Val\u010di\u0173 nuoma Samana Dominikos Respublika, kelion\u0117s ir ekskursijos\" width=\"1100\" height=\"619\" src=\"https:\/\/www.youtube.com\/embed\/2TA5TdrEZd0?feature=oembed\" frameborder=\"0\" allow=\"accelerometer; autoplay; clipboard-write; encrypted-media; gyroscope; picture-in-picture\" allowfullscreen><\/iframe><\/div>\n\t\t<\/div>\n\t<\/div>\n<\/div><\/div><\/div><\/div><div class=\"vc_row wpb_row vc_row-fluid\" ><div class=\"wpb_column vc_column_container vc_col-sm-12\"><div class=\"vc_column-inner\"><div class=\"wpb_wrapper\"><div class=\"vc_empty_space\"   style=\"height: 32px\"><span class=\"vc_empty_space_inner\"><\/span><\/div><div class=\"mkdf-section-title-holder\" style=\"text-align: center\">\n\t<div class=\"mkdf-st-inner\">\n\t\t\t\t\t<h5 class=\"mkdf-st-subtitle\" >\n\t\t\t\tSamana, Dominikos Respublika\t\t\t<\/h5>\n\t\t\t\t\t\t\t<h3 class=\"mkdf-st-title\" >\n\t\t\t\tDaugiau val\u010di\u0173 nuomos galimybi\u0173\t\t\t<\/h3>\n\t\t\t\t\t<\/div>\n<\/div><div class=\"vc_btn3-container vc_btn3-inline\" ><button class=\"vc_general vc_btn3 vc_btn3-size-md vc_btn3-shape-rounded vc_btn3-style-modern vc_btn3-color-green\">U\u017dSAKYTI DABAR<\/button><\/div><\/div><\/div><\/div><\/div><div class=\"vc_row wpb_row vc_row-fluid\" ><div class=\"wpb_column vc_column_container vc_col-sm-12\"><div class=\"vc_column-inner\"><div class=\"wpb_wrapper\"><div class=\"vc_empty_space\"   style=\"height: 32px\"><span class=\"vc_empty_space_inner\"><\/span><\/div><div class=\"mkdf-section-title-holder\" style=\"text-align: center\">\n\t<div class=\"mkdf-st-inner\">\n\t\t\t\t\t<h5 class=\"mkdf-st-subtitle\" >\n\t\t\t\tGrupin\u0117s ir priva\u010dios parinktys\t\t\t<\/h5>\n\t\t\t\t\t\t\t<h3 class=\"mkdf-st-title\" >\n\t\t\t\tEkskursijos ir ekskursijos\t\t\t<\/h3>\n\t\t\t\t\t<\/div>\n<\/div><\/div><\/div><\/div><\/div><div class=\"vc_row wpb_row vc_row-fluid\" ><div class=\"wpb_column vc_column_container vc_col-sm-12\"><div class=\"vc_column-inner\"><div class=\"wpb_wrapper\"><div class=\"vc_btn3-container vc_btn3-inline\" ><button class=\"vc_general vc_btn3 vc_btn3-size-md vc_btn3-shape-rounded vc_btn3-style-modern vc_btn3-color-green\">U\u017dSAKYTI DABAR<\/button><\/div><\/div><\/div><\/div><\/div>","protected":false},"excerpt":{"rendered":"BOOK NOWAbout BoatBoat EquipmentMoreAbout Boat Name: Tour Marina Model: Year: Lenght: Motors number: 2 Power: 600 HP Boat Equipment VHS Radio Toilet Ice Cooler Life Jackets Music Equipment More Included: Crew onboard Fuel Other info: Boat is available from 6 AM until 4:30 PM. Drink and Food options are available for an extra cost: Details of the Traditional Buffet lunch on Cayo Levantado Island, $15 USD\/ pp. -Green salad -Bread -Moro de Guandule (Rice Dominican Style) with Coconut \u2013 Pasta [...]","protected":false},"featured_media":14126,"template":"","meta":[],"product_cat":[655,841],"product_tag":[842,843,844,845],"class_list":["post-14124","product","type-product","status-publish","has-post-thumbnail","hentry","product_cat-1-samana","product_cat-rent-catamaran-or-boat-samana","product_tag-catamaran-for-renting-samana","product_tag-samana-boat-rentals","product_tag-samana-catamaran","product_tag-samana-rentals"],"_links":{"self":[{"href":"https:\/\/www.boattoursamana.com\/lt\/wp-json\/wp\/v2\/product\/14124","targetHints":{"allow":["GET"]}}],"collection":[{"href":"https:\/\/www.boattoursamana.com\/lt\/wp-json\/wp\/v2\/product"}],"about":[{"href":"https:\/\/www.boattoursamana.com\/lt\/wp-json\/wp\/v2\/types\/product"}],"wp:featuredmedia":[{"embeddable":true,"href":"https:\/\/www.boattoursamana.com\/lt\/wp-json\/wp\/v2\/media\/14126"}],"wp:attachment":[{"href":"https:\/\/www.boattoursamana.com\/lt\/wp-json\/wp\/v2\/media?parent=14124"}],"wp:term":[{"taxonomy":"product_cat","embeddable":true,"href":"https:\/\/www.boattoursamana.com\/lt\/wp-json\/wp\/v2\/product_cat?post=14124"},{"taxonomy":"product_tag","embeddable":true,"href":"https:\/\/www.boattoursamana.com\/lt\/wp-json\/wp\/v2\/product_tag?post=14124"}],"curies":[{"name":"wp","href":"https:\/\/api.w.org\/{rel}","templated":true}]}}