{"id":14291,"date":"2022-11-02T08:35:02","date_gmt":"2022-11-02T08:35:02","guid":{"rendered":"https:\/\/www.ticketswhales.com\/?post_type=product&#038;p=14291"},"modified":"2023-10-12T02:05:54","modified_gmt":"2023-10-12T02:05:54","slug":"punta-cana-los-haitises-national-park-yanigua-waterfalls-montana-redonda","status":"publish","type":"product","link":"https:\/\/www.boattoursamana.com\/lt\/turas\/punta-kana-los-haitises-nacionalinis-parkas-yanigua-kriokliai-ir-montana-redonda","title":{"rendered":"Punta Kana: Los Haitises nacionalinis parkas, Yanigua kriokliai ir Montana Redonda"},"content":{"rendered":"<div class=\"vc_row wpb_row vc_row-fluid\" ><div class=\"wpb_column vc_column_container vc_col-sm-12\"><div class=\"vc_column-inner\"><div class=\"wpb_wrapper\"><div class=\"mkdf-section-title-holder\" style=\"text-align: left\">\n\t<div class=\"mkdf-st-inner\">\n\t\t\t\t\t<h5 class=\"mkdf-st-subtitle\" >\n\t\t\t\tTransportas ir piet\u016bs \u012fskai\u010diuoti\t\t\t<\/h5>\n\t\t\t\t\t\t\t<h3 class=\"mkdf-st-title\" >\n\t\t\t\tPunta Kana: Los Haitises nacionalinis parkas, Yanigua kriokliai ir Montana Redonda\t\t\t<\/h3>\n\t\t\t\t\t<\/div>\n<\/div><\/div><\/div><\/div><\/div><div class=\"vc_row wpb_row vc_row-fluid\" ><div class=\"wpb_column vc_column_container vc_col-sm-12\"><div class=\"vc_column-inner\"><div class=\"wpb_wrapper\"><div class=\"vc_btn3-container vc_btn3-inline\" ><a class=\"vc_general vc_btn3 vc_btn3-size-md vc_btn3-shape-rounded vc_btn3-style-modern vc_btn3-color-green\" href=\"https:\/\/bookingadventures.tours\/booking.php?tour_id=8081df21d5fc51981b39e270d99ab5ab\" title=\"\" rel=\"noopener\">U\u017dSAKYTI DABAR <\/a><\/div>\n\t<div class=\"wpb_text_column wpb_content_element\" >\n\t\t<div class=\"wpb_wrapper\">\n\t\t\t<h3>Punta Kana: Los Haitises nacionalinis parkas, Yanigua kriokliai ir Montana Redonda<\/h3>\n<h4><b><i>Ap\u017evalga <\/i><\/b><\/h4>\n<p>Los Haitises nacionalinio parko ekskursija i\u0161 Punta Kanos dienos kelion\u0117s. Pradedant nuo vie\u0161bu\u010dio Punta Cana arba Bavaro. Su savo gidu va\u017eiuosime \u012f Montana Redonda. Kur turite laiko padaryti nuostabias nuotraukas i\u0161 vieno \u012fsp\u016bdingiausi\u0173 vaizd\u0173 Dominikos Respublikoje. Po \u0161io pirmojo sustojimo toliau aplankome Los Haitises nacionalin\u012f park\u0105, u\u017ekand\u017eius ir tipi\u0161kus g\u0117rimus, o apva\u017eiuojame mangroves, urvus ir garsias uol\u0117tas salas kaip Juros periodo parke. Po apsilankymo Los Haitises nacionaliniame parke m\u016bs\u0173 laukia piet\u016bs Ca\u00f1o Hondo. Po vietini\u0173 ir gastronomini\u0173 vietini\u0173 piet\u0173 turite tur\u0117ti laiko paplaukioti unikaliuose nat\u016braliuose baseinuose, kuri\u0173 vanduo atkeliauja i\u0161 Los Haitises nacionalinio parko.<\/p>\n<p>Po \u0161ios patirties gr\u012f\u0161ite \u012f Punta Cana bendruomen\u0119, i\u0161 kurios jus pasiimsime.<\/p>\n<ul>\n<li style=\"font-weight: 400;\">Mokes\u010diai \u012fskai\u010diuoti<\/li>\n<li>Piet\u016bs<\/li>\n<li>U\u017ekand\u017eiai<\/li>\n<li style=\"font-weight: 400;\">Vietinis kelioni\u0173 vadovas angl\u0173 arba pranc\u016bz\u0173 kalba<\/li>\n<li>Transportas<\/li>\n<li>Kelion\u0117 laivu<\/li>\n<li>Montana Redonda<\/li>\n<li>Yanigua krioklys<\/li>\n<\/ul>\n<p>&nbsp;<\/p>\n<h4><b>\u012etraukimai ir i\u0161imtys<\/b><\/h4>\n<p>&nbsp;<\/p>\n<p><b>Inkliuzai<\/b><\/p>\n<ol>\n<li style=\"font-weight: 400;\">Los Haitises turas + urvai ir piktogramos<\/li>\n<li>Montana Redonda<\/li>\n<li>Yanigua kriokliai<\/li>\n<li>Piet\u016bs<\/li>\n<li>Vie\u0161bu\u010di\u0173 atsi\u0117mimas Punta Cana srityse.<\/li>\n<li style=\"font-weight: 400;\"><span style=\"font-weight: 400;\">Visi mokes\u010diai, rinkliavos ir tvarkymo mokes\u010diai<\/span><\/li>\n<li style=\"font-weight: 400;\"><span style=\"font-weight: 400;\">Vietiniai mokes\u010diai<\/span><\/li>\n<li style=\"font-weight: 400;\"><span style=\"font-weight: 400;\">G\u0117rimai<\/span><\/li>\n<li>U\u017ekand\u017eiai<\/li>\n<li style=\"font-weight: 400;\"><span style=\"font-weight: 400;\">Visa veikla<\/span><\/li>\n<li style=\"font-weight: 400;\"><span style=\"font-weight: 400;\">Vietinis gidas<\/span><\/li>\n<\/ol>\n<p><b> I\u0161imtys<\/b><\/p>\n<ol>\n<li style=\"font-weight: 400;\"><span style=\"font-weight: 400;\">Arbatpinigiai<\/span><\/li>\n<li style=\"font-weight: 400;\"><span style=\"font-weight: 400;\">Alkoholiniai g\u0117rimai<\/span><\/li>\n<\/ol>\n<p>&nbsp;<\/p>\n<h4><em><strong>I\u0161vykimas ir gr\u012f\u017eimas<\/strong><\/em><\/h4>\n<p><span style=\"font-weight: 400;\">Keliautojas gaus susitikimo viet\u0105 po rezervacijos proceso. Ekskursijos prasideda ir baigiasi m\u016bs\u0173 susitikimo vietose.<\/span><\/p>\n<h4><\/h4>\n<h3>Punta Kana: Los Haitises nacionalinis parkas, Yanigua kriokliai ir Montana Redonda<\/h3>\n<h4><b><i>Ko tik\u0117tis?<\/i><\/b><\/h4>\n<p><em><strong>Gaukite bilietus<\/strong><\/em> u\u017e apsilankym\u0105 Los Haitises nacionaliniame parke i\u0161 Punta Kanos.<\/p>\n<p>The\u00a0<strong>Dominikos Respublikos atogr\u0105\u017e\u0173 gamta<\/strong>\u00a0yra vienas i\u0161 pagrindini\u0173\u00a0<strong>turistini\u0173 objekt\u0173<\/strong>\u00a0\u0161alyje. \u0160iandien norime jums pasi\u016blyti a\u00a0<strong>unikali ekskursija<\/strong>\u00a0k\u0105 galite padaryti i\u0161 Punta Kanos, ir tai apima apsilankym\u0105 trijose vietose, kur kra\u0161tovaizd\u017eiai paliks jus be \u017eado.<\/p>\n<p>Pirmasis i\u0161 j\u0173 yra\u00a0<em>Apvalus kalnas<\/em>, vieta, kuri pastaraisiais metais i\u0161gars\u0117jo d\u0117l savo\u00a0<strong>panoraminis vaizdas<\/strong>\u00a0vir\u0161 Karib\u0173 j\u016bros, kur\u00a0<strong>momentin\u0117s nuotraukos ant s\u016bpyni\u0173<\/strong>\u00a0kad \u017ei\u016bri \u012f horizont\u0105, tapo vienu i\u0161\u00a0<strong>da\u017eniausiai fotografuojamos vietos Dominikos Respublikoje<\/strong>.<\/p>\n<p><strong>Los Haitises nacionalinis parkas<\/strong>\u00a0yra m\u016bs\u0173 kitas tikslas \u017eem\u0117lapyje, sritis, kurioje\u00a0<strong>j\u016bra, mangrov\u0117s, d\u017eiungl\u0117s<\/strong>\u00a0Ir netgi\u00a0<strong>archeologini\u0173 liekan\u0173<\/strong>\u00a0pasl\u0117pti urvuose, atskleisti visk\u0105\u00a0<strong>nat\u016bralaus \u017eavesio, kur\u012f si\u016blo \u0161alis<\/strong>. Jo ma\u017eos kalvos, pilnos augmenijos, taip pat yra puiki vieta pauk\u0161\u010di\u0173 steb\u0117jimui, kur\u012f rasite tik \u010dia.<\/p>\n<p>Parko viduje yra dar vienas\u00a0<strong>stebuklinga vieta: Yanigua Ranch kriokliai<\/strong>. \u0160is \u012fsp\u016bdingas krioklys yra\u00a0<strong>puiki vieta atsijungti<\/strong>\u00a0i\u0161 Punta Cana turist\u0173 minios, apsuptos tir\u0161tos augmenijos, kuri ver\u010dia manyti, kad iki artimiausio miestelio esame nutol\u0119 daugiau nei 100 kilometr\u0173, nors tikrai taip n\u0117ra.<\/p>\n<div class=\"body-description secondary\">\n<p>Po piet\u0173 gr\u012f\u017etame \u012f Punta Kan\u0105!!<\/p>\n<h2 id=\"headline-62-1277\" class=\"ct-headline\">Ekskursijos mar\u0161rutas<\/h2>\n<div id=\"_rich_text-77-1277\" class=\"oxy-rich-text\">\n<p>\u0160ios ekskursijos mar\u0161rutas yra toks:<\/p>\n<ul>\n<li><strong>06:50 val<\/strong>\u00a0- Pasiimk tave \u012f vie\u0161but\u012f.<\/li>\n<li><strong>08:30 val<\/strong>\u00a0\u2013 Atvykimas \u012f apval\u0173 kaln\u0105, unikal\u0173 kra\u0161tovaizd\u012f visoje \u0161alyje.<\/li>\n<li><strong>10:30 val<\/strong>\u00a0\u2013 Greitaeigiu kateriu i\u0161vyksta i\u0161 Sabana de la Mar link Haitises nacionalinio parko. Kelyje pamatysime\u00a0<strong>egzoti\u0161ki pauk\u0161\u010diai<\/strong>, ir mes atvyksime \u012f\u00a0<strong>urvai<\/strong>\u00a0kur galima pamatyti\u00a0<strong>vietini\u0173 paveiksl\u0173<\/strong>.<\/li>\n<li><strong>12:30<\/strong>\u00a0<strong>pm\u00a0<\/strong>\u2013 Eikite gilyn \u012f d\u017eiungles, kol pasieksime Yanigua Ranch krioklius \u2013 puiki\u0105 viet\u0105 papietauti ir i\u0161simaudyti. Taip pat galite i\u0161simaudyti gydomojo purvo vonioje.<\/li>\n<li><strong>02:00<\/strong>\u00a0<strong>pm<\/strong>\u00a0\u2013 Galite paragauti\u00a0<strong>kava ir kakava<\/strong>\u00a0i\u0161 vietini\u0173 ferm\u0173 ir ran\u010d\u0173.<\/li>\n<li><strong>03:00<\/strong>\u00a0<strong>pm<\/strong>\u2013 Aplankykite\u00a0<strong>m\u0117lyno gintaro kasykla<\/strong>.<\/li>\n<li><strong>04:30 val<\/strong>\u00a0\u2013 Sustokite fotografavimo aik\u0161tel\u0117je, kur gal\u0117site pamatyti Haitises nacionalinio parko puo\u0161num\u0105.<\/li>\n<li><strong>17:00 val<\/strong>\u00a0\u2013 Galiausiai gidas nuves mus prie vienos \u012fdomiausi\u0173 \u0161ios vietos statini\u0173,\u00a0<em>Tarzano namas<\/em>, kuris yra daugiau nei 100 p\u0117d\u0173 auk\u0161\u010dio medyje.<\/li>\n<li><strong>06:00 val<\/strong>\u00a0\u2013 Gr\u012f\u017eti \u012f vie\u0161bu\u010dius su m\u016bs\u0173 transportu.<\/li>\n<\/ul>\n<p><em>* Auk\u0161\u010diau nurodyti laikai yra apytiksliai<\/em><\/p>\n<\/div>\n<\/div>\n<p>Jei jums patiks \u0161i kelion\u0117 ilgesn\u0117 ar trumpesn\u0117, tiesiog susisiekite su mumis.<\/p>\n<p>&nbsp;<\/p>\n<h4><em><strong>K\u0105 tur\u0117tum atsine\u0161ti?<\/strong><\/em><\/h4>\n<ul>\n<li style=\"font-weight: 400;\"><span style=\"font-weight: 400;\">Fotoaparatas<\/span><\/li>\n<li style=\"font-weight: 400;\"><span style=\"font-weight: 400;\">Atbaidantys pumpurai<\/span><\/li>\n<li style=\"font-weight: 400;\"><span style=\"font-weight: 400;\">Kremas nuo saul\u0117s<\/span><\/li>\n<li style=\"font-weight: 400;\"><span style=\"font-weight: 400;\">Skryb\u0117l\u0117<\/span><\/li>\n<li style=\"font-weight: 400;\"><span style=\"font-weight: 400;\">Patogios kelnes<\/span><\/li>\n<li style=\"font-weight: 400;\"><span style=\"font-weight: 400;\">\u017dygio batai mi\u0161kui<\/span><\/li>\n<li style=\"font-weight: 400;\"><span style=\"font-weight: 400;\">Sandalai pavasario zonoms.<\/span><\/li>\n<li style=\"font-weight: 400;\"><span style=\"font-weight: 400;\">Plaukimo apranga<\/span><\/li>\n<\/ul>\n<p>&nbsp;<\/p>\n<h4><b><i>Vie\u0161bu\u010dio pa\u0117mimas <\/i><\/b><\/h4>\n<p><span style=\"font-weight: 400;\">\u0160ios ekskursijos metu si\u016blomas pa\u0117mimas i\u0161 vie\u0161bu\u010dio. \u010cia pasirinkite vie\u0161bu\u010dio pavadinim\u0105 ir laik\u0105. Jei j\u016bs\u0173 vie\u0161bu\u010dio n\u0117ra s\u0105ra\u0161e, susisiekite su mumis.<\/span><\/p>\n<p>&nbsp;<\/p>\n<p><b>Pastaba:<\/b><span style=\"font-weight: 400;\"> Jei rezervuojate per 24 valandas nuo kelion\u0117s\/ekskursijos i\u0161vykimo laiko, mes galime susitarti d\u0117l pa\u0117mimo i\u0161 vie\u0161bu\u010dio su papildomais mokes\u010diais. Kai pirkimas bus baigtas, mes atsi\u0173sime jums vis\u0105 kontaktin\u0119 informacij\u0105 (telefono numer\u012f, el. pa\u0161to adres\u0105 ir kt.), skirt\u0105 m\u016bs\u0173 vietiniam kelioni\u0173 vadovui, kad gal\u0117tume susitarti d\u0117l pa\u0117mimo.<\/span><\/p>\n<h4><b><i>Papildomos informacijos patvirtinimas <\/i><\/b><\/h4>\n<ol>\n<li>Bilietai yra kvitas apmok\u0117jus \u0161i\u0105 kelion\u0119. Mok\u0117jim\u0105 galite parodyti savo telefone.<\/li>\n<li style=\"font-weight: 400;\"><span style=\"font-weight: 400;\">Susitikimo vieta bus gauta po rezervacijos proceso.<\/span><\/li>\n<li style=\"font-weight: 400;\"><span style=\"font-weight: 400;\">Vaikus turi lyd\u0117ti suaug\u0119s asmuo.<\/span><\/li>\n<li style=\"font-weight: 400;\"><span style=\"font-weight: 400;\"> Nepritaikoma ne\u012fgaliojo ve\u017eim\u0117liu <\/span><\/li>\n<li style=\"font-weight: 400;\"><span style=\"font-weight: 400;\">K\u016bdikiai turi s\u0117d\u0117ti ant keli\u0173 <\/span><\/li>\n<li style=\"font-weight: 400;\"><span style=\"font-weight: 400;\">Nerekomenduojama keliautojams, turintiems nugaros problem\u0173<\/span><\/li>\n<li style=\"font-weight: 400;\"><span style=\"font-weight: 400;\">Nerekomenduojama besilaukian\u010dioms keliautojoms <\/span><\/li>\n<li style=\"font-weight: 400;\"><span style=\"font-weight: 400;\"> Joki\u0173 \u0161irdies problem\u0173 ar kit\u0173 rimt\u0173 sveikatos sutrikim\u0173 <\/span><\/li>\n<li style=\"font-weight: 400;\"><span style=\"font-weight: 400;\">Dalyvauti gali dauguma keliautoj\u0173<\/span><\/li>\n<\/ol>\n<h4><b><i>At\u0161aukimo politika<\/i><\/b><\/h4>\n<p>Nor\u0117dami susigr\u0105\u017einti visas l\u0117\u0161as, perskaitykite at\u0161aukimo politik\u0105\u00a0<a href=\"https:\/\/www.boattoursamana.com\/lt\/uzsakymas-internetu\/\" target=\"_blank\" rel=\"noopener\" data-saferedirecturl=\"https:\/\/www.google.com\/url?q=https:\/\/www.boattoursamana.com\/online-booking\/&amp;source=gmail&amp;ust=1672308980019000&amp;usg=AOvVaw26v5FL8g3-3hyHN76KOvdD\">Paspauskite \u010dia<\/a>. L\u0117\u0161os bus prarastos, jei rezervacija bus at\u0161aukta t\u0105 pa\u010di\u0105 kelion\u0117s dien\u0105.<\/p>\n\n\t\t<\/div>\n\t<\/div>\n<div class=\"vc_btn3-container vc_btn3-inline\" ><a class=\"vc_general vc_btn3 vc_btn3-size-md vc_btn3-shape-rounded vc_btn3-style-modern vc_btn3-color-green\" href=\"https:\/\/bookingadventures.tours\/booking.php?tour_id=8081df21d5fc51981b39e270d99ab5ab\" title=\"\" rel=\"noopener\">U\u017dSAKYTI DABAR <\/a><\/div><\/div><\/div><\/div><\/div><div class=\"vc_row wpb_row vc_row-fluid\" ><div class=\"wpb_column vc_column_container vc_col-sm-12\"><div class=\"vc_column-inner\"><div class=\"wpb_wrapper\"><div class=\"vc_empty_space\"   style=\"height: 32px\"><span class=\"vc_empty_space_inner\"><\/span><\/div>\n\t<div class=\"wpb_video_widget wpb_content_element vc_clearfix   vc_video-aspect-ratio-169 vc_video-el-width-100 vc_video-align-left\" >\n\t\t<div class=\"wpb_wrapper\">\n\t\t\t<h2 class=\"wpb_heading wpb_video_heading\">Los Haitises nacionalinio parko vaizdo \u012fra\u0161as:<\/h2>\n\t\t\t<div class=\"wpb_video_wrapper\"><iframe loading=\"lazy\" title=\"Los Haitises nacionalinis parkas, ekskursijos ir ekskursijos i\u0161 Samanos arba Sabana de la Mar. U\u017esisakykite \u010dia:\" src=\"https:\/\/player.vimeo.com\/video\/346508015?dnt=1&amp;app_id=122963\" width=\"1100\" height=\"619\" frameborder=\"0\" allow=\"autoplay; fullscreen\" allowfullscreen><\/iframe><\/div>\n\t\t<\/div>\n\t<\/div>\n<div class=\"vc_empty_space\"   style=\"height: 32px\"><span class=\"vc_empty_space_inner\"><\/span><\/div><\/div><\/div><\/div><\/div><div class=\"vc_row wpb_row vc_row-fluid\" ><div class=\"wpb_column vc_column_container vc_col-sm-12\"><div class=\"vc_column-inner\"><div class=\"wpb_wrapper\"><div class=\"vc_empty_space\"   style=\"height: 32px\"><span class=\"vc_empty_space_inner\"><\/span><\/div>\n\t<div class=\"wpb_text_column wpb_content_element\" >\n\t\t<div class=\"wpb_wrapper\">\n\t\t\t<h4>Susisiekite su mumis?<\/h4>\n<h5><em><strong>Nuotyki\u0173 u\u017esakymas<\/strong><\/em><\/h5>\n<p><em><strong>Vietiniai<\/strong>\u00a0ir\u00a0<strong>Tautie\u010diai<\/strong>\u00a0Gidai ir sve\u010di\u0173 paslaugos<\/em><\/p>\n<p><span class=\"text-turquoise\">Rezervacijos:<\/span>\u00a0Ekskursijos ir ekskursijos Dom. Rep.<\/p>\n<p><img decoding=\"async\" class=\"emoji\" draggable=\"false\" src=\"https:\/\/s.w.org\/images\/core\/emoji\/11.2.0\/svg\/1f4de.svg\" alt=\"\ud83d\udcde\" title=\"\">\u00a0Tel \/ Whatsapp\u00a0\u00a0<a href=\"tel:+1-809-720-6035\">+1-809-720-6035<\/a>.<\/p>\n<p><img decoding=\"async\" class=\"emoji\" draggable=\"false\" src=\"https:\/\/s.w.org\/images\/core\/emoji\/11.2.0\/svg\/1f4e9.svg\" alt=\"\ud83d\udce9\" title=\"\">\u00a0<a href=\"mailto:info@bookingadventures.com.do\">info@bookingadventures.com.do<\/a><\/p>\n<p><strong>Mes lanks\u010diai nustatome priva\u010dias \u201eWhatsapp\u201c keliones:\u00a0<a href=\"tel:+18097206035\">+18097206035.<\/a><\/strong><\/p>\n\n\t\t<\/div>\n\t<\/div>\n<div class=\"vc_empty_space\"   style=\"height: 32px\"><span class=\"vc_empty_space_inner\"><\/span><\/div><\/div><\/div><\/div><\/div>","protected":false},"excerpt":{"rendered":"<p>Ekskursija i\u0161 Punta Kanos: Los Haitises nacionalinis parkas, Yanigua kriokliai ir Montana Redonda. \u012e kain\u0105 \u012fskai\u010diuoti piet\u016bs ir transportas, skirtas aplankyti 3 pagrindinius urvus, ap\u017ei\u016br\u0117ti 2 skirtingas mangrovi\u0173 ekosistemas, vaizdus ir baseinus.<\/p>\n<p>Visos dienos kelion\u0117 \u012f Los Haitises nacionalin\u012f park\u0105 su vietiniu gidu. Lankymasis Los Haitises nacionalinio parko Cays, mangrovi\u0173, augmenijos, pauk\u0161\u010di\u0173, urv\u0173, piktogram\u0173 ir istorini\u0173 Sabana de la Mar vietovi\u0173 lankymas Los Haitises nacionaliniame parke. Nuostab\u016bs vaizdai Montana Redonda ir piet\u016bs bei baseinai Yanigua krioklyje.<\/p>\n<p>&nbsp;<\/p>\n<p><strong>Pra\u0161ome pasirinkti kelion\u0117s dat\u0105:\u00a0<\/strong><\/p>","protected":false},"featured_media":14278,"template":"","meta":[],"product_cat":[948,946,928,168,1050,1049],"product_tag":[268,296,267,171,209,440,441,299,1052,212,297,222,298,269,1053,1051],"class_list":["post-14291","product","type-product","status-publish","has-post-thumbnail","hentry","product_cat-1-punta-cana","product_cat-1-sabana-de-la-mar","product_cat-boat-trip-los-haitises","product_cat-caves","product_cat-waterfalls-los-haitises","product_cat-yanigua-waterfalls-montana-redonda","product_tag-caves-los-haitises","product_tag-day-trip-punta-cana","product_tag-las-terrenas","product_tag-los-haitises","product_tag-los-haitises-national-park","product_tag-los-haitises-national-park-map","product_tag-los-haitises-national-park-tour-from-las-terrenas","product_tag-los-haitises-national-park-tours-excursions","product_tag-los-haitises-waterfall","product_tag-mangroves-los-haitises","product_tag-montana-redonda-tours-excursion","product_tag-punta-cana","product_tag-punta-cana-tours-excursions","product_tag-transportation-los-haitises","product_tag-waterfalls-dominican-republic","product_tag-yanigua-waterfalls"],"_links":{"self":[{"href":"https:\/\/www.boattoursamana.com\/lt\/wp-json\/wp\/v2\/product\/14291","targetHints":{"allow":["GET"]}}],"collection":[{"href":"https:\/\/www.boattoursamana.com\/lt\/wp-json\/wp\/v2\/product"}],"about":[{"href":"https:\/\/www.boattoursamana.com\/lt\/wp-json\/wp\/v2\/types\/product"}],"wp:featuredmedia":[{"embeddable":true,"href":"https:\/\/www.boattoursamana.com\/lt\/wp-json\/wp\/v2\/media\/14278"}],"wp:attachment":[{"href":"https:\/\/www.boattoursamana.com\/lt\/wp-json\/wp\/v2\/media?parent=14291"}],"wp:term":[{"taxonomy":"product_cat","embeddable":true,"href":"https:\/\/www.boattoursamana.com\/lt\/wp-json\/wp\/v2\/product_cat?post=14291"},{"taxonomy":"product_tag","embeddable":true,"href":"https:\/\/www.boattoursamana.com\/lt\/wp-json\/wp\/v2\/product_tag?post=14291"}],"curies":[{"name":"wp","href":"https:\/\/api.w.org\/{rel}","templated":true}]}}