{"id":16647,"date":"2023-11-06T09:02:24","date_gmt":"2023-11-06T09:02:24","guid":{"rendered":"https:\/\/www.ticketswhales.com\/?post_type=product&#038;p=16647"},"modified":"2023-11-06T09:11:44","modified_gmt":"2023-11-06T09:11:44","slug":"los-haitises-cueva-el-naranjo-y-laguna-cristal-from-sabana-de-la-mar","status":"publish","type":"product","link":"https:\/\/www.boattoursamana.com\/lt\/turas\/los-haitises-cueva-el-naranjo-y-laguna-cristal-is-sabana-de-la-mar","title":{"rendered":"Los Haitises: Cueva el Naranjo y Laguna Cristal i\u0161 Sabana de la mar"},"content":{"rendered":"<div class=\"vc_row wpb_row vc_row-fluid\" ><div class=\"wpb_column vc_column_container vc_col-sm-12\"><div class=\"vc_column-inner\"><div class=\"wpb_wrapper\">\n\t<div class=\"wpb_text_column wpb_content_element\" >\n\t\t<div class=\"wpb_wrapper\">\n\t\t\t<h2><span style=\"font-weight: 400;\">Los Haitises: Cueva el Naranjo ir Laguna Cristal<\/span><\/h2>\n<p>Sabana de la mar<\/p>\n<p>&nbsp;<\/p>\n<p><b>Ap\u017evalga<\/b><span style=\"font-weight: 400;\">\u00a0<\/span><\/p>\n<p>&nbsp;<\/p>\n<p><span style=\"font-weight: 400;\">Los Haitises nacionalinis parkas yra Dominikos Respublikos gamtos lobis, kuriame Ispanioloje randama 25% g\u0117lo vandens. \u0160ios patirties metu apkeliaujame kai kurias svarbiausias \u0161io nuostabaus parko vietas. \u012esigykite biliet\u0105, kad ap\u017ei\u016br\u0117tum\u0117te Ojo de Cielo urv\u0105, Laguna Cristal, Barracote up\u0119 ir Samanos \u012flank\u0105.\u00a0<\/span><\/p>\n<p>&nbsp;<\/p>\n<p><span style=\"font-weight: 400;\">Hidrografiniu po\u017ei\u016briu<\/span><span style=\"font-weight: 400;\">, Los Haitises ir jos \u012ftakos sritis sudaro du regionai: Yuna up\u0117s \u017eemupio baseinas ir Miches bei Sabana de la Mar sritis. Yuna nuteka per dvi \u017eiotis: pa\u010dios Yuna ir Barracote. Be to, rajone yra Payabo, Los Cocos ir Naranjo up\u0117s, Cabirma, Estero, Prieto ir kiti kanalai.<\/span><\/p>\n<p>&nbsp;<\/p>\n<p><span style=\"font-weight: 400;\">Apie Los Haitises kra\u0161tovaizd\u012f,<\/span><span style=\"font-weight: 400;\"> be urv\u0173 yra Ca\u00f1o Hondo, Punta Arena, Ca\u00f1o Salado, Bah\u00eda de San Lorenzo ir Cayo de los P\u00e1jaros, kurie yra labai \u012fsp\u016bdingi kra\u0161tovaizd\u017eio elementai. Pastarasis, esantis tarp Boca del Infierno ir El Naranjo Arriba, lengvai atpa\u017e\u012fstamas i\u0161 beveik nuolatinio ausini\u0173 ir pelikan\u0173 buvimo.<\/span><\/p>\n<p>&nbsp;<\/p>\n<p><span style=\"font-weight: 400;\">Apie Sanchez City,<\/span><span style=\"font-weight: 400;\"> Anks\u010diau tai buvo nedidelis miestelis, vadinamas Las Ca\u00f1itas, ta\u010diau 1888 m. jis buvo pakeltas \u012f savivaldyb\u0117s, pavadintos vieno i\u0161 Dominikos Respublikos \u012fk\u016br\u0117j\u0173 Francisco del Rosario S\u00e1nchez vardu, status\u0105. Jo svarba ir gyventoj\u0173 skai\u010dius i\u0161augo po to, kai 1865 m. buvo nutiestas gele\u017einkelis. \u0160i linija nusidriek\u0117 iki centrinio Cibao regiono, pavertusi \u0161i\u0105 ma\u017e\u0105 Karib\u0173 bendruomen\u0119 svarbiausiu \u0161alies uostu nuo XIX am\u017eiaus pabaigos iki 2000 m. kit\u0105 \u0161imtmet\u012f. .<\/span><\/p>\n<p>&nbsp;<\/p>\n<p><span style=\"font-weight: 400;\">Apie Laguna Cristal<\/span><span style=\"font-weight: 400;\"> Laguna Cristal yra gra\u017eus g\u0117lo vandens \u0161altinis prie Los Haitises nacionalinio parko vart\u0173, \u012f \u0161iaur\u0119 nuo Monte Plata provincijos, kuris pasi\u017eymi unikaliu gro\u017eiu d\u0117l savo gamtos lankytin\u0173 viet\u0173 ir mums suteikiamos ramyb\u0117s. \u012e marias maitina gruntinis vanduo, kuris ateina i\u0161 gretimo parko. I\u0161 lag\u016bnos u\u017e keli\u0173 \u0161imt\u0173 metr\u0173 i\u0161nyra nedidel\u0117 laivybai tinkama up\u0117, kuri maitina Barracote up\u0119, kuri v\u0117liau \u012fteka \u012f San Lorenzo \u012flank\u0105. Jis b\u016bt\u0173 apie 200 metr\u0173 gylio ir 70 metr\u0173 skersmens.\u00a0<\/span><\/p>\n<p>&nbsp;<\/p>\n<p><span style=\"font-weight: 400;\">El Naranjo urvas<\/span><span style=\"font-weight: 400;\">, El Naranjo up\u0117, kuri yra tinkama laivybai, nepaisant jos ilgio 120 metr\u0173, kilusi i\u0161 urvo ir gali b\u016bti laikoma Los Haitises nacionalinio parko gamtos brangakmeniu. Tai pa\u017einimo vieta, kuri leid\u017eia \u012fvertinti trumpiausi\u0105 up\u0119 rajone sala, valtimi galite pasiekti urvo gal\u0105, i\u0161 kur kyla vanduo. Urvas yra \u0161ik\u0161nosparni\u0173 ir snapu\u010di\u0173 rezervuaras, o jo vandenyse gyvena vietin\u0117s \u017euv\u0173 r\u016b\u0161ys, kurios kitose up\u0117se ir upeliuose yra praeities dalykai, pavyzd\u017eiui, gvabinos, dajaos, karpijos, krevet\u0117s ir krabai.<\/span><\/p>\n<p>&nbsp;<\/p>\n<p><b>Inkliuzai<\/b><\/p>\n<p><span style=\"font-weight: 400;\">Visi mokes\u010diai, rinkliavos ir tvarkymo mokes\u010diai<\/span><\/p>\n<p><span style=\"font-weight: 400;\">Vietiniai mokes\u010diai<\/span><\/p>\n<p><span style=\"font-weight: 400;\">Pareig\u016bnai Ekologai gidai angl\u0173\/ispan\u0173 kalbomis<\/span><\/p>\n<p><span style=\"font-weight: 400;\">Vietinis transportas (pasi\u0117mimas i\u0161 vie\u0161bu\u010dio)<\/span><\/p>\n<p><span style=\"font-weight: 400;\">Greitasis kateris<\/span><\/p>\n<p><span style=\"font-weight: 400;\">Vietiniai piet\u016bs<\/span><\/p>\n<p><span style=\"font-weight: 400;\">Laguna Cristal\u00a0\u00a0<\/span><\/p>\n<p><span style=\"font-weight: 400;\">Cueva del Naranjo\u00a0<\/span><\/p>\n<p>&nbsp;<\/p>\n<p><b>I\u0161imtys<\/b><\/p>\n<p>&nbsp;<\/p>\n<p><span style=\"font-weight: 400;\">Arbatpinigiai<\/span><\/p>\n<p><span style=\"font-weight: 400;\">G\u0117rimas<\/span><\/p>\n<p><span style=\"font-weight: 400;\">\u00a0<\/span><\/p>\n<p>&nbsp;<\/p>\n<p><b>I\u0161vykimas ir gr\u012f\u017eimas<\/b><\/p>\n<p><span style=\"font-weight: 400;\">Ekskursija, kuri\u0105 organizuoja \u201eBooking Adventures\u201c, prasideda susitikimo ta\u0161ke, kuriame yra kelion\u0117s vadovas arba personalo narys. Keliautojas gaus susitikimo viet\u0105 po rezervacijos proceso. Ekskursijos prasideda ir baigiasi m\u016bs\u0173 susitikimo vietose.<\/span><\/p>\n<p>&nbsp;<\/p>\n<p><b>Ko tik\u0117tis?<\/b><\/p>\n<p><span style=\"font-weight: 400;\">\u012esigykite biliet\u0105 \u012f \u201eSearching For The Los Haitises: Los Haitises: Cueva el Naranjo y Laguna Cristal\u201c, \u0161i patirtis suteiks jums galimyb\u0119 pamatyti did\u017ei\u0105j\u0105 salos biologin\u0117s \u012fvairov\u0117s dal\u012f.\u00a0<\/span><\/p>\n<p>&nbsp;<\/p>\n<p><span style=\"font-weight: 400;\">\u0160i veikla prasid\u0117s nuo j\u016bs\u0173 pasi\u0117mimo i\u0161 apgyvendinimo vietos bet kurioje i\u0161 \u0161i\u0173 sri\u010di\u0173:<\/span><\/p>\n<ul>\n<li style=\"font-weight: 400;\" aria-level=\"1\"><span style=\"font-weight: 400;\">Las Terrenas\u00a0<\/span><\/li>\n<li style=\"font-weight: 400;\" aria-level=\"1\"><span style=\"font-weight: 400;\">Sanchezas\u00a0<\/span><\/li>\n<li style=\"font-weight: 400;\" aria-level=\"1\"><span style=\"font-weight: 400;\">Las Galeras<\/span><\/li>\n<li style=\"font-weight: 400;\" aria-level=\"1\"><span style=\"font-weight: 400;\">Santa Barbara de Samana\u00a0<\/span><\/li>\n<\/ul>\n<h3><b>Tvarkara\u0161tis<\/b><b>\u00a0<\/b><\/h3>\n<p><b>Sanchez Samana, plaukimas prie Laguna Cristal ir El Naranjo up\u0117s ir urv\u0173\u00a0<\/b><\/p>\n<p>&nbsp;<\/p>\n<p><span style=\"font-weight: 400;\">Pa\u0117mimas i\u0161 vie\u0161bu\u010dio: prasideda 7:00 (priklausomai nuo j\u016bs\u0173 buvimo vietos). U\u017esakymo formoje yra \u012fvairi\u0173 laiko parink\u010di\u0173. Ekskursijos trukm\u0117 8 valandos.\u00a0<\/span><\/p>\n<p>&nbsp;<\/p>\n<p><span style=\"font-weight: 400;\">Tai bus ankstyvas rytas, kad paimtume jus i\u0161 vie\u0161bu\u010dio ir nuva\u017eiuotum\u0117te \u012f m\u016bs\u0173 susitikimo viet\u0105 Sanchez Samana, kur susitiksite su vietiniu kelioni\u0173 gidu, prie\u0161 prad\u0117dami lankyti likusios dienos mar\u0161rut\u0105.\u00a0<\/span><\/p>\n<p>&nbsp;<\/p>\n<p><span style=\"font-weight: 400;\">Kai susiruo\u0161\u0117te, s\u0117dame \u012f greitaeig\u012f kater\u012f ir vyksime \u012f El Naranjo, kuri yra pirmoji dienos stotel\u0117, kur laivu \u012fplaukiame \u012f urv\u0105 ir maudom\u0117s trumpiausios salos up\u0117s g\u0117lame vandenyje.\u00a0<\/span><\/p>\n<p>&nbsp;<\/p>\n<p><span style=\"font-weight: 400;\">J\u016bs\u0173 antrasis plaukimas valtimi vyks per Barracote up\u0119, kad patektum\u0117te \u012f Laguna Cristal. Teks plaukti viena did\u017eiausi\u0173 upi\u0173 \u0161alies \u0161iaur\u0117s rytuose. \u201eCristal Area\u201c tur\u0117sime piet\u0173 pertrauk\u0105 prie\u0161 \u0161okant \u012f vanden\u012f.<\/span><\/p>\n<p>&nbsp;<\/p>\n<p><span style=\"font-weight: 400;\">I\u0161band\u0119 vietinius pietus, surengsime siest\u0105 prie Cristal Lagoon, o tada eisime maudytis, o tada gr\u012f\u0161ime \u012f Sanchez Samana.\u00a0<\/span><\/p>\n<p>&nbsp;<\/p>\n<p><span style=\"font-weight: 400;\">I\u0161vykimas \u012f vie\u0161but\u012f: 16:00 arba v\u0117liau, priklausomai nuo kelion\u0117s prad\u017eios laiko. I\u0161 viso kelion\u0117 trunka 8 valandas.\u00a0<\/span><\/p>\n<p>&nbsp;<\/p>\n<p><span style=\"font-weight: 400;\">Mar\u0161ruto dienos ir veiklos gali b\u016bti kei\u010diamos be \u012fsp\u0117jimo d\u0117l nenumatyt\u0173 aplinkybi\u0173 ar \u012fvyki\u0173. Nor\u0117dami gauti daugiau informacijos, \u017er. visas s\u0105lygas.<\/span><\/p>\n\n\t\t<\/div>\n\t<\/div>\n<\/div><\/div><\/div><\/div>","protected":false},"excerpt":{"rendered":"<p>Lankymasis El Naranjo up\u0117je su urvu ir Cristal Lagun Los Haitises nacionaliniame parke su vietiniu ekspertu kelioni\u0173 vadovu. Piet\u016bs ir transportas \u012fskai\u010diuoti \u012f \u201eSabana de la mar\u201c.<\/p>","protected":false},"featured_media":16644,"template":"","meta":[],"product_cat":[1096],"product_tag":[1097],"class_list":["post-16647","product","type-product","status-publish","has-post-thumbnail","hentry","product_cat-haitises","product_tag-haitises"],"_links":{"self":[{"href":"https:\/\/www.boattoursamana.com\/lt\/wp-json\/wp\/v2\/product\/16647","targetHints":{"allow":["GET"]}}],"collection":[{"href":"https:\/\/www.boattoursamana.com\/lt\/wp-json\/wp\/v2\/product"}],"about":[{"href":"https:\/\/www.boattoursamana.com\/lt\/wp-json\/wp\/v2\/types\/product"}],"wp:featuredmedia":[{"embeddable":true,"href":"https:\/\/www.boattoursamana.com\/lt\/wp-json\/wp\/v2\/media\/16644"}],"wp:attachment":[{"href":"https:\/\/www.boattoursamana.com\/lt\/wp-json\/wp\/v2\/media?parent=16647"}],"wp:term":[{"taxonomy":"product_cat","embeddable":true,"href":"https:\/\/www.boattoursamana.com\/lt\/wp-json\/wp\/v2\/product_cat?post=16647"},{"taxonomy":"product_tag","embeddable":true,"href":"https:\/\/www.boattoursamana.com\/lt\/wp-json\/wp\/v2\/product_tag?post=16647"}],"curies":[{"name":"wp","href":"https:\/\/api.w.org\/{rel}","templated":true}]}}