{"id":8855,"date":"2019-04-11T11:28:37","date_gmt":"2019-04-11T11:28:37","guid":{"rendered":"https:\/\/www.ticketswhales.com\/?post_type=product&#038;p=8855"},"modified":"2023-10-06T11:03:57","modified_gmt":"2023-10-06T11:03:57","slug":"kayaking-in-los-haitises-with-tour-guide-from-cano-hondo-4-hours","status":"publish","type":"product","link":"https:\/\/www.boattoursamana.com\/lt\/turas\/plaukimas-baidaremis-los-haitise-su-kelioniu-vadovu-is-kano-hondo-4-valandos","title":{"rendered":"4 valand\u0173 baidar\u0117s Los Haitises"},"content":{"rendered":"<div class=\"vc_row wpb_row vc_row-fluid\" ><div class=\"wpb_column vc_column_container vc_col-sm-12\"><div class=\"vc_column-inner\"><div class=\"wpb_wrapper\"><div class=\"vc_empty_space\"   style=\"height: 32px\"><span class=\"vc_empty_space_inner\"><\/span><\/div><\/div><\/div><\/div><\/div><div class=\"vc_row wpb_row vc_row-fluid\" ><div class=\"wpb_column vc_column_container vc_col-sm-12\"><div class=\"vc_column-inner\"><div class=\"wpb_wrapper\"><div class=\"mkdf-section-title-holder\" style=\"text-align: left\">\n\t<div class=\"mkdf-st-inner\">\n\t\t\t\t\t<h5 class=\"mkdf-st-subtitle\" >\n\t\t\t\tMangrov\u0117s, urvai ir kt.\t\t\t<\/h5>\n\t\t\t\t\t\t\t<h3 class=\"mkdf-st-title\" >\n\t\t\t\tPlaukimas baidar\u0117mis Los Haitises mieste su gidu i\u0161 Ca\u00f1o Hondo 4 valandos\t\t\t<\/h3>\n\t\t\t\t\t<\/div>\n<\/div><\/div><\/div><\/div><\/div><div class=\"vc_row wpb_row vc_row-fluid\" ><div class=\"wpb_column vc_column_container vc_col-sm-12\"><div class=\"vc_column-inner\"><div class=\"wpb_wrapper\"><div class=\"vc_empty_space\"   style=\"height: 32px\"><span class=\"vc_empty_space_inner\"><\/span><\/div><\/div><\/div><\/div><\/div><div class=\"vc_row wpb_row vc_row-fluid\" ><div class=\"wpb_column vc_column_container vc_col-sm-12\"><div class=\"vc_column-inner\"><div class=\"wpb_wrapper\"><div class=\"vc_btn3-container vc_btn3-inline\" ><a class=\"vc_general vc_btn3 vc_btn3-size-md vc_btn3-shape-rounded vc_btn3-style-modern vc_btn3-color-green\" href=\"https:\/\/bookingadventures.tours\/booking.php?tour_id=a9cb493d865c3629426ab07d6bacff97\" title=\"\" rel=\"noopener\">U\u017dSAKYTI DABAR<\/a><\/div>\n\t<div class=\"wpb_text_column wpb_content_element\" >\n\t\t<div class=\"wpb_wrapper\">\n\t\t\t<h4><b><i>Ap\u017evalga <\/i><\/b><\/h4>\n<p>Plaukimas baidar\u0117mis mangrov\u0117mis Los Haitises nacionaliniame parke su vietiniu gidu 4 valandas. Apsilankymas mangroviuose, urvuose, piktogramose Ca\u00f1o Hondo up\u0117je ir San Lorenzo \u012flankos ap\u017evalga Los Haitises nacionaliniame parke, Sabana de la Mar Ca\u00f1o Hondo rajone. Trumpos kelion\u0117s atveju: <a href=\"https:\/\/www.boattoursamana.com\/lt\/Tours-Excursions\/caves\/kayaking-in-los-haitises-with-tour-guide-from-cano-hondo-2\/\"><em><strong>Plaukimas baidar\u0117mis Los Haitises 2 val<\/strong><\/em><\/a><\/p>\n<ul>\n<li style=\"font-weight: 400;\"><span style=\"font-weight: 400;\">Vadove pateikiami nurodymai ir prie\u017ei\u016bra<\/span><\/li>\n<li>Galima \u012fsigyti dvivietes baidares ir irkles dviem \u017emon\u0117ms ir paprastas tik vienam asmeniui.<\/li>\n<\/ul>\n<p>&nbsp;<\/p>\n<h4><b>\u012etraukimai ir i\u0161imtys<\/b><\/h4>\n<p>&nbsp;<\/p>\n<p><b>Inkliuzai<\/b><\/p>\n<p>&nbsp;<\/p>\n<ol>\n<li style=\"font-weight: 400;\">Kelion\u0117 baidar\u0117mis<\/li>\n<li>Ekskursijos po urvus<\/li>\n<li style=\"font-weight: 400;\"><span style=\"font-weight: 400;\">Visi mokes\u010diai, rinkliavos ir tvarkymo mokes\u010diai<\/span><\/li>\n<li style=\"font-weight: 400;\"><span style=\"font-weight: 400;\">Vietiniai mokes\u010diai<\/span><\/li>\n<li style=\"font-weight: 400;\"><span style=\"font-weight: 400;\">Vietinis gidas<\/span><\/li>\n<\/ol>\n<p><b> I\u0161imtys<\/b><\/p>\n<ol>\n<li style=\"font-weight: 400;\"><span style=\"font-weight: 400;\">Arbatpinigiai<\/span><\/li>\n<li style=\"font-weight: 400;\"><span style=\"font-weight: 400;\">Perdavimas<\/span><\/li>\n<li>Piet\u016bs ne\u012fskai\u010diuoti<\/li>\n<li style=\"font-weight: 400;\"><span style=\"font-weight: 400;\">Alkoholiniai g\u0117rimai<\/span><\/li>\n<\/ol>\n<p>&nbsp;<\/p>\n<h4><em><strong>I\u0161vykimas ir gr\u012f\u017eimas<\/strong><\/em><\/h4>\n<p><span style=\"font-weight: 400;\">Keliautojas gaus susitikimo viet\u0105 po rezervacijos proceso. Ekskursijos prasideda ir baigiasi m\u016bs\u0173 susitikimo vietose.<\/span><\/p>\n<p>&nbsp;<\/p>\n<h4><b><i>Ko tik\u0117tis?<\/i><\/b><\/h4>\n<p>&nbsp;<\/p>\n<p><em><strong>Gaukite bilietus<\/strong><\/em> u\u017e 4 valand\u0173 apsilankym\u0105 baidar\u0117mis Cano Hondo up\u0117s mi\u0161ku (mangrov\u0117s), Uolini\u0173 sal\u0173, pauk\u0161\u010di\u0173 ir urv\u0173 su vietiniu gidu.<\/p>\n<p>Kai gausime vis\u0105 j\u016bs\u0173 saugumui reikaling\u0105 \u012frang\u0105 (gelb\u0117jimosi liemenes ir kt.), prasid\u0117s plaukimas baidar\u0117mis i\u0161 Ca\u00f1o Hondo uosto up\u0117s.<\/p>\n<p><span style=\"font-weight: 400;\">Ekskursija, kuri\u0105 organizuoja \u201eBooking Adventures\u201c, prasideda susitikimo ta\u0161ke, kuriame yra kelion\u0117s vadovas. <\/span>Plaukimas baidar\u0117mis ir mangrovi\u0173 pelk\u0117s, pro senovinius pirat\u0173 urvus ir saugomus mi\u0161kus \u0161iame vaizdingame rezervate, pradedant nuo Ca\u00f1o Hondo Hotels rajono arba nuo Sabana de la Mar,<\/p>\n<div class=\"body-description secondary\">\n<p>Ateikite su Booking Adventures ir prad\u0117kite ap\u017ei\u016br\u0117ti pauk\u0161\u010di\u0173 pilnas mangroves, ve\u0161lios augmenijos kalvas ir urvus <em><strong>Los Haitises nacionalinis parkas<\/strong><\/em>. Ekskursija baidar\u0117mis i\u0161 Ca\u00f1o Hondo up\u0117s, Sabana de la Mar. Per mangroves ir \u017eem\u0119 atviroje San Lorenzo \u012flankoje, i\u0161 kurios galite fotografuoti at\u0161iaur\u0173 mi\u0161ko kra\u0161tovaizd\u012f. Pa\u017ei\u016br\u0117kite \u012f vanden\u012f, kad pasteb\u0117tum\u0117te <em><strong>Lamantinai<\/strong><\/em>, v\u0117\u017eiagyviai ir <em><strong>delfinai.<\/strong><\/em><\/p>\n<p>Nacionalinio parko pavadinimas kil\u0119s nuo pirm\u0173j\u0173 jo gyventoj\u0173 Taino ind\u0117n\u0173. J\u0173 kalba \u201ehaitis\u201c rei\u0161kia auk\u0161tumos arba kalvos, nuoroda \u012f pakrant\u0117s sta\u010dius geologinius darinius su kalkakmeniais. Pasivaik\u0161\u010diokite giliau \u012f park\u0105 ir ap\u017ei\u016br\u0117kite urvus, tokius kaip <em><strong>Cueva de la Arena<\/strong><\/em> ir <strong><em>Cueva de la L\u00ednea.<\/em><\/strong> Draustinyje esan\u010dius urvus kaip prieglobst\u012f naudojo taino ind\u0117nai, o v\u0117liau \u2013 piratai. Ie\u0161kokite ind\u0117n\u0173 pie\u0161ini\u0173, kurie puo\u0161ia kai kurias sienas.<\/p>\n<p>Jei jums patiks \u0161i trumpa kelion\u0117, turime antr\u0105 variant\u0105: <a href=\"https:\/\/www.boattoursamana.com\/lt\/Tours-Excursions\/caves\/kayaking-in-los-haitises-with-tour-guide-from-cano-hondo-2\/\">Plaukimas baidar\u0117mis Los Haitises mieste 2 valandos\u00a0<\/a><\/p>\n<p>Ekskursijos fini\u0161as prasideda Los Haitises nacionaliniame parke. Rekomenduojame \u0161i\u0105 kelion\u0119 6:00 val., jei jums patiks <em><strong>Lamantinai<\/strong><\/em>, v\u0117\u017eiagyviai ir <em><strong>delfinai.<\/strong><\/em><\/p>\n<\/div>\n<p><em><strong>6:00 RYTO<\/strong><\/em> yra anksti, tod\u0117l Los Haitises nacionaliniame parke vis dar n\u0117ra val\u010di\u0173.<\/p>\n<h4><em><strong>K\u0105 tur\u0117tum atsine\u0161ti?<\/strong><\/em><\/h4>\n<ul>\n<li style=\"font-weight: 400;\"><span style=\"font-weight: 400;\">Fotoaparatas<\/span><\/li>\n<li style=\"font-weight: 400;\"><span style=\"font-weight: 400;\">Atbaidantys pumpurai<\/span><\/li>\n<li style=\"font-weight: 400;\"><span style=\"font-weight: 400;\">kremas nuo saul\u0117s<\/span><\/li>\n<li style=\"font-weight: 400;\"><span style=\"font-weight: 400;\">Skryb\u0117l\u0117<\/span><\/li>\n<li style=\"font-weight: 400;\"><span style=\"font-weight: 400;\">Patogios kelnes<\/span><\/li>\n<li style=\"font-weight: 400;\"><span style=\"font-weight: 400;\">Sandalai\u00a0<\/span><\/li>\n<li style=\"font-weight: 400;\"><span style=\"font-weight: 400;\">Plaukimo apranga<\/span><\/li>\n<\/ul>\n<p>&nbsp;<\/p>\n<h4><b><i>Vie\u0161bu\u010dio pa\u0117mimas <\/i><\/b><\/h4>\n<p><span style=\"font-weight: 400;\">\u0160ios kelion\u0117s metu perve\u017eimas \u012f vie\u0161but\u012f nesi\u016blomas. <\/span><\/p>\n<p>&nbsp;<\/p>\n<p><b>Pastaba:<\/b><span style=\"font-weight: 400;\"> Jei rezervuojate per 24 valandas nuo kelion\u0117s\/ekskursijos i\u0161vykimo laiko, mes galime susitarti d\u0117l pa\u0117mimo i\u0161 vie\u0161bu\u010dio su papildomais mokes\u010diais. Kai pirkimas bus baigtas, mes atsi\u0173sime jums vis\u0105 kontaktin\u0119 informacij\u0105 (telefono numer\u012f, el. pa\u0161to adres\u0105 ir kt.), skirt\u0105 m\u016bs\u0173 vietiniam kelioni\u0173 vadovui, kad gal\u0117tume susitarti d\u0117l pa\u0117mimo.<\/span><\/p>\n<h4><b><i>Papildomos informacijos patvirtinimas <\/i><\/b><\/h4>\n<ol>\n<li>Bilietai yra kvitas apmok\u0117jus \u0161i\u0105 kelion\u0119. Mok\u0117jim\u0105 galite parodyti savo telefone.<\/li>\n<li style=\"font-weight: 400;\"><span style=\"font-weight: 400;\">Susitikimo vieta bus gauta po rezervacijos proceso.<\/span><\/li>\n<li style=\"font-weight: 400;\"><span style=\"font-weight: 400;\">Vaikus turi lyd\u0117ti suaug\u0119s asmuo.<\/span><\/li>\n<li style=\"font-weight: 400;\"><span style=\"font-weight: 400;\"> Nepritaikoma ne\u012fgaliojo ve\u017eim\u0117liu <\/span><\/li>\n<li style=\"font-weight: 400;\"><span style=\"font-weight: 400;\">K\u016bdikiai turi s\u0117d\u0117ti ant keli\u0173 <\/span><\/li>\n<li style=\"font-weight: 400;\"><span style=\"font-weight: 400;\">Nerekomenduojama keliautojams, turintiems nugaros problem\u0173<\/span><\/li>\n<li style=\"font-weight: 400;\"><span style=\"font-weight: 400;\">Nerekomenduojama besilaukian\u010dioms keliautojoms <\/span><\/li>\n<li style=\"font-weight: 400;\"><span style=\"font-weight: 400;\"> Joki\u0173 \u0161irdies problem\u0173 ar kit\u0173 rimt\u0173 sveikatos sutrikim\u0173 <\/span><\/li>\n<li style=\"font-weight: 400;\"><span style=\"font-weight: 400;\">Dalyvauti gali dauguma keliautoj\u0173<\/span><\/li>\n<\/ol>\n<h4><b><i>At\u0161aukimo politika<\/i><\/b><\/h4>\n<p>Nor\u0117dami susigr\u0105\u017einti visas l\u0117\u0161as, perskaitykite at\u0161aukimo politik\u0105\u00a0<a href=\"https:\/\/www.boattoursamana.com\/lt\/uzsakymas-internetu\/\" target=\"_blank\" rel=\"noopener\" data-saferedirecturl=\"https:\/\/www.google.com\/url?q=https:\/\/www.boattoursamana.com\/online-booking\/&amp;source=gmail&amp;ust=1672532492004000&amp;usg=AOvVaw3ylqI1cdbIPTimEqEWneyd\">Paspauskite \u010dia<\/a>. L\u0117\u0161os bus prarastos, jei rezervacija bus at\u0161aukta t\u0105 pa\u010di\u0105 kelion\u0117s dien\u0105.<\/p>\n\n\t\t<\/div>\n\t<\/div>\n<\/div><\/div><\/div><\/div><div class=\"vc_row wpb_row vc_row-fluid\" ><div class=\"wpb_column vc_column_container vc_col-sm-12\"><div class=\"vc_column-inner\"><div class=\"wpb_wrapper\">\n\t<div class=\"wpb_video_widget wpb_content_element vc_clearfix   vc_video-aspect-ratio-169 vc_video-el-width-100 vc_video-align-left\" >\n\t\t<div class=\"wpb_wrapper\">\n\t\t\t<h2 class=\"wpb_heading wpb_video_heading\">Turas baidar\u0117mis Los Haitises<\/h2>\n\t\t\t<div class=\"wpb_video_wrapper\"><iframe loading=\"lazy\" title=\"Baidari\u0173 ir speleo \u017eygis Los Haitises nacionaliniame parke, Dominikos Respublikoje\" width=\"1100\" height=\"619\" src=\"https:\/\/www.youtube.com\/embed\/ucU1uwB57wQ?feature=oembed\" frameborder=\"0\" allow=\"accelerometer; autoplay; clipboard-write; encrypted-media; gyroscope; picture-in-picture; web-share\" allowfullscreen><\/iframe><\/div>\n\t\t<\/div>\n\t<\/div>\n<div class=\"vc_btn3-container vc_btn3-inline\" ><a class=\"vc_general vc_btn3 vc_btn3-size-md vc_btn3-shape-rounded vc_btn3-style-modern vc_btn3-color-green\" href=\"https:\/\/bookingadventures.tours\/booking.php?tour_id=a9cb493d865c3629426ab07d6bacff97\" title=\"\" rel=\"noopener\">U\u017dSAKYTI DABAR<\/a><\/div><div class=\"vc_empty_space\"   style=\"height: 32px\"><span class=\"vc_empty_space_inner\"><\/span><\/div>\n\t<div class=\"wpb_text_column wpb_content_element\" >\n\t\t<div class=\"wpb_wrapper\">\n\t\t\t<h4>Susisiekite su mumis?<\/h4>\n<h5>Nuotyki\u0173 u\u017esakymas<\/h5>\n<p><em><strong>Vietiniai<\/strong>\u00a0ir\u00a0<strong>Tautie\u010diai<\/strong>\u00a0Gidai ir sve\u010di\u0173 paslaugos<\/em><\/p>\n<p><span class=\"text-turquoise\">Rezervacijos:<\/span>\u00a0Ekskursijos ir ekskursijos Dom. Rep.<\/p>\n<p><img decoding=\"async\" class=\"emoji\" draggable=\"false\" src=\"https:\/\/s.w.org\/images\/core\/emoji\/11.2.0\/svg\/1f4de.svg\" alt=\"\ud83d\udcde\" title=\"\">\u00a0Tel \/ Whatsapp\u00a0\u00a0<a href=\"tel:+1-809-720-6035\">+1-809-720-6035<\/a>.<\/p>\n<p><img decoding=\"async\" class=\"emoji\" draggable=\"false\" src=\"https:\/\/s.w.org\/images\/core\/emoji\/11.2.0\/svg\/1f4e9.svg\" alt=\"\ud83d\udce9\" title=\"\">\u00a0<a href=\"mailto:info@bookingadventures.com.do\">info@bookingadventures.com.do<\/a><\/p>\n<p><strong><span style=\"vertical-align: inherit;\"><span style=\"vertical-align: inherit;\">\u201eSomos\u201c turi privat\u0173 \u201eWhatsapp\u201c lanks\u010dios konfig\u016bracijos turin\u012f:\u00a0<\/span><\/span><a href=\"tel:+18097206035\">+18097206035.<\/a><\/strong><\/p>\n\n\t\t<\/div>\n\t<\/div>\n<div class=\"vc_empty_space\"   style=\"height: 32px\"><span class=\"vc_empty_space_inner\"><\/span><\/div><\/div><\/div><\/div><\/div><div class=\"vc_row wpb_row vc_row-fluid\" ><div class=\"wpb_column vc_column_container vc_col-sm-12\"><div class=\"vc_column-inner\"><div class=\"wpb_wrapper\"><\/div><\/div><\/div><\/div>","protected":false},"excerpt":{"rendered":"<p><span style=\"vertical-align: inherit;\"><span style=\"vertical-align: inherit;\">Excursi\u00f3n al Parque Nacional Los Haitises partiendo de Sabana de la Mar en la zona de Cano Hondo, Visita de manglares, Cuevas, Pictogramas ir Formaciones Rocosas.<\/span><\/span><\/p>\n<p><span style=\"vertical-align: inherit;\"><span style=\"vertical-align: inherit;\">Este recorrido se puede configurar con el <\/span><\/span><a href=\"https:\/\/www.boattoursamana.com\/lt\/tours-excursions\/zygiai\/zygio-baidariu-los-haitises-nacionalinis-parkas\/\"><span style=\"vertical-align: inherit;\"><span style=\"vertical-align: inherit;\">klipas<\/span><\/span><\/a><span style=\"vertical-align: inherit;\"><span style=\"vertical-align: inherit;\"> Senderismo <\/span><a href=\"https:\/\/www.boattoursamana.com\/lt\/tours-excursions\/zygiai\/zygio-baidariu-los-haitises-nacionalinis-parkas\/\"><span style=\"vertical-align: inherit;\">aqu\u00ed. <\/span><\/a><span style=\"vertical-align: inherit;\">Los Haitises nacionalinio parko istorin\u0117 tikroji istorija su lugare\u00f1os.<\/span><\/span><\/p>\n<p>&nbsp;<\/p>\n<p><strong><span style=\"vertical-align: inherit;\"><span style=\"vertical-align: inherit;\">Pasirinkite ekskursij\u0105:<\/span><\/span><\/strong><\/p>","protected":false},"featured_media":12719,"template":"","meta":[],"product_cat":[218,946,934,254,255],"product_tag":[176,211,192,319,208,206,207,171,209,426,327,175,199,200],"class_list":["post-8855","product","type-product","status-publish","has-post-thumbnail","hentry","product_cat-kayaking","product_cat-1-sabana-de-la-mar","product_cat-kayaking-los-haitises","product_cat-tours-excursions-los-haitises-national-park","product_cat-tours-excursions-samana-bay-dominican-republic","product_tag-cano-hondo","product_tag-cano-hondo-hotel","product_tag-day-tour-cano-hondo","product_tag-kayak-dominican-republic","product_tag-kayaking-dominican-republic","product_tag-kayaking-los-haitises","product_tag-kayaks","product_tag-los-haitises","product_tag-los-haitises-national-park","product_tag-los-haitises-tours","product_tag-private-tours-samana","product_tag-sabana-de-la-mar","product_tag-samana-bay","product_tag-samana-excursions"],"_links":{"self":[{"href":"https:\/\/www.boattoursamana.com\/lt\/wp-json\/wp\/v2\/product\/8855","targetHints":{"allow":["GET"]}}],"collection":[{"href":"https:\/\/www.boattoursamana.com\/lt\/wp-json\/wp\/v2\/product"}],"about":[{"href":"https:\/\/www.boattoursamana.com\/lt\/wp-json\/wp\/v2\/types\/product"}],"wp:featuredmedia":[{"embeddable":true,"href":"https:\/\/www.boattoursamana.com\/lt\/wp-json\/wp\/v2\/media\/12719"}],"wp:attachment":[{"href":"https:\/\/www.boattoursamana.com\/lt\/wp-json\/wp\/v2\/media?parent=8855"}],"wp:term":[{"taxonomy":"product_cat","embeddable":true,"href":"https:\/\/www.boattoursamana.com\/lt\/wp-json\/wp\/v2\/product_cat?post=8855"},{"taxonomy":"product_tag","embeddable":true,"href":"https:\/\/www.boattoursamana.com\/lt\/wp-json\/wp\/v2\/product_tag?post=8855"}],"curies":[{"name":"wp","href":"https:\/\/api.w.org\/{rel}","templated":true}]}}