{"id":9373,"date":"2019-09-07T08:01:28","date_gmt":"2019-09-07T08:01:28","guid":{"rendered":"https:\/\/www.ticketswhales.com\/?post_type=product&#038;p=9373"},"modified":"2023-02-20T21:20:29","modified_gmt":"2023-02-20T21:20:29","slug":"playa-rincon-rincon-beach-playa-fronton-playa-madame-beach-samana-dominican-republic","status":"publish","type":"product","link":"https:\/\/www.boattoursamana.com\/lt\/turas\/playa-rincon-rincon-beach-playa-fronton-playa-madame-beach-samana-dominikos-respublika-2","title":{"rendered":"Playa Rinc\u00f3n (Rincon papl\u016bdimys), Playa Fronton + Playa Madame papl\u016bdimys, Samana \u2013 Dominikos Respublika."},"content":{"rendered":"<div class=\"vc_row wpb_row vc_row-fluid\" ><div class=\"wpb_column vc_column_container vc_col-sm-12\"><div class=\"vc_column-inner\"><div class=\"wpb_wrapper\"><div class=\"vc_btn3-container vc_btn3-inline\" ><button class=\"vc_general vc_btn3 vc_btn3-size-md vc_btn3-shape-rounded vc_btn3-style-modern vc_btn3-color-green\">U\u017dSAKYTI DABAR<\/button><\/div><div class=\"mkdf-section-title-holder\" style=\"text-align: left\">\n\t<div class=\"mkdf-st-inner\">\n\t\t\t\t\t<h5 class=\"mkdf-st-subtitle\" >\n\t\t\t\tPiet\u016bs, pasiplaukiojimas laivu ir privatus transportas i\u0161 vie\u0161bu\u010di\u0173.\t\t\t<\/h5>\n\t\t\t\t\t\t\t<h3 class=\"mkdf-st-title\" >\n\t\t\t\tPlaya Rinc\u00f3n, Plaja Frontonas + Playa Madame papl\u016bdimys, Samana \u2013 Dominikos Respublika.\t\t\t<\/h3>\n\t\t\t\t\t<\/div>\n<\/div>\n\t<div class=\"wpb_text_column wpb_content_element\" >\n\t\t<div class=\"wpb_wrapper\">\n\t\t\t<h3><\/h3>\n<h4><b><i>Ap\u017evalga <\/i><\/b><\/h4>\n<p>Kelion\u0117 prasideda nuo Pasi\u0117mimo \u012f vie\u0161but\u012f arba \u201eairbnb\u201c Samanos rajone. Atraskite su mumis 3 slaptus ir laukinius regiono El Rincon papl\u016bdimius, Playa madame ir Playa Fronton . Viena gra\u017eiausi\u0173 ekskursij\u0173 Samanos pusiasalyje. \u012eeikite \u012f unikali\u0105 Playa Front\u00f3n atmosfer\u0105 \u2013 papl\u016bdim\u012f, kur\u012f galima pasiekti tik laivu, apsuptame koralinio rifo, aplink kur\u012f gal\u0117site nardyti, plaukioti su \u017euvimis ir atrasti koralus, atsipalaiduoti ir m\u0117gautis nuostabiais kra\u0161tovaizd\u017eiais. Poilsis, maudyn\u0117s ir i\u0161vykimas \u012f Playa madame \u2013 kit\u0105 ir izoliuot\u0105 papl\u016bdim\u012f, puikiai tinkant\u012f nardymui su vamzdeliu, kur taip pat galite apsilankyti oloje ir nufilmuoti puikius vaizdo \u012fra\u0161us ar nuotraukas, kad prisimintum\u0117te nuostabius prisiminimus.<\/p>\n<p>Pietausite pir\u0161tais sm\u0117lyje, skambant Merengue ir Bachata garsams \u201eEl Paraiso\u201c \u2013 paskutiniame restorane prie\u0161 d\u017eiungles \u2013 kur jums bus patiektas pilnas maistas, \u012fskaitant \u017euvies patiekal\u0105, kartu su vietiniais g\u0117rimais ir kokteiliais. Gr\u012f\u017edami sustosime El Rincon papl\u016bdimyje, \u010dia rasite gamtos perl\u0105, kuris laikomas vienu gra\u017eiausi\u0173 papl\u016bdimi\u0173 \u0161alyje. Baltas smulkus sm\u0117lis, turkio spalvos j\u016bra ir metro auk\u0161\u010dio palm\u0117s kalba patys u\u017e save.<\/p>\n<p>&nbsp;<\/p>\n<ul>\n<li><span style=\"font-weight: 400;\">Vietinis gidas, turintis saugumo patirties \u0161ioje srityje.<\/span><\/li>\n<li>Nardymas<\/li>\n<li>Privatus transportas<\/li>\n<li style=\"font-weight: 400;\">Mokes\u010diai \u012fskai\u010diuoti<\/li>\n<li>Piet\u016bs papl\u016bdimyje<\/li>\n<li>Pasiplaukiojimas<\/li>\n<li style=\"font-weight: 400;\">Vietos kelioni\u0173 vadovas ispan\u0173, angl\u0173 arba pranc\u016bz\u0173 kalbomis.<\/li>\n<li>\u017dygiai<\/li>\n<\/ul>\n<p>&nbsp;<\/p>\n<h4><b>\u012etraukimai ir i\u0161imtys<\/b><\/h4>\n<p>&nbsp;<\/p>\n<p><b>Inkliuzai<\/b><\/p>\n<ol>\n<li><span style=\"font-weight: 400;\">Vietinis gidas, turintis saugumo patirties \u0161ioje srityje.<\/span><\/li>\n<li>Privatus transportas ma\u017eoms grup\u0117ms<\/li>\n<li>Nardymas<\/li>\n<li style=\"font-weight: 400;\">El Rincon papl\u016bdimys<\/li>\n<li>Madam papl\u016bdimys<\/li>\n<li>Frontono papl\u016bdimys<\/li>\n<li style=\"font-weight: 400;\"><span style=\"font-weight: 400;\">Visi mokes\u010diai, rinkliavos ir tvarkymo mokes\u010diai<\/span><\/li>\n<li style=\"font-weight: 400;\"><span style=\"font-weight: 400;\">Vietiniai mokes\u010diai<\/span><\/li>\n<li>Piet\u016bs papl\u016bdimyje<\/li>\n<li>\u017dygiai<\/li>\n<li style=\"font-weight: 400;\"><span style=\"font-weight: 400;\">Visa veikla<\/span><\/li>\n<\/ol>\n<p><b> I\u0161imtys<\/b><\/p>\n<ol>\n<li style=\"font-weight: 400;\"><span style=\"font-weight: 400;\">Arbatpinigiai<\/span><\/li>\n<\/ol>\n<h4><em><strong>I\u0161vykimas ir gr\u012f\u017eimas<\/strong><\/em><\/h4>\n<p><span style=\"font-weight: 400;\">Keliautojas gaus susitikimo viet\u0105 po rezervacijos proceso. Ekskursijos prasideda ir baigiasi m\u016bs\u0173 susitikimo vietose.<\/span><\/p>\n<h3>Playa Rinc\u00f3n, Playa Fronton + Playa Madame papl\u016bdimys, Samana \u2013 Dominikos Respublika. Samanos dienos kelion\u0117.<\/h3>\n<h4><b><i>Ko tik\u0117tis?<\/i><\/b><\/h4>\n<p><em><strong>Gaukite bilietus<\/strong><\/em> u\u017e apsilankym\u0105 Boca del Diablo ir Fronton papl\u016bdimyje Samanoje. Dienos kelion\u0117. Pradedant nuo Samanos vie\u0161bu\u010di\u0173 rajon\u0173, aplankant 3 unikaliausius Dominikos Respublikos papl\u016bdimius. Playa Rinc\u00f3n yra nesugadinta balto sm\u0117lio juosta, kuri driekiasi ma\u017edaug 2,5 mylios (4 kilometrus) palei neu\u017estatyt\u0105 pakrant\u0117s dal\u012f. \u0160is nuo\u0161alus papl\u016bdimys, apsuptas kokoso palmi\u0173 kra\u0161t\u0173 ir apsuptas kaln\u0173 bei uol\u0173 vir\u0161\u016bni\u0173 i\u0161 abiej\u0173 gal\u0173, atrodo kaip tikra utopija, atskirta nuo civilizacijos.<\/p>\n<p>Po El Rincon papl\u016bdimio aplankysime Madame. \u0160is papl\u016bdimys yra \u012fprasta pirmoji nardymo turo stotel\u0117 (\u012fskaitant Playa Fronton, \u017er. toliau) ir pasiekiama tik valtimi arba arkliu. Nors peiza\u017eas buvo dramati\u0161kas, o mums patiko ap\u017ei\u016br\u0117ti netoliese esan\u010dius urvus ir vaik\u0161\u010dioti po uolas.<\/p>\n<p>Paskutinis m\u016bs\u0173 kelion\u0117s variantas yra Fronton Beach. \u010cia vanduo yra labai skaidrus, gra\u017eus m\u0117lynas atspalvis, o aplink esantis koralinis rifas u\u017etikrina, kad papl\u016bdimyje labai saugu maudytis<\/p>\n<p>&nbsp;<\/p>\n<p>Ekskursija, kuri\u0105 organizuoja \u201eBooking Adventures\u201c, prasideda susitikimo vietoje, kuri\u0105 nustato m\u016bs\u0173 kelioni\u0173 vadovas. Ateikite su Booking Adventures ir papietaukite papl\u016bdimyje ir m\u0117gaukit\u0117s 3 nuostabiausiais Samanos, Dominikos Respublikos papl\u016bdimiais.<\/p>\n<div class=\"body-description secondary\">\n<p>&nbsp;<\/p>\n<\/div>\n<h4><em><strong>K\u0105 tur\u0117tum atsine\u0161ti?<\/strong><\/em><\/h4>\n<ul>\n<li style=\"font-weight: 400;\"><span style=\"font-weight: 400;\">Fotoaparatas<\/span><\/li>\n<li style=\"font-weight: 400;\"><span style=\"font-weight: 400;\">Atbaidantys pumpurai<\/span><\/li>\n<li style=\"font-weight: 400;\"><span style=\"font-weight: 400;\">Kremas nuo saul\u0117s<\/span><\/li>\n<li>Vanduo<\/li>\n<li style=\"font-weight: 400;\"><span style=\"font-weight: 400;\">Skryb\u0117l\u0117<\/span><\/li>\n<li style=\"font-weight: 400;\"><span style=\"font-weight: 400;\">Patogios kelnes<\/span><\/li>\n<li style=\"font-weight: 400;\"><span style=\"font-weight: 400;\">\u017dygio batai mi\u0161kui<\/span><\/li>\n<li style=\"font-weight: 400;\"><span style=\"font-weight: 400;\">Sandalai pavasario zonoms.<\/span><\/li>\n<li style=\"font-weight: 400;\"><span style=\"font-weight: 400;\">Plaukimo apranga<\/span><\/li>\n<\/ul>\n<p>&nbsp;<\/p>\n<h4><b><i>Vie\u0161bu\u010dio pa\u0117mimas <\/i><\/b><\/h4>\n<p><span style=\"font-weight: 400;\">\u0160ios ekskursijos metu si\u016blomas pa\u0117mimas i\u0161 vie\u0161bu\u010dio. <\/span><\/p>\n<p>&nbsp;<\/p>\n<p><b>Pastaba:<\/b><span style=\"font-weight: 400;\"> Jei rezervuojate per 24 valandas nuo kelion\u0117s\/ekskursijos i\u0161vykimo laiko, galime susitarti d\u0117l pa\u0117mimo i\u0161 vie\u0161bu\u010dio. Mes k\u0105 tik pasiimame Samanos rajone. Kai pirkimas bus baigtas, mes atsi\u0173sime jums vis\u0105 kontaktin\u0119 informacij\u0105 (telefono numer\u012f, el. pa\u0161to adres\u0105 ir kt.), skirt\u0105 m\u016bs\u0173 vietiniam kelioni\u0173 vadovui, kad gal\u0117tume susitarti d\u0117l pa\u0117mimo.<\/span><\/p>\n<h4><b><i>Papildomos informacijos patvirtinimas <\/i><\/b><\/h4>\n<ol>\n<li>Bilietai yra kvitas apmok\u0117jus \u0161i\u0105 kelion\u0119. Mok\u0117jim\u0105 galite parodyti savo telefone.<\/li>\n<li style=\"font-weight: 400;\"><span style=\"font-weight: 400;\">Susitikimo vieta bus gauta po rezervacijos proceso.<\/span><\/li>\n<li style=\"font-weight: 400;\"><span style=\"font-weight: 400;\">Vaikus turi lyd\u0117ti suaug\u0119s asmuo.<\/span><\/li>\n<li style=\"font-weight: 400;\"><span style=\"font-weight: 400;\"> Nepritaikoma ne\u012fgaliojo ve\u017eim\u0117liu <\/span><\/li>\n<li style=\"font-weight: 400;\"><span style=\"font-weight: 400;\">K\u016bdikiai turi s\u0117d\u0117ti ant keli\u0173 <\/span><\/li>\n<li style=\"font-weight: 400;\"><span style=\"font-weight: 400;\">Nerekomenduojama keliautojams, turintiems nugaros problem\u0173<\/span><\/li>\n<li style=\"font-weight: 400;\"><span style=\"font-weight: 400;\">Nerekomenduojama besilaukian\u010dioms keliautojoms <\/span><\/li>\n<li style=\"font-weight: 400;\"><span style=\"font-weight: 400;\"> Joki\u0173 \u0161irdies problem\u0173 ar kit\u0173 rimt\u0173 sveikatos sutrikim\u0173 <\/span><\/li>\n<li style=\"font-weight: 400;\"><span style=\"font-weight: 400;\">Dalyvauti gali dauguma keliautoj\u0173<\/span><\/li>\n<\/ol>\n<h4><b><i>At\u0161aukimo politika<\/i><\/b><\/h4>\n<p>Nor\u0117dami susigr\u0105\u017einti visas l\u0117\u0161as, perskaitykite at\u0161aukimo politik\u0105\u00a0<a href=\"https:\/\/www.boattoursamana.com\/lt\/uzsakymas-internetu\/\" target=\"_blank\" rel=\"noopener\" data-saferedirecturl=\"https:\/\/www.google.com\/url?q=https:\/\/www.boattoursamana.com\/online-booking\/&amp;source=gmail&amp;ust=1672449202351000&amp;usg=AOvVaw1yAeVAPktmaVCqDujgUn90\">Paspauskite \u010dia<\/a>. L\u0117\u0161os bus prarastos, jei rezervacija bus at\u0161aukta t\u0105 pa\u010di\u0105 kelion\u0117s dien\u0105.<\/p>\n\n\t\t<\/div>\n\t<\/div>\n<\/div><\/div><\/div><\/div><div class=\"vc_row wpb_row vc_row-fluid\" ><div class=\"wpb_column vc_column_container vc_col-sm-12\"><div class=\"vc_column-inner\"><div class=\"wpb_wrapper\">\n\t<div class=\"wpb_video_widget wpb_content_element vc_clearfix   vc_video-aspect-ratio-169 vc_video-el-width-100 vc_video-align-left\" >\n\t\t<div class=\"wpb_wrapper\">\n\t\t\t<h2 class=\"wpb_heading wpb_video_heading\">Boca del Diablo ir Frontono papl\u016bdimys<\/h2>\n\t\t\t<div class=\"wpb_video_wrapper\"><iframe loading=\"lazy\" title=\"Samanos pusiasalis, Dominikos Respublika (DJI Phantom 4 4K)\" width=\"1100\" height=\"619\" src=\"https:\/\/www.youtube.com\/embed\/DYDXVm8Q_iM?feature=oembed\" frameborder=\"0\" allow=\"accelerometer; autoplay; encrypted-media; gyroscope; picture-in-picture\" allowfullscreen><\/iframe><\/div>\n\t\t<\/div>\n\t<\/div>\n<\/div><\/div><\/div><\/div><div class=\"vc_row wpb_row vc_row-fluid\" ><div class=\"wpb_column vc_column_container vc_col-sm-12\"><div class=\"vc_column-inner\"><div class=\"wpb_wrapper\"><div class=\"vc_empty_space\"   style=\"height: 32px\"><span class=\"vc_empty_space_inner\"><\/span><\/div>\n\t<div class=\"wpb_text_column wpb_content_element\" >\n\t\t<div class=\"wpb_wrapper\">\n\t\t\t<h4>Susisiekite su mumis?<\/h4>\n<h5>Nuotyki\u0173 u\u017esakymas<\/h5>\n<p><em><strong>Vietiniai<\/strong>\u00a0ir\u00a0<strong>Tautie\u010diai<\/strong>\u00a0Gidai ir sve\u010di\u0173 paslaugos<\/em><\/p>\n<p><span class=\"text-turquoise\">Rezervacijos:<\/span>\u00a0Ekskursijos ir ekskursijos Dom. Rep.<\/p>\n<p><img decoding=\"async\" class=\"emoji\" draggable=\"false\" src=\"https:\/\/s.w.org\/images\/core\/emoji\/11.2.0\/svg\/1f4de.svg\" alt=\"\ud83d\udcde\" title=\"\">\u00a0Tel \/ Whatsapp\u00a0\u00a0<a href=\"tel:+1-809-720-6035\">+1-809-720-6035<\/a>.<\/p>\n<p><img decoding=\"async\" class=\"emoji\" draggable=\"false\" src=\"https:\/\/s.w.org\/images\/core\/emoji\/11.2.0\/svg\/1f4e9.svg\" alt=\"\ud83d\udce9\" title=\"\">\u00a0<a href=\"mailto:info@bookingadventures.com.do\">info@bookingadventures.com.do<\/a><\/p>\n<p><strong>Mes lanks\u010diai nustatome priva\u010dias \u201eWhatsapp\u201c keliones:\u00a0<a href=\"tel:+18097206035\">+18097206035.<\/a><\/strong><\/p>\n\n\t\t<\/div>\n\t<\/div>\n<div class=\"vc_empty_space\"   style=\"height: 32px\"><span class=\"vc_empty_space_inner\"><\/span><\/div><\/div><\/div><\/div><\/div><div class=\"vc_row wpb_row vc_row-fluid\" ><div class=\"wpb_column vc_column_container vc_col-sm-12\"><div class=\"vc_column-inner\"><div class=\"wpb_wrapper\"><div class=\"vc_btn3-container vc_btn3-inline\" ><button class=\"vc_general vc_btn3 vc_btn3-size-md vc_btn3-shape-rounded vc_btn3-style-modern vc_btn3-color-green\">U\u017dSAKYTI DABAR<\/button><\/div><\/div><\/div><\/div><\/div>","protected":false},"excerpt":{"rendered":"<p>Kelion\u0117 prasideda nuo Pasi\u0117mimo j\u016bs\u0173 vie\u0161butyje arba \u201eAirbnb\u201c Samanos rajone. Atraskite su mumis 3 slaptus ir laukinius regiono El Rincon papl\u016bdimius, Playa madame ir Playa Fronton. Viena gra\u017eiausi\u0173 ekskursij\u0173 Samanos pusiasalyje. \u012eeikite \u012f unikali\u0105 Playa Front\u00f3n atmosfer\u0105 \u2013 papl\u016bdim\u012f, kur\u012f galima pasiekti tik laivu, apsuptame koralinio rifo, aplink kur\u012f gal\u0117site nardyti, plaukioti su \u017euvimis ir atrasti koralus, atsipalaiduoti ir m\u0117gautis nuostabiais kra\u0161tovaizd\u017eiais. Poilsis, maudyn\u0117s ir i\u0161vykimas \u012f Playa madame, kit\u0105 ir izoliuot\u0105 papl\u016bdim\u012f, puikiai tinkant\u012f nardymui su vamzdeliu, kur taip pat galite apsilankyti oloje ir nufilmuoti puikius vaizdo \u012fra\u0161us ar nuotraukas, kad prisimintum\u0117te nuostabius prisiminimus.<\/p>\n<p>&nbsp;<\/p>\n<p><strong>Pra\u0161ome pasirinkti kelion\u0117s dat\u0105:\u00a0<\/strong><\/p>","protected":false},"featured_media":8240,"template":"","meta":[],"product_cat":[160,655,170,255],"product_tag":[378,377,374,373,379,327,376,375,200,187],"class_list":["post-9373","product","type-product","status-publish","has-post-thumbnail","hentry","product_cat-lunch","product_cat-1-samana","product_cat-local-tour-guides","product_cat-tours-excursions-samana-bay-dominican-republic","product_tag-fronton-beach","product_tag-madame-beach","product_tag-playa-fronton-playa-madame-beach","product_tag-playa-rincon","product_tag-playa-rincon-tours","product_tag-private-tours-samana","product_tag-rincon-beach-tour","product_tag-samana-dominican-republic","product_tag-samana-excursions","product_tag-samana-tours"],"_links":{"self":[{"href":"https:\/\/www.boattoursamana.com\/lt\/wp-json\/wp\/v2\/product\/9373","targetHints":{"allow":["GET"]}}],"collection":[{"href":"https:\/\/www.boattoursamana.com\/lt\/wp-json\/wp\/v2\/product"}],"about":[{"href":"https:\/\/www.boattoursamana.com\/lt\/wp-json\/wp\/v2\/types\/product"}],"wp:featuredmedia":[{"embeddable":true,"href":"https:\/\/www.boattoursamana.com\/lt\/wp-json\/wp\/v2\/media\/8240"}],"wp:attachment":[{"href":"https:\/\/www.boattoursamana.com\/lt\/wp-json\/wp\/v2\/media?parent=9373"}],"wp:term":[{"taxonomy":"product_cat","embeddable":true,"href":"https:\/\/www.boattoursamana.com\/lt\/wp-json\/wp\/v2\/product_cat?post=9373"},{"taxonomy":"product_tag","embeddable":true,"href":"https:\/\/www.boattoursamana.com\/lt\/wp-json\/wp\/v2\/product_tag?post=9373"}],"curies":[{"name":"wp","href":"https:\/\/api.w.org\/{rel}","templated":true}]}}