{"id":9653,"date":"2019-10-15T08:33:05","date_gmt":"2019-10-15T08:33:05","guid":{"rendered":"https:\/\/www.ticketswhales.com\/?post_type=product&#038;p=9653"},"modified":"2023-11-10T17:27:37","modified_gmt":"2023-11-10T17:27:37","slug":"catalina-island-altos-de-chavon-from-punta-cana-snorkeling-with-catamaran-party","status":"publish","type":"product","link":"https:\/\/www.boattoursamana.com\/lt\/turas\/catalina-island-altos-de-chavon-from-punta-cana-snorkeling-with-catamaran-party","title":{"rendered":"Katalinos sala ir Altos de Chavon i\u0161 Punta Kanos (snorkeliavimas su katamaran\u0173 vakar\u0117liu)"},"content":{"rendered":"<div class=\"vc_row wpb_row vc_row-fluid\" ><div class=\"wpb_column vc_column_container vc_col-sm-12\"><div class=\"vc_column-inner\"><div class=\"wpb_wrapper\"><div class=\"mkdf-section-title-holder\" style=\"text-align: left\">\n\t<div class=\"mkdf-st-inner\">\n\t\t\t\t\t<h5 class=\"mkdf-st-subtitle\" >\n\t\t\t\tPus\u0117s dienos patirtis\t\t\t<\/h5>\n\t\t\t\t\t\t\t<h3 class=\"mkdf-st-title\" >\n\t\t\t\tKatalinos sala ir nardymas su katamaran\u0173 vakar\u0117liu i\u0161 Punta Kanos\t\t\t<\/h3>\n\t\t\t\t\t<\/div>\n<\/div><div class=\"vc_btn3-container vc_btn3-inline\" ><button class=\"vc_general vc_btn3 vc_btn3-size-md vc_btn3-shape-rounded vc_btn3-style-modern vc_btn3-color-green\">U\u017dSAKYTI DABAR<\/button><\/div><\/div><\/div><\/div><\/div><div class=\"vc_row wpb_row vc_row-fluid\" ><div class=\"wpb_column vc_column_container vc_col-sm-12\"><div class=\"vc_column-inner\"><div class=\"wpb_wrapper\">\n\t<div class=\"wpb_text_column wpb_content_element\" >\n\t\t<div class=\"wpb_wrapper\">\n\t\t\t<div class=\"vc_row wpb_row vc_row-fluid\">\n<div class=\"wpb_column vc_column_container vc_col-sm-12\">\n<div class=\"vc_column-inner\">\n<div class=\"wpb_wrapper\">\n<div class=\"wpb_text_column wpb_content_element\">\n<div class=\"wpb_wrapper\">\n<div class=\"vc_row wpb_row vc_row-fluid\">\n<div class=\"wpb_column vc_column_container vc_col-sm-12\">\n<div class=\"vc_column-inner\">\n<div class=\"wpb_wrapper\">\n<div class=\"wpb_text_column wpb_content_element\">\n<div class=\"wpb_wrapper\">\n<h4><b><i>Ap\u017evalga<\/i><\/b><\/h4>\n<p>M\u0117gaujam\u0117s ekskursija katamaranu per kri\u0161tolo skaidrumo vanden\u012f \u012f Catalina sal\u0105, geriausiai \u017einom\u0105 pavir\u0161inio nardymo zon\u0105 Dominikos Respublikoje.<\/p>\n<p>J\u016bs\u0173 diena prasideda nuo pa\u0117mimo pagrindiniame vie\u0161bu\u010dio foj\u0117 arba nurodytoje susitikimo vietoje. Toliau keliausime \u012f Katalinos sal\u0105 pasim\u0117gauti gaivinan\u010dia vonia ir g\u0117rimais, o kas sugeb\u0117s su instruktoriumi atlikti 2 r\u016b\u0161i\u0173 nardym\u0105, o po to pavalgysime skanius savitarnos pietus papl\u016bdimyje ir dalyvausime salsos pamokose. ir Bachata, o mes taip pat gaminame kelet\u0105 skani\u0173 g\u0117rim\u0173. Kai pavargote tinginiauti papl\u016bdimyje, pasiimkite pavir\u0161inio nardymo \u012frang\u0105 ir gro\u017e\u0117kit\u0117s Katalinos povandeniniu pasauliu.<\/p>\n<p>Vandenynas, toks ne\u012ftik\u0117tinai skaidrus, ir baltas papl\u016bdimio sm\u0117lis laukia j\u016bs\u0173. Atsipalaiduokite ant gulto arba nardykite su vamzdeliu. Jums patiks ten, kur pamatysite m\u016bs\u0173 muzikos ir \u0161oki\u0173 tradicijas.<\/p>\n<p>Po to einame \u012f Altos de Chavon galvijus ir up\u0119!<\/p>\n<p><strong>Pastaba:<\/strong> \u0160i kelion\u0117 n\u0117ra privati. Jei norite nustatyti priva\u010di\u0105 kelion\u0119, tiesiog susisiekite su mumis!<\/p>\n<ul>\n<li>\n<div class=\"py-1 inclusions-exclusions-item d-flex\" lang=\"en-x-mtfrom-en\">\n<div class=\"d-inline-block inclusions-exclusions-text\">Privatus transportas<\/div>\n<\/div>\n<\/li>\n<li>Nat\u016bralus baseinas \u017evaig\u017ed\u017ei\u0173 steb\u0117jimui<\/li>\n<li>Nardymas su vamzdeliu<\/li>\n<li>Piet\u016bs<\/li>\n<li>Perve\u017eimas katamaranu<\/li>\n<li>Kapitonas instruktuoja ir pri\u017ei\u016bri<\/li>\n<li>Kelion\u0117s gidas<\/li>\n<\/ul>\n<p>&nbsp;<\/p>\n<h4><b>\u012etraukimai ir i\u0161imtys<\/b><\/h4>\n<p><b>Inkliuzai<\/b><\/p>\n<ol>\n<li>Kelion\u0117s gidas<\/li>\n<li>nardymas su vamzdeliu<\/li>\n<li>Piet\u016bs<\/li>\n<li>Atsi\u0117mimas vie\u0161bu\u010diuose<\/li>\n<li>Kelion\u0117 katamaranu arba laivu<\/li>\n<li>Visi mokes\u010diai, rinkliavos ir tvarkymo mokes\u010diai<\/li>\n<li>Vietiniai mokes\u010diai<\/li>\n<li>G\u0117rimai<\/li>\n<\/ol>\n<p><b>I\u0161imtys<\/b><\/p>\n<ol>\n<li>Arbatpinigiai<\/li>\n<li>Nuotraukos<\/li>\n<\/ol>\n<h4><em><strong>I\u0161vykimas ir gr\u012f\u017eimas<\/strong><\/em><\/h4>\n<p>Keliautojas gaus susitikimo viet\u0105 po rezervacijos proceso. Ekskursijos prasideda ir baigiasi m\u016bs\u0173 susitikimo vietose.<\/p>\n<h3>Katalinos sala ir nardymas su katamaran\u0173 vakar\u0117liu i\u0161 Punta Kanos \u2013 pus\u0117s dienos patirtis.<\/h3>\n<h4><b><i>Ko tik\u0117tis?<\/i><\/b><\/h4>\n<p>Ekskursijos \u012f Catalina sal\u0105 i\u0161 Punta Kanos metu sve\u010diai tur\u0117s galimyb\u0119 nardyti po ry\u0161k\u0173 Katalinos koral\u0173 rif\u0105, plaukioti tarp gyv\u0173 \u017euv\u0173 b\u016brio ir m\u0117gautis nuostabia Karib\u0173 j\u016bros povandenine fauna.<\/p>\n<p>Prad\u0117sime nardymo ekskursij\u0105 ryte i\u0161vykdami link La Romana. Va\u017eiuodami praeisime pro cukranendri\u0173 laukus, nes j\u016bs\u0173 gidas suteiks \u012fdomios informacijos apie vietov\u0117s istorij\u0105, bendr\u0105 \u0161alies kult\u016br\u0105 ir romo gamybos b\u016bdus. Atvyk\u0119 \u012f La Roman\u0105 \u012flipsime \u012f katamaran\u0105 ir i\u0161vyksime link Catalina. M\u016bs\u0173 pirmoji stotel\u0117 saloje bus \u201eSiena\u201c, didinga koral\u0173 siena, besit\u0119sianti nuo salos iki Karib\u0173 j\u016bros.<\/p>\n<p>Po snorkeliavimo t\u0119site keli\u0105 \u012f nuostab\u0173 Catalina papl\u016bdim\u012f, i\u0161skirtin\u0119 viet\u0105. Atvyk\u0119 sve\u010diai gal\u0117s naudotis 2 kilometr\u0173 ilgio balto sm\u0117lio papl\u016bdimiais ir kri\u0161tolo skaidrumo vandeniu, papl\u016bdimio baru su g\u0117rimais ir gard\u017eiais Dominikos piet\u0173 savitarnos pietumis su kepsnine. \u012e katamaran\u0105 lipsime apie 15.30 val., kad sugr\u012f\u017etume \u012f Punta Kan\u0105 po ne\u012ftik\u0117tinos nardymo ir poilsio dienos Katalinos saloje. SalaKatalinos salos ekskursijos i\u0161 Punta Kanos metu sve\u010diai tur\u0117s galimyb\u0119 nardyti po katalin\u0173 koral\u0173 rifus, plaukioti tarp gyv\u0173 \u017euv\u0173 b\u016brio ir m\u0117gautis nuostabia Karib\u0173 j\u016bros povandenine fauna.<\/p>\n<p>Prad\u0117sime nardymo ekskursij\u0105 ryte i\u0161vykdami link La Romana. Va\u017eiuodami praeisime pro cukranendri\u0173 laukus, nes j\u016bs\u0173 gidas suteiks \u012fdomios informacijos apie vietov\u0117s istorij\u0105, bendr\u0105 \u0161alies kult\u016br\u0105 ir romo gamybos b\u016bdus. Atvyk\u0119 \u012f La Roman\u0105 \u012flipsime \u012f katamaran\u0105 ir i\u0161vyksime link Catalina.<\/p>\n<p>M\u016bs\u0173 pirmoji stotel\u0117 saloje bus \u201eSiena\u201c, didinga koral\u0173 siena, besit\u0119sianti nuo salos iki Karib\u0173 j\u016bros. Po snorkeliavimo t\u0119site keli\u0105 \u012f nuostab\u0173 Catalina papl\u016bdim\u012f, i\u0161skirtin\u0119 viet\u0105. Atvyk\u0119 sve\u010diai gal\u0117s naudotis 2 kilometr\u0173 ilgio balto sm\u0117lio papl\u016bdimiais ir kri\u0161tolo skaidrumo vandeniu, papl\u016bdimio baru su g\u0117rimais ir gard\u017eiais Dominikos piet\u0173 savitarnos pietumis su kepsnine. \u012e katamaran\u0105 lipsime apie 15.30 val., kad sugr\u012f\u017etume \u012f Punta Kan\u0105 po ne\u012ftik\u0117tinos nardymo ir poilsio dienos Katalinos saloje.<\/p>\n<div class=\"a-text--first-content _for-copy-large l-hide-for-large\">\n<p>Leisk<strong>\u00a0Karib\u0173 rojus Katalinos sala jus su\u017eav\u0117s\u00a0<\/strong>ir tyrin\u0117ti vaizding\u0105\u00a0<strong>Altos de Chav\u00f3n<\/strong>\u00a0\u012f \u0161i\u0105 nepakartojam\u0105 dienos kelion\u0119 i\u0161 La Romanos.<\/p>\n<\/div>\n<div id=\"o-slider--activity-detail__container\" class=\"o-slider js-module-slider is-photos\"><\/div>\n<div id=\"l-768-calendar-anchor\"><\/div>\n<div id=\"new-fading-text\" class=\"new-fading-text _loaded u-no-before show-hidden-elements\">\n<div class=\"o-activity-description\">\n<h2>Katalinos sala ir Altos de Chavono dienos kelion\u0117<\/h2>\n<p>Pirm\u0105 kart\u0105 ryte paimtas i\u0161 vie\u0161bu\u010dio, leisit\u0117s \u012f nuotykius ir pirm\u0105 kart\u0105 sustosite\u00a0<strong>Altos de Chav\u00f3n<\/strong>. Tur\u0117site 40 minu\u010di\u0173 tai i\u0161tirti<strong>\u00a0gra\u017eus Vidur\u017eemio j\u016bros regiono stiliaus kaimo poilsis<\/strong>\u00a0ir gro\u017e\u0117tis \u0161alia tekan\u010dios Chavon up\u0117s vaizdais. Tikrai kerinti!<\/p>\n<p class=\"new-fading-text__hidden-element\">T\u0119sdami kelion\u0119 b\u016bsite nuvesti \u012f prieplauk\u0105\u00a0<strong>Salado up\u0117\u00a0<\/strong>kur tavo\u00a0<strong>katamaranas\u00a0<\/strong>lauks, kol i\u0161plauksite \u012f Isla Catalina. Savo kruizo metu, kuris truks apie 40 minu\u010di\u0173, laive gal\u0117site m\u0117gautis g\u0117rimu ir steb\u0117tis\u00a0<strong>skvarbi\u0105 m\u0117lyn\u0105 putojan\u010di\u0105 Karib\u0173 j\u016br\u0105<\/strong>.<\/p>\n<p class=\"new-fading-text__hidden-element\">Art\u0117dami prie kelion\u0117s tikslo, pateksite tiesiai \u012f koralin\u012f rif\u0105, \u017einom\u0105 kaip La Pared arba The Wall, kur tur\u0117site galimyb\u0119\u00a0<strong>atsigaivinkite gaiviu maudyn\u0117mis j\u016broje ir nardykite tarp ne\u012ftik\u0117tinos j\u016bros gyvyb\u0117s<\/strong>. Praleiskite 40 minu\u010di\u0173 tyrin\u0117dami po vandeniu, prie\u0161 gr\u012f\u017edami \u012f katamaran\u0105 ir i\u0161mesdami inkar\u0105 prie prieplaukos Katalinos saloje.<\/p>\n<p class=\"new-fading-text__hidden-element\">Laikydami kojas ant sausos \u017eem\u0117s, b\u016bsite nuvesti \u012f nedidel\u012f restoran\u0105 su nuostabiu vaizdu \u012f j\u016br\u0105, kur b\u016bsite pavai\u0161inti\u00a0<strong>skan\u016bs \u0161vedi\u0161ko stalo piet\u016bs<\/strong>. Atsigav\u0119 energijos, tur\u0117site tris valandas laisvo laiko, kad i\u0161naudotum\u0117te visas galimybes\u00a0<strong>rojaus balto sm\u0117lio papl\u016bdimiai<\/strong>. Nesvarbu, ar jums labiau patinka atsipalaiduoti ir degintis saul\u0117je, ar i\u0161bandyti toki\u0105 smagi\u0105 veikl\u0105 kaip banglen\u010di\u0173 sportas, m\u0117gausit\u0117s nepamir\u0161tama popiete.<\/p>\n<p class=\"new-fading-text__hidden-element\">Dienos pabaigoje gr\u012f\u0161ite \u012f katamaran\u0105 ir nuplauksite atgal \u012f La Roman\u0105, kur b\u016bsite i\u0161laipinti vie\u0161butyje.<\/p>\n<\/div>\n<\/div>\n<p>&nbsp;<\/p>\n<p><strong>Tvarkara\u0161tis:<\/strong><\/p>\n<p>7:00 \u2013 16:30 val<\/p>\n<p>&nbsp;<\/p>\n<\/div>\n<p>Laikas gali keistis priklausomai nuo i\u0161vykimo i\u0161 Vie\u0161bu\u010di\u0173 laiko.<\/p>\n<div class=\"wpb_wrapper\">\n<p>&nbsp;<\/p>\n<h4><em><strong>K\u0105 tur\u0117tum atsine\u0161ti?<\/strong><\/em><\/h4>\n<ul>\n<li>Fotoaparatas<\/li>\n<li>Atbaidantys pumpurai<\/li>\n<li>kremas nuo saul\u0117s<\/li>\n<li>Skryb\u0117l\u0117<\/li>\n<li>Patogios kelnes<\/li>\n<li>Plaukimo apranga<\/li>\n<li>Pinigai suvenyrams<\/li>\n<\/ul>\n<p>&nbsp;<\/p>\n<h4><b><i>Vie\u0161bu\u010dio pa\u0117mimas<\/i><\/b><\/h4>\n<p>\u0160ios ekskursijos metu si\u016blomas pa\u0117mimas i\u0161 vie\u0161bu\u010dio. Galime nustatyti per Whatsapp. I\u0161 La Romana, Punta Cana, Bavaro ir Bayahibe vie\u0161bu\u010di\u0173.<\/p>\n<p>&nbsp;<\/p>\n<p><b>Pastaba:<\/b> Jei rezervuojate per 24 valandas nuo kelion\u0117s\/ekskursijos i\u0161vykimo laiko, mes galime susitarti d\u0117l pa\u0117mimo i\u0161 vie\u0161bu\u010dio su papildomais mokes\u010diais. Kai pirkimas bus baigtas, mes atsi\u0173sime jums vis\u0105 kontaktin\u0119 informacij\u0105 (telefono numer\u012f, el. pa\u0161to adres\u0105 ir kt.), skirt\u0105 m\u016bs\u0173 vietiniam kelioni\u0173 vadovui, kad gal\u0117tume susitarti d\u0117l pa\u0117mimo.<\/p>\n<h4><b><i>Papildomos informacijos patvirtinimas<\/i><\/b><\/h4>\n<ol>\n<li>Bilietai yra kvitas apmok\u0117jus \u0161i\u0105 kelion\u0119. Mok\u0117jim\u0105 galite parodyti savo telefone.<\/li>\n<li>Susitikimo vieta bus gauta po rezervacijos proceso.<\/li>\n<li>Vaikus turi lyd\u0117ti suaug\u0119s asmuo.<\/li>\n<li>pritaikyta ne\u012fgali\u0173j\u0173 ve\u017eim\u0117liui<\/li>\n<li>K\u016bdikiai turi s\u0117d\u0117ti ant keli\u0173<\/li>\n<li>Dalyvauti gali dauguma keliautoj\u0173<\/li>\n<\/ol>\n<h4><b><i>At\u0161aukimo politika<\/i><\/b><\/h4>\n<p>Nor\u0117dami susigr\u0105\u017einti visas l\u0117\u0161as, perskaitykite at\u0161aukimo politik\u0105\u00a0<a href=\"https:\/\/www.boattoursamana.com\/lt\/uzsakymas-internetu\/\" target=\"_blank\" rel=\"noopener\" data-saferedirecturl=\"https:\/\/www.google.com\/url?q=https:\/\/www.boattoursamana.com\/online-booking\/&amp;source=gmail&amp;ust=1672532492004000&amp;usg=AOvVaw3ylqI1cdbIPTimEqEWneyd\">Paspauskite \u010dia<\/a>. L\u0117\u0161os bus prarastos, jei rezervacija bus at\u0161aukta t\u0105 pa\u010di\u0105 kelion\u0117s dien\u0105.<\/p>\n<\/div>\n<\/div>\n<\/div>\n<\/div>\n<\/div>\n<\/div>\n<\/div>\n<\/div>\n<\/div>\n<\/div>\n<\/div>\n<\/div>\n<div class=\"vc_row wpb_row vc_row-fluid\">\n<div class=\"wpb_column vc_column_container vc_col-sm-12\">\n<div class=\"vc_column-inner\">\n<div class=\"wpb_wrapper\">\n<div class=\"vc_empty_space\"><\/div>\n<div class=\"wpb_text_column wpb_content_element\">\n<div class=\"wpb_wrapper\">\n<h4>Susisiekite su mumis?<\/h4>\n<h5><b><i>Nuotyki\u0173 u\u017esakymas<\/i><\/b><\/h5>\n<p><em><strong>Vietiniai<\/strong>\u00a0ir\u00a0<strong>Tautie\u010diai<\/strong>\u00a0Gidai ir sve\u010di\u0173 paslaugos<\/em><\/p>\n<p><span class=\"text-turquoise\">Rezervacijos:<\/span>\u00a0Ekskursijos ir ekskursijos Dom. Rep.<\/p>\n<p><img decoding=\"async\" class=\"emoji\" src=\"https:\/\/s.w.org\/images\/core\/emoji\/11.2.0\/svg\/1f4de.svg\" alt=\"\ud83d\udcde\" title=\"\">\u00a0Tel \/ Whatsapp\u00a0\u00a0<a href=\"tel:+1-809-720-6035\">+1-809-720-6035<\/a>.<\/p>\n<p><img decoding=\"async\" class=\"emoji\" src=\"https:\/\/s.w.org\/images\/core\/emoji\/11.2.0\/svg\/1f4e9.svg\" alt=\"\ud83d\udce9\" title=\"\">\u00a0<a href=\"mailto:info@bookingadventures.com.do\">info@bookingadventures.com.do<\/a><\/p>\n<p><strong>Mes lanks\u010diai nustatome priva\u010dias \u201eWhatsapp\u201c keliones:\u00a0<a href=\"tel:+18097206035\">+18097206035.<\/a><\/strong><\/p>\n<\/div>\n<\/div>\n<\/div>\n<\/div>\n<\/div>\n<\/div>\n\n\t\t<\/div>\n\t<\/div>\n<div class=\"vc_btn3-container vc_btn3-inline\" ><button class=\"vc_general vc_btn3 vc_btn3-size-md vc_btn3-shape-rounded vc_btn3-style-modern vc_btn3-color-green\">U\u017dSAKYTI DABAR<\/button><\/div><\/div><\/div><\/div><\/div><div class=\"vc_row wpb_row vc_row-fluid\" ><div class=\"wpb_column vc_column_container vc_col-sm-12\"><div class=\"vc_column-inner\"><div class=\"wpb_wrapper\"><\/div><\/div><\/div><\/div>","protected":false},"excerpt":{"rendered":"<p>Ma\u017eyt\u0117 Katalinos sala (Isla Catalina), esanti vos u\u017e 2,4 km nuo Dominikos Respublikos \u017eemynin\u0117s dalies, yra idili\u0161ka sm\u0117lio d\u0117m\u0117 turkio spalvos Karib\u0173 j\u016bros vandenyse. Catalina, \u017einoma d\u0117l gausiai apgyvendint\u0173 koral\u0173 rif\u0173, yra ramus poilsis tiems, kurie nori pab\u0117gti i\u0161 \u0161urmuliuojan\u010di\u0173 Punta Kanos ir La Romanos.<\/p>\n<p>U\u017esisakykite dienos kelion\u0119 pas mus. Katalinos sala vakar\u0117lio katamarane su pavir\u0161iniu nardymu!<\/p>\n<p>&nbsp;<\/p>\n<p>Pra\u0161ome pasirinkti ekskursijos dat\u0105:<\/p>","protected":false},"featured_media":9658,"template":"","meta":[],"product_cat":[483,948,160,972,967,349,253,255],"product_tag":[973,974,975,485,976,480,296,471,484],"class_list":["post-9653","product","type-product","status-publish","has-post-thumbnail","hentry","product_cat-catalina-island-catamaran-and-snorkeling","product_cat-1-punta-cana","product_cat-lunch","product_cat-punta-cana-group-tours","product_cat-punta-cana-catalina-island","product_cat-tours-and-excursion-punta-cana","product_cat-tours-and-excursions","product_cat-tours-excursions-samana-bay-dominican-republic","product_tag-catalina-island","product_tag-catalina-island-dominican-republic-snorkeling","product_tag-catalina-island-packages","product_tag-catalina-island-snorkeling-dominican-republic","product_tag-catalina-island-tour","product_tag-cheap-punta-cana-excursions","product_tag-day-trip-punta-cana","product_tag-punta-cana-catamaran-party-with-snorkeling-and-parasailing","product_tag-talina-island-snorkeling"],"_links":{"self":[{"href":"https:\/\/www.boattoursamana.com\/lt\/wp-json\/wp\/v2\/product\/9653","targetHints":{"allow":["GET"]}}],"collection":[{"href":"https:\/\/www.boattoursamana.com\/lt\/wp-json\/wp\/v2\/product"}],"about":[{"href":"https:\/\/www.boattoursamana.com\/lt\/wp-json\/wp\/v2\/types\/product"}],"wp:featuredmedia":[{"embeddable":true,"href":"https:\/\/www.boattoursamana.com\/lt\/wp-json\/wp\/v2\/media\/9658"}],"wp:attachment":[{"href":"https:\/\/www.boattoursamana.com\/lt\/wp-json\/wp\/v2\/media?parent=9653"}],"wp:term":[{"taxonomy":"product_cat","embeddable":true,"href":"https:\/\/www.boattoursamana.com\/lt\/wp-json\/wp\/v2\/product_cat?post=9653"},{"taxonomy":"product_tag","embeddable":true,"href":"https:\/\/www.boattoursamana.com\/lt\/wp-json\/wp\/v2\/product_tag?post=9653"}],"curies":[{"name":"wp","href":"https:\/\/api.w.org\/{rel}","templated":true}]}}