{"id":9731,"date":"2019-11-07T08:01:34","date_gmt":"2019-11-07T08:01:34","guid":{"rendered":"https:\/\/www.ticketswhales.com\/?post_type=product&#038;p=9731"},"modified":"2023-11-10T16:52:57","modified_gmt":"2023-11-10T16:52:57","slug":"bahia-de-las-aguilas-beach-day-trip-by-boat-day-pass-snorkeling-lunch","status":"publish","type":"product","link":"https:\/\/www.boattoursamana.com\/lt\/turas\/bahia-de-las-aguilas-papludimio-dienos-isvyka-laivu-dienos-leidimu-nardymo-pietus","title":{"rendered":"Bah\u00eda de las \u00c1guilas: dienos kelion\u0117 papl\u016bdimyje laivu \u2013 dienos bilietas \u2013 nardymas ir piet\u016bs"},"content":{"rendered":"<div class=\"vc_row wpb_row vc_row-fluid\" ><div class=\"wpb_column vc_column_container vc_col-sm-12\"><div class=\"vc_column-inner\"><div class=\"wpb_wrapper\"><div class=\"vc_btn3-container vc_btn3-inline\" ><button class=\"vc_general vc_btn3 vc_btn3-size-md vc_btn3-shape-rounded vc_btn3-style-modern vc_btn3-color-green\">U\u017dSAKYTI DABAR<\/button><\/div>\n\t<div class=\"wpb_text_column wpb_content_element\" >\n\t\t<div class=\"wpb_wrapper\">\n\t\t\t<div class=\"vc_row wpb_row vc_row-fluid\">\n<div class=\"wpb_column vc_column_container vc_col-sm-12\">\n<div class=\"vc_column-inner\">\n<div class=\"wpb_wrapper\">\n<div class=\"mkdf-section-title-holder\">\n<div class=\"mkdf-st-inner\">\n<h5 class=\"mkdf-st-subtitle\">Dienos bilietas \u2013 pavir\u0161inis nardymas ir piet\u016bs<\/h5>\n<h3 class=\"mkdf-st-title\">Bah\u00eda de las Aguilas: Dienos kelion\u0117 \u012f papl\u016bdim\u012f laivu<\/h3>\n<\/div>\n<\/div>\n<\/div>\n<\/div>\n<\/div>\n<\/div>\n<div class=\"vc_row wpb_row vc_row-fluid\">\n<div class=\"wpb_column vc_column_container vc_col-sm-12\">\n<div class=\"vc_column-inner\">\n<div class=\"wpb_wrapper\">\n<div class=\"wpb_text_column wpb_content_element\">\n<div class=\"wpb_wrapper\">\n<h4><b><i>Ap\u017evalga<\/i><\/b><\/h4>\n<p>M\u0117gaukit\u0117s diena papl\u016bdimyje ir leiskite dvasiai skleistis toli nuo turistini\u0173 vietovi\u0173 ir viso streso. Ateikite ir atraskite Jaragvos nacionalin\u012f park\u0105 ir Bahia de las \u00c1guilas. Va\u017eiuokite nuostabiu keliu, i\u0161 kurio atsiveria kvap\u0105 gniau\u017eiantys ma\u017eo uosto ir \u017evej\u0173 kaimelio Cabo Rojo vaizdai. Las Cuevas \u012flipate \u012f valt\u012f, kuria per 15 minu\u010di\u0173 nuplauksite iki vieno gra\u017eiausi\u0173 nat\u016brali\u0173 papl\u016bdimi\u0173 pasaulyje. Bah\u00eda de las Aguilas sm\u0117lis yra nesugadintas, o \u012flanka apima 8 km. Patirkite i\u0161skirtin\u012f pakrant\u0117s kra\u0161tovaizd\u012f su kri\u0161tolo skaidrumo vandeniu, spindin\u010diu atspalviais nuo turkio iki opali\u0161kai m\u0117lynos, tirpstan\u010dios \u012f horizont\u0105. Piet\u016bs patiekiami papl\u016bdimyje, maudykit\u0117s ar nardykite ir tyrin\u0117kite \u0161\u012f nepaliest\u0105 gamtos roj\u0173.<\/p>\n<p>&nbsp;<\/p>\n<ul>\n<li>Vietinis gidas, turintis saugumo patirties \u0161ioje srityje.<\/li>\n<li>Privatus transportas<\/li>\n<li>Mokes\u010diai \u012fskai\u010diuoti<\/li>\n<li>Piet\u016bs<\/li>\n<li>Vietinis kelioni\u0173 vadovas ispan\u0173, angl\u0173 arba pranc\u016bz\u0173 kalbomis.<\/li>\n<li>\u017dygiai<\/li>\n<li>Nardymas su vamzdeliu<\/li>\n<\/ul>\n<h4><b>\u012etraukimai ir i\u0161imtys<\/b><\/h4>\n<p>&nbsp;<\/p>\n<p><b>Inkliuzai<\/b><\/p>\n<ol>\n<li>Vietinis gidas, turintis saugumo patirties \u0161ioje srityje.<\/li>\n<li>Privatus transportas ma\u017eoms grup\u0117ms<\/li>\n<li>Visi mokes\u010diai, rinkliavos ir tvarkymo mokes\u010diai<\/li>\n<li>Vietiniai mokes\u010diai<\/li>\n<li>Piet\u016bs<\/li>\n<li>\u017dygiai<\/li>\n<li>Nat\u016bral\u016bs baseinai<\/li>\n<li>Nardymas su vamzdeliu<\/li>\n<li>Visa veikla<\/li>\n<\/ol>\n<p><b>I\u0161imtys<\/b><\/p>\n<ol>\n<li>Arbatpinigiai<\/li>\n<li>Visi g\u0117rimai<\/li>\n<\/ol>\n<h4><em><strong>I\u0161vykimas ir gr\u012f\u017eimas<\/strong><\/em><\/h4>\n<p>Keliautojas gaus susitikimo viet\u0105 po rezervacijos proceso. Ekskursijos prasideda ir baigiasi m\u016bs\u0173 susitikimo vietose.<\/p>\n<h2 class=\"styles__heading___mD4_3\" data-radium=\"true\">Bah\u00eda de las Aguilas: dienos kelion\u0117 laivu papl\u016bdimyje \u2013 dienos bilietas \u2013 pavir\u0161inis nardymas ir piet\u016bs<\/h2>\n<h4><em>Ko tik\u0117tis?<\/em><\/h4>\n<p>Playa de las Aguilas buvo pavadintas vietinio erelio vardu. Jis \u017einomas kaip gra\u017eiausias papl\u016bdimys visoje \u0161alyje. Parko klimatas labai sausas, o augalij\u0105 daugiausia sudaro kaktusai ir kiti dykumos augalai. Raudonas purvo kelias, einantis palei \u012flank\u0105, yra pana\u0161us \u012f Afrikos savanos kra\u0161tovaizd\u012f.<br \/>\nAtraskite \u0161\u012f roj\u0173 \u017evejams ir balto sm\u0117lio papl\u016bdimi\u0173 bei kri\u0161tolo skaidrumo vandens m\u0117g\u0117jams. Ta\u010diau pirmiausia keliaukite \u012f La Cueva kaim\u0105, kur urvuose gyvena vietiniai \u017evejai.<\/p>\n<p>Ar ko nors tr\u016bksta \u0161iai tobulai akimirkai?<\/p>\n<p>Rami j\u016bra ir lengvas v\u0117jas neleis per daug kent\u0117ti nuo saul\u0117s ir kar\u0161\u010dio. Tapkite \u0161ios dienos tyrin\u0117toju ir atraskite ekologi\u0161k\u0105, nat\u016bral\u0173 ir visi\u0161kai nepaliest\u0105 roj\u0173. Galite steb\u0117ti daugiau nei 130 pauk\u0161\u010di\u0173 r\u016b\u0161i\u0173, i\u0161 kuri\u0173 76 nuolat gyvena \u012flankoje, 10 yra endemin\u0117s ir 47 yra migrantai.<\/p>\n<p>08.00 \u2013 I\u0161vykimas i\u0161 vie\u0161bu\u010dio<br \/>\n09.30 \u2013 Trumpas sustojimas prie Laguna de Oviedo pasim\u0117gauti vaizdu nuo ap\u017evalgos aik\u0161tel\u0117s<br \/>\n11.00 \u2013 I\u0161plaukimas laivu i\u0161 La Cueva kaimo \u012f Bahia de las Aguilas<br \/>\n12.30 \u2013 Tipi\u0161ki piet\u016bs papl\u016bdimyje<br \/>\n03.00 \u2013 gr\u012f\u017eimas \u012f La Cueva<br \/>\n06.00 \u2013 atvykimas \u012f vie\u0161but\u012f<\/p>\n<h4><em><strong>K\u0105 tur\u0117tum atsine\u0161ti?<\/strong><\/em><\/h4>\n<ul>\n<li>Fotoaparatas<\/li>\n<li>Atbaidantys pumpurai<\/li>\n<li>Kremas nuo saul\u0117s<\/li>\n<li>Tualetas<\/li>\n<li>Skryb\u0117l\u0117<\/li>\n<li>Patogios kelnes<\/li>\n<li>\u017dygio batai mi\u0161kui<\/li>\n<li>Sandalai pavasario zonoms.<\/li>\n<li>Plaukimo apranga<\/li>\n<\/ul>\n<p>&nbsp;<\/p>\n<h4><b><i>Pa\u0117mimo vie\u0161butis<\/i><\/b><\/h4>\n<p>\u0160ios ekskursijos metu si\u016blomas pa\u0117mimas i\u0161 vie\u0161bu\u010dio. Pa\u0117mimas \/ perve\u017eimas i\u0161 j\u016bs\u0173 vie\u0161bu\u010dio (Barahona \/ Paraiso \/ Los Patos sritis).<\/p>\n<p><b>Pastaba:<\/b>\u00a0Jei esate u\u017esakytas per 24 valandas nuo kelion\u0117s\/ekskursijos i\u0161vykimo laiko, galime suorganizuoti pa\u0117mim\u0105 i\u0161 vie\u0161bu\u010dio. Mes k\u0105 tik pasiimame Samanos rajone. Kai pirkimas bus baigtas, mes atsi\u0173sime jums vis\u0105 kontaktin\u0119 informacij\u0105 (telefono numer\u012f, el. pa\u0161to adres\u0105 ir kt.), skirt\u0105 m\u016bs\u0173 vietiniam kelioni\u0173 vadovui, kad gal\u0117tume susitarti d\u0117l pa\u0117mimo.<\/p>\n<h4><b><i>Papildomos informacijos patvirtinimas<\/i><\/b><\/h4>\n<ol>\n<li>Bilietai yra kvitas apmok\u0117jus \u0161i\u0105 kelion\u0119. Mok\u0117jim\u0105 galite parodyti savo telefone.<\/li>\n<li>Susitikimo vieta bus gauta po rezervacijos proceso.<\/li>\n<li>Vaikus turi lyd\u0117ti suaug\u0119s asmuo.<\/li>\n<li>Nepritaikoma ne\u012fgaliojo ve\u017eim\u0117liu<\/li>\n<li>K\u016bdikiai turi s\u0117d\u0117ti ant keli\u0173<\/li>\n<li>Nerekomenduojama keliautojams, turintiems nugaros problem\u0173<\/li>\n<li>Nerekomenduojama besilaukian\u010dioms keliautojoms<\/li>\n<li>Joki\u0173 \u0161irdies problem\u0173 ar kit\u0173 rimt\u0173 sveikatos sutrikim\u0173<\/li>\n<li>Dalyvauti gali dauguma keliautoj\u0173<\/li>\n<\/ol>\n<h4><b><i>At\u0161aukimo politika<\/i><\/b><\/h4>\n<p>Nor\u0117dami susigr\u0105\u017einti visas l\u0117\u0161as, at\u0161aukite bent 24 valandas iki patirties prad\u017eios datos. L\u0117\u0161os bus prarastos, jei rezervacija bus at\u0161aukta t\u0105 pa\u010di\u0105 kelion\u0117s dien\u0105.<\/p>\n<\/div>\n<\/div>\n<\/div>\n<\/div>\n<\/div>\n<\/div>\n\n\t\t<\/div>\n\t<\/div>\n<\/div><\/div><\/div><\/div><div class=\"wpb_column vc_column_container vc_col-sm-12\"><div class=\"vc_column-inner\"><div class=\"wpb_wrapper\"><\/div><\/div><\/div>","protected":false},"excerpt":{"rendered":"<p>Pirkite dienos biliet\u0105 \u012f Bahia las Aguilas i\u0161 Barahonos. Va\u017eiavimas per Jaragvos nacionalin\u012f park\u0105 ir plaukimas \u012f Cabo Rojo, kur j\u016bs\u0173 laukia laivas. Po 15 minu\u010di\u0173 pasiplaukiojimo laivu atvyksite \u012f gra\u017ei\u0105 ir nuo\u0161ali\u0105 Ereli\u0173 \u012flank\u0105, kuri laikoma gra\u017eiausiu \u0161alies papl\u016bdimiu. Piet\u016bs bus patiekiami papl\u016bdimyje, o papl\u016bdimyje tur\u0117site galimyb\u0119 maudytis ar tiesiog atsipalaiduoti. M\u0117gaukit\u0117s nesugadintu baltu sm\u0117liu \u0161iame 8 km ilgio papl\u016bdimyje.<\/p>\n<p><strong>Pasirinkite \u0161ios kelion\u0117s dien\u0105:\u00a0<\/strong><\/p>","protected":false},"featured_media":9747,"template":"","meta":[],"product_cat":[549,160],"product_tag":[557,554,555,563,560,556,564,559,553,567,566,561,565,558,562],"class_list":["post-9731","product","type-product","status-publish","has-post-thumbnail","hentry","product_cat-bahia-de-las-aguilas-dominican-republic","product_cat-lunch","product_tag-bahia-de-las-aguilas","product_tag-bahia-de-las-aguilas-pedernales","product_tag-bahia-de-las-aguilas-beach-tour","product_tag-bahia-de-las-aguilas-hoteles","product_tag-bahia-de-las-aguilas-map","product_tag-bahia-de-las-aguilas-private-tour","product_tag-bahia-de-las-aguilas-republica-dominicana-hotel","product_tag-bahia-de-las-aguilas-tour-from-punta-cana","product_tag-bahia-de-las-aguilas-beach-day-trip-by-boat","product_tag-bahia-las-aguilas-tours","product_tag-barahona-tours","product_tag-closest-airport-to-bahia-de-las-aguilas","product_tag-hotel-barahona","product_tag-playa-bahia-de-las-aguilas-dominican-republic","product_tag-tours-a-bahia-de-las-aguilas-desde-santo-domingo"],"_links":{"self":[{"href":"https:\/\/www.boattoursamana.com\/lt\/wp-json\/wp\/v2\/product\/9731","targetHints":{"allow":["GET"]}}],"collection":[{"href":"https:\/\/www.boattoursamana.com\/lt\/wp-json\/wp\/v2\/product"}],"about":[{"href":"https:\/\/www.boattoursamana.com\/lt\/wp-json\/wp\/v2\/types\/product"}],"wp:featuredmedia":[{"embeddable":true,"href":"https:\/\/www.boattoursamana.com\/lt\/wp-json\/wp\/v2\/media\/9747"}],"wp:attachment":[{"href":"https:\/\/www.boattoursamana.com\/lt\/wp-json\/wp\/v2\/media?parent=9731"}],"wp:term":[{"taxonomy":"product_cat","embeddable":true,"href":"https:\/\/www.boattoursamana.com\/lt\/wp-json\/wp\/v2\/product_cat?post=9731"},{"taxonomy":"product_tag","embeddable":true,"href":"https:\/\/www.boattoursamana.com\/lt\/wp-json\/wp\/v2\/product_tag?post=9731"}],"curies":[{"name":"wp","href":"https:\/\/api.w.org\/{rel}","templated":true}]}}