{"id":15772,"date":"2023-07-15T07:43:40","date_gmt":"2023-07-15T07:43:40","guid":{"rendered":"https:\/\/www.ticketswhales.com\/catalina-island-altos-de-chavon-from-punta-cana-snorkeling-with-catamaran-party\/"},"modified":"2023-07-15T07:43:40","modified_gmt":"2023-07-15T07:43:40","slug":"catalina-island-altos-de-chavon-from-punta-cana-snorkeling-with-catamaran-party","status":"publish","type":"page","link":"https:\/\/www.boattoursamana.com\/nb\/catalina-island-altos-de-chavon-from-punta-cana-snorkeling-with-catamaran-party","title":{"rendered":"Catalina Island og Altos de Chavon fra Punta Cana (snorkling med katamaranfest)"},"content":{"rendered":"<p>Den lille \u00f8ya Catalina (Isla Catalina), bare 2,4 kilometer fra den dominikanske republikkens fastland, er en idyllisk sandflekk i det turkise karibiske vannet. Catalina er kjent for sine godt befolkede korallrev, og er et fredelig pusterom for de som \u00f8nsker \u00e5 unnslippe travle Punta Cana og La Romana.<br \/>\nn<br \/>\nnBook a day trip with us. Catalina Island in a Party Catamaran with Snorkeling!<br \/>\nn<br \/>\nn&nbsp;<br \/>\nn<br \/>\nnPlease Select the date for The Excursion:<\/p>\n<p>&nbsp;<\/p>\n<div class=\"vc_row wpb_row vc_row-fluid\" ><div class=\"wpb_column vc_column_container vc_col-sm-12\"><div class=\"vc_column-inner\"><div class=\"wpb_wrapper\"><div class=\"mkdf-section-title-holder\" style=\"text-align: left\">\n\t<div class=\"mkdf-st-inner\">\n\t\t\t\t\t<h5 class=\"mkdf-st-subtitle\" >\n\t\t\t\tHalvdagsopplevelse\t\t\t<\/h5>\n\t\t\t\t\t\t\t<h3 class=\"mkdf-st-title\" >\n\t\t\t\tCatalina Island og snorkling med katamaranfest fra Punta Cana\t\t\t<\/h3>\n\t\t\t\t\t<\/div>\n<\/div><div class=\"vc_btn3-container vc_btn3-inline\" ><button class=\"vc_general vc_btn3 vc_btn3-size-md vc_btn3-shape-rounded vc_btn3-style-modern vc_btn3-color-green\">BESTILL N\u00c5<\/button><\/div><\/div><\/div><\/div><\/div><div class=\"vc_row wpb_row vc_row-fluid\" ><div class=\"wpb_column vc_column_container vc_col-sm-12\"><div class=\"vc_column-inner\"><div class=\"wpb_wrapper\">\n\t<div class=\"wpb_text_column wpb_content_element\" >\n\t\t<div class=\"wpb_wrapper\">\n\t\t\t<p>\nn<\/p>\n<div class=\"vc_row wpb_row vc_row-fluid\">\nn<\/p>\n<div class=\"wpb_column vc_column_container vc_col-sm-12\">\nn<\/p>\n<div class=\"vc_column-inner\">\nn<\/p>\n<div class=\"wpb_wrapper\">\nn<\/p>\n<div class=\"wpb_text_column wpb_content_element\">\nn<\/p>\n<div class=\"wpb_wrapper\">\nn<\/p>\n<div class=\"vc_row wpb_row vc_row-fluid\">\nn<\/p>\n<div class=\"wpb_column vc_column_container vc_col-sm-12\">\nn<\/p>\n<div class=\"vc_column-inner\">\nn<\/p>\n<div class=\"wpb_wrapper\">\nn<\/p>\n<div class=\"wpb_text_column wpb_content_element\">\nn<\/p>\n<div class=\"wpb_wrapper\">\nn<\/p>\n<h4><b><i>Oversikt<\/i><\/b><\/h4>\n<p>nWe enjoy a catamaran tour across crystal clear waters to Catalina Island, the best-known area for snorkeling in the Dominican Republic.<br \/>\nn<br \/>\nnYour day begins with a pick up at your hotel main lobby or specified meeting point. Then we\u00b4ll continue to Catalina Island to enjoy a refreshing bath, and some drinks, while whoever can perform 2 types of Snorkel with an instructor and after we will eat a delicious lunch buffet at the beach and we\u00b4ll take some classes of Salsa and Bachata, while we also make some delicious drinks. Once tired of being lazy on the beach, grab some snorkeling equipment and admire Catalina\u2019s underwater world.<br \/>\nn<br \/>\nnThe ocean, so incredibly clear, and the beach white sand waiting for you. Relax on a sunbed or snorkeling all included for you. You will enjoy where you will see the tradition of our music and dance.<br \/>\nn<br \/>\nnAfter this we go to Altos de Chavon Cattle and River!<br \/>\nn<br \/>\nn<strong>Merk:<\/strong> Denne turen er ikke privat. Hvis du vil sette opp en privat tur, bare kontakt oss!<br \/>\nn<\/p>\n<ul>\nn \t<\/p>\n<li>\nn<\/p>\n<div class=\"py-1 inclusions-exclusions-item d-flex\" lang=\"en-x-mtfrom-en\">\nn<\/p>\n<div class=\"d-inline-block inclusions-exclusions-text\">Privat transport<\/div>\n<p>n\n<\/p><\/div>\n<\/li>\n<p>n \t<\/p>\n<li>Naturlig sv\u00f8mmebasseng for \u00e5 se p\u00e5 stjernefisk<\/li>\n<p>n \t<\/p>\n<li>Snorkling<\/li>\n<p>n \t<\/p>\n<li>Lunsj<\/li>\n<p>n \t<\/p>\n<li>B\u00e5tkatamaranoverf\u00f8ring<\/li>\n<p>n \t<\/p>\n<li>Kapteinen gir instruksjon og tilsyn<\/li>\n<p>n \t<\/p>\n<li>Tur guide<\/li>\n<p>n<\/ul>\n<p>n&nbsp;<br \/>\nn<\/p>\n<h4><b>Inkluderinger og ekskluderinger<\/b><\/h4>\n<p>n<b>Inkluderinger<\/b><br \/>\nn<\/p>\n<ol>\nn \t<\/p>\n<li>Tur guide<\/li>\n<p>n \t<\/p>\n<li>snorkling<\/li>\n<p>n \t<\/p>\n<li>Lunsj<\/li>\n<p>n \t<\/p>\n<li>Henting p\u00e5 hotell<\/li>\n<p>n \t<\/p>\n<li>Katamaran eller b\u00e5ttur<\/li>\n<p>n \t<\/p>\n<li>Alle skatter, avgifter og h\u00e5ndteringskostnader<\/li>\n<p>n \t<\/p>\n<li>Lokale skatter<\/li>\n<p>n \t<\/p>\n<li>Drikkevarer<\/li>\n<p>n<\/ol>\n<p>n<b>Ekskluderinger<\/b><br \/>\nn<\/p>\n<ol>\nn \t<\/p>\n<li>Drikkepenger<\/li>\n<p>n \t<\/p>\n<li>Bilder<\/li>\n<p>n<\/ol>\n<p>n<\/p>\n<h4><em><strong>Avreise og retur<\/strong><\/em><\/h4>\n<p>Den reisende vil f\u00e5 et m\u00f8tepunkt etter reservasjonsprosessen. Turer starter og slutter i m\u00f8testedene v\u00e5re.<br \/>\nn<\/p>\n<h3>Catalina Island og snorkling med katamaranfest fra Punta Cana \u2013 halvdagsopplevelse.<\/h3>\n<p>n<\/p>\n<h4><b><i>Hva \u00e5 forvente?<\/i><\/b><\/h4>\n<p>nDuring the Catalina Island Excursion from Punta Cana, guests will have the opportunity to snorkel in the vibrant corals reefs at Catalina, swimming among lively school of fish enjoying the stunning Caribbean underwater fauna.<br \/>\nn<br \/>\nnWe will begin the snorkeling excursion departing in the morning towards La Romana. During the drive we will pass by the sugar cane fields as your guide provides interesting information about the history of the area, general culture and rum making techniques of the country. Upon arrival to La Romana, we will board our Catamaran and depart towards Catalina. Our first stop on the island will be \u201cThe Wall,\u201d a majestic coral wall that extends from the Island to the Caribbean Sea.<br \/>\nn<br \/>\nnAfter snorkeling, you will continue the path to the beautiful beach of Catalina, an exclusive place. Upon arrival, guests will have access to 2 kilometers of white sand beaches and crystal clear waters, a beach bar with drinks and a delicious Dominican lunch buffet with barbecue. We will board the catamaran around 3:30 pm to return to Punta Cana after an incredible day of snorkeling and relaxation on Catalina Island. IslandDuring the Catalina Island Excursion from Punta Cana, guests will have the opportunity to snorkel in the vibrant corals reefs at Catalina, swimming among lively school of fish enjoying the stunning Caribbean underwater fauna.<br \/>\nn<br \/>\nnWe will begin the snorkeling excursion departing in the morning towards La Romana. During the drive we will pass by the sugar cane fields as your guide provides interesting information about the history of the area, general culture and rum making techniques of the country. Upon arrival to La Romana, we will board our Catamaran and depart towards Catalina.<br \/>\nn<br \/>\nnOur first stop on the island will be \u201cThe Wall,\u201d a majestic coral wall that extends from the Island to the Caribbean Sea. After snorkeling, you will continue the path to the beautiful beach of Catalina, an exclusive place. Upon arrival, guests will have access to 2 kilometers of white sand beaches and crystal clear waters, a beach bar with drinks and a delicious Dominican lunch buffet with barbecue. We will board the catamaran around 3:30 pm to return to Punta Cana after an incredible day of snorkeling and relaxation on Catalina Island.<br \/>\nn<\/p>\n<div class=\"a-text--first-content _for-copy-large l-hide-for-large\">\nn<br \/>\nnLet the<strong>\u00a0Det karibiske paradiset Catalina Island fengsler deg\u00a0<\/strong>og utforske det pittoreske\u00a0<strong>Altos de Chav\u00f3n<\/strong>\u00a0p\u00e5 denne uunnv\u00e6rlige dagsturen fra La Romana.<br \/>\nn<br \/>\nn<\/div>\n<p>n<\/p>\n<div id=\"o-slider--activity-detail__container\" class=\"o-slider js-module-slider is-photos\"><\/div>\n<p>n<\/p>\n<div id=\"l-768-calendar-anchor\"><\/div>\n<p>n<\/p>\n<div id=\"new-fading-text\" class=\"new-fading-text _loaded u-no-before show-hidden-elements\">\nn<\/p>\n<div class=\"o-activity-description\">\nn<\/p>\n<h2>Catalina Island og Altos de Chav\u00f3n dagstur<\/h2>\n<p>nHaving been picked up from your hotel first thing in the morning, you&#8217;ll set off on your adventure, making your first stop in\u00a0<strong>Altos de Chav\u00f3n<\/strong>. Du har 40 minutter til \u00e5 utforske dette<strong>\u00a0vakker rekreasjon av en landsby i middelhavsstil<\/strong>\u00a0og beundre utsikten over elven Chav\u00f3n som renner ved siden av den. Virkelig fortryllende!<br \/>\nn<\/p>\n<p class=\"new-fading-text__hidden-element\">Fortsetter du omvisningen, blir du f\u00f8rt til en brygge p\u00e5\u00a0<strong>Salado-elven\u00a0<\/strong>hvor din\u00a0<strong>katamaran\u00a0<\/strong>vil vente p\u00e5 at du skal seile til Isla Catalina. Under cruiset ditt, som vil ta rundt 40 minutter, vil du nyte en drink om bord mens du beundrer\u00a0<strong>gjennomtrengende bl\u00e5 av det glitrende karibiske hav<\/strong>.<\/p>\n<p>n<\/p>\n<p class=\"new-fading-text__hidden-element\">N\u00e5r du n\u00e6rmer deg destinasjonen din, g\u00e5r du direkte til korallrevet kjent som La Pared, eller The Wall, hvor du har muligheten til \u00e5\u00a0<strong>kj\u00f8l deg ned med en forfriskende dukkert i havet og snorkle blant det utrolige marine livet<\/strong>. Bruk 40 minutter p\u00e5 \u00e5 utforske under vann, f\u00f8r du g\u00e5r tilbake til katamaranen og slipper anker ved kaien p\u00e5 Catalina Island.<\/p>\n<p>n<\/p>\n<p class=\"new-fading-text__hidden-element\">Med f\u00f8ttene p\u00e5 t\u00f8rt land blir du f\u00f8rt til en liten restaurant med fantastisk havutsikt, hvor du vil bli behandlet med en\u00a0<strong>deilig lunsjbuff\u00e9<\/strong>. Med fornyet energi vil du da ha tre timer ledig tid til \u00e5 f\u00e5 mest mulig ut av det\u00a0<strong>paradis hvite sandstrender<\/strong>. Enten du foretrekker \u00e5 slappe av og sole deg eller pr\u00f8ve en morsom aktivitet som padlesurfing, vil du nyte en uforglemmelig ettermiddag.<\/p>\n<p>n<\/p>\n<p class=\"new-fading-text__hidden-element\">P\u00e5 slutten av dagen g\u00e5r du tilbake til katamaranen for \u00e5 seile tilbake til La Romana, hvor du blir satt av p\u00e5 hotellet ditt.<\/p>\n<p>n<br \/>\nn\n<\/div>\n<p>n\n<\/p><\/div>\n<p>n&nbsp;<br \/>\nn<br \/>\nn<strong>Rutetabell:<\/strong><br \/>\nn<br \/>\nn7:00 AM \u2013 4: 30 PM<br \/>\nn<br \/>\nn&nbsp;<br \/>\nn<br \/>\nn<\/div>\n<p>nTime can change depends on time of departure from Hotels.<br \/>\nn<\/p>\n<div class=\"wpb_wrapper\">\nn<br \/>\nn&nbsp;<br \/>\nn<\/p>\n<h4><em><strong>Hva b\u00f8r du ta med?<\/strong><\/em><\/h4>\n<p>n<\/p>\n<ul>\nn \t<\/p>\n<li>Kamera<\/li>\n<p>n \t<\/p>\n<li>Avvisende knopper<\/li>\n<p>n \t<\/p>\n<li>solkrem<\/li>\n<p>n \t<\/p>\n<li>Hatt<\/li>\n<p>n \t<\/p>\n<li>Komfortable bukser<\/li>\n<p>n \t<\/p>\n<li>Badet\u00f8y<\/li>\n<p>n \t<\/p>\n<li>Kontanter for suvenirer<\/li>\n<p>n<\/ul>\n<p>n&nbsp;<br \/>\nn<\/p>\n<h4><b><i>Hotellhenting<\/i><\/b><\/h4>\n<p>nHotel pick-up is offered for this tour. We Can Set it Via- Whatsapp. From La Romana, Punta Cana, Bavaro and Bayahibe Hotels.<br \/>\nn<br \/>\nn&nbsp;<br \/>\nn<br \/>\nn<b>Merk:<\/b> hvis du bestiller innen 24 timer etter turens\/utfluktens avgangstid, kan vi ordne hotellhenting. N\u00e5r kj\u00f8pet er fullf\u00f8rt, vil vi sende deg fullstendig kontaktinformasjon (telefonnummer, e-postadresse osv.) slik at v\u00e5r lokale turguide kan organisere henting.<br \/>\nn<\/p>\n<h4><b><i>Bekreftelse av tilleggsinformasjon<\/i><\/b><\/h4>\n<p>n<\/p>\n<ol>\nn \t<\/p>\n<li>Billetter er kvitteringen etter \u00e5 ha betalt denne turen. Du kan vise betalingen p\u00e5 telefonen.<\/li>\n<p>n \t<\/p>\n<li>M\u00f8tepunkt vil bli mottatt etter reservasjonsprosessen.<\/li>\n<p>n \t<\/p>\n<li>Barn m\u00e5 v\u00e6re i f\u00f8lge med en voksen.<\/li>\n<p>n \t<\/p>\n<li>tilgjengelig for rullestol<\/li>\n<p>n \t<\/p>\n<li>Spedbarn m\u00e5 sitte p\u00e5 fanget<\/li>\n<p>n \t<\/p>\n<li>De fleste reisende kan delta<\/li>\n<p>n<\/ol>\n<p>n<\/p>\n<h4><b><i>Avbestillingsregler<\/i><\/b><\/h4>\n<p>For full refusjon, vennligst les v\u00e5re avbestillingsregler\u00a0<a href=\"https:\/\/www.boattoursamana.com\/nb\/online-booking\/\" target=\"_blank\" rel=\"noopener\" data-saferedirecturl=\"https:\/\/www.google.com\/url?q=https:\/\/www.boattoursamana.com\/online-booking\/&amp;source=gmail&amp;ust=1672532492004000&amp;usg=AOvVaw3ylqI1cdbIPTimEqEWneyd\">Klikk her<\/a>. Midler vil g\u00e5 tapt dersom reservasjonen kanselleres samme dag p\u00e5 reisen.<br \/>\nn<br \/>\nn<\/div>\n<p>n\n<\/p><\/div>\n<p>n\n<\/p><\/div>\n<p>n\n<\/p><\/div>\n<p>n\n<\/p><\/div>\n<p>n\n<\/p><\/div>\n<p>n\n<\/p><\/div>\n<p>n\n<\/p><\/div>\n<p>n\n<\/p><\/div>\n<p>n\n<\/p><\/div>\n<p>n\n<\/p><\/div>\n<p>n\n<\/p><\/div>\n<p>n<\/p>\n<div class=\"vc_row wpb_row vc_row-fluid\">\nn<\/p>\n<div class=\"wpb_column vc_column_container vc_col-sm-12\">\nn<\/p>\n<div class=\"vc_column-inner\">\nn<\/p>\n<div class=\"wpb_wrapper\">\nn<\/p>\n<div class=\"vc_empty_space\"><\/div>\n<p>n<\/p>\n<div class=\"wpb_text_column wpb_content_element\">\nn<\/p>\n<div class=\"wpb_wrapper\">\nn<\/p>\n<h4>Kontakt oss?<\/h4>\n<p>n<\/p>\n<h5><b><i>Booking Adventures<\/i><\/b><\/h5>\n<p>n<em><strong>Lokalbefolkningen<\/strong>\u00a0og\u00a0<strong>Nationals<\/strong>\u00a0Turguider og gjestetjenester<\/em><br \/>\nn<br \/>\nn<span class=\"text-turquoise\">Reservasjoner:<\/span>\u00a0Turer og utflukter i Dom. Rep.<br \/>\nn<br \/>\nn<img decoding=\"async\" class=\"emoji\" src=\"https:\/\/s.w.org\/images\/core\/emoji\/11.2.0\/svg\/1f4de.svg\" alt=\" \" title=\"\">\u00a0Tlf \/ Whatsapp\u00a0\u00a0<a href=\"tel:+1-809-720-6035\">+1-809-720-6035<\/a>.<br \/>\nn<br \/>\nn<img decoding=\"async\" class=\"emoji\" src=\"https:\/\/s.w.org\/images\/core\/emoji\/11.2.0\/svg\/1f4e9.svg\" alt=\" \" title=\"\">\u00a0<a href=\"mailto:info@bookingadventures.com.do\">info@bookingadventures.com.do<\/a><br \/>\nn<br \/>\nn<strong>Vi er fleksible med private turer av Whatsapp:\u00a0<a href=\"tel:+18097206035\">+18097206035.<\/a><\/strong><br \/>\nn<br \/>\nn<\/div>\n<p>n\n<\/p><\/div>\n<p>n\n<\/p><\/div>\n<p>n\n<\/p><\/div>\n<p>n\n<\/p><\/div>\n<p>n\n<\/p><\/div>\n<p>n<\/p>\n\n\t\t<\/div>\n\t<\/div>\n<div class=\"vc_btn3-container vc_btn3-inline\" ><button class=\"vc_general vc_btn3 vc_btn3-size-md vc_btn3-shape-rounded vc_btn3-style-modern vc_btn3-color-green\">BESTILL N\u00c5<\/button><\/div><\/div><\/div><\/div><\/div><div class=\"vc_row wpb_row vc_row-fluid\" ><div class=\"wpb_column vc_column_container vc_col-sm-12\"><div class=\"vc_column-inner\"><div class=\"wpb_wrapper\"><\/div><\/div><\/div><\/div>","protected":false},"excerpt":{"rendered":"<p>Tiny Catalina Island (Isla Catalina), just 1.5 miles (2.4 kilometers) off the Dominican Republic\u2019s mainland, is an idyllic sandy speck in the turquoise Caribbean waters. Known for its well-populated coral reefs, Catalina is a peaceful respite for those looking to escape bustling Punta Cana and La Romana. n nBook a day trip with us. Catalina Island in a Party Catamaran with Snorkeling! n n&nbsp; n nPlease Select the date for The Excursion: &nbsp;<\/p>","protected":false},"author":2,"featured_media":0,"parent":0,"menu_order":0,"comment_status":"open","ping_status":"closed","template":"","meta":{"footnotes":""},"class_list":["post-15772","page","type-page","status-publish","hentry"],"_links":{"self":[{"href":"https:\/\/www.boattoursamana.com\/nb\/wp-json\/wp\/v2\/pages\/15772","targetHints":{"allow":["GET"]}}],"collection":[{"href":"https:\/\/www.boattoursamana.com\/nb\/wp-json\/wp\/v2\/pages"}],"about":[{"href":"https:\/\/www.boattoursamana.com\/nb\/wp-json\/wp\/v2\/types\/page"}],"author":[{"embeddable":true,"href":"https:\/\/www.boattoursamana.com\/nb\/wp-json\/wp\/v2\/users\/2"}],"replies":[{"embeddable":true,"href":"https:\/\/www.boattoursamana.com\/nb\/wp-json\/wp\/v2\/comments?post=15772"}],"version-history":[{"count":0,"href":"https:\/\/www.boattoursamana.com\/nb\/wp-json\/wp\/v2\/pages\/15772\/revisions"}],"wp:attachment":[{"href":"https:\/\/www.boattoursamana.com\/nb\/wp-json\/wp\/v2\/media?parent=15772"}],"curies":[{"name":"wp","href":"https:\/\/api.w.org\/{rel}","templated":true}]}}