{"id":15774,"date":"2023-07-15T07:43:40","date_gmt":"2023-07-15T07:43:40","guid":{"rendered":"https:\/\/www.ticketswhales.com\/whale-watching-2023-in-punta-cana-cap-cana-to-samana-bay-cayo-levantado-bacardi-island-from-hotels\/"},"modified":"2023-07-15T07:43:40","modified_gmt":"2023-07-15T07:43:40","slug":"whale-watching-2023-in-punta-cana-cap-cana-to-samana-bay-cayo-levantado-bacardi-island-from-hotels","status":"publish","type":"page","link":"https:\/\/www.boattoursamana.com\/nb\/whale-watching-2023-in-punta-cana-cap-cana-to-samana-bay-cayo-levantado-bacardi-island-from-hotels","title":{"rendered":"Hvalsafari 2023 i Punta Cana \/ Cap Cana til Saman\u00e1 Bay + Cayo Levantado (Bacardi Island) fra Hotels."},"content":{"rendered":"<p>Fra Punta Cana-hotellene vil vi nyte det vakre landskapet i den orientalske fjellkjeden mens vi kj\u00f8rer nord for Punta Cana f\u00f8r vi ankommer den lille fiskerlandsbyen Miches ved den s\u00f8rlige bredden av Samana Bay. Der vil du nyte en rask frokost f\u00f8r du g\u00e5r ombord p\u00e5 b\u00e5ten til Samana. Vi cruiser dypt inn i bukten for \u00e5 se hval. Vi vil f\u00f8rst n\u00e5 Cayo Levantado, ogs\u00e5 kjent som Bacardi Island p\u00e5 grunn av dens n\u00e6re likhet med strendene Bacardi Rum en gang brukte for sine ber\u00f8mte reklamefilmer. Cayo Levantado er intet mindre enn en tropisk oase \u2013 en liten \u00f8y midt i havet med turkist vann og hvit sand.<br \/>\nn<br \/>\nnThis tour can or not include the stop at\u00a0<strong>Limon-fossen<\/strong>. For \u00e5 bestille samme tur med fossene, vennligst <a href=\"https:\/\/www.boattoursamana.com\/nb\/tours-excursions\/fees-entrace\/samana-hvalsafari-cayo-levantado-bacardi-oya-limon-fossefall-fra-punta-cana-hoteller\/\">KLIKK HER.<\/a><br \/>\nn<br \/>\nn&nbsp;<br \/>\nn<br \/>\nn&nbsp;<br \/>\nn<br \/>\nn<em><strong>Vennligst velg dato for utflukten:<\/strong><\/em><\/p>\n<p>&nbsp;<\/p>\n<div class=\"vc_row wpb_row vc_row-fluid\" ><div class=\"wpb_column vc_column_container vc_col-sm-12\"><div class=\"vc_column-inner\"><div class=\"wpb_wrapper\"><div class=\"mkdf-section-title-holder\" style=\"text-align: left\">\n\t<div class=\"mkdf-st-inner\">\n\t\t\t\t\t<h5 class=\"mkdf-st-subtitle\" >\n\t\t\t\tHent fra hoteller og Cayo Levantado (Bacardi Island).\t\t\t<\/h5>\n\t\t\t\t\t\t\t<h3 class=\"mkdf-st-title\" >\n\t\t\t\tHvalsafari 2023 i Punta Cana\/Cap Cana til Samana Bay\t\t\t<\/h3>\n\t\t\t\t\t<\/div>\n<\/div><\/div><\/div><\/div><\/div><div class=\"vc_row wpb_row vc_row-fluid\" ><div class=\"wpb_column vc_column_container vc_col-sm-12\"><div class=\"vc_column-inner\"><div class=\"wpb_wrapper\"><div class=\"vc_btn3-container vc_btn3-inline\" ><button class=\"vc_general vc_btn3 vc_btn3-size-md vc_btn3-shape-rounded vc_btn3-style-modern vc_btn3-color-green\">BESTILL N\u00c5<\/button><\/div>\n\t<div class=\"wpb_text_column wpb_content_element\" >\n\t\t<div class=\"wpb_wrapper\">\n\t\t\t<p>\nn<\/p>\n<div class=\"vc_row wpb_row vc_row-fluid\">\nn<\/p>\n<div class=\"wpb_column vc_column_container vc_col-sm-12\">\nn<\/p>\n<div class=\"vc_column-inner\">\nn<\/p>\n<div class=\"wpb_wrapper\">\nn<\/p>\n<div class=\"wpb_text_column wpb_content_element\">\nn<\/p>\n<div class=\"wpb_wrapper\">\nn<\/p>\n<div class=\"vc_row wpb_row vc_row-fluid\">\nn<\/p>\n<div class=\"wpb_column vc_column_container vc_col-sm-12\">\nn<\/p>\n<div class=\"vc_column-inner\">\nn<\/p>\n<div class=\"wpb_wrapper\">\nn<\/p>\n<div class=\"wpb_text_column wpb_content_element\">\nn<\/p>\n<div class=\"wpb_wrapper\">\nn<\/p>\n<h4><b><i>Oversikt<img decoding=\"async\" class=\"emoji\" draggable=\"false\" src=\"https:\/\/s.w.org\/images\/core\/emoji\/12.0.0-1\/svg\/1f433.svg\" alt=\" \" title=\"\"><\/i><\/b><\/h4>\n<p>nWhale Punta Cana, whale watching in Saman\u00e1 Bay and visit Cayo Levantado during this full-day excursion from Punta Cana hotels. Travel to Saman\u00e1 bay aboard a comfortable, air-conditioned coach, then transfer to a boat Catamaran\u00a0 at Miches. Cruise out into the open waters to look for the pods of humpback whales who visit to breed and have their calves in the area. Learn about the behavior and biology of these marine mammals from your expert naturalist guide. Continue to Cayo Levantado, or Bacardi Island, for lunch on the beach and a dip in the azure waters before returning to Punta Cana.<br \/>\nn<br \/>\nn&nbsp;<br \/>\nn<br \/>\nn<strong>Merk: <\/strong>Denne turen kan inkludere stopp kl\u00a0<strong>Limon-fossen<\/strong>. For \u00e5 bestille samme tur med fossene, vennligst <a href=\"https:\/\/www.boattoursamana.com\/nb\/tours-excursions\/fees-entrace\/samana-hvalsafari-cayo-levantado-bacardi-oya-limon-fossefall-fra-punta-cana-hoteller\/\">KLIKK HER.<\/a><br \/>\nn<br \/>\nn&nbsp;<br \/>\nn<\/p>\n<ul>\nn \t<\/p>\n<li>Hvalsafari tur<\/li>\n<p>n \t<\/p>\n<li>Inngangsavgifter til observatoriet<\/li>\n<p>n \t<\/p>\n<li>Inkluderer lunsjbuff\u00e9 p\u00e5 stranden<\/li>\n<p>n \t<\/p>\n<li>B\u00e5toverf\u00f8ring<\/li>\n<p>n \t<\/p>\n<li>Transfer fra Punta Cana Hotels<\/li>\n<p>n \t<\/p>\n<li>Kapteinen gir instruksjon og tilsyn<\/li>\n<p>n \t<\/p>\n<li>Tur guide<\/li>\n<p>n<\/ul>\n<p>n&nbsp;<br \/>\nn<\/p>\n<h4><b>Inkluderinger og ekskluderinger<\/b><\/h4>\n<p>n&nbsp;<br \/>\nn<br \/>\nn<b>Inkluderinger<\/b><br \/>\nn<br \/>\nn&nbsp;<br \/>\nn<\/p>\n<ol>\nn \t<\/p>\n<li>Buffet lunsj p\u00e5 stranden<\/li>\n<p>n \t<\/p>\n<li>Tur guide<\/li>\n<p>n \t<\/p>\n<li>Katamaran eller b\u00e5ttur<\/li>\n<p>n \t<\/p>\n<li>Alle skatter, avgifter og h\u00e5ndteringskostnader<\/li>\n<p>n \t<\/p>\n<li>Lokale skatter<\/li>\n<p>n \t<\/p>\n<li>Drikkevarer<\/li>\n<p>n<\/ol>\n<p>n<b>Ekskluderinger<\/b><br \/>\nn<\/p>\n<ol>\nn \t<\/p>\n<li>Drikkepenger<\/li>\n<p>n<\/ol>\n<p>n&nbsp;<br \/>\nn<\/p>\n<h4><em><strong>Avreise og retur<\/strong><\/em><\/h4>\n<p>nHotellhenting tilbys for denne turen. I Notes Bare skriv navnet p\u00e5 hotellet for \u00e5 hente deg. Vi henter i alle Punta Cana-hoteller.<br \/>\nn<br \/>\nn&nbsp;<br \/>\nn<\/p>\n<h3>Hvalsafari 2023 i Punta Cana \/ Cap Cana til Saman\u00e1 Bay + Cayo Levantado (Bacardi Island) fra Hotels.<\/h3>\n<p>n<\/p>\n<h4><b><i>Hva \u00e5 forvente?<\/i><\/b><\/h4>\n<p>nKom p\u00e5 n\u00e6rt hold av den dominikanske republikkens milde havgiganter under denne 12-timers kn\u00f8lhvalsafari-utflukten p\u00e5 S\u00e1mana Bay. Tilbring en uforglemmelig dag med \u00e5 observere de tusenvis av hvaler som str\u00f8mmer til \u00f8ya hvert \u00e5r for \u00e5 parre seg, mate og leke i det varme tropiske vannet. N\u00e5r du observerer disse vakre skapningene, vil du nyte unik innsikt fra din ekspertguide for hvalsafari. Avslutt dagen med en inkludert lunsj og strandtid p\u00e5 vakre Cayo Levantado Island. Hotelltransport tur-retur er ogs\u00e5 inkludert.<br \/>\nn<br \/>\nnFrom 9:00 Am until 12:00-noon Whale watching observatory and After this Whale trip we will visit Bacardi Island \/ Cayo Levantado. In Bacardi Island, Lunch Buffet from typical Dominican Style will be provided (Rice, Beans, Fish, Salads\u2026). When lunch is finished you are allowed to swim until 4:30 pm. Tour will be finished at 5:00 pm at the same port from where it will start onboad our Catamaran and them bus back to Punta Cana Hotels.<br \/>\nn<br \/>\nnThis tour can or not include the stop at\u00a0<strong>Limon-fossen<\/strong>. For \u00e5 bestille samme tur med fossene, vennligst <a href=\"https:\/\/www.boattoursamana.com\/nb\/tours-excursions\/fees-entrace\/samana-hvalsafari-cayo-levantado-bacardi-oya-limon-fossefall-fra-punta-cana-hoteller\/\">KLIKK HER.<\/a><br \/>\nn<br \/>\nn<strong>Rutetabell:<\/strong><br \/>\nn<br \/>\nn6:00 \u2013 7:00 Henting av kunder fra de forskjellige hotellene<br \/>\nn07:00 Avgang til Las Canitas i Sabana de la mar<br \/>\nn08:15 Ankomst til den private kaien<br \/>\nn08:15 \u2013 8:40 frokosttid (sm\u00f8rbr\u00f8d, muffins, te, kaffe, juice)<br \/>\nn8:45 Ombordstigning for \u00e5 starte v\u00e5r reise til helligdommen for kn\u00f8lhvalene i Samana<br \/>\nn11:00 S\u00f8k etter hvalene i en 45-minutters periode- Dette er tidspunktet som f\u00f8lges av regjeringens regler.<br \/>\nn11:45 Dra til Cayo Levantado i Samana Bay<br \/>\nn12:30 Ankomst Cayo Levantado<br \/>\nn13:00 Lunsjtid (lunsjbuff\u00e9, typisk dominikansk)*<br \/>\nn13:45 \u2013 15:30 Fritid i Cayo Levantado<br \/>\nn15:00 \u2013 15:45 Om bord igjen retning tilbake til Miches<br \/>\nn17:00 Ankomst Miches og avreise til hotellene i Punta Cana<br \/>\nn19:30 \u2013 20:00 Ankomst til hotell i Punta Cana<br \/>\nn<br \/>\nn<strong>*Lunsjmeny (typisk dominikansk)<br \/>\nn<\/strong>Ris, grillet kylling eller grillet fisk, salat, gr\u00f8nnsaker, frisk frukt.<br \/>\nn<br \/>\nn<strong>*Kunder som velger \u00e5 legge til stoppet ved fossen El Limon etter hvalsafari vil flytte til fosseannonsen, vil ha mindre tid \u00e5 tilbringe i Cayo Levantado.<\/strong><br \/>\nn<br \/>\nnThis tour can or not include the stop at\u00a0<strong>Limon-fossen<\/strong>. For \u00e5 bestille samme tur med fossene, vennligst <a href=\"https:\/\/www.boattoursamana.com\/nb\/tours-excursions\/fees-entrace\/samana-hvalsafari-cayo-levantado-bacardi-oya-limon-fossefall-fra-punta-cana-hoteller\/\">KLIKK HER.<\/a><br \/>\nn<br \/>\nn&nbsp;<br \/>\nn<\/p>\n<h4><em><strong>Hva b\u00f8r du ta med?<\/strong><\/em><\/h4>\n<p>n<\/p>\n<ul>\nn \t<\/p>\n<li>Kamera<\/li>\n<p>n \t<\/p>\n<li>Avvisende knopper<\/li>\n<p>n \t<\/p>\n<li>solkrem<\/li>\n<p>n \t<\/p>\n<li>Hatt<\/li>\n<p>n \t<\/p>\n<li>Komfortable bukser<\/li>\n<p>n \t<\/p>\n<li>Sandaler til stranden<\/li>\n<p>n \t<\/p>\n<li>Badet\u00f8y<\/li>\n<p>n \t<\/p>\n<li>Kontanter for suvenirer<\/li>\n<p>n<\/ul>\n<p>n&nbsp;<br \/>\nn<\/p>\n<h4><b><i>Hotellhenting<\/i><\/b><\/h4>\n<p>nHotellhenting tilbys for denne turen. I Notes Bare skriv navnet p\u00e5 hotellet for \u00e5 hente deg. Vi henter i alle Punta Cana-hoteller.<br \/>\nn<br \/>\nn&nbsp;<br \/>\nn<br \/>\nn<b>Merk:<\/b> hvis du bestiller innen 24 timer etter turens\/utfluktens avgangstid, kan vi ordne hotellhenting med ekstra kostnader. N\u00e5r kj\u00f8pet er fullf\u00f8rt, vil vi sende deg fullstendig kontaktinformasjon (telefonnummer, e-postadresse osv.) slik at v\u00e5r lokale turguide kan organisere hentingsordninger.<br \/>\nn<\/p>\n<h4><b><i>Bekreftelse av tilleggsinformasjon<\/i><\/b><\/h4>\n<p>n<\/p>\n<ol>\nn \t<\/p>\n<li>Billetter er kvitteringen etter \u00e5 ha betalt denne turen. Du kan vise betalingen p\u00e5 telefonen.<\/li>\n<p>n \t<\/p>\n<li>M\u00f8tepunkt vil bli mottatt etter reservasjonsprosessen.<\/li>\n<p>n \t<\/p>\n<li>Barn m\u00e5 v\u00e6re i f\u00f8lge med en voksen.<\/li>\n<p>n \t<\/p>\n<li>tilgjengelig for rullestol<\/li>\n<p>n \t<\/p>\n<li>Spedbarn m\u00e5 sitte p\u00e5 fanget<\/li>\n<p>n \t<\/p>\n<li>De fleste reisende kan delta<\/li>\n<p>n<\/ol>\n<p>n<\/p>\n<h5><b><i>Avbestillingsregler<\/i><\/b><\/h5>\n<p>For full refusjon, vennligst les v\u00e5re avbestillingsregler\u00a0<a href=\"https:\/\/www.boattoursamana.com\/nb\/online-booking\/\" target=\"_blank\" rel=\"noopener\" data-saferedirecturl=\"https:\/\/www.google.com\/url?q=https:\/\/www.boattoursamana.com\/online-booking\/&amp;source=gmail&amp;ust=1672532492004000&amp;usg=AOvVaw3ylqI1cdbIPTimEqEWneyd\">Klikk her<\/a>. Midler vil g\u00e5 tapt dersom reservasjonen kanselleres samme dag p\u00e5 reisen.<br \/>\nn<br \/>\nn<\/div>\n<p>n\n<\/p><\/div>\n<p>n\n<\/p><\/div>\n<p>n\n<\/p><\/div>\n<p>n\n<\/p><\/div>\n<p>n\n<\/p><\/div>\n<p>n\n<\/p><\/div>\n<p>n\n<\/p><\/div>\n<p>n\n<\/p><\/div>\n<p>n\n<\/p><\/div>\n<p>n\n<\/p><\/div>\n<p>n\n<\/p><\/div>\n<p>n<\/p>\n<div class=\"vc_row wpb_row vc_row-fluid\">\nn<\/p>\n<div class=\"wpb_column vc_column_container vc_col-sm-12\">\nn<\/p>\n<div class=\"vc_column-inner\">\nn<\/p>\n<div class=\"wpb_wrapper\">\nn<\/p>\n<div class=\"vc_empty_space\"><\/div>\n<p>n<\/p>\n<div class=\"wpb_text_column wpb_content_element\">\nn<\/p>\n<div class=\"wpb_wrapper\">\nn<\/p>\n<h4>Kontakt oss?<\/h4>\n<p>n<\/p>\n<h5><b><i>TUR HVALER SAMANA<\/i><\/b><\/h5>\n<p>n<em><strong>Lokalbefolkningen<\/strong>\u00a0og\u00a0<strong>Nationals<\/strong>\u00a0Turguider og gjestetjenester<\/em><br \/>\nn<br \/>\nn<span class=\"text-turquoise\">Reservasjoner:<\/span>\u00a0Turer og utflukter i Dom. Rep.<br \/>\nn<br \/>\nn<img decoding=\"async\" class=\"emoji\" draggable=\"false\" src=\"https:\/\/s.w.org\/images\/core\/emoji\/11.2.0\/svg\/1f4de.svg\" alt=\" \" title=\"\">\u00a0Tlf \/ Whatsapp\u00a0\u00a0<a href=\"tel:+1-809-720-6035\">+1-809-720-6035<\/a>.<br \/>\nn<br \/>\nn<img decoding=\"async\" class=\"emoji\" draggable=\"false\" src=\"https:\/\/s.w.org\/images\/core\/emoji\/11.2.0\/svg\/1f4e9.svg\" alt=\" \" title=\"\">\u00a0<a href=\"mailto:info@bookingadventures.com.do\">info@bookingadventures.com.do<\/a><br \/>\nn<br \/>\nn<strong>Vi er fleksible med private turer av Whatsapp:\u00a0<a href=\"tel:+18097206035\">+18097206035.<\/a><\/strong><br \/>\nn<br \/>\nn<\/div>\n<p>n\n<\/p><\/div>\n<p>n\n<\/p><\/div>\n<p>n\n<\/p><\/div>\n<p>n\n<\/p><\/div>\n<p>n\n<\/p><\/div>\n<p>n<\/p>\n\n\t\t<\/div>\n\t<\/div>\n<\/div><\/div><\/div><\/div><div class=\"vc_row wpb_row vc_row-fluid\" ><div class=\"wpb_column vc_column_container vc_col-sm-12\"><div class=\"vc_column-inner\"><div class=\"wpb_wrapper\"><div class=\"vc_btn3-container vc_btn3-inline\" ><button class=\"vc_general vc_btn3 vc_btn3-size-md vc_btn3-shape-rounded vc_btn3-style-modern vc_btn3-color-green\">BESTILL N\u00c5<\/button><\/div><\/div><\/div><\/div><\/div>","protected":false},"excerpt":{"rendered":"<p>From the Punta Cana hotels, we&#8217;ll enjoy the beautiful landscapes of the Oriental Mountain Range as we drive north of Punta Cana before arriving in the small fishing village of Miches at the southern shores of Samana Bay. There you will enjoy a quick breakfast prior to boarding the boat to Samana. We&#8217;ll cruise deep into the bay to whale watch. We will first reach Cayo Levantado, also known as Bacardi Island because of its close resemblance to the beaches [&hellip;]<\/p>\n","protected":false},"author":2,"featured_media":0,"parent":0,"menu_order":0,"comment_status":"open","ping_status":"closed","template":"","meta":{"footnotes":""},"class_list":["post-15774","page","type-page","status-publish","hentry"],"_links":{"self":[{"href":"https:\/\/www.boattoursamana.com\/nb\/wp-json\/wp\/v2\/pages\/15774","targetHints":{"allow":["GET"]}}],"collection":[{"href":"https:\/\/www.boattoursamana.com\/nb\/wp-json\/wp\/v2\/pages"}],"about":[{"href":"https:\/\/www.boattoursamana.com\/nb\/wp-json\/wp\/v2\/types\/page"}],"author":[{"embeddable":true,"href":"https:\/\/www.boattoursamana.com\/nb\/wp-json\/wp\/v2\/users\/2"}],"replies":[{"embeddable":true,"href":"https:\/\/www.boattoursamana.com\/nb\/wp-json\/wp\/v2\/comments?post=15774"}],"version-history":[{"count":0,"href":"https:\/\/www.boattoursamana.com\/nb\/wp-json\/wp\/v2\/pages\/15774\/revisions"}],"wp:attachment":[{"href":"https:\/\/www.boattoursamana.com\/nb\/wp-json\/wp\/v2\/media?parent=15774"}],"curies":[{"name":"wp","href":"https:\/\/api.w.org\/{rel}","templated":true}]}}