{"id":15778,"date":"2023-07-15T07:43:40","date_gmt":"2023-07-15T07:43:40","guid":{"rendered":"https:\/\/www.ticketswhales.com\/punta-cana-samana-whale-watching-cayo-levantado-bacardi-island-limon-waterfalls\/"},"modified":"2023-07-15T07:43:40","modified_gmt":"2023-07-15T07:43:40","slug":"punta-cana-samana-whale-watching-cayo-levantado-bacardi-island-limon-waterfalls","status":"publish","type":"page","link":"https:\/\/www.boattoursamana.com\/nb\/punta-cana-samana-hvalsafari-cayo-levantado-bacardi-oya-limon-fossefall","title":{"rendered":"Punta Cana: Saman\u00e1 Whale Watching + Cayo Levantado (Bacardi Island) + Lim\u00f3n-fossene"},"content":{"rendered":"<p>Fra Punta Cana-hotellene vil vi nyte det vakre landskapet i den orientalske fjellkjeden mens vi kj\u00f8rer nord for Punta Cana f\u00f8r vi ankommer den lille fiskerlandsbyen Miches ved den s\u00f8rlige bredden av Samana Bay. Der vil du nyte en rask frokost f\u00f8r du g\u00e5r ombord p\u00e5 b\u00e5ten til Samana. Vi cruiser dypt inn i bukten for \u00e5 se hval. Vi vil f\u00f8rst n\u00e5 Cayo Levantado, ogs\u00e5 kjent som Bacardi Island p\u00e5 grunn av dens n\u00e6re likhet med strendene Bacardi Rum en gang brukte for sine ber\u00f8mte reklamefilmer. Cayo Levantado er intet mindre enn en tropisk oase \u2013 en liten \u00f8y midt i havet med turkist vann og hvit sand. Etter dette en safari i Samana-samfunnet til fossene. I fossene gj\u00f8r el Limon seg klar for ridning eller fotturer. Dette er et unikt komplett eventyr.<br \/>\nn<br \/>\nn<span style=\"vertical-align: inherit;\"><span style=\"vertical-align: inherit;\">Este tour ha incluido la parada en la <\/span><\/span><strong><span style=\"vertical-align: inherit;\"><span style=\"vertical-align: inherit;\">Cascada de Lim\u00f3n<\/span><\/span><\/strong><span style=\"vertical-align: inherit;\"><span style=\"vertical-align: inherit;\"> . <\/span><span style=\"vertical-align: inherit;\">Para reserve el mismo viaje y no ir a las cascadas por favor <\/span><\/span><a href=\"https:\/\/www.boattoursamana.com\/nb\/Tours-Excursions\/tours-excursions-samana-bay-dominican-republic\/whale-watching-2020-in-punta-cana-to-samana-bay-cayo-levantado-bacardi-island-from-hotels\/\"><span style=\"vertical-align: inherit;\"><span style=\"vertical-align: inherit;\">HAGA CLIC AQU\u00cd.<\/span><\/span><\/a><br \/>\nn<br \/>\nn&nbsp;<br \/>\nn<br \/>\nn<em><strong><span style=\"vertical-align: inherit;\"><span style=\"vertical-align: inherit;\">Velg utflukt:<\/span><\/span><\/strong><\/em><\/p>\n<p>&nbsp;<\/p>\n<div class=\"wpb_column vc_column_container vc_col-sm-12\"><div class=\"vc_column-inner\"><div class=\"wpb_wrapper\"><div class=\"vc_btn3-container vc_btn3-inline\" ><button class=\"vc_general vc_btn3 vc_btn3-size-md vc_btn3-shape-rounded vc_btn3-style-modern vc_btn3-color-green\">BESTILL N\u00c5<\/button><\/div>\n\t<div class=\"wpb_text_column wpb_content_element\" >\n\t\t<div class=\"wpb_wrapper\">\n\t\t\t<p>\nn<\/p>\n<div class=\"vc_row wpb_row vc_row-fluid\">\nn<\/p>\n<div class=\"wpb_column vc_column_container vc_col-sm-12\">\nn<\/p>\n<div class=\"vc_column-inner\">\nn<\/p>\n<div class=\"wpb_wrapper\">\nn<\/p>\n<div class=\"mkdf-section-title-holder\">\nn<\/p>\n<div class=\"mkdf-st-inner\">\nn<\/p>\n<h5 class=\"mkdf-st-subtitle\">Cayo Levantado (Bacardi Island) + Limon-fossene fra Punta Cana Hotels.<\/h5>\n<p>n<\/p>\n<h3 class=\"mkdf-st-title\">Hvalsafari 2023 i Punta Cana til Samana Bay<\/h3>\n<p>n\n<\/p><\/div>\n<p>n\n<\/p><\/div>\n<p>n\n<\/p><\/div>\n<p>n\n<\/p><\/div>\n<p>n\n<\/p><\/div>\n<p>n\n<\/p><\/div>\n<p>n<\/p>\n<div class=\"vc_row wpb_row vc_row-fluid\"><\/div>\n<p>n<\/p>\n<div class=\"wpb_column vc_column_container vc_col-sm-12\">\nn<\/p>\n<div class=\"vc_column-inner\">\nn<\/p>\n<div class=\"wpb_wrapper\"><\/div>\n<p>n\n<\/p><\/div>\n<p>n\n<\/p><\/div>\n<p>n<\/p>\n<div class=\"wpb_text_column wpb_content_element\">\nn<\/p>\n<div class=\"wpb_wrapper\"><\/div>\n<p>n\n<\/p><\/div>\n<p>n<\/p>\n<div class=\"vc_row wpb_row vc_row-fluid\">\nn<\/p>\n<div class=\"wpb_column vc_column_container vc_col-sm-12\">\nn<\/p>\n<div class=\"vc_column-inner\">\nn<\/p>\n<div class=\"wpb_wrapper\">\nn<\/p>\n<div class=\"wpb_text_column wpb_content_element\">\nn<\/p>\n<div class=\"wpb_wrapper\">\nn<\/p>\n<div class=\"vc_row wpb_row vc_row-fluid\">\nn<\/p>\n<div class=\"wpb_column vc_column_container vc_col-sm-12\">\nn<\/p>\n<div class=\"vc_column-inner\">\nn<\/p>\n<div class=\"wpb_wrapper\">\nn<\/p>\n<div class=\"wpb_text_column wpb_content_element\">\nn<\/p>\n<div class=\"wpb_wrapper\">\nn<\/p>\n<h4><b><i>Oversikt <\/i><\/b><\/h4>\n<p>nHval Punta Cana, hvalsafari i Saman\u00e1 Bay og bes\u00f8k Cayo Levantado pluss Safari til El limon-fossene under denne heldagsutflukten fra Punta Cana-hoteller. Reis til Saman\u00e1-bukten ombord p\u00e5 en komfortabel buss med klimaanlegg, og overf\u00f8r deretter til en b\u00e5tkatamaran ved Miches. Cruise ut i det \u00e5pne vannet for \u00e5 se etter belg av kn\u00f8lhval som bes\u00f8ker for \u00e5 avle og ha kalvene sine i omr\u00e5det. L\u00e6r om oppf\u00f8rselen og biologien til disse sj\u00f8pattedyrene fra din ekspertguide for naturforskere. Fortsett til Cayo Levantado \/ Bacardi Island, for lunsj p\u00e5 stranden og en dukkert i det asurbl\u00e5 vannet etter denne Safari-turen til el Limon-fossene med hester som rir ved kokosskogen f\u00f8r du returnerer til Punta Cana.<br \/>\nn<br \/>\nn&nbsp;<br \/>\nn<br \/>\nn<strong>Merk:<\/strong>\u00a0Denne turen er ikke privat. Denne turen har inkludert stopp kl\u00a0<strong>Limon-fossen<\/strong>. For \u00e5 bestille samme tur og ikke g\u00e5 til fossefallene takk\u00a0<a href=\"https:\/\/www.boattoursamana.com\/nb\/Tours-Excursions\/tours-excursions-samana-bay-dominican-republic\/whale-watching-2020-in-punta-cana-to-samana-bay-cayo-levantado-bacardi-island-from-hotels\/\" data-mil=\"9912\">KLIKK HER.<\/a><br \/>\nn<\/p>\n<ul>\nn \t<\/p>\n<li>Hvalsafari tur<\/li>\n<p>n \t<\/p>\n<li>Bacardi Island \/ Cayo Levantado<\/li>\n<p>n \t<\/p>\n<li>Inngangsavgifter til observatoriet<\/li>\n<p>n \t<\/p>\n<li>Samana Safari<\/li>\n<p>n \t<\/p>\n<li>El Limon Fosser Ridning<\/li>\n<p>n \t<\/p>\n<li>Inkluderer lunsjbuff\u00e9 p\u00e5 stranden<\/li>\n<p>n \t<\/p>\n<li>B\u00e5toverf\u00f8ring<\/li>\n<p>n \t<\/p>\n<li>Kapteinen gir instruksjon og tilsyn<\/li>\n<p>n \t<\/p>\n<li>Tur guide<\/li>\n<p>n<\/ul>\n<p>n&nbsp;<br \/>\nn<\/p>\n<h4><b>Inkluderinger og ekskluderinger<\/b><\/h4>\n<p>n&nbsp;<br \/>\nn<br \/>\nn<b>Inkluderinger<\/b><br \/>\nn<br \/>\nn&nbsp;<br \/>\nn<\/p>\n<ol>\nn \t<\/p>\n<li>Buffet lunsj p\u00e5 stranden<\/li>\n<p>n \t<\/p>\n<li>Overf\u00f8ring fra hotell<\/li>\n<p>n \t<\/p>\n<li>Tur guide<\/li>\n<p>n \t<\/p>\n<li>Katamaran eller b\u00e5ttur<\/li>\n<p>n \t<\/p>\n<li>Alle skatter, avgifter og h\u00e5ndteringskostnader<\/li>\n<p>n \t<\/p>\n<li>Lokale skatter<\/li>\n<p>n \t<\/p>\n<li>Drikkevarer<\/li>\n<p>n<\/ol>\n<p>n<b>Ekskluderinger<\/b><br \/>\nn<\/p>\n<ol>\nn \t<\/p>\n<li>Drikkepenger<\/li>\n<p>n<\/ol>\n<p>n&nbsp;<br \/>\nn<\/p>\n<h4><em><strong>Avreise og retur<\/strong><\/em><\/h4>\n<p>nHotellhenting tilbys for denne turen. I Notes Bare skriv navnet p\u00e5 hotellet for \u00e5 hente deg. Vi henter i alle Punta Cana-hoteller.<br \/>\nn<br \/>\nn&nbsp;<br \/>\nn<\/p>\n<h3>Samana Whale Watching + Cayo Levantado (Bacardi Island) + Limon-fossefall fra Punta Cana Hotels.<\/h3>\n<p>n<\/p>\n<h4><b><i>Hva \u00e5 forvente?<\/i><\/b><\/h4>\n<p>nKom p\u00e5 n\u00e6rt hold av den dominikanske republikkens milde havgiganter under denne 12-timers kn\u00f8lhvalsafari-utflukten p\u00e5 S\u00e1mana Bay. Tilbring en uforglemmelig dag med \u00e5 observere de tusenvis av hvaler som str\u00f8mmer til \u00f8ya hvert \u00e5r for \u00e5 parre seg, mate og leke i det varme tropiske vannet. N\u00e5r du observerer disse vakre skapningene, vil du nyte unik innsikt fra din ekspertguide for hvalsafari. Avslutt dagen med en inkludert lunsj og strandtid p\u00e5 vakre Cayo Levantado Island. Hotelltransport tur-retur er ogs\u00e5 inkludert.<br \/>\nn<br \/>\nnFra kl. 09.00 til kl. 12.00 Hvalsafari-observatoriet og etter denne hvalturen bes\u00f8ker vi Bacardi Island \/ Cayo Levantado. P\u00e5 Bacardi Island vil det bli servert lunsjbuff\u00e9 fra typisk dominikansk stil (ris, b\u00f8nner, fisk, salater ...). N\u00e5r lunsjen er ferdig har du lov til \u00e5 sv\u00f8mme og gj\u00f8re deg klar til \u00e5 g\u00e5 til El limon-fossene til 16:30. Turen vil v\u00e6re ferdig kl. 17.00 i samme havn hvorfra den vil starte ombord p\u00e5 katamaranen og bussen v\u00e5r tilbake til Punta Cana Hotels.<br \/>\nn<br \/>\nn<strong>Rutetabell:<\/strong><br \/>\nn<br \/>\nn6:00 \u2013 7:00 Henting av kunder fra de forskjellige hotellene<br \/>\nn07:00 Avgang til Las Canitas i Sabana de la mar<br \/>\nn08:15 Ankomst til den private kaien<br \/>\nn08:15 \u2013 8:40 frokosttid (sm\u00f8rbr\u00f8d, muffins, te, kaffe, juice)<br \/>\nn8:45 Ombordstigning for \u00e5 starte v\u00e5r reise til helligdommen for kn\u00f8lhvalene i Samana<br \/>\nn11:00 S\u00f8k etter hvalene i en 45-minutters periode- Dette er tidspunktet som f\u00f8lges av regjeringens regler.<br \/>\nn11:45 Dra til Cayo Levantado i Samana Bay<br \/>\nn12:30 Ankomst Cayo Levantado<br \/>\nn13:00 Lunsjtid (lunsjbuff\u00e9, typisk dominikansk)*<br \/>\nn13:45 \u2013 15:30 Fritid i Cayo Levantado<br \/>\nn15:00 \u2013 15:45 Om bord igjen retning tilbake til Miches<br \/>\nn17:00 Ankomst Miches og avreise til hotellene i Punta Cana<br \/>\nn19:30 \u2013 20:00 Ankomst til hotell i Punta Cana<br \/>\nn<br \/>\nn<strong>*Lunsjmeny (typisk dominikansk)<br \/>\nn<\/strong>Ris, grillet kylling eller grillet fisk, salat, gr\u00f8nnsaker, frisk frukt.<br \/>\nn<br \/>\nn<strong>*Kunder som velger \u00e5 legge til stoppet ved fossen El Limon etter hvalsafari vil flytte til fosseannonsen, vil ha mindre tid \u00e5 tilbringe i Cayo Levantado.<\/strong><br \/>\nn<br \/>\nnDenne turen har inkludert stopp kl\u00a0<strong>Limon-fossen<\/strong>. For \u00e5 bestille samme tur og ikke g\u00e5 til fossefallene takk\u00a0<a href=\"https:\/\/www.boattoursamana.com\/nb\/Tours-Excursions\/tours-excursions-samana-bay-dominican-republic\/whale-watching-2020-in-punta-cana-to-samana-bay-cayo-levantado-bacardi-island-from-hotels\/\" data-mil=\"9912\">KLIKK HER.<\/a><br \/>\nn<br \/>\nn&nbsp;<br \/>\nn<\/p>\n<h4><em><strong>Hva b\u00f8r du ta med?<\/strong><\/em><\/h4>\n<p>n<\/p>\n<ul>\nn \t<\/p>\n<li>Kamera<\/li>\n<p>n \t<\/p>\n<li>Avvisende knopper<\/li>\n<p>n \t<\/p>\n<li>solkrem<\/li>\n<p>n \t<\/p>\n<li>Hatt<\/li>\n<p>n \t<\/p>\n<li>Komfortable bukser<\/li>\n<p>n \t<\/p>\n<li>Sandaler til stranden<\/li>\n<p>n \t<\/p>\n<li>Badet\u00f8y<\/li>\n<p>n \t<\/p>\n<li>Penger for suvenirer og tips<\/li>\n<p>n<\/ul>\n<p>n&nbsp;<br \/>\nn<\/p>\n<h4><b><i>Hotellhenting<\/i><\/b><\/h4>\n<p>nHotellhenting tilbys for denne turen. I Notes Bare skriv navnet p\u00e5 hotellet for \u00e5 hente deg. Vi henter i alle Punta Cana-hoteller.<br \/>\nn<br \/>\nn&nbsp;<br \/>\nn<br \/>\nn<b>Merk:<\/b>\u00a0hvis du bestiller innen 24 timer etter turens\/utfluktens avgangstid, kan vi ordne hotellhenting med ekstra kostnader. N\u00e5r kj\u00f8pet er fullf\u00f8rt, vil vi sende deg fullstendig kontaktinformasjon (telefonnummer, e-postadresse osv.) slik at v\u00e5r lokale turguide kan organisere hentingsordninger.<br \/>\nn<\/p>\n<h4><b><i>Bekreftelse av tilleggsinformasjon<\/i><\/b><\/h4>\n<p>n<\/p>\n<ol>\nn \t<\/p>\n<li>Billetter er kvitteringen etter \u00e5 ha betalt denne turen. Du kan vise betalingen p\u00e5 telefonen.<\/li>\n<p>n \t<\/p>\n<li>M\u00f8tepunkt vil bli mottatt etter reservasjonsprosessen.<\/li>\n<p>n \t<\/p>\n<li>Barn m\u00e5 v\u00e6re i f\u00f8lge med en voksen.<\/li>\n<p>n \t<\/p>\n<li>tilgjengelig for rullestol<\/li>\n<p>n \t<\/p>\n<li>Spedbarn m\u00e5 sitte p\u00e5 fanget<\/li>\n<p>n \t<\/p>\n<li>De fleste reisende kan delta<\/li>\n<p>n<\/ol>\n<p>n<\/p>\n<h4><b><i>Avbestillingsregler<\/i><\/b><\/h4>\n<p>nFor full refusjon, avbestill minst 7 dager f\u00f8r startdatoen for opplevelsen.<a href=\"https:\/\/www.boattoursamana.com\/nb\/online-booking\/\"> Klikk her<\/a> for \u00e5 se retningslinjer.<br \/>\nn<br \/>\nn<\/div>\n<p>n\n<\/p><\/div>\n<p>n\n<\/p><\/div>\n<p>n\n<\/p><\/div>\n<p>n\n<\/p><\/div>\n<p>n\n<\/p><\/div>\n<p>n\n<\/p><\/div>\n<p>n\n<\/p><\/div>\n<p>n\n<\/p><\/div>\n<p>n\n<\/p><\/div>\n<p>n\n<\/p><\/div>\n<p>n\n<\/p><\/div>\n<p>n<\/p>\n<div class=\"vc_row wpb_row vc_row-fluid\">\nn<\/p>\n<div class=\"wpb_column vc_column_container vc_col-sm-12\">\nn<\/p>\n<div class=\"vc_column-inner\">\nn<\/p>\n<div class=\"wpb_wrapper\">\nn<\/p>\n<div class=\"vc_empty_space\"><\/div>\n<p>n<\/p>\n<div class=\"wpb_text_column wpb_content_element\">\nn<\/p>\n<div class=\"wpb_wrapper\">\nn<\/p>\n<h4>Kontakt oss?<\/h4>\n<p>n<\/p>\n<h5><b><i>TUR HVALER SAMANA<\/i><\/b><\/h5>\n<p>n<em><strong>Lokalbefolkningen<\/strong>\u00a0og\u00a0<strong>Nationals<\/strong>\u00a0Turguider og gjestetjenester<\/em><br \/>\nn<br \/>\nn<span class=\"text-turquoise\">Reservasjoner:<\/span>\u00a0\u00a0Tours y Excursiones en Dom. Reps.<br \/>\nn<br \/>\nn Tlf \/ Whatsapp\u00a0\u00a0\u00a0<a href=\"tel:+1-809-720-6035\">+ 1-809-720-6035<\/a>\u00a0.<br \/>\nn<br \/>\nn \u00a0<a href=\"mailto:info@bookingadventures.com.do\">info@bookingadventures.com.do<\/a><br \/>\nn<br \/>\nn<strong>Somos tours private configuraci\u00f3n fleksibel fra Whatsapp:\u00a0\u00a0<a href=\"tel:+18097206035\">+18097206035.<\/a><\/strong><br \/>\nn<br \/>\nn<\/div>\n<p>n\n<\/p><\/div>\n<p>n\n<\/p><\/div>\n<p>n\n<\/p><\/div>\n<p>n\n<\/p><\/div>\n<p>n\n<\/p><\/div>\n<p>n<\/p>\n\n\t\t<\/div>\n\t<\/div>\n<\/div><\/div><\/div><div class=\"vc_row wpb_row vc_row-fluid\" ><div class=\"wpb_column vc_column_container vc_col-sm-12\"><div class=\"vc_column-inner\"><div class=\"wpb_wrapper\"><div class=\"vc_btn3-container vc_btn3-inline\" ><button class=\"vc_general vc_btn3 vc_btn3-size-md vc_btn3-shape-rounded vc_btn3-style-modern vc_btn3-color-green\">BESTILL N\u00c5<\/button><\/div><\/div><\/div><\/div><\/div>","protected":false},"excerpt":{"rendered":"<p>From the Punta Cana hotels, we&#8217;ll enjoy the beautiful landscapes of the Oriental Mountain Range as we drive north of Punta Cana before arriving in the small fishing village of Miches at the southern shores of Samana Bay. There you will enjoy a quick breakfast prior to boarding the boat to Samana. We&#8217;ll cruise deep into the bay to whale watch. We will first reach Cayo Levantado, also known as Bacardi Island because of its close resemblance to the beaches [&hellip;]<\/p>\n","protected":false},"author":2,"featured_media":0,"parent":0,"menu_order":0,"comment_status":"open","ping_status":"closed","template":"","meta":{"footnotes":""},"class_list":["post-15778","page","type-page","status-publish","hentry"],"_links":{"self":[{"href":"https:\/\/www.boattoursamana.com\/nb\/wp-json\/wp\/v2\/pages\/15778","targetHints":{"allow":["GET"]}}],"collection":[{"href":"https:\/\/www.boattoursamana.com\/nb\/wp-json\/wp\/v2\/pages"}],"about":[{"href":"https:\/\/www.boattoursamana.com\/nb\/wp-json\/wp\/v2\/types\/page"}],"author":[{"embeddable":true,"href":"https:\/\/www.boattoursamana.com\/nb\/wp-json\/wp\/v2\/users\/2"}],"replies":[{"embeddable":true,"href":"https:\/\/www.boattoursamana.com\/nb\/wp-json\/wp\/v2\/comments?post=15778"}],"version-history":[{"count":0,"href":"https:\/\/www.boattoursamana.com\/nb\/wp-json\/wp\/v2\/pages\/15778\/revisions"}],"wp:attachment":[{"href":"https:\/\/www.boattoursamana.com\/nb\/wp-json\/wp\/v2\/media?parent=15778"}],"curies":[{"name":"wp","href":"https:\/\/api.w.org\/{rel}","templated":true}]}}