{"id":15817,"date":"2023-07-15T07:44:18","date_gmt":"2023-07-15T07:44:18","guid":{"rendered":"https:\/\/www.ticketswhales.com\/los-haitises-national-park-and-cayo-levantado-from-sabana-de-la-mar\/"},"modified":"2023-07-15T07:44:18","modified_gmt":"2023-07-15T07:44:18","slug":"los-haitises-national-park-and-cayo-levantado-from-sabana-de-la-mar","status":"publish","type":"page","link":"https:\/\/www.boattoursamana.com\/nb\/los-haitises-nasjonalpark-og-cayo-levantado-fra-sabana-de-la-mar","title":{"rendered":"Los Haitises nasjonalpark og Cayo Levantado Fra Sabana de la Mar"},"content":{"rendered":"<p><span style=\"vertical-align: inherit;\"><span style=\"vertical-align: inherit;\">Parque Nacional Los Haitises Desde Sabana de la mar m\u00e1s Almuerzo en Isla Bacard\u00ed. <\/span><span style=\"vertical-align: inherit;\">Ven con nosotros y visita el parque nacional m\u00e1s hermoso de la Rep\u00fablica Dominicana, visitando manglares, cuevas y la bah\u00eda de San Lorenzo, adem\u00e1s de cruzar la hermosa bah\u00eda de Saman\u00e1. <\/span><span style=\"vertical-align: inherit;\">Para visitar la isla Bacard\u00ed, almuerce en la playa y nade en una de las playas m\u00e1s bonitas de la bah\u00eda de Saman\u00e1. <\/span><span style=\"vertical-align: inherit;\">Despu\u00e9s de este<\/span><\/span><br \/>\nn<br \/>\nn<span style=\"vertical-align: inherit;\"><span style=\"vertical-align: inherit;\">Despu\u00e9s de esta experiencia, regresar\u00e1 al puerto de Sabana de la mar.<\/span><\/span><br \/>\nn<br \/>\nn&nbsp;<br \/>\nn<br \/>\nn<strong><span style=\"vertical-align: inherit;\"><span style=\"vertical-align: inherit;\">Velge la fecha para el Tour:<\/span><\/span><\/strong><\/p>\n<p>&nbsp;<\/p>\n<div class=\"vc_row wpb_row vc_row-fluid\" ><div class=\"wpb_column vc_column_container vc_col-sm-12\"><div class=\"vc_column-inner\"><div class=\"wpb_wrapper\"><div class=\"vc_btn3-container vc_btn3-inline\" ><button class=\"vc_general vc_btn3 vc_btn3-size-md vc_btn3-shape-rounded vc_btn3-style-modern vc_btn3-color-green\">BESTILL N\u00c5<\/button><\/div>\n\t<div class=\"wpb_text_column wpb_content_element\" >\n\t\t<div class=\"wpb_wrapper\">\n\t\t\t<p>Los Haitises nasjonalpark og Cayo Levantado Fra Sabana de la Mar<\/p>\n\n\t\t<\/div>\n\t<\/div>\n<\/div><\/div><\/div><\/div><div class=\"vc_row wpb_row vc_row-fluid\" ><div class=\"wpb_column vc_column_container vc_col-sm-12\"><div class=\"vc_column-inner\"><div class=\"wpb_wrapper\">\n\t<div class=\"wpb_text_column wpb_content_element\" >\n\t\t<div class=\"wpb_wrapper\">\n\t\t\t<p>\nn<\/p>\n<h4><\/h4>\n<p>n<\/p>\n<h2>Los Haitises nasjonalpark og Cayo Levantado Fra Sabana de la Mar<\/h2>\n<p>n<\/p>\n<h4><b><i>Oversikt <\/i><\/b><\/h4>\n<p>nPick up in Your Hotel at Sabana de La Mar on comfortable transfer to Los Haitises National Park\u00a0 From Punta Cana plus Lunch at Bacardi Island.\u00a0 Come with us and visit the most beautiful national park of the Dominican Republic, Visiting Mangroves, Caves and San Lorenzo Bay plus crossing the gorgeous Saman\u00e1 bay. To Visit Bacardi island, have lunch at the beach and Swimming in one of the most pretty beaches in Saman\u00e1 Bay. After this<br \/>\nn<br \/>\nnAfter this experience, you will get Back to Sabana de la mar.<br \/>\nn<\/p>\n<ul>\nn \t<\/p>\n<li style=\"font-weight: 400;\">Avgifter inkludert<\/li>\n<p>n \t<\/p>\n<li>Lunsj p\u00e5 \u00f8ya Bacardi inkludert<\/li>\n<p>n \t<\/p>\n<li style=\"font-weight: 400;\"><span style=\"font-weight: 400;\">Veilederen gir instruksjon og veiledning<\/span><\/li>\n<p>n<\/ul>\n<p>n&nbsp;<br \/>\nn<\/p>\n<h4><b>Inkluderinger og ekskluderinger<\/b><\/h4>\n<p>n<b>Inkluderinger<\/b><br \/>\nn<\/p>\n<ol>\nn \t<\/p>\n<li style=\"font-weight: 400;\">Los Haitises-tur + grotter og piktografer<\/li>\n<p>n \t<\/p>\n<li>B\u00e5ttur<\/li>\n<p>n \t<\/p>\n<li>Lunsj p\u00e5 Cayo Levantado (Bacardi Island) hvis du vil like en lignende tur: Los Haitises + Ca\u00f1o Hondo<\/li>\n<p>n \t<\/p>\n<li style=\"font-weight: 400;\"><span style=\"font-weight: 400;\">Alle skatter, avgifter og h\u00e5ndteringskostnader<\/span><\/li>\n<p>n \t<\/p>\n<li style=\"font-weight: 400;\"><span style=\"font-weight: 400;\">Lokale skatter<\/span><\/li>\n<p>n \t<\/p>\n<li style=\"font-weight: 400;\"><span style=\"font-weight: 400;\">Drikkevarer<\/span><\/li>\n<p>n \t<\/p>\n<li style=\"font-weight: 400;\"><span style=\"font-weight: 400;\">Alle aktiviteter<\/span><\/li>\n<p>n \t<\/p>\n<li style=\"font-weight: 400;\"><span style=\"font-weight: 400;\">Lokal guide<\/span><\/li>\n<p>n<\/ol>\n<p>n<b> Ekskluderinger<\/b><br \/>\nn<\/p>\n<ol>\nn \t<\/p>\n<li style=\"font-weight: 400;\"><span style=\"font-weight: 400;\">Drikkepenger<\/span><\/li>\n<p>n \t<\/p>\n<li style=\"font-weight: 400;\"><span style=\"font-weight: 400;\">Alkoholholdige drinker<\/span><\/li>\n<p>n<\/ol>\n<p>n&nbsp;<br \/>\nn<\/p>\n<h4><em><strong>Avreise og retur<\/strong><\/em><\/h4>\n<p>n<span style=\"font-weight: 400;\">Den reisende vil f\u00e5 et m\u00f8tepunkt etter reservasjonsprosessen. Turer starter og slutter i m\u00f8testedene v\u00e5re.<\/span><br \/>\nn<br \/>\nn&nbsp;<br \/>\nn<\/p>\n<h2>Los Haitises nasjonalpark og Cayo Levantado Fra Sabana de la Mar<\/h2>\n<p>n<\/p>\n<h4><b><i>Hva \u00e5 forvente?<\/i><\/b><\/h4>\n<p>n<b><i>V<\/i><\/b>siting<strong> Los Haitises nasjonalpark<\/strong> med en herlig lunsj kl<strong> Cayo Levantado-\u00f8ya<\/strong> og bading p\u00e5 stranden. Starter <strong>fra Sabana de la mar-omr\u00e5dene<\/strong> \u00e5 ta en b\u00e5t med en lokal turguide som bes\u00f8ker Samana-bukten og en av de vakreste nasjonalparkene i Den dominikanske republikk. <em><strong>Haitis nasjonalpark<\/strong><\/em>.<br \/>\nn<br \/>\nnThe tour, organized by &#8220;Booking Adventures&#8221; starts at hotels in Punta Cana with transportation. Come with Booking Adventures and start checking some bird-filled mangroves, rolling hills of lush vegetation and caves of <em><strong>Los Haitises nasjonalpark<\/strong><\/em>. Bes\u00f8ker \u00f8ya med fugler rundt. I hekkesesongen kan vi til og med se Pelecanos-ungene p\u00e5 reirene. Bli mer inne p\u00e5 Rocky Islands og bes\u00f8k hulene med piktogrammer og petrografier fra urbefolkningen.<br \/>\nn<br \/>\nnGjennom mangrovene og land ved den \u00e5pne San Lorenzo-bukten, hvorfra du kan fotografere det forrevne skoglandskapet. Se til vannet for \u00e5 f\u00e5 \u00f8ye p\u00e5 <em><strong>Manater<\/strong><\/em>, krepsdyr og <em><strong>delfiner.<\/strong><\/em><br \/>\nn<\/p>\n<h2><strong>Grotter i Los Haitises nasjonalpark<\/strong><\/h2>\n<p>n<\/p>\n<div class=\"body-description secondary\">\nn<br \/>\nnThe national park\u2019s name comes from its original inhabitants, the Taino Indians. In their language \u201cHaitises\u201d translates to highlands or Hills, a reference to the coastline\u2019s steep geological formations with Limestones. Adventure deeper into the park to explore caves such as the <em><strong>Cueva de la Arena<\/strong><\/em> og <strong><em>Cueva de la Linea.<\/em><\/strong><br \/>\nn<br \/>\nnCaves in the reserve were used as shelter by the Taino Indians and, later, by hiding pirates. Look for drawings by Indians that decorate some of the walls. After visiting Los Haitises National Park we will go back to Saman\u00e1 port passing Saman\u00e1 bay 30 min and visiting Bacardi island. We will have a typical lunch on the island. If you are vegan no worries we also have food for you!<br \/>\nn<br \/>\nnAfter swimming full afternoon and chilling on the beach our tour guide will set time to go back to Sabana de la mar port.<br \/>\nn<br \/>\nn<\/div>\n<p>nHvis du vil like denne turen lengre eller kortere, har vi disse alternativene:<br \/>\nn<\/p>\n<ol>\nn \t<\/p>\n<li>Bare Los Haitises fra Saman\u00e1 Port.<\/li>\n<p>n \t<\/p>\n<li>Los Haitises + Ca\u00f1o Hondo fra Saman\u00e1 havn.<\/li>\n<p>n<\/ol>\n<p>n&nbsp;<br \/>\nn<\/p>\n<h4><em><strong>Hva b\u00f8r du ta med?<\/strong><\/em><\/h4>\n<p>n<\/p>\n<ul>\nn \t<\/p>\n<li style=\"font-weight: 400;\"><span style=\"font-weight: 400;\">Kamera<\/span><\/li>\n<p>n \t<\/p>\n<li style=\"font-weight: 400;\"><span style=\"font-weight: 400;\">Avvisende knopper<\/span><\/li>\n<p>n \t<\/p>\n<li style=\"font-weight: 400;\"><span style=\"font-weight: 400;\">Solkrem<\/span><\/li>\n<p>n \t<\/p>\n<li style=\"font-weight: 400;\"><span style=\"font-weight: 400;\">Hatt<\/span><\/li>\n<p>n \t<\/p>\n<li style=\"font-weight: 400;\"><span style=\"font-weight: 400;\">Komfortable bukser<\/span><\/li>\n<p>n \t<\/p>\n<li style=\"font-weight: 400;\"><span style=\"font-weight: 400;\">Tursko for skog<\/span><\/li>\n<p>n \t<\/p>\n<li style=\"font-weight: 400;\"><span style=\"font-weight: 400;\">Sandaler til v\u00e5romr\u00e5dene.<\/span><\/li>\n<p>n \t<\/p>\n<li style=\"font-weight: 400;\"><span style=\"font-weight: 400;\">Badet\u00f8y<\/span><\/li>\n<p>n<\/ul>\n<p>n&nbsp;<br \/>\nn<\/p>\n<h4><b><i>Hotellhenting <\/i><\/b><\/h4>\n<p>n<span style=\"font-weight: 400;\">Hotellhenting tilbys ikke for denne turen. <\/span><br \/>\nn<br \/>\nn&nbsp;<br \/>\nn<br \/>\nn<b>Merk:<\/b><span style=\"font-weight: 400;\"> hvis du bestiller innen 24 timer etter turens\/utfluktens avgangstid, kan vi ordne hotellhenting med ekstra kostnader. N\u00e5r kj\u00f8pet er fullf\u00f8rt, vil vi sende deg fullstendig kontaktinformasjon (telefonnummer, e-postadresse osv.) slik at v\u00e5r lokale turguide kan organisere hentingsordninger.<\/span><br \/>\nn<\/p>\n<h4><b><i>Bekreftelse av tilleggsinformasjon <\/i><\/b><\/h4>\n<p>n<\/p>\n<ol>\nn \t<\/p>\n<li>Billetter er kvitteringen etter \u00e5 ha betalt denne turen. Du kan vise betalingen p\u00e5 telefonen.<\/li>\n<p>n \t<\/p>\n<li style=\"font-weight: 400;\"><span style=\"font-weight: 400;\">M\u00f8tepunkt vil bli mottatt etter reservasjonsprosessen.<\/span><\/li>\n<p>n \t<\/p>\n<li style=\"font-weight: 400;\"><span style=\"font-weight: 400;\">Barn m\u00e5 v\u00e6re i f\u00f8lge med en voksen.<\/span><\/li>\n<p>n \t<\/p>\n<li style=\"font-weight: 400;\"><span style=\"font-weight: 400;\"> Ikke tilgjengelig for rullestolbrukere <\/span><\/li>\n<p>n \t<\/p>\n<li style=\"font-weight: 400;\"><span style=\"font-weight: 400;\">Spedbarn m\u00e5 sitte p\u00e5 fanget <\/span><\/li>\n<p>n \t<\/p>\n<li style=\"font-weight: 400;\"><span style=\"font-weight: 400;\">Anbefales ikke for reisende med ryggproblemer<\/span><\/li>\n<p>n \t<\/p>\n<li style=\"font-weight: 400;\"><span style=\"font-weight: 400;\">Anbefales ikke for gravide reisende <\/span><\/li>\n<p>n \t<\/p>\n<li style=\"font-weight: 400;\"><span style=\"font-weight: 400;\"> Ingen hjerteproblemer eller andre alvorlige medisinske tilstander <\/span><\/li>\n<p>n \t<\/p>\n<li style=\"font-weight: 400;\"><span style=\"font-weight: 400;\">De fleste reisende kan delta<\/span><\/li>\n<p>n<\/ol>\n<p>n<\/p>\n<h4><b><i>Avbestillingsregler<\/i><\/b><\/h4>\n<p>For full refusjon, vennligst les v\u00e5re avbestillingsregler\u00a0<a href=\"https:\/\/www.boattoursamana.com\/nb\/online-booking\/\" target=\"_blank\" rel=\"noopener\" data-saferedirecturl=\"https:\/\/www.google.com\/url?q=https:\/\/www.boattoursamana.com\/online-booking\/&amp;source=gmail&amp;ust=1672449202351000&amp;usg=AOvVaw1yAeVAPktmaVCqDujgUn90\">Klikk her<\/a>. Midler vil g\u00e5 tapt dersom reservasjonen kanselleres samme dag p\u00e5 reisen.<\/p>\n\n\t\t<\/div>\n\t<\/div>\n<div class=\"vc_btn3-container vc_btn3-inline\" ><button class=\"vc_general vc_btn3 vc_btn3-size-md vc_btn3-shape-rounded vc_btn3-style-modern vc_btn3-color-green\">BESTILL N\u00c5<\/button><\/div>\n\t<div class=\"wpb_video_widget wpb_content_element vc_clearfix   vc_video-aspect-ratio-169 vc_video-el-width-100 vc_video-align-left\" >\n\t\t<div class=\"wpb_wrapper\">\n\t\t\t<h2 class=\"wpb_heading wpb_video_heading\">Los Haitises nasjonalpark<\/h2>\n\t\t\t<div class=\"wpb_video_wrapper\"><iframe loading=\"lazy\" title=\"Los Haitises nasjonalpark Turer og utflukter\" width=\"1100\" height=\"619\" src=\"https:\/\/www.youtube.com\/embed\/vMI4Ou81cd4?feature=oembed\" frameborder=\"0\" allow=\"accelerometer; autoplay; clipboard-write; encrypted-media; gyroscope; picture-in-picture; web-share\" allowfullscreen><\/iframe><\/div>\n\t\t<\/div>\n\t<\/div>\n<\/div><\/div><\/div><\/div><div class=\"vc_row wpb_row vc_row-fluid\" ><\/div><div class=\"wpb_column vc_column_container vc_col-sm-12\"><div class=\"vc_column-inner\"><div class=\"wpb_wrapper\"><\/div><\/div><\/div><div class=\"vc_empty_space\"   style=\"height: 32px\"><span class=\"vc_empty_space_inner\"><\/span><\/div><div class=\"vc_empty_space\"   style=\"height: 32px\"><span class=\"vc_empty_space_inner\"><\/span><\/div><div class=\"vc_row wpb_row vc_row-fluid\" ><\/div><div class=\"wpb_column vc_column_container vc_col-sm-12\"><div class=\"vc_column-inner\"><div class=\"wpb_wrapper\"><\/div><\/div><\/div><div class=\"vc_empty_space\"   style=\"height: 32px\"><span class=\"vc_empty_space_inner\"><\/span><\/div><div class=\"vc_row wpb_row vc_row-fluid\" ><\/div><div class=\"wpb_column vc_column_container vc_col-sm-12\"><div class=\"vc_column-inner\"><div class=\"wpb_wrapper\"><\/div><\/div><\/div><div class=\"vc_row wpb_row vc_row-fluid\" ><div class=\"wpb_column vc_column_container vc_col-sm-12\"><div class=\"vc_column-inner\"><div class=\"wpb_wrapper\"><div class=\"vc_btn3-container vc_btn3-inline\" ><button class=\"vc_general vc_btn3 vc_btn3-size-md vc_btn3-shape-rounded vc_btn3-style-modern vc_btn3-color-green\">BESTILL N\u00c5<\/button><\/div><\/div><\/div><\/div><\/div>","protected":false},"excerpt":{"rendered":"<p>Parque Nacional Los Haitises Desde Sabana de la mar m\u00e1s Almuerzo en Isla Bacard\u00ed. Ven con nosotros y visita el parque nacional m\u00e1s hermoso de la Rep\u00fablica Dominicana, visitando manglares, cuevas y la bah\u00eda de San Lorenzo, adem\u00e1s de cruzar la hermosa bah\u00eda de Saman\u00e1. Para visitar la isla Bacard\u00ed, almuerce en la playa y nade en una de las playas m\u00e1s bonitas de la bah\u00eda de Saman\u00e1. Despu\u00e9s de este n nDespu\u00e9s de esta experiencia, regresar\u00e1 al puerto de [&hellip;]<\/p>\n","protected":false},"author":2,"featured_media":0,"parent":0,"menu_order":0,"comment_status":"open","ping_status":"closed","template":"","meta":{"footnotes":""},"class_list":["post-15817","page","type-page","status-publish","hentry"],"_links":{"self":[{"href":"https:\/\/www.boattoursamana.com\/nb\/wp-json\/wp\/v2\/pages\/15817","targetHints":{"allow":["GET"]}}],"collection":[{"href":"https:\/\/www.boattoursamana.com\/nb\/wp-json\/wp\/v2\/pages"}],"about":[{"href":"https:\/\/www.boattoursamana.com\/nb\/wp-json\/wp\/v2\/types\/page"}],"author":[{"embeddable":true,"href":"https:\/\/www.boattoursamana.com\/nb\/wp-json\/wp\/v2\/users\/2"}],"replies":[{"embeddable":true,"href":"https:\/\/www.boattoursamana.com\/nb\/wp-json\/wp\/v2\/comments?post=15817"}],"version-history":[{"count":0,"href":"https:\/\/www.boattoursamana.com\/nb\/wp-json\/wp\/v2\/pages\/15817\/revisions"}],"wp:attachment":[{"href":"https:\/\/www.boattoursamana.com\/nb\/wp-json\/wp\/v2\/media?parent=15817"}],"curies":[{"name":"wp","href":"https:\/\/api.w.org\/{rel}","templated":true}]}}