{"id":15878,"date":"2023-07-15T07:45:29","date_gmt":"2023-07-15T07:45:29","guid":{"rendered":"https:\/\/www.ticketswhales.com\/los-haitises-all-in-one-kayaking-hiking-boating-caving-swimming-natural-pool-lunch-from-las-terrenas\/"},"modified":"2023-07-15T07:45:29","modified_gmt":"2023-07-15T07:45:29","slug":"los-haitises-all-in-one-kayaking-hiking-boating-caving-swimming-natural-pool-lunch-from-las-terrenas","status":"publish","type":"page","link":"https:\/\/www.boattoursamana.com\/nb\/los-haitises-alt-i-ett-kajakkpadling-fotturer-batliv-grotting-svommebasseng-naturlig-basseng-lunsj-fra-las-terrenas","title":{"rendered":"Los Haitises alt i ett (kajakkpadling, fotturer, b\u00e5tliv, grotting, sv\u00f8mmebasseng og lunsj) fra Las Terrenas"},"content":{"rendered":"<p><span style=\"font-weight: 400;\">Unng\u00e5 byen for \u00e5 fordype deg mellom den historiske byen og fiskerbyen Sanchez og hovedstaden Los Haitises, Sabana de la Mar. Sanchez er kjent som et eksportsenter og for \u00e5 ha bygget et tog som kom fra La vega-provinsen p\u00e5 slutten av 1800. Bli med oss og nyt det ferske vannet i en av de uutforskede strendene i Los Haitises nasjonalpark, der San Lorenzo Bay ligger. Stedet er tilgjengelig med b\u00e5t, omgitt av regnskog og mangroveskog. Mens du navigerer fra Sanchez til Los Haitises vil du komme i kontakt med naturen og det uforglemmelige landskapet i denne parken. Denne turen vil v\u00e6re en blanding av kajakkpadling, b\u00e5tliv, bes\u00f8k av en hule og sv\u00f8mming i en av de viktigste nasjonalparkene i landet, her er st\u00f8rstedelen av biologisk mangfold p\u00e5 \u00f8ya, og den nest st\u00f8rste mangroveskogen med mer enn 98 km2.\u00a0<\/span><br \/>\nn<br \/>\nn&nbsp;<br \/>\nn<br \/>\nn<strong><span style=\"vertical-align: inherit;\"><span style=\"vertical-align: inherit;\">Velg en dato for dette eventyret:<\/span><\/span><\/strong><\/p>\n<p>&nbsp;<\/p>\n<div class=\"vc_row wpb_row vc_row-fluid\" ><div class=\"wpb_column vc_column_container vc_col-sm-12\"><div class=\"vc_column-inner\"><div class=\"wpb_wrapper\">\n\t<div class=\"wpb_text_column wpb_content_element\" >\n\t\t<div class=\"wpb_wrapper\">\n\t\t\t<p>\nn<\/p>\n<h2>Los Haitises alt i ett (kajakkpadling, fotturer, b\u00e5tliv, grotting, sv\u00f8mmebasseng og lunsj) fra Las Terrenas<\/h2>\n<p>n<\/p>\n<h4><b><i>Oversikt <\/i><\/b><\/h4>\n<p>n<span style=\"font-weight: 400;\">Los Haitises All In One er en flukt fra byen for \u00e5 fordype deg mellom den historiske og fiskerbyen Sanchez og hovedstaden Los Haitises Sabana de la Mar. Sanchez er kjent som et eksportsenter og for \u00e5 ha et tog som kom fra La vega-provinsen bygget en slutten av 1800. Bli med oss og nyt det ferske vannet i en av de uutforskede strendene i Los Haitises nasjonalpark, hvor San Lorenzo Bay ligger. <\/span><br \/>\nn<br \/>\nn<span style=\"font-weight: 400;\">Stedet er tilgjengelig med b\u00e5t, omgitt av regnskog og mangroveskog. Mens du navigerer fra Sanchez til Los Haitises vil du komme i kontakt med naturen og det uforglemmelige landskapet i denne parken. Denne turen vil v\u00e6re en blanding av kajakkpadling, b\u00e5tliv, bes\u00f8k av en hule og sv\u00f8mming i en av de viktigste nasjonalparkene i landet, her er st\u00f8rstedelen av biologisk mangfold p\u00e5 \u00f8ya, og den nest st\u00f8rste mangroveskogen med mer enn 98 km2.\u00a0<\/span><br \/>\nn<br \/>\nn<span style=\"font-weight: 400;\">V\u00e5re lokale og eksperter vil s\u00f8rge for at du virkelig blir kjent med Tainos kultur, deres historie i Los Haitises og deres forbindelse med naturen. Denne turen er i \u00f8koturisme-modus der samfunnet f\u00e5r spille en veldig viktig rolle, de er guider, Capitan-b\u00e5ter og sj\u00e5f\u00f8rer.<\/span><br \/>\nn<br \/>\nn<span style=\"font-weight: 400;\">Booking Adventures prioritet er \u00e5 s\u00f8rge for at du f\u00e5r det beste av det beste, fra det \u00f8yeblikket du kj\u00f8per billetten til du er ferdig med reisen. Turene v\u00e5re er fokusert p\u00e5 milj\u00f8oppl\u00e6ring, eventyr og lokalhistorie, og i l\u00f8pet av denne turen f\u00e5r du se litt av alt.\u00a0<\/span><br \/>\nn<\/p>\n<h3><span style=\"font-weight: 400;\">Inkluderinger og ekskluderinger<\/span><\/h3>\n<p>n<\/p>\n<h6><strong>Inkluderinger<\/strong><\/h6>\n<p>n<\/p>\n<ul>\nn \t<\/p>\n<li><span style=\"font-weight: 400;\">Hurtigb\u00e5t og kaptein\u00a0<\/span><\/li>\n<p>n \t<\/p>\n<li><span style=\"font-weight: 400;\">Kajakkpadling\u00a0<\/span><\/li>\n<p>n \t<\/p>\n<li>Tursti<\/li>\n<p>n \t<\/p>\n<li><span style=\"font-weight: 400;\">Snacks (vann, frukt, brus)<\/span><\/li>\n<p>n \t<\/p>\n<li>Lokal lunsj<\/li>\n<p>n \t<\/p>\n<li><span style=\"font-weight: 400;\">Alle skatter, avgifter og h\u00e5ndteringskostnader<\/span><\/li>\n<p>n \t<\/p>\n<li><span style=\"font-weight: 400;\">Tjenestemenn \u00d8kolog reiseledere engelsk\/spansk<\/span><\/li>\n<p>n \t<\/p>\n<li><span style=\"font-weight: 400;\">Sv\u00f8mming i naturlige bassenger eller uutforsket strand\u00a0<\/span><\/li>\n<p>n \t<\/p>\n<li><span style=\"font-weight: 400;\">Grotting<\/span><\/li>\n<p>n \t<\/p>\n<li>Hotellhenting<\/li>\n<p>n<\/ul>\n<p>n<\/p>\n<h6><strong>Ekskluderinger<\/strong><\/h6>\n<p>n<\/p>\n<ul>\nn \t<\/p>\n<li><span style=\"font-weight: 400;\">Drikkepenger<\/span><\/li>\n<p>n \t<\/p>\n<li><span style=\"font-weight: 400;\">Drikke<\/span><\/li>\n<p>n<\/ul>\n<p>n<\/p>\n<h6><strong>Avreise og retur<\/strong><\/h6>\n<p>n<span style=\"font-weight: 400;\">Turen, organisert av &quot;Booking Adventures&quot; starter p\u00e5 m\u00f8tepunktet som er satt med turguiden eller medarbeideren. Den reisende vil f\u00e5 et m\u00f8tepunkt etter reservasjonsprosessen. Turene starter og slutter p\u00e5 m\u00f8testedene v\u00e5re.<\/span><br \/>\nn<\/p>\n<h2>Los Haitises alt i ett (kajakkpadling, fotturer, b\u00e5tliv, grotting, sv\u00f8mmebasseng og lunsj) fra Las Terrenas<\/h2>\n<p>n<span style=\"font-weight: 400;\">Hva \u00e5 forvente?<\/span><br \/>\nn<br \/>\nn<span style=\"font-weight: 400;\">Skaff deg billett til Eco-Adventure Tour Los Haitises nasjonalpark alt i ett\u00a0<\/span><br \/>\nn<br \/>\nn<span style=\"font-weight: 400;\">Denne ekskursjonen starter fra et m\u00f8tested du m\u00e5 bekrefte med v\u00e5re reisebyr\u00e5er eller reiseguiden din f\u00f8r du drar til et hvilket som helst sted. N\u00e5r du m\u00f8ter guiden din, f\u00e5r du en debrief av turen og alt relatert til dagen din.<\/span><br \/>\nn<br \/>\nn<span style=\"font-weight: 400;\">N\u00e5r alle er klare drar vi til det f\u00f8rste stedet som er Los Haitises Trail hvor du vil ha en 30-minutters fottur, under turen vil vi se forskjellige arter av endemiske planter og fugler.\u00a0<\/span><br \/>\nn<br \/>\nn<span style=\"font-weight: 400;\">Etter fotturer kommer vi tilbake til b\u00e5ten og sykler til Playita Las Almejas hvor naturlige bassenger er, mens vi navigerer gjennom mangroveskogen og kappen til San Lorenzo Bay vil vi dele historier med deg om Los Haitises, geologi og g\u00e5 over mangroveartene med \u00e5 ha rundt San Lorenzo Bay.\u00a0<\/span><br \/>\nn<br \/>\nn<span style=\"font-weight: 400;\">N\u00e5r vi ankommer Las Almejas b\u00f8r du gj\u00f8re badedrakten klar til \u00e5 g\u00e5 p\u00e5 kajakken og padle til Cave of the line med reiselederen din, resten av personalet vil vente p\u00e5 deg til du er ferdig med den f\u00f8rste delen av aktiviteten.<\/span><br \/>\nn<br \/>\nn<span style=\"font-weight: 400;\">I l\u00f8pet av denne delen av turen vil du kunne g\u00e5 rundt den gamle havnen i Las Perlas, som er en av de f\u00f8rste strukturene som ble bygget av europeere i omr\u00e5det, ca. 1876, og denne var forbundet med en toglinje som var transport for kaffe, bananer og alt denne gruppen europeere dyrket i det som i dag er Los Haitises.\u00a0<\/span><br \/>\nn<br \/>\nn<span style=\"font-weight: 400;\">I grotten du vil bes\u00f8ke er det mer enn 1200 piktogrammer malt av Tainos, dette var en m\u00e5te \u00e5 uttrykke seg p\u00e5, og i dag forteller denne kunsten oss historier vi aldri trodde vi skulle finne i dag. N\u00e5r du er ferdig her drar vi tilbake til Playa de las Almejas for snacks og sv\u00f8mmetid.\u00a0<\/span><br \/>\nn<br \/>\nn<span style=\"font-weight: 400;\">P\u00e5 vei tilbake fra det omr\u00e5det vil vi vise deg noen f\u00e5 arter av mangrove og snakke om betydningen av mangroveskogen for \u00f8kologien som \u00f8kosystem.<\/span><br \/>\nn<br \/>\nn<span style=\"font-weight: 400;\">N\u00e5r vi er ferdige med kajakkpadling og sv\u00f8mming, vil vi ha en pause for \u00e5 spise lokal lunsj for \u00e5 omfavne det lokale kj\u00f8kkenet og smake p\u00e5 den beste hvite risen og r\u00f8de b\u00f8nner p\u00e5 den karibiske \u00f8ya.\u00a0<\/span><br \/>\nn<br \/>\nn<span style=\"font-weight: 400;\">Etter lunsj og litt sv\u00f8mming i Los Haitises nasjonalpark drar vi tilbake til Sanchez, p\u00e5 vei tilbake nyter vi 30 minutters tur til halv\u00f8ya Samana, denne ekskursjonen ender p\u00e5 samme sted som den startet.<\/span><br \/>\nn<br \/>\nn<span style=\"font-weight: 400;\">Merk: Disse turene er med reiseledere fra Officials Ecologist. Vennligst bestill i tide fordi i parken er det ikke for mange spesialister.<\/span><br \/>\nn<\/p>\n<h6><strong>Hva b\u00f8r du ta med?<\/strong><\/h6>\n<p>n<\/p>\n<ul>\nn \t<\/p>\n<li style=\"font-weight: 400;\" aria-level=\"1\"><span style=\"font-weight: 400;\">Kamera<\/span><\/li>\n<p>n \t<\/p>\n<li style=\"font-weight: 400;\" aria-level=\"1\"><span style=\"font-weight: 400;\">Bug Spray\u00a0<\/span><\/li>\n<p>n \t<\/p>\n<li style=\"font-weight: 400;\" aria-level=\"1\"><span style=\"font-weight: 400;\">Solkrem<\/span><\/li>\n<p>n \t<\/p>\n<li style=\"font-weight: 400;\" aria-level=\"1\"><span style=\"font-weight: 400;\">Komfortable bukser<\/span><\/li>\n<p>n \t<\/p>\n<li style=\"font-weight: 400;\" aria-level=\"1\"><span style=\"font-weight: 400;\">Fjellsko<\/span><\/li>\n<p>n \t<\/p>\n<li style=\"font-weight: 400;\" aria-level=\"1\"><span style=\"font-weight: 400;\">Regnjakke\u00a0<\/span><\/li>\n<p>n \t<\/p>\n<li style=\"font-weight: 400;\" aria-level=\"1\"><span style=\"font-weight: 400;\">Badedrakt\u00a0<\/span><\/li>\n<p>n \t<\/p>\n<li style=\"font-weight: 400;\" aria-level=\"1\"><span style=\"font-weight: 400;\">H\u00e5ndkle<\/span><\/li>\n<p>n \t<\/p>\n<li style=\"font-weight: 400;\" aria-level=\"1\"><span style=\"font-weight: 400;\">Drybag\u00a0\u00a0<\/span><\/li>\n<p>n<\/ul>\n<p>n<\/p>\n<h4><b><i>Hotellhenting <\/i><\/b><\/h4>\n<p>n<span style=\"font-weight: 400;\">Hotellhenting tilbys for denne turen. Bare du er i Santa Barbara de Samana, Las Terrenas, Las Galeras og Sanchez\u00a0<\/span><br \/>\nn<br \/>\nn<b>Merk:<\/b><span style=\"font-weight: 400;\"> Hvis du bestiller innen 24 timer etter turens\/utfluktens avgangstid, kan vi arrangere hotellhenting med ekstra kostnader fra et hvilket som helst sted i Den dominikanske republikk. N\u00e5r kj\u00f8pet er fullf\u00f8rt, vil vi sende deg fullstendig kontaktinformasjon (telefonnummer, e-postadresse osv.) slik at v\u00e5r lokale turguide kan organisere henting.<\/span><br \/>\nn<\/p>\n<h4><b><i>Bekreftelse av tilleggsinformasjon <\/i><\/b><\/h4>\n<p>n<\/p>\n<ol>\nn \t<\/p>\n<li>Billetter er kvitteringen etter \u00e5 ha betalt denne turen. Du kan vise betalingen p\u00e5 telefonen.<\/li>\n<p>n \t<\/p>\n<li style=\"font-weight: 400;\"><span style=\"font-weight: 400;\">M\u00f8tepunkt vil bli mottatt etter reservasjonsprosessen.<\/span><\/li>\n<p>n \t<\/p>\n<li style=\"font-weight: 400;\"><span style=\"font-weight: 400;\">Barn m\u00e5 v\u00e6re i f\u00f8lge med en voksen.<\/span><\/li>\n<p>n \t<\/p>\n<li style=\"font-weight: 400;\"><span style=\"font-weight: 400;\"> Ikke tilgjengelig for rullestolbrukere <\/span><\/li>\n<p>n \t<\/p>\n<li style=\"font-weight: 400;\"><span style=\"font-weight: 400;\">Spedbarn m\u00e5 sitte p\u00e5 fanget <\/span><\/li>\n<p>n \t<\/p>\n<li style=\"font-weight: 400;\"><span style=\"font-weight: 400;\">Anbefales ikke for reisende med ryggproblemer<\/span><\/li>\n<p>n \t<\/p>\n<li style=\"font-weight: 400;\"><span style=\"font-weight: 400;\">Anbefales ikke for gravide reisende <\/span><\/li>\n<p>n \t<\/p>\n<li style=\"font-weight: 400;\"><span style=\"font-weight: 400;\"> Ingen hjerteproblemer eller andre alvorlige medisinske tilstander <\/span><\/li>\n<p>n \t<\/p>\n<li style=\"font-weight: 400;\"><span style=\"font-weight: 400;\">De fleste reisende kan delta<\/span><\/li>\n<p>n<\/ol>\n<p>n<\/p>\n<h4><b><i>Avbestillingsregler<\/i><\/b><\/h4>\n<p>n<span style=\"font-weight: 400;\">For full refusjon, vennligst les v\u00e5re avbestillingsregler\u00a0<a href=\"https:\/\/www.boattoursamana.com\/nb\/online-booking\/\" target=\"_blank\" rel=\"noopener\" data-saferedirecturl=\"https:\/\/www.google.com\/url?q=https:\/\/www.boattoursamana.com\/online-booking\/&amp;source=gmail&amp;ust=1672449202351000&amp;usg=AOvVaw1yAeVAPktmaVCqDujgUn90\">Klikk her<\/a>. Midler vil g\u00e5 tapt dersom reservasjonen kanselleres samme dag p\u00e5 reisen.<\/span><\/p>\n\n\t\t<\/div>\n\t<\/div>\n<div class=\"mkdf-section-title-holder\" style=\"text-align: left\">\n\t<div class=\"mkdf-st-inner\">\n\t\t\t\t\t<h5 class=\"mkdf-st-subtitle\" >\n\t\t\t\t( Alt i et )\t\t\t<\/h5>\n\t\t\t\t\t\t\t<h3 class=\"mkdf-st-title\" >\n\t\t\t\tHaitises alt i ett (kajakkpadling, fotturer, b\u00e5tliv, grotting, sv\u00f8mmebasseng og lunsj) fra Las Terrenas\t\t\t<\/h3>\n\t\t\t\t\t\t\t<p class=\"mkdf-st-text\" >\n\t\t\t\tDenne opplevelsen trenger minimum 4 deltakere. Hvis du ikke er 4, kan du gjerne kontakte oss!\t\t\t<\/p>\n\t\t\t<\/div>\n<\/div><\/div><\/div><\/div><\/div><div class=\"vc_row wpb_row vc_row-fluid\" ><div class=\"wpb_column vc_column_container vc_col-sm-12\"><div class=\"vc_column-inner\"><div class=\"wpb_wrapper\"><\/div><\/div><\/div><\/div><div class=\"vc_row wpb_row vc_row-fluid\" ><\/div><div class=\"wpb_column vc_column_container vc_col-sm-12\"><div class=\"vc_column-inner\"><div class=\"wpb_wrapper\"><\/div><\/div><\/div><div class=\"vc_empty_space\"   style=\"height: 32px\"><span class=\"vc_empty_space_inner\"><\/span><\/div><div class=\"vc_empty_space\"   style=\"height: 32px\"><span class=\"vc_empty_space_inner\"><\/span><\/div>","protected":false},"excerpt":{"rendered":"<p>Escape the city to immerse yourself between the historical and fishing town of Sanchez and the capital of Los HaitisesSabana de la Mar. Sanchez is known as a center of exportation and for having a train that was coming from La vega province built a the end of 1800. Come with us and enjoy the fresh waters of one of the unexplored beaches of Los Haitises National Park, where San Lorenzo Bay is located. The place is accessible by boat, [&hellip;]<\/p>\n","protected":false},"author":2,"featured_media":0,"parent":0,"menu_order":0,"comment_status":"open","ping_status":"closed","template":"","meta":{"footnotes":""},"class_list":["post-15878","page","type-page","status-publish","hentry"],"_links":{"self":[{"href":"https:\/\/www.boattoursamana.com\/nb\/wp-json\/wp\/v2\/pages\/15878","targetHints":{"allow":["GET"]}}],"collection":[{"href":"https:\/\/www.boattoursamana.com\/nb\/wp-json\/wp\/v2\/pages"}],"about":[{"href":"https:\/\/www.boattoursamana.com\/nb\/wp-json\/wp\/v2\/types\/page"}],"author":[{"embeddable":true,"href":"https:\/\/www.boattoursamana.com\/nb\/wp-json\/wp\/v2\/users\/2"}],"replies":[{"embeddable":true,"href":"https:\/\/www.boattoursamana.com\/nb\/wp-json\/wp\/v2\/comments?post=15878"}],"version-history":[{"count":0,"href":"https:\/\/www.boattoursamana.com\/nb\/wp-json\/wp\/v2\/pages\/15878\/revisions"}],"wp:attachment":[{"href":"https:\/\/www.boattoursamana.com\/nb\/wp-json\/wp\/v2\/media?parent=15878"}],"curies":[{"name":"wp","href":"https:\/\/api.w.org\/{rel}","templated":true}]}}