{"id":15879,"date":"2023-07-15T07:45:29","date_gmt":"2023-07-15T07:45:29","guid":{"rendered":"https:\/\/www.ticketswhales.com\/punta-cana-los-haitises-national-park-yanigua-waterfalls-montana-redonda\/"},"modified":"2023-07-15T07:45:29","modified_gmt":"2023-07-15T07:45:29","slug":"punta-cana-los-haitises-national-park-yanigua-waterfalls-montana-redonda","status":"publish","type":"page","link":"https:\/\/www.boattoursamana.com\/nb\/punta-cana-los-haitises-nasjonalpark-yanigua-fossefall-montana-redonda","title":{"rendered":"Punta Cana: Los Haitises nasjonalpark, Yanigua-fossene og Montana Redonda"},"content":{"rendered":"<p>Utflukt fra Punta Cana: Los Haitises nasjonalpark, Yanigua-fossene og Montana Redonda. Inkluderer lunsj og transport for et bes\u00f8k til de 3 hovedhulene, en utforskning av 2 forskjellige mangrove\u00f8kosystemer, utsikt og sv\u00f8mmebassenger.<br \/>\nn<br \/>\nnHeldagstur til Los Haitises nasjonalpark med en lokal turguide. Bes\u00f8k Cays i Los Haitises nasjonalpark, mangrover, vegetasjon, fuglekikking, grotter, piktografer og de historiske omr\u00e5dene til Sabana de la Mar i Los Haitises nasjonalpark. Fantastisk utsikt i Montana Redonda og lunsj pluss sv\u00f8mmebassenger i Yanigua-fossene.<br \/>\nn<br \/>\nn&nbsp;<br \/>\nn<br \/>\nn<strong>Vennligst velg dato for tur:\u00a0<\/strong><\/p>\n<p>&nbsp;<\/p>\n<div class=\"vc_row wpb_row vc_row-fluid\" ><div class=\"wpb_column vc_column_container vc_col-sm-12\"><div class=\"vc_column-inner\"><div class=\"wpb_wrapper\"><div class=\"mkdf-section-title-holder\" style=\"text-align: left\">\n\t<div class=\"mkdf-st-inner\">\n\t\t\t\t\t<h5 class=\"mkdf-st-subtitle\" >\n\t\t\t\tTransport og lunsj inkludert\t\t\t<\/h5>\n\t\t\t\t\t\t\t<h3 class=\"mkdf-st-title\" >\n\t\t\t\tPunta Cana: Los Haitises nasjonalpark, Yanigua-fossene og Montana Redonda\t\t\t<\/h3>\n\t\t\t\t\t<\/div>\n<\/div><\/div><\/div><\/div><\/div><div class=\"vc_row wpb_row vc_row-fluid\" ><div class=\"wpb_column vc_column_container vc_col-sm-12\"><div class=\"vc_column-inner\"><div class=\"wpb_wrapper\">\n\t<div class=\"wpb_text_column wpb_content_element\" >\n\t\t<div class=\"wpb_wrapper\">\n\t\t\t<p>\nn<\/p>\n<h3>Punta Cana: Los Haitises nasjonalpark, Yanigua-fossene og Montana Redonda<\/h3>\n<p>n<\/p>\n<h4><b><i>Oversikt <\/i><\/b><\/h4>\n<p>nLos Haitises nasjonalpark tur fra Punta Cana dagstur. Starter fra hotellet ditt i Punta Cana eller Bavaro. Vi kj\u00f8rer med v\u00e5r reiseleder til Montana Redonda. Hvor du har tid til \u00e5 ta fantastiske bilder fra en av de mest imponerende utsiktene i Den dominikanske republikk. Etter dette f\u00f8rste stoppet fortsetter vi \u00e5 bes\u00f8ke Los Haitises nasjonalpark, litt snacks og typiske drinker mens vi g\u00e5r rundt i mangrover, grotter og ber\u00f8mte stein\u00f8yer som i Jurassic Park. Etter \u00e5 ha bes\u00f8kt Los Haitises nasjonalpark venter lunsj p\u00e5 oss i Yanigua-fossene. Etter lokal og gastronomisk lokal lunsj m\u00e5 du ha tid til \u00e5 sv\u00f8mme i de unike naturlige bassengene som kommer fra Los Haitises nasjonalpark.<br \/>\nn<br \/>\nnEtter denne opplevelsen vil du komme tilbake til Punta Cana Community hvor vi henter deg.<br \/>\nn<\/p>\n<ul>\nn \t<\/p>\n<li style=\"font-weight: 400;\">Avgifter inkludert<\/li>\n<p>n \t<\/p>\n<li>Lunsj<\/li>\n<p>n \t<\/p>\n<li>Snacks<\/li>\n<p>n \t<\/p>\n<li style=\"font-weight: 400;\">Lokal reiseleder p\u00e5 engelsk eller fransk<\/li>\n<p>n \t<\/p>\n<li>Transport<\/li>\n<p>n \t<\/p>\n<li>B\u00e5ttur<\/li>\n<p>n \t<\/p>\n<li>Montana Redonda<\/li>\n<p>n \t<\/p>\n<li>Yanigua-fossen<\/li>\n<p>n<\/ul>\n<p>n&nbsp;<br \/>\nn<\/p>\n<h4><b>Inkluderinger og ekskluderinger<\/b><\/h4>\n<p>n&nbsp;<br \/>\nn<br \/>\nn<b>Inkluderinger<\/b><br \/>\nn<\/p>\n<ol>\nn \t<\/p>\n<li style=\"font-weight: 400;\">Los Haitises-tur + grotter og piktografer<\/li>\n<p>n \t<\/p>\n<li>Montana Redonda<\/li>\n<p>n \t<\/p>\n<li>Yanigua-fossene<\/li>\n<p>n \t<\/p>\n<li>Lunsj<\/li>\n<p>n \t<\/p>\n<li>Henting av hotell i Punta Cana-omr\u00e5der.<\/li>\n<p>n \t<\/p>\n<li style=\"font-weight: 400;\"><span style=\"font-weight: 400;\">Alle skatter, avgifter og h\u00e5ndteringskostnader<\/span><\/li>\n<p>n \t<\/p>\n<li style=\"font-weight: 400;\"><span style=\"font-weight: 400;\">Lokale skatter<\/span><\/li>\n<p>n \t<\/p>\n<li style=\"font-weight: 400;\"><span style=\"font-weight: 400;\">Drikkevarer<\/span><\/li>\n<p>n \t<\/p>\n<li>Snacks<\/li>\n<p>n \t<\/p>\n<li style=\"font-weight: 400;\"><span style=\"font-weight: 400;\">Alle aktiviteter<\/span><\/li>\n<p>n \t<\/p>\n<li style=\"font-weight: 400;\"><span style=\"font-weight: 400;\">Lokal guide<\/span><\/li>\n<p>n<\/ol>\n<p>n<b> Ekskluderinger<\/b><br \/>\nn<\/p>\n<ol>\nn \t<\/p>\n<li style=\"font-weight: 400;\"><span style=\"font-weight: 400;\">Drikkepenger<\/span><\/li>\n<p>n \t<\/p>\n<li style=\"font-weight: 400;\"><span style=\"font-weight: 400;\">Alkoholholdige drinker<\/span><\/li>\n<p>n<\/ol>\n<p>n&nbsp;<br \/>\nn<\/p>\n<h4><em><strong>Avreise og retur<\/strong><\/em><\/h4>\n<p>n<span style=\"font-weight: 400;\">Den reisende vil f\u00e5 et m\u00f8tepunkt etter reservasjonsprosessen. Turer starter og slutter i m\u00f8testedene v\u00e5re.<\/span><br \/>\nn<\/p>\n<h4><\/h4>\n<p>n<\/p>\n<h3>Punta Cana: Los Haitises nasjonalpark, Yanigua-fossene og Montana Redonda<\/h3>\n<p>n<\/p>\n<h4><b><i>Hva \u00e5 forvente?<\/i><\/b><\/h4>\n<p>n<em><strong>Skaff deg billetter<\/strong><\/em> for \u00e5 bes\u00f8ke Los Haitises National Park Tour fra Punta Cana.<br \/>\nn<br \/>\nnThe\u00a0<strong>Den dominikanske republikkens tropiske natur<\/strong>\u00a0er en av de viktigste\u00a0<strong>turistattraksjoner<\/strong>\u00a0i landet. I dag \u00f8nsker vi \u00e5 foresl\u00e5 deg en\u00a0<strong>unik utflukt<\/strong>\u00a0som du kan gj\u00f8re fra Punta Cana, og det inkluderer et bes\u00f8k p\u00e5 tre steder hvor landskapet vil gj\u00f8re deg m\u00e5ll\u00f8s.<br \/>\nn<br \/>\nnDen f\u00f8rste av dem er\u00a0<em>Rundt fjell<\/em>, et sted som har blitt kjent de siste \u00e5rene for sitt\u00a0<strong>panoramautsikt<\/strong>\u00a0over Karibia, hvor\u00a0<strong>\u00f8yeblikksbilder p\u00e5 en huske<\/strong>\u00a0som ser mot horisonten har gjort den til en av de\u00a0<strong>mest fotograferte steder i Den dominikanske republikk<\/strong>.<br \/>\nn<br \/>\nn<strong>Los Haitises nasjonalpark<\/strong>\u00a0er v\u00e5r neste destinasjon p\u00e5 kartet, et omr\u00e5de hvor\u00a0<strong>havet, mangrover, jungler<\/strong>\u00a0Til og med\u00a0<strong>arkeologiske levninger<\/strong>\u00a0gjemt i huler, avsl\u00f8r alle\u00a0<strong>naturlig sjarm som landet byr p\u00e5<\/strong>. De sm\u00e5 \u00e5sene fulle av vegetasjon er ogs\u00e5 det perfekte stedet for fugletitting som du bare finner her.<br \/>\nn<br \/>\nnInne i parken er det en annen\u00a0<strong>magisk sted: Yanigua Ranch-fossene<\/strong>. Denne spektakul\u00e6re fossen er den\u00a0<strong>perfekt sted \u00e5 koble fra<\/strong>\u00a0fra turistmengdene i Punta Cana, omgitt av en tykk vegetasjon som f\u00e5r oss til \u00e5 tro at vi er mer enn 100 kilometer fra n\u00e6rmeste by, selv om det egentlig ikke er s\u00e5nn.<br \/>\nn<\/p>\n<div class=\"body-description secondary\">\nn<br \/>\nnEtter lunsj drar vi tilbake til Punta Cana!!<br \/>\nn<\/p>\n<h2 id=\"headline-62-1277\" class=\"ct-headline\">Reiserute for turen<\/h2>\n<p>n<\/p>\n<div id=\"_rich_text-77-1277\" class=\"oxy-rich-text\">\nn<br \/>\nn Reiseplanen for denne ekskursjonen er som f\u00f8lger:<br \/>\nn<\/p>\n<ul>\nn \t<\/p>\n<li><strong>06:50<\/strong>\u00a0\u2013 Henter deg p\u00e5 hotellet.<\/li>\n<p>n \t<\/p>\n<li><strong>08:30<\/strong>\u00a0\u2013 Ankomst til rundfjell, et unikt landskap i hele landet.<\/li>\n<p>n \t<\/p>\n<li><strong>10:30<\/strong>\u00a0\u2013 Avgang fra Sabana de la Mar mot Haitises nasjonalpark med hurtigb\u00e5t. P\u00e5 veien f\u00e5r vi se\u00a0<strong>eksotiske fugler<\/strong>, og vi kommer til\u00a0<strong>huler<\/strong>\u00a0hvor du kan se\u00a0<strong>urfolks malerier<\/strong>.<\/li>\n<p>n \t<\/p>\n<li><strong>12:30<\/strong>\u00a0<strong>pm\u00a0<\/strong>\u2013 G\u00e5 dypt inn i jungelen til vi kommer til Yanigua Ranch-fossene, et perfekt sted \u00e5 spise lunsj og ta en dukkert. Du kan ogs\u00e5 ta et terapeutisk gj\u00f8rmebad.<\/li>\n<p>n \t<\/p>\n<li><strong>02:00<\/strong>\u00a0<strong>pm<\/strong>\u00a0\u2013 Du kan smake\u00a0<strong>kaffe og kakao<\/strong>\u00a0fra lokale g\u00e5rder og rancher.<\/li>\n<p>n \t<\/p>\n<li><strong>03:00<\/strong>\u00a0<strong>pm<\/strong>- Bes\u00f8k\u00a0<strong>bl\u00e5 rav mine<\/strong>.<\/li>\n<p>n \t<\/p>\n<li><strong>04:30<\/strong>\u00a0\u2013 Stopp ved et fotografisk utsiktspunkt hvor du kan se prakten til Haitises nasjonalpark.<\/li>\n<p>n \t<\/p>\n<li><strong>05:00<\/strong>\u00a0\u2013 Til slutt vil en guide ta oss til en av de mest nysgjerrige konstruksjonene p\u00e5 stedet,\u00a0<em>Tarzans hus<\/em>, som ligger i et tre over 100 fot h\u00f8yt.<\/li>\n<p>n \t<\/p>\n<li><strong>06:00<\/strong>\u00a0\u2013 G\u00e5 tilbake til hotellene med v\u00e5r transport.<\/li>\n<p>n<\/ul>\n<p>n<em>* Tidene angitt ovenfor er omtrentlige<\/em><br \/>\nn<br \/>\nn<\/div>\n<p>n\n<\/p><\/div>\n<p>nHvis du vil like denne turen lengre eller kortere, er det bare \u00e5 kontakte oss.<br \/>\nn<br \/>\nn&nbsp;<br \/>\nn<\/p>\n<h4><em><strong>Hva b\u00f8r du ta med?<\/strong><\/em><\/h4>\n<p>n<\/p>\n<ul>\nn \t<\/p>\n<li style=\"font-weight: 400;\"><span style=\"font-weight: 400;\">Kamera<\/span><\/li>\n<p>n \t<\/p>\n<li style=\"font-weight: 400;\"><span style=\"font-weight: 400;\">Avvisende knopper<\/span><\/li>\n<p>n \t<\/p>\n<li style=\"font-weight: 400;\"><span style=\"font-weight: 400;\">Solkrem<\/span><\/li>\n<p>n \t<\/p>\n<li style=\"font-weight: 400;\"><span style=\"font-weight: 400;\">Hatt<\/span><\/li>\n<p>n \t<\/p>\n<li style=\"font-weight: 400;\"><span style=\"font-weight: 400;\">Komfortable bukser<\/span><\/li>\n<p>n \t<\/p>\n<li style=\"font-weight: 400;\"><span style=\"font-weight: 400;\">Tursko for skog<\/span><\/li>\n<p>n \t<\/p>\n<li style=\"font-weight: 400;\"><span style=\"font-weight: 400;\">Sandaler til v\u00e5romr\u00e5dene.<\/span><\/li>\n<p>n \t<\/p>\n<li style=\"font-weight: 400;\"><span style=\"font-weight: 400;\">Badet\u00f8y<\/span><\/li>\n<p>n<\/ul>\n<p>n&nbsp;<br \/>\nn<\/p>\n<h4><b><i>Hotellhenting <\/i><\/b><\/h4>\n<p>n<span style=\"font-weight: 400;\">Hotellhenting tilbys for denne turen. Velg hotellnavn og tid her. Hvis hotellet ditt ikke er p\u00e5 listen, vennligst kontakt oss.<\/span><br \/>\nn<br \/>\nn&nbsp;<br \/>\nn<br \/>\nn<b>Merk:<\/b><span style=\"font-weight: 400;\"> hvis du bestiller innen 24 timer etter turens\/utfluktens avgangstid, kan vi ordne hotellhenting med ekstra kostnader. N\u00e5r kj\u00f8pet er fullf\u00f8rt, vil vi sende deg fullstendig kontaktinformasjon (telefonnummer, e-postadresse osv.) slik at v\u00e5r lokale turguide kan organisere hentingsordninger.<\/span><br \/>\nn<\/p>\n<h4><b><i>Bekreftelse av tilleggsinformasjon <\/i><\/b><\/h4>\n<p>n<\/p>\n<ol>\nn \t<\/p>\n<li>Billetter er kvitteringen etter \u00e5 ha betalt denne turen. Du kan vise betalingen p\u00e5 telefonen.<\/li>\n<p>n \t<\/p>\n<li style=\"font-weight: 400;\"><span style=\"font-weight: 400;\">M\u00f8tepunkt vil bli mottatt etter reservasjonsprosessen.<\/span><\/li>\n<p>n \t<\/p>\n<li style=\"font-weight: 400;\"><span style=\"font-weight: 400;\">Barn m\u00e5 v\u00e6re i f\u00f8lge med en voksen.<\/span><\/li>\n<p>n \t<\/p>\n<li style=\"font-weight: 400;\"><span style=\"font-weight: 400;\"> Ikke tilgjengelig for rullestolbrukere <\/span><\/li>\n<p>n \t<\/p>\n<li style=\"font-weight: 400;\"><span style=\"font-weight: 400;\">Spedbarn m\u00e5 sitte p\u00e5 fanget <\/span><\/li>\n<p>n \t<\/p>\n<li style=\"font-weight: 400;\"><span style=\"font-weight: 400;\">Anbefales ikke for reisende med ryggproblemer<\/span><\/li>\n<p>n \t<\/p>\n<li style=\"font-weight: 400;\"><span style=\"font-weight: 400;\">Anbefales ikke for gravide reisende <\/span><\/li>\n<p>n \t<\/p>\n<li style=\"font-weight: 400;\"><span style=\"font-weight: 400;\"> Ingen hjerteproblemer eller andre alvorlige medisinske tilstander <\/span><\/li>\n<p>n \t<\/p>\n<li style=\"font-weight: 400;\"><span style=\"font-weight: 400;\">De fleste reisende kan delta<\/span><\/li>\n<p>n<\/ol>\n<p>n<\/p>\n<h4><b><i>Avbestillingsregler<\/i><\/b><\/h4>\n<p>For full refusjon, vennligst les v\u00e5re avbestillingsregler\u00a0<a href=\"https:\/\/www.boattoursamana.com\/nb\/online-booking\/\" target=\"_blank\" rel=\"noopener\" data-saferedirecturl=\"https:\/\/www.google.com\/url?q=https:\/\/www.boattoursamana.com\/online-booking\/&amp;source=gmail&amp;ust=1672308980019000&amp;usg=AOvVaw26v5FL8g3-3hyHN76KOvdD\">Klikk her<\/a>. Midler vil g\u00e5 tapt dersom reservasjonen kanselleres samme dag p\u00e5 reisen.<\/p>\n\n\t\t<\/div>\n\t<\/div>\n<\/div><\/div><\/div><\/div><div class=\"vc_row wpb_row vc_row-fluid\" ><div class=\"wpb_column vc_column_container vc_col-sm-12\"><div class=\"vc_column-inner\"><div class=\"wpb_wrapper\"><div class=\"vc_empty_space\"   style=\"height: 32px\"><span class=\"vc_empty_space_inner\"><\/span><\/div>\n\t<div class=\"wpb_video_widget wpb_content_element vc_clearfix   vc_video-aspect-ratio-169 vc_video-el-width-100 vc_video-align-left\" >\n\t\t<div class=\"wpb_wrapper\">\n\t\t\t<h2 class=\"wpb_heading wpb_video_heading\">Los Haitises nasjonalpark video:<\/h2>\n\t\t\t<div class=\"wpb_video_wrapper\"><iframe loading=\"lazy\" title=\"Los Haitises nasjonalpark, turer og utflukter fra Samana eller Sabana de la Mar. Bestill her:\" src=\"https:\/\/player.vimeo.com\/video\/346508015?dnt=1&amp;app_id=122963\" width=\"1100\" height=\"619\" frameborder=\"0\" allow=\"autoplay; fullscreen; picture-in-picture\" allowfullscreen><\/iframe><\/div>\n\t\t<\/div>\n\t<\/div>\n<div class=\"vc_empty_space\"   style=\"height: 32px\"><span class=\"vc_empty_space_inner\"><\/span><\/div><\/div><\/div><\/div><\/div><div class=\"vc_row wpb_row vc_row-fluid\" ><div class=\"wpb_column vc_column_container vc_col-sm-12\"><div class=\"vc_column-inner\"><div class=\"wpb_wrapper\"><div class=\"vc_empty_space\"   style=\"height: 32px\"><span class=\"vc_empty_space_inner\"><\/span><\/div>\n\t<div class=\"wpb_text_column wpb_content_element\" >\n\t\t<div class=\"wpb_wrapper\">\n\t\t\t<p>\nn<\/p>\n<h4>Kontakt oss?<\/h4>\n<p>n<\/p>\n<h5><em><strong>Booking Adventures<\/strong><\/em><\/h5>\n<p>n<em><strong>Lokalbefolkningen<\/strong>\u00a0og\u00a0<strong>Nationals<\/strong>\u00a0Turguider og gjestetjenester<\/em><br \/>\nn<br \/>\nn<span class=\"text-turquoise\">Reservasjoner:<\/span>\u00a0Turer og utflukter i Dom. Rep.<br \/>\nn<br \/>\nn<img decoding=\"async\" class=\"emoji\" draggable=\"false\" src=\"https:\/\/s.w.org\/images\/core\/emoji\/11.2.0\/svg\/1f4de.svg\" alt=\" \" title=\"\">\u00a0Tlf \/ Whatsapp\u00a0\u00a0<a href=\"tel:+1-809-720-6035\">+1-809-720-6035<\/a>.<br \/>\nn<br \/>\nn<img decoding=\"async\" class=\"emoji\" draggable=\"false\" src=\"https:\/\/s.w.org\/images\/core\/emoji\/11.2.0\/svg\/1f4e9.svg\" alt=\" \" title=\"\">\u00a0<a href=\"mailto:info@bookingadventures.com.do\">info@bookingadventures.com.do<\/a><br \/>\nn<br \/>\nn<strong>Vi er fleksible med private turer av Whatsapp:\u00a0<a href=\"tel:+18097206035\">+18097206035.<\/a><\/strong><\/p>\n\n\t\t<\/div>\n\t<\/div>\n<div class=\"vc_empty_space\"   style=\"height: 32px\"><span class=\"vc_empty_space_inner\"><\/span><\/div><\/div><\/div><\/div><\/div>","protected":false},"excerpt":{"rendered":"<p>Excursion from Punta Cana: Los Haitises National Park, Yanigua Waterfalls &amp; Montana Redonda. Includes Lunch and Transportation for a visit to the 3 main caves, an exploration of 2 different mangroves ecosystems, views, and Simming Pools. n nFull Day Trip to Los Haitises National Park with a Local Tour guide. Visiting the Cays in Los Haitises National Park, Mangroves, Vegetation, Birding, Caves, Pictographs and the historical areas of Sabana de la Mar in Los Haitises National Park. Amazing Views in [&hellip;]<\/p>\n","protected":false},"author":2,"featured_media":0,"parent":0,"menu_order":0,"comment_status":"open","ping_status":"closed","template":"","meta":{"footnotes":""},"class_list":["post-15879","page","type-page","status-publish","hentry"],"_links":{"self":[{"href":"https:\/\/www.boattoursamana.com\/nb\/wp-json\/wp\/v2\/pages\/15879","targetHints":{"allow":["GET"]}}],"collection":[{"href":"https:\/\/www.boattoursamana.com\/nb\/wp-json\/wp\/v2\/pages"}],"about":[{"href":"https:\/\/www.boattoursamana.com\/nb\/wp-json\/wp\/v2\/types\/page"}],"author":[{"embeddable":true,"href":"https:\/\/www.boattoursamana.com\/nb\/wp-json\/wp\/v2\/users\/2"}],"replies":[{"embeddable":true,"href":"https:\/\/www.boattoursamana.com\/nb\/wp-json\/wp\/v2\/comments?post=15879"}],"version-history":[{"count":0,"href":"https:\/\/www.boattoursamana.com\/nb\/wp-json\/wp\/v2\/pages\/15879\/revisions"}],"wp:attachment":[{"href":"https:\/\/www.boattoursamana.com\/nb\/wp-json\/wp\/v2\/media?parent=15879"}],"curies":[{"name":"wp","href":"https:\/\/api.w.org\/{rel}","templated":true}]}}