{"id":11569,"date":"2020-10-10T15:42:33","date_gmt":"2020-10-10T15:42:33","guid":{"rendered":"https:\/\/www.ticketswhales.com\/?post_type=product&#038;p=11569"},"modified":"2023-11-07T21:53:32","modified_gmt":"2023-11-07T21:53:32","slug":"private-kayaking-snorkeling-with-lunch-on-cayo-levantado-island","status":"publish","type":"product","link":"https:\/\/www.boattoursamana.com\/nb\/omvisning\/privat-kajakkpadling-snorkling-med-lunsj-pa-cayo-levantado-oya","title":{"rendered":"Samana: Cayo Levantado og kajakkpadling + snorkling"},"content":{"rendered":"<div class=\"wpb_column vc_column_container vc_col-sm-12\"><div class=\"vc_column-inner\"><div class=\"wpb_wrapper\"><\/div><\/div><\/div><div class=\"vc_row wpb_row vc_row-fluid\" ><div class=\"wpb_column vc_column_container vc_col-sm-12\"><div class=\"vc_column-inner\"><div class=\"wpb_wrapper\">\n\t<div class=\"wpb_text_column wpb_content_element\" >\n\t\t<div class=\"wpb_wrapper\">\n\t\t\t<div class=\"vc_row wpb_row vc_row-fluid\">\n<div class=\"wpb_column vc_column_container vc_col-sm-12\">\n<div class=\"vc_column-inner\">\n<div class=\"wpb_wrapper\">\n<div class=\"mkdf-section-title-holder\">\n<div class=\"mkdf-st-inner\">\n<h5 class=\"mkdf-st-subtitle\">Fra Samana havn: Privat tur<\/h5>\n<h3 class=\"mkdf-st-title\">Privat kajakk og snorkel med lunsj p\u00e5 Cayo Levantado Island<\/h3>\n<\/div>\n<\/div>\n<div class=\"vc_empty_space\"><\/div>\n<\/div>\n<\/div>\n<\/div>\n<\/div>\n<div class=\"vc_row wpb_row vc_row-fluid\"><\/div>\n<div class=\"wpb_column vc_column_container vc_col-sm-12\">\n<div class=\"vc_column-inner\">\n<div class=\"wpb_wrapper\"><\/div>\n<\/div>\n<\/div>\n<div class=\"wpb_text_column wpb_content_element\">\n<div class=\"wpb_wrapper\"><\/div>\n<\/div>\n<div class=\"vc_row wpb_row vc_row-fluid\">\n<div class=\"wpb_column vc_column_container vc_col-sm-12\">\n<div class=\"vc_column-inner\">\n<div class=\"wpb_wrapper\">\n<div class=\"wpb_text_column wpb_content_element\">\n<div class=\"wpb_wrapper\">\n<div class=\"vc_row wpb_row vc_row-fluid\">\n<div class=\"wpb_column vc_column_container vc_col-sm-12\">\n<div class=\"vc_column-inner\">\n<div class=\"wpb_wrapper\">\n<div class=\"wpb_text_column wpb_content_element\">\n<div class=\"wpb_wrapper\">\n<h4><b><i>Oversikt\ud83d\udc33<\/i><\/b><\/h4>\n<p><strong>Unng\u00e5 store grupper av turister.<\/strong>\u00a0og ta din private kajakk- og snorkeltur i Saman\u00e1-bukten med avgang fra havnen i Saman\u00e1.<\/p>\n<p>Beundre 40 minutter med enest\u00e5ende panoramautsikt over Samana-bukten fra havet med kajakk og snorkle i det krystallklare vannet p\u00e5 en n\u00e6rliggende strand p\u00e5 den ber\u00f8mte Cayo Levantado\/Bacardi-\u00f8ya. Der vi kan strekke p\u00e5 bena og bruke snorkelsettene v\u00e5re, er det en annen verden \u00e5 utforske!<br \/>\nEtter snorkling tar vi en typisk dominikansk lunsj p\u00e5 stranden og oppdager den vakreste \u00f8ya i Den dominikanske republikk. Hjem til et vakkert luksushotell, hvite sandstrender, en frodig regnskog og fantastiske dyktige kunstnere som tilbyr sine h\u00e5ndlagde malerier og andre produkter.<\/p>\n<p>Hva kan du gj\u00f8re p\u00e5 \u00f8ya?<br \/>\nSv\u00f8mming, fotturer, spille volleyball, ta bilder, snorkle, nyte stranden eller bare slappe av i skyggen og ta en forfriskende drink (Pi\u00f1a Colada, Coco Loco, Cuba Libre, etc.) Det er mange muligheter for \u00e5 nyte \u00f8ya for alle !<\/p>\n<p>P\u00e5 vei tilbake til Saman\u00e1 skifter vi perspektiv og oppmerksomheten v\u00e5r fanges av detaljer som vi ikke hadde lagt merke til f\u00f8r, og nyter hver meter ca. 40 min.<\/p>\n<p>Vi er de eneste som tilbyr denne turen i hele Den dominikanske republikk! Denne unike opplevelsen er dr\u00f8mmen som g\u00e5r i oppfyllelse for natur- og havelskere.<\/p>\n<p><strong>Merk:<\/strong>\u00a0Denne turen er privat. (Bare du og din familie eller venner og reiselederen).<\/p>\n<p>&nbsp;<\/p>\n<h4><b>Inkluderinger og ekskluderinger<\/b><\/h4>\n<p>&nbsp;<\/p>\n<p><b>Inkluderinger<\/b><\/p>\n<p>&nbsp;<\/p>\n<ol>\n<li>Buffet lunsj p\u00e5 stranden.<\/li>\n<li>Tur guide<\/li>\n<li>kajakker, padleboarding<\/li>\n<li>Redningsvest<\/li>\n<li>Snorkelsett<\/li>\n<li>Alle skatter, avgifter og h\u00e5ndteringskostnader.<\/li>\n<li>Lokale skatter<\/li>\n<li>Drikkevarer (flaske vann per person)<\/li>\n<\/ol>\n<p><b>Ekskluderinger<\/b><\/p>\n<ol>\n<li>Tips<\/li>\n<li>Biloverf\u00f8ring<\/li>\n<li>Alkohol<\/li>\n<\/ol>\n<p>&nbsp;<\/p>\n<h4><em><strong>Avreise og retur<\/strong><\/em><\/h4>\n<p>Denne turen starter klokken 8.00 og slutter rundt klokken 16.00. Men fordi det blir en privat tur, kan du stille inn start- og sluttid.<\/p>\n<p>Den reisende vil f\u00e5 et m\u00f8tepunkt etter bestillingsprosessen. Turer starter og slutter ved m\u00f8testedene v\u00e5re.<\/p>\n<p>&nbsp;<\/p>\n<h4><b><i>Hva \u00e5 forvente?<\/i><\/b><\/h4>\n<p>&nbsp;<\/p>\n<p><em><strong>Skaff deg billetter<\/strong><\/em>\u00a0for kajakkpadling og snorkling i Samana Bay. 40 minutter med uforlignelig panoramautsikt over Saman\u00e1-bukten fra havet med kajakk og snorkling i det krystallklare vannet p\u00e5 en n\u00e6rliggende strand i den ber\u00f8mte Cayo Levantado\/Bacardi. Typisk dominikansk lunsj p\u00e5 stranden. I hvalsafarisesongen er det en sjanse til \u00e5 se kn\u00f8lhval.<\/p>\n<p>Kajakk- og snorkelturen, organisert av &quot;Booking Adventures&quot;, starter p\u00e5 m\u00f8tepunktet som er satt med turguiden. Lunsj p\u00e5 stranden og du kan bli s\u00e5 lenge du vil bade. Hvis du er veganer kan vi ogs\u00e5 lage mat til deg.<\/p>\n<p><strong>Kalender:<\/strong><\/p>\n<p>8:00 \u2013 16:00<\/p>\n<p>&nbsp;<\/p>\n<h4><em><strong>Hva b\u00f8r du ta med?<\/strong><\/em><\/h4>\n<ul>\n<li>Kamera<\/li>\n<li>H\u00e5ndkle<\/li>\n<li>beskyttelse mot solen<\/li>\n<li>Hatt<\/li>\n<li>Komfortable bukser og sko.<\/li>\n<li>Sandaler til stranden<\/li>\n<li>Sv\u00f8mmer kjole<\/li>\n<li>Kontanter for suvenirer<\/li>\n<\/ul>\n<p>&nbsp;<\/p>\n<h4><b><i>Hotellhenting<\/i><\/b><\/h4>\n<p>Hotellhenting tilbys ikke for denne turen.<\/p>\n<p>&nbsp;<\/p>\n<p><b>Merk:<\/b>\u00a0Hvis du foretar bestillingen innen 24 timer f\u00f8r avreisetidspunktet for turen\/utflukten, kan vi arrangere hotellhenting mot ekstra kostnader. N\u00e5r kj\u00f8pet er fullf\u00f8rt, vil vi sende deg den fullstendige kontaktinformasjonen (telefonnummer, e-postadresse osv.) til v\u00e5r lokale reiseguide for \u00e5 arrangere henting.<\/p>\n<h4><b><i>Bekreftelse av tilleggsinformasjon<\/i><\/b><\/h4>\n<ol>\n<li>Billetter er kvitteringen etter betaling for denne turen. Du kan vise betalingen p\u00e5 telefonen.<\/li>\n<li>M\u00f8tepunktet vil bli mottatt etter bestillingsprosessen.<\/li>\n<li>Barn m\u00e5 v\u00e6re i f\u00f8lge med en voksen.<\/li>\n<li>Tilgjengelig for rullestol<\/li>\n<li>Babyer b\u00f8r sitte p\u00e5 fanget.<\/li>\n<li>De fleste reisende er kvalifisert til \u00e5 delta.<\/li>\n<\/ol>\n<h4><b><i>Avbestillingsregler<\/i><\/b><\/h4>\n<p>For full refusjon m\u00e5 du avbestille minst 24 timer f\u00f8r opplevelsens startdato.<\/p>\n<\/div>\n<\/div>\n<\/div>\n<\/div>\n<\/div>\n<\/div>\n<\/div>\n<\/div>\n<\/div>\n<\/div>\n<\/div>\n<\/div>\n<div class=\"vc_row wpb_row vc_row-fluid\">\n<div class=\"wpb_column vc_column_container vc_col-sm-12\">\n<div class=\"vc_column-inner\">\n<div class=\"wpb_wrapper\">\n<div class=\"vc_empty_space\"><\/div>\n<div class=\"wpb_text_column wpb_content_element\">\n<div class=\"wpb_wrapper\">\n<h4>Kontakt oss?<\/h4>\n<h5><b><i>Eventyrbestillinger<\/i><\/b><\/h5>\n<p><em>Turistguider og gjestetjenester.\u00a0<strong>lokale<\/strong>\u00a0og\u00a0<strong>nasjonal<\/strong><\/em><\/p>\n<p><span class=\"text-turquoise\">Reservasjoner:<\/span>\u00a0Turer og utflukter i Dom. Representanter.<\/p>\n<p>\ud83d\udcde Telefon\/Whatsapp\u00a0<a href=\"tel: 1-809-720-6035\">+ 1-809-720-6035<\/a>\u00a0.<\/p>\n<p>\ud83d\udce9\u00a0<a href=\"mailto:info@bookingadventures.com.do\">info@bookingadventures.com.do<\/a><\/p>\n<p><strong>Vi er private turer med fleksibel konfigurasjon av Whatsapp:\u00a0<a href=\"tel: 18097206035\">+18097206035.<\/a><\/strong><\/p>\n<\/div>\n<\/div>\n<\/div>\n<\/div>\n<\/div>\n<\/div>\n\n\t\t<\/div>\n\t<\/div>\n<\/div><\/div><\/div><\/div>","protected":false},"excerpt":{"rendered":"<p>Privat kajakk- og snorkletur i Samana Bay, Den dominikanske republikk med lokale turguider. Sett gjerne starttidspunktet som passer deg best. Bestill denne Samana Bay-utflukten n\u00e5 for \u00e5 leve det ekte karibiske eventyret.<\/p>\n<p>Merk: Denne turen er privat!<\/p>\n<p>&nbsp;<\/p>\n<p><em><strong>Velg dato for turen:<\/strong><\/em><\/p>","protected":false},"featured_media":13413,"template":"","meta":[],"product_cat":[255,946,655],"product_tag":[184,328,208,327,187,342,433,276],"class_list":["post-11569","product","type-product","status-publish","has-post-thumbnail","hentry","product_cat-tours-excursions-samana-bay-dominican-republic","product_cat-1-sabana-de-la-mar","product_cat-1-samana","product_tag-bacardi-island","product_tag-cayo-levantado-day-pass","product_tag-kayaking-dominican-republic","product_tag-private-tours-samana","product_tag-samana-tours","product_tag-samana-whale-watching","product_tag-snorkeling","product_tag-whale-samana"],"_links":{"self":[{"href":"https:\/\/www.boattoursamana.com\/nb\/wp-json\/wp\/v2\/product\/11569","targetHints":{"allow":["GET"]}}],"collection":[{"href":"https:\/\/www.boattoursamana.com\/nb\/wp-json\/wp\/v2\/product"}],"about":[{"href":"https:\/\/www.boattoursamana.com\/nb\/wp-json\/wp\/v2\/types\/product"}],"wp:featuredmedia":[{"embeddable":true,"href":"https:\/\/www.boattoursamana.com\/nb\/wp-json\/wp\/v2\/media\/13413"}],"wp:attachment":[{"href":"https:\/\/www.boattoursamana.com\/nb\/wp-json\/wp\/v2\/media?parent=11569"}],"wp:term":[{"taxonomy":"product_cat","embeddable":true,"href":"https:\/\/www.boattoursamana.com\/nb\/wp-json\/wp\/v2\/product_cat?post=11569"},{"taxonomy":"product_tag","embeddable":true,"href":"https:\/\/www.boattoursamana.com\/nb\/wp-json\/wp\/v2\/product_tag?post=11569"}],"curies":[{"name":"wp","href":"https:\/\/api.w.org\/{rel}","templated":true}]}}