{"id":11676,"date":"2020-11-12T13:34:41","date_gmt":"2020-11-12T13:34:41","guid":{"rendered":"https:\/\/www.ticketswhales.com\/?post_type=product&#038;p=11676"},"modified":"2023-11-07T21:31:56","modified_gmt":"2023-11-07T21:31:56","slug":"snorkel-cayo-levantado-and-farola-island-snorkeling","status":"publish","type":"product","link":"https:\/\/www.boattoursamana.com\/nb\/omvisning\/snorkle-cayo-levantado-og-farola-island-snorkling","title":{"rendered":"Snorkle Cayo Levantado og Farola-\u00f8ya Snorkling"},"content":{"rendered":"<div class=\"vc_row wpb_row vc_row-fluid\" ><div class=\"wpb_column vc_column_container vc_col-sm-12\"><div class=\"vc_column-inner\"><div class=\"wpb_wrapper\"><div class=\"vc_empty_space\"   style=\"height: 32px\"><span class=\"vc_empty_space_inner\"><\/span><\/div><div class=\"mkdf-section-title-holder\" style=\"text-align: left\">\n\t<div class=\"mkdf-st-inner\">\n\t\t\t\t\t<h5 class=\"mkdf-st-subtitle\" >\n\t\t\t\tFra Saman\u00e1 havn Privat tur\t\t\t<\/h5>\n\t\t\t\t\t\t\t<h3 class=\"mkdf-st-title\" >\n\t\t\t\tSnorkle Cayo Levantado og Farola-\u00f8ya Snorkling\t\t\t<\/h3>\n\t\t\t\t\t<\/div>\n<\/div><div class=\"vc_empty_space\"   style=\"height: 32px\"><span class=\"vc_empty_space_inner\"><\/span><\/div><\/div><\/div><\/div><\/div><div class=\"vc_row wpb_row vc_row-fluid\" ><div class=\"wpb_column vc_column_container vc_col-sm-12\"><div class=\"vc_column-inner\"><div class=\"wpb_wrapper\"><div class=\"vc_btn3-container vc_btn3-inline\" ><button class=\"vc_general vc_btn3 vc_btn3-size-md vc_btn3-shape-rounded vc_btn3-style-modern vc_btn3-color-green\">BESTILL N\u00c5<\/button><\/div>\n\t<div class=\"wpb_text_column wpb_content_element\" >\n\t\t<div class=\"wpb_wrapper\">\n\t\t\t<div class=\"vc_row wpb_row vc_row-fluid\">\n<div class=\"wpb_column vc_column_container vc_col-sm-12\">\n<div class=\"vc_column-inner\">\n<div class=\"wpb_wrapper\">\n<div class=\"wpb_text_column wpb_content_element\">\n<div class=\"wpb_wrapper\">\n<div class=\"vc_row wpb_row vc_row-fluid\">\n<div class=\"wpb_column vc_column_container vc_col-sm-12\">\n<div class=\"vc_column-inner\">\n<div class=\"wpb_wrapper\">\n<div class=\"wpb_text_column wpb_content_element\">\n<div class=\"wpb_wrapper\">\n<h4><b><i>Oversikt<\/i><\/b><\/h4>\n<p>Vi skal reise rundt p\u00e5 \u00f8ya Cayo Levantado og Farola, er spesielle sm\u00e5 \u00f8yer i Samana-bukten som er hjemsted for ekstraordin\u00e6rt marint liv - inkludert skilpadder, kn\u00f8lhvaler, hummere og delfiner!<\/p>\n<p><strong>Merk:<\/strong> Denne turen er privat. (Bare du og familie eller venner og reiseleder).<\/p>\n<p>&nbsp;<\/p>\n<h4><b>Inkluderinger og ekskluderinger<\/b><\/h4>\n<p>&nbsp;<\/p>\n<p><b>Inkluderinger<\/b><\/p>\n<p>&nbsp;<\/p>\n<ol>\n<li>Tur guide<\/li>\n<li>B\u00e5ttur<\/li>\n<li>Redningsvest<\/li>\n<li>Snorklesett<\/li>\n<li>Alle skatter, avgifter og h\u00e5ndteringskostnader<\/li>\n<li>Lokale skatter<\/li>\n<li>Drikkevarer (flaske vann per person)<\/li>\n<\/ol>\n<p><b>Ekskluderinger<\/b><\/p>\n<ol>\n<li>Drikkepenger<\/li>\n<li>Lunsj (ekstra kostnad 15 USD) per person.<\/li>\n<li>Lunsj med hummer (ekstra kostnad 25 USD) per person.<\/li>\n<li>Overf\u00f8r bil<\/li>\n<li>Alkoholholdige drinker<\/li>\n<\/ol>\n<p>&nbsp;<\/p>\n<h4><em><strong>Avreise og retur<\/strong><\/em><\/h4>\n<p>Denne turen starter kl. 08.03 og slutter rundt kl. 12.15. Men fordi det blir en privat tur kan du stille inn tidspunktet for start og slutt.<\/p>\n<p>Den reisende vil f\u00e5 et m\u00f8tepunkt etter reservasjonsprosessen. Turer starter og slutter i m\u00f8testedene v\u00e5re.<\/p>\n<p>&nbsp;<\/p>\n<h4><b><i>Hva \u00e5 forvente?<\/i><\/b><\/h4>\n<p>Snorkleutflukt med en ekspertguide for \u00e5 nyte marint dyreliv fra overflaten, med finner og maske; Vi vil oppdage den paradisiske Cayo Levantado-\u00f8ya, snorkle p\u00e5 to forskjellige steder under reisen og nyte denne fascinerende stranden som ikke har tilgang til kj\u00f8ret\u00f8y (Varighet 4 timer).<\/p>\n<p>Vi drar fra m\u00f8tepunktet i Samana hovedhavn klokken 8:30 om morgenen, etter 25 minutters navigasjon kommer vi til det f\u00f8rste snorklepunktet kalt Cayo Farola, vi snorkler 45 minutter og fortsetter til Cayo Levantado-stranden, hvor vi kan sv\u00f8mme . , snorkle litt mer, eller bare nyt denne fantastiske stranden.<\/p>\n<p>Vi vil nyte en sandwich, rom, brus og vann, og klokken 12 p\u00e5 dagen drar vi tilbake til Samana havn eller bor p\u00e5 Cayo levantado. Etter dette g\u00e5r vi tilbake til utgangspunktet. Andre ting \u00e5 merke seg alle utflukter gj\u00f8res med b\u00e5t.<\/p>\n<p><strong>Rutetabell:<\/strong><\/p>\n<p>8.30\u201312.15<\/p>\n<p>&nbsp;<\/p>\n<h4><em><strong>Hva b\u00f8r du ta med?<\/strong><\/em><\/h4>\n<ul>\n<li>Kamera<\/li>\n<li>H\u00e5ndkle<\/li>\n<li>beskyttelse mot solen<\/li>\n<li>Hatt<\/li>\n<li>Komfortable bukser og sko<\/li>\n<li>Sandaler til stranden<\/li>\n<li>Badet\u00f8y<\/li>\n<li>Kontanter for suvenirer<\/li>\n<\/ul>\n<p>&nbsp;<\/p>\n<h4><b><i>Hotellhenting<\/i><\/b><\/h4>\n<p>Hotellhenting tilbys ikke for denne turen.<\/p>\n<p>&nbsp;<\/p>\n<p><b>Merk:<\/b>\u00a0hvis du bestiller innen 24 timer etter turens\/utfluktens avgangstid, kan vi ordne hotellhenting med ekstra kostnader. N\u00e5r kj\u00f8pet er fullf\u00f8rt, vil vi sende deg fullstendig kontaktinformasjon (telefonnummer, e-postadresse osv.) slik at v\u00e5r lokale turguide kan organisere hentingsordninger.<\/p>\n<h4><b><i>Bekreftelse av tilleggsinformasjon<\/i><\/b><\/h4>\n<ol>\n<li>Billetter er kvitteringen etter \u00e5 ha betalt denne turen. Du kan vise betalingen p\u00e5 telefonen.<\/li>\n<li>M\u00f8tepunkt vil bli mottatt etter reservasjonsprosessen.<\/li>\n<li>Barn m\u00e5 v\u00e6re i f\u00f8lge med en voksen.<\/li>\n<li>tilgjengelig for rullestol<\/li>\n<li>Spedbarn m\u00e5 sitte p\u00e5 fanget<\/li>\n<li>De fleste reisende kan delta<\/li>\n<\/ol>\n<h4><b><i>Avbestillingsregler<\/i><\/b><\/h4>\n<p>For full refusjon, vennligst les v\u00e5re avbestillingsregler\u00a0<a href=\"https:\/\/www.boattoursamana.com\/nb\/online-booking\/\" target=\"_blank\" rel=\"noopener\" data-saferedirecturl=\"https:\/\/www.google.com\/url?q=https:\/\/www.boattoursamana.com\/online-booking\/&amp;source=gmail&amp;ust=1672449202351000&amp;usg=AOvVaw1yAeVAPktmaVCqDujgUn90\">Klikk her<\/a>. Midler vil g\u00e5 tapt dersom reservasjonen kanselleres samme dag p\u00e5 reisen.<\/p>\n<\/div>\n<\/div>\n<\/div>\n<\/div>\n<\/div>\n<\/div>\n<\/div>\n<\/div>\n<\/div>\n<\/div>\n<\/div>\n<\/div>\n<div class=\"vc_row wpb_row vc_row-fluid\">\n<div class=\"wpb_column vc_column_container vc_col-sm-12\">\n<div class=\"vc_column-inner\">\n<div class=\"wpb_wrapper\">\n<div class=\"wpb_text_column wpb_content_element\">\n<div class=\"wpb_wrapper\">\n<h4>Kontakt oss?<\/h4>\n<h5><b><i>Booking Adventures<\/i><\/b><\/h5>\n<p><em><strong>Lokalbefolkningen<\/strong>\u00a0og\u00a0<strong>Nationals<\/strong>\u00a0Turguider og gjestetjenester<\/em><\/p>\n<p><span class=\"text-turquoise\">Reservasjoner:<\/span>\u00a0Turer og utflukter i Dom. Rep.<\/p>\n<p><img decoding=\"async\" class=\"emoji\" draggable=\"false\" src=\"https:\/\/s.w.org\/images\/core\/emoji\/11.2.0\/svg\/1f4de.svg\" alt=\"\ud83d\udcde\" title=\"\">\u00a0Tlf \/ Whatsapp\u00a0\u00a0<a href=\"tel:+1-809-720-6035\">+1-809-720-6035<\/a>.<\/p>\n<p><img decoding=\"async\" class=\"emoji\" draggable=\"false\" src=\"https:\/\/s.w.org\/images\/core\/emoji\/11.2.0\/svg\/1f4e9.svg\" alt=\"\ud83d\udce9\" title=\"\">\u00a0<a href=\"mailto:info@bookingadventures.com.do\">info@bookingadventures.com.do<\/a><\/p>\n<p><strong>Vi er fleksible med private turer av Whatsapp:\u00a0<a href=\"tel:+18097206035\">+18097206035.<\/a><\/strong><\/p>\n<\/div>\n<\/div>\n<\/div>\n<\/div>\n<\/div>\n<\/div>\n\n\t\t<\/div>\n\t<\/div>\n<\/div><\/div><\/div><\/div><div class=\"vc_row wpb_row vc_row-fluid\" ><div class=\"wpb_column vc_column_container vc_col-sm-12\"><div class=\"vc_column-inner\"><div class=\"wpb_wrapper\"><div class=\"vc_btn3-container vc_btn3-inline\" ><button class=\"vc_general vc_btn3 vc_btn3-size-md vc_btn3-shape-rounded vc_btn3-style-modern vc_btn3-color-green\">BESTILL N\u00c5<\/button><\/div><\/div><\/div><\/div><\/div>","protected":false},"excerpt":{"rendered":"<p>Vi skal reise rundt p\u00e5 \u00f8ya Cayo Levantado og Cayo Farola, de er spesielle sm\u00e5 \u00f8yer i Samana-bukten som er hjemsted for ekstraordin\u00e6rt marint liv, inkludert skilpadder, kn\u00f8lhval, hummer og delfiner!<\/p>\n<p>Merk: Denne turen er privat!<\/p>\n<p>Velg dato for turen:<\/p>","protected":false},"featured_media":11683,"template":"","meta":[],"product_cat":[255,655],"product_tag":[184,328,327,187,342,433,276],"class_list":["post-11676","product","type-product","status-publish","has-post-thumbnail","hentry","product_cat-tours-excursions-samana-bay-dominican-republic","product_cat-1-samana","product_tag-bacardi-island","product_tag-cayo-levantado-day-pass","product_tag-private-tours-samana","product_tag-samana-tours","product_tag-samana-whale-watching","product_tag-snorkeling","product_tag-whale-samana"],"_links":{"self":[{"href":"https:\/\/www.boattoursamana.com\/nb\/wp-json\/wp\/v2\/product\/11676","targetHints":{"allow":["GET"]}}],"collection":[{"href":"https:\/\/www.boattoursamana.com\/nb\/wp-json\/wp\/v2\/product"}],"about":[{"href":"https:\/\/www.boattoursamana.com\/nb\/wp-json\/wp\/v2\/types\/product"}],"wp:featuredmedia":[{"embeddable":true,"href":"https:\/\/www.boattoursamana.com\/nb\/wp-json\/wp\/v2\/media\/11683"}],"wp:attachment":[{"href":"https:\/\/www.boattoursamana.com\/nb\/wp-json\/wp\/v2\/media?parent=11676"}],"wp:term":[{"taxonomy":"product_cat","embeddable":true,"href":"https:\/\/www.boattoursamana.com\/nb\/wp-json\/wp\/v2\/product_cat?post=11676"},{"taxonomy":"product_tag","embeddable":true,"href":"https:\/\/www.boattoursamana.com\/nb\/wp-json\/wp\/v2\/product_tag?post=11676"}],"curies":[{"name":"wp","href":"https:\/\/api.w.org\/{rel}","templated":true}]}}