{"id":11750,"date":"2020-12-03T12:24:44","date_gmt":"2020-12-03T12:24:44","guid":{"rendered":"https:\/\/www.ticketswhales.com\/?post_type=product&#038;p=11750"},"modified":"2023-11-07T21:25:16","modified_gmt":"2023-11-07T21:25:16","slug":"bahia-de-las-aguilas-beach-day-trip-by-boat-day-pass-pedernales","status":"publish","type":"product","link":"https:\/\/www.boattoursamana.com\/nb\/omvisning\/bahia-de-las-aguilas-stranddagstur-med-bat-dagskort-pedernales-2","title":{"rendered":"Bah\u00eda de las Aguilas: Stranddagstur med b\u00e5t \u2013 Dagskort \u2013 Pedernales"},"content":{"rendered":"<div class=\"vc_row wpb_row vc_row-fluid\" ><div class=\"wpb_column vc_column_container vc_col-sm-12\"><div class=\"vc_column-inner\"><div class=\"wpb_wrapper\"><div class=\"vc_btn3-container vc_btn3-inline\" ><button class=\"vc_general vc_btn3 vc_btn3-size-md vc_btn3-shape-rounded vc_btn3-style-modern vc_btn3-color-green\">BESTILL N\u00c5<\/button><\/div><div class=\"mkdf-section-title-holder\" style=\"text-align: left\">\n\t<div class=\"mkdf-st-inner\">\n\t\t\t\t\t<h5 class=\"mkdf-st-subtitle\" >\n\t\t\t\tDagspass - Snorkling og lunsj\t\t\t<\/h5>\n\t\t\t\t\t\t\t<h3 class=\"mkdf-st-title\" >\n\t\t\t\tBah\u00eda de las Aguilas: Stranddagstur med b\u00e5t\t\t\t<\/h3>\n\t\t\t\t\t<\/div>\n<\/div><\/div><\/div><\/div><\/div><div class=\"vc_row wpb_row vc_row-fluid\" ><div class=\"wpb_column vc_column_container vc_col-sm-12\"><div class=\"vc_column-inner\"><div class=\"wpb_wrapper\">\n\t<div class=\"wpb_text_column wpb_content_element\" >\n\t\t<div class=\"wpb_wrapper\">\n\t\t\t<h4><b><i>Oversikt<\/i><\/b><\/h4>\n<p>Nyt en dag p\u00e5 stranden og la hum\u00f8ret flyte, langt unna turistomr\u00e5dene og alt stresset. Kom og oppdag Jaragua nasjonalpark og Bahia de las \u00c1guilas. Kj\u00f8r langs en vakker vei med fantastisk utsikt over den lille havnen og fiskerlandsbyen Cabo Rojo. I Las Cuevas g\u00e5r du om bord i en b\u00e5t som tar deg med p\u00e5 en 15-minutters tur til en av de vakreste naturlige strendene i verden. Sanden p\u00e5 Bah\u00eda de las Aguilas er uber\u00f8rt og bukten dekker 8 km. Opplev et eksepsjonelt kystlandskap med krystallklart vann som skinner i nyanser som strekker seg fra turkis til opalbl\u00e5tt som smelter inn i horisonten. Lunsj serveres p\u00e5 stranden, sv\u00f8m eller snorkling og utforsk dette uber\u00f8rte naturparadiset.<\/p>\n<p>&nbsp;<\/p>\n<ul>\n<li>Lokal guide med sikkerhetserfaring i omr\u00e5det.<\/li>\n<li>Privat transport<\/li>\n<li>Avgifter inkludert<\/li>\n<li>Lunsj<\/li>\n<li>Lokal turguide p\u00e5 spansk, engelsk eller fransk.<\/li>\n<li>Vandring<\/li>\n<li>Snorkling<\/li>\n<\/ul>\n<h4><b>Inkluderinger og ekskluderinger<\/b><\/h4>\n<p>&nbsp;<\/p>\n<p><b>Inkluderinger<\/b><\/p>\n<ol>\n<li>Lokal guide med sikkerhetserfaring i omr\u00e5det.<\/li>\n<li>Privat transport for sm\u00e5 grupper<\/li>\n<li>Alle skatter, avgifter og h\u00e5ndteringskostnader<\/li>\n<li>Lokale skatter<\/li>\n<li>Lunsj<\/li>\n<li>Vandring<\/li>\n<li>Naturlige bassenger<\/li>\n<li>Snorkling<\/li>\n<li>Alle aktiviteter<\/li>\n<\/ol>\n<p><b>Ekskluderinger<\/b><\/p>\n<ol>\n<li>Drikkepenger<\/li>\n<li>Alle drinker<\/li>\n<\/ol>\n<h4><em><strong>Avreise og retur<\/strong><\/em><\/h4>\n<p>Den reisende vil f\u00e5 et m\u00f8tepunkt etter reservasjonsprosessen. Turer starter og slutter i m\u00f8testedene v\u00e5re.<\/p>\n<h2 class=\"styles__heading___mD4_3\" data-radium=\"true\">Bah\u00eda de las Aguilas: Stranddagstur med b\u00e5t -Dagskort - Snorkling og lunsj<\/h2>\n<h4><em>Hva \u00e5 forvente?<\/em><\/h4>\n<p>Playa de las Aguilas ble oppkalt etter den innf\u00f8dte \u00f8rnen. Turen er i privat transport fra Bahia de las Aguilas hvor den lar deg oppdage de naturlige underverkene til denne afrodisiakum-stranden p\u00e5 en helt annen og b\u00e6rekraftig m\u00e5te. Tilbring dagen p\u00e5 en naturtur i den s\u00f8rlige delen av landet hvor du vil bli kjent med Bahia de las Aguila, en av de vakreste strendene i Den dominikanske republikk, hvor vi ankommer med hurtigb\u00e5t til denne paradisiske stranden, et omr\u00e5de fullt beskyttet av milj\u00f8lovgivningen. Tilbring en avslappende tid p\u00e5 Bahia de las Aguilas, et ubebodd naturreservat og nasjonalpark, og nyt en grill-stil lunsj i hulene.<\/p>\n<p>Det stille havet og den lette vinden vil hindre deg i \u00e5 lide for mye av sol og varme. Bli en oppdagelsesreisende for dagen og oppdag et \u00f8kologisk, naturlig og totalt uber\u00f8rt paradis. Du kan observere mer enn 130 fuglearter, hvorav 76 lever permanent i bukten, 10 er endemiske og 47 er migranter.<\/p>\n<p>08.30 \u2013 Avgang fra Meeting Point<br \/>\n08.45 \u2013 Avgang med b\u00e5t fra landsbyen La Cueva til Bahia de las Aguilas<br \/>\n12.30 \u2013 Typisk lunsj p\u00e5 stranden<br \/>\n03.00 \u2013 Retur til La Cueva<br \/>\n05.30 \u2013 Ankomst til m\u00f8tepunktet<\/p>\n<h4><em><strong>Hva b\u00f8r du ta med?<\/strong><\/em><\/h4>\n<ul>\n<li>Kamera<\/li>\n<li>Avvisende knopper<\/li>\n<li>Solkrem<\/li>\n<li>Vann<\/li>\n<li>Hatt<\/li>\n<li>Komfortable bukser<\/li>\n<li>Tursko for skog<\/li>\n<li>Sandaler til v\u00e5romr\u00e5dene.<\/li>\n<li>Badet\u00f8y<\/li>\n<\/ul>\n<p>&nbsp;<\/p>\n<h4><b><i>Hotellhenting<\/i><\/b><\/h4>\n<p>Hotellhenting tilbys for denne turen med ekstra kostnader.<\/p>\n<p><b>Merk:<\/b> Hvis du bestiller innen 24 timer etter turens\/utfluktens avgangstid, kan vi ordne hotellhenting. Vi henter akkurat i Pedernales-omr\u00e5det. N\u00e5r kj\u00f8pet er fullf\u00f8rt, vil vi sende deg fullstendig kontaktinformasjon (telefonnummer, e-postadresse osv.) slik at v\u00e5r lokale turguide kan organisere hentingsordninger.<\/p>\n<h4><b><i>Bekreftelse av tilleggsinformasjon<\/i><\/b><\/h4>\n<ol>\n<li>Billetter er kvitteringen etter \u00e5 ha betalt denne turen. Du kan vise betalingen p\u00e5 telefonen.<\/li>\n<li>M\u00f8tepunkt vil bli mottatt etter reservasjonsprosessen.<\/li>\n<li>Barn m\u00e5 v\u00e6re i f\u00f8lge med en voksen.<\/li>\n<li>Ikke tilgjengelig for rullestolbrukere<\/li>\n<li>Spedbarn m\u00e5 sitte p\u00e5 fanget<\/li>\n<li>Anbefales ikke for reisende med ryggproblemer<\/li>\n<li>Anbefales ikke for gravide reisende<\/li>\n<li>Ingen hjerteproblemer eller andre alvorlige medisinske tilstander<\/li>\n<li>De fleste reisende kan delta<\/li>\n<\/ol>\n<h4><b><i>Avbestillingsregler<\/i><\/b><\/h4>\n<p>For full refusjon, vennligst les v\u00e5re avbestillingsregler\u00a0<a href=\"https:\/\/www.boattoursamana.com\/nb\/online-booking\/\" target=\"_blank\" rel=\"noopener\" data-saferedirecturl=\"https:\/\/www.google.com\/url?q=https:\/\/www.boattoursamana.com\/online-booking\/&amp;source=gmail&amp;ust=1672449202351000&amp;usg=AOvVaw1yAeVAPktmaVCqDujgUn90\">Klikk her<\/a>. Midler vil g\u00e5 tapt dersom reservasjonen kanselleres samme dag p\u00e5 reisen.<\/p>\n\n\t\t<\/div>\n\t<\/div>\n<\/div><\/div><\/div><\/div><div class=\"vc_row wpb_row vc_row-fluid\" ><div class=\"wpb_column vc_column_container vc_col-sm-12\"><div class=\"vc_column-inner\"><div class=\"wpb_wrapper\"><div class=\"vc_btn3-container vc_btn3-inline\" ><button class=\"vc_general vc_btn3 vc_btn3-size-md vc_btn3-shape-rounded vc_btn3-style-modern vc_btn3-color-green\">BESTILL N\u00c5<\/button><\/div><\/div><\/div><\/div><\/div>","protected":false},"excerpt":{"rendered":"<p><span style=\"vertical-align: inherit;\"><span style=\"vertical-align: inherit;\">Kj\u00f8p en dagsbillett til Bahia las Aguilas fra Pedernales-omr\u00e5dene. Nyt en dag p\u00e5 stranden og la hum\u00f8ret flyte, vekk fra turistomr\u00e5dene og alt stresset. Kom og oppdag Jaragua nasjonalpark og Bah\u00eda de las \u00c1guilas. Kj\u00f8r langs en vakker vei med fantastisk utsikt over den lille havnen og fiskerlandsbyen Cabo Rojo. P\u00e5 Las Cuevas g\u00e5r du ombord i en b\u00e5t som tar deg med p\u00e5 en 15-minutters tur til en av de vakreste naturlige strendene i verden. Sanden i Bay of Eagles er uber\u00f8rt og bukten dekker 8 km.<\/span><\/span><\/p>\n<p>Opplev et eksepsjonelt kystlandskap med krystallklart vann som glitrer i nyanser som spenner fra turkis til opalbl\u00e5tt som smelter i horisonten. Lunsj serveres p\u00e5 stranden, sv\u00f8m eller snorkle og utforsk dette uber\u00f8rte naturparadiset.<\/p>\n<p><em><strong>Velg dagen for denne turen:<\/strong><\/em><\/p>","protected":false},"featured_media":9739,"template":"","meta":[],"product_cat":[549,160],"product_tag":[557,554,555,563,560,556,564,559,553,567,566,561,565,558,562],"class_list":["post-11750","product","type-product","status-publish","has-post-thumbnail","hentry","product_cat-bahia-de-las-aguilas-dominican-republic","product_cat-lunch","product_tag-bahia-de-las-aguilas","product_tag-bahia-de-las-aguilas-pedernales","product_tag-bahia-de-las-aguilas-beach-tour","product_tag-bahia-de-las-aguilas-hoteles","product_tag-bahia-de-las-aguilas-map","product_tag-bahia-de-las-aguilas-private-tour","product_tag-bahia-de-las-aguilas-republica-dominicana-hotel","product_tag-bahia-de-las-aguilas-tour-from-punta-cana","product_tag-bahia-de-las-aguilas-beach-day-trip-by-boat","product_tag-bahia-las-aguilas-tours","product_tag-barahona-tours","product_tag-closest-airport-to-bahia-de-las-aguilas","product_tag-hotel-barahona","product_tag-playa-bahia-de-las-aguilas-dominican-republic","product_tag-tours-a-bahia-de-las-aguilas-desde-santo-domingo"],"_links":{"self":[{"href":"https:\/\/www.boattoursamana.com\/nb\/wp-json\/wp\/v2\/product\/11750","targetHints":{"allow":["GET"]}}],"collection":[{"href":"https:\/\/www.boattoursamana.com\/nb\/wp-json\/wp\/v2\/product"}],"about":[{"href":"https:\/\/www.boattoursamana.com\/nb\/wp-json\/wp\/v2\/types\/product"}],"wp:featuredmedia":[{"embeddable":true,"href":"https:\/\/www.boattoursamana.com\/nb\/wp-json\/wp\/v2\/media\/9739"}],"wp:attachment":[{"href":"https:\/\/www.boattoursamana.com\/nb\/wp-json\/wp\/v2\/media?parent=11750"}],"wp:term":[{"taxonomy":"product_cat","embeddable":true,"href":"https:\/\/www.boattoursamana.com\/nb\/wp-json\/wp\/v2\/product_cat?post=11750"},{"taxonomy":"product_tag","embeddable":true,"href":"https:\/\/www.boattoursamana.com\/nb\/wp-json\/wp\/v2\/product_tag?post=11750"}],"curies":[{"name":"wp","href":"https:\/\/api.w.org\/{rel}","templated":true}]}}