{"id":12004,"date":"2021-01-16T16:21:26","date_gmt":"2021-01-16T16:21:26","guid":{"rendered":"https:\/\/www.ticketswhales.com\/Tours-Excursions\/uncategorized\/import-placeholder-for-8658\/"},"modified":"2023-11-07T21:11:43","modified_gmt":"2023-11-07T21:11:43","slug":"excursion-whale-watching-cayo-levantado-from-cap-cana-private-tour","status":"publish","type":"product","link":"https:\/\/www.boattoursamana.com\/nb\/omvisning\/utflukt-hvalsafari-cayo-levantado-fra-cap-cana-privat-tur","title":{"rendered":"Punta Cana \/ Cap Cana: Hvalsafari + Cayo Levantado (privat tur)"},"content":{"rendered":"<div class=\"wpb_column vc_column_container vc_col-sm-12\"><div class=\"vc_column-inner\"><div class=\"wpb_wrapper\"><div class=\"vc_btn3-container vc_btn3-inline\" ><a class=\"vc_general vc_btn3 vc_btn3-size-md vc_btn3-shape-rounded vc_btn3-style-modern vc_btn3-color-green\" href=\"https:\/\/bookingadventures.tours\/booking.php?tour_id=6ed21424a849c63fc6398949d1f80266\" title=\"\" rel=\"noopener\">BESTILL N\u00c5<\/a><\/div><\/div><\/div><\/div><div class=\"vc_row wpb_row vc_row-fluid\" ><div class=\"wpb_column vc_column_container vc_col-sm-12\"><div class=\"vc_column-inner\"><div class=\"wpb_wrapper\">\n\t<div class=\"wpb_text_column wpb_content_element\" >\n\t\t<div class=\"wpb_wrapper\">\n\t\t\t<div class=\"vc_row wpb_row vc_row-fluid\">\n<div class=\"wpb_column vc_column_container vc_col-sm-12\">\n<div class=\"vc_column-inner\">\n<div class=\"wpb_wrapper\">\n<div class=\"wpb_text_column wpb_content_element\">\n<div class=\"wpb_wrapper\">\n<h3>Utflukt hvalsafari + Cayo Levantado fra Punta Cana\/Cap Cana (privat tur)<\/h3>\n<p>Hvalsafari i Samana-bukten fra Punta Cana\/Cap Cana hoteller i privat transport. Denne turen starter mellom kl. 06.00 og 8.00 og slutter rundt kl. 19.00. Etter \u00e5 ha avbrutt b\u00e5ten v\u00e5r for \u00e5 bes\u00f8ke hvalene i deres eget habitat. Etter denne hvalturen bes\u00f8ker vi Bacardi Island \/ Cayo Levantado (valgfritt). P\u00e5 Bacardi Island vil det bli servert lunsjbuff\u00e9 fra en typisk dominikansk stil. N\u00e5r lunsjen er ferdig har du lov til \u00e5 sv\u00f8mme til kl. 16.00. Turen avsluttes i samme havn der den starter klokken 17.00. Etter dette tar vi deg tilbake til hotellet ditt.<\/p>\n<p>Merk: Dette er en privat tur med en minimumsbetaling p\u00e5 540 USD. Hvis du er mindre enn 4 personer, vennligst kontakt oss og vi sender deg en lenke hvor du kan bestille denne turen.\u00a0<strong><em>For \u00e5 bli med i en gruppe for hvalsafari med henting p\u00e5 hotellet, vennligst<\/em>\u00a0<\/strong><a href=\"https:\/\/www.boattoursamana.com\/nb\/Tours-Excursions\/tours-excursions-samana-bay-dominican-republic\/whale-watching-2020-in-punta-cana-to-samana-bay-cayo-levantado-bacardi-island-from-hotels\/\" data-mil=\"12004\">KLIKK HER.<\/a><\/p>\n<ul>\n<li>Hvalsafari Privat tur<\/li>\n<li>Inngangsavgifter til observatoriet<\/li>\n<li>Inkluderer lunsjbuff\u00e9 p\u00e5 stranden<\/li>\n<li>Privat overf\u00f8ring fra hotell<\/li>\n<li>Privat b\u00e5ttransport<\/li>\n<li>Kapteinen gir instruksjon og tilsyn<\/li>\n<li>Tur guide<\/li>\n<\/ul>\n<p>&nbsp;<\/p>\n<h4><b>Inkluderinger og ekskluderinger<\/b><\/h4>\n<p>&nbsp;<\/p>\n<p><b>Inkluderinger<\/b><\/p>\n<ol>\n<li>Buffet lunsj p\u00e5 stranden<\/li>\n<li>Tur guide<\/li>\n<li>Overf\u00f8r bil<\/li>\n<li>B\u00e5ttur<\/li>\n<li>Alle skatter, avgifter og h\u00e5ndteringskostnader<\/li>\n<li>Lokale skatter<\/li>\n<li>Drikkevarer<\/li>\n<\/ol>\n<p><b>Ekskluderinger<\/b><\/p>\n<ol>\n<li>Drikkepenger<\/li>\n<li>Alkoholholdige drinker<\/li>\n<\/ol>\n<p>&nbsp;<\/p>\n<h4><em><strong>Avreise og retur<\/strong><\/em><\/h4>\n<p>Den reisende vil f\u00e5 et m\u00f8tepunkt etter reservasjonsprosessen. Turene starter og slutter ved m\u00f8tepunktet.<\/p>\n<p>&nbsp;<\/p>\n<h4><b><i>Hva \u00e5 forvente?<\/i><\/b><\/h4>\n<p>&nbsp;<\/p>\n<p><em><strong>Skaff deg billetter<\/strong><\/em>\u00a0for en dag Hvalsafari privat fra Cap Cana til Samana-bukten, pluss en herlig lunsj og strandtid.<\/p>\n<p>Hvalsafari-turene er organisert av &quot;Booking Adventures&quot; som starter p\u00e5 m\u00f8tepunktet satt med turguiden. Lunsj p\u00e5 stranden og du kan bli s\u00e5 lenge du vil sv\u00f8mme rundt. Hvis du er veganer, kan vi ogs\u00e5 lage mat til deg.<\/p>\n<p><strong>Rutetabell:<\/strong><\/p>\n<p>Fleksibel<\/p>\n<p>&nbsp;<\/p>\n<h4><em><strong>Hva b\u00f8r du ta med?<\/strong><\/em><\/h4>\n<ul>\n<li>Kamera<\/li>\n<li>Avvisende knopper<\/li>\n<li>Solkrem<\/li>\n<li>Hatt<\/li>\n<li>Komfortable bukser<\/li>\n<li>Sandaler til stranden<\/li>\n<li>Badet\u00f8y<\/li>\n<li>Kontanter for suvenirer<\/li>\n<\/ul>\n<p>&nbsp;<\/p>\n<h4><b><i>Hotellhenting<\/i><\/b><\/h4>\n<p>Hotellhenting er inkludert for denne turen. Vi henter p\u00e5 et hvilket som helst hotell i Punta Cana \/ Cap Cana-omr\u00e5det.<\/p>\n<p>&nbsp;<\/p>\n<p><b>Merk:<\/b>\u00a0hvis du bestiller innen 24 timer etter turens\/utfluktens avgangstid, kan vi ordne hotellhenting med ekstra kostnader. N\u00e5r kj\u00f8pet er fullf\u00f8rt, vil vi sende deg fullstendig kontaktinformasjon (telefonnummer, e-postadresse osv.) slik at v\u00e5r lokale turguide kan organisere hentingsordninger.<\/p>\n<h4><b><i>Bekreftelse av tilleggsinformasjon<\/i><\/b><\/h4>\n<ol>\n<li>Billetter er kvitteringen etter \u00e5 ha betalt denne turen. Du kan vise betalingen p\u00e5 telefonen.<\/li>\n<li>M\u00f8tepunkt vil bli mottatt etter reservasjonsprosessen.<\/li>\n<li>Barn m\u00e5 v\u00e6re i f\u00f8lge med en voksen.<\/li>\n<li>tilgjengelig for rullestol<\/li>\n<li>Spedbarn m\u00e5 sitte p\u00e5 fanget<\/li>\n<li>De fleste reisende kan delta<\/li>\n<\/ol>\n<h4><b><i>Avbestillingsregler<\/i><\/b><\/h4>\n<p>For full refusjon m\u00e5 du avbestille minst 24 timer f\u00f8r startdatoen for opplevelsen.<\/p>\n<\/div>\n<\/div>\n<\/div>\n<\/div>\n<\/div>\n<\/div>\n<div class=\"vc_row wpb_row vc_row-fluid\">\n<div class=\"wpb_column vc_column_container vc_col-sm-12\">\n<div class=\"vc_column-inner\">\n<div class=\"wpb_wrapper\">\n<div class=\"wpb_text_column wpb_content_element\">\n<div class=\"wpb_wrapper\">\n<h4>Kontakt oss?<\/h4>\n<h5><b><i>TUR HVALER SAMANA<\/i><\/b><\/h5>\n<p><em><strong>Lokalbefolkningen<\/strong>\u00a0og\u00a0<strong>Nationals<\/strong>\u00a0Turguider og gjestetjenester<\/em><\/p>\n<p><span class=\"text-turquoise\">Reservasjoner:<\/span>\u00a0\u00a0Tours y Excursiones en Dom. Reps.<\/p>\n<p><img decoding=\"async\" class=\"emoji\" draggable=\"false\" src=\"https:\/\/s.w.org\/images\/core\/emoji\/11.2.0\/svg\/1f4de.svg\" alt=\"\ud83d\udcde\" title=\"\">\u00a0Tlf \/ Whatsapp\u00a0\u00a0\u00a0<a href=\"tel:+1-809-720-6035\">+ 1-809-720-6035<\/a>\u00a0.<\/p>\n<p data-wp-editing=\"1\"><a href=\"mailto:Reservabatour@gmail.com\"><img decoding=\"async\" class=\"emoji\" draggable=\"false\" src=\"https:\/\/s.w.org\/images\/core\/emoji\/11.2.0\/svg\/1f4e9.svg\" alt=\"\ud83d\udce9\" title=\"\"> Reservabatour@gmail.com<\/a><\/p>\n<p>&nbsp;<\/p>\n<\/div>\n<\/div>\n<\/div>\n<\/div>\n<\/div>\n<\/div>\n\n\t\t<\/div>\n\t<\/div>\n<div class=\"vc_btn3-container vc_btn3-inline\" ><a class=\"vc_general vc_btn3 vc_btn3-size-md vc_btn3-shape-rounded vc_btn3-style-modern vc_btn3-color-green\" href=\"https:\/\/bookingadventures.tours\/booking.php?tour_id=6ed21424a849c63fc6398949d1f80266\" title=\"\" rel=\"noopener\">BESTILL N\u00c5<\/a><\/div><\/div><\/div><\/div><\/div>","protected":false},"excerpt":{"rendered":"<p>Bestill turen din for en hvalsafari-opplevelse med start fra Cap Cana p\u00e5 en privat tur med profesjonelle milj\u00f8vernguider. Hvis du \u00f8nsker \u00e5 kontakte oss for r\u00e5d, vennligst send en e-post, Whatsapp eller samtaler tilgjengelig. Vennligst bestill billetter p\u00e5 forh\u00e5nd. I hvalsesongen er det mange bestillinger, og vi vil gjerne ha billettene dine trygge for deg.<\/p>\n<p>Merk: Dette er en privat tur med en minimumsbetaling p\u00e5 4 . Hvis du er mindre enn 4 personer, vennligst kontakt oss og vi sender deg en lenke hvor du kan bestille denne turen. For \u00e5 bli med i en hvalsafarigruppe med henting fra hotellet ditt, KLIKK HER.<\/p>\n<p><strong>Vennligst merk: Spedbarn (0 \u2013 23 m\u00e5neder) gratis, barn (2 \u2013 10 \u00e5r)<\/strong><\/p>\n<p><em><strong>Velg dato for turen:<\/strong><\/em><\/p>","protected":false},"featured_media":13304,"template":"","meta":[],"product_cat":[948,655,854,855,971,968,856,662,942,664],"product_tag":[296,682,683,186,667,342,668,524,669,276,274,525,670],"class_list":["post-12004","product","type-product","status-publish","has-post-thumbnail","hentry","product_cat-1-punta-cana","product_cat-1-samana","product_cat-cap-cana-whale-watching","product_cat-outdoor-activities","product_cat-punta-cana-private-tours","product_cat-punta-cana-whale-watching","product_cat-water-activities","product_cat-whale-watching","product_cat-whale-watching-private-tours","product_cat-whale-watching-punta-cana","product_tag-day-trip-punta-cana","product_tag-private-punta-cana","product_tag-punta-cana-whale-watching","product_tag-samana","product_tag-samana-tour","product_tag-samana-whale-watching","product_tag-whale","product_tag-whale-punta-cana","product_tag-whale-sabana-de-la-mar","product_tag-whale-samana","product_tag-whale-watching-dominican-republic","product_tag-whale-watching-punta-cana","product_tag-whales-trips"],"_links":{"self":[{"href":"https:\/\/www.boattoursamana.com\/nb\/wp-json\/wp\/v2\/product\/12004","targetHints":{"allow":["GET"]}}],"collection":[{"href":"https:\/\/www.boattoursamana.com\/nb\/wp-json\/wp\/v2\/product"}],"about":[{"href":"https:\/\/www.boattoursamana.com\/nb\/wp-json\/wp\/v2\/types\/product"}],"wp:featuredmedia":[{"embeddable":true,"href":"https:\/\/www.boattoursamana.com\/nb\/wp-json\/wp\/v2\/media\/13304"}],"wp:attachment":[{"href":"https:\/\/www.boattoursamana.com\/nb\/wp-json\/wp\/v2\/media?parent=12004"}],"wp:term":[{"taxonomy":"product_cat","embeddable":true,"href":"https:\/\/www.boattoursamana.com\/nb\/wp-json\/wp\/v2\/product_cat?post=12004"},{"taxonomy":"product_tag","embeddable":true,"href":"https:\/\/www.boattoursamana.com\/nb\/wp-json\/wp\/v2\/product_tag?post=12004"}],"curies":[{"name":"wp","href":"https:\/\/api.w.org\/{rel}","templated":true}]}}