{"id":12450,"date":"2021-03-27T06:52:26","date_gmt":"2021-03-27T06:52:26","guid":{"rendered":"https:\/\/www.ticketswhales.com\/?post_type=product&#038;p=12450"},"modified":"2023-03-22T10:10:45","modified_gmt":"2023-03-22T10:10:45","slug":"saona-island-rentals-rent-a-private-boat-small","status":"publish","type":"product","link":"https:\/\/www.boattoursamana.com\/nb\/omvisning\/saona-oyutleie-leie-en-privat-bat-liten","title":{"rendered":"Saona Island Rentals \u2013 Lei en privat b\u00e5t liten"},"content":{"rendered":"<div class=\"vc_row wpb_row vc_row-fluid\" ><div class=\"wpb_column vc_column_container vc_col-sm-12\"><div class=\"vc_column-inner\"><div class=\"wpb_wrapper\">\n\t<div class=\"wpb_text_column wpb_content_element\" >\n\t\t<div class=\"wpb_wrapper\">\n\t\t\t<p> <span style=\"vertical-align: inherit;\"><span style=\"vertical-align: inherit;\"><\/p>\n\n\t\t<\/div>\n\t<\/div>\n<\/div><\/div><\/div><\/div><div class=\"vc_row wpb_row vc_row-fluid\" ><\/div><div class=\"wpb_column vc_column_container vc_col-sm-12\"><div class=\"vc_column-inner\"><div class=\"wpb_wrapper\"><\/div><\/div><\/div><div class=\"vc_tta-container\" data-vc-action=\"collapse\"><div class=\"vc_general vc_tta vc_tta-tabs vc_tta-color-grey vc_tta-style-classic vc_tta-shape-rounded vc_tta-spacing-1 vc_tta-tabs-position-top vc_tta-controls-align-left\"><div class=\"vc_tta-tabs-container\"><ul class=\"vc_tta-tabs-list\"><\/ul><\/div><div class=\"vc_tta-panels-container\"><div class=\"vc_tta-panels\"><\/div><\/div><\/div><\/div><div class=\"vc_tta-panel vc_active\" id=\"1616582286467-74629ea8-fd69\" data-vc-content=\".vc_tta-panel-body\"><div class=\"vc_tta-panel-heading\"><h4 class=\"vc_tta-panel-title\"><a href=\"#1616582286467-74629ea8-fd69\" data-vc-accordion data-vc-container=\".vc_tta-container\"><span class=\"vc_tta-title-text\">Beskrivelse<\/span><\/a><\/h4><\/div><div class=\"vc_tta-panel-body\"><div class=\"vc_btn3-container vc_btn3-inline\" ><a class=\"vc_general vc_btn3 vc_btn3-size-md vc_btn3-shape-rounded vc_btn3-style-modern vc_btn3-color-green\" href=\"https:\/\/bookingadventures.tours\/booking.php?tour_id=c5b4dcf89f4d6ad59b861fe6cfa59959\" title=\"\" rel=\"noopener\">BESTILL N\u00c5<\/a><\/div>\n\t<div class=\"wpb_text_column wpb_content_element\" >\n\t\t<div class=\"wpb_wrapper\">\n\t\t\t<p>\u00a0<\/span><\/span><\/p>\n<div class=\"custom-left\">\n<div class=\"row\">\n<div class=\"col-md-12 cust-clas\">\n<div class=\"product-header alignleft\">\n<p><span style=\"vertical-align: inherit;\"><span style=\"vertical-align: inherit;\">SAONA \u00d8YEN \u2013 B\u00c5T \u2013 UTLEIE<\/span><\/span><\/p>\n<p><span style=\"vertical-align: inherit;\"><span style=\"vertical-align: inherit;\">HELDAGS PRIVAT CHARTER TIL SAONA ISLAND<\/span><\/span><\/p>\n<p><span style=\"vertical-align: inherit;\"><span style=\"vertical-align: inherit;\">FLEKSIBEL VARIGHET \u2013 MANDAG TIL S\u00d8NDAG<\/span><\/span><\/p>\n<\/div>\n<\/div>\n<\/div>\n<\/div>\n<div class=\"custom-left para-p\">\n<div class=\"info_content_label\">\n<p>&nbsp;<\/p>\n<p>&nbsp;<\/p>\n<p>&nbsp;<\/p>\n<p>&nbsp;<\/p>\n<p>Lei denne fantastiske b\u00e5ten for en hel dag for opptil 16 personer for \u00e5 bes\u00f8ke Saona-\u00f8ya.<\/p>\n<p><strong>GJELDER OGS\u00c5<\/strong><\/p>\n<ul>\n<li>Mannskap (Kapitan og kapteinsassistent)<\/li>\n<li>Brensel<\/li>\n<li>Iskj\u00f8ler med is<\/li>\n<\/ul>\n<p>Mat er tilgjengelig for en ekstra pris:<\/p>\n<p><strong>Detaljer om den tradisjonelle lunsjbuffeen, $15 USD p\/p:<\/strong><\/p>\n<p>-Gr\u00f8nn salat, russisk salat<br \/>\n-Br\u00f8d<br \/>\n-Moro de Guandule (dominikansk risstil) med kokosn\u00f8tt<br \/>\n- Pasta i tomatsaus<br \/>\n-Yuca-gryteretter<br \/>\n-Fisk og grillet kylling (dorado) + valgfri kokosmelksaus<br \/>\n-Fersk frukt<br \/>\n-1 alkoholfri drikke (brus eller vann)<br \/>\n-Kaffe<\/p>\n<p><strong>Ekstra Hummerservice + Kokosn\u00f8ttgodteri $19 USD (i tillegg).<\/strong><\/p>\n<\/div>\n<p><strong><label>Ikke inkludert:<\/label><\/strong> Drikke og mat er IKKE inkludert og kan ordnes mot en ekstra kostnad.<\/p>\n<p>&nbsp;<\/p>\n<\/div>\n<p>Hvis du trenger mer informasjon eller har sp\u00f8rsm\u00e5l, ikke n\u00f8l med \u00e5 kontakte oss via Whatsapp: +1-809-720-6035 eller Live chat. Vi tilbyr den beste prisen p\u00e5 nett!<\/p>\n<p>&nbsp;<\/p>\n<h4><b><i>Avbestillingsregler<\/i><\/b><\/h4>\n<p>For full refusjon, vennligst les v\u00e5re avbestillingsregler <a href=\"https:\/\/www.boattoursamana.com\/nb\/online-booking\/\" target=\"_blank\" rel=\"noopener\" data-saferedirecturl=\"https:\/\/www.google.com\/url?q=https:\/\/www.boattoursamana.com\/online-booking\/&amp;source=gmail&amp;ust=1672449202351000&amp;usg=AOvVaw1yAeVAPktmaVCqDujgUn90\">Klikk her<\/a>. Midler vil g\u00e5 tapt dersom reservasjonen kanselleres samme dag p\u00e5 reisen.<\/p>\n\n\t\t<\/div>\n\t<\/div>\n<\/div><\/div><div class=\"vc_tta-panel\" id=\"1616580432722-00be9baf-46e3\" data-vc-content=\".vc_tta-panel-body\"><div class=\"vc_tta-panel-heading\"><h4 class=\"vc_tta-panel-title\"><a href=\"#1616580432722-00be9baf-46e3\" data-vc-accordion data-vc-container=\".vc_tta-container\"><span class=\"vc_tta-title-text\">Pris<\/span><\/a><\/h4><\/div><div class=\"vc_tta-panel-body\"> <\/div><\/div><div class=\"mkdf-section-title-holder\" style=\"text-align: center\">\n\t<div class=\"mkdf-st-inner\">\n\t\t\t\t\t\t\t<h3 class=\"mkdf-st-title\" >\n\t\t\t\tPRIS\t\t\t<\/h3>\n\t\t\t\t\t<\/div>\n<\/div><div class=\"vc_empty_space\"   style=\"height: 32px\"><span class=\"vc_empty_space_inner\"><\/span><\/div><div class=\"vc_row wpb_row vc_row-fluid\" ><div class=\"wpb_column vc_column_container vc_col-sm-12\"><div class=\"vc_column-inner\"><div class=\"wpb_wrapper\"><div class=\"vc_btn3-container vc_btn3-inline\" ><a class=\"vc_general vc_btn3 vc_btn3-size-md vc_btn3-shape-rounded vc_btn3-style-modern vc_btn3-color-green\" href=\"https:\/\/bookingadventures.tours\/booking.php?tour_id=c5b4dcf89f4d6ad59b861fe6cfa59959\" title=\"\" rel=\"noopener\">BESTILL N\u00c5<\/a><\/div><\/div><\/div><\/div><\/div>","protected":false},"excerpt":{"rendered":"Descripci\u00f3nBOOK NOW \u00a0 SAONA ISLAND - BOAT - RENTAL FULL DAY PRIVATE CHARTER TO SAONA ISLAND FLEXIBLE DURATION - MONDAY TO SUNDAY &nbsp; &nbsp; &nbsp; &nbsp; Rent this fabulous boat for the full day for up to 16 people to visit the Saona Island. INCLUDING Crew (Capitan and Captain's Assistant) Fuel Ice cooler with ice Food is available for an extra price: Details of the Traditional Buffet lunch, $15 USD p\/p: -Green salad, Russian Salad -Bread -Moro de Guandule (Rice [...]","protected":false},"featured_media":12452,"template":"","meta":[],"product_cat":[871],"product_tag":[874,875,872,876,873],"class_list":["post-12450","product","type-product","status-publish","has-post-thumbnail","hentry","product_cat-rent-private-boat-saona-island","product_tag-saona-island-boat-rent","product_tag-saona-island-boat-rentals","product_tag-saona-island-boat-renting","product_tag-saona-island-private-boat","product_tag-saona-island-rentals"],"_links":{"self":[{"href":"https:\/\/www.boattoursamana.com\/nb\/wp-json\/wp\/v2\/product\/12450","targetHints":{"allow":["GET"]}}],"collection":[{"href":"https:\/\/www.boattoursamana.com\/nb\/wp-json\/wp\/v2\/product"}],"about":[{"href":"https:\/\/www.boattoursamana.com\/nb\/wp-json\/wp\/v2\/types\/product"}],"wp:featuredmedia":[{"embeddable":true,"href":"https:\/\/www.boattoursamana.com\/nb\/wp-json\/wp\/v2\/media\/12452"}],"wp:attachment":[{"href":"https:\/\/www.boattoursamana.com\/nb\/wp-json\/wp\/v2\/media?parent=12450"}],"wp:term":[{"taxonomy":"product_cat","embeddable":true,"href":"https:\/\/www.boattoursamana.com\/nb\/wp-json\/wp\/v2\/product_cat?post=12450"},{"taxonomy":"product_tag","embeddable":true,"href":"https:\/\/www.boattoursamana.com\/nb\/wp-json\/wp\/v2\/product_tag?post=12450"}],"curies":[{"name":"wp","href":"https:\/\/api.w.org\/{rel}","templated":true}]}}